{"id":2508,"date":"2021-10-04T03:42:00","date_gmt":"2021-10-04T03:42:00","guid":{"rendered":"https:\/\/maison-chance.org\/?page_id=2508"},"modified":"2022-06-04T14:33:01","modified_gmt":"2022-06-04T07:33:01","slug":"unterkuenfte","status":"publish","type":"page","link":"https:\/\/maison-chance.org\/de\/programme-und-aktivitaeten\/unterkuenfte","title":{"rendered":"Unterk\u00fcnfte"},"content":{"rendered":"\t<div id=\"gap-1242976562\" class=\"gap-element clearfix\" style=\"display:block; height:auto;\">\n\t\t\n<style>\n#gap-1242976562 {\n  padding-top: 30px;\n}\n<\/style>\n\t<\/div>\n\t\n\n\t<section class=\"section\" id=\"section_308760037\">\n\t\t<div class=\"section-bg fill\" >\n\t\t\t\t\t\t\t\t\t\n\t\t\t\n\n\t\t<\/div>\n\n\t\t\n\n\t\t<div class=\"section-content relative\">\n\t\t\t\n<div class=\"row row-large\"  id=\"row-948267115\">\n\n\t<div id=\"col-1000596519\" class=\"col medium-11 small-12 large-11\"  >\n\t\t\t\t<div class=\"col-inner\"  >\n\t\t\t\n\t\t\t\n\t<div id=\"text-1706993091\" class=\"text title-dau-trang\">\n\t\t\n<h5>KAMIN DER LIEBE<\/h5>\n\t\t\n<style>\n#text-1706993091 {\n  font-size: 2.5rem;\n  line-height: 1;\n  text-align: center;\n  color: rgb(35, 159, 219);\n}\n#text-1706993091 > * {\n  color: rgb(35, 159, 219);\n}\n@media (min-width:550px) {\n  #text-1706993091 {\n    font-size: 3.5rem;\n  }\n}\n@media (min-width:850px) {\n  #text-1706993091 {\n    font-size: 3rem;\n  }\n}\n<\/style>\n\t<\/div>\n\t\n\t\t<\/div>\n\t\t\t\t\n<style>\n#col-1000596519 > .col-inner {\n  padding: 0px 0px 0px 0;\n}\n@media (min-width:550px) {\n  #col-1000596519 > .col-inner {\n    padding: 0px 120px 0px 0px;\n  }\n}\n<\/style>\n\t<\/div>\n\n\t\n\n\t<div id=\"col-597286780\" class=\"col medium-11 small-12 large-11\"  >\n\t\t\t\t<div class=\"col-inner text-right\"  >\n\t\t\t\n\t\t\t\n\t<div id=\"text-3449749572\" class=\"text\">\n\t\t\n<p style=\"text-align: justify;\"><span style=\"font-family: arial,helvetica,sans-serif;\"><span style=\"font-size: 11pt;\">Der Shelter soll Stra\u00dfenkindern, Waisen und Menschen mit Behinderungen, die sich selber nicht versorgen k\u00f6nnen, ein Zuhause zu geben. Zur Zeit leben rund 40 Menschen im Shelter.<\/span><\/span><\/p>\n\t\t\n<style>\n#text-3449749572 {\n  font-size: 1.25rem;\n  text-align: left;\n}\n@media (min-width:550px) {\n  #text-3449749572 {\n    font-size: 1.5rem;\n  }\n}\n<\/style>\n\t<\/div>\n\t\n\t\t<\/div>\n\t\t\t\t\t<\/div>\n\n\t\n\n\t<div id=\"col-930247449\" class=\"col small-12 large-12\"  >\n\t\t\t\t<div class=\"col-inner\"  >\n\t\t\t\n\t\t\t\n\t<div class=\"box has-hover   has-hover box-text-bottom\" >\n\n\t\t<div class=\"box-image\" >\n\t\t\t\t\t\t<div class=\"image-cover\" style=\"padding-top:650px;\">\n\t\t\t\t<img loading=\"lazy\" decoding=\"async\" width=\"1000\" height=\"667\" src=\"https:\/\/maison-chance.org\/wp-content\/uploads\/2021\/11\/nha-o-menu.jpg\" class=\"attachment- size-\" alt=\"\" srcset=\"https:\/\/maison-chance.org\/wp-content\/uploads\/2021\/11\/nha-o-menu.jpg 1000w, https:\/\/maison-chance.org\/wp-content\/uploads\/2021\/11\/nha-o-menu-300x200.jpg 300w, https:\/\/maison-chance.org\/wp-content\/uploads\/2021\/11\/nha-o-menu-768x512.jpg 768w\" sizes=\"auto, (max-width: 1000px) 100vw, 1000px\" \/>\t\t\t\t\t\t\t\t\t\t\t<\/div>\n\t\t\t\t\t<\/div>\n\n\t\t<div class=\"box-text text-center\" >\n\t\t\t<div class=\"box-text-inner\">\n\t\t\t\t\n<div class=\"row\"  id=\"row-1573270534\">\n\n\t<div id=\"col-178857276\" class=\"col medium-11 small-12 large-8\"  >\n\t\t\t\t<div class=\"col-inner text-left\" style=\"background-color:rgba(35, 159, 219, 0.849);\" >\n\t\t\t\n\t\t\t\n\t<div id=\"text-835636384\" class=\"text title-dau-trang\">\n\t\t\n<h3>Shelter Maison Chance<\/h3>\n\t\t\n<style>\n#text-835636384 {\n  font-size: 2.25rem;\n  text-align: center;\n  color: rgb(255, 255, 255);\n}\n#text-835636384 > * {\n  color: rgb(255, 255, 255);\n}\n<\/style>\n\t<\/div>\n\t\n\t<div id=\"gap-142325073\" class=\"gap-element clearfix\" style=\"display:block; height:auto;\">\n\t\t\n<style>\n#gap-142325073 {\n  padding-top: 20px;\n}\n<\/style>\n\t<\/div>\n\t\n\t<div id=\"text-1652904630\" class=\"text\">\n\t\t\n<p style=\"text-align: justify;\"><span style=\"font-family: arial,helvetica,sans-serif;\"><span style=\"font-size: 11pt;\">F\u00fcr benachteiligte Menschen ist die Unterkunft solange kostenlos, bis sie finanziell unabh\u00e4ngig sind. Der Shelter bietet eine famili\u00e4re Atmosph\u00e4re, in der sich alle gegenseitig \u201eBruder und Schwester\u201c nennen. Das Zusammenleben unterschiedlicher Altersgruppen hat viele positive, sch\u00f6ne Seiten, denn Waisen und Stra\u00dfenkinder bekommen hier Geborgenheit. Sie erleben oftmals zum ersten Mal, was es hei\u00dft, eine Familie zu haben, auf die sie sich verlassen k\u00f6nnen. Die behinderten Erwachsenen wiederum f\u00fchlen sich durch die Anwesenheit der Kinder best\u00e4rkt, ihre t\u00e4glichen k\u00f6rperlichen \u00dcbungen zu machen. Die Kinder helfen ihnen au\u00dferdem bei kleineren Aufgaben im Alltag<\/span><\/span><\/p>\n\t\t\n<style>\n#text-1652904630 {\n  font-size: 1.25rem;\n  color: rgb(255, 255, 255);\n}\n#text-1652904630 > * {\n  color: rgb(255, 255, 255);\n}\n<\/style>\n\t<\/div>\n\t\n\t<div id=\"gap-1531780550\" class=\"gap-element clearfix\" style=\"display:block; height:auto;\">\n\t\t\n<style>\n#gap-1531780550 {\n  padding-top: 20px;\n}\n<\/style>\n\t<\/div>\n\t\n\t\t<\/div>\n\t\t\t\t\n<style>\n#col-178857276 > .col-inner {\n  padding: 25px 25px 0 25px;\n  margin: -146px 0px 0px 20px;\n  border-radius: 17px;\n}\n@media (min-width:550px) {\n  #col-178857276 > .col-inner {\n    padding: 45px 45px 95px 45px;\n  }\n}\n<\/style>\n\t<\/div>\n\n\t\n<\/div>\n\t\t\t<\/div>\n\t\t<\/div>\n\t<\/div>\n\t\n\t\t<\/div>\n\t\t\t\t\n<style>\n#col-930247449 > .col-inner {\n  border-radius: 100px;\n}\n<\/style>\n\t<\/div>\n\n\t\n<\/div>\n\t\t<\/div>\n\n\t\t\n<style>\n#section_308760037 {\n  padding-top: 60px;\n  padding-bottom: 60px;\n}\n<\/style>\n\t<\/section>\n\t\n\n\t<section class=\"section\" id=\"section_486214790\">\n\t\t<div class=\"section-bg fill\" >\n\t\t\t\t\t\t\t\t\t\n\t\t\t\n\n\t\t<\/div>\n\n\t\t\n\n\t\t<div class=\"section-content relative\">\n\t\t\t\n<div class=\"row align-right\"  id=\"row-1911958050\">\n\n\t<div id=\"col-1661098253\" class=\"col medium-12 small-12 large-6\"  data-animate=\"fadeInRight\">\n\t\t\t\t<div class=\"col-inner\"  >\n\t\t\t\n\t\t\t\n\t<div id=\"text-1844001074\" class=\"text title-dau-trang\">\n\t\t\n<h3>Village Chance<\/h3>\n\t\t\n<style>\n#text-1844001074 {\n  font-size: 2rem;\n  line-height: 1.25;\n  text-align: left;\n  color: rgb(35, 159, 219);\n}\n#text-1844001074 > * {\n  color: rgb(35, 159, 219);\n}\n@media (min-width:850px) {\n  #text-1844001074 {\n    font-size: 2rem;\n  }\n}\n<\/style>\n\t<\/div>\n\t\n\t\t<\/div>\n\t\t\t\t\n<style>\n#col-1661098253 > .col-inner {\n  padding: 0px 0px 0px 0;\n}\n@media (min-width:550px) {\n  #col-1661098253 > .col-inner {\n    padding: 0px 45px 0px 45px;\n  }\n}\n<\/style>\n\t<\/div>\n\n\t\n\n\t<div id=\"col-2018419997\" class=\"col small-12 large-12\"  >\n\t\t\t\t<div class=\"col-inner text-right\" style=\"background-color:rgba(35, 159, 219, 0.849);\" >\n\t\t\t\n\t\t\t\n<div class=\"row row-collapse\" style=\"max-width:1300px\" id=\"row-487970673\">\n\n\t<div id=\"col-1714419881\" class=\"col medium-12 small-12 large-6\"  >\n\t\t\t\t<div class=\"col-inner\"  >\n\t\t\t\n\t\t\t\n\n  <div class=\"banner has-hover\" id=\"banner-1804258474\">\n          <div class=\"banner-inner fill\">\n        <div class=\"banner-bg fill\" >\n            <img loading=\"lazy\" decoding=\"async\" width=\"450\" height=\"800\" src=\"https:\/\/maison-chance.org\/wp-content\/uploads\/2021\/09\/nha-o-03.jpg\" class=\"bg attachment-original size-original\" alt=\"\" \/>                                    \n                    <\/div>\n\t\t\n        <div class=\"banner-layers container\">\n            <div class=\"fill banner-link\"><\/div>            \n        <\/div>\n      <\/div>\n\n            \n<style>\n#banner-1804258474 {\n  padding-top: 350px;\n  background-color: rgb(255, 255, 255);\n}\n#banner-1804258474 .banner-bg img {\n  object-position: 35% 40%;\n}\n@media (min-width:550px) {\n  #banner-1804258474 {\n    padding-top: 500px;\n  }\n}\n@media (min-width:850px) {\n  #banner-1804258474 {\n    padding-top: 600px;\n  }\n}\n<\/style>\n  <\/div>\n\n\n\t\t<\/div>\n\t\t\t\t\n<style>\n#col-1714419881 > .col-inner {\n  padding: 30px 0px 0px 0px;\n  margin: 0px 0px 0px 0px;\n}\n@media (min-width:550px) {\n  #col-1714419881 > .col-inner {\n    margin: 45px 0px 0px 0px;\n  }\n}\n@media (min-width:850px) {\n  #col-1714419881 > .col-inner {\n    margin: -380px 0px 30px 0px;\n  }\n}\n<\/style>\n\t<\/div>\n\n\t\n\n\t<div id=\"col-1858635498\" class=\"col medium-12 small-12 large-6\"  >\n\t\t\t\t<div class=\"col-inner dark\"  >\n\t\t\t\n\t\t\t\n<p style=\"text-align: justify;\"><span style=\"font-family: arial,helvetica,sans-serif;\"><span style=\"font-size: 11pt;\">Eine andere Form der Unterbringung ist das Village Chance, das 2011 gebaut wurde, und Rollstuhlfahrern die M\u00f6glichkeit gibt, mit ihren Familien in einer speziell adaptierten, rollstuhlgerechten Wohnanlage mit Rampen und abgesenkten Arbeitsbereichen zu leben. Diese Unterkunft unterscheidet sich vom Shelter insofern, als die Bewohner hier eine geringe Miete zahlen. So sollen ihre Autonomie und F\u00e4higkeit erh\u00f6ht werden, ihren Lebensunterhalt selbst zu verdienen. Village Chance bietet Platz f\u00fcr bis zu 30 Familien.<\/span><\/span><\/p>\n<p style=\"text-align: justify;\"><span style=\"font-family: arial,helvetica,sans-serif;\"><span style=\"font-size: 11pt;\">Das Dorf ist ein Komplex, der Gemeinschafts- und Privatleben zusammenbringt. Jede\/r Beg\u00fcnstigte hat ihr\/sein eigenes Apartment. Aber wie \u00fcberall in Vietnam stehen die T\u00fcren der Wohnungen tags\u00fcber offen, so dass Nachbarn sich gegenseitig besuchen k\u00f6nnen. Inmitten der Anlage befindet sich ein Innenhof, der gerne f\u00fcr Feste und Karaoke-Parties genutzt wird, ein Kinderspielplatz und Pool f\u00fcr Rehabilitations\u00fcbungen und Entspannung. <\/span><\/span><\/p>\n\t\t<\/div>\n\t\t\t\t\n<style>\n#col-1858635498 > .col-inner {\n  padding: 40px 0px 30px 0px;\n}\n@media (min-width:550px) {\n  #col-1858635498 > .col-inner {\n    padding: 85px 45px 20px 45px;\n  }\n}\n@media (min-width:850px) {\n  #col-1858635498 > .col-inner {\n    padding: 85px 45px 0px 45px;\n  }\n}\n<\/style>\n\t<\/div>\n\n\t\n<\/div>\n\t\t<\/div>\n\t\t\t\t\n<style>\n#col-2018419997 > .col-inner {\n  padding: 20px 45px 20px 45px;\n  border-radius: 30px;\n}\n<\/style>\n\t<\/div>\n\n\t\n<\/div>\n\t\t<\/div>\n\n\t\t\n<style>\n#section_486214790 {\n  padding-top: 0px;\n  padding-bottom: 0px;\n}\n<\/style>\n\t<\/section>\n\t\n","protected":false},"excerpt":{"rendered":"","protected":false},"author":1,"featured_media":1801,"parent":3378,"menu_order":0,"comment_status":"closed","ping_status":"closed","template":"","meta":{"give_campaign_id":0,"footnotes":""},"class_list":["post-2508","page","type-page","status-publish","has-post-thumbnail","hentry"],"yoast_head":"<!-- This site is optimized with the Yoast SEO plugin v27.2 - https:\/\/yoast.com\/product\/yoast-seo-wordpress\/ -->\n<title>Unterk\u00fcnfte | Verein Maison Chance<\/title>\n<meta name=\"description\" content=\"\u00fcr benachteiligte Menschen ist die Unterkunft solange kostenlos bis sie finanziell unabh\u00e4ngig sind. Der Shelter bietet eine famili\u00e4re...\" \/>\n<meta name=\"robots\" content=\"index, follow, max-snippet:-1, max-image-preview:large, max-video-preview:-1\" \/>\n<link rel=\"canonical\" href=\"https:\/\/maison-chance.org\/de\/programme-und-aktivitaeten\/unterkuenfte\" \/>\n<meta property=\"og:locale\" content=\"de_DE\" \/>\n<meta property=\"og:type\" content=\"article\" \/>\n<meta property=\"og:title\" content=\"Unterkunft | Verein Maison Chance\" \/>\n<meta property=\"og:description\" content=\"\u00fcr benachteiligte Menschen ist die Unterkunft solange kostenlos bis sie finanziell unabh\u00e4ngig sind. Der Shelter bietet eine famili\u00e4re...\" \/>\n<meta property=\"og:url\" content=\"https:\/\/maison-chance.org\/de\/programme-und-aktivitaeten\/unterkuenfte\" \/>\n<meta property=\"og:site_name\" content=\"Maison Chance Association\" \/>\n<meta property=\"article:publisher\" content=\"https:\/\/www.facebook.com\/MaisonChance\" \/>\n<meta property=\"article:modified_time\" content=\"2022-06-04T07:33:01+00:00\" \/>\n<meta name=\"twitter:card\" content=\"summary_large_image\" \/>\n<meta name=\"twitter:title\" content=\"Unterkunft | Verein Maison Chance\" \/>\n<meta name=\"twitter:description\" content=\"\u00fcr benachteiligte Menschen ist die Unterkunft solange kostenlos bis sie finanziell unabh\u00e4ngig sind. Der Shelter bietet eine famili\u00e4re...\" \/>\n<meta name=\"twitter:site\" content=\"@MaisonChanceVN\" \/>\n<meta name=\"twitter:label1\" content=\"Gesch\u00e4tzte Lesezeit\" \/>\n\t<meta name=\"twitter:data1\" content=\"3\u00a0Minuten\" \/>\n<script type=\"application\/ld+json\" class=\"yoast-schema-graph\">{\"@context\":\"https:\/\/schema.org\",\"@graph\":[{\"@type\":\"WebPage\",\"@id\":\"https:\/\/maison-chance.org\/de\/programme-und-aktivitaeten\/unterkuenfte\",\"url\":\"https:\/\/maison-chance.org\/de\/programme-und-aktivitaeten\/unterkuenfte\",\"name\":\"Unterk\u00fcnfte | Verein Maison Chance\",\"isPartOf\":{\"@id\":\"https:\/\/maison-chance.org\/de#website\"},\"primaryImageOfPage\":{\"@id\":\"https:\/\/maison-chance.org\/de\/programme-und-aktivitaeten\/unterkuenfte#primaryimage\"},\"image\":{\"@id\":\"https:\/\/maison-chance.org\/de\/programme-und-aktivitaeten\/unterkuenfte#primaryimage\"},\"thumbnailUrl\":\"\",\"datePublished\":\"2021-10-04T03:42:00+00:00\",\"dateModified\":\"2022-06-04T07:33:01+00:00\",\"description\":\"\u00fcr benachteiligte Menschen ist die Unterkunft solange kostenlos bis sie finanziell unabh\u00e4ngig sind. Der Shelter bietet eine famili\u00e4re...\",\"breadcrumb\":{\"@id\":\"https:\/\/maison-chance.org\/de\/programme-und-aktivitaeten\/unterkuenfte#breadcrumb\"},\"inLanguage\":\"de\",\"potentialAction\":[{\"@type\":\"ReadAction\",\"target\":[\"https:\/\/maison-chance.org\/de\/programme-und-aktivitaeten\/unterkuenfte\"]}]},{\"@type\":\"ImageObject\",\"inLanguage\":\"de\",\"@id\":\"https:\/\/maison-chance.org\/de\/programme-und-aktivitaeten\/unterkuenfte#primaryimage\",\"url\":\"\",\"contentUrl\":\"\"},{\"@type\":\"BreadcrumbList\",\"@id\":\"https:\/\/maison-chance.org\/de\/programme-und-aktivitaeten\/unterkuenfte#breadcrumb\",\"itemListElement\":[{\"@type\":\"ListItem\",\"position\":1,\"name\":\"Programme und Aktivit\u00e4ten\",\"item\":\"https:\/\/maison-chance.org\/de\/programme-und-aktivitaeten\"},{\"@type\":\"ListItem\",\"position\":2,\"name\":\"Unterk\u00fcnfte\"}]},{\"@type\":\"WebSite\",\"@id\":\"https:\/\/maison-chance.org\/de#website\",\"url\":\"https:\/\/maison-chance.org\/de\",\"name\":\"https:\/\/maison-chance.org\/\",\"description\":\"Eine Zukunft f\u00fcr die weniger Gl\u00fccklichen in Vietnam!\",\"publisher\":{\"@id\":\"https:\/\/maison-chance.org\/de#organization\"},\"potentialAction\":[{\"@type\":\"SearchAction\",\"target\":{\"@type\":\"EntryPoint\",\"urlTemplate\":\"https:\/\/maison-chance.org\/de?s={search_term_string}\"},\"query-input\":{\"@type\":\"PropertyValueSpecification\",\"valueRequired\":true,\"valueName\":\"search_term_string\"}}],\"inLanguage\":\"de\"},{\"@type\":\"Organization\",\"@id\":\"https:\/\/maison-chance.org\/de#organization\",\"name\":\"https:\/\/maison-chance.org\/\",\"url\":\"https:\/\/maison-chance.org\/de\",\"logo\":{\"@type\":\"ImageObject\",\"inLanguage\":\"de\",\"@id\":\"https:\/\/maison-chance.org\/de#\/schema\/logo\/image\/\",\"url\":\"https:\/\/maison-chance.org\/wp-content\/uploads\/2021\/09\/Featued-Logo-MC-1.jpg\",\"contentUrl\":\"https:\/\/maison-chance.org\/wp-content\/uploads\/2021\/09\/Featued-Logo-MC-1.jpg\",\"width\":500,\"height\":313,\"caption\":\"https:\/\/maison-chance.org\/\"},\"image\":{\"@id\":\"https:\/\/maison-chance.org\/de#\/schema\/logo\/image\/\"},\"sameAs\":[\"https:\/\/www.facebook.com\/MaisonChance\",\"https:\/\/x.com\/MaisonChanceVN\",\"https:\/\/www.instagram.com\/maisonchance\/\",\"https:\/\/www.youtube.com\/c\/MaisonChanceVideo\"]}]}<\/script>\n<!-- \/ Yoast SEO plugin. -->","yoast_head_json":{"title":"Unterk\u00fcnfte | Verein Maison Chance","description":"\u00fcr benachteiligte Menschen ist die Unterkunft solange kostenlos bis sie finanziell unabh\u00e4ngig sind. Der Shelter bietet eine famili\u00e4re...","robots":{"index":"index","follow":"follow","max-snippet":"max-snippet:-1","max-image-preview":"max-image-preview:large","max-video-preview":"max-video-preview:-1"},"canonical":"https:\/\/maison-chance.org\/de\/programme-und-aktivitaeten\/unterkuenfte","og_locale":"de_DE","og_type":"article","og_title":"Unterkunft | Verein Maison Chance","og_description":"\u00fcr benachteiligte Menschen ist die Unterkunft solange kostenlos bis sie finanziell unabh\u00e4ngig sind. Der Shelter bietet eine famili\u00e4re...","og_url":"https:\/\/maison-chance.org\/de\/programme-und-aktivitaeten\/unterkuenfte","og_site_name":"Maison Chance Association","article_publisher":"https:\/\/www.facebook.com\/MaisonChance","article_modified_time":"2022-06-04T07:33:01+00:00","twitter_card":"summary_large_image","twitter_title":"Unterkunft | Verein Maison Chance","twitter_description":"\u00fcr benachteiligte Menschen ist die Unterkunft solange kostenlos bis sie finanziell unabh\u00e4ngig sind. Der Shelter bietet eine famili\u00e4re...","twitter_site":"@MaisonChanceVN","twitter_misc":{"Gesch\u00e4tzte Lesezeit":"3\u00a0Minuten"},"schema":{"@context":"https:\/\/schema.org","@graph":[{"@type":"WebPage","@id":"https:\/\/maison-chance.org\/de\/programme-und-aktivitaeten\/unterkuenfte","url":"https:\/\/maison-chance.org\/de\/programme-und-aktivitaeten\/unterkuenfte","name":"Unterk\u00fcnfte | Verein Maison Chance","isPartOf":{"@id":"https:\/\/maison-chance.org\/de#website"},"primaryImageOfPage":{"@id":"https:\/\/maison-chance.org\/de\/programme-und-aktivitaeten\/unterkuenfte#primaryimage"},"image":{"@id":"https:\/\/maison-chance.org\/de\/programme-und-aktivitaeten\/unterkuenfte#primaryimage"},"thumbnailUrl":"","datePublished":"2021-10-04T03:42:00+00:00","dateModified":"2022-06-04T07:33:01+00:00","description":"\u00fcr benachteiligte Menschen ist die Unterkunft solange kostenlos bis sie finanziell unabh\u00e4ngig sind. Der Shelter bietet eine famili\u00e4re...","breadcrumb":{"@id":"https:\/\/maison-chance.org\/de\/programme-und-aktivitaeten\/unterkuenfte#breadcrumb"},"inLanguage":"de","potentialAction":[{"@type":"ReadAction","target":["https:\/\/maison-chance.org\/de\/programme-und-aktivitaeten\/unterkuenfte"]}]},{"@type":"ImageObject","inLanguage":"de","@id":"https:\/\/maison-chance.org\/de\/programme-und-aktivitaeten\/unterkuenfte#primaryimage","url":"","contentUrl":""},{"@type":"BreadcrumbList","@id":"https:\/\/maison-chance.org\/de\/programme-und-aktivitaeten\/unterkuenfte#breadcrumb","itemListElement":[{"@type":"ListItem","position":1,"name":"Programme und Aktivit\u00e4ten","item":"https:\/\/maison-chance.org\/de\/programme-und-aktivitaeten"},{"@type":"ListItem","position":2,"name":"Unterk\u00fcnfte"}]},{"@type":"WebSite","@id":"https:\/\/maison-chance.org\/de#website","url":"https:\/\/maison-chance.org\/de","name":"https:\/\/maison-chance.org\/","description":"Eine Zukunft f\u00fcr die weniger Gl\u00fccklichen in Vietnam!","publisher":{"@id":"https:\/\/maison-chance.org\/de#organization"},"potentialAction":[{"@type":"SearchAction","target":{"@type":"EntryPoint","urlTemplate":"https:\/\/maison-chance.org\/de?s={search_term_string}"},"query-input":{"@type":"PropertyValueSpecification","valueRequired":true,"valueName":"search_term_string"}}],"inLanguage":"de"},{"@type":"Organization","@id":"https:\/\/maison-chance.org\/de#organization","name":"https:\/\/maison-chance.org\/","url":"https:\/\/maison-chance.org\/de","logo":{"@type":"ImageObject","inLanguage":"de","@id":"https:\/\/maison-chance.org\/de#\/schema\/logo\/image\/","url":"https:\/\/maison-chance.org\/wp-content\/uploads\/2021\/09\/Featued-Logo-MC-1.jpg","contentUrl":"https:\/\/maison-chance.org\/wp-content\/uploads\/2021\/09\/Featued-Logo-MC-1.jpg","width":500,"height":313,"caption":"https:\/\/maison-chance.org\/"},"image":{"@id":"https:\/\/maison-chance.org\/de#\/schema\/logo\/image\/"},"sameAs":["https:\/\/www.facebook.com\/MaisonChance","https:\/\/x.com\/MaisonChanceVN","https:\/\/www.instagram.com\/maisonchance\/","https:\/\/www.youtube.com\/c\/MaisonChanceVideo"]}]}},"campaignId":"","_links":{"self":[{"href":"https:\/\/maison-chance.org\/de\/wp-json\/wp\/v2\/pages\/2508","targetHints":{"allow":["GET"]}}],"collection":[{"href":"https:\/\/maison-chance.org\/de\/wp-json\/wp\/v2\/pages"}],"about":[{"href":"https:\/\/maison-chance.org\/de\/wp-json\/wp\/v2\/types\/page"}],"author":[{"embeddable":true,"href":"https:\/\/maison-chance.org\/de\/wp-json\/wp\/v2\/users\/1"}],"replies":[{"embeddable":true,"href":"https:\/\/maison-chance.org\/de\/wp-json\/wp\/v2\/comments?post=2508"}],"version-history":[{"count":10,"href":"https:\/\/maison-chance.org\/de\/wp-json\/wp\/v2\/pages\/2508\/revisions"}],"predecessor-version":[{"id":38971,"href":"https:\/\/maison-chance.org\/de\/wp-json\/wp\/v2\/pages\/2508\/revisions\/38971"}],"up":[{"embeddable":true,"href":"https:\/\/maison-chance.org\/de\/wp-json\/wp\/v2\/pages\/3378"}],"wp:featuredmedia":[{"embeddable":true,"href":"https:\/\/maison-chance.org\/de\/wp-json\/"}],"wp:attachment":[{"href":"https:\/\/maison-chance.org\/de\/wp-json\/wp\/v2\/media?parent=2508"}],"curies":[{"name":"wp","href":"https:\/\/api.w.org\/{rel}","templated":true}]}}