{"id":2540,"date":"2021-10-04T07:29:40","date_gmt":"2021-10-04T07:29:40","guid":{"rendered":"https:\/\/maison-chance.org\/?page_id=2540"},"modified":"2025-11-20T14:44:07","modified_gmt":"2025-11-20T07:44:07","slug":"gesundheit","status":"publish","type":"page","link":"https:\/\/maison-chance.org\/de\/programme-und-aktivitaeten\/gesundheit","title":{"rendered":"Gesundheit"},"content":{"rendered":"<div class=\"slider-wrapper relative\" id=\"slider-1270167122\" >\n    <div class=\"slider slider-nav-circle slider-nav-large slider-nav-light slider-style-normal\"\n        data-flickity-options='{\n            \"cellAlign\": \"center\",\n            \"imagesLoaded\": true,\n            \"lazyLoad\": 1,\n            \"freeScroll\": false,\n            \"wrapAround\": true,\n            \"autoPlay\": 6000,\n            \"pauseAutoPlayOnHover\" : true,\n            \"prevNextButtons\": true,\n            \"contain\" : true,\n            \"adaptiveHeight\" : true,\n            \"dragThreshold\" : 10,\n            \"percentPosition\": true,\n            \"pageDots\": true,\n            \"rightToLeft\": false,\n            \"draggable\": true,\n            \"selectedAttraction\": 0.1,\n            \"parallax\" : 0,\n            \"friction\": 0.6        }'\n        >\n        \n\t<div class=\"img has-hover x md-x lg-x y md-y lg-y\" id=\"image_1627030029\">\n\t\t\t\t\t\t\t\t<div class=\"img-inner image-cover dark\" style=\"padding-top:450px;\">\n\t\t\t<img loading=\"lazy\" decoding=\"async\" width=\"1000\" height=\"667\" src=\"https:\/\/maison-chance.org\/wp-content\/uploads\/2021\/10\/slide-suc-khoe-01.jpg\" class=\"attachment-original size-original\" alt=\"\" srcset=\"https:\/\/maison-chance.org\/wp-content\/uploads\/2021\/10\/slide-suc-khoe-01.jpg 1000w, https:\/\/maison-chance.org\/wp-content\/uploads\/2021\/10\/slide-suc-khoe-01-300x200.jpg 300w, https:\/\/maison-chance.org\/wp-content\/uploads\/2021\/10\/slide-suc-khoe-01-768x512.jpg 768w, https:\/\/maison-chance.org\/wp-content\/uploads\/2021\/10\/slide-suc-khoe-01-450x300.jpg 450w\" sizes=\"auto, (max-width: 1000px) 100vw, 1000px\" \/>\t\t\t\t\t\t\n\t\t\t\t\t<\/div>\n\t\t\t\t\t\t\t\t\n<style>\n#image_1627030029 {\n  width: 100%;\n}\n<\/style>\n\t<\/div>\n\t\n\t<div class=\"img has-hover x md-x lg-x y md-y lg-y\" id=\"image_1043363231\">\n\t\t\t\t\t\t\t\t<div class=\"img-inner image-cover dark\" style=\"padding-top:450px;\">\n\t\t\t<img loading=\"lazy\" decoding=\"async\" width=\"1000\" height=\"667\" src=\"https:\/\/maison-chance.org\/wp-content\/uploads\/2021\/10\/slide-suc-khoe-02.jpg\" class=\"attachment-original size-original\" alt=\"\" srcset=\"https:\/\/maison-chance.org\/wp-content\/uploads\/2021\/10\/slide-suc-khoe-02.jpg 1000w, https:\/\/maison-chance.org\/wp-content\/uploads\/2021\/10\/slide-suc-khoe-02-300x200.jpg 300w, https:\/\/maison-chance.org\/wp-content\/uploads\/2021\/10\/slide-suc-khoe-02-768x512.jpg 768w, https:\/\/maison-chance.org\/wp-content\/uploads\/2021\/10\/slide-suc-khoe-02-450x300.jpg 450w\" sizes=\"auto, (max-width: 1000px) 100vw, 1000px\" \/>\t\t\t\t\t\t\n\t\t\t\t\t<\/div>\n\t\t\t\t\t\t\t\t\n<style>\n#image_1043363231 {\n  width: 100%;\n}\n<\/style>\n\t<\/div>\n\t\n\t<div class=\"img has-hover x md-x lg-x y md-y lg-y\" id=\"image_156666453\">\n\t\t\t\t\t\t\t\t<div class=\"img-inner image-cover dark\" style=\"padding-top:450px;\">\n\t\t\t<img loading=\"lazy\" decoding=\"async\" width=\"800\" height=\"533\" src=\"https:\/\/maison-chance.org\/wp-content\/uploads\/2021\/09\/nha-khoa.jpg\" class=\"attachment-original size-original\" alt=\"\" srcset=\"https:\/\/maison-chance.org\/wp-content\/uploads\/2021\/09\/nha-khoa.jpg 800w, https:\/\/maison-chance.org\/wp-content\/uploads\/2021\/09\/nha-khoa-300x200.jpg 300w, https:\/\/maison-chance.org\/wp-content\/uploads\/2021\/09\/nha-khoa-768x512.jpg 768w, https:\/\/maison-chance.org\/wp-content\/uploads\/2021\/09\/nha-khoa-450x300.jpg 450w\" sizes=\"auto, (max-width: 800px) 100vw, 800px\" \/>\t\t\t\t\t\t\n\t\t\t\t\t<\/div>\n\t\t\t\t\t\t\t\t\n<style>\n#image_156666453 {\n  width: 100%;\n}\n<\/style>\n\t<\/div>\n\t\n     <\/div>\n\n     <div class=\"loading-spin dark large centered\"><\/div>\n\n\t<\/div>\n\n\n\t<div id=\"gap-682694674\" class=\"gap-element clearfix\" style=\"display:block; height:auto;\">\n\t\t\n<style>\n#gap-682694674 {\n  padding-top: 20px;\n}\n<\/style>\n\t<\/div>\n\t\n  <div class=\"banner-grid-wrapper\">\n  <div id=\"banner-grid-2073428137\" class=\"banner-grid row row-grid row-small\" data-packery-options=\"\">\n                      \n<div class=\"col grid-col large-12 grid-col-3-4\" ><div class=\"col-inner\">\n\n  <div class=\"banner has-hover\" id=\"banner-829210387\">\n          <div class=\"banner-inner fill\">\n        <div class=\"banner-bg fill\" >\n                                                \n                    <\/div>\n\t\t\n        <div class=\"banner-layers container\">\n            <div class=\"fill banner-link\"><\/div>            \n   <div id=\"text-box-1645803599\" class=\"text-box banner-layer x50 md-x50 lg-x50 y50 md-y50 lg-y50 res-text\">\n                                <div class=\"text-box-content text dark\">\n              \n              <div class=\"text-inner text-center\">\n                  \n<p style=\"text-align: justify;\" data-start=\"105\" data-end=\"276\"><span style=\"font-size: 11pt; font-family: arial, helvetica, sans-serif;\">Bei Maison Chance bedeutet medizinische Versorgung weit mehr als Behandlung \u2014 sie schenkt Hoffnung und begleitet Menschen geduldig auf ihrem Weg zu mehr Selbstst\u00e4ndigkeit.<\/span><\/p>\n<p style=\"text-align: justify;\" data-start=\"278\" data-end=\"690\"><span style=\"font-size: 11pt; font-family: arial, helvetica, sans-serif;\">Viele unserer Mitglieder haben schwere Schicksalsschl\u00e4ge erlebt: Einige wurden mit Behinderungen geboren, andere wurden durch pl\u00f6tzlich eintretende Unf\u00e4lle dauerhaft eingeschr\u00e4nkt. Die Folgen \u2014 unbewegliche Gliedma\u00dfen, Gef\u00fchlsverlust, Muskelschw\u00e4che \u2014 lassen ihren Alltag oft stillstehen. F\u00fcr sie ist eine kontinuierliche, einf\u00fchlsame medizinische Betreuung die Grundlage, um neue Kraft und Hoffnung zu sch\u00f6pfen.<\/span><\/p>\n<p style=\"text-align: justify;\" data-start=\"692\" data-end=\"1040\"><span style=\"font-size: 11pt; font-family: arial, helvetica, sans-serif;\">T\u00e4glich nehmen sie an Physiotherapie teil, die Beweglichkeit f\u00f6rdert, Komplikationen reduziert und ihre Lebensqualit\u00e4t verbessert. Besonders wertvoll ist unser Hydrotherapiebecken \u2014 eine Seltenheit in Vietnam. Zweimal w\u00f6chentlich k\u00f6nnen die Mitglieder im Wasser leichter und freier \u00fcben und Bewegungen zur\u00fcckgewinnen, die an Land kaum m\u00f6glich sind. <\/span><span style=\"font-size: 11pt; font-family: arial, helvetica, sans-serif;\">Im Zentrum in Lam Dong erfolgt die Rehabilitation im Einklang mit der Natur: Die Pflege von Tieren und Gartenarbeit st\u00e4rken Verantwortungsgef\u00fchl, Konzentration und eine positive Einstellung.<\/span><\/p>\n<p style=\"text-align: justify;\" data-start=\"1234\" data-end=\"1530\"><span style=\"font-size: 11pt; font-family: arial, helvetica, sans-serif;\">Diese Erfahrungen f\u00f6rdern nicht nur die k\u00f6rperliche Genesung, sondern geben Mut, Verbundenheit und das Gef\u00fchl, nicht allein zu sein. Schritt f\u00fcr Schritt finden die Menschen bei Maison Chance neue Perspektiven \u2014 und ein Zuhause voller Hoffnung, Mitgef\u00fchl und echter Chancen f\u00fcr ein besseres Leben.<\/span><\/p>\n              <\/div>\n           <\/div>\n                            \n<style>\n#text-box-1645803599 {\n  width: 97%;\n}\n#text-box-1645803599 .text-box-content {\n  font-size: 100%;\n}\n<\/style>\n    <\/div>\n \n        <\/div>\n      <\/div>\n\n            \n<style>\n#banner-829210387 {\n  padding-top: 200px;\n}\n<\/style>\n  <\/div>\n\n\n<\/div><\/div>\n<div class=\"col grid-col large-4 grid-col-1-3\" ><div class=\"col-inner\">\n\n  <div class=\"banner has-hover\" id=\"banner-516010757\">\n          <div class=\"banner-inner fill\">\n        <div class=\"banner-bg fill\" >\n            <img loading=\"lazy\" decoding=\"async\" width=\"800\" height=\"533\" src=\"https:\/\/maison-chance.org\/wp-content\/uploads\/2021\/09\/nha-khoa.jpg\" class=\"bg attachment-large size-large\" alt=\"\" \/>                                    \n                    <\/div>\n\t\t\n        <div class=\"banner-layers container\">\n            <div class=\"fill banner-link\"><\/div>            \n   <div id=\"text-box-499596025\" class=\"text-box banner-layer x50 md-x50 lg-x50 y50 md-y50 lg-y50 res-text\">\n                                <div class=\"text-box-content text dark\">\n              \n              <div class=\"text-inner text-center\">\n                  \n              <\/div>\n           <\/div>\n                            \n<style>\n#text-box-499596025 {\n  width: 60%;\n}\n#text-box-499596025 .text-box-content {\n  font-size: 100%;\n}\n<\/style>\n    <\/div>\n \n        <\/div>\n      <\/div>\n\n            \n<style>\n#banner-516010757 {\n  padding-top: 500px;\n}\n<\/style>\n  <\/div>\n\n\n<\/div><\/div>\n<div class=\"col grid-col large-4 grid-col-1-3\" ><div class=\"col-inner\">\n\n  <div class=\"banner has-hover\" id=\"banner-207133123\">\n          <div class=\"banner-inner fill\">\n        <div class=\"banner-bg fill\" >\n            <img loading=\"lazy\" decoding=\"async\" width=\"800\" height=\"450\" src=\"https:\/\/maison-chance.org\/wp-content\/uploads\/2021\/09\/vltl.jpg\" class=\"bg attachment-large size-large\" alt=\"\" \/>                                    \n                    <\/div>\n\t\t\n        <div class=\"banner-layers container\">\n            <div class=\"fill banner-link\"><\/div>            \n   <div id=\"text-box-1383568092\" class=\"text-box banner-layer x50 md-x50 lg-x50 y50 md-y50 lg-y50 res-text\">\n                                <div class=\"text-box-content text dark\">\n              \n              <div class=\"text-inner text-center\">\n                  \n              <\/div>\n           <\/div>\n                            \n<style>\n#text-box-1383568092 {\n  width: 60%;\n}\n#text-box-1383568092 .text-box-content {\n  font-size: 100%;\n}\n<\/style>\n    <\/div>\n \n        <\/div>\n      <\/div>\n\n            \n<style>\n#banner-207133123 {\n  padding-top: 500px;\n}\n<\/style>\n  <\/div>\n\n\n<\/div><\/div>\n<div class=\"col grid-col large-4 grid-col-1-3\" ><div class=\"col-inner\">\n\n  <div class=\"banner has-hover\" id=\"banner-1208367204\">\n          <div class=\"banner-inner fill\">\n        <div class=\"banner-bg fill\" >\n            <img loading=\"lazy\" decoding=\"async\" width=\"800\" height=\"450\" src=\"https:\/\/maison-chance.org\/wp-content\/uploads\/2021\/09\/ttl.jpg\" class=\"bg attachment-large size-large\" alt=\"\" \/>                                    \n                    <\/div>\n\t\t\n        <div class=\"banner-layers container\">\n            <div class=\"fill banner-link\"><\/div>            \n   <div id=\"text-box-865661281\" class=\"text-box banner-layer x50 md-x50 lg-x50 y50 md-y50 lg-y50 res-text\">\n                                <div class=\"text-box-content text dark\">\n              \n              <div class=\"text-inner text-center\">\n                  \n              <\/div>\n           <\/div>\n                            \n<style>\n#text-box-865661281 {\n  width: 60%;\n}\n#text-box-865661281 .text-box-content {\n  font-size: 100%;\n}\n<\/style>\n    <\/div>\n \n        <\/div>\n      <\/div>\n\n            \n<style>\n#banner-1208367204 {\n  padding-top: 500px;\n}\n<\/style>\n  <\/div>\n\n\n<\/div><\/div>\n            <\/div>\n    <style>\n    #banner-grid-2073428137 .grid-col-1{height: 600px}\n    #banner-grid-2073428137 .grid-col-1-2{height: 300px}\n    #banner-grid-2073428137 .grid-col-1-3{height:200px}\n    #banner-grid-2073428137 .grid-col-2-3{height: 400px}\n    #banner-grid-2073428137 .grid-col-1-4{height: 150px}\n    #banner-grid-2073428137 .grid-col-3-4{height: 450px}\n\n\n    \n    \n\n  <\/style>\n    <\/div>\n  \n","protected":false},"excerpt":{"rendered":"","protected":false},"author":1,"featured_media":1781,"parent":3378,"menu_order":0,"comment_status":"closed","ping_status":"closed","template":"","meta":{"give_campaign_id":0,"footnotes":""},"class_list":["post-2540","page","type-page","status-publish","has-post-thumbnail","hentry"],"yoast_head":"<!-- This site is optimized with the Yoast SEO plugin v27.5 - https:\/\/yoast.com\/product\/yoast-seo-wordpress\/ -->\n<title>Gesundheit | Association Maison Chance<\/title>\n<meta name=\"description\" content=\"Oftmals kamen die Beg\u00fcnstigten bei Maison Chance schwer verletzt oder krank an. Die meisten ihrer Behinderungen sind die Folge von Unf\u00e4llen..\" \/>\n<meta name=\"robots\" content=\"index, follow, max-snippet:-1, max-image-preview:large, max-video-preview:-1\" \/>\n<link rel=\"canonical\" href=\"https:\/\/maison-chance.org\/de\/programme-und-aktivitaeten\/gesundheit\" \/>\n<meta property=\"og:locale\" content=\"de_DE\" \/>\n<meta property=\"og:type\" content=\"article\" \/>\n<meta property=\"og:title\" content=\"Gesundheit | Association Maison Chance\" \/>\n<meta property=\"og:description\" content=\"Oftmals kamen die Beg\u00fcnstigten bei Maison Chance schwer verletzt oder krank an. Die meisten ihrer Behinderungen sind die Folge von Unf\u00e4llen..\" \/>\n<meta property=\"og:url\" content=\"https:\/\/maison-chance.org\/de\/programme-und-aktivitaeten\/gesundheit\" \/>\n<meta property=\"og:site_name\" content=\"Maison Chance Association\" \/>\n<meta property=\"article:publisher\" content=\"https:\/\/www.facebook.com\/MaisonChance\" \/>\n<meta property=\"article:modified_time\" content=\"2025-11-20T07:44:07+00:00\" \/>\n<meta property=\"og:image\" content=\"https:\/\/maison-chance.org\/wp-content\/uploads\/2021\/09\/nha-khoa.jpg\" \/>\n\t<meta property=\"og:image:width\" content=\"800\" \/>\n\t<meta property=\"og:image:height\" content=\"533\" \/>\n\t<meta property=\"og:image:type\" content=\"image\/jpeg\" \/>\n<meta name=\"twitter:card\" content=\"summary_large_image\" \/>\n<meta name=\"twitter:title\" content=\"Gesundheit | Association Maison Chance\" \/>\n<meta name=\"twitter:description\" content=\"Oftmals kamen die Beg\u00fcnstigten bei Maison Chance schwer verletzt oder krank an. Die meisten ihrer Behinderungen sind die Folge von Unf\u00e4llen..\" \/>\n<meta name=\"twitter:image\" content=\"https:\/\/maison-chance.org\/wp-content\/uploads\/2021\/09\/nha-khoa.jpg\" \/>\n<meta name=\"twitter:site\" content=\"@MaisonChanceVN\" \/>\n<meta name=\"twitter:label1\" content=\"Gesch\u00e4tzte Lesezeit\" \/>\n\t<meta name=\"twitter:data1\" content=\"2\u00a0Minuten\" \/>\n<script type=\"application\/ld+json\" class=\"yoast-schema-graph\">{\"@context\":\"https:\\\/\\\/schema.org\",\"@graph\":[{\"@type\":\"WebPage\",\"@id\":\"https:\\\/\\\/maison-chance.org\\\/de\\\/programme-und-aktivitaeten\\\/gesundheit\",\"url\":\"https:\\\/\\\/maison-chance.org\\\/de\\\/programme-und-aktivitaeten\\\/gesundheit\",\"name\":\"Gesundheit | Association Maison Chance\",\"isPartOf\":{\"@id\":\"https:\\\/\\\/maison-chance.org\\\/de#website\"},\"primaryImageOfPage\":{\"@id\":\"https:\\\/\\\/maison-chance.org\\\/de\\\/programme-und-aktivitaeten\\\/gesundheit#primaryimage\"},\"image\":{\"@id\":\"https:\\\/\\\/maison-chance.org\\\/de\\\/programme-und-aktivitaeten\\\/gesundheit#primaryimage\"},\"thumbnailUrl\":\"https:\\\/\\\/maison-chance.org\\\/wp-content\\\/uploads\\\/2021\\\/09\\\/nha-khoa.jpg\",\"datePublished\":\"2021-10-04T07:29:40+00:00\",\"dateModified\":\"2025-11-20T07:44:07+00:00\",\"description\":\"Oftmals kamen die Beg\u00fcnstigten bei Maison Chance schwer verletzt oder krank an. Die meisten ihrer Behinderungen sind die Folge von Unf\u00e4llen..\",\"breadcrumb\":{\"@id\":\"https:\\\/\\\/maison-chance.org\\\/de\\\/programme-und-aktivitaeten\\\/gesundheit#breadcrumb\"},\"inLanguage\":\"de\",\"potentialAction\":[{\"@type\":\"ReadAction\",\"target\":[\"https:\\\/\\\/maison-chance.org\\\/de\\\/programme-und-aktivitaeten\\\/gesundheit\"]}]},{\"@type\":\"ImageObject\",\"inLanguage\":\"de\",\"@id\":\"https:\\\/\\\/maison-chance.org\\\/de\\\/programme-und-aktivitaeten\\\/gesundheit#primaryimage\",\"url\":\"https:\\\/\\\/maison-chance.org\\\/wp-content\\\/uploads\\\/2021\\\/09\\\/nha-khoa.jpg\",\"contentUrl\":\"https:\\\/\\\/maison-chance.org\\\/wp-content\\\/uploads\\\/2021\\\/09\\\/nha-khoa.jpg\",\"width\":800,\"height\":533},{\"@type\":\"BreadcrumbList\",\"@id\":\"https:\\\/\\\/maison-chance.org\\\/de\\\/programme-und-aktivitaeten\\\/gesundheit#breadcrumb\",\"itemListElement\":[{\"@type\":\"ListItem\",\"position\":1,\"name\":\"Programme und Aktivit\u00e4ten\",\"item\":\"https:\\\/\\\/maison-chance.org\\\/de\\\/programme-und-aktivitaeten\"},{\"@type\":\"ListItem\",\"position\":2,\"name\":\"Gesundheit\"}]},{\"@type\":\"WebSite\",\"@id\":\"https:\\\/\\\/maison-chance.org\\\/de#website\",\"url\":\"https:\\\/\\\/maison-chance.org\\\/de\",\"name\":\"https:\\\/\\\/maison-chance.org\\\/\",\"description\":\"Eine Zukunft f\u00fcr die weniger Gl\u00fccklichen in Vietnam!\",\"publisher\":{\"@id\":\"https:\\\/\\\/maison-chance.org\\\/de#organization\"},\"potentialAction\":[{\"@type\":\"SearchAction\",\"target\":{\"@type\":\"EntryPoint\",\"urlTemplate\":\"https:\\\/\\\/maison-chance.org\\\/de?s={search_term_string}\"},\"query-input\":{\"@type\":\"PropertyValueSpecification\",\"valueRequired\":true,\"valueName\":\"search_term_string\"}}],\"inLanguage\":\"de\"},{\"@type\":\"Organization\",\"@id\":\"https:\\\/\\\/maison-chance.org\\\/de#organization\",\"name\":\"https:\\\/\\\/maison-chance.org\\\/\",\"url\":\"https:\\\/\\\/maison-chance.org\\\/de\",\"logo\":{\"@type\":\"ImageObject\",\"inLanguage\":\"de\",\"@id\":\"https:\\\/\\\/maison-chance.org\\\/de#\\\/schema\\\/logo\\\/image\\\/\",\"url\":\"https:\\\/\\\/maison-chance.org\\\/wp-content\\\/uploads\\\/2021\\\/09\\\/Featued-Logo-MC-1.jpg\",\"contentUrl\":\"https:\\\/\\\/maison-chance.org\\\/wp-content\\\/uploads\\\/2021\\\/09\\\/Featued-Logo-MC-1.jpg\",\"width\":500,\"height\":313,\"caption\":\"https:\\\/\\\/maison-chance.org\\\/\"},\"image\":{\"@id\":\"https:\\\/\\\/maison-chance.org\\\/de#\\\/schema\\\/logo\\\/image\\\/\"},\"sameAs\":[\"https:\\\/\\\/www.facebook.com\\\/MaisonChance\",\"https:\\\/\\\/x.com\\\/MaisonChanceVN\",\"https:\\\/\\\/www.instagram.com\\\/maisonchance\\\/\",\"https:\\\/\\\/www.youtube.com\\\/c\\\/MaisonChanceVideo\"]}]}<\/script>\n<!-- \/ Yoast SEO plugin. -->","yoast_head_json":{"title":"Gesundheit | Association Maison Chance","description":"Oftmals kamen die Beg\u00fcnstigten bei Maison Chance schwer verletzt oder krank an. Die meisten ihrer Behinderungen sind die Folge von Unf\u00e4llen..","robots":{"index":"index","follow":"follow","max-snippet":"max-snippet:-1","max-image-preview":"max-image-preview:large","max-video-preview":"max-video-preview:-1"},"canonical":"https:\/\/maison-chance.org\/de\/programme-und-aktivitaeten\/gesundheit","og_locale":"de_DE","og_type":"article","og_title":"Gesundheit | Association Maison Chance","og_description":"Oftmals kamen die Beg\u00fcnstigten bei Maison Chance schwer verletzt oder krank an. Die meisten ihrer Behinderungen sind die Folge von Unf\u00e4llen..","og_url":"https:\/\/maison-chance.org\/de\/programme-und-aktivitaeten\/gesundheit","og_site_name":"Maison Chance Association","article_publisher":"https:\/\/www.facebook.com\/MaisonChance","article_modified_time":"2025-11-20T07:44:07+00:00","og_image":[{"width":800,"height":533,"url":"https:\/\/maison-chance.org\/wp-content\/uploads\/2021\/09\/nha-khoa.jpg","type":"image\/jpeg"}],"twitter_card":"summary_large_image","twitter_title":"Gesundheit | Association Maison Chance","twitter_description":"Oftmals kamen die Beg\u00fcnstigten bei Maison Chance schwer verletzt oder krank an. Die meisten ihrer Behinderungen sind die Folge von Unf\u00e4llen..","twitter_image":"https:\/\/maison-chance.org\/wp-content\/uploads\/2021\/09\/nha-khoa.jpg","twitter_site":"@MaisonChanceVN","twitter_misc":{"Gesch\u00e4tzte Lesezeit":"2\u00a0Minuten"},"schema":{"@context":"https:\/\/schema.org","@graph":[{"@type":"WebPage","@id":"https:\/\/maison-chance.org\/de\/programme-und-aktivitaeten\/gesundheit","url":"https:\/\/maison-chance.org\/de\/programme-und-aktivitaeten\/gesundheit","name":"Gesundheit | Association Maison Chance","isPartOf":{"@id":"https:\/\/maison-chance.org\/de#website"},"primaryImageOfPage":{"@id":"https:\/\/maison-chance.org\/de\/programme-und-aktivitaeten\/gesundheit#primaryimage"},"image":{"@id":"https:\/\/maison-chance.org\/de\/programme-und-aktivitaeten\/gesundheit#primaryimage"},"thumbnailUrl":"https:\/\/maison-chance.org\/wp-content\/uploads\/2021\/09\/nha-khoa.jpg","datePublished":"2021-10-04T07:29:40+00:00","dateModified":"2025-11-20T07:44:07+00:00","description":"Oftmals kamen die Beg\u00fcnstigten bei Maison Chance schwer verletzt oder krank an. Die meisten ihrer Behinderungen sind die Folge von Unf\u00e4llen..","breadcrumb":{"@id":"https:\/\/maison-chance.org\/de\/programme-und-aktivitaeten\/gesundheit#breadcrumb"},"inLanguage":"de","potentialAction":[{"@type":"ReadAction","target":["https:\/\/maison-chance.org\/de\/programme-und-aktivitaeten\/gesundheit"]}]},{"@type":"ImageObject","inLanguage":"de","@id":"https:\/\/maison-chance.org\/de\/programme-und-aktivitaeten\/gesundheit#primaryimage","url":"https:\/\/maison-chance.org\/wp-content\/uploads\/2021\/09\/nha-khoa.jpg","contentUrl":"https:\/\/maison-chance.org\/wp-content\/uploads\/2021\/09\/nha-khoa.jpg","width":800,"height":533},{"@type":"BreadcrumbList","@id":"https:\/\/maison-chance.org\/de\/programme-und-aktivitaeten\/gesundheit#breadcrumb","itemListElement":[{"@type":"ListItem","position":1,"name":"Programme und Aktivit\u00e4ten","item":"https:\/\/maison-chance.org\/de\/programme-und-aktivitaeten"},{"@type":"ListItem","position":2,"name":"Gesundheit"}]},{"@type":"WebSite","@id":"https:\/\/maison-chance.org\/de#website","url":"https:\/\/maison-chance.org\/de","name":"https:\/\/maison-chance.org\/","description":"Eine Zukunft f\u00fcr die weniger Gl\u00fccklichen in Vietnam!","publisher":{"@id":"https:\/\/maison-chance.org\/de#organization"},"potentialAction":[{"@type":"SearchAction","target":{"@type":"EntryPoint","urlTemplate":"https:\/\/maison-chance.org\/de?s={search_term_string}"},"query-input":{"@type":"PropertyValueSpecification","valueRequired":true,"valueName":"search_term_string"}}],"inLanguage":"de"},{"@type":"Organization","@id":"https:\/\/maison-chance.org\/de#organization","name":"https:\/\/maison-chance.org\/","url":"https:\/\/maison-chance.org\/de","logo":{"@type":"ImageObject","inLanguage":"de","@id":"https:\/\/maison-chance.org\/de#\/schema\/logo\/image\/","url":"https:\/\/maison-chance.org\/wp-content\/uploads\/2021\/09\/Featued-Logo-MC-1.jpg","contentUrl":"https:\/\/maison-chance.org\/wp-content\/uploads\/2021\/09\/Featued-Logo-MC-1.jpg","width":500,"height":313,"caption":"https:\/\/maison-chance.org\/"},"image":{"@id":"https:\/\/maison-chance.org\/de#\/schema\/logo\/image\/"},"sameAs":["https:\/\/www.facebook.com\/MaisonChance","https:\/\/x.com\/MaisonChanceVN","https:\/\/www.instagram.com\/maisonchance\/","https:\/\/www.youtube.com\/c\/MaisonChanceVideo"]}]}},"campaignId":"","_links":{"self":[{"href":"https:\/\/maison-chance.org\/de\/wp-json\/wp\/v2\/pages\/2540","targetHints":{"allow":["GET"]}}],"collection":[{"href":"https:\/\/maison-chance.org\/de\/wp-json\/wp\/v2\/pages"}],"about":[{"href":"https:\/\/maison-chance.org\/de\/wp-json\/wp\/v2\/types\/page"}],"author":[{"embeddable":true,"href":"https:\/\/maison-chance.org\/de\/wp-json\/wp\/v2\/users\/1"}],"replies":[{"embeddable":true,"href":"https:\/\/maison-chance.org\/de\/wp-json\/wp\/v2\/comments?post=2540"}],"version-history":[{"count":8,"href":"https:\/\/maison-chance.org\/de\/wp-json\/wp\/v2\/pages\/2540\/revisions"}],"predecessor-version":[{"id":42989,"href":"https:\/\/maison-chance.org\/de\/wp-json\/wp\/v2\/pages\/2540\/revisions\/42989"}],"up":[{"embeddable":true,"href":"https:\/\/maison-chance.org\/de\/wp-json\/wp\/v2\/pages\/3378"}],"wp:featuredmedia":[{"embeddable":true,"href":"https:\/\/maison-chance.org\/de\/wp-json\/wp\/v2\/media\/1781"}],"wp:attachment":[{"href":"https:\/\/maison-chance.org\/de\/wp-json\/wp\/v2\/media?parent=2540"}],"curies":[{"name":"wp","href":"https:\/\/api.w.org\/{rel}","templated":true}]}}