{"id":2560,"date":"2021-10-04T08:09:46","date_gmt":"2021-10-04T08:09:46","guid":{"rendered":"https:\/\/maison-chance.org\/?page_id=2560"},"modified":"2025-12-16T14:52:10","modified_gmt":"2025-12-16T07:52:10","slug":"schulwesen","status":"publish","type":"page","link":"https:\/\/maison-chance.org\/de\/programme-und-aktivitaeten\/schulwesen","title":{"rendered":"Schulwesen"},"content":{"rendered":"\t<div id=\"gap-631300618\" class=\"gap-element clearfix\" style=\"display:block; height:auto;\">\n\t\t\n<style>\n#gap-631300618 {\n  padding-top: 30px;\n}\n<\/style>\n\t<\/div>\n\t\n\n\t<section class=\"section\" id=\"section_17184016\">\n\t\t<div class=\"section-bg fill\" >\n\t\t\t\t\t\t\t\t\t<div class=\"section-bg-overlay absolute fill\"><\/div>\n\t\t\t\n\n\t\t<\/div>\n\n\t\t\n\n\t\t<div class=\"section-content relative\">\n\t\t\t\n\t<div id=\"text-2477970883\" class=\"text\">\n\t\t\n<h1>BILDUNGSPROGRAMM BEI MAISON CHANCE<\/h1>\n<p style=\"text-align: justify;\"><span style=\"font-size: 11pt; font-family: arial, helvetica, sans-serif; color: #000000;\">Im Laufe der Menschheitsgeschichte war Bildung stets ein leuchtender Wegweiser \u2013 der Schl\u00fcssel zu einer besseren Zukunft. Doch nicht jedes Kind erh\u00e4lt die gleichen Startchancen im Leben. Viele benachteiligte Kinder stehen am Rand der Gesellschaft und haben keinen Zugang zu Bildung. Armut, Krankheit und schwierige famili\u00e4re Umst\u00e4nde rauben ihnen oft das Recht, eine Schule zu besuchen. Wenn der t\u00e4gliche \u00dcberlebenskampf wichtiger wird als der Unterricht, wenn schwache Beine nicht mit den anderen Schritt halten k\u00f6nnen, bleiben diese Kinder au\u00dferhalb jenes Ortes, der eigentlich ihnen geh\u00f6ren sollte.<\/span><\/p>\n<p style=\"text-align: justify;\"><span style=\"font-size: 11pt; font-family: arial, helvetica, sans-serif; color: #000000;\">Maison Chance wurde gegr\u00fcndet, um die unvollendeten Tr\u00e4ume dieser Kinder weiterzuf\u00fchren. Mit Mitgef\u00fchl und der wertvollen Unterst\u00fctzung von F\u00f6rderern und der Gemeinschaft ist ein Ort der Hoffnung entstanden. Hier bieten wir ein umfassendes, liebevolles und vollst\u00e4ndig kostenfreies Bildungsprogramm f\u00fcr benachteiligte Kinder, Menschen mit Behinderungen ohne Schulbildung sowie f\u00fcr Personen, die das von \u00f6ffentlichen Schulen festgelegte Schulalter \u00fcberschritten haben. <\/span><\/p>\n<p style=\"text-align: justify;\"><span style=\"font-size: 11pt; font-family: arial, helvetica, sans-serif; color: #000000;\">Neben schulischem Wissen erwerben die Sch\u00fclerinnen und Sch\u00fcler Lebenskompetenzen, Kommunikations- und Teamf\u00e4higkeit \u2013 und vor allem lernen sie, an ihren eigenen Wert zu glauben.<\/span><\/p>\n\t\t\n<style>\n#text-2477970883 {\n  text-align: center;\n  color: rgb(255, 0, 0);\n}\n#text-2477970883 > * {\n  color: rgb(255, 0, 0);\n}\n<\/style>\n\t<\/div>\n\t\n<div class=\"row\"  id=\"row-1781082344\">\n\n\t<div id=\"col-1246091374\" class=\"col medium-6 small-12 large-6\"  >\n\t\t\t\t<div class=\"col-inner\"  >\n\t\t\t\n\t\t\t\n\t<div id=\"text-2843396328\" class=\"text\">\n\t\t\n<h1 style=\"text-align: center;\"><span style=\"color: #ff0000;\">KINDERGARTEN UND GRUNDSCHULE<\/span><\/h1>\n<p style=\"text-align: justify;\"><span style=\"font-size: 11pt; font-family: arial, helvetica, sans-serif;\">Das Bildungssystem von Maison Chance richtet sich an Kinder, die h\u00e4ufig keinen Zugang zu \u00f6ffentlichen Schulen haben \u2013 darunter Kinder aus benachteiligten Familien der umliegenden Gemeinden, Kinder ohne Geburtsurkunde oder Kinder, die \u00e4lter als das \u00fcbliche Einschulungsalter sind.<\/span><\/p>\n<p style=\"text-align: justify;\"><span style=\"font-size: 11pt; font-family: arial, helvetica, sans-serif;\">Derzeit betreibt Maison Chance zwei Grundschulen, eine in Ho-Chi-Minh-Stadt und eine in der Provinz Lam Dong. Der Unterricht folgt dem offiziellen Lehrplan des vietnamesischen Bildungsministeriums. Nach Abschluss der 5. Klasse k\u00f6nnen die Kinder ihre Schullaufbahn an \u00f6ffentlichen Schulen in der Stadt oder in ihren Heimatorten fortsetzen.<\/span><\/p>\n\t\t\n<style>\n#text-2843396328 {\n  text-align: center;\n  color: rgb(0,0,0);\n}\n#text-2843396328 > * {\n  color: rgb(0,0,0);\n}\n<\/style>\n\t<\/div>\n\t\n\n  <div class=\"banner has-hover\" id=\"banner-1729298365\">\n          <div class=\"banner-inner fill\">\n        <div class=\"banner-bg fill\" >\n            <img loading=\"lazy\" decoding=\"async\" width=\"800\" height=\"450\" src=\"https:\/\/maison-chance.org\/wp-content\/uploads\/2021\/09\/lop-hoc.jpg\" class=\"bg attachment-original size-original\" alt=\"\" \/>                                    \n                    <\/div>\n\t\t\n        <div class=\"banner-layers container\">\n            <div class=\"fill banner-link\"><\/div>            \n   <div id=\"text-box-614145852\" class=\"text-box banner-layer x50 md-x50 lg-x50 y50 md-y50 lg-y50 res-text\">\n                                <div class=\"text-box-content text dark\">\n              \n              <div class=\"text-inner text-center\">\n                  \n              <\/div>\n           <\/div>\n                            \n<style>\n#text-box-614145852 {\n  width: 60%;\n}\n#text-box-614145852 .text-box-content {\n  font-size: 100%;\n}\n<\/style>\n    <\/div>\n \n        <\/div>\n      <\/div>\n\n            \n<style>\n#banner-1729298365 {\n  padding-top: 200px;\n}\n<\/style>\n  <\/div>\n\n\n\t<div id=\"gap-1114541787\" class=\"gap-element clearfix\" style=\"display:block; height:auto;\">\n\t\t\n<style>\n#gap-1114541787 {\n  padding-top: 30px;\n}\n<\/style>\n\t<\/div>\n\t\n<p style=\"text-align: justify;\"><span style=\"font-size: 11pt; font-family: arial, helvetica, sans-serif;\">Um Schulabbr\u00fcche aus finanziellen Gr\u00fcnden zu vermeiden, \u00fcbernimmt Maison Chance viele Kosten, die Familien nicht tragen k\u00f6nnen: Schulgeb\u00fchren, Uniformen, Lehrb\u00fccher und Lernmaterialien. Zus\u00e4tzlich erhalten die Kinder t\u00e4gliche Mahlzeiten, medizinische Grundversorgung und regelm\u00e4\u00dfige Gesundheitsuntersuchungen. Diese Unterst\u00fctzung erm\u00f6glicht ihnen einen kontinuierlichen Schulbesuch und entlastet gleichzeitig ihre Familien. <\/span><\/p>\n<p style=\"text-align: justify;\"><span style=\"font-size: 11pt; font-family: arial, helvetica, sans-serif;\">Dar\u00fcber hinaus gibt es in Ho-Chi-Minh-Stadt eine Vorschulklasse f\u00fcr die Kinder von Mitgliedern mit Behinderungen. Gegen einen symbolischen Beitrag bietet sie eine praktische L\u00f6sung zur F\u00f6rderung der fr\u00fchkindlichen Entwicklung und zur Entlastung der Familien innerhalb der Behindertengemeinschaft. <\/span><\/p>\n\n  <div class=\"banner has-hover\" id=\"banner-1077288792\">\n          <div class=\"banner-inner fill\">\n        <div class=\"banner-bg fill\" >\n            <img loading=\"lazy\" decoding=\"async\" width=\"800\" height=\"533\" src=\"https:\/\/maison-chance.org\/wp-content\/uploads\/2021\/09\/mam-non.jpg\" class=\"bg attachment-original size-original\" alt=\"\" \/>                                    \n                    <\/div>\n\t\t\n        <div class=\"banner-layers container\">\n            <div class=\"fill banner-link\"><\/div>            \n        <\/div>\n      <\/div>\n\n            \n<style>\n#banner-1077288792 {\n  padding-top: 200px;\n}\n<\/style>\n  <\/div>\n\n\n\t\t<\/div>\n\t\t\t\t\t<\/div>\n\n\t\n\n\t<div id=\"col-658027592\" class=\"col medium-6 small-12 large-6\"  >\n\t\t\t\t<div class=\"col-inner\"  >\n\t\t\t\n\t\t\t\n\t<div id=\"text-991151608\" class=\"text\">\n\t\t\n<h1 style=\"text-align: center;\"><span style=\"color: #ff0000;\">SPEZIALKLASSEN<\/span><\/h1>\n<p style=\"text-align: justify;\"><span style=\"font-size: 11pt; font-family: arial, helvetica, sans-serif;\">F\u00fcr Kinder mit geistigen oder k\u00f6rperlichen Behinderungen bedeutet Bildung weit mehr als nur die Anwesenheit im Klassenzimmer. Viele von ihnen haben Schwierigkeiten in Kommunikation, Mobilit\u00e4t, Konzentration und sozialer Interaktion \u2013 F\u00e4higkeiten, die f\u00fcr eine sp\u00e4tere Integration unerl\u00e4sslich sind.<\/span><\/p>\n<p style=\"text-align: justify;\"><span style=\"font-size: 11pt; font-family: arial, helvetica, sans-serif;\">Um diesen Bed\u00fcrfnissen gerecht zu werden, bietet Maison Chance spezielle Klassen mit individuell angepaszter F\u00f6rderung an. Der Schwerpunkt liegt auf der Entwicklung von Lebenskompetenzen, der Verbesserung motorischer F\u00e4higkeiten, der F\u00f6rderung kognitiver Leistungen sowie der St\u00e4rkung sozialer Interaktion. <\/span><\/p>\n<p style=\"text-align: justify;\"><span style=\"font-size: 11pt; font-family: arial, helvetica, sans-serif;\">Kinder, die gute Fortschritte zeigen und ausreichende Lern- und Sozialkompetenzen entwickeln, k\u00f6nnen sp\u00e4ter in inklusive Grundschulklassen wechseln und dort ihre Ausbildung im regul\u00e4ren Lehrplan fortsetzen.<\/span><\/p>\n\t\t\n<style>\n#text-991151608 {\n  text-align: center;\n}\n<\/style>\n\t<\/div>\n\t\n\n  <div class=\"banner has-hover\" id=\"banner-2001291390\">\n          <div class=\"banner-inner fill\">\n        <div class=\"banner-bg fill\" >\n            <img loading=\"lazy\" decoding=\"async\" width=\"800\" height=\"450\" src=\"https:\/\/maison-chance.org\/wp-content\/uploads\/2021\/09\/lop-chuyen-biet-1.jpg\" class=\"bg attachment-original size-original\" alt=\"\" \/>                                    \n                    <\/div>\n\t\t\n        <div class=\"banner-layers container\">\n            <div class=\"fill banner-link\"><\/div>            \n        <\/div>\n      <\/div>\n\n            \n<style>\n#banner-2001291390 {\n  padding-top: 200px;\n}\n<\/style>\n  <\/div>\n\n\n\t<div id=\"gap-1976176989\" class=\"gap-element clearfix\" style=\"display:block; height:auto;\">\n\t\t\n<style>\n#gap-1976176989 {\n  padding-top: 30px;\n}\n<\/style>\n\t<\/div>\n\t\n\t<div id=\"text-1863482228\" class=\"text\">\n\t\t\n<h1 style=\"text-align: center;\"><span style=\"color: #ff0000;\">ERG\u00c4NZENDE F\u00c4CHER<\/span><\/h1>\n<p style=\"text-align: justify;\"><span style=\"font-size: 11pt; font-family: arial, helvetica, sans-serif;\">Der Lehrplan von Maison Chance geht \u00fcber die reine Wissensvermittlung hinaus. Erg\u00e4nzende F\u00e4cher vermitteln den Kindern wichtige F\u00e4higkeiten f\u00fcr das moderne Leben. <\/span><\/p>\n<p style=\"text-align: justify;\"><span style=\"font-size: 11pt; font-family: arial, helvetica, sans-serif;\">Sie lernen Computerkenntnisse, um den Umgang mit Technologie zu beherrschen, Fremdsprachen zur Erweiterung ihrer Kommunikationsf\u00e4higkeit sowie Musik zur F\u00f6rderung der emotionalen Entwicklung. Sport- und Schwimmangebote st\u00e4rken Gesundheit und motorische F\u00e4higkeiten. <\/span><\/p>\n<p style=\"text-align: justify;\"><span style=\"font-size: 11pt; font-family: arial, helvetica, sans-serif;\">Besonders hervorzuheben sind die Zirkuskurse, die dreimal pro Woche stattfinden. Diese f\u00f6rdern k\u00f6rperliche Fitness, Konzentration und Koordination, st\u00e4rken das Selbstvertrauen und er\u00f6ffnen sogar m\u00f6gliche berufliche Perspektiven. <\/span><\/p>\n<p style=\"text-align: justify;\"><span style=\"font-size: 11pt; font-family: arial, helvetica, sans-serif;\">Diese Zusatzangebote sollen keinen Leistungsdruck erzeugen, sondern den Kindern mehr Auswahl, Freude und ein ausgewogenes Verh\u00e4ltnis zwischen Wissen, F\u00e4higkeiten und emotionalem Wohlbefinden bieten \u2013 als solides Fundament f\u00fcr eine selbstbewusste Zukunft.<\/span><\/p>\n\t\t\n<style>\n#text-1863482228 {\n  text-align: center;\n}\n<\/style>\n\t<\/div>\n\t\n\n  <div class=\"banner has-hover\" id=\"banner-367599440\">\n          <div class=\"banner-inner fill\">\n        <div class=\"banner-bg fill\" >\n            <img loading=\"lazy\" decoding=\"async\" width=\"800\" height=\"533\" src=\"https:\/\/maison-chance.org\/wp-content\/uploads\/2021\/09\/mon-bo-tro.jpg\" class=\"bg attachment-large size-large\" alt=\"\" \/>                                    \n                    <\/div>\n\t\t\n        <div class=\"banner-layers container\">\n            <div class=\"fill banner-link\"><\/div>            \n        <\/div>\n      <\/div>\n\n            \n<style>\n#banner-367599440 {\n  padding-top: 200px;\n}\n<\/style>\n  <\/div>\n\n\n\t\t<\/div>\n\t\t\t\t\t<\/div>\n\n\t\n<\/div>\n<h1 style=\"text-align: center;\"><span style=\"color: #ff0000;\">WEITERF\u00dcHRENDE BILDUNG<\/span><\/h1>\n<p style=\"text-align: justify;\"><span style=\"font-size: 11pt; font-family: arial, helvetica, sans-serif;\">Damit finanzielle Schwierigkeiten kein Hindernis f\u00fcr Bildung darstellen, unterst\u00fctzt Maison Chance Sch\u00fclerinnen und Sch\u00fcler auch auf dem Weg durch die Sekundarstufe und bis zur Universit\u00e4t. Besonders leistungsstarke Jugendliche erhalten Stipendien und finanzielle Unterst\u00fctzung, sodass sie ihr Studium ohne die Belastung durch Studien- oder Nebenkosten fortsetzen k\u00f6nnen.<\/span><\/p>\n\t\t<\/div>\n\n\t\t\n<style>\n#section_17184016 {\n  padding-top: 30px;\n  padding-bottom: 30px;\n}\n#section_17184016 .section-bg-overlay {\n  background-color: rgba(35, 159, 219, 0.448);\n}\n<\/style>\n\t<\/section>\n\t\n","protected":false},"excerpt":{"rendered":"","protected":false},"author":1,"featured_media":2072,"parent":3378,"menu_order":0,"comment_status":"closed","ping_status":"closed","template":"","meta":{"give_campaign_id":0,"footnotes":""},"class_list":["post-2560","page","type-page","status-publish","has-post-thumbnail","hentry"],"yoast_head":"<!-- This site is optimized with the Yoast SEO plugin v27.5 - https:\/\/yoast.com\/product\/yoast-seo-wordpress\/ -->\n<title>Schulwesen | Verein Maison Chance<\/title>\n<meta name=\"description\" content=\"Vietnam immer noch zu den weltweit \u00e4rmeren L\u00e4ndern. Die Lebensbedingungen von behinderten Menschen und benachteiligten Kindern sind deshalb..\" \/>\n<meta name=\"robots\" content=\"index, follow, max-snippet:-1, max-image-preview:large, max-video-preview:-1\" \/>\n<link rel=\"canonical\" href=\"https:\/\/maison-chance.org\/de\/programme-und-aktivitaeten\/schulwesen\" \/>\n<meta property=\"og:locale\" content=\"de_DE\" \/>\n<meta property=\"og:type\" content=\"article\" \/>\n<meta property=\"og:title\" content=\"Schulbildung | Verein Maison Chance\" \/>\n<meta property=\"og:description\" content=\"Vietnam immer noch zu den weltweit \u00e4rmeren L\u00e4ndern. Die Lebensbedingungen von behinderten Menschen und benachteiligten Kindern sind deshalb..\" \/>\n<meta property=\"og:url\" content=\"https:\/\/maison-chance.org\/de\/programme-und-aktivitaeten\/schulwesen\" \/>\n<meta property=\"og:site_name\" content=\"Maison Chance Association\" \/>\n<meta property=\"article:publisher\" content=\"https:\/\/www.facebook.com\/MaisonChance\" \/>\n<meta property=\"article:modified_time\" content=\"2025-12-16T07:52:10+00:00\" \/>\n<meta property=\"og:image\" content=\"https:\/\/maison-chance.org\/wp-content\/uploads\/2021\/09\/do-dau-chuyen-biet-dn.jpg\" \/>\n\t<meta property=\"og:image:width\" content=\"1000\" \/>\n\t<meta property=\"og:image:height\" content=\"563\" \/>\n\t<meta property=\"og:image:type\" content=\"image\/jpeg\" \/>\n<meta name=\"twitter:card\" content=\"summary_large_image\" \/>\n<meta name=\"twitter:title\" content=\"Schulbildung | Verein Maison Chance\" \/>\n<meta name=\"twitter:description\" content=\"Vietnam immer noch zu den weltweit \u00e4rmeren L\u00e4ndern. Die Lebensbedingungen von behinderten Menschen und benachteiligten Kindern sind deshalb..\" \/>\n<meta name=\"twitter:image\" content=\"https:\/\/maison-chance.org\/wp-content\/uploads\/2021\/09\/do-dau-chuyen-biet-dn.jpg\" \/>\n<meta name=\"twitter:site\" content=\"@MaisonChanceVN\" \/>\n<meta name=\"twitter:label1\" content=\"Gesch\u00e4tzte Lesezeit\" \/>\n\t<meta name=\"twitter:data1\" content=\"4\u00a0Minuten\" \/>\n<script type=\"application\/ld+json\" class=\"yoast-schema-graph\">{\"@context\":\"https:\\\/\\\/schema.org\",\"@graph\":[{\"@type\":\"WebPage\",\"@id\":\"https:\\\/\\\/maison-chance.org\\\/de\\\/programme-und-aktivitaeten\\\/schulwesen\",\"url\":\"https:\\\/\\\/maison-chance.org\\\/de\\\/programme-und-aktivitaeten\\\/schulwesen\",\"name\":\"Schulwesen | Verein Maison Chance\",\"isPartOf\":{\"@id\":\"https:\\\/\\\/maison-chance.org\\\/de#website\"},\"primaryImageOfPage\":{\"@id\":\"https:\\\/\\\/maison-chance.org\\\/de\\\/programme-und-aktivitaeten\\\/schulwesen#primaryimage\"},\"image\":{\"@id\":\"https:\\\/\\\/maison-chance.org\\\/de\\\/programme-und-aktivitaeten\\\/schulwesen#primaryimage\"},\"thumbnailUrl\":\"https:\\\/\\\/maison-chance.org\\\/wp-content\\\/uploads\\\/2021\\\/09\\\/do-dau-chuyen-biet-dn.jpg\",\"datePublished\":\"2021-10-04T08:09:46+00:00\",\"dateModified\":\"2025-12-16T07:52:10+00:00\",\"description\":\"Vietnam immer noch zu den weltweit \u00e4rmeren L\u00e4ndern. Die Lebensbedingungen von behinderten Menschen und benachteiligten Kindern sind deshalb..\",\"breadcrumb\":{\"@id\":\"https:\\\/\\\/maison-chance.org\\\/de\\\/programme-und-aktivitaeten\\\/schulwesen#breadcrumb\"},\"inLanguage\":\"de\",\"potentialAction\":[{\"@type\":\"ReadAction\",\"target\":[\"https:\\\/\\\/maison-chance.org\\\/de\\\/programme-und-aktivitaeten\\\/schulwesen\"]}]},{\"@type\":\"ImageObject\",\"inLanguage\":\"de\",\"@id\":\"https:\\\/\\\/maison-chance.org\\\/de\\\/programme-und-aktivitaeten\\\/schulwesen#primaryimage\",\"url\":\"https:\\\/\\\/maison-chance.org\\\/wp-content\\\/uploads\\\/2021\\\/09\\\/do-dau-chuyen-biet-dn.jpg\",\"contentUrl\":\"https:\\\/\\\/maison-chance.org\\\/wp-content\\\/uploads\\\/2021\\\/09\\\/do-dau-chuyen-biet-dn.jpg\",\"width\":1000,\"height\":563},{\"@type\":\"BreadcrumbList\",\"@id\":\"https:\\\/\\\/maison-chance.org\\\/de\\\/programme-und-aktivitaeten\\\/schulwesen#breadcrumb\",\"itemListElement\":[{\"@type\":\"ListItem\",\"position\":1,\"name\":\"Programme und Aktivit\u00e4ten\",\"item\":\"https:\\\/\\\/maison-chance.org\\\/de\\\/programme-und-aktivitaeten\"},{\"@type\":\"ListItem\",\"position\":2,\"name\":\"Schulwesen\"}]},{\"@type\":\"WebSite\",\"@id\":\"https:\\\/\\\/maison-chance.org\\\/de#website\",\"url\":\"https:\\\/\\\/maison-chance.org\\\/de\",\"name\":\"https:\\\/\\\/maison-chance.org\\\/\",\"description\":\"Eine Zukunft f\u00fcr die weniger Gl\u00fccklichen in Vietnam!\",\"publisher\":{\"@id\":\"https:\\\/\\\/maison-chance.org\\\/de#organization\"},\"potentialAction\":[{\"@type\":\"SearchAction\",\"target\":{\"@type\":\"EntryPoint\",\"urlTemplate\":\"https:\\\/\\\/maison-chance.org\\\/de?s={search_term_string}\"},\"query-input\":{\"@type\":\"PropertyValueSpecification\",\"valueRequired\":true,\"valueName\":\"search_term_string\"}}],\"inLanguage\":\"de\"},{\"@type\":\"Organization\",\"@id\":\"https:\\\/\\\/maison-chance.org\\\/de#organization\",\"name\":\"https:\\\/\\\/maison-chance.org\\\/\",\"url\":\"https:\\\/\\\/maison-chance.org\\\/de\",\"logo\":{\"@type\":\"ImageObject\",\"inLanguage\":\"de\",\"@id\":\"https:\\\/\\\/maison-chance.org\\\/de#\\\/schema\\\/logo\\\/image\\\/\",\"url\":\"https:\\\/\\\/maison-chance.org\\\/wp-content\\\/uploads\\\/2021\\\/09\\\/Featued-Logo-MC-1.jpg\",\"contentUrl\":\"https:\\\/\\\/maison-chance.org\\\/wp-content\\\/uploads\\\/2021\\\/09\\\/Featued-Logo-MC-1.jpg\",\"width\":500,\"height\":313,\"caption\":\"https:\\\/\\\/maison-chance.org\\\/\"},\"image\":{\"@id\":\"https:\\\/\\\/maison-chance.org\\\/de#\\\/schema\\\/logo\\\/image\\\/\"},\"sameAs\":[\"https:\\\/\\\/www.facebook.com\\\/MaisonChance\",\"https:\\\/\\\/x.com\\\/MaisonChanceVN\",\"https:\\\/\\\/www.instagram.com\\\/maisonchance\\\/\",\"https:\\\/\\\/www.youtube.com\\\/c\\\/MaisonChanceVideo\"]}]}<\/script>\n<!-- \/ Yoast SEO plugin. -->","yoast_head_json":{"title":"Schulwesen | Verein Maison Chance","description":"Vietnam immer noch zu den weltweit \u00e4rmeren L\u00e4ndern. Die Lebensbedingungen von behinderten Menschen und benachteiligten Kindern sind deshalb..","robots":{"index":"index","follow":"follow","max-snippet":"max-snippet:-1","max-image-preview":"max-image-preview:large","max-video-preview":"max-video-preview:-1"},"canonical":"https:\/\/maison-chance.org\/de\/programme-und-aktivitaeten\/schulwesen","og_locale":"de_DE","og_type":"article","og_title":"Schulbildung | Verein Maison Chance","og_description":"Vietnam immer noch zu den weltweit \u00e4rmeren L\u00e4ndern. Die Lebensbedingungen von behinderten Menschen und benachteiligten Kindern sind deshalb..","og_url":"https:\/\/maison-chance.org\/de\/programme-und-aktivitaeten\/schulwesen","og_site_name":"Maison Chance Association","article_publisher":"https:\/\/www.facebook.com\/MaisonChance","article_modified_time":"2025-12-16T07:52:10+00:00","og_image":[{"width":1000,"height":563,"url":"https:\/\/maison-chance.org\/wp-content\/uploads\/2021\/09\/do-dau-chuyen-biet-dn.jpg","type":"image\/jpeg"}],"twitter_card":"summary_large_image","twitter_title":"Schulbildung | Verein Maison Chance","twitter_description":"Vietnam immer noch zu den weltweit \u00e4rmeren L\u00e4ndern. Die Lebensbedingungen von behinderten Menschen und benachteiligten Kindern sind deshalb..","twitter_image":"https:\/\/maison-chance.org\/wp-content\/uploads\/2021\/09\/do-dau-chuyen-biet-dn.jpg","twitter_site":"@MaisonChanceVN","twitter_misc":{"Gesch\u00e4tzte Lesezeit":"4\u00a0Minuten"},"schema":{"@context":"https:\/\/schema.org","@graph":[{"@type":"WebPage","@id":"https:\/\/maison-chance.org\/de\/programme-und-aktivitaeten\/schulwesen","url":"https:\/\/maison-chance.org\/de\/programme-und-aktivitaeten\/schulwesen","name":"Schulwesen | Verein Maison Chance","isPartOf":{"@id":"https:\/\/maison-chance.org\/de#website"},"primaryImageOfPage":{"@id":"https:\/\/maison-chance.org\/de\/programme-und-aktivitaeten\/schulwesen#primaryimage"},"image":{"@id":"https:\/\/maison-chance.org\/de\/programme-und-aktivitaeten\/schulwesen#primaryimage"},"thumbnailUrl":"https:\/\/maison-chance.org\/wp-content\/uploads\/2021\/09\/do-dau-chuyen-biet-dn.jpg","datePublished":"2021-10-04T08:09:46+00:00","dateModified":"2025-12-16T07:52:10+00:00","description":"Vietnam immer noch zu den weltweit \u00e4rmeren L\u00e4ndern. Die Lebensbedingungen von behinderten Menschen und benachteiligten Kindern sind deshalb..","breadcrumb":{"@id":"https:\/\/maison-chance.org\/de\/programme-und-aktivitaeten\/schulwesen#breadcrumb"},"inLanguage":"de","potentialAction":[{"@type":"ReadAction","target":["https:\/\/maison-chance.org\/de\/programme-und-aktivitaeten\/schulwesen"]}]},{"@type":"ImageObject","inLanguage":"de","@id":"https:\/\/maison-chance.org\/de\/programme-und-aktivitaeten\/schulwesen#primaryimage","url":"https:\/\/maison-chance.org\/wp-content\/uploads\/2021\/09\/do-dau-chuyen-biet-dn.jpg","contentUrl":"https:\/\/maison-chance.org\/wp-content\/uploads\/2021\/09\/do-dau-chuyen-biet-dn.jpg","width":1000,"height":563},{"@type":"BreadcrumbList","@id":"https:\/\/maison-chance.org\/de\/programme-und-aktivitaeten\/schulwesen#breadcrumb","itemListElement":[{"@type":"ListItem","position":1,"name":"Programme und Aktivit\u00e4ten","item":"https:\/\/maison-chance.org\/de\/programme-und-aktivitaeten"},{"@type":"ListItem","position":2,"name":"Schulwesen"}]},{"@type":"WebSite","@id":"https:\/\/maison-chance.org\/de#website","url":"https:\/\/maison-chance.org\/de","name":"https:\/\/maison-chance.org\/","description":"Eine Zukunft f\u00fcr die weniger Gl\u00fccklichen in Vietnam!","publisher":{"@id":"https:\/\/maison-chance.org\/de#organization"},"potentialAction":[{"@type":"SearchAction","target":{"@type":"EntryPoint","urlTemplate":"https:\/\/maison-chance.org\/de?s={search_term_string}"},"query-input":{"@type":"PropertyValueSpecification","valueRequired":true,"valueName":"search_term_string"}}],"inLanguage":"de"},{"@type":"Organization","@id":"https:\/\/maison-chance.org\/de#organization","name":"https:\/\/maison-chance.org\/","url":"https:\/\/maison-chance.org\/de","logo":{"@type":"ImageObject","inLanguage":"de","@id":"https:\/\/maison-chance.org\/de#\/schema\/logo\/image\/","url":"https:\/\/maison-chance.org\/wp-content\/uploads\/2021\/09\/Featued-Logo-MC-1.jpg","contentUrl":"https:\/\/maison-chance.org\/wp-content\/uploads\/2021\/09\/Featued-Logo-MC-1.jpg","width":500,"height":313,"caption":"https:\/\/maison-chance.org\/"},"image":{"@id":"https:\/\/maison-chance.org\/de#\/schema\/logo\/image\/"},"sameAs":["https:\/\/www.facebook.com\/MaisonChance","https:\/\/x.com\/MaisonChanceVN","https:\/\/www.instagram.com\/maisonchance\/","https:\/\/www.youtube.com\/c\/MaisonChanceVideo"]}]}},"campaignId":"","_links":{"self":[{"href":"https:\/\/maison-chance.org\/de\/wp-json\/wp\/v2\/pages\/2560","targetHints":{"allow":["GET"]}}],"collection":[{"href":"https:\/\/maison-chance.org\/de\/wp-json\/wp\/v2\/pages"}],"about":[{"href":"https:\/\/maison-chance.org\/de\/wp-json\/wp\/v2\/types\/page"}],"author":[{"embeddable":true,"href":"https:\/\/maison-chance.org\/de\/wp-json\/wp\/v2\/users\/1"}],"replies":[{"embeddable":true,"href":"https:\/\/maison-chance.org\/de\/wp-json\/wp\/v2\/comments?post=2560"}],"version-history":[{"count":10,"href":"https:\/\/maison-chance.org\/de\/wp-json\/wp\/v2\/pages\/2560\/revisions"}],"predecessor-version":[{"id":43010,"href":"https:\/\/maison-chance.org\/de\/wp-json\/wp\/v2\/pages\/2560\/revisions\/43010"}],"up":[{"embeddable":true,"href":"https:\/\/maison-chance.org\/de\/wp-json\/wp\/v2\/pages\/3378"}],"wp:featuredmedia":[{"embeddable":true,"href":"https:\/\/maison-chance.org\/de\/wp-json\/wp\/v2\/media\/2072"}],"wp:attachment":[{"href":"https:\/\/maison-chance.org\/de\/wp-json\/wp\/v2\/media?parent=2560"}],"curies":[{"name":"wp","href":"https:\/\/api.w.org\/{rel}","templated":true}]}}