{"id":2583,"date":"2021-10-04T09:41:38","date_gmt":"2021-10-04T09:41:38","guid":{"rendered":"https:\/\/maison-chance.org\/?page_id=2583"},"modified":"2025-11-20T15:30:02","modified_gmt":"2025-11-20T08:30:02","slug":"berufsausbildung","status":"publish","type":"page","link":"https:\/\/maison-chance.org\/de\/programme-und-aktivitaeten\/berufsausbildung","title":{"rendered":"Berufsausbildung"},"content":{"rendered":"\t<div id=\"gap-909623902\" class=\"gap-element clearfix\" style=\"display:block; height:auto;\">\n\t\t\n<style>\n#gap-909623902 {\n  padding-top: 20px;\n}\n<\/style>\n\t<\/div>\n\t\n<div class=\"slider-wrapper relative\" id=\"slider-859799501\" >\n    <div class=\"slider slider-nav-circle slider-nav-large slider-nav-light slider-style-normal\"\n        data-flickity-options='{\n            \"cellAlign\": \"center\",\n            \"imagesLoaded\": true,\n            \"lazyLoad\": 1,\n            \"freeScroll\": false,\n            \"wrapAround\": true,\n            \"autoPlay\": 6000,\n            \"pauseAutoPlayOnHover\" : true,\n            \"prevNextButtons\": true,\n            \"contain\" : true,\n            \"adaptiveHeight\" : true,\n            \"dragThreshold\" : 10,\n            \"percentPosition\": true,\n            \"pageDots\": true,\n            \"rightToLeft\": false,\n            \"draggable\": true,\n            \"selectedAttraction\": 0.1,\n            \"parallax\" : 0,\n            \"friction\": 0.6        }'\n        >\n        \n\t<div class=\"img has-hover x md-x lg-x y md-y lg-y\" id=\"image_362277186\">\n\t\t\t\t\t\t\t\t<div class=\"img-inner dark\" >\n\t\t\t<img loading=\"lazy\" decoding=\"async\" width=\"1020\" height=\"595\" src=\"https:\/\/maison-chance.org\/wp-content\/uploads\/2021\/11\/Dao_Tao_Slider_01-1024x597.jpg\" class=\"attachment-large size-large\" alt=\"\" srcset=\"https:\/\/maison-chance.org\/wp-content\/uploads\/2021\/11\/Dao_Tao_Slider_01-1024x597.jpg 1024w, https:\/\/maison-chance.org\/wp-content\/uploads\/2021\/11\/Dao_Tao_Slider_01-300x175.jpg 300w, https:\/\/maison-chance.org\/wp-content\/uploads\/2021\/11\/Dao_Tao_Slider_01-768x448.jpg 768w, https:\/\/maison-chance.org\/wp-content\/uploads\/2021\/11\/Dao_Tao_Slider_01.jpg 1200w\" sizes=\"auto, (max-width: 1020px) 100vw, 1020px\" \/>\t\t\t\t\t\t\n\t\t\t\t\t<\/div>\n\t\t\t\t\t\t\t\t\n<style>\n#image_362277186 {\n  width: 100%;\n}\n<\/style>\n\t<\/div>\n\t\n\t<div class=\"img has-hover x md-x lg-x y md-y lg-y\" id=\"image_525636079\">\n\t\t\t\t\t\t\t\t<div class=\"img-inner dark\" >\n\t\t\t<img loading=\"lazy\" decoding=\"async\" width=\"1020\" height=\"595\" src=\"https:\/\/maison-chance.org\/wp-content\/uploads\/2021\/11\/Dao_Tao_Slider_02-1024x597.jpg\" class=\"attachment-large size-large\" alt=\"\" srcset=\"https:\/\/maison-chance.org\/wp-content\/uploads\/2021\/11\/Dao_Tao_Slider_02-1024x597.jpg 1024w, https:\/\/maison-chance.org\/wp-content\/uploads\/2021\/11\/Dao_Tao_Slider_02-300x175.jpg 300w, https:\/\/maison-chance.org\/wp-content\/uploads\/2021\/11\/Dao_Tao_Slider_02-768x448.jpg 768w, https:\/\/maison-chance.org\/wp-content\/uploads\/2021\/11\/Dao_Tao_Slider_02.jpg 1200w\" sizes=\"auto, (max-width: 1020px) 100vw, 1020px\" \/>\t\t\t\t\t\t\n\t\t\t\t\t<\/div>\n\t\t\t\t\t\t\t\t\n<style>\n#image_525636079 {\n  width: 100%;\n}\n<\/style>\n\t<\/div>\n\t\n\t<div class=\"img has-hover x md-x lg-x y md-y lg-y\" id=\"image_2057752659\">\n\t\t\t\t\t\t\t\t<div class=\"img-inner dark\" >\n\t\t\t<img loading=\"lazy\" decoding=\"async\" width=\"1020\" height=\"595\" src=\"https:\/\/maison-chance.org\/wp-content\/uploads\/2021\/11\/Dao_Tao_Slider_04-1024x597.jpg\" class=\"attachment-large size-large\" alt=\"\" srcset=\"https:\/\/maison-chance.org\/wp-content\/uploads\/2021\/11\/Dao_Tao_Slider_04-1024x597.jpg 1024w, https:\/\/maison-chance.org\/wp-content\/uploads\/2021\/11\/Dao_Tao_Slider_04-300x175.jpg 300w, https:\/\/maison-chance.org\/wp-content\/uploads\/2021\/11\/Dao_Tao_Slider_04-768x448.jpg 768w, https:\/\/maison-chance.org\/wp-content\/uploads\/2021\/11\/Dao_Tao_Slider_04.jpg 1200w\" sizes=\"auto, (max-width: 1020px) 100vw, 1020px\" \/>\t\t\t\t\t\t\n\t\t\t\t\t<\/div>\n\t\t\t\t\t\t\t\t\n<style>\n#image_2057752659 {\n  width: 100%;\n}\n<\/style>\n\t<\/div>\n\t\n     <\/div>\n\n     <div class=\"loading-spin dark large centered\"><\/div>\n\n\t<\/div>\n\n\n\n\t<section class=\"section\" id=\"section_1524321703\">\n\t\t<div class=\"section-bg fill\" >\n\t\t\t\t\t\t\t\t\t\n\t\t\t\n\n\t\t<\/div>\n\n\t\t\n\n\t\t<div class=\"section-content relative\">\n\t\t\t\n<p style=\"text-align: justify;\"><span style=\"font-family: arial, helvetica, sans-serif; font-size: 11;\">Er\u00f6ffnet am 18. Februar 2006, erstreckt sich das <a href=\"https:\/\/maison-chance.org\/de\/ueber-uns\/take-wing-center\"><strong>Take Wing Center<\/strong><\/a> \u00fcber 1.200 m\u00b2 auf zwei Etagen in U-Form, mit R\u00e4umen rund um einen zentralen Saal. Speziell f\u00fcr Menschen mit Behinderung gestaltet, erm\u00f6glichen Rampen den einfachen Transport im Rollstuhl zwischen den Etagen.<\/span><\/p>\n<p style=\"text-align: justify;\"><span style=\"font-family: arial, helvetica, sans-serif; font-size: 11;\">Hier erlernen die Teilnehmenden Berufe, die zu ihren F\u00e4higkeiten und ihrer k\u00f6rperlichen Verfassung passen, sammeln praktische Erfahrungen und bereiten sich auf die Integration in die Gesellschaft vor. Das Zentrum dient zudem als Verwaltungsb\u00fcro von <a href=\"https:\/\/maison-chance.org\/de\/ueber-uns\/the-maison-chance-shelter\"><strong>Maison Chance<\/strong><\/a>, wo Projekte koordiniert und Besucher empfangen werden.<\/span><\/p>\n<div class=\"row\"  id=\"row-2059547550\">\n\n\t<div id=\"col-577004229\" class=\"col medium-6 small-12 large-6\"  >\n\t\t\t\t<div class=\"col-inner\" style=\"background-color:rgb(240, 247, 251);\" >\n\t\t\t\n\t\t\t\n<div class=\"container section-title-container\" ><h3 class=\"section-title section-title-center\"><b aria-hidden=\"true\"><\/b><span class=\"section-title-main\" >KUNST<\/span><b aria-hidden=\"true\"><\/b><\/h3><\/div>\n\t<div class=\"img has-hover x md-x lg-x y md-y lg-y\" id=\"image_1242467158\">\n\t\t\t\t\t\t\t\t<div class=\"img-inner dark\" >\n\t\t\t<img loading=\"lazy\" decoding=\"async\" width=\"500\" height=\"360\" src=\"https:\/\/maison-chance.org\/wp-content\/uploads\/2025\/01\/banner-hoi-hoa-2025.jpg\" class=\"attachment-original size-original\" alt=\"\" srcset=\"https:\/\/maison-chance.org\/wp-content\/uploads\/2025\/01\/banner-hoi-hoa-2025.jpg 500w, https:\/\/maison-chance.org\/wp-content\/uploads\/2025\/01\/banner-hoi-hoa-2025-300x216.jpg 300w\" sizes=\"auto, (max-width: 500px) 100vw, 500px\" \/>\t\t\t\t\t\t\n\t\t\t\t\t<\/div>\n\t\t\t\t\t\t\t\t\n<style>\n#image_1242467158 {\n  width: 100%;\n}\n<\/style>\n\t<\/div>\n\t\n<p style=\"text-align: justify;\"><span style=\"font-family: arial, helvetica, sans-serif; font-size: 11;\">Die Malschule begann als Raum, um Emotionen auszudr\u00fccken und pers\u00f6nliche Geschichten zu teilen, entwickelte sich aber zu einer echten Berufsm\u00f6glichkeit. <\/span><\/p>\n<p style=\"text-align: justify;\"><span style=\"font-family: arial, helvetica, sans-serif; font-size: 11;\">Die Teilnehmenden lernen Grundlagen der Malerei, \u00d6lmalerei, Portr\u00e4ts, Gru\u00dfkarten und Auftragswerke. Moderne Techniken wie 3D Resin Epoxy erweitern die Kreativit\u00e4t und beruflichen Chancen.\u00a0<\/span><\/p>\n\t\t<\/div>\n\t\t\t\t\n<style>\n#col-577004229 > .col-inner {\n  padding: 10% 10% 10% 10%;\n}\n<\/style>\n\t<\/div>\n\n\t\n\n\t<div id=\"col-231657981\" class=\"col medium-6 small-12 large-6\"  >\n\t\t\t\t<div class=\"col-inner\" style=\"background-color:rgb(240, 247, 251);\" >\n\t\t\t\n\t\t\t\n<div class=\"container section-title-container\" ><h3 class=\"section-title section-title-center\"><b aria-hidden=\"true\"><\/b><span class=\"section-title-main\" >SCHNEIDERN &amp; STICKEN<\/span><b aria-hidden=\"true\"><\/b><\/h3><\/div>\n\t<div class=\"img has-hover x md-x lg-x y md-y lg-y\" id=\"image_1904560575\">\n\t\t\t\t\t\t\t\t<div class=\"img-inner dark\" >\n\t\t\t<img loading=\"lazy\" decoding=\"async\" width=\"500\" height=\"333\" src=\"https:\/\/maison-chance.org\/wp-content\/uploads\/2025\/01\/banner-may-mac-2025.jpg\" class=\"attachment-original size-original\" alt=\"\" srcset=\"https:\/\/maison-chance.org\/wp-content\/uploads\/2025\/01\/banner-may-mac-2025.jpg 500w, https:\/\/maison-chance.org\/wp-content\/uploads\/2025\/01\/banner-may-mac-2025-300x200.jpg 300w\" sizes=\"auto, (max-width: 500px) 100vw, 500px\" \/>\t\t\t\t\t\t\n\t\t\t\t\t<\/div>\n\t\t\t\t\t\t\t\t\n<style>\n#image_1904560575 {\n  width: 100%;\n}\n<\/style>\n\t<\/div>\n\t\n<p style=\"text-align: justify;\"><span style=\"font-family: arial, helvetica, sans-serif; font-size: 11;\">Im N\u00e4hraum erlernen die Teilnehmenden alle Produktionsschritte von Grund auf. Produkte reichen von Stofftieren, Untersetzern, Kleidung und Taschen bis zu Schl\u00fcsselanh\u00e4ngern. <\/span><\/p>\n<p style=\"text-align: justify;\"><span style=\"font-family: arial, helvetica, sans-serif; font-size: 11;\">Spezielle N\u00e4hmaschinen erm\u00f6glichen das Arbeiten auch mit Ellbogen oder ohne Fu\u00dfbedienung. Fortgeschrittene Techniken wie Handstickerei f\u00f6rdern Kreativit\u00e4t und handwerkliche F\u00e4higkeiten.<br \/><\/span><\/p>\n\t\t<\/div>\n\t\t\t\t\n<style>\n#col-231657981 > .col-inner {\n  padding: 10% 10% 10% 10%;\n}\n<\/style>\n\t<\/div>\n\n\t\n\n\t<div id=\"col-1978428093\" class=\"col medium-6 small-12 large-6\"  >\n\t\t\t\t<div class=\"col-inner\" style=\"background-color:rgb(240, 247, 251);\" >\n\t\t\t\n\t\t\t\n<div class=\"container section-title-container\" ><h3 class=\"section-title section-title-center\"><b aria-hidden=\"true\"><\/b><span class=\"section-title-main\" >INFORMATIK<\/span><b aria-hidden=\"true\"><\/b><\/h3><\/div>\n\t<div class=\"img has-hover x md-x lg-x y md-y lg-y\" id=\"image_3679918\">\n\t\t\t\t\t\t\t\t<div class=\"img-inner dark\" >\n\t\t\t<img loading=\"lazy\" decoding=\"async\" width=\"500\" height=\"333\" src=\"https:\/\/maison-chance.org\/wp-content\/uploads\/2025\/01\/banner-tin-hoc-2025.jpg\" class=\"attachment-original size-original\" alt=\"\" srcset=\"https:\/\/maison-chance.org\/wp-content\/uploads\/2025\/01\/banner-tin-hoc-2025.jpg 500w, https:\/\/maison-chance.org\/wp-content\/uploads\/2025\/01\/banner-tin-hoc-2025-300x200.jpg 300w\" sizes=\"auto, (max-width: 500px) 100vw, 500px\" \/>\t\t\t\t\t\t\n\t\t\t\t\t<\/div>\n\t\t\t\t\t\t\t\t\n<style>\n#image_3679918 {\n  width: 100%;\n}\n<\/style>\n\t<\/div>\n\t\n<p style=\"text-align: justify;\"><span style=\"font-family: arial, helvetica, sans-serif; font-size: 11;\">F\u00fcr Menschen mit Tetraplegie bietet IT eine realistische Berufsoption. Mit Computern, speziellen M\u00e4usen und Ger\u00e4ten k\u00f6nnen sie lernen, gestalten und kommunizieren.<\/span><\/p>\n<p style=\"text-align: justify;\"><span style=\"font-family: arial, helvetica, sans-serif; font-size: 11;\">Vom Computergrundlagenunterricht \u00fcber Designsoftware bis zu Webdesign mit WordPress er\u00f6ffnet dies berufliche Perspektiven, sowohl innerhalb als auch au\u00dferhalb des Zentrums.<br \/><\/span><\/p>\n\t\t<\/div>\n\t\t\t\t\n<style>\n#col-1978428093 > .col-inner {\n  padding: 10% 10% 10% 10%;\n}\n<\/style>\n\t<\/div>\n\n\t\n\n\t<div id=\"col-1561239919\" class=\"col medium-6 small-12 large-6\"  >\n\t\t\t\t<div class=\"col-inner\" style=\"background-color:rgb(240, 247, 251);\" >\n\t\t\t\n\t\t\t\n<div class=\"container section-title-container\" ><h3 class=\"section-title section-title-center\"><b aria-hidden=\"true\"><\/b><span class=\"section-title-main\" >STEINBEARBEITUNG<\/span><b aria-hidden=\"true\"><\/b><\/h3><\/div>\n\t<div class=\"img has-hover x md-x lg-x y md-y lg-y\" id=\"image_1626207594\">\n\t\t\t\t\t\t\t\t<div class=\"img-inner dark\" >\n\t\t\t<img loading=\"lazy\" decoding=\"async\" width=\"500\" height=\"333\" src=\"https:\/\/maison-chance.org\/wp-content\/uploads\/2025\/01\/banner-da-quy-2025.jpg\" class=\"attachment-original size-original\" alt=\"\" srcset=\"https:\/\/maison-chance.org\/wp-content\/uploads\/2025\/01\/banner-da-quy-2025.jpg 500w, https:\/\/maison-chance.org\/wp-content\/uploads\/2025\/01\/banner-da-quy-2025-300x200.jpg 300w\" sizes=\"auto, (max-width: 500px) 100vw, 500px\" \/>\t\t\t\t\t\t\n\t\t\t\t\t<\/div>\n\t\t\t\t\t\t\t\t\n<style>\n#image_1626207594 {\n  width: 100%;\n}\n<\/style>\n\t<\/div>\n\t\n<p style=\"text-align: justify;\"><span style=\"font-family: arial, helvetica, sans-serif; font-size: 11;\">Die Arbeit mit Edelsteinen \u2013 vom Ausw\u00e4hlen \u00fcber Schleifen bis zum Gestalten \u2013 erfordert Pr\u00e4zision, \u00e4sthetisches Empfinden und Geschick. Da alles im Sitzen erfolgt, ist diese T\u00e4tigkeit ideal f\u00fcr Rollstuhlfahrer mit guter Handbeweglichkeit.<\/span><\/p>\n<p style=\"text-align: justify;\"><span style=\"font-family: arial, helvetica, sans-serif; font-size: 11;\">So k\u00f6nnen die Teilnehmenden ihre k\u00fcnstlerischen F\u00e4higkeiten entdecken, Geduld \u00fcben und einzigartige Kunstwerke schaffen.<\/span><\/p>\n\t\t<\/div>\n\t\t\t\t\n<style>\n#col-1561239919 > .col-inner {\n  padding: 10% 10% 10% 10%;\n}\n<\/style>\n\t<\/div>\n\n\t\n<\/div>\n\t\t<\/div>\n\n\t\t\n<style>\n#section_1524321703 {\n  padding-top: 30px;\n  padding-bottom: 30px;\n}\n<\/style>\n\t<\/section>\n\t\n","protected":false},"excerpt":{"rendered":"","protected":false},"author":1,"featured_media":1579,"parent":3378,"menu_order":0,"comment_status":"closed","ping_status":"closed","template":"","meta":{"give_campaign_id":0,"footnotes":""},"class_list":["post-2583","page","type-page","status-publish","has-post-thumbnail","hentry"],"yoast_head":"<!-- This site is optimized with the Yoast SEO plugin v27.2 - https:\/\/yoast.com\/product\/yoast-seo-wordpress\/ -->\n<title>Berufsausbildung | Verein Maison Chance<\/title>\n<meta name=\"description\" content=\"Maison Chance bildet Berufe wie: N\u00e4hen, Zeichnen, Schmuck, Edelsteine \u200b\u200bund Computer aus. Jedes Zimmer hat einen eigenen Lehrer...\" \/>\n<meta name=\"robots\" content=\"index, follow, max-snippet:-1, max-image-preview:large, max-video-preview:-1\" \/>\n<link rel=\"canonical\" href=\"https:\/\/maison-chance.org\/de\/programme-und-aktivitaeten\/berufsausbildung\" \/>\n<meta property=\"og:locale\" content=\"de_DE\" \/>\n<meta property=\"og:type\" content=\"article\" \/>\n<meta property=\"og:title\" content=\"Berufsausbildung | Verein Maison Chance\" \/>\n<meta property=\"og:description\" content=\"Maison Chance bildet Berufe wie: N\u00e4hen, Zeichnen, Schmuck, Edelsteine \u200b\u200bund Computer aus. Jedes Zimmer hat einen eigenen Lehrer...\" \/>\n<meta property=\"og:url\" content=\"https:\/\/maison-chance.org\/de\/programme-und-aktivitaeten\/berufsausbildung\" \/>\n<meta property=\"og:site_name\" content=\"Maison Chance Association\" \/>\n<meta property=\"article:publisher\" content=\"https:\/\/www.facebook.com\/MaisonChance\" \/>\n<meta property=\"article:modified_time\" content=\"2025-11-20T08:30:02+00:00\" \/>\n<meta property=\"og:image\" content=\"https:\/\/maison-chance.org\/wp-content\/uploads\/2021\/09\/dao-tao-1.jpg\" \/>\n\t<meta property=\"og:image:width\" content=\"400\" \/>\n\t<meta property=\"og:image:height\" content=\"266\" \/>\n\t<meta property=\"og:image:type\" content=\"image\/jpeg\" \/>\n<meta name=\"twitter:card\" content=\"summary_large_image\" \/>\n<meta name=\"twitter:title\" content=\"Berufsausbildung | Verein Maison Chance\" \/>\n<meta name=\"twitter:description\" content=\"Maison Chance bildet Berufe wie: N\u00e4hen, Zeichnen, Schmuck, Edelsteine \u200b\u200bund Computer aus. Jedes Zimmer hat einen eigenen Lehrer...\" \/>\n<meta name=\"twitter:image\" content=\"https:\/\/maison-chance.org\/wp-content\/uploads\/2021\/09\/dao-tao-1.jpg\" \/>\n<meta name=\"twitter:site\" content=\"@MaisonChanceVN\" \/>\n<meta name=\"twitter:label1\" content=\"Gesch\u00e4tzte Lesezeit\" \/>\n\t<meta name=\"twitter:data1\" content=\"6\u00a0Minuten\" \/>\n<script type=\"application\/ld+json\" class=\"yoast-schema-graph\">{\"@context\":\"https:\/\/schema.org\",\"@graph\":[{\"@type\":\"WebPage\",\"@id\":\"https:\/\/maison-chance.org\/de\/programme-und-aktivitaeten\/berufsausbildung\",\"url\":\"https:\/\/maison-chance.org\/de\/programme-und-aktivitaeten\/berufsausbildung\",\"name\":\"Berufsausbildung | Verein Maison Chance\",\"isPartOf\":{\"@id\":\"https:\/\/maison-chance.org\/de#website\"},\"primaryImageOfPage\":{\"@id\":\"https:\/\/maison-chance.org\/de\/programme-und-aktivitaeten\/berufsausbildung#primaryimage\"},\"image\":{\"@id\":\"https:\/\/maison-chance.org\/de\/programme-und-aktivitaeten\/berufsausbildung#primaryimage\"},\"thumbnailUrl\":\"https:\/\/maison-chance.org\/wp-content\/uploads\/2021\/09\/dao-tao-1.jpg\",\"datePublished\":\"2021-10-04T09:41:38+00:00\",\"dateModified\":\"2025-11-20T08:30:02+00:00\",\"description\":\"Maison Chance bildet Berufe wie: N\u00e4hen, Zeichnen, Schmuck, Edelsteine \u200b\u200bund Computer aus. Jedes Zimmer hat einen eigenen Lehrer...\",\"breadcrumb\":{\"@id\":\"https:\/\/maison-chance.org\/de\/programme-und-aktivitaeten\/berufsausbildung#breadcrumb\"},\"inLanguage\":\"de\",\"potentialAction\":[{\"@type\":\"ReadAction\",\"target\":[\"https:\/\/maison-chance.org\/de\/programme-und-aktivitaeten\/berufsausbildung\"]}]},{\"@type\":\"ImageObject\",\"inLanguage\":\"de\",\"@id\":\"https:\/\/maison-chance.org\/de\/programme-und-aktivitaeten\/berufsausbildung#primaryimage\",\"url\":\"https:\/\/maison-chance.org\/wp-content\/uploads\/2021\/09\/dao-tao-1.jpg\",\"contentUrl\":\"https:\/\/maison-chance.org\/wp-content\/uploads\/2021\/09\/dao-tao-1.jpg\",\"width\":400,\"height\":266},{\"@type\":\"BreadcrumbList\",\"@id\":\"https:\/\/maison-chance.org\/de\/programme-und-aktivitaeten\/berufsausbildung#breadcrumb\",\"itemListElement\":[{\"@type\":\"ListItem\",\"position\":1,\"name\":\"Programme und Aktivit\u00e4ten\",\"item\":\"https:\/\/maison-chance.org\/de\/programme-und-aktivitaeten\"},{\"@type\":\"ListItem\",\"position\":2,\"name\":\"Berufsausbildung\"}]},{\"@type\":\"WebSite\",\"@id\":\"https:\/\/maison-chance.org\/de#website\",\"url\":\"https:\/\/maison-chance.org\/de\",\"name\":\"https:\/\/maison-chance.org\/\",\"description\":\"Eine Zukunft f\u00fcr die weniger Gl\u00fccklichen in Vietnam!\",\"publisher\":{\"@id\":\"https:\/\/maison-chance.org\/de#organization\"},\"potentialAction\":[{\"@type\":\"SearchAction\",\"target\":{\"@type\":\"EntryPoint\",\"urlTemplate\":\"https:\/\/maison-chance.org\/de?s={search_term_string}\"},\"query-input\":{\"@type\":\"PropertyValueSpecification\",\"valueRequired\":true,\"valueName\":\"search_term_string\"}}],\"inLanguage\":\"de\"},{\"@type\":\"Organization\",\"@id\":\"https:\/\/maison-chance.org\/de#organization\",\"name\":\"https:\/\/maison-chance.org\/\",\"url\":\"https:\/\/maison-chance.org\/de\",\"logo\":{\"@type\":\"ImageObject\",\"inLanguage\":\"de\",\"@id\":\"https:\/\/maison-chance.org\/de#\/schema\/logo\/image\/\",\"url\":\"https:\/\/maison-chance.org\/wp-content\/uploads\/2021\/09\/Featued-Logo-MC-1.jpg\",\"contentUrl\":\"https:\/\/maison-chance.org\/wp-content\/uploads\/2021\/09\/Featued-Logo-MC-1.jpg\",\"width\":500,\"height\":313,\"caption\":\"https:\/\/maison-chance.org\/\"},\"image\":{\"@id\":\"https:\/\/maison-chance.org\/de#\/schema\/logo\/image\/\"},\"sameAs\":[\"https:\/\/www.facebook.com\/MaisonChance\",\"https:\/\/x.com\/MaisonChanceVN\",\"https:\/\/www.instagram.com\/maisonchance\/\",\"https:\/\/www.youtube.com\/c\/MaisonChanceVideo\"]}]}<\/script>\n<!-- \/ Yoast SEO plugin. -->","yoast_head_json":{"title":"Berufsausbildung | Verein Maison Chance","description":"Maison Chance bildet Berufe wie: N\u00e4hen, Zeichnen, Schmuck, Edelsteine \u200b\u200bund Computer aus. Jedes Zimmer hat einen eigenen Lehrer...","robots":{"index":"index","follow":"follow","max-snippet":"max-snippet:-1","max-image-preview":"max-image-preview:large","max-video-preview":"max-video-preview:-1"},"canonical":"https:\/\/maison-chance.org\/de\/programme-und-aktivitaeten\/berufsausbildung","og_locale":"de_DE","og_type":"article","og_title":"Berufsausbildung | Verein Maison Chance","og_description":"Maison Chance bildet Berufe wie: N\u00e4hen, Zeichnen, Schmuck, Edelsteine \u200b\u200bund Computer aus. Jedes Zimmer hat einen eigenen Lehrer...","og_url":"https:\/\/maison-chance.org\/de\/programme-und-aktivitaeten\/berufsausbildung","og_site_name":"Maison Chance Association","article_publisher":"https:\/\/www.facebook.com\/MaisonChance","article_modified_time":"2025-11-20T08:30:02+00:00","og_image":[{"width":400,"height":266,"url":"https:\/\/maison-chance.org\/wp-content\/uploads\/2021\/09\/dao-tao-1.jpg","type":"image\/jpeg"}],"twitter_card":"summary_large_image","twitter_title":"Berufsausbildung | Verein Maison Chance","twitter_description":"Maison Chance bildet Berufe wie: N\u00e4hen, Zeichnen, Schmuck, Edelsteine \u200b\u200bund Computer aus. Jedes Zimmer hat einen eigenen Lehrer...","twitter_image":"https:\/\/maison-chance.org\/wp-content\/uploads\/2021\/09\/dao-tao-1.jpg","twitter_site":"@MaisonChanceVN","twitter_misc":{"Gesch\u00e4tzte Lesezeit":"6\u00a0Minuten"},"schema":{"@context":"https:\/\/schema.org","@graph":[{"@type":"WebPage","@id":"https:\/\/maison-chance.org\/de\/programme-und-aktivitaeten\/berufsausbildung","url":"https:\/\/maison-chance.org\/de\/programme-und-aktivitaeten\/berufsausbildung","name":"Berufsausbildung | Verein Maison Chance","isPartOf":{"@id":"https:\/\/maison-chance.org\/de#website"},"primaryImageOfPage":{"@id":"https:\/\/maison-chance.org\/de\/programme-und-aktivitaeten\/berufsausbildung#primaryimage"},"image":{"@id":"https:\/\/maison-chance.org\/de\/programme-und-aktivitaeten\/berufsausbildung#primaryimage"},"thumbnailUrl":"https:\/\/maison-chance.org\/wp-content\/uploads\/2021\/09\/dao-tao-1.jpg","datePublished":"2021-10-04T09:41:38+00:00","dateModified":"2025-11-20T08:30:02+00:00","description":"Maison Chance bildet Berufe wie: N\u00e4hen, Zeichnen, Schmuck, Edelsteine \u200b\u200bund Computer aus. Jedes Zimmer hat einen eigenen Lehrer...","breadcrumb":{"@id":"https:\/\/maison-chance.org\/de\/programme-und-aktivitaeten\/berufsausbildung#breadcrumb"},"inLanguage":"de","potentialAction":[{"@type":"ReadAction","target":["https:\/\/maison-chance.org\/de\/programme-und-aktivitaeten\/berufsausbildung"]}]},{"@type":"ImageObject","inLanguage":"de","@id":"https:\/\/maison-chance.org\/de\/programme-und-aktivitaeten\/berufsausbildung#primaryimage","url":"https:\/\/maison-chance.org\/wp-content\/uploads\/2021\/09\/dao-tao-1.jpg","contentUrl":"https:\/\/maison-chance.org\/wp-content\/uploads\/2021\/09\/dao-tao-1.jpg","width":400,"height":266},{"@type":"BreadcrumbList","@id":"https:\/\/maison-chance.org\/de\/programme-und-aktivitaeten\/berufsausbildung#breadcrumb","itemListElement":[{"@type":"ListItem","position":1,"name":"Programme und Aktivit\u00e4ten","item":"https:\/\/maison-chance.org\/de\/programme-und-aktivitaeten"},{"@type":"ListItem","position":2,"name":"Berufsausbildung"}]},{"@type":"WebSite","@id":"https:\/\/maison-chance.org\/de#website","url":"https:\/\/maison-chance.org\/de","name":"https:\/\/maison-chance.org\/","description":"Eine Zukunft f\u00fcr die weniger Gl\u00fccklichen in Vietnam!","publisher":{"@id":"https:\/\/maison-chance.org\/de#organization"},"potentialAction":[{"@type":"SearchAction","target":{"@type":"EntryPoint","urlTemplate":"https:\/\/maison-chance.org\/de?s={search_term_string}"},"query-input":{"@type":"PropertyValueSpecification","valueRequired":true,"valueName":"search_term_string"}}],"inLanguage":"de"},{"@type":"Organization","@id":"https:\/\/maison-chance.org\/de#organization","name":"https:\/\/maison-chance.org\/","url":"https:\/\/maison-chance.org\/de","logo":{"@type":"ImageObject","inLanguage":"de","@id":"https:\/\/maison-chance.org\/de#\/schema\/logo\/image\/","url":"https:\/\/maison-chance.org\/wp-content\/uploads\/2021\/09\/Featued-Logo-MC-1.jpg","contentUrl":"https:\/\/maison-chance.org\/wp-content\/uploads\/2021\/09\/Featued-Logo-MC-1.jpg","width":500,"height":313,"caption":"https:\/\/maison-chance.org\/"},"image":{"@id":"https:\/\/maison-chance.org\/de#\/schema\/logo\/image\/"},"sameAs":["https:\/\/www.facebook.com\/MaisonChance","https:\/\/x.com\/MaisonChanceVN","https:\/\/www.instagram.com\/maisonchance\/","https:\/\/www.youtube.com\/c\/MaisonChanceVideo"]}]}},"campaignId":"","_links":{"self":[{"href":"https:\/\/maison-chance.org\/de\/wp-json\/wp\/v2\/pages\/2583","targetHints":{"allow":["GET"]}}],"collection":[{"href":"https:\/\/maison-chance.org\/de\/wp-json\/wp\/v2\/pages"}],"about":[{"href":"https:\/\/maison-chance.org\/de\/wp-json\/wp\/v2\/types\/page"}],"author":[{"embeddable":true,"href":"https:\/\/maison-chance.org\/de\/wp-json\/wp\/v2\/users\/1"}],"replies":[{"embeddable":true,"href":"https:\/\/maison-chance.org\/de\/wp-json\/wp\/v2\/comments?post=2583"}],"version-history":[{"count":21,"href":"https:\/\/maison-chance.org\/de\/wp-json\/wp\/v2\/pages\/2583\/revisions"}],"predecessor-version":[{"id":42994,"href":"https:\/\/maison-chance.org\/de\/wp-json\/wp\/v2\/pages\/2583\/revisions\/42994"}],"up":[{"embeddable":true,"href":"https:\/\/maison-chance.org\/de\/wp-json\/wp\/v2\/pages\/3378"}],"wp:featuredmedia":[{"embeddable":true,"href":"https:\/\/maison-chance.org\/de\/wp-json\/wp\/v2\/media\/1579"}],"wp:attachment":[{"href":"https:\/\/maison-chance.org\/de\/wp-json\/wp\/v2\/media?parent=2583"}],"curies":[{"name":"wp","href":"https:\/\/api.w.org\/{rel}","templated":true}]}}