{"id":27887,"date":"2021-09-13T07:19:49","date_gmt":"2021-09-13T07:19:49","guid":{"rendered":"https:\/\/maison-chance.org\/ueber-uns\/village-chance\/"},"modified":"2022-08-01T08:33:38","modified_gmt":"2022-08-01T01:33:38","slug":"village-chance","status":"publish","type":"page","link":"https:\/\/maison-chance.org\/de\/ueber-uns\/village-chance","title":{"rendered":"Village Chance"},"content":{"rendered":"\t<div id=\"gap-1472078685\" class=\"gap-element clearfix\" style=\"display:block; height:auto;\">\n\t\t\n<style>\n#gap-1472078685 {\n  padding-top: 20px;\n}\n<\/style>\n\t<\/div>\n\t\n<div class=\"row row-collapse row-full-width align-middle align-center\"  id=\"row-1964398988\">\n\n\t<div id=\"col-1097218381\" class=\"col medium-12 small-12 large-7 medium-col-first\"  >\n\t\t\t\t<div class=\"col-inner\"  >\n\t\t\t\n\t\t\t\n\n  <div class=\"banner has-hover\" id=\"banner-1359721541\">\n          <div class=\"banner-inner fill\">\n        <div class=\"banner-bg fill\" >\n            <img loading=\"lazy\" decoding=\"async\" width=\"1000\" height=\"665\" src=\"https:\/\/maison-chance.org\/wp-content\/uploads\/2021\/11\/Lang-May_Man-01.jpg\" class=\"bg attachment-original size-original\" alt=\"L\u00e0ng May M\u1eafn\" \/>                                    \n                    <\/div>\n\t\t\n        <div class=\"banner-layers container\">\n            <div class=\"fill banner-link\"><\/div>            \n        <\/div>\n      <\/div>\n\n            \n<style>\n#banner-1359721541 {\n  padding-top: 300px;\n  background-color: rgb(255, 255, 255);\n}\n#banner-1359721541 .banner-bg img {\n  object-position: 15% 60%;\n}\n@media (min-width:550px) {\n  #banner-1359721541 {\n    padding-top: 500px;\n  }\n}\n@media (min-width:850px) {\n  #banner-1359721541 {\n    padding-top: 300px;\n  }\n}\n<\/style>\n  <\/div>\n\n\n\t\t<\/div>\n\t\t\t\t\t<\/div>\n\n\t\n\n\t<div id=\"col-521917970\" class=\"col medium-10 small-11 large-5\"  >\n\t\t\t\t<div class=\"col-inner\" style=\"background-color:rgb(255, 255, 255);\" >\n\t\t\t\n\t\t\t\n\t<div id=\"text-2147063826\" class=\"text\">\n\t\t\n<p style=\"text-align: justify;\"><span style=\"font-family: arial,helvetica,sans-serif;\"><span style=\"font-size: 11pt;\">Alle Programme von Maison Chance zielen darauf ab, den Beg\u00fcnstigten dabei zu helfen, ihr Selbstvertrauen und ihre Selbstbestimmung im t\u00e4glichen Leben wiederzuerlangen. Ein Unfall, der zu einer k\u00f6rperlichen Behinderung f\u00fchrt, ist f\u00fcr die Betroffenen oft ein psychologischer Schock. Sie leiden unter Depressionen, Verzweiflung und dem Gef\u00fchl, wertlos zu sein, und f\u00fchlen sich als Belastung f\u00fcr ihre Familien und die Gesellschaft.<br \/>\nMaison Chance unterst\u00fctzt die Betroffenen bei der \u00dcberwindung dieser Gef\u00fchle, indem ihnen geholfen wird, eine neue Arbeit zu finden, die ihren M\u00f6glichkeiten und F\u00e4higkeiten entspricht.<\/span><\/span><\/p>\n\t\t\n<style>\n#text-2147063826 {\n  text-align: center;\n}\n<\/style>\n\t<\/div>\n\t\n\t\t<\/div>\n\t\t\t\t\n<style>\n#col-521917970 > .col-inner {\n  padding: 50px 0px 50px 0px;\n}\n@media (min-width:850px) {\n  #col-521917970 > .col-inner {\n    padding: 0px 10% 0px 10%;\n  }\n}\n<\/style>\n\t<\/div>\n\n\t\n<\/div>\n<div class=\"row row-collapse row-full-width align-middle align-center\"  id=\"row-619984972\">\n\n\t<div id=\"col-1998383235\" class=\"col medium-12 small-12 large-4\"  >\n\t\t\t\t<div class=\"col-inner\"  >\n\t\t\t\n\t\t\t\n\n  <div class=\"banner has-hover\" id=\"banner-894344364\">\n          <div class=\"banner-inner fill\">\n        <div class=\"banner-bg fill\" >\n            <img loading=\"lazy\" decoding=\"async\" width=\"1000\" height=\"665\" src=\"https:\/\/maison-chance.org\/wp-content\/uploads\/2021\/11\/Lang-May_Man-05.jpg\" class=\"bg attachment-original size-original\" alt=\"\" \/>                                    \n                    <\/div>\n\t\t\n        <div class=\"banner-layers container\">\n            <div class=\"fill banner-link\"><\/div>            \n        <\/div>\n      <\/div>\n\n            \n<style>\n#banner-894344364 {\n  padding-top: 300;\n  background-color: rgb(255, 255, 255);\n}\n#banner-894344364 .banner-bg img {\n  object-position: 72% 71%;\n}\n@media (min-width:550px) {\n  #banner-894344364 {\n    padding-top: 300px;\n  }\n}\n<\/style>\n  <\/div>\n\n\n\t\t<\/div>\n\t\t\t\t\t<\/div>\n\n\t\n\n\t<div id=\"col-600922445\" class=\"col medium-10 small-11 large-4\"  >\n\t\t\t\t<div class=\"col-inner\"  >\n\t\t\t\n\t\t\t\n\t<div id=\"gap-608983399\" class=\"gap-element clearfix\" style=\"display:block; height:auto;\">\n\t\t\n<style>\n#gap-608983399 {\n  padding-top: 50px;\n}\n<\/style>\n\t<\/div>\n\t\n\t<div id=\"text-2183957948\" class=\"text\">\n\t\t\n<p style=\"text-align: justify;\"><span style=\"font-family: arial,helvetica,sans-serif;\"><span style=\"font-size: 11pt;\">So k\u00f6nnen sie wieder arbeiten, sich in die Gesellschaft integrieren und ein eigenst\u00e4ndiges und selbstbestimmtes Leben f\u00fchren.<br \/>\nMenschen mit Behinderungen sto\u00dfen jedoch nach ihrem Ausscheiden aus dem Maison Chance oft auf Schwierigkeiten, da sie keine geeignete Unterkunft f\u00fcr Rollstuhlfahrer finden und die Miete im Vergleich zu ihrem Einkommen oft sehr teuer ist, insbesondere in Gro\u00dfst\u00e4dten wie Saigon. Als Antwort auf das oben genannte Problem hat Maison Chance eine Einrichtung entwickelt, die f\u00fcr Rollstuhlfahrer zug\u00e4nglich und erschwinglich ist.<\/span><\/span><\/p>\n\t\t\n<style>\n#text-2183957948 {\n  font-size: 1.25rem;\n  text-align: center;\n}\n<\/style>\n\t<\/div>\n\t\n\t\t<\/div>\n\t\t\t\t\n<style>\n#col-600922445 > .col-inner {\n  padding: 50px 0px 50px 0;\n}\n@media (min-width:850px) {\n  #col-600922445 > .col-inner {\n    padding: 0px 10% 0px 10%;\n  }\n}\n<\/style>\n\t<\/div>\n\n\t\n\n\t<div id=\"col-625531486\" class=\"col medium-12 small-12 large-4\"  >\n\t\t\t\t<div class=\"col-inner\"  >\n\t\t\t\n\t\t\t\n\n  <div class=\"banner has-hover\" id=\"banner-149147380\">\n          <div class=\"banner-inner fill\">\n        <div class=\"banner-bg fill\" >\n            <img loading=\"lazy\" decoding=\"async\" width=\"1000\" height=\"666\" src=\"https:\/\/maison-chance.org\/wp-content\/uploads\/2021\/11\/Lang-May_Man-04.jpg\" class=\"bg attachment-original size-original\" alt=\"\" \/>                                    \n                    <\/div>\n\t\t\n        <div class=\"banner-layers container\">\n            <div class=\"fill banner-link\"><\/div>            \n        <\/div>\n      <\/div>\n\n            \n<style>\n#banner-149147380 {\n  padding-top: 300px;\n  background-color: rgb(255, 255, 255);\n}\n#banner-149147380 .banner-bg img {\n  object-position: 100% 89%;\n}\n@media (min-width:550px) {\n  #banner-149147380 {\n    padding-top: 300px;\n  }\n}\n<\/style>\n  <\/div>\n\n\n\t\t<\/div>\n\t\t\t\t\t<\/div>\n\n\t\n<\/div>\n<div class=\"row row-collapse row-full-width align-middle align-center\"  id=\"row-588139168\">\n\n\t<div id=\"col-134259340\" class=\"col medium-10 small-12 large-4\"  >\n\t\t\t\t<div class=\"col-inner\"  >\n\t\t\t\n\t\t\t\n<div class=\"row align-middle align-center\"  id=\"row-30797438\">\n\n\t<div id=\"col-2045262402\" class=\"col medium-12 small-11 large-12\"  >\n\t\t\t\t<div class=\"col-inner text-left\"  >\n\t\t\t\n\t\t\t\n\t<div id=\"gap-557342169\" class=\"gap-element clearfix\" style=\"display:block; height:auto;\">\n\t\t\n<style>\n#gap-557342169 {\n  padding-top: 50px;\n}\n<\/style>\n\t<\/div>\n\t\n<p style=\"text-align: justify;\"><span style=\"font-family: arial,helvetica,sans-serif;\"><span style=\"font-size: 11pt;\">Village Chance, ein Komplex von Schulen und Wohnungen f\u00fcr Menschen im Rollstuhl, wurde 2011 gegr\u00fcndet. Die P-f\u00f6rmige Anlage hat eine Fl\u00e4che von 3.513 m2 und umfasst eine Grundschule, einen Kindergarten, Sonderprogramme f\u00fcr rund 220 Sch\u00fcler, ein Hydrotherapiebecken, eine B\u00e4ckerei und ein hauseigenes Restaurant.<\/span><\/span><\/p>\n\t\t<\/div>\n\t\t\t\t\n<style>\n#col-2045262402 > .col-inner {\n  padding: 0px 0px 0px 0px;\n}\n@media (min-width:850px) {\n  #col-2045262402 > .col-inner {\n    padding: 0px 15% 0px 10%;\n  }\n}\n<\/style>\n\t<\/div>\n\n\t\n<\/div>\n\t\t<\/div>\n\t\t\t\t\t<\/div>\n\n\t\n\n\t<div id=\"col-1913420950\" class=\"col medium-12 small-12 large-8\"  >\n\t\t\t\t<div class=\"col-inner\"  >\n\t\t\t\n\t\t\t\n\n  <div class=\"banner has-hover\" id=\"banner-521983647\">\n          <div class=\"banner-inner fill\">\n        <div class=\"banner-bg fill\" >\n            <img loading=\"lazy\" decoding=\"async\" width=\"1000\" height=\"667\" src=\"https:\/\/maison-chance.org\/wp-content\/uploads\/2021\/11\/Lang-May_Man-06.jpg\" class=\"bg attachment-original size-original\" alt=\"\" \/>                                    \n                    <\/div>\n\t\t\n        <div class=\"banner-layers container\">\n            <div class=\"fill banner-link\"><\/div>            \n        <\/div>\n      <\/div>\n\n            \n<style>\n#banner-521983647 {\n  padding-top: 150px;\n  background-color: rgb(255, 255, 255);\n}\n#banner-521983647 .banner-bg img {\n  object-position: 65% 80%;\n}\n@media (min-width:550px) {\n  #banner-521983647 {\n    padding-top: 250px;\n  }\n}\n@media (min-width:850px) {\n  #banner-521983647 {\n    padding-top: 380px;\n  }\n}\n<\/style>\n  <\/div>\n\n\n\t\t<\/div>\n\t\t\t\t\t<\/div>\n\n\t\n<\/div>\n<div class=\"row row-collapse row-full-width align-middle align-center\"  id=\"row-1540363928\">\n\n\t<div id=\"col-1530331675\" class=\"col medium-12 small-12 large-8\"  >\n\t\t\t\t<div class=\"col-inner\"  >\n\t\t\t\n\t\t\t\n\n  <div class=\"banner has-hover\" id=\"banner-523386957\">\n          <div class=\"banner-inner fill\">\n        <div class=\"banner-bg fill\" >\n            <img loading=\"lazy\" decoding=\"async\" width=\"1000\" height=\"667\" src=\"https:\/\/maison-chance.org\/wp-content\/uploads\/2021\/11\/Lang-May_Man-08.jpg\" class=\"bg attachment-original size-original\" alt=\"\" \/>                                    \n                    <\/div>\n\t\t\n        <div class=\"banner-layers container\">\n            <div class=\"fill banner-link\"><\/div>            \n        <\/div>\n      <\/div>\n\n            \n<style>\n#banner-523386957 {\n  padding-top: 300px;\n  background-color: rgb(255, 255, 255);\n}\n#banner-523386957 .banner-bg img {\n  object-position: 58% 49%;\n}\n@media (min-width:550px) {\n  #banner-523386957 {\n    padding-top: 500px;\n  }\n}\n@media (min-width:850px) {\n  #banner-523386957 {\n    padding-top: 300px;\n  }\n}\n<\/style>\n  <\/div>\n\n\n\t\t<\/div>\n\t\t\t\t\t<\/div>\n\n\t\n\n\t<div id=\"col-1614399160\" class=\"col medium-11 small-12 large-4\"  >\n\t\t\t\t<div class=\"col-inner text-left\"  >\n\t\t\t\n\t\t\t\n\t<div id=\"gap-154009613\" class=\"gap-element clearfix\" style=\"display:block; height:auto;\">\n\t\t\n<style>\n#gap-154009613 {\n  padding-top: 70px;\n}\n@media (min-width:850px) {\n  #gap-154009613 {\n    padding-top: 50px;\n  }\n}\n<\/style>\n\t<\/div>\n\t\n<p style=\"text-align: justify;\"><span style=\"font-family: arial,helvetica,sans-serif;\"><span style=\"font-size: 11pt;\">Mehr als 40 Haushalte mit behinderten Erwachsenen, ihren Ehepartnern und Kindern leben derzeit in dem angepassten Wohnkomplex (die Gesamtzahl der Bewohner betr\u00e4gt etwa 100 Personen).<\/span><\/span><\/p>\n\t\t<\/div>\n\t\t\t\t\n<style>\n#col-1614399160 > .col-inner {\n  padding: 0px 50px 50px 50px;\n}\n@media (min-width:850px) {\n  #col-1614399160 > .col-inner {\n    padding: 0px 10% 0px 25%;\n  }\n}\n<\/style>\n\t<\/div>\n\n\t\n<\/div>\n","protected":false},"excerpt":{"rendered":"","protected":false},"author":1,"featured_media":5634,"parent":2697,"menu_order":0,"comment_status":"closed","ping_status":"closed","template":"","meta":{"give_campaign_id":0,"footnotes":""},"class_list":["post-27887","page","type-page","status-publish","has-post-thumbnail","hentry"],"yoast_head":"<!-- This site is optimized with the Yoast SEO plugin v27.2 - https:\/\/yoast.com\/product\/yoast-seo-wordpress\/ -->\n<title>Village Chance | Maison Chance Association<\/title>\n<meta name=\"description\" content=\"Village Chance, a complex of schools and apartments for people who use wheelchairs, was founded in 2011. The P-shaped facility covers 3,513m2\" \/>\n<meta name=\"robots\" content=\"index, follow, max-snippet:-1, max-image-preview:large, max-video-preview:-1\" \/>\n<link rel=\"canonical\" href=\"https:\/\/maison-chance.org\/de\/ueber-uns\/village-chance\" \/>\n<meta property=\"og:locale\" content=\"de_DE\" \/>\n<meta property=\"og:type\" content=\"article\" \/>\n<meta property=\"og:title\" content=\"Village Chance | Maison Chance Association\" \/>\n<meta property=\"og:description\" content=\"Village Chance, a complex of schools and apartments for people who use wheelchairs, was founded in 2011. The P-shaped facility covers 3,513m2\" \/>\n<meta property=\"og:url\" content=\"https:\/\/maison-chance.org\/de\/ueber-uns\/village-chance\" \/>\n<meta property=\"og:site_name\" content=\"Maison Chance Association\" \/>\n<meta property=\"article:publisher\" content=\"https:\/\/www.facebook.com\/MaisonChance\" \/>\n<meta property=\"article:modified_time\" content=\"2022-08-01T01:33:38+00:00\" \/>\n<meta property=\"og:image\" content=\"https:\/\/maison-chance.org\/wp-content\/uploads\/2021\/11\/Lang-May_Man-01.jpg\" \/>\n\t<meta property=\"og:image:width\" content=\"1000\" \/>\n\t<meta property=\"og:image:height\" content=\"665\" \/>\n\t<meta property=\"og:image:type\" content=\"image\/jpeg\" \/>\n<meta name=\"twitter:card\" content=\"summary_large_image\" \/>\n<meta name=\"twitter:site\" content=\"@MaisonChanceVN\" \/>\n<meta name=\"twitter:label1\" content=\"Gesch\u00e4tzte Lesezeit\" \/>\n\t<meta name=\"twitter:data1\" content=\"3\u00a0Minuten\" \/>\n<script type=\"application\/ld+json\" class=\"yoast-schema-graph\">{\"@context\":\"https:\/\/schema.org\",\"@graph\":[{\"@type\":\"WebPage\",\"@id\":\"https:\/\/maison-chance.org\/de\/ueber-uns\/village-chance\",\"url\":\"https:\/\/maison-chance.org\/de\/ueber-uns\/village-chance\",\"name\":\"Village Chance | Maison Chance Association\",\"isPartOf\":{\"@id\":\"https:\/\/maison-chance.org\/de#website\"},\"primaryImageOfPage\":{\"@id\":\"https:\/\/maison-chance.org\/de\/ueber-uns\/village-chance#primaryimage\"},\"image\":{\"@id\":\"https:\/\/maison-chance.org\/de\/ueber-uns\/village-chance#primaryimage\"},\"thumbnailUrl\":\"https:\/\/maison-chance.org\/wp-content\/uploads\/2021\/11\/Lang-May_Man-01.jpg\",\"datePublished\":\"2021-09-13T07:19:49+00:00\",\"dateModified\":\"2022-08-01T01:33:38+00:00\",\"description\":\"Village Chance, a complex of schools and apartments for people who use wheelchairs, was founded in 2011. The P-shaped facility covers 3,513m2\",\"breadcrumb\":{\"@id\":\"https:\/\/maison-chance.org\/de\/ueber-uns\/village-chance#breadcrumb\"},\"inLanguage\":\"de\",\"potentialAction\":[{\"@type\":\"ReadAction\",\"target\":[\"https:\/\/maison-chance.org\/de\/ueber-uns\/village-chance\"]}]},{\"@type\":\"ImageObject\",\"inLanguage\":\"de\",\"@id\":\"https:\/\/maison-chance.org\/de\/ueber-uns\/village-chance#primaryimage\",\"url\":\"https:\/\/maison-chance.org\/wp-content\/uploads\/2021\/11\/Lang-May_Man-01.jpg\",\"contentUrl\":\"https:\/\/maison-chance.org\/wp-content\/uploads\/2021\/11\/Lang-May_Man-01.jpg\",\"width\":1000,\"height\":665,\"caption\":\"L\u00e0ng May M\u1eafn\"},{\"@type\":\"BreadcrumbList\",\"@id\":\"https:\/\/maison-chance.org\/de\/ueber-uns\/village-chance#breadcrumb\",\"itemListElement\":[{\"@type\":\"ListItem\",\"position\":1,\"name\":\"\u00dcber Uns\",\"item\":\"https:\/\/maison-chance.org\/de\/ueber-uns\"},{\"@type\":\"ListItem\",\"position\":2,\"name\":\"Village Chance\"}]},{\"@type\":\"WebSite\",\"@id\":\"https:\/\/maison-chance.org\/de#website\",\"url\":\"https:\/\/maison-chance.org\/de\",\"name\":\"https:\/\/maison-chance.org\/\",\"description\":\"Eine Zukunft f\u00fcr die weniger Gl\u00fccklichen in Vietnam!\",\"publisher\":{\"@id\":\"https:\/\/maison-chance.org\/de#organization\"},\"potentialAction\":[{\"@type\":\"SearchAction\",\"target\":{\"@type\":\"EntryPoint\",\"urlTemplate\":\"https:\/\/maison-chance.org\/de?s={search_term_string}\"},\"query-input\":{\"@type\":\"PropertyValueSpecification\",\"valueRequired\":true,\"valueName\":\"search_term_string\"}}],\"inLanguage\":\"de\"},{\"@type\":\"Organization\",\"@id\":\"https:\/\/maison-chance.org\/de#organization\",\"name\":\"https:\/\/maison-chance.org\/\",\"url\":\"https:\/\/maison-chance.org\/de\",\"logo\":{\"@type\":\"ImageObject\",\"inLanguage\":\"de\",\"@id\":\"https:\/\/maison-chance.org\/de#\/schema\/logo\/image\/\",\"url\":\"https:\/\/maison-chance.org\/wp-content\/uploads\/2021\/09\/Featued-Logo-MC-1.jpg\",\"contentUrl\":\"https:\/\/maison-chance.org\/wp-content\/uploads\/2021\/09\/Featued-Logo-MC-1.jpg\",\"width\":500,\"height\":313,\"caption\":\"https:\/\/maison-chance.org\/\"},\"image\":{\"@id\":\"https:\/\/maison-chance.org\/de#\/schema\/logo\/image\/\"},\"sameAs\":[\"https:\/\/www.facebook.com\/MaisonChance\",\"https:\/\/x.com\/MaisonChanceVN\",\"https:\/\/www.instagram.com\/maisonchance\/\",\"https:\/\/www.youtube.com\/c\/MaisonChanceVideo\"]}]}<\/script>\n<!-- \/ Yoast SEO plugin. -->","yoast_head_json":{"title":"Village Chance | Maison Chance Association","description":"Village Chance, a complex of schools and apartments for people who use wheelchairs, was founded in 2011. The P-shaped facility covers 3,513m2","robots":{"index":"index","follow":"follow","max-snippet":"max-snippet:-1","max-image-preview":"max-image-preview:large","max-video-preview":"max-video-preview:-1"},"canonical":"https:\/\/maison-chance.org\/de\/ueber-uns\/village-chance","og_locale":"de_DE","og_type":"article","og_title":"Village Chance | Maison Chance Association","og_description":"Village Chance, a complex of schools and apartments for people who use wheelchairs, was founded in 2011. The P-shaped facility covers 3,513m2","og_url":"https:\/\/maison-chance.org\/de\/ueber-uns\/village-chance","og_site_name":"Maison Chance Association","article_publisher":"https:\/\/www.facebook.com\/MaisonChance","article_modified_time":"2022-08-01T01:33:38+00:00","og_image":[{"width":1000,"height":665,"url":"https:\/\/maison-chance.org\/wp-content\/uploads\/2021\/11\/Lang-May_Man-01.jpg","type":"image\/jpeg"}],"twitter_card":"summary_large_image","twitter_site":"@MaisonChanceVN","twitter_misc":{"Gesch\u00e4tzte Lesezeit":"3\u00a0Minuten"},"schema":{"@context":"https:\/\/schema.org","@graph":[{"@type":"WebPage","@id":"https:\/\/maison-chance.org\/de\/ueber-uns\/village-chance","url":"https:\/\/maison-chance.org\/de\/ueber-uns\/village-chance","name":"Village Chance | Maison Chance Association","isPartOf":{"@id":"https:\/\/maison-chance.org\/de#website"},"primaryImageOfPage":{"@id":"https:\/\/maison-chance.org\/de\/ueber-uns\/village-chance#primaryimage"},"image":{"@id":"https:\/\/maison-chance.org\/de\/ueber-uns\/village-chance#primaryimage"},"thumbnailUrl":"https:\/\/maison-chance.org\/wp-content\/uploads\/2021\/11\/Lang-May_Man-01.jpg","datePublished":"2021-09-13T07:19:49+00:00","dateModified":"2022-08-01T01:33:38+00:00","description":"Village Chance, a complex of schools and apartments for people who use wheelchairs, was founded in 2011. The P-shaped facility covers 3,513m2","breadcrumb":{"@id":"https:\/\/maison-chance.org\/de\/ueber-uns\/village-chance#breadcrumb"},"inLanguage":"de","potentialAction":[{"@type":"ReadAction","target":["https:\/\/maison-chance.org\/de\/ueber-uns\/village-chance"]}]},{"@type":"ImageObject","inLanguage":"de","@id":"https:\/\/maison-chance.org\/de\/ueber-uns\/village-chance#primaryimage","url":"https:\/\/maison-chance.org\/wp-content\/uploads\/2021\/11\/Lang-May_Man-01.jpg","contentUrl":"https:\/\/maison-chance.org\/wp-content\/uploads\/2021\/11\/Lang-May_Man-01.jpg","width":1000,"height":665,"caption":"L\u00e0ng May M\u1eafn"},{"@type":"BreadcrumbList","@id":"https:\/\/maison-chance.org\/de\/ueber-uns\/village-chance#breadcrumb","itemListElement":[{"@type":"ListItem","position":1,"name":"\u00dcber Uns","item":"https:\/\/maison-chance.org\/de\/ueber-uns"},{"@type":"ListItem","position":2,"name":"Village Chance"}]},{"@type":"WebSite","@id":"https:\/\/maison-chance.org\/de#website","url":"https:\/\/maison-chance.org\/de","name":"https:\/\/maison-chance.org\/","description":"Eine Zukunft f\u00fcr die weniger Gl\u00fccklichen in Vietnam!","publisher":{"@id":"https:\/\/maison-chance.org\/de#organization"},"potentialAction":[{"@type":"SearchAction","target":{"@type":"EntryPoint","urlTemplate":"https:\/\/maison-chance.org\/de?s={search_term_string}"},"query-input":{"@type":"PropertyValueSpecification","valueRequired":true,"valueName":"search_term_string"}}],"inLanguage":"de"},{"@type":"Organization","@id":"https:\/\/maison-chance.org\/de#organization","name":"https:\/\/maison-chance.org\/","url":"https:\/\/maison-chance.org\/de","logo":{"@type":"ImageObject","inLanguage":"de","@id":"https:\/\/maison-chance.org\/de#\/schema\/logo\/image\/","url":"https:\/\/maison-chance.org\/wp-content\/uploads\/2021\/09\/Featued-Logo-MC-1.jpg","contentUrl":"https:\/\/maison-chance.org\/wp-content\/uploads\/2021\/09\/Featued-Logo-MC-1.jpg","width":500,"height":313,"caption":"https:\/\/maison-chance.org\/"},"image":{"@id":"https:\/\/maison-chance.org\/de#\/schema\/logo\/image\/"},"sameAs":["https:\/\/www.facebook.com\/MaisonChance","https:\/\/x.com\/MaisonChanceVN","https:\/\/www.instagram.com\/maisonchance\/","https:\/\/www.youtube.com\/c\/MaisonChanceVideo"]}]}},"campaignId":"","_links":{"self":[{"href":"https:\/\/maison-chance.org\/de\/wp-json\/wp\/v2\/pages\/27887","targetHints":{"allow":["GET"]}}],"collection":[{"href":"https:\/\/maison-chance.org\/de\/wp-json\/wp\/v2\/pages"}],"about":[{"href":"https:\/\/maison-chance.org\/de\/wp-json\/wp\/v2\/types\/page"}],"author":[{"embeddable":true,"href":"https:\/\/maison-chance.org\/de\/wp-json\/wp\/v2\/users\/1"}],"replies":[{"embeddable":true,"href":"https:\/\/maison-chance.org\/de\/wp-json\/wp\/v2\/comments?post=27887"}],"version-history":[{"count":4,"href":"https:\/\/maison-chance.org\/de\/wp-json\/wp\/v2\/pages\/27887\/revisions"}],"predecessor-version":[{"id":39006,"href":"https:\/\/maison-chance.org\/de\/wp-json\/wp\/v2\/pages\/27887\/revisions\/39006"}],"up":[{"embeddable":true,"href":"https:\/\/maison-chance.org\/de\/wp-json\/wp\/v2\/pages\/2697"}],"wp:featuredmedia":[{"embeddable":true,"href":"https:\/\/maison-chance.org\/de\/wp-json\/wp\/v2\/media\/5634"}],"wp:attachment":[{"href":"https:\/\/maison-chance.org\/de\/wp-json\/wp\/v2\/media?parent=27887"}],"curies":[{"name":"wp","href":"https:\/\/api.w.org\/{rel}","templated":true}]}}