{"id":3378,"date":"2021-10-12T08:18:37","date_gmt":"2021-10-12T08:18:37","guid":{"rendered":"https:\/\/maison-chance.org\/?page_id=3378"},"modified":"2021-12-02T16:44:51","modified_gmt":"2021-12-02T09:44:51","slug":"programme-und-aktivitaeten","status":"publish","type":"page","link":"https:\/\/maison-chance.org\/de\/programme-und-aktivitaeten","title":{"rendered":"Programme und Aktivit\u00e4ten"},"content":{"rendered":"\t<div id=\"gap-861667496\" class=\"gap-element clearfix\" style=\"display:block; height:auto;\">\n\t\t\n<style>\n#gap-861667496 {\n  padding-top: 30px;\n}\n<\/style>\n\t<\/div>\n\t\n\n\t<section class=\"section section-hoat-dong\" id=\"section_1687640302\">\n\t\t<div class=\"section-bg fill\" >\n\t\t\t\t\t\t\t\t\t\n\t\t\t\n\n\t\t<\/div>\n\n\t\t\n\n\t\t<div class=\"section-content relative\">\n\t\t\t\n<div class=\"row\"  id=\"row-740760777\">\n\n\t<div id=\"col-1492068719\" class=\"col medium-6 small-12 large-6\"  >\n\t\t\t\t<div class=\"col-inner\"  >\n\t\t\t\n\t\t\t\n<p style=\"text-align: justify;\"><span style=\"font-family: arial,helvetica,sans-serif;\"><span style=\"font-size: 11pt;\"><span style=\"color: #007cba;\"><strong>Die Programme von Maison Chance zielen auf die Verbesserung der Gesundheits- und Lebensbedingungen der am meisten Benachteiligten in Vietnam ab sowie auf ihre Reintegration in die Gesellschaft, insbesondere \u00fcber den Zugang zu Schulbildung und angemessener beruflicher Ausbildungen. Ziele:<\/strong><\/span><\/span><\/span><\/p>\n<ul>\n<li style=\"text-align: justify;\"><span style=\"font-family: arial,helvetica,sans-serif;\"><span style=\"font-size: 11pt;\">Die t\u00e4glichen Aktivit\u00e4ten im Shelter helfen selbst den j\u00fcngsten Bewohnern Selbstvertrauen aufzubauen und f\u00f6rdern das Leben in einer famili\u00e4ren Gemeinschaft, in der Hilfsbereitschaft gro\u00df geschrieben wird.<\/span><\/span><\/li>\n<\/ul>\n<ul>\n<li style=\"text-align: justify;\"><span style=\"font-family: arial,helvetica,sans-serif;\"><span style=\"font-size: 11pt;\">Medizinische Behandlungen, t\u00e4gliche k\u00f6rperliche \u00dcbungen und Rehabilitationstherapien tragen dazu bei, die Wunden der Bewohner zu heilen und ihre k\u00f6rperliche Gesundheit und Leistungsf\u00e4higkeit zu verbessern.<\/span><\/span><\/li>\n<\/ul>\n<ul>\n<li style=\"text-align: justify;\"><span style=\"font-family: arial,helvetica,sans-serif;\"><span style=\"font-size: 11pt;\">Eine gute Schul-und Berufsausbildung ist der Weg aus der Armut! Sie erm\u00f6glicht es den Beg\u00fcnstigten, die notwendigen Qualifikationen und F\u00e4higkeiten zu erwerben, um ihre Chancen auf dem Arbeitsmarkt zu steigern.<\/span><\/span><\/li>\n<\/ul>\n<p style=\"text-align: justify;\"><span style=\"font-family: arial,helvetica,sans-serif;\"><span style=\"font-size: 11pt;\">Bei Maison Chance leben Menschen mit Behinderungen sowie benachteiligte Familien und Kinder zusammen, darunter auch Waisen und Halb-Waisen. Diese einzigartige Gemeinschaft schafft eine famili\u00e4re Atmosph\u00e4re, in der der Geist der gegenseitigen Unterst\u00fctzung vorherrscht. Integration und Inklusion werden bei Maison Chance gelebt!<\/span><\/span><\/p>\n\t\t<\/div>\n\t\t\t\t\t<\/div>\n\n\t\n\n\t<div id=\"col-1787389702\" class=\"col medium-6 small-12 large-6\"  >\n\t\t\t\t<div class=\"col-inner\"  >\n\t\t\t\n\t\t\t\n\t<div id=\"gap-760517121\" class=\"gap-element clearfix\" style=\"display:block; height:auto;\">\n\t\t\n<style>\n#gap-760517121 {\n  padding-top: 30px;\n}\n<\/style>\n\t<\/div>\n\t\n<div class=\"row\"  id=\"row-1801506804\">\n\n\t<div id=\"col-479028922\" class=\"col medium-6 small-12 large-6\"  >\n\t\t\t\t<div class=\"col-inner\"  >\n\t\t\t\n\t\t\t\n\n  <div class=\"banner has-hover\" id=\"banner-1628595611\">\n          <div class=\"banner-inner fill\">\n        <div class=\"banner-bg fill\" >\n            <img loading=\"lazy\" decoding=\"async\" width=\"1000\" height=\"667\" src=\"https:\/\/maison-chance.org\/wp-content\/uploads\/2021\/11\/nha-o-menu.jpg\" class=\"bg attachment-original size-original\" alt=\"\" \/>                                    \n                    <\/div>\n\t\t\n        <div class=\"banner-layers container\">\n            <div class=\"fill banner-link\"><\/div>            \n   <div id=\"text-box-1509951366\" class=\"text-box banner-layer x50 md-x50 lg-x50 y50 md-y50 lg-y50 res-text\">\n                                <div class=\"text-box-content text dark\">\n              \n              <div class=\"text-inner text-center\">\n                  \n\t<div id=\"gap-799253765\" class=\"gap-element clearfix\" style=\"display:block; height:auto;\">\n\t\t\n<style>\n#gap-799253765 {\n  padding-top: 80px;\n}\n<\/style>\n\t<\/div>\n\t\n\t<div id=\"text-886715061\" class=\"text title-dau-trang\">\n\t\t\n<h3 class=\"uppercase\"><strong>MAISON CHANCE UNTERKUNFT<\/strong><\/h3>\n\t\t\t<\/div>\n\t\n              <\/div>\n           <\/div>\n                            \n<style>\n#text-box-1509951366 {\n  width: 60%;\n}\n#text-box-1509951366 .text-box-content {\n  font-size: 100%;\n}\n<\/style>\n    <\/div>\n \n        <\/div>\n      <\/div>\n\n            \n<style>\n#banner-1628595611 {\n  padding-top: 150px;\n}\n<\/style>\n  <\/div>\n\n\n\t<div id=\"gap-682261925\" class=\"gap-element clearfix\" style=\"display:block; height:auto;\">\n\t\t\n<style>\n#gap-682261925 {\n  padding-top: 30px;\n}\n<\/style>\n\t<\/div>\n\t\n\n  <div class=\"banner has-hover\" id=\"banner-452174719\">\n          <div class=\"banner-inner fill\">\n        <div class=\"banner-bg fill\" >\n            <img loading=\"lazy\" decoding=\"async\" width=\"400\" height=\"286\" src=\"https:\/\/maison-chance.org\/wp-content\/uploads\/2021\/09\/giao-duc-1.jpg\" class=\"bg attachment-large size-large\" alt=\"\" \/>                                    \n                    <\/div>\n\t\t\n        <div class=\"banner-layers container\">\n            <div class=\"fill banner-link\"><\/div>            \n   <div id=\"text-box-1360507858\" class=\"text-box banner-layer x50 md-x50 lg-x50 y50 md-y50 lg-y50 res-text\">\n                                <div class=\"text-box-content text dark\">\n              \n              <div class=\"text-inner text-center\">\n                  \n\t<div id=\"gap-2145900397\" class=\"gap-element clearfix\" style=\"display:block; height:auto;\">\n\t\t\n<style>\n#gap-2145900397 {\n  padding-top: 80px;\n}\n<\/style>\n\t<\/div>\n\t\n\t<div id=\"text-2506695751\" class=\"text title-dau-trang\">\n\t\t\n<h3 class=\"uppercase\"><strong>SCHULBILDUNG<\/strong><\/h3>\n\t\t\t<\/div>\n\t\n              <\/div>\n           <\/div>\n                            \n<style>\n#text-box-1360507858 {\n  width: 60%;\n}\n#text-box-1360507858 .text-box-content {\n  font-size: 100%;\n}\n<\/style>\n    <\/div>\n \n        <\/div>\n      <\/div>\n\n            \n<style>\n#banner-452174719 {\n  padding-top: 150px;\n}\n<\/style>\n  <\/div>\n\n\n\t\t<\/div>\n\t\t\t\t\t<\/div>\n\n\t\n\n\t<div id=\"col-1995160963\" class=\"col medium-6 small-12 large-6\"  >\n\t\t\t\t<div class=\"col-inner\"  >\n\t\t\t\n\t\t\t\n\n  <div class=\"banner has-hover\" id=\"banner-1057679712\">\n          <div class=\"banner-inner fill\">\n        <div class=\"banner-bg fill\" >\n            <img loading=\"lazy\" decoding=\"async\" width=\"400\" height=\"267\" src=\"https:\/\/maison-chance.org\/wp-content\/uploads\/2021\/09\/y-te.jpg\" class=\"bg attachment-large size-large\" alt=\"\" \/>                                    \n                    <\/div>\n\t\t\n        <div class=\"banner-layers container\">\n            <div class=\"fill banner-link\"><\/div>            \n   <div id=\"text-box-1434611782\" class=\"text-box banner-layer x50 md-x50 lg-x50 y50 md-y50 lg-y50 res-text\">\n                                <div class=\"text-box-content text dark\">\n              \n              <div class=\"text-inner text-center\">\n                  \n\t<div id=\"gap-962553920\" class=\"gap-element clearfix\" style=\"display:block; height:auto;\">\n\t\t\n<style>\n#gap-962553920 {\n  padding-top: 80px;\n}\n<\/style>\n\t<\/div>\n\t\n\t<div id=\"text-3455287413\" class=\"text title-dau-trang\">\n\t\t\n<h3 class=\"uppercase\"><strong>GESUNDHEIT<\/strong><\/h3>\n\t\t\t<\/div>\n\t\n              <\/div>\n           <\/div>\n                            \n<style>\n#text-box-1434611782 {\n  width: 60%;\n}\n#text-box-1434611782 .text-box-content {\n  font-size: 100%;\n}\n<\/style>\n    <\/div>\n \n        <\/div>\n      <\/div>\n\n            \n<style>\n#banner-1057679712 {\n  padding-top: 150px;\n}\n<\/style>\n  <\/div>\n\n\n\t<div id=\"gap-836662681\" class=\"gap-element clearfix\" style=\"display:block; height:auto;\">\n\t\t\n<style>\n#gap-836662681 {\n  padding-top: 30px;\n}\n<\/style>\n\t<\/div>\n\t\n\n  <div class=\"banner has-hover\" id=\"banner-1478438584\">\n          <div class=\"banner-inner fill\">\n        <div class=\"banner-bg fill\" >\n            <img loading=\"lazy\" decoding=\"async\" width=\"400\" height=\"266\" src=\"https:\/\/maison-chance.org\/wp-content\/uploads\/2021\/09\/dao-tao-1.jpg\" class=\"bg attachment-large size-large\" alt=\"\" \/>                                    \n                    <\/div>\n\t\t\n        <div class=\"banner-layers container\">\n            <div class=\"fill banner-link\"><\/div>            \n   <div id=\"text-box-2103562313\" class=\"text-box banner-layer x50 md-x50 lg-x50 y50 md-y50 lg-y50 res-text\">\n                                <div class=\"text-box-content text dark\">\n              \n              <div class=\"text-inner text-center\">\n                  \n\t<div id=\"gap-695242023\" class=\"gap-element clearfix\" style=\"display:block; height:auto;\">\n\t\t\n<style>\n#gap-695242023 {\n  padding-top: 90px;\n}\n<\/style>\n\t<\/div>\n\t\n\t<div id=\"text-3863411724\" class=\"text title-dau-trang\">\n\t\t\n<h4 class=\"uppercase\"><strong>BERUFSAUSBILDUNG<\/strong><\/h4>\n\t\t\t<\/div>\n\t\n              <\/div>\n           <\/div>\n                            \n<style>\n#text-box-2103562313 {\n  width: 60%;\n}\n#text-box-2103562313 .text-box-content {\n  font-size: 100%;\n}\n<\/style>\n    <\/div>\n \n        <\/div>\n      <\/div>\n\n            \n<style>\n#banner-1478438584 {\n  padding-top: 150px;\n}\n<\/style>\n  <\/div>\n\n\n\t<div id=\"gap-1631632161\" class=\"gap-element clearfix\" style=\"display:block; height:auto;\">\n\t\t\n<style>\n#gap-1631632161 {\n  padding-top: 30px;\n}\n<\/style>\n\t<\/div>\n\t\n\t\t<\/div>\n\t\t\t\t\t<\/div>\n\n\t\n<\/div>\n<div class=\"row\"  id=\"row-528205016\">\n\n\t<div id=\"col-1339500873\" class=\"col small-12 large-12\"  >\n\t\t\t\t<div class=\"col-inner\"  >\n\t\t\t\n\t\t\t\n\n  <div class=\"banner has-hover\" id=\"banner-223972210\">\n          <div class=\"banner-inner fill\">\n        <div class=\"banner-bg fill\" >\n            <img loading=\"lazy\" decoding=\"async\" width=\"800\" height=\"601\" src=\"https:\/\/maison-chance.org\/wp-content\/uploads\/2021\/09\/tao-viec-lam.jpg\" class=\"bg attachment-large size-large\" alt=\"\" \/>                                    \n                    <\/div>\n\t\t\n        <div class=\"banner-layers container\">\n            <div class=\"fill banner-link\"><\/div>            \n   <div id=\"text-box-828319156\" class=\"text-box banner-layer x50 md-x50 lg-x50 y50 md-y50 lg-y50 res-text\">\n                                <div class=\"text-box-content text dark\">\n              \n              <div class=\"text-inner text-center\">\n                  \n\t<div id=\"gap-1386413413\" class=\"gap-element clearfix\" style=\"display:block; height:auto;\">\n\t\t\n<style>\n#gap-1386413413 {\n  padding-top: 130px;\n}\n<\/style>\n\t<\/div>\n\t\n\t<div id=\"text-1172436195\" class=\"text title-dau-trang\">\n\t\t\n<h3 class=\"uppercase\"><strong>MITARBEITER SCHAFFEN <\/strong><\/h3>\n\t\t\t<\/div>\n\t\n              <\/div>\n           <\/div>\n                            \n<style>\n#text-box-828319156 {\n  width: 60%;\n}\n#text-box-828319156 .text-box-content {\n  font-size: 100%;\n}\n<\/style>\n    <\/div>\n \n        <\/div>\n      <\/div>\n\n            \n<style>\n#banner-223972210 {\n  padding-top: 200px;\n}\n<\/style>\n  <\/div>\n\n\n\t\t<\/div>\n\t\t\t\t\t<\/div>\n\n\t\n<\/div>\n\t\t<\/div>\n\t\t\t\t\t<\/div>\n\n\t\n<\/div>\n\t\t<\/div>\n\n\t\t\n<style>\n#section_1687640302 {\n  padding-top: 0px;\n  padding-bottom: 0px;\n}\n<\/style>\n\t<\/section>\n\t\n","protected":false},"excerpt":{"rendered":"","protected":false},"author":1,"featured_media":1571,"parent":0,"menu_order":0,"comment_status":"closed","ping_status":"closed","template":"","meta":{"give_campaign_id":0,"footnotes":""},"class_list":["post-3378","page","type-page","status-publish","has-post-thumbnail","hentry"],"yoast_head":"<!-- This site is optimized with the Yoast SEO plugin v27.5 - https:\/\/yoast.com\/product\/yoast-seo-wordpress\/ -->\n<title>Programme und Aktivit\u00e4ten | Verein Maison Chance<\/title>\n<meta name=\"description\" content=\"Maison Chance Programme und Aktivit\u00e4ten f\u00fcr Themen mit unterschiedlichen Zielen wie die Verbesserung der k\u00f6rperlichen Gesundheit...\" \/>\n<meta name=\"robots\" content=\"index, follow, max-snippet:-1, max-image-preview:large, max-video-preview:-1\" \/>\n<link rel=\"canonical\" href=\"https:\/\/maison-chance.org\/de\/programme-und-aktivitaeten\" \/>\n<meta property=\"og:locale\" content=\"de_DE\" \/>\n<meta property=\"og:type\" content=\"article\" \/>\n<meta property=\"og:title\" content=\"Programme und Aktivit\u00e4ten | Maison Chance Association\" \/>\n<meta property=\"og:description\" content=\"Maison Chance Programme und Aktivit\u00e4ten f\u00fcr Themen mit unterschiedlichen Zielen wie die Verbesserung der k\u00f6rperlichen Gesundheit...\" \/>\n<meta property=\"og:url\" content=\"https:\/\/maison-chance.org\/de\/programme-und-aktivitaeten\" \/>\n<meta property=\"og:site_name\" content=\"Maison Chance Association\" \/>\n<meta property=\"article:publisher\" content=\"https:\/\/www.facebook.com\/MaisonChance\" \/>\n<meta property=\"article:modified_time\" content=\"2021-12-02T09:44:51+00:00\" \/>\n<meta property=\"og:image\" content=\"https:\/\/maison-chance.org\/wp-content\/uploads\/2021\/09\/y-te.jpg\" \/>\n\t<meta property=\"og:image:width\" content=\"400\" \/>\n\t<meta property=\"og:image:height\" content=\"267\" \/>\n\t<meta property=\"og:image:type\" content=\"image\/jpeg\" \/>\n<meta name=\"twitter:card\" content=\"summary_large_image\" \/>\n<meta name=\"twitter:title\" content=\"Programme und Aktivit\u00e4ten | Maison Chance Association\" \/>\n<meta name=\"twitter:description\" content=\"Maison Chance Programme und Aktivit\u00e4ten f\u00fcr Themen mit unterschiedlichen Zielen wie die Verbesserung der k\u00f6rperlichen Gesundheit...\" \/>\n<meta name=\"twitter:image\" content=\"https:\/\/maison-chance.org\/wp-content\/uploads\/2021\/09\/y-te.jpg\" \/>\n<meta name=\"twitter:site\" content=\"@MaisonChanceVN\" \/>\n<meta name=\"twitter:label1\" content=\"Gesch\u00e4tzte Lesezeit\" \/>\n\t<meta name=\"twitter:data1\" content=\"2\u00a0Minuten\" \/>\n<script type=\"application\/ld+json\" class=\"yoast-schema-graph\">{\"@context\":\"https:\\\/\\\/schema.org\",\"@graph\":[{\"@type\":\"WebPage\",\"@id\":\"https:\\\/\\\/maison-chance.org\\\/de\\\/programme-und-aktivitaeten\",\"url\":\"https:\\\/\\\/maison-chance.org\\\/de\\\/programme-und-aktivitaeten\",\"name\":\"Programme und Aktivit\u00e4ten | Verein Maison Chance\",\"isPartOf\":{\"@id\":\"https:\\\/\\\/maison-chance.org\\\/de#website\"},\"primaryImageOfPage\":{\"@id\":\"https:\\\/\\\/maison-chance.org\\\/de\\\/programme-und-aktivitaeten#primaryimage\"},\"image\":{\"@id\":\"https:\\\/\\\/maison-chance.org\\\/de\\\/programme-und-aktivitaeten#primaryimage\"},\"thumbnailUrl\":\"https:\\\/\\\/maison-chance.org\\\/wp-content\\\/uploads\\\/2021\\\/09\\\/y-te.jpg\",\"datePublished\":\"2021-10-12T08:18:37+00:00\",\"dateModified\":\"2021-12-02T09:44:51+00:00\",\"description\":\"Maison Chance Programme und Aktivit\u00e4ten f\u00fcr Themen mit unterschiedlichen Zielen wie die Verbesserung der k\u00f6rperlichen Gesundheit...\",\"inLanguage\":\"de\",\"potentialAction\":[{\"@type\":\"ReadAction\",\"target\":[\"https:\\\/\\\/maison-chance.org\\\/de\\\/programme-und-aktivitaeten\"]}]},{\"@type\":\"ImageObject\",\"inLanguage\":\"de\",\"@id\":\"https:\\\/\\\/maison-chance.org\\\/de\\\/programme-und-aktivitaeten#primaryimage\",\"url\":\"https:\\\/\\\/maison-chance.org\\\/wp-content\\\/uploads\\\/2021\\\/09\\\/y-te.jpg\",\"contentUrl\":\"https:\\\/\\\/maison-chance.org\\\/wp-content\\\/uploads\\\/2021\\\/09\\\/y-te.jpg\",\"width\":400,\"height\":267},{\"@type\":\"WebSite\",\"@id\":\"https:\\\/\\\/maison-chance.org\\\/de#website\",\"url\":\"https:\\\/\\\/maison-chance.org\\\/de\",\"name\":\"https:\\\/\\\/maison-chance.org\\\/\",\"description\":\"Eine Zukunft f\u00fcr die weniger Gl\u00fccklichen in Vietnam!\",\"publisher\":{\"@id\":\"https:\\\/\\\/maison-chance.org\\\/de#organization\"},\"potentialAction\":[{\"@type\":\"SearchAction\",\"target\":{\"@type\":\"EntryPoint\",\"urlTemplate\":\"https:\\\/\\\/maison-chance.org\\\/de?s={search_term_string}\"},\"query-input\":{\"@type\":\"PropertyValueSpecification\",\"valueRequired\":true,\"valueName\":\"search_term_string\"}}],\"inLanguage\":\"de\"},{\"@type\":\"Organization\",\"@id\":\"https:\\\/\\\/maison-chance.org\\\/de#organization\",\"name\":\"https:\\\/\\\/maison-chance.org\\\/\",\"url\":\"https:\\\/\\\/maison-chance.org\\\/de\",\"logo\":{\"@type\":\"ImageObject\",\"inLanguage\":\"de\",\"@id\":\"https:\\\/\\\/maison-chance.org\\\/de#\\\/schema\\\/logo\\\/image\\\/\",\"url\":\"https:\\\/\\\/maison-chance.org\\\/wp-content\\\/uploads\\\/2021\\\/09\\\/Featued-Logo-MC-1.jpg\",\"contentUrl\":\"https:\\\/\\\/maison-chance.org\\\/wp-content\\\/uploads\\\/2021\\\/09\\\/Featued-Logo-MC-1.jpg\",\"width\":500,\"height\":313,\"caption\":\"https:\\\/\\\/maison-chance.org\\\/\"},\"image\":{\"@id\":\"https:\\\/\\\/maison-chance.org\\\/de#\\\/schema\\\/logo\\\/image\\\/\"},\"sameAs\":[\"https:\\\/\\\/www.facebook.com\\\/MaisonChance\",\"https:\\\/\\\/x.com\\\/MaisonChanceVN\",\"https:\\\/\\\/www.instagram.com\\\/maisonchance\\\/\",\"https:\\\/\\\/www.youtube.com\\\/c\\\/MaisonChanceVideo\"]}]}<\/script>\n<!-- \/ Yoast SEO plugin. -->","yoast_head_json":{"title":"Programme und Aktivit\u00e4ten | Verein Maison Chance","description":"Maison Chance Programme und Aktivit\u00e4ten f\u00fcr Themen mit unterschiedlichen Zielen wie die Verbesserung der k\u00f6rperlichen Gesundheit...","robots":{"index":"index","follow":"follow","max-snippet":"max-snippet:-1","max-image-preview":"max-image-preview:large","max-video-preview":"max-video-preview:-1"},"canonical":"https:\/\/maison-chance.org\/de\/programme-und-aktivitaeten","og_locale":"de_DE","og_type":"article","og_title":"Programme und Aktivit\u00e4ten | Maison Chance Association","og_description":"Maison Chance Programme und Aktivit\u00e4ten f\u00fcr Themen mit unterschiedlichen Zielen wie die Verbesserung der k\u00f6rperlichen Gesundheit...","og_url":"https:\/\/maison-chance.org\/de\/programme-und-aktivitaeten","og_site_name":"Maison Chance Association","article_publisher":"https:\/\/www.facebook.com\/MaisonChance","article_modified_time":"2021-12-02T09:44:51+00:00","og_image":[{"width":400,"height":267,"url":"https:\/\/maison-chance.org\/wp-content\/uploads\/2021\/09\/y-te.jpg","type":"image\/jpeg"}],"twitter_card":"summary_large_image","twitter_title":"Programme und Aktivit\u00e4ten | Maison Chance Association","twitter_description":"Maison Chance Programme und Aktivit\u00e4ten f\u00fcr Themen mit unterschiedlichen Zielen wie die Verbesserung der k\u00f6rperlichen Gesundheit...","twitter_image":"https:\/\/maison-chance.org\/wp-content\/uploads\/2021\/09\/y-te.jpg","twitter_site":"@MaisonChanceVN","twitter_misc":{"Gesch\u00e4tzte Lesezeit":"2\u00a0Minuten"},"schema":{"@context":"https:\/\/schema.org","@graph":[{"@type":"WebPage","@id":"https:\/\/maison-chance.org\/de\/programme-und-aktivitaeten","url":"https:\/\/maison-chance.org\/de\/programme-und-aktivitaeten","name":"Programme und Aktivit\u00e4ten | Verein Maison Chance","isPartOf":{"@id":"https:\/\/maison-chance.org\/de#website"},"primaryImageOfPage":{"@id":"https:\/\/maison-chance.org\/de\/programme-und-aktivitaeten#primaryimage"},"image":{"@id":"https:\/\/maison-chance.org\/de\/programme-und-aktivitaeten#primaryimage"},"thumbnailUrl":"https:\/\/maison-chance.org\/wp-content\/uploads\/2021\/09\/y-te.jpg","datePublished":"2021-10-12T08:18:37+00:00","dateModified":"2021-12-02T09:44:51+00:00","description":"Maison Chance Programme und Aktivit\u00e4ten f\u00fcr Themen mit unterschiedlichen Zielen wie die Verbesserung der k\u00f6rperlichen Gesundheit...","inLanguage":"de","potentialAction":[{"@type":"ReadAction","target":["https:\/\/maison-chance.org\/de\/programme-und-aktivitaeten"]}]},{"@type":"ImageObject","inLanguage":"de","@id":"https:\/\/maison-chance.org\/de\/programme-und-aktivitaeten#primaryimage","url":"https:\/\/maison-chance.org\/wp-content\/uploads\/2021\/09\/y-te.jpg","contentUrl":"https:\/\/maison-chance.org\/wp-content\/uploads\/2021\/09\/y-te.jpg","width":400,"height":267},{"@type":"WebSite","@id":"https:\/\/maison-chance.org\/de#website","url":"https:\/\/maison-chance.org\/de","name":"https:\/\/maison-chance.org\/","description":"Eine Zukunft f\u00fcr die weniger Gl\u00fccklichen in Vietnam!","publisher":{"@id":"https:\/\/maison-chance.org\/de#organization"},"potentialAction":[{"@type":"SearchAction","target":{"@type":"EntryPoint","urlTemplate":"https:\/\/maison-chance.org\/de?s={search_term_string}"},"query-input":{"@type":"PropertyValueSpecification","valueRequired":true,"valueName":"search_term_string"}}],"inLanguage":"de"},{"@type":"Organization","@id":"https:\/\/maison-chance.org\/de#organization","name":"https:\/\/maison-chance.org\/","url":"https:\/\/maison-chance.org\/de","logo":{"@type":"ImageObject","inLanguage":"de","@id":"https:\/\/maison-chance.org\/de#\/schema\/logo\/image\/","url":"https:\/\/maison-chance.org\/wp-content\/uploads\/2021\/09\/Featued-Logo-MC-1.jpg","contentUrl":"https:\/\/maison-chance.org\/wp-content\/uploads\/2021\/09\/Featued-Logo-MC-1.jpg","width":500,"height":313,"caption":"https:\/\/maison-chance.org\/"},"image":{"@id":"https:\/\/maison-chance.org\/de#\/schema\/logo\/image\/"},"sameAs":["https:\/\/www.facebook.com\/MaisonChance","https:\/\/x.com\/MaisonChanceVN","https:\/\/www.instagram.com\/maisonchance\/","https:\/\/www.youtube.com\/c\/MaisonChanceVideo"]}]}},"campaignId":"","_links":{"self":[{"href":"https:\/\/maison-chance.org\/de\/wp-json\/wp\/v2\/pages\/3378","targetHints":{"allow":["GET"]}}],"collection":[{"href":"https:\/\/maison-chance.org\/de\/wp-json\/wp\/v2\/pages"}],"about":[{"href":"https:\/\/maison-chance.org\/de\/wp-json\/wp\/v2\/types\/page"}],"author":[{"embeddable":true,"href":"https:\/\/maison-chance.org\/de\/wp-json\/wp\/v2\/users\/1"}],"replies":[{"embeddable":true,"href":"https:\/\/maison-chance.org\/de\/wp-json\/wp\/v2\/comments?post=3378"}],"version-history":[{"count":9,"href":"https:\/\/maison-chance.org\/de\/wp-json\/wp\/v2\/pages\/3378\/revisions"}],"predecessor-version":[{"id":27877,"href":"https:\/\/maison-chance.org\/de\/wp-json\/wp\/v2\/pages\/3378\/revisions\/27877"}],"wp:featuredmedia":[{"embeddable":true,"href":"https:\/\/maison-chance.org\/de\/wp-json\/wp\/v2\/media\/1571"}],"wp:attachment":[{"href":"https:\/\/maison-chance.org\/de\/wp-json\/wp\/v2\/media?parent=3378"}],"curies":[{"name":"wp","href":"https:\/\/api.w.org\/{rel}","templated":true}]}}