{"id":3510,"date":"2021-10-13T09:51:13","date_gmt":"2021-10-13T09:51:13","guid":{"rendered":"https:\/\/maison-chance.org\/?page_id=3510"},"modified":"2023-02-28T15:57:27","modified_gmt":"2023-02-28T08:57:27","slug":"maison-chance-internationale","status":"publish","type":"page","link":"https:\/\/maison-chance.org\/de\/maison-chance-internationale","title":{"rendered":"Maison Chance Internationale"},"content":{"rendered":"\n\t<section class=\"section\" id=\"section_243376143\">\n\t\t<div class=\"section-bg fill\" >\n\t\t\t\t\t\t\t\t\t\n\t\t\t\n\n\t\t<\/div>\n\n\t\t\n\n\t\t<div class=\"section-content relative\">\n\t\t\t\n\t<div id=\"gap-26158532\" class=\"gap-element clearfix\" style=\"display:block; height:auto;\">\n\t\t\n<style>\n#gap-26158532 {\n  padding-top: 20px;\n}\n<\/style>\n\t<\/div>\n\t\n<div class=\"row\"  id=\"row-175007522\">\n\n\t<div id=\"col-814188380\" class=\"col small-12 large-12\"  >\n\t\t\t\t<div class=\"col-inner text-left\"  >\n\t\t\t\n\t\t\t\n<h2>MAISON CHANCE INTERNATIONAL <\/h2>\n\t<div id=\"gap-1840192055\" class=\"gap-element clearfix\" style=\"display:block; height:auto;\">\n\t\t\n<style>\n#gap-1840192055 {\n  padding-top: 10px;\n}\n<\/style>\n\t<\/div>\n\t\n<div class=\"row row-collapse align-equal row-divided row-box-shadow-1 row-box-shadow-4-hover\"  id=\"row-1566958882\">\n\n\t<div id=\"col-814250727\" class=\"col medium-4 small-12 large-2\"  >\n\t\t\t\t<div class=\"col-inner\"  >\n\t\t\t\n\t\t\t\n<a href=\"https:\/\/maison-chance.org\/de\/maison-chance-internationale\/maison-chance-usa\" class=\"button primary is-link is-small expand\" >\n\t\t<span>MAISON CHANCE USA<\/span>\n\t<\/a>\n\n\t\t<\/div>\n\t\t\t\t\n<style>\n#col-814250727 > .col-inner {\n  border-radius: 4px;\n}\n<\/style>\n\t<\/div>\n\n\t\n\n\t<div id=\"col-752405354\" class=\"col medium-4 small-12 large-3\"  >\n\t\t\t\t<div class=\"col-inner\"  >\n\t\t\t\n\t\t\t\n<a href=\"https:\/\/maison-chance.org\/de\/maison-chance-internationale\/maison-chance-kanada\" class=\"button primary is-link is-small expand\" >\n\t\t<span>MAISON CHANCE KANADA<\/span>\n\t<\/a>\n\n\t\t<\/div>\n\t\t\t\t\n<style>\n#col-752405354 > .col-inner {\n  border-radius: 4px;\n}\n<\/style>\n\t<\/div>\n\n\t\n\n\t<div id=\"col-619347026\" class=\"col medium-4 small-12 large-2\"  >\n\t\t\t\t<div class=\"col-inner\"  >\n\t\t\t\n\t\t\t\n<a href=\"https:\/\/maison-chance.org\/de\/maison-chance-internationale\/maison-chance-frankreich\" class=\"button primary is-link is-small expand\" >\n\t\t<span>MAISON CHANCE FRANCE<\/span>\n\t<\/a>\n\n\t\t<\/div>\n\t\t\t\t\n<style>\n#col-619347026 > .col-inner {\n  border-radius: 4px;\n}\n<\/style>\n\t<\/div>\n\n\t\n\n\t<div id=\"col-2032052185\" class=\"col medium-4 small-12 large-3\"  >\n\t\t\t\t<div class=\"col-inner\"  >\n\t\t\t\n\t\t\t\n<a href=\"https:\/\/maison-chance.org\/de\/maison-chance-internationale\/maison-chance-schweiz\" class=\"button primary is-link is-small expand\" >\n\t\t<span>MAISON CHANCE SCHWEIZ<\/span>\n\t<\/a>\n\n\t\t<\/div>\n\t\t\t\t\n<style>\n#col-2032052185 > .col-inner {\n  border-radius: 4px;\n}\n<\/style>\n\t<\/div>\n\n\t\n\n\t<div id=\"col-269665476\" class=\"col medium-4 small-12 large-2\"  >\n\t\t\t\t<div class=\"col-inner\"  >\n\t\t\t\n\t\t\t\n<a href=\"https:\/\/maison-chance.org\/de\/maison-chance-internationale\/maison-chance-vietnam\" class=\"button primary is-link is-small expand\" >\n\t\t<span>MAISON CHANCE VIETNAM<\/span>\n\t<\/a>\n\n\t\t<\/div>\n\t\t\t\t\n<style>\n#col-269665476 > .col-inner {\n  border-radius: 4px;\n}\n<\/style>\n\t<\/div>\n\n\t\n\n\t<div id=\"col-892206934\" class=\"col medium-3 small-12 large-3\"  >\n\t\t\t\t<div class=\"col-inner\"  >\n\t\t\t\n\t\t\t\n<a href=\"#\" class=\"button primary is-link is-small expand\" >\n\t\t<span>MAISON CHANCE BELGIUM<\/span>\n\t<\/a>\n\n\t\t<\/div>\n\t\t\t\t\n<style>\n#col-892206934 > .col-inner {\n  border-radius: 4px;\n}\n<\/style>\n\t<\/div>\n\n\t\n\n<style>\n#row-1566958882 > .col > .col-inner {\n  padding: 15px 0px 0px 0px;\n  background-color: rgb(255,255,255);\n}\n<\/style>\n<\/div>\n\t\t<\/div>\n\t\t\t\t\t<\/div>\n\n\t\n<\/div>\n<div class=\"row\"  id=\"row-1129395199\">\n\n\t<div id=\"col-2113702387\" class=\"col small-12 large-12\"  >\n\t\t\t\t<div class=\"col-inner\"  >\n\t\t\t\n\t\t\t\n<div class=\"row row-small\"  id=\"row-2011479669\">\n\n\t<div id=\"col-1100233913\" class=\"col small-12 large-12\"  >\n\t\t\t\t<div class=\"col-inner\"  >\n\t\t\t\n\t\t\t\n<p style=\"text-align: justify;\"><span style=\"font-family: arial,helvetica,sans-serif;\"><span style=\"font-size: 11pt;\">Um dem wachsenden Bedarf von Maison Chance Vietnam gerecht zu werden, wurden Niederlassungen in Frankreich, der Schweiz, den USA und Kanada gegr\u00fcndet. Sie alle sind gemeinn\u00fctzige Organisationen und NGOs.<br \/>\n<\/span><\/span><\/p>\n<p style=\"text-align: justify;\"><span style=\"font-family: arial,helvetica,sans-serif;\"><span style=\"font-size: 11pt;\">Ihre Hauptaufgabe besteht darin, Mittel zur Unterst\u00fctzung der verschiedenen Aktivit\u00e4ten und Projekte in Vietnam zu sammeln. Die Verwaltungsaussch\u00fcsse werden vollst\u00e4ndig von ehrenamtlichen Mitarbeitern geleitet und fast alle Spendengelder gehen an Maison Chance Vietnam. Die Zweigstellen \u00fcbernehmen weiterhin eine Vermittlerrolle, um qualifizierte Freiwillige zu rekrutieren, die sich ehrenamtlich in den Sozialzentren in Ho-Chi-Minh Stadt und Dak Nong engagieren m\u00f6chten. Dar\u00fcberhinaus organisieren sie Wohlt\u00e4tigkeitsveranstaltungen und k\u00fcmmern sich um den Verkauf von Produkten, die in unseren Werkst\u00e4tten hergestellt werden. Dies erm\u00f6glicht es Maison Chance zudem, sich international zu pr\u00e4sentieren und bekannter zu werden.<br \/>\n<\/span><\/span><\/p>\n<p style=\"text-align: justify;\"><span style=\"font-family: arial,helvetica,sans-serif;\"><span style=\"font-size: 11pt;\">Maison Chance ist sehr dankbar f\u00fcr ihre Gro\u00dfz\u00fcgigkeit. Wir hoffen, dass wir auch zuk\u00fcnftig auf ihre Unterst\u00fctzung z\u00e4hlen k\u00f6nnen. Mit ihrer Hilfe k\u00f6nnen wir Waisen- und Stra\u00dfenkindern sowie Menschen mit Behinderungen in Vietnam eine Zukunftsperspektive geben und sie wieder in die Gesellschaft integrieren.<br \/>\n<\/span><\/span><\/p>\n\t\t<\/div>\n\t\t\t\t\t<\/div>\n\n\t\n<\/div>\n<div class=\"is-divider divider clearfix\" style=\"margin-top:1.5em;margin-bottom:1.5em;max-width:100%;height:1px;\"><\/div>\n\t\t<\/div>\n\t\t\t\t\t<\/div>\n\n\t\n<\/div>\n\t\t<\/div>\n\n\t\t\n<style>\n#section_243376143 {\n  padding-top: 0px;\n  padding-bottom: 0px;\n  background-color: rgb(207, 236, 249);\n}\n<\/style>\n\t<\/section>\n\t\n","protected":false},"excerpt":{"rendered":"","protected":false},"author":1,"featured_media":2160,"parent":0,"menu_order":0,"comment_status":"closed","ping_status":"closed","template":"","meta":{"give_campaign_id":0,"footnotes":""},"class_list":["post-3510","page","type-page","status-publish","has-post-thumbnail","hentry"],"yoast_head":"<!-- This site is optimized with the Yoast SEO plugin v27.2 - https:\/\/yoast.com\/product\/yoast-seo-wordpress\/ -->\n<title>Maison Chance Internationale | Verein Maison Chance<\/title>\n<meta name=\"description\" content=\"Um das j\u00e4hrliche Betriebsbudget von Maison Chance in Vietnam sicherzustellen, hat der Verband Maison Chance Organizations gegr\u00fcndet\" \/>\n<meta name=\"robots\" content=\"index, follow, max-snippet:-1, max-image-preview:large, max-video-preview:-1\" \/>\n<link rel=\"canonical\" href=\"https:\/\/maison-chance.org\/de\/maison-chance-internationale\" \/>\n<meta property=\"og:locale\" content=\"de_DE\" \/>\n<meta property=\"og:type\" content=\"article\" \/>\n<meta property=\"og:title\" content=\"Maison Chance Internationale | Verein Maison Chance\" \/>\n<meta property=\"og:description\" content=\"Um das j\u00e4hrliche Betriebsbudget von Maison Chance in Vietnam sicherzustellen, hat der Verband Maison Chance Organizations gegr\u00fcndet\" \/>\n<meta property=\"og:url\" content=\"https:\/\/maison-chance.org\/de\/maison-chance-internationale\" \/>\n<meta property=\"og:site_name\" content=\"Maison Chance Association\" \/>\n<meta property=\"article:publisher\" content=\"https:\/\/www.facebook.com\/MaisonChance\" \/>\n<meta property=\"article:modified_time\" content=\"2023-02-28T08:57:27+00:00\" \/>\n<meta property=\"og:image\" content=\"https:\/\/maison-chance.org\/wp-content\/uploads\/2021\/09\/Featued-Logo-MC-1.jpg\" \/>\n\t<meta property=\"og:image:width\" content=\"500\" \/>\n\t<meta property=\"og:image:height\" content=\"313\" \/>\n\t<meta property=\"og:image:type\" content=\"image\/jpeg\" \/>\n<meta name=\"twitter:card\" content=\"summary_large_image\" \/>\n<meta name=\"twitter:title\" content=\"Maison Chance Internationale | Verein Maison Chance\" \/>\n<meta name=\"twitter:description\" content=\"Um das j\u00e4hrliche Betriebsbudget von Maison Chance in Vietnam sicherzustellen, hat der Verband Maison Chance Organizations gegr\u00fcndet\" \/>\n<meta name=\"twitter:image\" content=\"https:\/\/maison-chance.org\/wp-content\/uploads\/2021\/09\/Featued-Logo-MC-1.jpg\" \/>\n<meta name=\"twitter:site\" content=\"@MaisonChanceVN\" \/>\n<meta name=\"twitter:label1\" content=\"Gesch\u00e4tzte Lesezeit\" \/>\n\t<meta name=\"twitter:data1\" content=\"2\u00a0Minuten\" \/>\n<script type=\"application\/ld+json\" class=\"yoast-schema-graph\">{\"@context\":\"https:\/\/schema.org\",\"@graph\":[{\"@type\":\"WebPage\",\"@id\":\"https:\/\/maison-chance.org\/de\/maison-chance-internationale\",\"url\":\"https:\/\/maison-chance.org\/de\/maison-chance-internationale\",\"name\":\"Maison Chance Internationale | Verein Maison Chance\",\"isPartOf\":{\"@id\":\"https:\/\/maison-chance.org\/de#website\"},\"primaryImageOfPage\":{\"@id\":\"https:\/\/maison-chance.org\/de\/maison-chance-internationale#primaryimage\"},\"image\":{\"@id\":\"https:\/\/maison-chance.org\/de\/maison-chance-internationale#primaryimage\"},\"thumbnailUrl\":\"https:\/\/maison-chance.org\/wp-content\/uploads\/2021\/09\/Featued-Logo-MC-1.jpg\",\"datePublished\":\"2021-10-13T09:51:13+00:00\",\"dateModified\":\"2023-02-28T08:57:27+00:00\",\"description\":\"Um das j\u00e4hrliche Betriebsbudget von Maison Chance in Vietnam sicherzustellen, hat der Verband Maison Chance Organizations gegr\u00fcndet\",\"inLanguage\":\"de\",\"potentialAction\":[{\"@type\":\"ReadAction\",\"target\":[\"https:\/\/maison-chance.org\/de\/maison-chance-internationale\"]}]},{\"@type\":\"ImageObject\",\"inLanguage\":\"de\",\"@id\":\"https:\/\/maison-chance.org\/de\/maison-chance-internationale#primaryimage\",\"url\":\"https:\/\/maison-chance.org\/wp-content\/uploads\/2021\/09\/Featued-Logo-MC-1.jpg\",\"contentUrl\":\"https:\/\/maison-chance.org\/wp-content\/uploads\/2021\/09\/Featued-Logo-MC-1.jpg\",\"width\":500,\"height\":313},{\"@type\":\"WebSite\",\"@id\":\"https:\/\/maison-chance.org\/de#website\",\"url\":\"https:\/\/maison-chance.org\/de\",\"name\":\"https:\/\/maison-chance.org\/\",\"description\":\"Eine Zukunft f\u00fcr die weniger Gl\u00fccklichen in Vietnam!\",\"publisher\":{\"@id\":\"https:\/\/maison-chance.org\/de#organization\"},\"potentialAction\":[{\"@type\":\"SearchAction\",\"target\":{\"@type\":\"EntryPoint\",\"urlTemplate\":\"https:\/\/maison-chance.org\/de?s={search_term_string}\"},\"query-input\":{\"@type\":\"PropertyValueSpecification\",\"valueRequired\":true,\"valueName\":\"search_term_string\"}}],\"inLanguage\":\"de\"},{\"@type\":\"Organization\",\"@id\":\"https:\/\/maison-chance.org\/de#organization\",\"name\":\"https:\/\/maison-chance.org\/\",\"url\":\"https:\/\/maison-chance.org\/de\",\"logo\":{\"@type\":\"ImageObject\",\"inLanguage\":\"de\",\"@id\":\"https:\/\/maison-chance.org\/de#\/schema\/logo\/image\/\",\"url\":\"https:\/\/maison-chance.org\/wp-content\/uploads\/2021\/09\/Featued-Logo-MC-1.jpg\",\"contentUrl\":\"https:\/\/maison-chance.org\/wp-content\/uploads\/2021\/09\/Featued-Logo-MC-1.jpg\",\"width\":500,\"height\":313,\"caption\":\"https:\/\/maison-chance.org\/\"},\"image\":{\"@id\":\"https:\/\/maison-chance.org\/de#\/schema\/logo\/image\/\"},\"sameAs\":[\"https:\/\/www.facebook.com\/MaisonChance\",\"https:\/\/x.com\/MaisonChanceVN\",\"https:\/\/www.instagram.com\/maisonchance\/\",\"https:\/\/www.youtube.com\/c\/MaisonChanceVideo\"]}]}<\/script>\n<!-- \/ Yoast SEO plugin. -->","yoast_head_json":{"title":"Maison Chance Internationale | Verein Maison Chance","description":"Um das j\u00e4hrliche Betriebsbudget von Maison Chance in Vietnam sicherzustellen, hat der Verband Maison Chance Organizations gegr\u00fcndet","robots":{"index":"index","follow":"follow","max-snippet":"max-snippet:-1","max-image-preview":"max-image-preview:large","max-video-preview":"max-video-preview:-1"},"canonical":"https:\/\/maison-chance.org\/de\/maison-chance-internationale","og_locale":"de_DE","og_type":"article","og_title":"Maison Chance Internationale | Verein Maison Chance","og_description":"Um das j\u00e4hrliche Betriebsbudget von Maison Chance in Vietnam sicherzustellen, hat der Verband Maison Chance Organizations gegr\u00fcndet","og_url":"https:\/\/maison-chance.org\/de\/maison-chance-internationale","og_site_name":"Maison Chance Association","article_publisher":"https:\/\/www.facebook.com\/MaisonChance","article_modified_time":"2023-02-28T08:57:27+00:00","og_image":[{"width":500,"height":313,"url":"https:\/\/maison-chance.org\/wp-content\/uploads\/2021\/09\/Featued-Logo-MC-1.jpg","type":"image\/jpeg"}],"twitter_card":"summary_large_image","twitter_title":"Maison Chance Internationale | Verein Maison Chance","twitter_description":"Um das j\u00e4hrliche Betriebsbudget von Maison Chance in Vietnam sicherzustellen, hat der Verband Maison Chance Organizations gegr\u00fcndet","twitter_image":"https:\/\/maison-chance.org\/wp-content\/uploads\/2021\/09\/Featued-Logo-MC-1.jpg","twitter_site":"@MaisonChanceVN","twitter_misc":{"Gesch\u00e4tzte Lesezeit":"2\u00a0Minuten"},"schema":{"@context":"https:\/\/schema.org","@graph":[{"@type":"WebPage","@id":"https:\/\/maison-chance.org\/de\/maison-chance-internationale","url":"https:\/\/maison-chance.org\/de\/maison-chance-internationale","name":"Maison Chance Internationale | Verein Maison Chance","isPartOf":{"@id":"https:\/\/maison-chance.org\/de#website"},"primaryImageOfPage":{"@id":"https:\/\/maison-chance.org\/de\/maison-chance-internationale#primaryimage"},"image":{"@id":"https:\/\/maison-chance.org\/de\/maison-chance-internationale#primaryimage"},"thumbnailUrl":"https:\/\/maison-chance.org\/wp-content\/uploads\/2021\/09\/Featued-Logo-MC-1.jpg","datePublished":"2021-10-13T09:51:13+00:00","dateModified":"2023-02-28T08:57:27+00:00","description":"Um das j\u00e4hrliche Betriebsbudget von Maison Chance in Vietnam sicherzustellen, hat der Verband Maison Chance Organizations gegr\u00fcndet","inLanguage":"de","potentialAction":[{"@type":"ReadAction","target":["https:\/\/maison-chance.org\/de\/maison-chance-internationale"]}]},{"@type":"ImageObject","inLanguage":"de","@id":"https:\/\/maison-chance.org\/de\/maison-chance-internationale#primaryimage","url":"https:\/\/maison-chance.org\/wp-content\/uploads\/2021\/09\/Featued-Logo-MC-1.jpg","contentUrl":"https:\/\/maison-chance.org\/wp-content\/uploads\/2021\/09\/Featued-Logo-MC-1.jpg","width":500,"height":313},{"@type":"WebSite","@id":"https:\/\/maison-chance.org\/de#website","url":"https:\/\/maison-chance.org\/de","name":"https:\/\/maison-chance.org\/","description":"Eine Zukunft f\u00fcr die weniger Gl\u00fccklichen in Vietnam!","publisher":{"@id":"https:\/\/maison-chance.org\/de#organization"},"potentialAction":[{"@type":"SearchAction","target":{"@type":"EntryPoint","urlTemplate":"https:\/\/maison-chance.org\/de?s={search_term_string}"},"query-input":{"@type":"PropertyValueSpecification","valueRequired":true,"valueName":"search_term_string"}}],"inLanguage":"de"},{"@type":"Organization","@id":"https:\/\/maison-chance.org\/de#organization","name":"https:\/\/maison-chance.org\/","url":"https:\/\/maison-chance.org\/de","logo":{"@type":"ImageObject","inLanguage":"de","@id":"https:\/\/maison-chance.org\/de#\/schema\/logo\/image\/","url":"https:\/\/maison-chance.org\/wp-content\/uploads\/2021\/09\/Featued-Logo-MC-1.jpg","contentUrl":"https:\/\/maison-chance.org\/wp-content\/uploads\/2021\/09\/Featued-Logo-MC-1.jpg","width":500,"height":313,"caption":"https:\/\/maison-chance.org\/"},"image":{"@id":"https:\/\/maison-chance.org\/de#\/schema\/logo\/image\/"},"sameAs":["https:\/\/www.facebook.com\/MaisonChance","https:\/\/x.com\/MaisonChanceVN","https:\/\/www.instagram.com\/maisonchance\/","https:\/\/www.youtube.com\/c\/MaisonChanceVideo"]}]}},"campaignId":"","_links":{"self":[{"href":"https:\/\/maison-chance.org\/de\/wp-json\/wp\/v2\/pages\/3510","targetHints":{"allow":["GET"]}}],"collection":[{"href":"https:\/\/maison-chance.org\/de\/wp-json\/wp\/v2\/pages"}],"about":[{"href":"https:\/\/maison-chance.org\/de\/wp-json\/wp\/v2\/types\/page"}],"author":[{"embeddable":true,"href":"https:\/\/maison-chance.org\/de\/wp-json\/wp\/v2\/users\/1"}],"replies":[{"embeddable":true,"href":"https:\/\/maison-chance.org\/de\/wp-json\/wp\/v2\/comments?post=3510"}],"version-history":[{"count":13,"href":"https:\/\/maison-chance.org\/de\/wp-json\/wp\/v2\/pages\/3510\/revisions"}],"predecessor-version":[{"id":39528,"href":"https:\/\/maison-chance.org\/de\/wp-json\/wp\/v2\/pages\/3510\/revisions\/39528"}],"wp:featuredmedia":[{"embeddable":true,"href":"https:\/\/maison-chance.org\/de\/wp-json\/wp\/v2\/media\/2160"}],"wp:attachment":[{"href":"https:\/\/maison-chance.org\/de\/wp-json\/wp\/v2\/media?parent=3510"}],"curies":[{"name":"wp","href":"https:\/\/api.w.org\/{rel}","templated":true}]}}