{"id":3568,"date":"2021-10-14T03:14:20","date_gmt":"2021-10-14T03:14:20","guid":{"rendered":"https:\/\/maison-chance.org\/?page_id=3568"},"modified":"2021-12-01T16:25:34","modified_gmt":"2021-12-01T09:25:34","slug":"veranstaltungen","status":"publish","type":"page","link":"https:\/\/maison-chance.org\/de\/programme-und-aktivitaeten\/veranstaltungen","title":{"rendered":"Veranstaltungen"},"content":{"rendered":"\n\t<section class=\"section info-card-1\" id=\"section_1315905014\">\n\t\t<div class=\"section-bg fill\" >\n\t\t\t\t\t\t\t\t\t\n\t\t\t\n\n\t\t<\/div>\n\n\t\t\n\n\t\t<div class=\"section-content relative\">\n\t\t\t\n<div class=\"row\"  id=\"row-219602392\">\n\n\t<div id=\"col-1758958079\" class=\"col small-12 large-12\"  >\n\t\t\t\t<div class=\"col-inner text-center\"  >\n\t\t\t\n\t\t\t\n\t<div id=\"text-2105403781\" class=\"text title-dau-trang\">\n\t\t\n<h1>MAISON CHANCE VERANSTALTUNGEN<\/1><br \/>\n\t\t\n<style>\n#text-2105403781 {\n  color: rgb(0, 124, 186);\n}\n#text-2105403781 > * {\n  color: rgb(0, 124, 186);\n}\n<\/style>\n\t<\/div>\n\t\n\t\t<\/div>\n\t\t\t\t\n<style>\n#col-1758958079 > .col-inner {\n  padding: 20px 0px 0px 0px;\n}\n<\/style>\n\t<\/div>\n\n\t\n<\/div>\n<div class=\"row row-small align-equal\"  id=\"row-1745422109\">\n\n\t<div id=\"col-794096199\" class=\"col medium-4 small-12 large-4\"  >\n\t\t\t\t<div class=\"col-inner\"  >\n\t\t\t\n\t\t\t\n\t<div class=\"box has-hover   has-hover box-push box-text-bottom\" >\n\n\t\t<div class=\"box-image\" style=\"border-radius:4%;\">\n\t\t\t<a href=\"#\" >\t\t\t<div class=\"image-zoom image-cover\" style=\"padding-top:100%;\">\n\t\t\t\t<img loading=\"lazy\" decoding=\"async\" width=\"800\" height=\"532\" src=\"https:\/\/maison-chance.org\/wp-content\/uploads\/2021\/09\/su-kien-01.jpg\" class=\"attachment-original size-original\" alt=\"\" srcset=\"https:\/\/maison-chance.org\/wp-content\/uploads\/2021\/09\/su-kien-01.jpg 800w, https:\/\/maison-chance.org\/wp-content\/uploads\/2021\/09\/su-kien-01-300x200.jpg 300w, https:\/\/maison-chance.org\/wp-content\/uploads\/2021\/09\/su-kien-01-768x511.jpg 768w, https:\/\/maison-chance.org\/wp-content\/uploads\/2021\/09\/su-kien-01-450x299.jpg 450w\" sizes=\"auto, (max-width: 800px) 100vw, 800px\" \/>\t\t\t\t<div class=\"overlay\" style=\"background-color:rgba(0, 124, 186, 0.14)\"><\/div>\t\t\t\t\t\t\t<\/div>\n\t\t\t<\/a>\t\t<\/div>\n\n\t\t<div class=\"box-text text-center\" style=\"background-color:rgb(255, 255, 255);padding:20px 5% 20px 5%;\">\n\t\t\t<div class=\"box-text-inner\">\n\t\t\t\t\n<h4>es gibt noch keine Veranstaltungen<\/h4>\n<p>Derzeit gibt es keine bevorstehenden Veranstaltungen.<\/p>\n<a class=\"button primary is-bevel box-shadow-3 box-shadow-5-hover\" style=\"border-radius:5px;\">\n\t\t<span>Mehr sehen<\/span>\n\t<\/a>\n\n\t\t\t<\/div>\n\t\t<\/div>\n\t<\/div>\n\t\n\t\t<\/div>\n\t\t\t\t\t<\/div>\n\n\t\n\n\t<div id=\"col-885228879\" class=\"col medium-4 small-12 large-4\"  >\n\t\t\t\t<div class=\"col-inner\"  >\n\t\t\t\n\t\t\t\n\t<div class=\"box has-hover   has-hover box-push box-text-bottom\" >\n\n\t\t<div class=\"box-image\" style=\"border-radius:4%;\">\n\t\t\t<a href=\"#\" >\t\t\t<div class=\"image-zoom image-cover\" style=\"padding-top:100%;\">\n\t\t\t\t<img loading=\"lazy\" decoding=\"async\" width=\"800\" height=\"532\" src=\"https:\/\/maison-chance.org\/wp-content\/uploads\/2021\/09\/su-kien-01.jpg\" class=\"attachment-original size-original\" alt=\"\" srcset=\"https:\/\/maison-chance.org\/wp-content\/uploads\/2021\/09\/su-kien-01.jpg 800w, https:\/\/maison-chance.org\/wp-content\/uploads\/2021\/09\/su-kien-01-300x200.jpg 300w, https:\/\/maison-chance.org\/wp-content\/uploads\/2021\/09\/su-kien-01-768x511.jpg 768w, https:\/\/maison-chance.org\/wp-content\/uploads\/2021\/09\/su-kien-01-450x299.jpg 450w\" sizes=\"auto, (max-width: 800px) 100vw, 800px\" \/>\t\t\t\t<div class=\"overlay\" style=\"background-color:rgba(0, 124, 186, 0.14)\"><\/div>\t\t\t\t\t\t\t<\/div>\n\t\t\t<\/a>\t\t<\/div>\n\n\t\t<div class=\"box-text text-center\" style=\"background-color:rgb(255, 255, 255);padding:20px 5% 20px 5%;\">\n\t\t\t<div class=\"box-text-inner\">\n\t\t\t\t\n<h4>es gibt noch keine Veranstaltungen<\/h4>\n<p>Derzeit gibt es keine bevorstehenden Veranstaltungen.<\/p>\n<a class=\"button primary is-bevel box-shadow-3 box-shadow-5-hover\" style=\"border-radius:5px;\">\n\t\t<span>Mehr sehen<\/span>\n\t<\/a>\n\n\t\t\t<\/div>\n\t\t<\/div>\n\t<\/div>\n\t\n\t\t<\/div>\n\t\t\t\t\t<\/div>\n\n\t\n\n\t<div id=\"col-1423160957\" class=\"col medium-4 small-12 large-4\"  >\n\t\t\t\t<div class=\"col-inner\"  >\n\t\t\t\n\t\t\t\n\t<div class=\"box has-hover   has-hover box-push box-text-bottom\" >\n\n\t\t<div class=\"box-image\" style=\"border-radius:4%;\">\n\t\t\t<a href=\"#\" >\t\t\t<div class=\"image-zoom image-cover\" style=\"padding-top:100%;\">\n\t\t\t\t<img loading=\"lazy\" decoding=\"async\" width=\"800\" height=\"532\" src=\"https:\/\/maison-chance.org\/wp-content\/uploads\/2021\/09\/su-kien-01.jpg\" class=\"attachment-original size-original\" alt=\"\" srcset=\"https:\/\/maison-chance.org\/wp-content\/uploads\/2021\/09\/su-kien-01.jpg 800w, https:\/\/maison-chance.org\/wp-content\/uploads\/2021\/09\/su-kien-01-300x200.jpg 300w, https:\/\/maison-chance.org\/wp-content\/uploads\/2021\/09\/su-kien-01-768x511.jpg 768w, https:\/\/maison-chance.org\/wp-content\/uploads\/2021\/09\/su-kien-01-450x299.jpg 450w\" sizes=\"auto, (max-width: 800px) 100vw, 800px\" \/>\t\t\t\t<div class=\"overlay\" style=\"background-color:rgba(0, 124, 186, 0.14)\"><\/div>\t\t\t\t\t\t\t<\/div>\n\t\t\t<\/a>\t\t<\/div>\n\n\t\t<div class=\"box-text text-center\" style=\"background-color:rgb(255, 255, 255);padding:20px 5% 20px 5%;\">\n\t\t\t<div class=\"box-text-inner\">\n\t\t\t\t\n<h4>es gibt noch keine Veranstaltungen<\/h4>\n<p>Derzeit gibt es keine bevorstehenden Veranstaltungen.<\/p>\n<a class=\"button primary is-bevel box-shadow-3 box-shadow-5-hover\" style=\"border-radius:5px;\">\n\t\t<span>Mehr sehen<\/span>\n\t<\/a>\n\n\t\t\t<\/div>\n\t\t<\/div>\n\t<\/div>\n\t\n\t\t<\/div>\n\t\t\t\t\t<\/div>\n\n\t\n\n<style>\n#row-1745422109 > .col > .col-inner {\n  background-color: rgb(255,255,255);\n}\n<\/style>\n<\/div>\n\t\t<\/div>\n\n\t\t\n<style>\n#section_1315905014 {\n  padding-top: 10px;\n  padding-bottom: 10px;\n  background-color: rgb(207, 236, 249);\n}\n<\/style>\n\t<\/section>\n\t\n","protected":false},"excerpt":{"rendered":"","protected":false},"author":1,"featured_media":2373,"parent":3378,"menu_order":0,"comment_status":"closed","ping_status":"closed","template":"page-blank.php","meta":{"give_campaign_id":0,"footnotes":""},"class_list":["post-3568","page","type-page","status-publish","has-post-thumbnail","hentry"],"yoast_head":"<!-- This site is optimized with the Yoast SEO plugin v27.2 - https:\/\/yoast.com\/product\/yoast-seo-wordpress\/ -->\n<title>Veranstaltungen | Verein Maison Chance<\/title>\n<meta name=\"description\" content=\"Spendenaktionen, um Spenden f\u00fcr die Aktivit\u00e4ten von Maison Chance im In- und Ausland zu sammeln, werden hier ver\u00f6ffentlicht...\" \/>\n<meta name=\"robots\" content=\"index, follow, max-snippet:-1, max-image-preview:large, max-video-preview:-1\" \/>\n<link rel=\"canonical\" href=\"https:\/\/maison-chance.org\/de\/programme-und-aktivitaeten\/veranstaltungen\" \/>\n<meta property=\"og:locale\" content=\"de_DE\" \/>\n<meta property=\"og:type\" content=\"article\" \/>\n<meta property=\"og:title\" content=\"Veranstaltungen | Verein Maison Chance\" \/>\n<meta property=\"og:description\" content=\"Spendenaktionen, um Spenden f\u00fcr die Aktivit\u00e4ten von Maison Chance im In- und Ausland zu sammeln, werden hier ver\u00f6ffentlicht...\" \/>\n<meta property=\"og:url\" content=\"https:\/\/maison-chance.org\/de\/programme-und-aktivitaeten\/veranstaltungen\" \/>\n<meta property=\"og:site_name\" content=\"Maison Chance Association\" \/>\n<meta property=\"article:publisher\" content=\"https:\/\/www.facebook.com\/MaisonChance\" \/>\n<meta property=\"article:modified_time\" content=\"2021-12-01T09:25:34+00:00\" \/>\n<meta property=\"og:image\" content=\"https:\/\/maison-chance.org\/wp-content\/uploads\/2021\/09\/su-kien-01.jpg\" \/>\n\t<meta property=\"og:image:width\" content=\"800\" \/>\n\t<meta property=\"og:image:height\" content=\"532\" \/>\n\t<meta property=\"og:image:type\" content=\"image\/jpeg\" \/>\n<meta name=\"twitter:card\" content=\"summary_large_image\" \/>\n<meta name=\"twitter:title\" content=\"Veranstaltungen | Verein Maison Chance\" \/>\n<meta name=\"twitter:description\" content=\"Spendenaktionen, um Spenden f\u00fcr die Aktivit\u00e4ten von Maison Chance im In- und Ausland zu sammeln, werden hier ver\u00f6ffentlicht...\" \/>\n<meta name=\"twitter:image\" content=\"https:\/\/maison-chance.org\/wp-content\/uploads\/2021\/09\/su-kien-01.jpg\" \/>\n<meta name=\"twitter:site\" content=\"@MaisonChanceVN\" \/>\n<meta name=\"twitter:label1\" content=\"Gesch\u00e4tzte Lesezeit\" \/>\n\t<meta name=\"twitter:data1\" content=\"1\u00a0Minute\" \/>\n<script type=\"application\/ld+json\" class=\"yoast-schema-graph\">{\"@context\":\"https:\/\/schema.org\",\"@graph\":[{\"@type\":\"WebPage\",\"@id\":\"https:\/\/maison-chance.org\/de\/programme-und-aktivitaeten\/veranstaltungen\",\"url\":\"https:\/\/maison-chance.org\/de\/programme-und-aktivitaeten\/veranstaltungen\",\"name\":\"Veranstaltungen | Verein Maison Chance\",\"isPartOf\":{\"@id\":\"https:\/\/maison-chance.org\/de#website\"},\"primaryImageOfPage\":{\"@id\":\"https:\/\/maison-chance.org\/de\/programme-und-aktivitaeten\/veranstaltungen#primaryimage\"},\"image\":{\"@id\":\"https:\/\/maison-chance.org\/de\/programme-und-aktivitaeten\/veranstaltungen#primaryimage\"},\"thumbnailUrl\":\"https:\/\/maison-chance.org\/wp-content\/uploads\/2021\/09\/su-kien-01.jpg\",\"datePublished\":\"2021-10-14T03:14:20+00:00\",\"dateModified\":\"2021-12-01T09:25:34+00:00\",\"description\":\"Spendenaktionen, um Spenden f\u00fcr die Aktivit\u00e4ten von Maison Chance im In- und Ausland zu sammeln, werden hier ver\u00f6ffentlicht...\",\"breadcrumb\":{\"@id\":\"https:\/\/maison-chance.org\/de\/programme-und-aktivitaeten\/veranstaltungen#breadcrumb\"},\"inLanguage\":\"de\",\"potentialAction\":[{\"@type\":\"ReadAction\",\"target\":[\"https:\/\/maison-chance.org\/de\/programme-und-aktivitaeten\/veranstaltungen\"]}]},{\"@type\":\"ImageObject\",\"inLanguage\":\"de\",\"@id\":\"https:\/\/maison-chance.org\/de\/programme-und-aktivitaeten\/veranstaltungen#primaryimage\",\"url\":\"https:\/\/maison-chance.org\/wp-content\/uploads\/2021\/09\/su-kien-01.jpg\",\"contentUrl\":\"https:\/\/maison-chance.org\/wp-content\/uploads\/2021\/09\/su-kien-01.jpg\",\"width\":800,\"height\":532},{\"@type\":\"BreadcrumbList\",\"@id\":\"https:\/\/maison-chance.org\/de\/programme-und-aktivitaeten\/veranstaltungen#breadcrumb\",\"itemListElement\":[{\"@type\":\"ListItem\",\"position\":1,\"name\":\"Programme und Aktivit\u00e4ten\",\"item\":\"https:\/\/maison-chance.org\/de\/programme-und-aktivitaeten\"},{\"@type\":\"ListItem\",\"position\":2,\"name\":\"Veranstaltungen\"}]},{\"@type\":\"WebSite\",\"@id\":\"https:\/\/maison-chance.org\/de#website\",\"url\":\"https:\/\/maison-chance.org\/de\",\"name\":\"https:\/\/maison-chance.org\/\",\"description\":\"Eine Zukunft f\u00fcr die weniger Gl\u00fccklichen in Vietnam!\",\"publisher\":{\"@id\":\"https:\/\/maison-chance.org\/de#organization\"},\"potentialAction\":[{\"@type\":\"SearchAction\",\"target\":{\"@type\":\"EntryPoint\",\"urlTemplate\":\"https:\/\/maison-chance.org\/de?s={search_term_string}\"},\"query-input\":{\"@type\":\"PropertyValueSpecification\",\"valueRequired\":true,\"valueName\":\"search_term_string\"}}],\"inLanguage\":\"de\"},{\"@type\":\"Organization\",\"@id\":\"https:\/\/maison-chance.org\/de#organization\",\"name\":\"https:\/\/maison-chance.org\/\",\"url\":\"https:\/\/maison-chance.org\/de\",\"logo\":{\"@type\":\"ImageObject\",\"inLanguage\":\"de\",\"@id\":\"https:\/\/maison-chance.org\/de#\/schema\/logo\/image\/\",\"url\":\"https:\/\/maison-chance.org\/wp-content\/uploads\/2021\/09\/Featued-Logo-MC-1.jpg\",\"contentUrl\":\"https:\/\/maison-chance.org\/wp-content\/uploads\/2021\/09\/Featued-Logo-MC-1.jpg\",\"width\":500,\"height\":313,\"caption\":\"https:\/\/maison-chance.org\/\"},\"image\":{\"@id\":\"https:\/\/maison-chance.org\/de#\/schema\/logo\/image\/\"},\"sameAs\":[\"https:\/\/www.facebook.com\/MaisonChance\",\"https:\/\/x.com\/MaisonChanceVN\",\"https:\/\/www.instagram.com\/maisonchance\/\",\"https:\/\/www.youtube.com\/c\/MaisonChanceVideo\"]}]}<\/script>\n<!-- \/ Yoast SEO plugin. -->","yoast_head_json":{"title":"Veranstaltungen | Verein Maison Chance","description":"Spendenaktionen, um Spenden f\u00fcr die Aktivit\u00e4ten von Maison Chance im In- und Ausland zu sammeln, werden hier ver\u00f6ffentlicht...","robots":{"index":"index","follow":"follow","max-snippet":"max-snippet:-1","max-image-preview":"max-image-preview:large","max-video-preview":"max-video-preview:-1"},"canonical":"https:\/\/maison-chance.org\/de\/programme-und-aktivitaeten\/veranstaltungen","og_locale":"de_DE","og_type":"article","og_title":"Veranstaltungen | Verein Maison Chance","og_description":"Spendenaktionen, um Spenden f\u00fcr die Aktivit\u00e4ten von Maison Chance im In- und Ausland zu sammeln, werden hier ver\u00f6ffentlicht...","og_url":"https:\/\/maison-chance.org\/de\/programme-und-aktivitaeten\/veranstaltungen","og_site_name":"Maison Chance Association","article_publisher":"https:\/\/www.facebook.com\/MaisonChance","article_modified_time":"2021-12-01T09:25:34+00:00","og_image":[{"width":800,"height":532,"url":"https:\/\/maison-chance.org\/wp-content\/uploads\/2021\/09\/su-kien-01.jpg","type":"image\/jpeg"}],"twitter_card":"summary_large_image","twitter_title":"Veranstaltungen | Verein Maison Chance","twitter_description":"Spendenaktionen, um Spenden f\u00fcr die Aktivit\u00e4ten von Maison Chance im In- und Ausland zu sammeln, werden hier ver\u00f6ffentlicht...","twitter_image":"https:\/\/maison-chance.org\/wp-content\/uploads\/2021\/09\/su-kien-01.jpg","twitter_site":"@MaisonChanceVN","twitter_misc":{"Gesch\u00e4tzte Lesezeit":"1\u00a0Minute"},"schema":{"@context":"https:\/\/schema.org","@graph":[{"@type":"WebPage","@id":"https:\/\/maison-chance.org\/de\/programme-und-aktivitaeten\/veranstaltungen","url":"https:\/\/maison-chance.org\/de\/programme-und-aktivitaeten\/veranstaltungen","name":"Veranstaltungen | Verein Maison Chance","isPartOf":{"@id":"https:\/\/maison-chance.org\/de#website"},"primaryImageOfPage":{"@id":"https:\/\/maison-chance.org\/de\/programme-und-aktivitaeten\/veranstaltungen#primaryimage"},"image":{"@id":"https:\/\/maison-chance.org\/de\/programme-und-aktivitaeten\/veranstaltungen#primaryimage"},"thumbnailUrl":"https:\/\/maison-chance.org\/wp-content\/uploads\/2021\/09\/su-kien-01.jpg","datePublished":"2021-10-14T03:14:20+00:00","dateModified":"2021-12-01T09:25:34+00:00","description":"Spendenaktionen, um Spenden f\u00fcr die Aktivit\u00e4ten von Maison Chance im In- und Ausland zu sammeln, werden hier ver\u00f6ffentlicht...","breadcrumb":{"@id":"https:\/\/maison-chance.org\/de\/programme-und-aktivitaeten\/veranstaltungen#breadcrumb"},"inLanguage":"de","potentialAction":[{"@type":"ReadAction","target":["https:\/\/maison-chance.org\/de\/programme-und-aktivitaeten\/veranstaltungen"]}]},{"@type":"ImageObject","inLanguage":"de","@id":"https:\/\/maison-chance.org\/de\/programme-und-aktivitaeten\/veranstaltungen#primaryimage","url":"https:\/\/maison-chance.org\/wp-content\/uploads\/2021\/09\/su-kien-01.jpg","contentUrl":"https:\/\/maison-chance.org\/wp-content\/uploads\/2021\/09\/su-kien-01.jpg","width":800,"height":532},{"@type":"BreadcrumbList","@id":"https:\/\/maison-chance.org\/de\/programme-und-aktivitaeten\/veranstaltungen#breadcrumb","itemListElement":[{"@type":"ListItem","position":1,"name":"Programme und Aktivit\u00e4ten","item":"https:\/\/maison-chance.org\/de\/programme-und-aktivitaeten"},{"@type":"ListItem","position":2,"name":"Veranstaltungen"}]},{"@type":"WebSite","@id":"https:\/\/maison-chance.org\/de#website","url":"https:\/\/maison-chance.org\/de","name":"https:\/\/maison-chance.org\/","description":"Eine Zukunft f\u00fcr die weniger Gl\u00fccklichen in Vietnam!","publisher":{"@id":"https:\/\/maison-chance.org\/de#organization"},"potentialAction":[{"@type":"SearchAction","target":{"@type":"EntryPoint","urlTemplate":"https:\/\/maison-chance.org\/de?s={search_term_string}"},"query-input":{"@type":"PropertyValueSpecification","valueRequired":true,"valueName":"search_term_string"}}],"inLanguage":"de"},{"@type":"Organization","@id":"https:\/\/maison-chance.org\/de#organization","name":"https:\/\/maison-chance.org\/","url":"https:\/\/maison-chance.org\/de","logo":{"@type":"ImageObject","inLanguage":"de","@id":"https:\/\/maison-chance.org\/de#\/schema\/logo\/image\/","url":"https:\/\/maison-chance.org\/wp-content\/uploads\/2021\/09\/Featued-Logo-MC-1.jpg","contentUrl":"https:\/\/maison-chance.org\/wp-content\/uploads\/2021\/09\/Featued-Logo-MC-1.jpg","width":500,"height":313,"caption":"https:\/\/maison-chance.org\/"},"image":{"@id":"https:\/\/maison-chance.org\/de#\/schema\/logo\/image\/"},"sameAs":["https:\/\/www.facebook.com\/MaisonChance","https:\/\/x.com\/MaisonChanceVN","https:\/\/www.instagram.com\/maisonchance\/","https:\/\/www.youtube.com\/c\/MaisonChanceVideo"]}]}},"campaignId":"","_links":{"self":[{"href":"https:\/\/maison-chance.org\/de\/wp-json\/wp\/v2\/pages\/3568","targetHints":{"allow":["GET"]}}],"collection":[{"href":"https:\/\/maison-chance.org\/de\/wp-json\/wp\/v2\/pages"}],"about":[{"href":"https:\/\/maison-chance.org\/de\/wp-json\/wp\/v2\/types\/page"}],"author":[{"embeddable":true,"href":"https:\/\/maison-chance.org\/de\/wp-json\/wp\/v2\/users\/1"}],"replies":[{"embeddable":true,"href":"https:\/\/maison-chance.org\/de\/wp-json\/wp\/v2\/comments?post=3568"}],"version-history":[{"count":3,"href":"https:\/\/maison-chance.org\/de\/wp-json\/wp\/v2\/pages\/3568\/revisions"}],"predecessor-version":[{"id":3574,"href":"https:\/\/maison-chance.org\/de\/wp-json\/wp\/v2\/pages\/3568\/revisions\/3574"}],"up":[{"embeddable":true,"href":"https:\/\/maison-chance.org\/de\/wp-json\/wp\/v2\/pages\/3378"}],"wp:featuredmedia":[{"embeddable":true,"href":"https:\/\/maison-chance.org\/de\/wp-json\/wp\/v2\/media\/2373"}],"wp:attachment":[{"href":"https:\/\/maison-chance.org\/de\/wp-json\/wp\/v2\/media?parent=3568"}],"curies":[{"name":"wp","href":"https:\/\/api.w.org\/{rel}","templated":true}]}}