{"id":3643,"date":"2021-10-14T09:45:14","date_gmt":"2021-10-14T09:45:14","guid":{"rendered":"https:\/\/maison-chance.org\/?page_id=3643"},"modified":"2024-01-25T10:28:13","modified_gmt":"2024-01-25T03:28:13","slug":"freiwilliger","status":"publish","type":"page","link":"https:\/\/maison-chance.org\/de\/freiwilliger","title":{"rendered":"Freiwilliger"},"content":{"rendered":"\n\t<section class=\"section\" id=\"section_1609097616\">\n\t\t<div class=\"section-bg fill\" >\n\t\t\t\t\t\t\t\t\t\n\t\t\t\n\n\t\t<\/div>\n\n\t\t\n\n\t\t<div class=\"section-content relative\">\n\t\t\t\n\t<div id=\"text-954137223\" class=\"text title-trang-dao-tao\">\n\t\t\n<h1>ANMELDUNG F\u00dcR DIE FREIWILLIGENARBEIT BEI MAISON CHANCE VIETNAM<\/h1>\n\t\t\n<style>\n#text-954137223 {\n  text-align: center;\n  color: rgb(30, 140, 190);\n}\n#text-954137223 > * {\n  color: rgb(30, 140, 190);\n}\n<\/style>\n\t<\/div>\n\t\n\t<div id=\"gap-1242529736\" class=\"gap-element clearfix\" style=\"display:block; height:auto;\">\n\t\t\n<style>\n#gap-1242529736 {\n  padding-top: 30px;\n}\n<\/style>\n\t<\/div>\n\t\n<div class=\"row\"  id=\"row-1557904194\">\n<p style=\"text-align: justify;\"><span style=\"font-size: 11pt; font-family: arial, helvetica, sans-serif;\">Maison Chance rekrutiert derzeit f\u00fcr die folgenden Volonteer-Stellen. Wir setzen uns daf\u00fcr ein, den Bed\u00fcrftigen in Vietnam humanit\u00e4re Hilfe zu leisten. Dazu geh\u00f6rt, die Werte, Ethik und Vision der Organisation zu teilen und gleichzeitig die Rechte der Freiwilligen zu respektieren.<\/span><\/p>\n<p style=\"text-align: justify;\"><span style=\"font-size: 11pt; font-family: arial, helvetica, sans-serif;\">Freiwillige sind bei Maison Chance immer willkommen und wir haben unterschiedliche Bed\u00fcrfnisse. Alle Herzen, Kenntnisse und F\u00e4higkeiten sind n\u00fctzlich bei der Entwicklung von Aktivit\u00e4ten in der Organisation. Zu den Arbeitsstandorten geh\u00f6ren das Maison Chance Shelter, das Take Wing Center, das Village Chance in HCM City und das Maison Chance Social Center in Dak Nong.<\/span><\/p>\n\n\t<div id=\"col-1634075551\" class=\"col medium-4 small-12 large-4\"  >\n\t\t\t\t<div class=\"col-inner\"  >\n\t\t\t\n\t\t\t\n\n  <div class=\"banner has-hover\" id=\"banner-2082953540\">\n          <div class=\"banner-inner fill\">\n        <div class=\"banner-bg fill\" >\n            <img loading=\"lazy\" decoding=\"async\" width=\"667\" height=\"1000\" src=\"https:\/\/maison-chance.org\/wp-content\/uploads\/2021\/10\/therapy.jpg\" class=\"bg attachment-original size-original\" alt=\"\" \/>                        <div class=\"overlay\"><\/div>            \n                    <\/div>\n\t\t\n        <div class=\"banner-layers container\">\n            <div class=\"fill banner-link\"><\/div>            \n   <div id=\"text-box-1353218221\" class=\"text-box banner-layer x50 md-x50 lg-x50 y50 md-y50 lg-y50 res-text\">\n                                <div class=\"text-box-content text dark\">\n              \n              <div class=\"text-inner text-center\">\n                  \n<div class=\"container section-title-container title-dau-trang\" ><h2 class=\"section-title section-title-normal\"><b aria-hidden=\"true\"><\/b><span class=\"section-title-main\" style=\"color:rgb(255, 255, 255);\">Physiotherapeut<\/span><b aria-hidden=\"true\"><\/b><\/h2><\/div>\n              <\/div>\n           <\/div>\n                            \n<style>\n#text-box-1353218221 {\n  width: 83%;\n}\n#text-box-1353218221 .text-box-content {\n  font-size: 100%;\n}\n@media (min-width:550px) {\n  #text-box-1353218221 {\n    width: 73%;\n  }\n}\n<\/style>\n    <\/div>\n \n        <\/div>\n      <\/div>\n\n            \n<style>\n#banner-2082953540 {\n  padding-top: 300px;\n}\n#banner-2082953540 .overlay {\n  background-color: rgba(0, 0, 0, 0.442);\n}\n<\/style>\n  <\/div>\n\n\n<a href=\"https:\/\/maison-chance.org\/de\/application-for-volunteering\" class=\"button primary is-shade box-shadow-3 box-shadow-5-hover buton-dang-ky-tnv\" style=\"border-radius:5px;\">\n\t\t<span>ANMELDUNG<\/span>\n\t<\/a>\n\n\t\t<\/div>\n\t\t\t\t\t<\/div>\n\n\t\n\n\t<div id=\"col-688052936\" class=\"col medium-4 small-12 large-4\"  >\n\t\t\t\t<div class=\"col-inner\"  >\n\t\t\t\n\t\t\t\n\n  <div class=\"banner has-hover\" id=\"banner-696062955\">\n          <div class=\"banner-inner fill\">\n        <div class=\"banner-bg fill\" >\n            <img loading=\"lazy\" decoding=\"async\" width=\"667\" height=\"1000\" src=\"https:\/\/maison-chance.org\/wp-content\/uploads\/2021\/10\/education-1.jpg\" class=\"bg attachment-original size-original\" alt=\"\" \/>                        <div class=\"overlay\"><\/div>            \n                    <\/div>\n\t\t\n        <div class=\"banner-layers container\">\n            <div class=\"fill banner-link\"><\/div>            \n   <div id=\"text-box-1433359557\" class=\"text-box banner-layer x50 md-x50 lg-x50 y50 md-y50 lg-y50 res-text\">\n                                <div class=\"text-box-content text dark\">\n              \n              <div class=\"text-inner text-center\">\n                  \n<div class=\"container section-title-container title-dau-trang\" ><h2 class=\"section-title section-title-normal\"><b aria-hidden=\"true\"><\/b><span class=\"section-title-main\" style=\"color:rgb(255, 255, 255);\">Bildung - Fachlehrer<\/span><b aria-hidden=\"true\"><\/b><\/h2><\/div>\n              <\/div>\n           <\/div>\n                            \n<style>\n#text-box-1433359557 {\n  width: 96%;\n}\n#text-box-1433359557 .text-box-content {\n  font-size: 100%;\n}\n@media (min-width:550px) {\n  #text-box-1433359557 {\n    width: 95%;\n  }\n}\n<\/style>\n    <\/div>\n \n        <\/div>\n      <\/div>\n\n            \n<style>\n#banner-696062955 {\n  padding-top: 300px;\n}\n#banner-696062955 .overlay {\n  background-color: rgba(0, 0, 0, 0.442);\n}\n<\/style>\n  <\/div>\n\n\n<a href=\"https:\/\/maison-chance.org\/de\/application-for-volunteering\" class=\"button primary is-shade box-shadow-3 box-shadow-5-hover buton-dang-ky-tnv\" style=\"border-radius:5px;\">\n\t\t<span>ANMELDUNG<\/span>\n\t<\/a>\n\n\t\t<\/div>\n\t\t\t\t\t<\/div>\n\n\t\n\n\t<div id=\"col-504497423\" class=\"col medium-4 small-12 large-4\"  >\n\t\t\t\t<div class=\"col-inner\"  >\n\t\t\t\n\t\t\t\n\n  <div class=\"banner has-hover\" id=\"banner-161263037\">\n          <div class=\"banner-inner fill\">\n        <div class=\"banner-bg fill\" >\n            <img loading=\"lazy\" decoding=\"async\" width=\"667\" height=\"1000\" src=\"https:\/\/maison-chance.org\/wp-content\/uploads\/2021\/10\/communication-volutering.jpg\" class=\"bg attachment-original size-original\" alt=\"\" \/>                        <div class=\"overlay\"><\/div>            \n                    <\/div>\n\t\t\n        <div class=\"banner-layers container\">\n            <div class=\"fill banner-link\"><\/div>            \n   <div id=\"text-box-1605483019\" class=\"text-box banner-layer x50 md-x50 lg-x50 y50 md-y50 lg-y50 res-text\">\n                                <div class=\"text-box-content text dark\">\n              \n              <div class=\"text-inner text-center\">\n                  \n<div class=\"container section-title-container title-dau-trang\" ><h2 class=\"section-title section-title-normal\"><b aria-hidden=\"true\"><\/b><span class=\"section-title-main\" style=\"color:rgb(255, 255, 255);\">KOMMUNIKATION<\/span><b aria-hidden=\"true\"><\/b><\/h2><\/div>\n              <\/div>\n           <\/div>\n                            \n<style>\n#text-box-1605483019 {\n  width: 82%;\n}\n#text-box-1605483019 .text-box-content {\n  font-size: 100%;\n}\n@media (min-width:550px) {\n  #text-box-1605483019 {\n    width: 71%;\n  }\n}\n<\/style>\n    <\/div>\n \n        <\/div>\n      <\/div>\n\n            \n<style>\n#banner-161263037 {\n  padding-top: 300px;\n}\n#banner-161263037 .overlay {\n  background-color: rgba(0, 0, 0, 0.442);\n}\n<\/style>\n  <\/div>\n\n\n<a href=\"https:\/\/maison-chance.org\/de\/application-for-volunteering\" class=\"button primary is-shade box-shadow-3 box-shadow-5-hover buton-dang-ky-tnv\" style=\"border-radius:5px;\">\n\t\t<span>ANMELDUNG<\/span>\n\t<\/a>\n\n\t\t<\/div>\n\t\t\t\t\t<\/div>\n\n\t\n<\/div>\n<div class=\"row\"  id=\"row-632352105\">\n\n\t<div id=\"col-692327103\" class=\"col medium-4 small-12 large-4\"  >\n\t\t\t\t<div class=\"col-inner\"  >\n\t\t\t\n\t\t\t\n\n  <div class=\"banner has-hover\" id=\"banner-210342601\">\n          <div class=\"banner-inner fill\">\n        <div class=\"banner-bg fill\" >\n            <img loading=\"lazy\" decoding=\"async\" width=\"1000\" height=\"667\" src=\"https:\/\/maison-chance.org\/wp-content\/uploads\/2021\/10\/fundraising-voluntering.jpg\" class=\"bg attachment-original size-original\" alt=\"\" \/>                        <div class=\"overlay\"><\/div>            \n                    <\/div>\n\t\t\n        <div class=\"banner-layers container\">\n            <div class=\"fill banner-link\"><\/div>            \n   <div id=\"text-box-407303178\" class=\"text-box banner-layer x50 md-x50 lg-x50 y50 md-y50 lg-y50 res-text\">\n                                <div class=\"text-box-content text dark\">\n              \n              <div class=\"text-inner text-center\">\n                  \n<div class=\"container section-title-container title-dau-trang\" ><h2 class=\"section-title section-title-normal\"><b aria-hidden=\"true\"><\/b><span class=\"section-title-main\" style=\"color:rgb(255, 255, 255);\">SPENDENSAMMLUNG<\/span><b aria-hidden=\"true\"><\/b><\/h2><\/div>\n              <\/div>\n           <\/div>\n                            \n<style>\n#text-box-407303178 {\n  width: 87%;\n}\n#text-box-407303178 .text-box-content {\n  font-size: 100%;\n}\n@media (min-width:550px) {\n  #text-box-407303178 {\n    width: 75%;\n  }\n}\n<\/style>\n    <\/div>\n \n        <\/div>\n      <\/div>\n\n            \n<style>\n#banner-210342601 {\n  padding-top: 300px;\n}\n#banner-210342601 .overlay {\n  background-color: rgba(0, 0, 0, 0.442);\n}\n<\/style>\n  <\/div>\n\n\n<a href=\"https:\/\/maison-chance.org\/de\/application-for-volunteering\" class=\"button primary is-shade box-shadow-3 box-shadow-5-hover buton-dang-ky-tnv\" style=\"border-radius:5px;\">\n\t\t<span>ANMELDUNG<\/span>\n\t<\/a>\n\n\t\t<\/div>\n\t\t\t\t\t<\/div>\n\n\t\n\n\t<div id=\"col-1968230027\" class=\"col medium-4 small-12 large-4\"  >\n\t\t\t\t<div class=\"col-inner\"  >\n\t\t\t\n\t\t\t\n\n  <div class=\"banner has-hover\" id=\"banner-1617428935\">\n          <div class=\"banner-inner fill\">\n        <div class=\"banner-bg fill\" >\n            <img loading=\"lazy\" decoding=\"async\" width=\"1000\" height=\"667\" src=\"https:\/\/maison-chance.org\/wp-content\/uploads\/2021\/10\/other.jpg\" class=\"bg attachment-original size-original\" alt=\"\" \/>                        <div class=\"overlay\"><\/div>            \n                    <\/div>\n\t\t\n        <div class=\"banner-layers container\">\n            <div class=\"fill banner-link\"><\/div>            \n   <div id=\"text-box-691560279\" class=\"text-box banner-layer x50 md-x50 lg-x50 y50 md-y50 lg-y50 res-text\">\n                                <div class=\"text-box-content text dark\">\n              \n              <div class=\"text-inner text-center\">\n                  \n<div class=\"container section-title-container title-dau-trang\" ><h2 class=\"section-title section-title-normal\"><b aria-hidden=\"true\"><\/b><span class=\"section-title-main\" style=\"color:rgb(255, 255, 255);\">ANDERE BEREICHE<\/span><b aria-hidden=\"true\"><\/b><\/h2><\/div>\n              <\/div>\n           <\/div>\n                            \n<style>\n#text-box-691560279 {\n  width: 85%;\n}\n#text-box-691560279 .text-box-content {\n  font-size: 100%;\n}\n@media (min-width:550px) {\n  #text-box-691560279 {\n    width: 92%;\n  }\n}\n<\/style>\n    <\/div>\n \n        <\/div>\n      <\/div>\n\n            \n<style>\n#banner-1617428935 {\n  padding-top: 300px;\n}\n#banner-1617428935 .overlay {\n  background-color: rgba(0, 0, 0, 0.442);\n}\n<\/style>\n  <\/div>\n\n\n<a href=\"https:\/\/maison-chance.org\/de\/application-for-volunteering\" class=\"button primary is-shade box-shadow-3 box-shadow-5-hover buton-dang-ky-tnv\" style=\"border-radius:5px;\">\n\t\t<span>ANMELDUNG<\/span>\n\t<\/a>\n\n\t\t<\/div>\n\t\t\t\t\t<\/div>\n\n\t\n<\/div>\n\t\t<\/div>\n\n\t\t\n<style>\n#section_1609097616 {\n  padding-top: 30px;\n  padding-bottom: 30px;\n}\n<\/style>\n\t<\/section>\n\t\n","protected":false},"excerpt":{"rendered":"","protected":false},"author":1,"featured_media":2160,"parent":0,"menu_order":0,"comment_status":"closed","ping_status":"closed","template":"","meta":{"give_campaign_id":0,"footnotes":""},"class_list":["post-3643","page","type-page","status-publish","has-post-thumbnail","hentry"],"yoast_head":"<!-- This site is optimized with the Yoast SEO plugin v27.2 - https:\/\/yoast.com\/product\/yoast-seo-wordpress\/ -->\n<title>Freiwilliger | Verein Maison Chance<\/title>\n<meta name=\"description\" content=\"Maison Chance sucht eine Freiwilligenstelle. Wir engagieren uns f\u00fcr die humanit\u00e4re Hilfe f\u00fcr Bed\u00fcrftige in...\" \/>\n<meta name=\"robots\" content=\"index, follow, max-snippet:-1, max-image-preview:large, max-video-preview:-1\" \/>\n<link rel=\"canonical\" href=\"https:\/\/maison-chance.org\/de\/freiwilliger\" \/>\n<meta property=\"og:locale\" content=\"de_DE\" \/>\n<meta property=\"og:type\" content=\"article\" \/>\n<meta property=\"og:title\" content=\"Freiwilliger | Verein Maison Chance\" \/>\n<meta property=\"og:description\" content=\"Maison Chance sucht eine Freiwilligenstelle. Wir engagieren uns f\u00fcr die humanit\u00e4re Hilfe f\u00fcr Bed\u00fcrftige in...\" \/>\n<meta property=\"og:url\" content=\"https:\/\/maison-chance.org\/de\/freiwilliger\" \/>\n<meta property=\"og:site_name\" content=\"Maison Chance Association\" \/>\n<meta property=\"article:publisher\" content=\"https:\/\/www.facebook.com\/MaisonChance\" \/>\n<meta property=\"article:modified_time\" content=\"2024-01-25T03:28:13+00:00\" \/>\n<meta property=\"og:image\" content=\"https:\/\/maison-chance.org\/wp-content\/uploads\/2021\/09\/Featued-Logo-MC-1.jpg\" \/>\n\t<meta property=\"og:image:width\" content=\"500\" \/>\n\t<meta property=\"og:image:height\" content=\"313\" \/>\n\t<meta property=\"og:image:type\" content=\"image\/jpeg\" \/>\n<meta name=\"twitter:card\" content=\"summary_large_image\" \/>\n<meta name=\"twitter:title\" content=\"Freiwilliger | Verein Maison Chance\" \/>\n<meta name=\"twitter:description\" content=\"Maison Chance sucht eine Freiwilligenstelle. Wir engagieren uns f\u00fcr die humanit\u00e4re Hilfe f\u00fcr Bed\u00fcrftige in...\" \/>\n<meta name=\"twitter:image\" content=\"https:\/\/maison-chance.org\/wp-content\/uploads\/2021\/09\/Featued-Logo-MC-1.jpg\" \/>\n<meta name=\"twitter:site\" content=\"@MaisonChanceVN\" \/>\n<meta name=\"twitter:label1\" content=\"Gesch\u00e4tzte Lesezeit\" \/>\n\t<meta name=\"twitter:data1\" content=\"2\u00a0Minuten\" \/>\n<script type=\"application\/ld+json\" class=\"yoast-schema-graph\">{\"@context\":\"https:\/\/schema.org\",\"@graph\":[{\"@type\":\"WebPage\",\"@id\":\"https:\/\/maison-chance.org\/de\/freiwilliger\",\"url\":\"https:\/\/maison-chance.org\/de\/freiwilliger\",\"name\":\"Freiwilliger | Verein Maison Chance\",\"isPartOf\":{\"@id\":\"https:\/\/maison-chance.org\/de#website\"},\"primaryImageOfPage\":{\"@id\":\"https:\/\/maison-chance.org\/de\/freiwilliger#primaryimage\"},\"image\":{\"@id\":\"https:\/\/maison-chance.org\/de\/freiwilliger#primaryimage\"},\"thumbnailUrl\":\"https:\/\/maison-chance.org\/wp-content\/uploads\/2021\/09\/Featued-Logo-MC-1.jpg\",\"datePublished\":\"2021-10-14T09:45:14+00:00\",\"dateModified\":\"2024-01-25T03:28:13+00:00\",\"description\":\"Maison Chance sucht eine Freiwilligenstelle. Wir engagieren uns f\u00fcr die humanit\u00e4re Hilfe f\u00fcr Bed\u00fcrftige in...\",\"inLanguage\":\"de\",\"potentialAction\":[{\"@type\":\"ReadAction\",\"target\":[\"https:\/\/maison-chance.org\/de\/freiwilliger\"]}]},{\"@type\":\"ImageObject\",\"inLanguage\":\"de\",\"@id\":\"https:\/\/maison-chance.org\/de\/freiwilliger#primaryimage\",\"url\":\"https:\/\/maison-chance.org\/wp-content\/uploads\/2021\/09\/Featued-Logo-MC-1.jpg\",\"contentUrl\":\"https:\/\/maison-chance.org\/wp-content\/uploads\/2021\/09\/Featued-Logo-MC-1.jpg\",\"width\":500,\"height\":313},{\"@type\":\"WebSite\",\"@id\":\"https:\/\/maison-chance.org\/de#website\",\"url\":\"https:\/\/maison-chance.org\/de\",\"name\":\"https:\/\/maison-chance.org\/\",\"description\":\"Eine Zukunft f\u00fcr die weniger Gl\u00fccklichen in Vietnam!\",\"publisher\":{\"@id\":\"https:\/\/maison-chance.org\/de#organization\"},\"potentialAction\":[{\"@type\":\"SearchAction\",\"target\":{\"@type\":\"EntryPoint\",\"urlTemplate\":\"https:\/\/maison-chance.org\/de?s={search_term_string}\"},\"query-input\":{\"@type\":\"PropertyValueSpecification\",\"valueRequired\":true,\"valueName\":\"search_term_string\"}}],\"inLanguage\":\"de\"},{\"@type\":\"Organization\",\"@id\":\"https:\/\/maison-chance.org\/de#organization\",\"name\":\"https:\/\/maison-chance.org\/\",\"url\":\"https:\/\/maison-chance.org\/de\",\"logo\":{\"@type\":\"ImageObject\",\"inLanguage\":\"de\",\"@id\":\"https:\/\/maison-chance.org\/de#\/schema\/logo\/image\/\",\"url\":\"https:\/\/maison-chance.org\/wp-content\/uploads\/2021\/09\/Featued-Logo-MC-1.jpg\",\"contentUrl\":\"https:\/\/maison-chance.org\/wp-content\/uploads\/2021\/09\/Featued-Logo-MC-1.jpg\",\"width\":500,\"height\":313,\"caption\":\"https:\/\/maison-chance.org\/\"},\"image\":{\"@id\":\"https:\/\/maison-chance.org\/de#\/schema\/logo\/image\/\"},\"sameAs\":[\"https:\/\/www.facebook.com\/MaisonChance\",\"https:\/\/x.com\/MaisonChanceVN\",\"https:\/\/www.instagram.com\/maisonchance\/\",\"https:\/\/www.youtube.com\/c\/MaisonChanceVideo\"]}]}<\/script>\n<!-- \/ Yoast SEO plugin. -->","yoast_head_json":{"title":"Freiwilliger | Verein Maison Chance","description":"Maison Chance sucht eine Freiwilligenstelle. Wir engagieren uns f\u00fcr die humanit\u00e4re Hilfe f\u00fcr Bed\u00fcrftige in...","robots":{"index":"index","follow":"follow","max-snippet":"max-snippet:-1","max-image-preview":"max-image-preview:large","max-video-preview":"max-video-preview:-1"},"canonical":"https:\/\/maison-chance.org\/de\/freiwilliger","og_locale":"de_DE","og_type":"article","og_title":"Freiwilliger | Verein Maison Chance","og_description":"Maison Chance sucht eine Freiwilligenstelle. Wir engagieren uns f\u00fcr die humanit\u00e4re Hilfe f\u00fcr Bed\u00fcrftige in...","og_url":"https:\/\/maison-chance.org\/de\/freiwilliger","og_site_name":"Maison Chance Association","article_publisher":"https:\/\/www.facebook.com\/MaisonChance","article_modified_time":"2024-01-25T03:28:13+00:00","og_image":[{"width":500,"height":313,"url":"https:\/\/maison-chance.org\/wp-content\/uploads\/2021\/09\/Featued-Logo-MC-1.jpg","type":"image\/jpeg"}],"twitter_card":"summary_large_image","twitter_title":"Freiwilliger | Verein Maison Chance","twitter_description":"Maison Chance sucht eine Freiwilligenstelle. Wir engagieren uns f\u00fcr die humanit\u00e4re Hilfe f\u00fcr Bed\u00fcrftige in...","twitter_image":"https:\/\/maison-chance.org\/wp-content\/uploads\/2021\/09\/Featued-Logo-MC-1.jpg","twitter_site":"@MaisonChanceVN","twitter_misc":{"Gesch\u00e4tzte Lesezeit":"2\u00a0Minuten"},"schema":{"@context":"https:\/\/schema.org","@graph":[{"@type":"WebPage","@id":"https:\/\/maison-chance.org\/de\/freiwilliger","url":"https:\/\/maison-chance.org\/de\/freiwilliger","name":"Freiwilliger | Verein Maison Chance","isPartOf":{"@id":"https:\/\/maison-chance.org\/de#website"},"primaryImageOfPage":{"@id":"https:\/\/maison-chance.org\/de\/freiwilliger#primaryimage"},"image":{"@id":"https:\/\/maison-chance.org\/de\/freiwilliger#primaryimage"},"thumbnailUrl":"https:\/\/maison-chance.org\/wp-content\/uploads\/2021\/09\/Featued-Logo-MC-1.jpg","datePublished":"2021-10-14T09:45:14+00:00","dateModified":"2024-01-25T03:28:13+00:00","description":"Maison Chance sucht eine Freiwilligenstelle. Wir engagieren uns f\u00fcr die humanit\u00e4re Hilfe f\u00fcr Bed\u00fcrftige in...","inLanguage":"de","potentialAction":[{"@type":"ReadAction","target":["https:\/\/maison-chance.org\/de\/freiwilliger"]}]},{"@type":"ImageObject","inLanguage":"de","@id":"https:\/\/maison-chance.org\/de\/freiwilliger#primaryimage","url":"https:\/\/maison-chance.org\/wp-content\/uploads\/2021\/09\/Featued-Logo-MC-1.jpg","contentUrl":"https:\/\/maison-chance.org\/wp-content\/uploads\/2021\/09\/Featued-Logo-MC-1.jpg","width":500,"height":313},{"@type":"WebSite","@id":"https:\/\/maison-chance.org\/de#website","url":"https:\/\/maison-chance.org\/de","name":"https:\/\/maison-chance.org\/","description":"Eine Zukunft f\u00fcr die weniger Gl\u00fccklichen in Vietnam!","publisher":{"@id":"https:\/\/maison-chance.org\/de#organization"},"potentialAction":[{"@type":"SearchAction","target":{"@type":"EntryPoint","urlTemplate":"https:\/\/maison-chance.org\/de?s={search_term_string}"},"query-input":{"@type":"PropertyValueSpecification","valueRequired":true,"valueName":"search_term_string"}}],"inLanguage":"de"},{"@type":"Organization","@id":"https:\/\/maison-chance.org\/de#organization","name":"https:\/\/maison-chance.org\/","url":"https:\/\/maison-chance.org\/de","logo":{"@type":"ImageObject","inLanguage":"de","@id":"https:\/\/maison-chance.org\/de#\/schema\/logo\/image\/","url":"https:\/\/maison-chance.org\/wp-content\/uploads\/2021\/09\/Featued-Logo-MC-1.jpg","contentUrl":"https:\/\/maison-chance.org\/wp-content\/uploads\/2021\/09\/Featued-Logo-MC-1.jpg","width":500,"height":313,"caption":"https:\/\/maison-chance.org\/"},"image":{"@id":"https:\/\/maison-chance.org\/de#\/schema\/logo\/image\/"},"sameAs":["https:\/\/www.facebook.com\/MaisonChance","https:\/\/x.com\/MaisonChanceVN","https:\/\/www.instagram.com\/maisonchance\/","https:\/\/www.youtube.com\/c\/MaisonChanceVideo"]}]}},"campaignId":"","_links":{"self":[{"href":"https:\/\/maison-chance.org\/de\/wp-json\/wp\/v2\/pages\/3643","targetHints":{"allow":["GET"]}}],"collection":[{"href":"https:\/\/maison-chance.org\/de\/wp-json\/wp\/v2\/pages"}],"about":[{"href":"https:\/\/maison-chance.org\/de\/wp-json\/wp\/v2\/types\/page"}],"author":[{"embeddable":true,"href":"https:\/\/maison-chance.org\/de\/wp-json\/wp\/v2\/users\/1"}],"replies":[{"embeddable":true,"href":"https:\/\/maison-chance.org\/de\/wp-json\/wp\/v2\/comments?post=3643"}],"version-history":[{"count":9,"href":"https:\/\/maison-chance.org\/de\/wp-json\/wp\/v2\/pages\/3643\/revisions"}],"predecessor-version":[{"id":41028,"href":"https:\/\/maison-chance.org\/de\/wp-json\/wp\/v2\/pages\/3643\/revisions\/41028"}],"wp:featuredmedia":[{"embeddable":true,"href":"https:\/\/maison-chance.org\/de\/wp-json\/wp\/v2\/media\/2160"}],"wp:attachment":[{"href":"https:\/\/maison-chance.org\/de\/wp-json\/wp\/v2\/media?parent=3643"}],"curies":[{"name":"wp","href":"https:\/\/api.w.org\/{rel}","templated":true}]}}