{"id":41393,"date":"2024-05-28T15:11:53","date_gmt":"2024-05-28T08:11:53","guid":{"rendered":"https:\/\/maison-chance.org\/maison-chance-internationale\/maison-chance-bi"},"modified":"2025-07-04T08:14:51","modified_gmt":"2025-07-04T01:14:51","slug":"maison-chance-belgium","status":"publish","type":"page","link":"https:\/\/maison-chance.org\/en\/maison-chance-internationale\/maison-chance-belgium","title":{"rendered":"Maison Chance Belgium"},"content":{"rendered":"\t<div id=\"gap-1552143659\" class=\"gap-element clearfix\" style=\"display:block; height:auto;\">\n\t\t\n<style>\n#gap-1552143659 {\n  padding-top: 20px;\n}\n<\/style>\n\t<\/div>\n\t\n\n\t<section class=\"section\" id=\"section_187748824\">\n\t\t<div class=\"section-bg fill\" >\n\t\t\t\t\t\t\t\t\t\n\t\t\t\n\n\t\t<\/div>\n\n\t\t\n\n\t\t<div class=\"section-content relative\">\n\t\t\t\n<div class=\"container section-title-container\" ><h3 class=\"section-title section-title-center\"><b aria-hidden=\"true\"><\/b><span class=\"section-title-main\" >MEMEBRES DU BUREAU DE MAISON CHANCE BELGIUM<\/span><b aria-hidden=\"true\"><\/b><\/h3><\/div>\n<div class=\"row\"  id=\"row-1907195253\">\n\n\t<div id=\"col-1169895466\" class=\"col small-12 large-12\"  >\n\t\t\t\t<div class=\"col-inner\"  >\n\t\t\t\n\t\t\t\n\t<div class=\"img has-hover x md-x lg-x y md-y lg-y\" id=\"image_1419363890\">\n\t\t\t\t\t\t\t\t<div class=\"img-inner dark\" >\n\t\t\t<img loading=\"lazy\" decoding=\"async\" width=\"1020\" height=\"218\" src=\"https:\/\/maison-chance.org\/wp-content\/uploads\/2025\/07\/Contact-List-MCB-2025_En-1024x219.png\" class=\"attachment-large size-large\" alt=\"\" srcset=\"https:\/\/maison-chance.org\/wp-content\/uploads\/2025\/07\/Contact-List-MCB-2025_En-1024x219.png 1024w, https:\/\/maison-chance.org\/wp-content\/uploads\/2025\/07\/Contact-List-MCB-2025_En-300x64.png 300w, https:\/\/maison-chance.org\/wp-content\/uploads\/2025\/07\/Contact-List-MCB-2025_En-768x164.png 768w, https:\/\/maison-chance.org\/wp-content\/uploads\/2025\/07\/Contact-List-MCB-2025_En.png 1504w\" sizes=\"auto, (max-width: 1020px) 100vw, 1020px\" \/>\t\t\t\t\t\t\n\t\t\t\t\t<\/div>\n\t\t\t\t\t\t\t\t\n<style>\n#image_1419363890 {\n  width: 100%;\n}\n<\/style>\n\t<\/div>\n\t\n\t\t<\/div>\n\t\t\t\t\t<\/div>\n\n\t\n<\/div>\n<div class=\"row\"  id=\"row-910596701\">\n\n\t<div id=\"col-92260239\" class=\"col medium-6 small-12 large-6\"  >\n\t\t\t\t<div class=\"col-inner\"  >\n\t\t\t\n\t\t\t\n<div class=\"container section-title-container\" ><h4 class=\"section-title section-title-normal\"><b aria-hidden=\"true\"><\/b><span class=\"section-title-main\" style=\"color:rgb(0, 124, 186);\">Subscribe to Maison Chance's newsletter<\/span><b aria-hidden=\"true\"><\/b><\/h4><\/div>\n<form method=\"post\" action=\"https:\/\/newsletter.infomaniak.com\/external\/submit\" class=\"inf-form\" target=\"_blank\"><input type=\"email\" name=\"email\" style=\"display:none\" \/><input type=\"hidden\" name=\"key\" value=\"eyJpdiI6ImE1ZVlJMkhIUk9NWTZseVZhUDNMVU10b3htOVFTSmZMUkpYZjh6MUM1aTA9IiwidmFsdWUiOiJURlVWT0RXQjBKTzVnZzZEWkxHY3dUZnB0VWZuTVwvNTR0YnU5Y3FMRjhSYz0iLCJtYWMiOiJmNGJlNjQ3NzAxNTljYzk1YzNhMTc4YTU5YTA1YTkxYzc3MWRjZTgyMTEwZDRhODljNzYwYjU4MzRmYjA2YzNiIn0=\"><input type=\"hidden\" name=\"webform_id\" value=\"16357\"><\/p>\n<style> .inf-main_2291df39da0494fd8dac1661e76dd846{ background-color:#008BA0; padding:25px 20px; margin:25px auto; } .inf-main_2291df39da0494fd8dac1661e76dd846 .inf-content { margin-top:13px;} .inf-main_2291df39da0494fd8dac1661e76dd846 h4, .inf-main_2291df39da0494fd8dac1661e76dd846 span, .inf-main_2291df39da0494fd8dac1661e76dd846 label, .inf-main_2291df39da0494fd8dac1661e76dd846 input, .inf-main_2291df39da0494fd8dac1661e76dd846 .inf-submit, .inf-main_2291df39da0494fd8dac1661e76dd846 .inf-success p a { color:#ffffff; font-size:14px; } .inf-main_2291df39da0494fd8dac1661e76dd846 h4{ font-size:18px; margin:0px 0px 13px 0px; } .inf-main_2291df39da0494fd8dac1661e76dd846 h4, .inf-main_2291df39da0494fd8dac1661e76dd846 label{ font-weight:bold; } .inf-main_2291df39da0494fd8dac1661e76dd846 .inf-input { margin-bottom:7px; } .inf-main_2291df39da0494fd8dac1661e76dd846 label { display:block;} .inf-main_2291df39da0494fd8dac1661e76dd846 input{ height:35px; color:#999999; border: 1px solid #E9E9E9; padding-left:7px; } .inf-main_2291df39da0494fd8dac1661e76dd846 .inf-input.inf-error label, .inf-main_2291df39da0494fd8dac1661e76dd846 .inf-input.inf-error span.inf-message{ color: #cc0033; } .inf-main_2291df39da0494fd8dac1661e76dd846 .inf-input.inf-error input{ border: 1px solid #cc0033; } .inf-main_2291df39da0494fd8dac1661e76dd846 .inf-input input { width:100%;} .inf-main_2291df39da0494fd8dac1661e76dd846 .inf-input.inf-error span.inf-message { display: block; } .inf-main_2291df39da0494fd8dac1661e76dd846 .inf-submit { text-align:right;} .inf-main_2291df39da0494fd8dac1661e76dd846 .inf-submit input{ background-color:#005F6C; color:#ffffff; border:none; font-weight: normal; height:auto; padding:7px; } .inf-main_2291df39da0494fd8dac1661e76dd846 .inf-submit input.disabled{ opacity: 0.4; } .inf-rgpd { margin:25px 0px 15px 0px; color:#ffffff; } <\/style>\n<div class=\"inf-main_2291df39da0494fd8dac1661e76dd846\">\n<h4>Subscribe to Maison Chance&#8217;s newsletter<\/h4>\n<p> <span>Don&#8217;t miss the latest news from Maison Chance<\/span> <\/p>\n<div class=\"inf-success\" style=\"display:none\">\n<h4>Votre inscription a \u00e9t\u00e9 enregistr\u00e9e avec succ\u00e8s !<\/h4>\n<p> <a href=\"#\" class=\"inf-btn\">&laquo;<\/a> <\/p>\n<\/p>\n<\/div>\n<div class=\"inf-content\">\n<div class=\"inf-input inf-input-text\"> <label>Email<\/label> <input type=\"text\" name=\"inf&#091;1&#093;\" data-inf-meta = \"1\" data-inf-error = \"Merci de renseigner une adresse email\" required=\"required\" > <\/div>\n<div class=\"inf-input inf-input-text\"> <label>Name<\/label> <input type=\"text\" name=\"inf&#091;3&#093;\" data-inf-meta = \"3\" data-inf-error = \"Merci de renseigner une chaine de caract\u00e8re\" required=\"required\" > <\/div>\n<div class=\"inf-input inf-input-text\"> <label>First name<\/label> <input type=\"text\" name=\"inf&#091;2&#093;\" data-inf-meta = \"2\" data-inf-error = \"Merci de renseigner une chaine de caract\u00e8re\" required=\"required\" > <\/div>\n<div class=\"inf-input inf-input-text\"> <label>Country<\/label> <input type=\"text\" name=\"inf&#091;56509&#093;\" data-inf-meta = \"56509\" data-inf-error = \"Ce champ est requis\" required=\"required\" > <\/div>\n<div class=\"inf-rgpd\">Your email address is only used to send you our newsletter as well as information regarding our activities. You can use the unsubscribe link included in each of our emails at any time.<\/div>\n<div class=\"inf-submit\"> <input type=\"submit\" name=\"\" value=\"Register\"> <\/div>\n<\/p>\n<\/div>\n<\/div>\n<\/form>\n\t\t<\/div>\n\t\t\t\t\t<\/div>\n\n\t\n\n\t<div id=\"col-975317612\" class=\"col medium-6 small-12 large-6\"  >\n\t\t\t\t<div class=\"col-inner\"  >\n\t\t\t\n\t\t\t\n<div class=\"container section-title-container\" ><h4 class=\"section-title section-title-normal\"><b aria-hidden=\"true\"><\/b><span class=\"section-title-main\" style=\"color:rgb(0, 124, 186);\">CONTACT US<\/span><b aria-hidden=\"true\"><\/b><\/h4><\/div>\n<ul>\n<li><strong>Maison Chance BELGIUM<\/strong><\/li>\n<li>Rue: Avenue de l&#8217;Hippodrome<\/li>\n<li>Code Postal: 1050<\/li>\n<li>Ville: Ixelles<\/li>\n<\/ul>\n<div class=\"container section-title-container\" ><h4 class=\"section-title section-title-normal\"><b aria-hidden=\"true\"><\/b><span class=\"section-title-main\" style=\"color:rgb(0, 124, 186);\">DONATION BY WIRE TRANSFER<\/span><b aria-hidden=\"true\"><\/b><\/h4><\/div>\n<ul>\n<li><strong>Name: Association Maison Chance Belgique<\/strong><\/li>\n<li>Bank ING<\/li>\n<li>IBAN: BE73 3630 1190 3960<\/li>\n<li>BIC: BBRUBEBB<\/li>\n<li>Marnix 24<\/li>\n<li>1000 Bruxelles<\/li>\n<li>Belgique<\/li>\n<\/ul>\n\t\t<\/div>\n\t\t\t\t\t<\/div>\n\n\t\n<\/div>\n\t\t<\/div>\n\n\t\t\n<style>\n#section_187748824 {\n  padding-top: 0px;\n  padding-bottom: 0px;\n}\n<\/style>\n\t<\/section>\n\t\n","protected":false},"excerpt":{"rendered":"","protected":false},"author":1,"featured_media":2158,"parent":3515,"menu_order":0,"comment_status":"closed","ping_status":"closed","template":"","meta":{"give_campaign_id":0,"footnotes":""},"class_list":["post-41393","page","type-page","status-publish","has-post-thumbnail","hentry"],"yoast_head":"<!-- This site is optimized with the Yoast SEO plugin v27.2 - https:\/\/yoast.com\/product\/yoast-seo-wordpress\/ -->\n<title>Maison Chance Belgium - Maison Chance Association<\/title>\n<meta name=\"robots\" content=\"index, follow, max-snippet:-1, max-image-preview:large, max-video-preview:-1\" \/>\n<link rel=\"canonical\" href=\"https:\/\/maison-chance.org\/en\/maison-chance-internationale\/maison-chance-belgium\" \/>\n<meta property=\"og:locale\" content=\"en_US\" \/>\n<meta property=\"og:type\" content=\"article\" \/>\n<meta property=\"og:title\" content=\"Maison Chance Belgium - Maison Chance Association\" \/>\n<meta property=\"og:url\" content=\"https:\/\/maison-chance.org\/en\/maison-chance-internationale\/maison-chance-belgium\" \/>\n<meta property=\"og:site_name\" content=\"Maison Chance Association\" \/>\n<meta property=\"article:publisher\" content=\"https:\/\/www.facebook.com\/MaisonChance\" \/>\n<meta property=\"article:modified_time\" content=\"2025-07-04T01:14:51+00:00\" \/>\n<meta property=\"og:image\" content=\"https:\/\/maison-chance.org\/wp-content\/uploads\/2021\/09\/Featued-Logo-MC-1.jpg\" \/>\n\t<meta property=\"og:image:width\" content=\"500\" \/>\n\t<meta property=\"og:image:height\" content=\"313\" \/>\n\t<meta property=\"og:image:type\" content=\"image\/jpeg\" \/>\n<meta name=\"twitter:card\" content=\"summary_large_image\" \/>\n<meta name=\"twitter:site\" content=\"@MaisonChanceVN\" \/>\n<meta name=\"twitter:label1\" content=\"Est. reading time\" \/>\n\t<meta name=\"twitter:data1\" content=\"2 minutes\" \/>\n<script type=\"application\/ld+json\" class=\"yoast-schema-graph\">{\"@context\":\"https:\/\/schema.org\",\"@graph\":[{\"@type\":\"WebPage\",\"@id\":\"https:\/\/maison-chance.org\/en\/maison-chance-internationale\/maison-chance-belgium\",\"url\":\"https:\/\/maison-chance.org\/en\/maison-chance-internationale\/maison-chance-belgium\",\"name\":\"Maison Chance Belgium - Maison Chance Association\",\"isPartOf\":{\"@id\":\"https:\/\/maison-chance.org\/en#website\"},\"primaryImageOfPage\":{\"@id\":\"https:\/\/maison-chance.org\/en\/maison-chance-internationale\/maison-chance-belgium#primaryimage\"},\"image\":{\"@id\":\"https:\/\/maison-chance.org\/en\/maison-chance-internationale\/maison-chance-belgium#primaryimage\"},\"thumbnailUrl\":\"https:\/\/maison-chance.org\/wp-content\/uploads\/2021\/09\/Featued-Logo-MC-1.jpg\",\"datePublished\":\"2024-05-28T08:11:53+00:00\",\"dateModified\":\"2025-07-04T01:14:51+00:00\",\"breadcrumb\":{\"@id\":\"https:\/\/maison-chance.org\/en\/maison-chance-internationale\/maison-chance-belgium#breadcrumb\"},\"inLanguage\":\"en-US\",\"potentialAction\":[{\"@type\":\"ReadAction\",\"target\":[\"https:\/\/maison-chance.org\/en\/maison-chance-internationale\/maison-chance-belgium\"]}]},{\"@type\":\"ImageObject\",\"inLanguage\":\"en-US\",\"@id\":\"https:\/\/maison-chance.org\/en\/maison-chance-internationale\/maison-chance-belgium#primaryimage\",\"url\":\"https:\/\/maison-chance.org\/wp-content\/uploads\/2021\/09\/Featued-Logo-MC-1.jpg\",\"contentUrl\":\"https:\/\/maison-chance.org\/wp-content\/uploads\/2021\/09\/Featued-Logo-MC-1.jpg\",\"width\":500,\"height\":313},{\"@type\":\"BreadcrumbList\",\"@id\":\"https:\/\/maison-chance.org\/en\/maison-chance-internationale\/maison-chance-belgium#breadcrumb\",\"itemListElement\":[{\"@type\":\"ListItem\",\"position\":1,\"name\":\"Maison Chance Internationale\",\"item\":\"https:\/\/maison-chance.org\/en\/maison-chance-internationale\"},{\"@type\":\"ListItem\",\"position\":2,\"name\":\"Maison Chance Belgium\"}]},{\"@type\":\"WebSite\",\"@id\":\"https:\/\/maison-chance.org\/en#website\",\"url\":\"https:\/\/maison-chance.org\/en\",\"name\":\"https:\/\/maison-chance.org\/\",\"description\":\"A future for the less fortunate in Vietnam!\",\"publisher\":{\"@id\":\"https:\/\/maison-chance.org\/en#organization\"},\"potentialAction\":[{\"@type\":\"SearchAction\",\"target\":{\"@type\":\"EntryPoint\",\"urlTemplate\":\"https:\/\/maison-chance.org\/en?s={search_term_string}\"},\"query-input\":{\"@type\":\"PropertyValueSpecification\",\"valueRequired\":true,\"valueName\":\"search_term_string\"}}],\"inLanguage\":\"en-US\"},{\"@type\":\"Organization\",\"@id\":\"https:\/\/maison-chance.org\/en#organization\",\"name\":\"https:\/\/maison-chance.org\/\",\"url\":\"https:\/\/maison-chance.org\/en\",\"logo\":{\"@type\":\"ImageObject\",\"inLanguage\":\"en-US\",\"@id\":\"https:\/\/maison-chance.org\/en#\/schema\/logo\/image\/\",\"url\":\"https:\/\/maison-chance.org\/wp-content\/uploads\/2021\/09\/Featued-Logo-MC-1.jpg\",\"contentUrl\":\"https:\/\/maison-chance.org\/wp-content\/uploads\/2021\/09\/Featued-Logo-MC-1.jpg\",\"width\":500,\"height\":313,\"caption\":\"https:\/\/maison-chance.org\/\"},\"image\":{\"@id\":\"https:\/\/maison-chance.org\/en#\/schema\/logo\/image\/\"},\"sameAs\":[\"https:\/\/www.facebook.com\/MaisonChance\",\"https:\/\/x.com\/MaisonChanceVN\",\"https:\/\/www.instagram.com\/maisonchance\/\",\"https:\/\/www.youtube.com\/c\/MaisonChanceVideo\"]}]}<\/script>\n<!-- \/ Yoast SEO plugin. -->","yoast_head_json":{"title":"Maison Chance Belgium - Maison Chance Association","robots":{"index":"index","follow":"follow","max-snippet":"max-snippet:-1","max-image-preview":"max-image-preview:large","max-video-preview":"max-video-preview:-1"},"canonical":"https:\/\/maison-chance.org\/en\/maison-chance-internationale\/maison-chance-belgium","og_locale":"en_US","og_type":"article","og_title":"Maison Chance Belgium - Maison Chance Association","og_url":"https:\/\/maison-chance.org\/en\/maison-chance-internationale\/maison-chance-belgium","og_site_name":"Maison Chance Association","article_publisher":"https:\/\/www.facebook.com\/MaisonChance","article_modified_time":"2025-07-04T01:14:51+00:00","og_image":[{"width":500,"height":313,"url":"https:\/\/maison-chance.org\/wp-content\/uploads\/2021\/09\/Featued-Logo-MC-1.jpg","type":"image\/jpeg"}],"twitter_card":"summary_large_image","twitter_site":"@MaisonChanceVN","twitter_misc":{"Est. reading time":"2 minutes"},"schema":{"@context":"https:\/\/schema.org","@graph":[{"@type":"WebPage","@id":"https:\/\/maison-chance.org\/en\/maison-chance-internationale\/maison-chance-belgium","url":"https:\/\/maison-chance.org\/en\/maison-chance-internationale\/maison-chance-belgium","name":"Maison Chance Belgium - Maison Chance Association","isPartOf":{"@id":"https:\/\/maison-chance.org\/en#website"},"primaryImageOfPage":{"@id":"https:\/\/maison-chance.org\/en\/maison-chance-internationale\/maison-chance-belgium#primaryimage"},"image":{"@id":"https:\/\/maison-chance.org\/en\/maison-chance-internationale\/maison-chance-belgium#primaryimage"},"thumbnailUrl":"https:\/\/maison-chance.org\/wp-content\/uploads\/2021\/09\/Featued-Logo-MC-1.jpg","datePublished":"2024-05-28T08:11:53+00:00","dateModified":"2025-07-04T01:14:51+00:00","breadcrumb":{"@id":"https:\/\/maison-chance.org\/en\/maison-chance-internationale\/maison-chance-belgium#breadcrumb"},"inLanguage":"en-US","potentialAction":[{"@type":"ReadAction","target":["https:\/\/maison-chance.org\/en\/maison-chance-internationale\/maison-chance-belgium"]}]},{"@type":"ImageObject","inLanguage":"en-US","@id":"https:\/\/maison-chance.org\/en\/maison-chance-internationale\/maison-chance-belgium#primaryimage","url":"https:\/\/maison-chance.org\/wp-content\/uploads\/2021\/09\/Featued-Logo-MC-1.jpg","contentUrl":"https:\/\/maison-chance.org\/wp-content\/uploads\/2021\/09\/Featued-Logo-MC-1.jpg","width":500,"height":313},{"@type":"BreadcrumbList","@id":"https:\/\/maison-chance.org\/en\/maison-chance-internationale\/maison-chance-belgium#breadcrumb","itemListElement":[{"@type":"ListItem","position":1,"name":"Maison Chance Internationale","item":"https:\/\/maison-chance.org\/en\/maison-chance-internationale"},{"@type":"ListItem","position":2,"name":"Maison Chance Belgium"}]},{"@type":"WebSite","@id":"https:\/\/maison-chance.org\/en#website","url":"https:\/\/maison-chance.org\/en","name":"https:\/\/maison-chance.org\/","description":"A future for the less fortunate in Vietnam!","publisher":{"@id":"https:\/\/maison-chance.org\/en#organization"},"potentialAction":[{"@type":"SearchAction","target":{"@type":"EntryPoint","urlTemplate":"https:\/\/maison-chance.org\/en?s={search_term_string}"},"query-input":{"@type":"PropertyValueSpecification","valueRequired":true,"valueName":"search_term_string"}}],"inLanguage":"en-US"},{"@type":"Organization","@id":"https:\/\/maison-chance.org\/en#organization","name":"https:\/\/maison-chance.org\/","url":"https:\/\/maison-chance.org\/en","logo":{"@type":"ImageObject","inLanguage":"en-US","@id":"https:\/\/maison-chance.org\/en#\/schema\/logo\/image\/","url":"https:\/\/maison-chance.org\/wp-content\/uploads\/2021\/09\/Featued-Logo-MC-1.jpg","contentUrl":"https:\/\/maison-chance.org\/wp-content\/uploads\/2021\/09\/Featued-Logo-MC-1.jpg","width":500,"height":313,"caption":"https:\/\/maison-chance.org\/"},"image":{"@id":"https:\/\/maison-chance.org\/en#\/schema\/logo\/image\/"},"sameAs":["https:\/\/www.facebook.com\/MaisonChance","https:\/\/x.com\/MaisonChanceVN","https:\/\/www.instagram.com\/maisonchance\/","https:\/\/www.youtube.com\/c\/MaisonChanceVideo"]}]}},"campaignId":"","_links":{"self":[{"href":"https:\/\/maison-chance.org\/en\/wp-json\/wp\/v2\/pages\/41393","targetHints":{"allow":["GET"]}}],"collection":[{"href":"https:\/\/maison-chance.org\/en\/wp-json\/wp\/v2\/pages"}],"about":[{"href":"https:\/\/maison-chance.org\/en\/wp-json\/wp\/v2\/types\/page"}],"author":[{"embeddable":true,"href":"https:\/\/maison-chance.org\/en\/wp-json\/wp\/v2\/users\/1"}],"replies":[{"embeddable":true,"href":"https:\/\/maison-chance.org\/en\/wp-json\/wp\/v2\/comments?post=41393"}],"version-history":[{"count":12,"href":"https:\/\/maison-chance.org\/en\/wp-json\/wp\/v2\/pages\/41393\/revisions"}],"predecessor-version":[{"id":42632,"href":"https:\/\/maison-chance.org\/en\/wp-json\/wp\/v2\/pages\/41393\/revisions\/42632"}],"up":[{"embeddable":true,"href":"https:\/\/maison-chance.org\/en\/wp-json\/wp\/v2\/pages\/3515"}],"wp:featuredmedia":[{"embeddable":true,"href":"https:\/\/maison-chance.org\/en\/wp-json\/wp\/v2\/media\/2158"}],"wp:attachment":[{"href":"https:\/\/maison-chance.org\/en\/wp-json\/wp\/v2\/media?parent=41393"}],"curies":[{"name":"wp","href":"https:\/\/api.w.org\/{rel}","templated":true}]}}