{"id":2504,"date":"2021-10-04T03:33:36","date_gmt":"2021-10-04T03:33:36","guid":{"rendered":"https:\/\/maison-chance.org\/?page_id=2504"},"modified":"2022-03-25T14:26:16","modified_gmt":"2022-03-25T07:26:16","slug":"hebergement","status":"publish","type":"page","link":"https:\/\/maison-chance.org\/fr\/programmes-et-activites\/hebergement","title":{"rendered":"H\u00e9bergement"},"content":{"rendered":"\t<div id=\"gap-726101605\" class=\"gap-element clearfix\" style=\"display:block; height:auto;\">\n\t\t\n<style>\n#gap-726101605 {\n  padding-top: 30px;\n}\n<\/style>\n\t<\/div>\n\t\n\n\t<section class=\"section\" id=\"section_1323489216\">\n\t\t<div class=\"section-bg fill\" >\n\t\t\t\t\t\t\t\t\t\n\t\t\t\n\n\t\t<\/div>\n\n\t\t\n\n\t\t<div class=\"section-content relative\">\n\t\t\t\n<div class=\"row row-large\"  id=\"row-1355522464\">\n\n\t<div id=\"col-576251961\" class=\"col medium-11 small-12 large-11\"  >\n\t\t\t\t<div class=\"col-inner\"  >\n\t\t\t\n\t\t\t\n\t<div id=\"text-818032480\" class=\"text title-dau-trang\">\n\t\t\n<h5>FOYER DE L&rsquo;AMOUR<\/h5>\n\t\t\n<style>\n#text-818032480 {\n  font-size: 2.5rem;\n  line-height: 1;\n  text-align: center;\n  color: rgb(35, 159, 219);\n}\n#text-818032480 > * {\n  color: rgb(35, 159, 219);\n}\n@media (min-width:550px) {\n  #text-818032480 {\n    font-size: 3.5rem;\n  }\n}\n@media (min-width:850px) {\n  #text-818032480 {\n    font-size: 3rem;\n  }\n}\n<\/style>\n\t<\/div>\n\t\n\t\t<\/div>\n\t\t\t\t\n<style>\n#col-576251961 > .col-inner {\n  padding: 0px 0px 0px 0;\n}\n@media (min-width:550px) {\n  #col-576251961 > .col-inner {\n    padding: 0px 120px 0px 0px;\n  }\n}\n<\/style>\n\t<\/div>\n\n\t\n\n\t<div id=\"col-1945151139\" class=\"col medium-11 small-12 large-11\"  >\n\t\t\t\t<div class=\"col-inner text-right\"  >\n\t\t\t\n\t\t\t\n\t<div id=\"text-1731510909\" class=\"text\">\n\t\t\n<p style=\"text-align: justify;\"><span style=\"font-family: arial,helvetica,sans-serif;\"><span style=\"font-size: 11pt;\">L\u2019objectif du Foyer Maison Chance est d\u2019offrir un toit aux enfants des rues, aux orphelins et aux personnes handicap\u00e9es qui ne sont pas en mesure de subvenir eux-m\u00eames \u00e0 leurs besoins. Actuellement, environ 40 personnes y vivent. L\u2019h\u00e9bergement est gratuit jusqu\u2019\u00e0 ce que les r\u00e9sidents deviennent autonomes financi\u00e8rement. <\/span><\/span><\/p>\n\t\t\n<style>\n#text-1731510909 {\n  font-size: 1.25rem;\n  text-align: left;\n}\n@media (min-width:550px) {\n  #text-1731510909 {\n    font-size: 1.5rem;\n  }\n}\n<\/style>\n\t<\/div>\n\t\n\t\t<\/div>\n\t\t\t\t\t<\/div>\n\n\t\n\n\t<div id=\"col-291132621\" class=\"col small-12 large-12\"  >\n\t\t\t\t<div class=\"col-inner\"  >\n\t\t\t\n\t\t\t\n\t<div class=\"box has-hover   has-hover box-text-bottom\" >\n\n\t\t<div class=\"box-image\" >\n\t\t\t\t\t\t<div class=\"image-cover\" style=\"padding-top:650px;\">\n\t\t\t\t<img loading=\"lazy\" decoding=\"async\" width=\"1000\" height=\"667\" src=\"https:\/\/maison-chance.org\/wp-content\/uploads\/2021\/11\/nha-o-menu.jpg\" class=\"attachment- size-\" alt=\"\" srcset=\"https:\/\/maison-chance.org\/wp-content\/uploads\/2021\/11\/nha-o-menu.jpg 1000w, https:\/\/maison-chance.org\/wp-content\/uploads\/2021\/11\/nha-o-menu-300x200.jpg 300w, https:\/\/maison-chance.org\/wp-content\/uploads\/2021\/11\/nha-o-menu-768x512.jpg 768w\" sizes=\"auto, (max-width: 1000px) 100vw, 1000px\" \/>\t\t\t\t\t\t\t\t\t\t\t<\/div>\n\t\t\t\t\t<\/div>\n\n\t\t<div class=\"box-text text-center\" >\n\t\t\t<div class=\"box-text-inner\">\n\t\t\t\t\n<div class=\"row\"  id=\"row-2145760688\">\n\n\t<div id=\"col-1511856641\" class=\"col medium-11 small-12 large-8\"  >\n\t\t\t\t<div class=\"col-inner text-left\" style=\"background-color:rgba(35, 159, 219, 0.849);\" >\n\t\t\t\n\t\t\t\n\t<div id=\"text-1476265383\" class=\"text title-dau-trang\">\n\t\t\n<h3>Foyer Maison Chance<\/h3>\n\t\t\n<style>\n#text-1476265383 {\n  font-size: 2.25rem;\n  text-align: center;\n  color: rgb(255, 255, 255);\n}\n#text-1476265383 > * {\n  color: rgb(255, 255, 255);\n}\n<\/style>\n\t<\/div>\n\t\n\t<div id=\"gap-936234055\" class=\"gap-element clearfix\" style=\"display:block; height:auto;\">\n\t\t\n<style>\n#gap-936234055 {\n  padding-top: 20px;\n}\n<\/style>\n\t<\/div>\n\t\n\t<div id=\"text-2989142251\" class=\"text\">\n\t\t\n<p style=\"text-align: justify;\"><span style=\"font-family: arial,helvetica,sans-serif;\"><span style=\"font-size: 11pt;\">C\u2019est dans une atmosph\u00e8re familiale, dans laquelle les b\u00e9n\u00e9ficiaires s\u2019appellent \u201cfr\u00e8res et s\u0153urs\u201d, que diff\u00e9rents groupes de personnes cohabitent. Cette approche a fait ses preuves et s\u2019av\u00e8re b\u00e9n\u00e9fique : les adultes handicap\u00e9s sont encourag\u00e9s par la pr\u00e9sence des enfants et ont davantage envie de faire des efforts physiques.<\/span><\/span><\/p>\n<p style=\"text-align: justify;\"><span style=\"font-family: arial,helvetica,sans-serif;\"><span style=\"font-size: 11pt;\">Les enfants les assistent dans leurs t\u00e2ches quotidiennes et les aident, par exemple, \u00e0 se d\u00e9placer en fauteuil roulant. A leur tour, les adultes construisent un cadre important pour le d\u00e9veloppement des enfants, palliant ainsi leur v\u00e9ritable manque affectif et rempla\u00e7ant parfois p\u00e8re et m\u00e8re.<\/span><\/span><\/p>\n\t\t\n<style>\n#text-2989142251 {\n  font-size: 1.25rem;\n  color: rgb(255, 255, 255);\n}\n#text-2989142251 > * {\n  color: rgb(255, 255, 255);\n}\n<\/style>\n\t<\/div>\n\t\n\t<div id=\"gap-1021524489\" class=\"gap-element clearfix\" style=\"display:block; height:auto;\">\n\t\t\n<style>\n#gap-1021524489 {\n  padding-top: 20px;\n}\n<\/style>\n\t<\/div>\n\t\n\t\t<\/div>\n\t\t\t\t\n<style>\n#col-1511856641 > .col-inner {\n  padding: 25px 25px 0 25px;\n  margin: -146px 0px 0px 20px;\n  border-radius: 17px;\n}\n@media (min-width:550px) {\n  #col-1511856641 > .col-inner {\n    padding: 45px 45px 95px 45px;\n  }\n}\n<\/style>\n\t<\/div>\n\n\t\n<\/div>\n\t\t\t<\/div>\n\t\t<\/div>\n\t<\/div>\n\t\n\t\t<\/div>\n\t\t\t\t\n<style>\n#col-291132621 > .col-inner {\n  border-radius: 100px;\n}\n<\/style>\n\t<\/div>\n\n\t\n<\/div>\n\t\t<\/div>\n\n\t\t\n<style>\n#section_1323489216 {\n  padding-top: 60px;\n  padding-bottom: 60px;\n}\n<\/style>\n\t<\/section>\n\t\n\n\t<section class=\"section\" id=\"section_1173159565\">\n\t\t<div class=\"section-bg fill\" >\n\t\t\t\t\t\t\t\t\t\n\t\t\t\n\n\t\t<\/div>\n\n\t\t\n\n\t\t<div class=\"section-content relative\">\n\t\t\t\n<div class=\"row align-right\"  id=\"row-1141518671\">\n\n\t<div id=\"col-1063954100\" class=\"col medium-12 small-12 large-6\"  data-animate=\"fadeInRight\">\n\t\t\t\t<div class=\"col-inner\"  >\n\t\t\t\n\t\t\t\n\t<div id=\"text-1416190486\" class=\"text title-dau-trang\">\n\t\t\n<h3>Village Chance<\/h3>\n\t\t\n<style>\n#text-1416190486 {\n  font-size: 2rem;\n  line-height: 1.25;\n  text-align: left;\n  color: rgb(35, 159, 219);\n}\n#text-1416190486 > * {\n  color: rgb(35, 159, 219);\n}\n@media (min-width:850px) {\n  #text-1416190486 {\n    font-size: 2rem;\n  }\n}\n<\/style>\n\t<\/div>\n\t\n\t\t<\/div>\n\t\t\t\t\n<style>\n#col-1063954100 > .col-inner {\n  padding: 0px 0px 0px 0;\n}\n@media (min-width:550px) {\n  #col-1063954100 > .col-inner {\n    padding: 0px 45px 0px 45px;\n  }\n}\n<\/style>\n\t<\/div>\n\n\t\n\n\t<div id=\"col-1598567692\" class=\"col small-12 large-12\"  >\n\t\t\t\t<div class=\"col-inner text-right\" style=\"background-color:rgba(35, 159, 219, 0.849);\" >\n\t\t\t\n\t\t\t\n<div class=\"row row-collapse\" style=\"max-width:1300px\" id=\"row-12855061\">\n\n\t<div id=\"col-2070265295\" class=\"col medium-12 small-12 large-6\"  >\n\t\t\t\t<div class=\"col-inner\"  >\n\t\t\t\n\t\t\t\n\n  <div class=\"banner has-hover\" id=\"banner-1793630934\">\n          <div class=\"banner-inner fill\">\n        <div class=\"banner-bg fill\" >\n            <img loading=\"lazy\" decoding=\"async\" width=\"450\" height=\"800\" src=\"https:\/\/maison-chance.org\/wp-content\/uploads\/2021\/09\/nha-o-03.jpg\" class=\"bg attachment-original size-original\" alt=\"\" \/>                                    \n                    <\/div>\n\t\t\n        <div class=\"banner-layers container\">\n            <div class=\"fill banner-link\"><\/div>            \n        <\/div>\n      <\/div>\n\n            \n<style>\n#banner-1793630934 {\n  padding-top: 350px;\n  background-color: rgb(255, 255, 255);\n}\n#banner-1793630934 .banner-bg img {\n  object-position: 35% 40%;\n}\n@media (min-width:550px) {\n  #banner-1793630934 {\n    padding-top: 500px;\n  }\n}\n@media (min-width:850px) {\n  #banner-1793630934 {\n    padding-top: 600px;\n  }\n}\n<\/style>\n  <\/div>\n\n\n\t\t<\/div>\n\t\t\t\t\n<style>\n#col-2070265295 > .col-inner {\n  padding: 30px 0px 0px 0px;\n  margin: 0px 0px 0px 0px;\n}\n@media (min-width:550px) {\n  #col-2070265295 > .col-inner {\n    margin: 45px 0px 0px 0px;\n  }\n}\n@media (min-width:850px) {\n  #col-2070265295 > .col-inner {\n    margin: -380px 0px 30px 0px;\n  }\n}\n<\/style>\n\t<\/div>\n\n\t\n\n\t<div id=\"col-1775665525\" class=\"col medium-12 small-12 large-6\"  >\n\t\t\t\t<div class=\"col-inner dark\"  >\n\t\t\t\n\t\t\t\n<p style=\"text-align: justify;\"><span style=\"font-family: arial,helvetica,sans-serif;\"><span style=\"font-size: 11pt;\">Depuis 2011, Maison Chance offre la possibilit\u00e9 aux personnes en fauteuil roulant de vivre avec leur famille. Ce logement diff\u00e8re de celui du Foyer car il est propos\u00e9 contre versement d\u2019un loyer \u2013 peu \u00e9lev\u00e9 \u2013 et symbolise donc une autonomie, une r\u00e9insertion sociale et la capacit\u00e9 de gagner sa vie. Ce complexe immobilier est adapt\u00e9 aux personnes \u00e0 mobilit\u00e9 r\u00e9duite avec des acc\u00e8s con\u00e7us sp\u00e9cialement pour les fauteuils roulants (rampes, plans de travail abaiss\u00e9s, etc.). Il y a suffisamment d\u2019espace pour y accueillir une trentaine de familles. <\/span><\/span><\/p>\n<p style=\"text-align: justify;\"><span style=\"font-family: arial,helvetica,sans-serif;\"><span style=\"font-size: 11pt;\">Le Village permet d\u2019allier \u00e0 la fois vie priv\u00e9e et vie en communaut\u00e9. Chacun dispose de son propre appartement mais comme partout au Vietnam, les portes d\u2019entr\u00e9e sont souvent ouvertes pendant la journ\u00e9e, laissant la possibilit\u00e9 aux voisins de se retrouver pour \u00e9changer ou discuter. Le Village dispose aussi d\u2019une cour partag\u00e9e qui laisse aux enfants le loisir de jouer ensemble \u00e0 l\u2019ext\u00e9rieur, et aux plus \u00e2g\u00e9s d\u2019organiser f\u00eates et karaok\u00e9s. Chacun peut \u00e9galement profiter de la piscine pour faire des exercices de r\u00e9\u00e9ducation ou tout simplement se d\u00e9tendre.. <\/span><\/span><\/p>\n\t\t<\/div>\n\t\t\t\t\n<style>\n#col-1775665525 > .col-inner {\n  padding: 40px 0px 30px 0px;\n}\n@media (min-width:550px) {\n  #col-1775665525 > .col-inner {\n    padding: 85px 45px 20px 45px;\n  }\n}\n@media (min-width:850px) {\n  #col-1775665525 > .col-inner {\n    padding: 85px 45px 0px 45px;\n  }\n}\n<\/style>\n\t<\/div>\n\n\t\n<\/div>\n\t\t<\/div>\n\t\t\t\t\n<style>\n#col-1598567692 > .col-inner {\n  padding: 20px 45px 20px 45px;\n  border-radius: 30px;\n}\n<\/style>\n\t<\/div>\n\n\t\n<\/div>\n\t\t<\/div>\n\n\t\t\n<style>\n#section_1173159565 {\n  padding-top: 0px;\n  padding-bottom: 0px;\n}\n<\/style>\n\t<\/section>\n\t\n","protected":false},"excerpt":{"rendered":"","protected":false},"author":1,"featured_media":1800,"parent":3369,"menu_order":0,"comment_status":"closed","ping_status":"closed","template":"","meta":{"give_campaign_id":0,"footnotes":""},"class_list":["post-2504","page","type-page","status-publish","has-post-thumbnail","hentry"],"yoast_head":"<!-- This site is optimized with the Yoast SEO plugin v27.2 - https:\/\/yoast.com\/product\/yoast-seo-wordpress\/ -->\n<title>H\u00e9bergement | Association Maison Chance<\/title>\n<meta name=\"description\" content=\"C\u2019est dans une atmosph\u00e8re familiale, o\u00f9 les b\u00e9n\u00e9ficiaires s\u2019appellent \u201cfr\u00e8res et soeurs\u201d, que diff\u00e9rents groupes de personnes cohabitent...\" \/>\n<meta name=\"robots\" content=\"index, follow, max-snippet:-1, max-image-preview:large, max-video-preview:-1\" \/>\n<link rel=\"canonical\" href=\"https:\/\/maison-chance.org\/fr\/programmes-et-activites\/hebergement\" \/>\n<meta property=\"og:locale\" content=\"fr_FR\" \/>\n<meta property=\"og:type\" content=\"article\" \/>\n<meta property=\"og:title\" content=\"H\u00e9bergement | Association Maison Chance\" \/>\n<meta property=\"og:description\" content=\"C\u2019est dans une atmosph\u00e8re familiale, o\u00f9 les b\u00e9n\u00e9ficiaires s\u2019appellent \u201cfr\u00e8res et soeurs\u201d, que diff\u00e9rents groupes de personnes cohabitent...\" \/>\n<meta property=\"og:url\" content=\"https:\/\/maison-chance.org\/fr\/programmes-et-activites\/hebergement\" \/>\n<meta property=\"og:site_name\" content=\"Maison Chance Association\" \/>\n<meta property=\"article:publisher\" content=\"https:\/\/www.facebook.com\/MaisonChance\" \/>\n<meta property=\"article:modified_time\" content=\"2022-03-25T07:26:16+00:00\" \/>\n<meta property=\"og:image\" content=\"https:\/\/maison-chance.org\/wp-content\/uploads\/2021\/09\/nha-o-01.jpg\" \/>\n<meta name=\"twitter:card\" content=\"summary_large_image\" \/>\n<meta name=\"twitter:title\" content=\"H\u00e9bergement | Association Maison Chance\" \/>\n<meta name=\"twitter:description\" content=\"C\u2019est dans une atmosph\u00e8re familiale, o\u00f9 les b\u00e9n\u00e9ficiaires s\u2019appellent \u201cfr\u00e8res et soeurs\u201d, que diff\u00e9rents groupes de personnes cohabitent...\" \/>\n<meta name=\"twitter:image\" content=\"https:\/\/maison-chance.org\/wp-content\/uploads\/2021\/09\/nha-o-01.jpg\" \/>\n<meta name=\"twitter:site\" content=\"@MaisonChanceVN\" \/>\n<meta name=\"twitter:label1\" content=\"Dur\u00e9e de lecture estim\u00e9e\" \/>\n\t<meta name=\"twitter:data1\" content=\"3 minutes\" \/>\n<script type=\"application\/ld+json\" class=\"yoast-schema-graph\">{\"@context\":\"https:\/\/schema.org\",\"@graph\":[{\"@type\":\"WebPage\",\"@id\":\"https:\/\/maison-chance.org\/fr\/programmes-et-activites\/hebergement\",\"url\":\"https:\/\/maison-chance.org\/fr\/programmes-et-activites\/hebergement\",\"name\":\"H\u00e9bergement | Association Maison Chance\",\"isPartOf\":{\"@id\":\"https:\/\/maison-chance.org\/fr#website\"},\"primaryImageOfPage\":{\"@id\":\"https:\/\/maison-chance.org\/fr\/programmes-et-activites\/hebergement#primaryimage\"},\"image\":{\"@id\":\"https:\/\/maison-chance.org\/fr\/programmes-et-activites\/hebergement#primaryimage\"},\"thumbnailUrl\":\"\",\"datePublished\":\"2021-10-04T03:33:36+00:00\",\"dateModified\":\"2022-03-25T07:26:16+00:00\",\"description\":\"C\u2019est dans une atmosph\u00e8re familiale, o\u00f9 les b\u00e9n\u00e9ficiaires s\u2019appellent \u201cfr\u00e8res et soeurs\u201d, que diff\u00e9rents groupes de personnes cohabitent...\",\"breadcrumb\":{\"@id\":\"https:\/\/maison-chance.org\/fr\/programmes-et-activites\/hebergement#breadcrumb\"},\"inLanguage\":\"fr-FR\",\"potentialAction\":[{\"@type\":\"ReadAction\",\"target\":[\"https:\/\/maison-chance.org\/fr\/programmes-et-activites\/hebergement\"]}]},{\"@type\":\"ImageObject\",\"inLanguage\":\"fr-FR\",\"@id\":\"https:\/\/maison-chance.org\/fr\/programmes-et-activites\/hebergement#primaryimage\",\"url\":\"\",\"contentUrl\":\"\"},{\"@type\":\"BreadcrumbList\",\"@id\":\"https:\/\/maison-chance.org\/fr\/programmes-et-activites\/hebergement#breadcrumb\",\"itemListElement\":[{\"@type\":\"ListItem\",\"position\":1,\"name\":\"Programmes et Activit\u00e9s\",\"item\":\"https:\/\/maison-chance.org\/fr\/programmes-et-activites\"},{\"@type\":\"ListItem\",\"position\":2,\"name\":\"H\u00e9bergement\"}]},{\"@type\":\"WebSite\",\"@id\":\"https:\/\/maison-chance.org\/fr#website\",\"url\":\"https:\/\/maison-chance.org\/fr\",\"name\":\"https:\/\/maison-chance.org\/\",\"description\":\"Un avenir pour les moins chanceaux au Vietnam !\",\"publisher\":{\"@id\":\"https:\/\/maison-chance.org\/fr#organization\"},\"potentialAction\":[{\"@type\":\"SearchAction\",\"target\":{\"@type\":\"EntryPoint\",\"urlTemplate\":\"https:\/\/maison-chance.org\/fr?s={search_term_string}\"},\"query-input\":{\"@type\":\"PropertyValueSpecification\",\"valueRequired\":true,\"valueName\":\"search_term_string\"}}],\"inLanguage\":\"fr-FR\"},{\"@type\":\"Organization\",\"@id\":\"https:\/\/maison-chance.org\/fr#organization\",\"name\":\"https:\/\/maison-chance.org\/\",\"url\":\"https:\/\/maison-chance.org\/fr\",\"logo\":{\"@type\":\"ImageObject\",\"inLanguage\":\"fr-FR\",\"@id\":\"https:\/\/maison-chance.org\/fr#\/schema\/logo\/image\/\",\"url\":\"https:\/\/maison-chance.org\/wp-content\/uploads\/2021\/09\/Featued-Logo-MC-1.jpg\",\"contentUrl\":\"https:\/\/maison-chance.org\/wp-content\/uploads\/2021\/09\/Featued-Logo-MC-1.jpg\",\"width\":500,\"height\":313,\"caption\":\"https:\/\/maison-chance.org\/\"},\"image\":{\"@id\":\"https:\/\/maison-chance.org\/fr#\/schema\/logo\/image\/\"},\"sameAs\":[\"https:\/\/www.facebook.com\/MaisonChance\",\"https:\/\/x.com\/MaisonChanceVN\",\"https:\/\/www.instagram.com\/maisonchance\/\",\"https:\/\/www.youtube.com\/c\/MaisonChanceVideo\"]}]}<\/script>\n<!-- \/ Yoast SEO plugin. -->","yoast_head_json":{"title":"H\u00e9bergement | Association Maison Chance","description":"C\u2019est dans une atmosph\u00e8re familiale, o\u00f9 les b\u00e9n\u00e9ficiaires s\u2019appellent \u201cfr\u00e8res et soeurs\u201d, que diff\u00e9rents groupes de personnes cohabitent...","robots":{"index":"index","follow":"follow","max-snippet":"max-snippet:-1","max-image-preview":"max-image-preview:large","max-video-preview":"max-video-preview:-1"},"canonical":"https:\/\/maison-chance.org\/fr\/programmes-et-activites\/hebergement","og_locale":"fr_FR","og_type":"article","og_title":"H\u00e9bergement | Association Maison Chance","og_description":"C\u2019est dans une atmosph\u00e8re familiale, o\u00f9 les b\u00e9n\u00e9ficiaires s\u2019appellent \u201cfr\u00e8res et soeurs\u201d, que diff\u00e9rents groupes de personnes cohabitent...","og_url":"https:\/\/maison-chance.org\/fr\/programmes-et-activites\/hebergement","og_site_name":"Maison Chance Association","article_publisher":"https:\/\/www.facebook.com\/MaisonChance","article_modified_time":"2022-03-25T07:26:16+00:00","og_image":[{"url":"https:\/\/maison-chance.org\/wp-content\/uploads\/2021\/09\/nha-o-01.jpg","type":"","width":"","height":""}],"twitter_card":"summary_large_image","twitter_title":"H\u00e9bergement | Association Maison Chance","twitter_description":"C\u2019est dans une atmosph\u00e8re familiale, o\u00f9 les b\u00e9n\u00e9ficiaires s\u2019appellent \u201cfr\u00e8res et soeurs\u201d, que diff\u00e9rents groupes de personnes cohabitent...","twitter_image":"https:\/\/maison-chance.org\/wp-content\/uploads\/2021\/09\/nha-o-01.jpg","twitter_site":"@MaisonChanceVN","twitter_misc":{"Dur\u00e9e de lecture estim\u00e9e":"3 minutes"},"schema":{"@context":"https:\/\/schema.org","@graph":[{"@type":"WebPage","@id":"https:\/\/maison-chance.org\/fr\/programmes-et-activites\/hebergement","url":"https:\/\/maison-chance.org\/fr\/programmes-et-activites\/hebergement","name":"H\u00e9bergement | Association Maison Chance","isPartOf":{"@id":"https:\/\/maison-chance.org\/fr#website"},"primaryImageOfPage":{"@id":"https:\/\/maison-chance.org\/fr\/programmes-et-activites\/hebergement#primaryimage"},"image":{"@id":"https:\/\/maison-chance.org\/fr\/programmes-et-activites\/hebergement#primaryimage"},"thumbnailUrl":"","datePublished":"2021-10-04T03:33:36+00:00","dateModified":"2022-03-25T07:26:16+00:00","description":"C\u2019est dans une atmosph\u00e8re familiale, o\u00f9 les b\u00e9n\u00e9ficiaires s\u2019appellent \u201cfr\u00e8res et soeurs\u201d, que diff\u00e9rents groupes de personnes cohabitent...","breadcrumb":{"@id":"https:\/\/maison-chance.org\/fr\/programmes-et-activites\/hebergement#breadcrumb"},"inLanguage":"fr-FR","potentialAction":[{"@type":"ReadAction","target":["https:\/\/maison-chance.org\/fr\/programmes-et-activites\/hebergement"]}]},{"@type":"ImageObject","inLanguage":"fr-FR","@id":"https:\/\/maison-chance.org\/fr\/programmes-et-activites\/hebergement#primaryimage","url":"","contentUrl":""},{"@type":"BreadcrumbList","@id":"https:\/\/maison-chance.org\/fr\/programmes-et-activites\/hebergement#breadcrumb","itemListElement":[{"@type":"ListItem","position":1,"name":"Programmes et Activit\u00e9s","item":"https:\/\/maison-chance.org\/fr\/programmes-et-activites"},{"@type":"ListItem","position":2,"name":"H\u00e9bergement"}]},{"@type":"WebSite","@id":"https:\/\/maison-chance.org\/fr#website","url":"https:\/\/maison-chance.org\/fr","name":"https:\/\/maison-chance.org\/","description":"Un avenir pour les moins chanceaux au Vietnam !","publisher":{"@id":"https:\/\/maison-chance.org\/fr#organization"},"potentialAction":[{"@type":"SearchAction","target":{"@type":"EntryPoint","urlTemplate":"https:\/\/maison-chance.org\/fr?s={search_term_string}"},"query-input":{"@type":"PropertyValueSpecification","valueRequired":true,"valueName":"search_term_string"}}],"inLanguage":"fr-FR"},{"@type":"Organization","@id":"https:\/\/maison-chance.org\/fr#organization","name":"https:\/\/maison-chance.org\/","url":"https:\/\/maison-chance.org\/fr","logo":{"@type":"ImageObject","inLanguage":"fr-FR","@id":"https:\/\/maison-chance.org\/fr#\/schema\/logo\/image\/","url":"https:\/\/maison-chance.org\/wp-content\/uploads\/2021\/09\/Featued-Logo-MC-1.jpg","contentUrl":"https:\/\/maison-chance.org\/wp-content\/uploads\/2021\/09\/Featued-Logo-MC-1.jpg","width":500,"height":313,"caption":"https:\/\/maison-chance.org\/"},"image":{"@id":"https:\/\/maison-chance.org\/fr#\/schema\/logo\/image\/"},"sameAs":["https:\/\/www.facebook.com\/MaisonChance","https:\/\/x.com\/MaisonChanceVN","https:\/\/www.instagram.com\/maisonchance\/","https:\/\/www.youtube.com\/c\/MaisonChanceVideo"]}]}},"campaignId":"","_links":{"self":[{"href":"https:\/\/maison-chance.org\/fr\/wp-json\/wp\/v2\/pages\/2504","targetHints":{"allow":["GET"]}}],"collection":[{"href":"https:\/\/maison-chance.org\/fr\/wp-json\/wp\/v2\/pages"}],"about":[{"href":"https:\/\/maison-chance.org\/fr\/wp-json\/wp\/v2\/types\/page"}],"author":[{"embeddable":true,"href":"https:\/\/maison-chance.org\/fr\/wp-json\/wp\/v2\/users\/1"}],"replies":[{"embeddable":true,"href":"https:\/\/maison-chance.org\/fr\/wp-json\/wp\/v2\/comments?post=2504"}],"version-history":[{"count":9,"href":"https:\/\/maison-chance.org\/fr\/wp-json\/wp\/v2\/pages\/2504\/revisions"}],"predecessor-version":[{"id":38404,"href":"https:\/\/maison-chance.org\/fr\/wp-json\/wp\/v2\/pages\/2504\/revisions\/38404"}],"up":[{"embeddable":true,"href":"https:\/\/maison-chance.org\/fr\/wp-json\/wp\/v2\/pages\/3369"}],"wp:featuredmedia":[{"embeddable":true,"href":"https:\/\/maison-chance.org\/fr\/wp-json\/"}],"wp:attachment":[{"href":"https:\/\/maison-chance.org\/fr\/wp-json\/wp\/v2\/media?parent=2504"}],"curies":[{"name":"wp","href":"https:\/\/api.w.org\/{rel}","templated":true}]}}