{"id":2534,"date":"2021-10-04T07:06:39","date_gmt":"2021-10-04T07:06:39","guid":{"rendered":"https:\/\/maison-chance.org\/?page_id=2534"},"modified":"2025-11-20T14:20:19","modified_gmt":"2025-11-20T07:20:19","slug":"sante","status":"publish","type":"page","link":"https:\/\/maison-chance.org\/fr\/programmes-et-activites\/sante","title":{"rendered":"Sant\u00e9"},"content":{"rendered":"<div class=\"slider-wrapper relative\" id=\"slider-511766029\" >\n    <div class=\"slider slider-nav-circle slider-nav-large slider-nav-light slider-style-normal\"\n        data-flickity-options='{\n            \"cellAlign\": \"center\",\n            \"imagesLoaded\": true,\n            \"lazyLoad\": 1,\n            \"freeScroll\": false,\n            \"wrapAround\": true,\n            \"autoPlay\": 6000,\n            \"pauseAutoPlayOnHover\" : true,\n            \"prevNextButtons\": true,\n            \"contain\" : true,\n            \"adaptiveHeight\" : true,\n            \"dragThreshold\" : 10,\n            \"percentPosition\": true,\n            \"pageDots\": true,\n            \"rightToLeft\": false,\n            \"draggable\": true,\n            \"selectedAttraction\": 0.1,\n            \"parallax\" : 0,\n            \"friction\": 0.6        }'\n        >\n        \n\t<div class=\"img has-hover x md-x lg-x y md-y lg-y\" id=\"image_427086234\">\n\t\t\t\t\t\t\t\t<div class=\"img-inner image-cover dark\" style=\"padding-top:450px;\">\n\t\t\t<img loading=\"lazy\" decoding=\"async\" width=\"1000\" height=\"667\" src=\"https:\/\/maison-chance.org\/wp-content\/uploads\/2021\/10\/slide-suc-khoe-01.jpg\" class=\"attachment-original size-original\" alt=\"\" srcset=\"https:\/\/maison-chance.org\/wp-content\/uploads\/2021\/10\/slide-suc-khoe-01.jpg 1000w, https:\/\/maison-chance.org\/wp-content\/uploads\/2021\/10\/slide-suc-khoe-01-300x200.jpg 300w, https:\/\/maison-chance.org\/wp-content\/uploads\/2021\/10\/slide-suc-khoe-01-768x512.jpg 768w, https:\/\/maison-chance.org\/wp-content\/uploads\/2021\/10\/slide-suc-khoe-01-450x300.jpg 450w\" sizes=\"auto, (max-width: 1000px) 100vw, 1000px\" \/>\t\t\t\t\t\t\n\t\t\t\t\t<\/div>\n\t\t\t\t\t\t\t\t\n<style>\n#image_427086234 {\n  width: 100%;\n}\n<\/style>\n\t<\/div>\n\t\n\t<div class=\"img has-hover x md-x lg-x y md-y lg-y\" id=\"image_874268018\">\n\t\t\t\t\t\t\t\t<div class=\"img-inner image-cover dark\" style=\"padding-top:450px;\">\n\t\t\t<img loading=\"lazy\" decoding=\"async\" width=\"1000\" height=\"667\" src=\"https:\/\/maison-chance.org\/wp-content\/uploads\/2021\/10\/slide-suc-khoe-02.jpg\" class=\"attachment-original size-original\" alt=\"\" srcset=\"https:\/\/maison-chance.org\/wp-content\/uploads\/2021\/10\/slide-suc-khoe-02.jpg 1000w, https:\/\/maison-chance.org\/wp-content\/uploads\/2021\/10\/slide-suc-khoe-02-300x200.jpg 300w, https:\/\/maison-chance.org\/wp-content\/uploads\/2021\/10\/slide-suc-khoe-02-768x512.jpg 768w, https:\/\/maison-chance.org\/wp-content\/uploads\/2021\/10\/slide-suc-khoe-02-450x300.jpg 450w\" sizes=\"auto, (max-width: 1000px) 100vw, 1000px\" \/>\t\t\t\t\t\t\n\t\t\t\t\t<\/div>\n\t\t\t\t\t\t\t\t\n<style>\n#image_874268018 {\n  width: 100%;\n}\n<\/style>\n\t<\/div>\n\t\n\t<div class=\"img has-hover x md-x lg-x y md-y lg-y\" id=\"image_1820620287\">\n\t\t\t\t\t\t\t\t<div class=\"img-inner image-cover dark\" style=\"padding-top:450px;\">\n\t\t\t<img loading=\"lazy\" decoding=\"async\" width=\"800\" height=\"533\" src=\"https:\/\/maison-chance.org\/wp-content\/uploads\/2021\/11\/nha-khoa.jpg\" class=\"attachment-original size-original\" alt=\"\" srcset=\"https:\/\/maison-chance.org\/wp-content\/uploads\/2021\/11\/nha-khoa.jpg 800w, https:\/\/maison-chance.org\/wp-content\/uploads\/2021\/11\/nha-khoa-300x200.jpg 300w, https:\/\/maison-chance.org\/wp-content\/uploads\/2021\/11\/nha-khoa-768x512.jpg 768w\" sizes=\"auto, (max-width: 800px) 100vw, 800px\" \/>\t\t\t\t\t\t\n\t\t\t\t\t<\/div>\n\t\t\t\t\t\t\t\t\n<style>\n#image_1820620287 {\n  width: 100%;\n}\n<\/style>\n\t<\/div>\n\t\n     <\/div>\n\n     <div class=\"loading-spin dark large centered\"><\/div>\n\n\t<\/div>\n\n\n\t<div id=\"gap-1506614538\" class=\"gap-element clearfix\" style=\"display:block; height:auto;\">\n\t\t\n<style>\n#gap-1506614538 {\n  padding-top: 20px;\n}\n<\/style>\n\t<\/div>\n\t\n  <div class=\"banner-grid-wrapper\">\n  <div id=\"banner-grid-1653487181\" class=\"banner-grid row row-grid row-small\" data-packery-options=\"\">\n                      \n<div class=\"col grid-col large-12 grid-col-2-3\" ><div class=\"col-inner\">\n\n  <div class=\"banner has-hover\" id=\"banner-1493197589\">\n          <div class=\"banner-inner fill\">\n        <div class=\"banner-bg fill\" >\n                                                \n                    <\/div>\n\t\t\n        <div class=\"banner-layers container\">\n            <div class=\"fill banner-link\"><\/div>            \n   <div id=\"text-box-1056385854\" class=\"text-box banner-layer x50 md-x50 lg-x50 y50 md-y50 lg-y50 res-text\">\n                                <div class=\"text-box-content text dark\">\n              \n              <div class=\"text-inner text-center\">\n                  \n<p style=\"text-align: justify;\"><span style=\"font-family: arial,helvetica,sans-serif;\"><span style=\"font-size: 11pt;\">Les personnes qui arrivent \u00e0 Maison Chance ont souvent travers\u00e9 des \u00e9preuves bouleversantes. Certaines sont n\u00e9es avec un handicap ; d\u2019autres sont devenues invalides \u00e0 la suite d\u2019un accident soudain. Les s\u00e9quelles qu\u2019elles portent ne se limitent pas \u00e0 des membres paralys\u00e9s ou insensibles : faiblesses musculaires, douleurs chroniques, infections\u2026 autant de blessures qui ont pu, un temps, leur faire croire que leur vie s\u2019arr\u00eatait l\u00e0.<\/span><\/span><\/p>\n<p style=\"text-align: justify;\"><span style=\"font-family: arial,helvetica,sans-serif;\"><span style=\"font-size: 11pt;\">Pour eux, un accompagnement m\u00e9dical sp\u00e9cialis\u00e9, patient et constant devient alors essentiel pour raviver l\u2019espoir et ouvrir la voie \u00e0 une r\u00e9habilitation possible.<\/span><\/span><\/p>\n<p style=\"text-align: justify;\"><span style=\"font-family: arial,helvetica,sans-serif;\"><span style=\"font-size: 11pt;\">\u00c0 Maison Chance, la prise en charge va bien au-del\u00e0 des soins essentiels. Chaque jour, les membres participent \u00e0 des s\u00e9ances de physioth\u00e9rapie encadr\u00e9es par notre \u00e9quipe soignante. Ces exercices r\u00e9guliers permettent de maintenir la mobilit\u00e9, pr\u00e9venir les complications et am\u00e9liorer significativement leur qualit\u00e9 de vie.<\/span><\/span><\/p>\n<p style=\"text-align: justify;\"><span style=\"font-family: arial,helvetica,sans-serif;\"><span style=\"font-size: 11pt;\">L\u2019une des particularit\u00e9s de Maison Chance est la pr\u00e9sence de piscines de th\u00e9rapie aquatique, encore rares au Vietnam. Deux fois par semaine, les membres b\u00e9n\u00e9ficient de s\u00e9ances de r\u00e9\u00e9ducation dans l\u2019eau : un environnement o\u00f9 le corps devient plus l\u00e9ger et o\u00f9 les mouvements, difficiles \u00e0 r\u00e9aliser sur la terre ferme, redeviennent possibles. La joie se lit dans leurs yeux lorsqu\u2019ils peuvent bouger librement, pivoter ou simplement savourer la sensation d\u2019\u00eatre lib\u00e9r\u00e9s du poids de leur propre corps.<\/span><\/span><\/p>\n<p style=\"text-align: justify;\"><span style=\"font-family: arial,helvetica,sans-serif;\"><span style=\"font-size: 11pt;\">Au Centre Social de Maison Chance dans la province de L\u00e2m \u0110\u1ed3ng, la r\u00e9habilitation se poursuit au rythme apaisant de la nature. Les membres s\u2019occupent des chevaux et des ch\u00e8vres, se laissent envelopper par la tranquillit\u00e9 du paysage, et participent au jardinage. Ces activit\u00e9s, simples en apparence, stimulent la concentration, encouragent le sens des responsabilit\u00e9s et nourrissent un \u00e9tat d\u2019esprit positif.<\/span><\/span><\/p>\n<p style=\"text-align: justify;\"><span style=\"font-family: arial,helvetica,sans-serif;\"><span style=\"font-size: 11pt;\">Au-del\u00e0 de l\u2019am\u00e9lioration physique, ces activit\u00e9s ravivent l\u2019amour-propre, cr\u00e9ent du lien et rappellent \u00e0 chacun qu\u2019il n\u2019est pas oubli\u00e9. Pas \u00e0 pas, des vies fragilis\u00e9es retrouvent souffle, sens et dignit\u00e9.<\/span><\/span><\/p>\n<p>\u00c0 travers ce parcours de renaissance, Maison Chance n\u2019est pas seulement un lieu de soins et de r\u00e9habilitation : c\u2019est un foyer. Un espace o\u00f9 renaissent l\u2019espoir, la solidarit\u00e9 et la possibilit\u00e9 d\u2019une vie transform\u00e9e.<\/p>\n              <\/div>\n           <\/div>\n                            \n<style>\n#text-box-1056385854 {\n  width: 97%;\n}\n#text-box-1056385854 .text-box-content {\n  font-size: 100%;\n}\n<\/style>\n    <\/div>\n \n        <\/div>\n      <\/div>\n\n            \n<style>\n#banner-1493197589 {\n  padding-top: 200px;\n}\n<\/style>\n  <\/div>\n\n\n<\/div><\/div>\n<div class=\"col grid-col large-4 grid-col-1-3\" ><div class=\"col-inner\">\n\n  <div class=\"banner has-hover\" id=\"banner-1693899360\">\n          <div class=\"banner-inner fill\">\n        <div class=\"banner-bg fill\" >\n            <img loading=\"lazy\" decoding=\"async\" width=\"800\" height=\"533\" src=\"https:\/\/maison-chance.org\/wp-content\/uploads\/2021\/09\/nha-khoa.jpg\" class=\"bg attachment-large size-large\" alt=\"\" \/>                                    \n                    <\/div>\n\t\t\n        <div class=\"banner-layers container\">\n            <div class=\"fill banner-link\"><\/div>            \n   <div id=\"text-box-1690135653\" class=\"text-box banner-layer x50 md-x50 lg-x50 y50 md-y50 lg-y50 res-text\">\n                                <div class=\"text-box-content text dark\">\n              \n              <div class=\"text-inner text-center\">\n                  \n              <\/div>\n           <\/div>\n                            \n<style>\n#text-box-1690135653 {\n  width: 60%;\n}\n#text-box-1690135653 .text-box-content {\n  font-size: 100%;\n}\n<\/style>\n    <\/div>\n \n        <\/div>\n      <\/div>\n\n            \n<style>\n#banner-1693899360 {\n  padding-top: 500px;\n}\n<\/style>\n  <\/div>\n\n\n<\/div><\/div>\n<div class=\"col grid-col large-4 grid-col-1-3\" ><div class=\"col-inner\">\n\n  <div class=\"banner has-hover\" id=\"banner-1193923104\">\n          <div class=\"banner-inner fill\">\n        <div class=\"banner-bg fill\" >\n            <img loading=\"lazy\" decoding=\"async\" width=\"800\" height=\"450\" src=\"https:\/\/maison-chance.org\/wp-content\/uploads\/2021\/09\/vltl.jpg\" class=\"bg attachment-large size-large\" alt=\"\" \/>                                    \n                    <\/div>\n\t\t\n        <div class=\"banner-layers container\">\n            <div class=\"fill banner-link\"><\/div>            \n   <div id=\"text-box-1804072248\" class=\"text-box banner-layer x50 md-x50 lg-x50 y50 md-y50 lg-y50 res-text\">\n                                <div class=\"text-box-content text dark\">\n              \n              <div class=\"text-inner text-center\">\n                  \n              <\/div>\n           <\/div>\n                            \n<style>\n#text-box-1804072248 {\n  width: 60%;\n}\n#text-box-1804072248 .text-box-content {\n  font-size: 100%;\n}\n<\/style>\n    <\/div>\n \n        <\/div>\n      <\/div>\n\n            \n<style>\n#banner-1193923104 {\n  padding-top: 500px;\n}\n<\/style>\n  <\/div>\n\n\n<\/div><\/div>\n<div class=\"col grid-col large-4 grid-col-1-3\" ><div class=\"col-inner\">\n\n  <div class=\"banner has-hover\" id=\"banner-2099546556\">\n          <div class=\"banner-inner fill\">\n        <div class=\"banner-bg fill\" >\n            <img loading=\"lazy\" decoding=\"async\" width=\"800\" height=\"450\" src=\"https:\/\/maison-chance.org\/wp-content\/uploads\/2021\/09\/ttl.jpg\" class=\"bg attachment-large size-large\" alt=\"\" \/>                                    \n                    <\/div>\n\t\t\n        <div class=\"banner-layers container\">\n            <div class=\"fill banner-link\"><\/div>            \n   <div id=\"text-box-18305386\" class=\"text-box banner-layer x50 md-x50 lg-x50 y50 md-y50 lg-y50 res-text\">\n                                <div class=\"text-box-content text dark\">\n              \n              <div class=\"text-inner text-center\">\n                  \n              <\/div>\n           <\/div>\n                            \n<style>\n#text-box-18305386 {\n  width: 60%;\n}\n#text-box-18305386 .text-box-content {\n  font-size: 100%;\n}\n<\/style>\n    <\/div>\n \n        <\/div>\n      <\/div>\n\n            \n<style>\n#banner-2099546556 {\n  padding-top: 500px;\n}\n<\/style>\n  <\/div>\n\n\n<\/div><\/div>\n            <\/div>\n    <style>\n    #banner-grid-1653487181 .grid-col-1{height: 800px}\n    #banner-grid-1653487181 .grid-col-1-2{height: 400px}\n    #banner-grid-1653487181 .grid-col-1-3{height:266.66666666667px}\n    #banner-grid-1653487181 .grid-col-2-3{height: 533.33333333333px}\n    #banner-grid-1653487181 .grid-col-1-4{height: 200px}\n    #banner-grid-1653487181 .grid-col-3-4{height: 600px}\n\n\n    \n    \n\n  <\/style>\n    <\/div>\n  \n","protected":false},"excerpt":{"rendered":"","protected":false},"author":1,"featured_media":1780,"parent":3369,"menu_order":0,"comment_status":"closed","ping_status":"closed","template":"","meta":{"give_campaign_id":0,"footnotes":""},"class_list":["post-2534","page","type-page","status-publish","has-post-thumbnail","hentry"],"yoast_head":"<!-- This site is optimized with the Yoast SEO plugin v27.2 - https:\/\/yoast.com\/product\/yoast-seo-wordpress\/ -->\n<title>Sant\u00e9 | Association Maison Chance<\/title>\n<meta name=\"description\" content=\"La plupart des b\u00e9n\u00e9ficiaires arrivent \u00e0 Maison Chance gravement bless\u00e9s ou malades. Pour une majorit\u00e9 d\u2019entre eux, leurs handicaps r\u00e9sultent\" \/>\n<meta name=\"robots\" content=\"index, follow, max-snippet:-1, max-image-preview:large, max-video-preview:-1\" \/>\n<link rel=\"canonical\" href=\"https:\/\/maison-chance.org\/fr\/programmes-et-activites\/sante\" \/>\n<meta property=\"og:locale\" content=\"fr_FR\" \/>\n<meta property=\"og:type\" content=\"article\" \/>\n<meta property=\"og:title\" content=\"Sant\u00e9 | Association Maison Chance\" \/>\n<meta property=\"og:description\" content=\"La plupart des b\u00e9n\u00e9ficiaires arrivent \u00e0 Maison Chance gravement bless\u00e9s ou malades. Pour une majorit\u00e9 d\u2019entre eux, leurs handicaps r\u00e9sultent\" \/>\n<meta property=\"og:url\" content=\"https:\/\/maison-chance.org\/fr\/programmes-et-activites\/sante\" \/>\n<meta property=\"og:site_name\" content=\"Maison Chance Association\" \/>\n<meta property=\"article:publisher\" content=\"https:\/\/www.facebook.com\/MaisonChance\" \/>\n<meta property=\"article:modified_time\" content=\"2025-11-20T07:20:19+00:00\" \/>\n<meta property=\"og:image\" content=\"https:\/\/maison-chance.org\/wp-content\/uploads\/2021\/09\/nha-khoa.jpg\" \/>\n\t<meta property=\"og:image:width\" content=\"800\" \/>\n\t<meta property=\"og:image:height\" content=\"533\" \/>\n\t<meta property=\"og:image:type\" content=\"image\/jpeg\" \/>\n<meta name=\"twitter:card\" content=\"summary_large_image\" \/>\n<meta name=\"twitter:title\" content=\"Sant\u00e9 | Association Maison Chance\" \/>\n<meta name=\"twitter:description\" content=\"La plupart des b\u00e9n\u00e9ficiaires arrivent \u00e0 Maison Chance gravement bless\u00e9s ou malades. Pour une majorit\u00e9 d\u2019entre eux, leurs handicaps r\u00e9sultent\" \/>\n<meta name=\"twitter:image\" content=\"https:\/\/maison-chance.org\/wp-content\/uploads\/2021\/09\/nha-khoa.jpg\" \/>\n<meta name=\"twitter:site\" content=\"@MaisonChanceVN\" \/>\n<meta name=\"twitter:label1\" content=\"Dur\u00e9e de lecture estim\u00e9e\" \/>\n\t<meta name=\"twitter:data1\" content=\"2 minutes\" \/>\n<script type=\"application\/ld+json\" class=\"yoast-schema-graph\">{\"@context\":\"https:\/\/schema.org\",\"@graph\":[{\"@type\":\"WebPage\",\"@id\":\"https:\/\/maison-chance.org\/fr\/programmes-et-activites\/sante\",\"url\":\"https:\/\/maison-chance.org\/fr\/programmes-et-activites\/sante\",\"name\":\"Sant\u00e9 | Association Maison Chance\",\"isPartOf\":{\"@id\":\"https:\/\/maison-chance.org\/fr#website\"},\"primaryImageOfPage\":{\"@id\":\"https:\/\/maison-chance.org\/fr\/programmes-et-activites\/sante#primaryimage\"},\"image\":{\"@id\":\"https:\/\/maison-chance.org\/fr\/programmes-et-activites\/sante#primaryimage\"},\"thumbnailUrl\":\"https:\/\/maison-chance.org\/wp-content\/uploads\/2021\/09\/nha-khoa.jpg\",\"datePublished\":\"2021-10-04T07:06:39+00:00\",\"dateModified\":\"2025-11-20T07:20:19+00:00\",\"description\":\"La plupart des b\u00e9n\u00e9ficiaires arrivent \u00e0 Maison Chance gravement bless\u00e9s ou malades. Pour une majorit\u00e9 d\u2019entre eux, leurs handicaps r\u00e9sultent\",\"breadcrumb\":{\"@id\":\"https:\/\/maison-chance.org\/fr\/programmes-et-activites\/sante#breadcrumb\"},\"inLanguage\":\"fr-FR\",\"potentialAction\":[{\"@type\":\"ReadAction\",\"target\":[\"https:\/\/maison-chance.org\/fr\/programmes-et-activites\/sante\"]}]},{\"@type\":\"ImageObject\",\"inLanguage\":\"fr-FR\",\"@id\":\"https:\/\/maison-chance.org\/fr\/programmes-et-activites\/sante#primaryimage\",\"url\":\"https:\/\/maison-chance.org\/wp-content\/uploads\/2021\/09\/nha-khoa.jpg\",\"contentUrl\":\"https:\/\/maison-chance.org\/wp-content\/uploads\/2021\/09\/nha-khoa.jpg\",\"width\":800,\"height\":533},{\"@type\":\"BreadcrumbList\",\"@id\":\"https:\/\/maison-chance.org\/fr\/programmes-et-activites\/sante#breadcrumb\",\"itemListElement\":[{\"@type\":\"ListItem\",\"position\":1,\"name\":\"Programmes et Activit\u00e9s\",\"item\":\"https:\/\/maison-chance.org\/fr\/programmes-et-activites\"},{\"@type\":\"ListItem\",\"position\":2,\"name\":\"Sant\u00e9\"}]},{\"@type\":\"WebSite\",\"@id\":\"https:\/\/maison-chance.org\/fr#website\",\"url\":\"https:\/\/maison-chance.org\/fr\",\"name\":\"https:\/\/maison-chance.org\/\",\"description\":\"Un avenir pour les moins chanceaux au Vietnam !\",\"publisher\":{\"@id\":\"https:\/\/maison-chance.org\/fr#organization\"},\"potentialAction\":[{\"@type\":\"SearchAction\",\"target\":{\"@type\":\"EntryPoint\",\"urlTemplate\":\"https:\/\/maison-chance.org\/fr?s={search_term_string}\"},\"query-input\":{\"@type\":\"PropertyValueSpecification\",\"valueRequired\":true,\"valueName\":\"search_term_string\"}}],\"inLanguage\":\"fr-FR\"},{\"@type\":\"Organization\",\"@id\":\"https:\/\/maison-chance.org\/fr#organization\",\"name\":\"https:\/\/maison-chance.org\/\",\"url\":\"https:\/\/maison-chance.org\/fr\",\"logo\":{\"@type\":\"ImageObject\",\"inLanguage\":\"fr-FR\",\"@id\":\"https:\/\/maison-chance.org\/fr#\/schema\/logo\/image\/\",\"url\":\"https:\/\/maison-chance.org\/wp-content\/uploads\/2021\/09\/Featued-Logo-MC-1.jpg\",\"contentUrl\":\"https:\/\/maison-chance.org\/wp-content\/uploads\/2021\/09\/Featued-Logo-MC-1.jpg\",\"width\":500,\"height\":313,\"caption\":\"https:\/\/maison-chance.org\/\"},\"image\":{\"@id\":\"https:\/\/maison-chance.org\/fr#\/schema\/logo\/image\/\"},\"sameAs\":[\"https:\/\/www.facebook.com\/MaisonChance\",\"https:\/\/x.com\/MaisonChanceVN\",\"https:\/\/www.instagram.com\/maisonchance\/\",\"https:\/\/www.youtube.com\/c\/MaisonChanceVideo\"]}]}<\/script>\n<!-- \/ Yoast SEO plugin. -->","yoast_head_json":{"title":"Sant\u00e9 | Association Maison Chance","description":"La plupart des b\u00e9n\u00e9ficiaires arrivent \u00e0 Maison Chance gravement bless\u00e9s ou malades. Pour une majorit\u00e9 d\u2019entre eux, leurs handicaps r\u00e9sultent","robots":{"index":"index","follow":"follow","max-snippet":"max-snippet:-1","max-image-preview":"max-image-preview:large","max-video-preview":"max-video-preview:-1"},"canonical":"https:\/\/maison-chance.org\/fr\/programmes-et-activites\/sante","og_locale":"fr_FR","og_type":"article","og_title":"Sant\u00e9 | Association Maison Chance","og_description":"La plupart des b\u00e9n\u00e9ficiaires arrivent \u00e0 Maison Chance gravement bless\u00e9s ou malades. Pour une majorit\u00e9 d\u2019entre eux, leurs handicaps r\u00e9sultent","og_url":"https:\/\/maison-chance.org\/fr\/programmes-et-activites\/sante","og_site_name":"Maison Chance Association","article_publisher":"https:\/\/www.facebook.com\/MaisonChance","article_modified_time":"2025-11-20T07:20:19+00:00","og_image":[{"width":800,"height":533,"url":"https:\/\/maison-chance.org\/wp-content\/uploads\/2021\/09\/nha-khoa.jpg","type":"image\/jpeg"}],"twitter_card":"summary_large_image","twitter_title":"Sant\u00e9 | Association Maison Chance","twitter_description":"La plupart des b\u00e9n\u00e9ficiaires arrivent \u00e0 Maison Chance gravement bless\u00e9s ou malades. Pour une majorit\u00e9 d\u2019entre eux, leurs handicaps r\u00e9sultent","twitter_image":"https:\/\/maison-chance.org\/wp-content\/uploads\/2021\/09\/nha-khoa.jpg","twitter_site":"@MaisonChanceVN","twitter_misc":{"Dur\u00e9e de lecture estim\u00e9e":"2 minutes"},"schema":{"@context":"https:\/\/schema.org","@graph":[{"@type":"WebPage","@id":"https:\/\/maison-chance.org\/fr\/programmes-et-activites\/sante","url":"https:\/\/maison-chance.org\/fr\/programmes-et-activites\/sante","name":"Sant\u00e9 | Association Maison Chance","isPartOf":{"@id":"https:\/\/maison-chance.org\/fr#website"},"primaryImageOfPage":{"@id":"https:\/\/maison-chance.org\/fr\/programmes-et-activites\/sante#primaryimage"},"image":{"@id":"https:\/\/maison-chance.org\/fr\/programmes-et-activites\/sante#primaryimage"},"thumbnailUrl":"https:\/\/maison-chance.org\/wp-content\/uploads\/2021\/09\/nha-khoa.jpg","datePublished":"2021-10-04T07:06:39+00:00","dateModified":"2025-11-20T07:20:19+00:00","description":"La plupart des b\u00e9n\u00e9ficiaires arrivent \u00e0 Maison Chance gravement bless\u00e9s ou malades. Pour une majorit\u00e9 d\u2019entre eux, leurs handicaps r\u00e9sultent","breadcrumb":{"@id":"https:\/\/maison-chance.org\/fr\/programmes-et-activites\/sante#breadcrumb"},"inLanguage":"fr-FR","potentialAction":[{"@type":"ReadAction","target":["https:\/\/maison-chance.org\/fr\/programmes-et-activites\/sante"]}]},{"@type":"ImageObject","inLanguage":"fr-FR","@id":"https:\/\/maison-chance.org\/fr\/programmes-et-activites\/sante#primaryimage","url":"https:\/\/maison-chance.org\/wp-content\/uploads\/2021\/09\/nha-khoa.jpg","contentUrl":"https:\/\/maison-chance.org\/wp-content\/uploads\/2021\/09\/nha-khoa.jpg","width":800,"height":533},{"@type":"BreadcrumbList","@id":"https:\/\/maison-chance.org\/fr\/programmes-et-activites\/sante#breadcrumb","itemListElement":[{"@type":"ListItem","position":1,"name":"Programmes et Activit\u00e9s","item":"https:\/\/maison-chance.org\/fr\/programmes-et-activites"},{"@type":"ListItem","position":2,"name":"Sant\u00e9"}]},{"@type":"WebSite","@id":"https:\/\/maison-chance.org\/fr#website","url":"https:\/\/maison-chance.org\/fr","name":"https:\/\/maison-chance.org\/","description":"Un avenir pour les moins chanceaux au Vietnam !","publisher":{"@id":"https:\/\/maison-chance.org\/fr#organization"},"potentialAction":[{"@type":"SearchAction","target":{"@type":"EntryPoint","urlTemplate":"https:\/\/maison-chance.org\/fr?s={search_term_string}"},"query-input":{"@type":"PropertyValueSpecification","valueRequired":true,"valueName":"search_term_string"}}],"inLanguage":"fr-FR"},{"@type":"Organization","@id":"https:\/\/maison-chance.org\/fr#organization","name":"https:\/\/maison-chance.org\/","url":"https:\/\/maison-chance.org\/fr","logo":{"@type":"ImageObject","inLanguage":"fr-FR","@id":"https:\/\/maison-chance.org\/fr#\/schema\/logo\/image\/","url":"https:\/\/maison-chance.org\/wp-content\/uploads\/2021\/09\/Featued-Logo-MC-1.jpg","contentUrl":"https:\/\/maison-chance.org\/wp-content\/uploads\/2021\/09\/Featued-Logo-MC-1.jpg","width":500,"height":313,"caption":"https:\/\/maison-chance.org\/"},"image":{"@id":"https:\/\/maison-chance.org\/fr#\/schema\/logo\/image\/"},"sameAs":["https:\/\/www.facebook.com\/MaisonChance","https:\/\/x.com\/MaisonChanceVN","https:\/\/www.instagram.com\/maisonchance\/","https:\/\/www.youtube.com\/c\/MaisonChanceVideo"]}]}},"campaignId":"","_links":{"self":[{"href":"https:\/\/maison-chance.org\/fr\/wp-json\/wp\/v2\/pages\/2534","targetHints":{"allow":["GET"]}}],"collection":[{"href":"https:\/\/maison-chance.org\/fr\/wp-json\/wp\/v2\/pages"}],"about":[{"href":"https:\/\/maison-chance.org\/fr\/wp-json\/wp\/v2\/types\/page"}],"author":[{"embeddable":true,"href":"https:\/\/maison-chance.org\/fr\/wp-json\/wp\/v2\/users\/1"}],"replies":[{"embeddable":true,"href":"https:\/\/maison-chance.org\/fr\/wp-json\/wp\/v2\/comments?post=2534"}],"version-history":[{"count":13,"href":"https:\/\/maison-chance.org\/fr\/wp-json\/wp\/v2\/pages\/2534\/revisions"}],"predecessor-version":[{"id":42984,"href":"https:\/\/maison-chance.org\/fr\/wp-json\/wp\/v2\/pages\/2534\/revisions\/42984"}],"up":[{"embeddable":true,"href":"https:\/\/maison-chance.org\/fr\/wp-json\/wp\/v2\/pages\/3369"}],"wp:featuredmedia":[{"embeddable":true,"href":"https:\/\/maison-chance.org\/fr\/wp-json\/wp\/v2\/media\/1780"}],"wp:attachment":[{"href":"https:\/\/maison-chance.org\/fr\/wp-json\/wp\/v2\/media?parent=2534"}],"curies":[{"name":"wp","href":"https:\/\/api.w.org\/{rel}","templated":true}]}}