{"id":2556,"date":"2021-10-04T07:56:54","date_gmt":"2021-10-04T07:56:54","guid":{"rendered":"https:\/\/maison-chance.org\/?page_id=2556"},"modified":"2025-12-16T09:40:05","modified_gmt":"2025-12-16T02:40:05","slug":"enseignement","status":"publish","type":"page","link":"https:\/\/maison-chance.org\/fr\/programmes-et-activites\/enseignement","title":{"rendered":"Enseignement"},"content":{"rendered":"\t<div id=\"gap-264000355\" class=\"gap-element clearfix\" style=\"display:block; height:auto;\">\n\t\t\n<style>\n#gap-264000355 {\n  padding-top: 30px;\n}\n<\/style>\n\t<\/div>\n\t\n\n\t<section class=\"section\" id=\"section_1866786282\">\n\t\t<div class=\"section-bg fill\" >\n\t\t\t\t\t\t\t\t\t<div class=\"section-bg-overlay absolute fill\"><\/div>\n\t\t\t\n\n\t\t<\/div>\n\n\t\t\n\n\t\t<div class=\"section-content relative\">\n\t\t\t\n\t<div id=\"text-2114155431\" class=\"text\">\n\t\t\n<h1 style=\"text-align: center;\"><strong>PROGRAMME D\u2019\u00c9DUCATION DE MAISON CHANCE<\/strong><\/h1>\n<p style=\"text-align: justify;\"><span style=\"font-size: 11pt; font-family: arial, helvetica, sans-serif; color: #000000;\">Dans le parcours de d\u00e9veloppement de l\u2019humanit\u00e9, l\u2019\u00e9ducation a toujours \u00e9t\u00e9 la lumi\u00e8re qui guide et la cl\u00e9 qui ouvre les portes de l\u2019avenir. Pourtant, tout le monde n\u2019a pas la chance de b\u00e9n\u00e9ficier d\u2019un d\u00e9part \u00e9quitable dans la vie : de nombreux enfants restent encore en marge, priv\u00e9s d\u2019opportunit\u00e9s d\u2019apprentissage. <\/span><\/p>\n<p style=\"text-align: justify;\"><span style=\"font-size: 11pt; font-family: arial, helvetica, sans-serif; color: #000000;\">La pauvret\u00e9, la maladie ou des circonstances difficiles ont parfois arrach\u00e9 aux enfants leur droit d\u2019aller \u00e0 l\u2019\u00e9cole. Lorsque la pr\u00e9occupation du quotidien devient plus lourde que les lettres, lorsque des corps fragiles ne peuvent suivre le rythme des autres, certains n\u2019ont d\u2019autre choix que de rester derri\u00e8re les portes de l\u2019\u00e9cole \u2013 un lieu qui aurait d\u00fb leur appartenir.<\/span><\/p>\n<p style=\"text-align: justify;\"><span style=\"font-size: 11pt; font-family: arial, helvetica, sans-serif; color: #000000;\">Maison Chance est n\u00e9e pour poursuivre ces r\u00eaves inachev\u00e9s. Gr\u00e2ce \u00e0 l&rsquo;amour, au soutien des bienfaiteurs et de la communaut\u00e9, cet endroit est devenu une v\u00e9ritable \u00e9cole de l\u2019esp\u00e9rance. Nous y avons construit un programme \u00e9ducatif bienveillant et complet, enti\u00e8rement gratuit, destin\u00e9 aux enfants d\u00e9favoris\u00e9s, aux personnes handicap\u00e9es n\u2019ayant jamais \u00e9t\u00e9 scolaris\u00e9es ou \u00e0 celles ayant d\u00e9pass\u00e9 l\u2019\u00e2ge de la scolarit\u00e9 publique. <\/span><\/p>\n<p style=\"text-align: justify;\"><span style=\"font-size: 11pt; font-family: arial, helvetica, sans-serif; color: #000000;\">En plus des connaissances, les \u00e9l\u00e8ves apprennent des comp\u00e9tences de vie, des techniques de communication, de travail, et acqui\u00e8rent la confiance en leur propre valeur.<\/span><\/p>\n\t\t\n<style>\n#text-2114155431 {\n  text-align: center;\n  color: rgb(255, 0, 0);\n}\n#text-2114155431 > * {\n  color: rgb(255, 0, 0);\n}\n<\/style>\n\t<\/div>\n\t\n<div class=\"row\"  id=\"row-1295911701\">\n\n\t<div id=\"col-1056021601\" class=\"col medium-6 small-12 large-6\"  >\n\t\t\t\t<div class=\"col-inner\"  >\n\t\t\t\n\t\t\t\n\t<div id=\"text-994568393\" class=\"text\">\n\t\t\n<h1 style=\"text-align: center;\"><span style=\"color: #ff0000;\"><strong>LES CLASSES MATERNELLES ET PRIMAIRES<\/strong><\/span><\/h1>\n<p style=\"text-align: justify;\"><span style=\"font-size: 11pt; font-family: arial, helvetica, sans-serif;\">Le syst\u00e8me \u00e9ducatif de Maison Chance a pour objectif de cr\u00e9er des conditions d\u2019apprentissage accessibles aux enfants que les \u00e9coles publiques ont du mal \u00e0 accueillir : enfants issus de familles en difficult\u00e9, enfants sans acte de naissance ou ayant d\u00e9pass\u00e9 l\u2019\u00e2ge requis pour int\u00e9grer l\u2019\u00e9cole.<\/span><\/p>\n<p style=\"text-align: justify;\"><span style=\"font-size: 11pt; font-family: arial, helvetica, sans-serif;\">Maison Chance dispose actuellement de deux \u00e9coles primaires, \u00e0 H\u00f4 Chi Minh-Ville et dans la province de L\u00e2m \u0110\u1ed3ng (ancienne province de Lam Dong). Les \u00e9l\u00e8ves y suivent le programme officiel du minist\u00e8re de l\u2019\u00c9ducation et de la Formation. Apr\u00e8s avoir termin\u00e9 la classe de 5\u1d49 ann\u00e9e, ils peuvent poursuivre leur scolarit\u00e9 dans les \u00e9tablissements du quartier ou de leur localit\u00e9 d\u2019origine.<\/span><\/p>\n\t\t\n<style>\n#text-994568393 {\n  text-align: center;\n  color: rgb(0,0,0);\n}\n#text-994568393 > * {\n  color: rgb(0,0,0);\n}\n<\/style>\n\t<\/div>\n\t\n\n  <div class=\"banner has-hover\" id=\"banner-827481267\">\n          <div class=\"banner-inner fill\">\n        <div class=\"banner-bg fill\" >\n            <img loading=\"lazy\" decoding=\"async\" width=\"800\" height=\"450\" src=\"https:\/\/maison-chance.org\/wp-content\/uploads\/2021\/09\/lop-hoc.jpg\" class=\"bg attachment-original size-original\" alt=\"\" \/>                                    \n                    <\/div>\n\t\t\n        <div class=\"banner-layers container\">\n            <div class=\"fill banner-link\"><\/div>            \n   <div id=\"text-box-98908854\" class=\"text-box banner-layer x50 md-x50 lg-x50 y50 md-y50 lg-y50 res-text\">\n                                <div class=\"text-box-content text dark\">\n              \n              <div class=\"text-inner text-center\">\n                  \n              <\/div>\n           <\/div>\n                            \n<style>\n#text-box-98908854 {\n  width: 60%;\n}\n#text-box-98908854 .text-box-content {\n  font-size: 100%;\n}\n<\/style>\n    <\/div>\n \n        <\/div>\n      <\/div>\n\n            \n<style>\n#banner-827481267 {\n  padding-top: 200px;\n}\n<\/style>\n  <\/div>\n\n\n\t<div id=\"gap-1613965830\" class=\"gap-element clearfix\" style=\"display:block; height:auto;\">\n\t\t\n<style>\n#gap-1613965830 {\n  padding-top: 30px;\n}\n<\/style>\n\t<\/div>\n\t\n<p style=\"text-align: justify;\"><span style=\"font-size: 11pt; font-family: arial, helvetica, sans-serif;\">Afin de r\u00e9duire les risques de d\u00e9crochage scolaire d\u00fb \u00e0 la situation \u00e9conomique, Maison Chance prend en charge de nombreuses d\u00e9penses que les familles ne peuvent assumer : frais de scolarit\u00e9, uniformes, livres, fournitures scolaires\u2026 Les \u00e9l\u00e8ves b\u00e9n\u00e9ficient \u00e9galement d\u2019un repas quotidien, de soins m\u00e9dicaux de base et d\u2019un suivi de sant\u00e9 r\u00e9gulier. Ces aides permettent aux enfants de maintenir une scolarit\u00e9 stable tout en all\u00e9geant le fardeau financier des familles.<\/span><\/p>\n<p style=\"text-align: justify;\"><span style=\"font-size: 11pt; font-family: arial, helvetica, sans-serif;\">De plus, une classe de garde d\u2019enfants \u00e0 H\u00f4 Chi Minh-Ville, destin\u00e9e aux enfants des membres handicap\u00e9s, a \u00e9t\u00e9 mise en place pour r\u00e9duire les pressions familiales quant \u00e0 la garde des plus jeunes. Avec des frais symboliques, cette classe devient une solution pratique, soutenant \u00e0 la fois les enfants et la communaut\u00e9 des personnes handicap\u00e9es.<\/span><\/p>\n\n  <div class=\"banner has-hover\" id=\"banner-1102335050\">\n          <div class=\"banner-inner fill\">\n        <div class=\"banner-bg fill\" >\n            <img loading=\"lazy\" decoding=\"async\" width=\"800\" height=\"533\" src=\"https:\/\/maison-chance.org\/wp-content\/uploads\/2021\/09\/mam-non.jpg\" class=\"bg attachment-original size-original\" alt=\"\" \/>                                    \n                    <\/div>\n\t\t\n        <div class=\"banner-layers container\">\n            <div class=\"fill banner-link\"><\/div>            \n        <\/div>\n      <\/div>\n\n            \n<style>\n#banner-1102335050 {\n  padding-top: 200px;\n}\n<\/style>\n  <\/div>\n\n\n\t\t<\/div>\n\t\t\t\t\t<\/div>\n\n\t\n\n\t<div id=\"col-722608296\" class=\"col medium-6 small-12 large-6\"  >\n\t\t\t\t<div class=\"col-inner\"  >\n\t\t\t\n\t\t\t\n\t<div id=\"text-1785598513\" class=\"text\">\n\t\t\n<h1 style=\"text-align: center;\"><span style=\"color: #ff0000;\"><strong>LES CLASSES SP\u00c9CIALIS\u00c9ES<\/strong><\/span><\/h1>\n<p style=\"text-align: justify;\"><span style=\"font-size: 11pt; font-family: arial, helvetica, sans-serif;\">Pour les enfants atteints de handicaps intellectuels ou physiques, acc\u00e9der \u00e0 l\u2019\u00e9ducation ne se r\u00e9sume pas simplement \u00e0 \u00eatre assis dans une salle de classe. Beaucoup rencontrent des difficult\u00e9s en communication, en motricit\u00e9, en concentration ou en interaction sociale \u2013 des \u00e9l\u00e9ments essentiels pour une int\u00e9gration future dans la communaut\u00e9.<\/span><\/p>\n<p style=\"text-align: justify;\"><span style=\"font-size: 11pt; font-family: arial, helvetica, sans-serif;\">Pour r\u00e9pondre \u00e0 ces besoins sp\u00e9cifiques, Maison Chance propose des classes sp\u00e9cialis\u00e9es. Le programme repose sur plusieurs axes essentiels : d\u00e9veloppement des comp\u00e9tences de vie quotidienne, renforcement des capacit\u00e9s motrices, am\u00e9lioration de la perception et des interactions sociales.<\/span><\/p>\n<p style=\"text-align: justify;\"><span style=\"font-size: 11pt; font-family: arial, helvetica, sans-serif;\">Les enfants montrant une bonne progression et capables de r\u00e9pondre aux exigences d\u2019apprentissage et de socialisation peuvent \u00eatre orient\u00e9s vers les classes primaires inclusives afin de suivre un cursus acad\u00e9mique classique.<\/span><\/p>\n\t\t\n<style>\n#text-1785598513 {\n  text-align: center;\n}\n<\/style>\n\t<\/div>\n\t\n\n  <div class=\"banner has-hover\" id=\"banner-412834820\">\n          <div class=\"banner-inner fill\">\n        <div class=\"banner-bg fill\" >\n            <img loading=\"lazy\" decoding=\"async\" width=\"800\" height=\"450\" src=\"https:\/\/maison-chance.org\/wp-content\/uploads\/2021\/09\/lop-chuyen-biet-1.jpg\" class=\"bg attachment-original size-original\" alt=\"\" \/>                                    \n                    <\/div>\n\t\t\n        <div class=\"banner-layers container\">\n            <div class=\"fill banner-link\"><\/div>            \n        <\/div>\n      <\/div>\n\n            \n<style>\n#banner-412834820 {\n  padding-top: 200px;\n}\n<\/style>\n  <\/div>\n\n\n\t<div id=\"gap-1303262329\" class=\"gap-element clearfix\" style=\"display:block; height:auto;\">\n\t\t\n<style>\n#gap-1303262329 {\n  padding-top: 30px;\n}\n<\/style>\n\t<\/div>\n\t\n\t<div id=\"text-1382906299\" class=\"text\">\n\t\t\n<h1 style=\"text-align: center;\"><span style=\"color: #ff0000;\"><strong>LES COURS COMPL\u00c9MENTAIRES<\/strong><\/span><\/h1>\n<p style=\"text-align: justify;\"><span style=\"font-size: 11pt; font-family: arial, helvetica, sans-serif;\">Le programme \u00e9ducatif de Maison Chance ne s\u2019arr\u00eate pas aux connaissances scolaires de base. Nous avons cr\u00e9\u00e9 un ensemble de mati\u00e8res compl\u00e9mentaires permettant aux \u00e9l\u00e8ves d\u2019acqu\u00e9rir de nombreuses comp\u00e9tences n\u00e9cessaires dans la vie moderne.<\/span><\/p>\n<p style=\"text-align: justify;\"><span style=\"font-size: 11pt; font-family: arial, helvetica, sans-serif;\">Les enfants apprennent l\u2019informatique pour se familiariser avec la technologie, les langues \u00e9trang\u00e8res pour \u00e9largir leurs capacit\u00e9s de communication, la musique pour d\u00e9velopper leurs \u00e9motions, ainsi que des activit\u00e9s sportives ou la natation pour renforcer leur sant\u00e9 et leurs aptitudes motrices. <\/span><\/p>\n<p style=\"text-align: justify;\"><span style=\"font-size: 11pt; font-family: arial, helvetica, sans-serif;\">Particuli\u00e8rement, les \u00e9l\u00e8ves passionn\u00e9s ou ayant un talent sp\u00e9cifique peuvent participer \u00e0 des cours de cirque trois fois par semaine. Le cirque ne d\u00e9veloppe pas seulement la condition physique, la concentration et la coordination, mais offre aussi une source de joie, de confiance en soi et une possibilit\u00e9 d\u2019orientation professionnelle future. <\/span><\/p>\n<p style=\"text-align: justify;\"><span style=\"font-size: 11pt; font-family: arial, helvetica, sans-serif;\">Ces cours compl\u00e9mentaires ne visent pas \u00e0 cr\u00e9er de pression suppl\u00e9mentaire, mais \u00e0 offrir plus de choix, plus de plaisir, et un \u00e9quilibre harmonieux entre connaissances, comp\u00e9tences et bien-\u00eatre \u2013 une base solide pour que les enfants puissent avancer avec assurance vers l\u2019avenir.<\/span><\/p>\n\t\t\n<style>\n#text-1382906299 {\n  text-align: center;\n}\n<\/style>\n\t<\/div>\n\t\n\n  <div class=\"banner has-hover\" id=\"banner-396049640\">\n          <div class=\"banner-inner fill\">\n        <div class=\"banner-bg fill\" >\n            <img loading=\"lazy\" decoding=\"async\" width=\"800\" height=\"533\" src=\"https:\/\/maison-chance.org\/wp-content\/uploads\/2021\/09\/mon-bo-tro.jpg\" class=\"bg attachment-large size-large\" alt=\"\" \/>                                    \n                    <\/div>\n\t\t\n        <div class=\"banner-layers container\">\n            <div class=\"fill banner-link\"><\/div>            \n        <\/div>\n      <\/div>\n\n            \n<style>\n#banner-396049640 {\n  padding-top: 200px;\n}\n<\/style>\n  <\/div>\n\n\n\t\t<\/div>\n\t\t\t\t\t<\/div>\n\n\t\n<\/div>\n<h1 style=\"text-align: center;\"><span style=\"color: #ff0000;\"><strong>LES NIVEAUX SUP\u00c9RIEURS<\/strong><\/span><\/h1>\n<p style=\"text-align: justify;\"><span style=\"font-size: 11pt; font-family: arial, helvetica, sans-serif;\">Afin que les difficult\u00e9s \u00e9conomiques ne freinent pas les aspirations \u00e9ducatives, Maison Chance offre aux \u00e9l\u00e8ves la possibilit\u00e9 de poursuivre leurs \u00e9tudes au coll\u00e8ge, au lyc\u00e9e et \u00e0 l\u2019universit\u00e9. Les \u00e9tudiants excellents b\u00e9n\u00e9ficient de bourses et d\u2019aides financi\u00e8res leur permettant de poursuivre leur scolarit\u00e9 sans crainte des co\u00fbts. <\/span><\/p>\n<p style=\"text-align: justify;\"><span style=\"font-size: 11pt; font-family: arial, helvetica, sans-serif;\">Poursuivre des \u00e9tudes sup\u00e9rieures ouvre la voie vers des carri\u00e8res r\u00eav\u00e9es, une am\u00e9lioration des revenus et la capacit\u00e9 de soutenir leurs familles. C\u2019est aussi un moyen essentiel pour rompre le cycle de la pauvret\u00e9. <\/span><\/p>\n<p style=\"text-align: justify;\"><span style=\"font-size: 11pt; font-family: arial, helvetica, sans-serif;\">Ainsi, Maison Chance aide les \u00e9l\u00e8ves non seulement \u00e0 apprendre, mais aussi \u00e0 construire un avenir durable et \u00e0 s\u2019int\u00e9grer avec confiance dans la soci\u00e9t\u00e9.<\/span><\/p>\n\t\t<\/div>\n\n\t\t\n<style>\n#section_1866786282 {\n  padding-top: 30px;\n  padding-bottom: 30px;\n}\n#section_1866786282 .section-bg-overlay {\n  background-color: rgba(35, 159, 219, 0.448);\n}\n<\/style>\n\t<\/section>\n\t\n","protected":false},"excerpt":{"rendered":"","protected":false},"author":1,"featured_media":2071,"parent":3369,"menu_order":0,"comment_status":"closed","ping_status":"closed","template":"","meta":{"give_campaign_id":0,"footnotes":""},"class_list":["post-2556","page","type-page","status-publish","has-post-thumbnail","hentry"],"yoast_head":"<!-- This site is optimized with the Yoast SEO plugin v27.5 - https:\/\/yoast.com\/product\/yoast-seo-wordpress\/ -->\n<title>Enseignement | Association Maison Chance<\/title>\n<meta name=\"description\" content=\"Vietnam reste un pays relativement pauvre. La condition des personnes handicap\u00e9es et des enfants d\u00e9favoris\u00e9s est donc critique...\" \/>\n<meta name=\"robots\" content=\"index, follow, max-snippet:-1, max-image-preview:large, max-video-preview:-1\" \/>\n<link rel=\"canonical\" href=\"https:\/\/maison-chance.org\/fr\/programmes-et-activites\/enseignement\" \/>\n<meta property=\"og:locale\" content=\"fr_FR\" \/>\n<meta property=\"og:type\" content=\"article\" \/>\n<meta property=\"og:title\" content=\"Enseignement | Association Maison Chance\" \/>\n<meta property=\"og:description\" content=\"Vietnam reste un pays relativement pauvre. La condition des personnes handicap\u00e9es et des enfants d\u00e9favoris\u00e9s est donc critique...\" \/>\n<meta property=\"og:url\" content=\"https:\/\/maison-chance.org\/fr\/programmes-et-activites\/enseignement\" \/>\n<meta property=\"og:site_name\" content=\"Maison Chance Association\" \/>\n<meta property=\"article:publisher\" content=\"https:\/\/www.facebook.com\/MaisonChance\" \/>\n<meta property=\"article:modified_time\" content=\"2025-12-16T02:40:05+00:00\" \/>\n<meta property=\"og:image\" content=\"https:\/\/maison-chance.org\/wp-content\/uploads\/2021\/09\/do-dau-chuyen-biet-dn.jpg\" \/>\n\t<meta property=\"og:image:width\" content=\"1000\" \/>\n\t<meta property=\"og:image:height\" content=\"563\" \/>\n\t<meta property=\"og:image:type\" content=\"image\/jpeg\" \/>\n<meta name=\"twitter:card\" content=\"summary_large_image\" \/>\n<meta name=\"twitter:title\" content=\"Enseignement | Association Maison Chance\" \/>\n<meta name=\"twitter:description\" content=\"Vietnam reste un pays relativement pauvre. La condition des personnes handicap\u00e9es et des enfants d\u00e9favoris\u00e9s est donc critique...\" \/>\n<meta name=\"twitter:image\" content=\"https:\/\/maison-chance.org\/wp-content\/uploads\/2021\/09\/do-dau-chuyen-biet-dn.jpg\" \/>\n<meta name=\"twitter:site\" content=\"@MaisonChanceVN\" \/>\n<meta name=\"twitter:label1\" content=\"Dur\u00e9e de lecture estim\u00e9e\" \/>\n\t<meta name=\"twitter:data1\" content=\"4 minutes\" \/>\n<script type=\"application\/ld+json\" class=\"yoast-schema-graph\">{\"@context\":\"https:\\\/\\\/schema.org\",\"@graph\":[{\"@type\":\"WebPage\",\"@id\":\"https:\\\/\\\/maison-chance.org\\\/fr\\\/programmes-et-activites\\\/enseignement\",\"url\":\"https:\\\/\\\/maison-chance.org\\\/fr\\\/programmes-et-activites\\\/enseignement\",\"name\":\"Enseignement | Association Maison Chance\",\"isPartOf\":{\"@id\":\"https:\\\/\\\/maison-chance.org\\\/fr#website\"},\"primaryImageOfPage\":{\"@id\":\"https:\\\/\\\/maison-chance.org\\\/fr\\\/programmes-et-activites\\\/enseignement#primaryimage\"},\"image\":{\"@id\":\"https:\\\/\\\/maison-chance.org\\\/fr\\\/programmes-et-activites\\\/enseignement#primaryimage\"},\"thumbnailUrl\":\"https:\\\/\\\/maison-chance.org\\\/wp-content\\\/uploads\\\/2021\\\/09\\\/do-dau-chuyen-biet-dn.jpg\",\"datePublished\":\"2021-10-04T07:56:54+00:00\",\"dateModified\":\"2025-12-16T02:40:05+00:00\",\"description\":\"Vietnam reste un pays relativement pauvre. La condition des personnes handicap\u00e9es et des enfants d\u00e9favoris\u00e9s est donc critique...\",\"breadcrumb\":{\"@id\":\"https:\\\/\\\/maison-chance.org\\\/fr\\\/programmes-et-activites\\\/enseignement#breadcrumb\"},\"inLanguage\":\"fr-FR\",\"potentialAction\":[{\"@type\":\"ReadAction\",\"target\":[\"https:\\\/\\\/maison-chance.org\\\/fr\\\/programmes-et-activites\\\/enseignement\"]}]},{\"@type\":\"ImageObject\",\"inLanguage\":\"fr-FR\",\"@id\":\"https:\\\/\\\/maison-chance.org\\\/fr\\\/programmes-et-activites\\\/enseignement#primaryimage\",\"url\":\"https:\\\/\\\/maison-chance.org\\\/wp-content\\\/uploads\\\/2021\\\/09\\\/do-dau-chuyen-biet-dn.jpg\",\"contentUrl\":\"https:\\\/\\\/maison-chance.org\\\/wp-content\\\/uploads\\\/2021\\\/09\\\/do-dau-chuyen-biet-dn.jpg\",\"width\":1000,\"height\":563},{\"@type\":\"BreadcrumbList\",\"@id\":\"https:\\\/\\\/maison-chance.org\\\/fr\\\/programmes-et-activites\\\/enseignement#breadcrumb\",\"itemListElement\":[{\"@type\":\"ListItem\",\"position\":1,\"name\":\"Programmes et Activit\u00e9s\",\"item\":\"https:\\\/\\\/maison-chance.org\\\/fr\\\/programmes-et-activites\"},{\"@type\":\"ListItem\",\"position\":2,\"name\":\"Enseignement\"}]},{\"@type\":\"WebSite\",\"@id\":\"https:\\\/\\\/maison-chance.org\\\/fr#website\",\"url\":\"https:\\\/\\\/maison-chance.org\\\/fr\",\"name\":\"https:\\\/\\\/maison-chance.org\\\/\",\"description\":\"Un avenir pour les moins chanceaux au Vietnam !\",\"publisher\":{\"@id\":\"https:\\\/\\\/maison-chance.org\\\/fr#organization\"},\"potentialAction\":[{\"@type\":\"SearchAction\",\"target\":{\"@type\":\"EntryPoint\",\"urlTemplate\":\"https:\\\/\\\/maison-chance.org\\\/fr?s={search_term_string}\"},\"query-input\":{\"@type\":\"PropertyValueSpecification\",\"valueRequired\":true,\"valueName\":\"search_term_string\"}}],\"inLanguage\":\"fr-FR\"},{\"@type\":\"Organization\",\"@id\":\"https:\\\/\\\/maison-chance.org\\\/fr#organization\",\"name\":\"https:\\\/\\\/maison-chance.org\\\/\",\"url\":\"https:\\\/\\\/maison-chance.org\\\/fr\",\"logo\":{\"@type\":\"ImageObject\",\"inLanguage\":\"fr-FR\",\"@id\":\"https:\\\/\\\/maison-chance.org\\\/fr#\\\/schema\\\/logo\\\/image\\\/\",\"url\":\"https:\\\/\\\/maison-chance.org\\\/wp-content\\\/uploads\\\/2021\\\/09\\\/Featued-Logo-MC-1.jpg\",\"contentUrl\":\"https:\\\/\\\/maison-chance.org\\\/wp-content\\\/uploads\\\/2021\\\/09\\\/Featued-Logo-MC-1.jpg\",\"width\":500,\"height\":313,\"caption\":\"https:\\\/\\\/maison-chance.org\\\/\"},\"image\":{\"@id\":\"https:\\\/\\\/maison-chance.org\\\/fr#\\\/schema\\\/logo\\\/image\\\/\"},\"sameAs\":[\"https:\\\/\\\/www.facebook.com\\\/MaisonChance\",\"https:\\\/\\\/x.com\\\/MaisonChanceVN\",\"https:\\\/\\\/www.instagram.com\\\/maisonchance\\\/\",\"https:\\\/\\\/www.youtube.com\\\/c\\\/MaisonChanceVideo\"]}]}<\/script>\n<!-- \/ Yoast SEO plugin. -->","yoast_head_json":{"title":"Enseignement | Association Maison Chance","description":"Vietnam reste un pays relativement pauvre. La condition des personnes handicap\u00e9es et des enfants d\u00e9favoris\u00e9s est donc critique...","robots":{"index":"index","follow":"follow","max-snippet":"max-snippet:-1","max-image-preview":"max-image-preview:large","max-video-preview":"max-video-preview:-1"},"canonical":"https:\/\/maison-chance.org\/fr\/programmes-et-activites\/enseignement","og_locale":"fr_FR","og_type":"article","og_title":"Enseignement | Association Maison Chance","og_description":"Vietnam reste un pays relativement pauvre. La condition des personnes handicap\u00e9es et des enfants d\u00e9favoris\u00e9s est donc critique...","og_url":"https:\/\/maison-chance.org\/fr\/programmes-et-activites\/enseignement","og_site_name":"Maison Chance Association","article_publisher":"https:\/\/www.facebook.com\/MaisonChance","article_modified_time":"2025-12-16T02:40:05+00:00","og_image":[{"width":1000,"height":563,"url":"https:\/\/maison-chance.org\/wp-content\/uploads\/2021\/09\/do-dau-chuyen-biet-dn.jpg","type":"image\/jpeg"}],"twitter_card":"summary_large_image","twitter_title":"Enseignement | Association Maison Chance","twitter_description":"Vietnam reste un pays relativement pauvre. La condition des personnes handicap\u00e9es et des enfants d\u00e9favoris\u00e9s est donc critique...","twitter_image":"https:\/\/maison-chance.org\/wp-content\/uploads\/2021\/09\/do-dau-chuyen-biet-dn.jpg","twitter_site":"@MaisonChanceVN","twitter_misc":{"Dur\u00e9e de lecture estim\u00e9e":"4 minutes"},"schema":{"@context":"https:\/\/schema.org","@graph":[{"@type":"WebPage","@id":"https:\/\/maison-chance.org\/fr\/programmes-et-activites\/enseignement","url":"https:\/\/maison-chance.org\/fr\/programmes-et-activites\/enseignement","name":"Enseignement | Association Maison Chance","isPartOf":{"@id":"https:\/\/maison-chance.org\/fr#website"},"primaryImageOfPage":{"@id":"https:\/\/maison-chance.org\/fr\/programmes-et-activites\/enseignement#primaryimage"},"image":{"@id":"https:\/\/maison-chance.org\/fr\/programmes-et-activites\/enseignement#primaryimage"},"thumbnailUrl":"https:\/\/maison-chance.org\/wp-content\/uploads\/2021\/09\/do-dau-chuyen-biet-dn.jpg","datePublished":"2021-10-04T07:56:54+00:00","dateModified":"2025-12-16T02:40:05+00:00","description":"Vietnam reste un pays relativement pauvre. La condition des personnes handicap\u00e9es et des enfants d\u00e9favoris\u00e9s est donc critique...","breadcrumb":{"@id":"https:\/\/maison-chance.org\/fr\/programmes-et-activites\/enseignement#breadcrumb"},"inLanguage":"fr-FR","potentialAction":[{"@type":"ReadAction","target":["https:\/\/maison-chance.org\/fr\/programmes-et-activites\/enseignement"]}]},{"@type":"ImageObject","inLanguage":"fr-FR","@id":"https:\/\/maison-chance.org\/fr\/programmes-et-activites\/enseignement#primaryimage","url":"https:\/\/maison-chance.org\/wp-content\/uploads\/2021\/09\/do-dau-chuyen-biet-dn.jpg","contentUrl":"https:\/\/maison-chance.org\/wp-content\/uploads\/2021\/09\/do-dau-chuyen-biet-dn.jpg","width":1000,"height":563},{"@type":"BreadcrumbList","@id":"https:\/\/maison-chance.org\/fr\/programmes-et-activites\/enseignement#breadcrumb","itemListElement":[{"@type":"ListItem","position":1,"name":"Programmes et Activit\u00e9s","item":"https:\/\/maison-chance.org\/fr\/programmes-et-activites"},{"@type":"ListItem","position":2,"name":"Enseignement"}]},{"@type":"WebSite","@id":"https:\/\/maison-chance.org\/fr#website","url":"https:\/\/maison-chance.org\/fr","name":"https:\/\/maison-chance.org\/","description":"Un avenir pour les moins chanceaux au Vietnam !","publisher":{"@id":"https:\/\/maison-chance.org\/fr#organization"},"potentialAction":[{"@type":"SearchAction","target":{"@type":"EntryPoint","urlTemplate":"https:\/\/maison-chance.org\/fr?s={search_term_string}"},"query-input":{"@type":"PropertyValueSpecification","valueRequired":true,"valueName":"search_term_string"}}],"inLanguage":"fr-FR"},{"@type":"Organization","@id":"https:\/\/maison-chance.org\/fr#organization","name":"https:\/\/maison-chance.org\/","url":"https:\/\/maison-chance.org\/fr","logo":{"@type":"ImageObject","inLanguage":"fr-FR","@id":"https:\/\/maison-chance.org\/fr#\/schema\/logo\/image\/","url":"https:\/\/maison-chance.org\/wp-content\/uploads\/2021\/09\/Featued-Logo-MC-1.jpg","contentUrl":"https:\/\/maison-chance.org\/wp-content\/uploads\/2021\/09\/Featued-Logo-MC-1.jpg","width":500,"height":313,"caption":"https:\/\/maison-chance.org\/"},"image":{"@id":"https:\/\/maison-chance.org\/fr#\/schema\/logo\/image\/"},"sameAs":["https:\/\/www.facebook.com\/MaisonChance","https:\/\/x.com\/MaisonChanceVN","https:\/\/www.instagram.com\/maisonchance\/","https:\/\/www.youtube.com\/c\/MaisonChanceVideo"]}]}},"campaignId":"","_links":{"self":[{"href":"https:\/\/maison-chance.org\/fr\/wp-json\/wp\/v2\/pages\/2556","targetHints":{"allow":["GET"]}}],"collection":[{"href":"https:\/\/maison-chance.org\/fr\/wp-json\/wp\/v2\/pages"}],"about":[{"href":"https:\/\/maison-chance.org\/fr\/wp-json\/wp\/v2\/types\/page"}],"author":[{"embeddable":true,"href":"https:\/\/maison-chance.org\/fr\/wp-json\/wp\/v2\/users\/1"}],"replies":[{"embeddable":true,"href":"https:\/\/maison-chance.org\/fr\/wp-json\/wp\/v2\/comments?post=2556"}],"version-history":[{"count":10,"href":"https:\/\/maison-chance.org\/fr\/wp-json\/wp\/v2\/pages\/2556\/revisions"}],"predecessor-version":[{"id":43005,"href":"https:\/\/maison-chance.org\/fr\/wp-json\/wp\/v2\/pages\/2556\/revisions\/43005"}],"up":[{"embeddable":true,"href":"https:\/\/maison-chance.org\/fr\/wp-json\/wp\/v2\/pages\/3369"}],"wp:featuredmedia":[{"embeddable":true,"href":"https:\/\/maison-chance.org\/fr\/wp-json\/wp\/v2\/media\/2071"}],"wp:attachment":[{"href":"https:\/\/maison-chance.org\/fr\/wp-json\/wp\/v2\/media?parent=2556"}],"curies":[{"name":"wp","href":"https:\/\/api.w.org\/{rel}","templated":true}]}}