{"id":2575,"date":"2021-10-04T09:02:10","date_gmt":"2021-10-04T09:02:10","guid":{"rendered":"https:\/\/maison-chance.org\/?page_id=2575"},"modified":"2025-11-20T15:15:21","modified_gmt":"2025-11-20T08:15:21","slug":"formation-professionnelle","status":"publish","type":"page","link":"https:\/\/maison-chance.org\/fr\/programmes-et-activites\/formation-professionnelle","title":{"rendered":"Formation professionnelle"},"content":{"rendered":"\t<div id=\"gap-50852615\" class=\"gap-element clearfix\" style=\"display:block; height:auto;\">\n\t\t\n<style>\n#gap-50852615 {\n  padding-top: 20px;\n}\n<\/style>\n\t<\/div>\n\t\n<div class=\"slider-wrapper relative\" id=\"slider-762329653\" >\n    <div class=\"slider slider-nav-circle slider-nav-large slider-nav-light slider-style-normal\"\n        data-flickity-options='{\n            \"cellAlign\": \"center\",\n            \"imagesLoaded\": true,\n            \"lazyLoad\": 1,\n            \"freeScroll\": false,\n            \"wrapAround\": true,\n            \"autoPlay\": 6000,\n            \"pauseAutoPlayOnHover\" : true,\n            \"prevNextButtons\": true,\n            \"contain\" : true,\n            \"adaptiveHeight\" : true,\n            \"dragThreshold\" : 10,\n            \"percentPosition\": true,\n            \"pageDots\": true,\n            \"rightToLeft\": false,\n            \"draggable\": true,\n            \"selectedAttraction\": 0.1,\n            \"parallax\" : 0,\n            \"friction\": 0.6        }'\n        >\n        \n\t<div class=\"img has-hover x md-x lg-x y md-y lg-y\" id=\"image_666696194\">\n\t\t\t\t\t\t\t\t<div class=\"img-inner dark\" >\n\t\t\t<img loading=\"lazy\" decoding=\"async\" width=\"1020\" height=\"595\" src=\"https:\/\/maison-chance.org\/wp-content\/uploads\/2021\/11\/Dao_Tao_Slider_01-1024x597.jpg\" class=\"attachment-large size-large\" alt=\"\" srcset=\"https:\/\/maison-chance.org\/wp-content\/uploads\/2021\/11\/Dao_Tao_Slider_01-1024x597.jpg 1024w, https:\/\/maison-chance.org\/wp-content\/uploads\/2021\/11\/Dao_Tao_Slider_01-300x175.jpg 300w, https:\/\/maison-chance.org\/wp-content\/uploads\/2021\/11\/Dao_Tao_Slider_01-768x448.jpg 768w, https:\/\/maison-chance.org\/wp-content\/uploads\/2021\/11\/Dao_Tao_Slider_01.jpg 1200w\" sizes=\"auto, (max-width: 1020px) 100vw, 1020px\" \/>\t\t\t\t\t\t\n\t\t\t\t\t<\/div>\n\t\t\t\t\t\t\t\t\n<style>\n#image_666696194 {\n  width: 100%;\n}\n<\/style>\n\t<\/div>\n\t\n\t<div class=\"img has-hover x md-x lg-x y md-y lg-y\" id=\"image_1459550605\">\n\t\t\t\t\t\t\t\t<div class=\"img-inner dark\" >\n\t\t\t<img loading=\"lazy\" decoding=\"async\" width=\"1020\" height=\"595\" src=\"https:\/\/maison-chance.org\/wp-content\/uploads\/2021\/11\/Dao_Tao_Slider_02-1024x597.jpg\" class=\"attachment-large size-large\" alt=\"\" srcset=\"https:\/\/maison-chance.org\/wp-content\/uploads\/2021\/11\/Dao_Tao_Slider_02-1024x597.jpg 1024w, https:\/\/maison-chance.org\/wp-content\/uploads\/2021\/11\/Dao_Tao_Slider_02-300x175.jpg 300w, https:\/\/maison-chance.org\/wp-content\/uploads\/2021\/11\/Dao_Tao_Slider_02-768x448.jpg 768w, https:\/\/maison-chance.org\/wp-content\/uploads\/2021\/11\/Dao_Tao_Slider_02.jpg 1200w\" sizes=\"auto, (max-width: 1020px) 100vw, 1020px\" \/>\t\t\t\t\t\t\n\t\t\t\t\t<\/div>\n\t\t\t\t\t\t\t\t\n<style>\n#image_1459550605 {\n  width: 100%;\n}\n<\/style>\n\t<\/div>\n\t\n\t<div class=\"img has-hover x md-x lg-x y md-y lg-y\" id=\"image_1540999392\">\n\t\t\t\t\t\t\t\t<div class=\"img-inner dark\" >\n\t\t\t<img loading=\"lazy\" decoding=\"async\" width=\"1020\" height=\"595\" src=\"https:\/\/maison-chance.org\/wp-content\/uploads\/2021\/11\/Dao_Tao_Slider_04-1024x597.jpg\" class=\"attachment-large size-large\" alt=\"\" srcset=\"https:\/\/maison-chance.org\/wp-content\/uploads\/2021\/11\/Dao_Tao_Slider_04-1024x597.jpg 1024w, https:\/\/maison-chance.org\/wp-content\/uploads\/2021\/11\/Dao_Tao_Slider_04-300x175.jpg 300w, https:\/\/maison-chance.org\/wp-content\/uploads\/2021\/11\/Dao_Tao_Slider_04-768x448.jpg 768w, https:\/\/maison-chance.org\/wp-content\/uploads\/2021\/11\/Dao_Tao_Slider_04.jpg 1200w\" sizes=\"auto, (max-width: 1020px) 100vw, 1020px\" \/>\t\t\t\t\t\t\n\t\t\t\t\t<\/div>\n\t\t\t\t\t\t\t\t\n<style>\n#image_1540999392 {\n  width: 100%;\n}\n<\/style>\n\t<\/div>\n\t\n     <\/div>\n\n     <div class=\"loading-spin dark large centered\"><\/div>\n\n\t<\/div>\n\n\n\n\t<section class=\"section\" id=\"section_809766455\">\n\t\t<div class=\"section-bg fill\" >\n\t\t\t\t\t\t\t\t\t\n\t\t\t\n\n\t\t<\/div>\n\n\t\t\n\n\t\t<div class=\"section-content relative\">\n\t\t\t\n<p style=\"text-align: justify;\"><span style=\"font-family: arial, helvetica, sans-serif; font-size: 11;\">Inaugur\u00e9 le 18 f\u00e9vrier 2006, le <a href=\"https:\/\/maison-chance.org\/fr\/a-propos-de-nous\/centre-envol\"><strong data-start=\"261\" data-end=\"277\">Centre Envol<\/strong><\/a> s\u2019\u00e9tend sur 1 200 m\u00b2. Construit sur deux \u00e9tages en forme de U, il comprend des salles dispos\u00e9es autour d\u2019une grande salle polyvalente. Le b\u00e2timent a \u00e9t\u00e9 sp\u00e9cialement pens\u00e9 pour les personnes en situation de handicap : des rampes permettent aux apprenants en fauteuil roulant de se d\u00e9placer facilement entre les \u00e9tages.<\/span><\/p>\n<p style=\"text-align: justify;\"><span style=\"font-family: arial, helvetica, sans-serif; font-size: 11;\">C\u2019est ici que les b\u00e9n\u00e9ficiaires apprennent un m\u00e9tier adapt\u00e9 \u00e0 leurs capacit\u00e9s, acqui\u00e8rent de l\u2019exp\u00e9rience et se pr\u00e9parent \u00e0 leur r\u00e9insertion dans la communaut\u00e9. Le Centre Envol accueille \u00e9galement le si\u00e8ge administratif principal de Maison Chance, o\u00f9 se d\u00e9roulent la gestion des activit\u00e9s, la coordination des projets et l\u2019accueil des visiteurs..<\/span><\/p>\n<div class=\"row\"  id=\"row-1329221376\">\n\n\t<div id=\"col-1071592571\" class=\"col medium-6 small-12 large-6\"  >\n\t\t\t\t<div class=\"col-inner\" style=\"background-color:rgb(240, 247, 251);\" >\n\t\t\t\n\t\t\t\n<div class=\"container section-title-container\" ><h3 class=\"section-title section-title-center\"><b aria-hidden=\"true\"><\/b><span class=\"section-title-main\" >Atelier de peinture<\/span><b aria-hidden=\"true\"><\/b><\/h3><\/div>\n\t<div class=\"img has-hover x md-x lg-x y md-y lg-y\" id=\"image_1000869706\">\n\t\t\t\t\t\t\t\t<div class=\"img-inner dark\" >\n\t\t\t<img loading=\"lazy\" decoding=\"async\" width=\"500\" height=\"360\" src=\"https:\/\/maison-chance.org\/wp-content\/uploads\/2025\/01\/banner-hoi-hoa-2025.jpg\" class=\"attachment-original size-original\" alt=\"\" srcset=\"https:\/\/maison-chance.org\/wp-content\/uploads\/2025\/01\/banner-hoi-hoa-2025.jpg 500w, https:\/\/maison-chance.org\/wp-content\/uploads\/2025\/01\/banner-hoi-hoa-2025-300x216.jpg 300w\" sizes=\"auto, (max-width: 500px) 100vw, 500px\" \/>\t\t\t\t\t\t\n\t\t\t\t\t<\/div>\n\t\t\t\t\t\t\t\t\n<style>\n#image_1000869706 {\n  width: 100%;\n}\n<\/style>\n\t<\/div>\n\t\n<p style=\"text-align: justify;\"><span style=\"font-family: arial, helvetica, sans-serif; font-size: 11;\">\u00c0 l\u2019origine, l\u2019atelier de peinture permettait aux apprenants d\u2019exprimer leurs \u00e9motions et de raconter leurs histoires \u00e0 travers l\u2019art. Aujourd\u2019hui, il s\u2019est transform\u00e9 en v\u00e9ritable fili\u00e8re professionnelle, offrant des opportunit\u00e9s d\u2019apprentissage et de perfectionnement artistique. <br \/><\/span><\/p>\n<p style=\"text-align: justify;\"><span style=\"font-family: arial, helvetica, sans-serif; font-size: 11;\">Les apprenants d\u00e9butent avec les techniques de base des arts plastiques avant de passer \u00e0 la peinture \u00e0 l\u2019huile : cr\u00e9ations originales, copies, portraits, cartes de v\u0153ux ou commandes sp\u00e9ciales. Pour rester au go\u00fbt du jour, l\u2019atelier propose \u00e9galement des cours de <strong data-start=\"1538\" data-end=\"1557\">r\u00e9sine \u00e9poxy 3D<\/strong>, stimulant la cr\u00e9ativit\u00e9 des \u00e9l\u00e8ves et \u00e9largissant leurs perspectives professionnelles.<\/span><\/p>\n\t\t<\/div>\n\t\t\t\t\n<style>\n#col-1071592571 > .col-inner {\n  padding: 10% 10% 10% 10%;\n}\n<\/style>\n\t<\/div>\n\n\t\n\n\t<div id=\"col-1271293624\" class=\"col medium-6 small-12 large-6\"  >\n\t\t\t\t<div class=\"col-inner\" style=\"background-color:rgb(240, 247, 251);\" >\n\t\t\t\n\t\t\t\n<div class=\"container section-title-container\" ><h3 class=\"section-title section-title-center\"><b aria-hidden=\"true\"><\/b><span class=\"section-title-main\" >Couture et broderie<\/span><b aria-hidden=\"true\"><\/b><\/h3><\/div>\n\t<div class=\"img has-hover x md-x lg-x y md-y lg-y\" id=\"image_776797516\">\n\t\t\t\t\t\t\t\t<div class=\"img-inner dark\" >\n\t\t\t<img loading=\"lazy\" decoding=\"async\" width=\"500\" height=\"333\" src=\"https:\/\/maison-chance.org\/wp-content\/uploads\/2025\/01\/banner-may-mac-2025.jpg\" class=\"attachment-original size-original\" alt=\"\" srcset=\"https:\/\/maison-chance.org\/wp-content\/uploads\/2025\/01\/banner-may-mac-2025.jpg 500w, https:\/\/maison-chance.org\/wp-content\/uploads\/2025\/01\/banner-may-mac-2025-300x200.jpg 300w\" sizes=\"auto, (max-width: 500px) 100vw, 500px\" \/>\t\t\t\t\t\t\n\t\t\t\t\t<\/div>\n\t\t\t\t\t\t\t\t\n<style>\n#image_776797516 {\n  width: 100%;\n}\n<\/style>\n\t<\/div>\n\t\n<p style=\"text-align: justify;\"><span style=\"font-family: arial, helvetica, sans-serif; font-size: 11;\">L\u2019atelier couture forme les apprenants du niveau d\u00e9butant au niveau avanc\u00e9, leur permettant de concevoir un produit de A \u00e0 Z. Les cr\u00e9ations incluent peluches, v\u00eatements, sacs, trousses ou porte-cl\u00e9s. Chaque objet fabriqu\u00e9 repr\u00e9sente non seulement un produit concret, mais aussi une fiert\u00e9 personnelle pour les apprenants.<br \/><\/span><\/p>\n<p style=\"text-align: justify;\"><span style=\"font-family: arial, helvetica, sans-serif; font-size: 11;\">Les machines \u00e0 coudre sont adapt\u00e9es pour fonctionner avec les coudes ou sans l\u2019usage des jambes, afin que chacun puisse travailler efficacement. Les apprenants d\u00e9couvrent \u00e9galement la broderie manuelle, ouvrant la voie \u00e0 une cr\u00e9ativit\u00e9 plus pouss\u00e9e et \u00e0 une ma\u00eetrise artisanale plus compl\u00e8te..<\/span><\/p>\n<p>\u00a0<\/p>\n\t\t<\/div>\n\t\t\t\t\n<style>\n#col-1271293624 > .col-inner {\n  padding: 10% 10% 10% 10%;\n}\n<\/style>\n\t<\/div>\n\n\t\n\n\t<div id=\"col-377432678\" class=\"col medium-6 small-12 large-6\"  >\n\t\t\t\t<div class=\"col-inner\" style=\"background-color:rgb(240, 247, 251);\" >\n\t\t\t\n\t\t\t\n<div class=\"container section-title-container\" ><h3 class=\"section-title section-title-center\"><b aria-hidden=\"true\"><\/b><span class=\"section-title-main\" >INFORMATIQUE<\/span><b aria-hidden=\"true\"><\/b><\/h3><\/div>\n\t<div class=\"img has-hover x md-x lg-x y md-y lg-y\" id=\"image_1703679407\">\n\t\t\t\t\t\t\t\t<div class=\"img-inner dark\" >\n\t\t\t<img loading=\"lazy\" decoding=\"async\" width=\"500\" height=\"333\" src=\"https:\/\/maison-chance.org\/wp-content\/uploads\/2025\/01\/banner-tin-hoc-2025.jpg\" class=\"attachment-original size-original\" alt=\"\" srcset=\"https:\/\/maison-chance.org\/wp-content\/uploads\/2025\/01\/banner-tin-hoc-2025.jpg 500w, https:\/\/maison-chance.org\/wp-content\/uploads\/2025\/01\/banner-tin-hoc-2025-300x200.jpg 300w\" sizes=\"auto, (max-width: 500px) 100vw, 500px\" \/>\t\t\t\t\t\t\n\t\t\t\t\t<\/div>\n\t\t\t\t\t\t\t\t\n<style>\n#image_1703679407 {\n  width: 100%;\n}\n<\/style>\n\t<\/div>\n\t\n<p style=\"text-align: justify;\"><span style=\"font-family: arial, helvetica, sans-serif; font-size: 11;\">Pour les personnes aux quatre membres fragiles ou \u00e0 mobilit\u00e9 r\u00e9duite, l\u2019informatique constitue un domaine particuli\u00e8rement accessible. Avec un \u00e9cran, une souris adapt\u00e9e et quelques dispositifs sp\u00e9cialis\u00e9s, ils peuvent apprendre, cr\u00e9er et communiquer sans se d\u00e9placer.<br \/>Le programme suit une progression claire : initiation \u00e0 l\u2019ordinateur, apprentissage de logiciels de design tels que Photoshop et Illustrator, puis cr\u00e9ation de <strong data-start=\"2772\" data-end=\"2799\">sites web sur WordPress<\/strong>, offrant des opportunit\u00e9s concr\u00e8tes sur le march\u00e9 du travail. Certains apprenants ont ainsi pu int\u00e9grer l\u2019\u00e9quipe du Centre Envol ou travailler \u00e0 distance, transformant la technologie en outil d\u2019inclusion et de valorisation personnelle.<br \/><\/span><\/p>\n\t\t<\/div>\n\t\t\t\t\n<style>\n#col-377432678 > .col-inner {\n  padding: 10% 10% 10% 10%;\n}\n<\/style>\n\t<\/div>\n\n\t\n\n\t<div id=\"col-447590172\" class=\"col medium-6 small-12 large-6\"  >\n\t\t\t\t<div class=\"col-inner\" style=\"background-color:rgb(240, 247, 251);\" >\n\t\t\t\n\t\t\t\n<div class=\"container section-title-container\" ><h3 class=\"section-title section-title-center\"><b aria-hidden=\"true\"><\/b><span class=\"section-title-main\" >Artisanat &amp; sculpture sur pierre<\/span><b aria-hidden=\"true\"><\/b><\/h3><\/div>\n\t<div class=\"img has-hover x md-x lg-x y md-y lg-y\" id=\"image_867231640\">\n\t\t\t\t\t\t\t\t<div class=\"img-inner dark\" >\n\t\t\t<img loading=\"lazy\" decoding=\"async\" width=\"500\" height=\"333\" src=\"https:\/\/maison-chance.org\/wp-content\/uploads\/2025\/01\/banner-da-quy-2025.jpg\" class=\"attachment-original size-original\" alt=\"\" srcset=\"https:\/\/maison-chance.org\/wp-content\/uploads\/2025\/01\/banner-da-quy-2025.jpg 500w, https:\/\/maison-chance.org\/wp-content\/uploads\/2025\/01\/banner-da-quy-2025-300x200.jpg 300w\" sizes=\"auto, (max-width: 500px) 100vw, 500px\" \/>\t\t\t\t\t\t\n\t\t\t\t\t<\/div>\n\t\t\t\t\t\t\t\t\n<style>\n#image_867231640 {\n  width: 100%;\n}\n<\/style>\n\t<\/div>\n\t\n<p style=\"text-align: justify;\"><span style=\"font-family: arial, helvetica, sans-serif; font-size: 11;\">La sculpture sur pierre pr\u00e9cieuse, de la s\u00e9lection des blocs \u00e0 la mise en forme finale, consiste \u00e0 transformer la mati\u00e8re brute en \u0153uvres raffin\u00e9es ou bijoux uniques. Cet art exige pr\u00e9cision, sens esth\u00e9tique et patience.<\/span><\/p>\n<p style=\"text-align: justify;\"><span style=\"font-family: arial, helvetica, sans-serif; font-size: 11;\">L\u2019activit\u00e9 se pratique enti\u00e8rement en position assise, ce qui la rend adapt\u00e9e aux personnes en fauteuil roulant disposant d\u2019une bonne mobilit\u00e9 des mains. Elle permet aux membres de d\u00e9velopper leur sens artistique, leur patience et de cr\u00e9er des pi\u00e8ces uniques sign\u00e9es de leur propre main.<\/span><\/p>\n\t\t<\/div>\n\t\t\t\t\n<style>\n#col-447590172 > .col-inner {\n  padding: 10% 10% 10% 10%;\n}\n<\/style>\n\t<\/div>\n\n\t\n<\/div>\n\t\t<\/div>\n\n\t\t\n<style>\n#section_809766455 {\n  padding-top: 30px;\n  padding-bottom: 30px;\n}\n<\/style>\n\t<\/section>\n\t\n","protected":false},"excerpt":{"rendered":"","protected":false},"author":1,"featured_media":1578,"parent":3369,"menu_order":0,"comment_status":"closed","ping_status":"closed","template":"","meta":{"give_campaign_id":0,"footnotes":""},"class_list":["post-2575","page","type-page","status-publish","has-post-thumbnail","hentry"],"yoast_head":"<!-- This site is optimized with the Yoast SEO plugin v27.2 - https:\/\/yoast.com\/product\/yoast-seo-wordpress\/ -->\n<title>Formation professionnelle | Association Maison Chance<\/title>\n<meta name=\"description\" content=\"Maison Chance forme des m\u00e9tiers tels que : la couture, le dessin, la joaillerie, les pierres pr\u00e9cieuses et l&#039;informatique...\" \/>\n<meta name=\"robots\" content=\"index, follow, max-snippet:-1, max-image-preview:large, max-video-preview:-1\" \/>\n<link rel=\"canonical\" href=\"https:\/\/maison-chance.org\/fr\/programmes-et-activites\/formation-professionnelle\" \/>\n<meta property=\"og:locale\" content=\"fr_FR\" \/>\n<meta property=\"og:type\" content=\"article\" \/>\n<meta property=\"og:title\" content=\"Formation professionnelle | Association Maison Chance\" \/>\n<meta property=\"og:description\" content=\"Maison Chance forme des m\u00e9tiers tels que : la couture, le dessin, la joaillerie, les pierres pr\u00e9cieuses et l&#039;informatique...\" \/>\n<meta property=\"og:url\" content=\"https:\/\/maison-chance.org\/fr\/programmes-et-activites\/formation-professionnelle\" \/>\n<meta property=\"og:site_name\" content=\"Maison Chance Association\" \/>\n<meta property=\"article:publisher\" content=\"https:\/\/www.facebook.com\/MaisonChance\" \/>\n<meta property=\"article:modified_time\" content=\"2025-11-20T08:15:21+00:00\" \/>\n<meta property=\"og:image\" content=\"https:\/\/maison-chance.org\/wp-content\/uploads\/2021\/09\/dao-tao-1.jpg\" \/>\n\t<meta property=\"og:image:width\" content=\"400\" \/>\n\t<meta property=\"og:image:height\" content=\"266\" \/>\n\t<meta property=\"og:image:type\" content=\"image\/jpeg\" \/>\n<meta name=\"twitter:card\" content=\"summary_large_image\" \/>\n<meta name=\"twitter:title\" content=\"Formation professionnelle | Association Maison Chance\" \/>\n<meta name=\"twitter:description\" content=\"Maison Chance forme des m\u00e9tiers tels que : la couture, le dessin, la joaillerie, les pierres pr\u00e9cieuses et l&#039;informatique...\" \/>\n<meta name=\"twitter:image\" content=\"https:\/\/maison-chance.org\/wp-content\/uploads\/2021\/09\/dao-tao-1.jpg\" \/>\n<meta name=\"twitter:site\" content=\"@MaisonChanceVN\" \/>\n<meta name=\"twitter:label1\" content=\"Dur\u00e9e de lecture estim\u00e9e\" \/>\n\t<meta name=\"twitter:data1\" content=\"5 minutes\" \/>\n<script type=\"application\/ld+json\" class=\"yoast-schema-graph\">{\"@context\":\"https:\/\/schema.org\",\"@graph\":[{\"@type\":\"WebPage\",\"@id\":\"https:\/\/maison-chance.org\/fr\/programmes-et-activites\/formation-professionnelle\",\"url\":\"https:\/\/maison-chance.org\/fr\/programmes-et-activites\/formation-professionnelle\",\"name\":\"Formation professionnelle | Association Maison Chance\",\"isPartOf\":{\"@id\":\"https:\/\/maison-chance.org\/fr#website\"},\"primaryImageOfPage\":{\"@id\":\"https:\/\/maison-chance.org\/fr\/programmes-et-activites\/formation-professionnelle#primaryimage\"},\"image\":{\"@id\":\"https:\/\/maison-chance.org\/fr\/programmes-et-activites\/formation-professionnelle#primaryimage\"},\"thumbnailUrl\":\"https:\/\/maison-chance.org\/wp-content\/uploads\/2021\/09\/dao-tao-1.jpg\",\"datePublished\":\"2021-10-04T09:02:10+00:00\",\"dateModified\":\"2025-11-20T08:15:21+00:00\",\"description\":\"Maison Chance forme des m\u00e9tiers tels que : la couture, le dessin, la joaillerie, les pierres pr\u00e9cieuses et l'informatique...\",\"breadcrumb\":{\"@id\":\"https:\/\/maison-chance.org\/fr\/programmes-et-activites\/formation-professionnelle#breadcrumb\"},\"inLanguage\":\"fr-FR\",\"potentialAction\":[{\"@type\":\"ReadAction\",\"target\":[\"https:\/\/maison-chance.org\/fr\/programmes-et-activites\/formation-professionnelle\"]}]},{\"@type\":\"ImageObject\",\"inLanguage\":\"fr-FR\",\"@id\":\"https:\/\/maison-chance.org\/fr\/programmes-et-activites\/formation-professionnelle#primaryimage\",\"url\":\"https:\/\/maison-chance.org\/wp-content\/uploads\/2021\/09\/dao-tao-1.jpg\",\"contentUrl\":\"https:\/\/maison-chance.org\/wp-content\/uploads\/2021\/09\/dao-tao-1.jpg\",\"width\":400,\"height\":266},{\"@type\":\"BreadcrumbList\",\"@id\":\"https:\/\/maison-chance.org\/fr\/programmes-et-activites\/formation-professionnelle#breadcrumb\",\"itemListElement\":[{\"@type\":\"ListItem\",\"position\":1,\"name\":\"Programmes et Activit\u00e9s\",\"item\":\"https:\/\/maison-chance.org\/fr\/programmes-et-activites\"},{\"@type\":\"ListItem\",\"position\":2,\"name\":\"Formation professionnelle\"}]},{\"@type\":\"WebSite\",\"@id\":\"https:\/\/maison-chance.org\/fr#website\",\"url\":\"https:\/\/maison-chance.org\/fr\",\"name\":\"https:\/\/maison-chance.org\/\",\"description\":\"Un avenir pour les moins chanceaux au Vietnam !\",\"publisher\":{\"@id\":\"https:\/\/maison-chance.org\/fr#organization\"},\"potentialAction\":[{\"@type\":\"SearchAction\",\"target\":{\"@type\":\"EntryPoint\",\"urlTemplate\":\"https:\/\/maison-chance.org\/fr?s={search_term_string}\"},\"query-input\":{\"@type\":\"PropertyValueSpecification\",\"valueRequired\":true,\"valueName\":\"search_term_string\"}}],\"inLanguage\":\"fr-FR\"},{\"@type\":\"Organization\",\"@id\":\"https:\/\/maison-chance.org\/fr#organization\",\"name\":\"https:\/\/maison-chance.org\/\",\"url\":\"https:\/\/maison-chance.org\/fr\",\"logo\":{\"@type\":\"ImageObject\",\"inLanguage\":\"fr-FR\",\"@id\":\"https:\/\/maison-chance.org\/fr#\/schema\/logo\/image\/\",\"url\":\"https:\/\/maison-chance.org\/wp-content\/uploads\/2021\/09\/Featued-Logo-MC-1.jpg\",\"contentUrl\":\"https:\/\/maison-chance.org\/wp-content\/uploads\/2021\/09\/Featued-Logo-MC-1.jpg\",\"width\":500,\"height\":313,\"caption\":\"https:\/\/maison-chance.org\/\"},\"image\":{\"@id\":\"https:\/\/maison-chance.org\/fr#\/schema\/logo\/image\/\"},\"sameAs\":[\"https:\/\/www.facebook.com\/MaisonChance\",\"https:\/\/x.com\/MaisonChanceVN\",\"https:\/\/www.instagram.com\/maisonchance\/\",\"https:\/\/www.youtube.com\/c\/MaisonChanceVideo\"]}]}<\/script>\n<!-- \/ Yoast SEO plugin. -->","yoast_head_json":{"title":"Formation professionnelle | Association Maison Chance","description":"Maison Chance forme des m\u00e9tiers tels que : la couture, le dessin, la joaillerie, les pierres pr\u00e9cieuses et l'informatique...","robots":{"index":"index","follow":"follow","max-snippet":"max-snippet:-1","max-image-preview":"max-image-preview:large","max-video-preview":"max-video-preview:-1"},"canonical":"https:\/\/maison-chance.org\/fr\/programmes-et-activites\/formation-professionnelle","og_locale":"fr_FR","og_type":"article","og_title":"Formation professionnelle | Association Maison Chance","og_description":"Maison Chance forme des m\u00e9tiers tels que : la couture, le dessin, la joaillerie, les pierres pr\u00e9cieuses et l'informatique...","og_url":"https:\/\/maison-chance.org\/fr\/programmes-et-activites\/formation-professionnelle","og_site_name":"Maison Chance Association","article_publisher":"https:\/\/www.facebook.com\/MaisonChance","article_modified_time":"2025-11-20T08:15:21+00:00","og_image":[{"width":400,"height":266,"url":"https:\/\/maison-chance.org\/wp-content\/uploads\/2021\/09\/dao-tao-1.jpg","type":"image\/jpeg"}],"twitter_card":"summary_large_image","twitter_title":"Formation professionnelle | Association Maison Chance","twitter_description":"Maison Chance forme des m\u00e9tiers tels que : la couture, le dessin, la joaillerie, les pierres pr\u00e9cieuses et l'informatique...","twitter_image":"https:\/\/maison-chance.org\/wp-content\/uploads\/2021\/09\/dao-tao-1.jpg","twitter_site":"@MaisonChanceVN","twitter_misc":{"Dur\u00e9e de lecture estim\u00e9e":"5 minutes"},"schema":{"@context":"https:\/\/schema.org","@graph":[{"@type":"WebPage","@id":"https:\/\/maison-chance.org\/fr\/programmes-et-activites\/formation-professionnelle","url":"https:\/\/maison-chance.org\/fr\/programmes-et-activites\/formation-professionnelle","name":"Formation professionnelle | Association Maison Chance","isPartOf":{"@id":"https:\/\/maison-chance.org\/fr#website"},"primaryImageOfPage":{"@id":"https:\/\/maison-chance.org\/fr\/programmes-et-activites\/formation-professionnelle#primaryimage"},"image":{"@id":"https:\/\/maison-chance.org\/fr\/programmes-et-activites\/formation-professionnelle#primaryimage"},"thumbnailUrl":"https:\/\/maison-chance.org\/wp-content\/uploads\/2021\/09\/dao-tao-1.jpg","datePublished":"2021-10-04T09:02:10+00:00","dateModified":"2025-11-20T08:15:21+00:00","description":"Maison Chance forme des m\u00e9tiers tels que : la couture, le dessin, la joaillerie, les pierres pr\u00e9cieuses et l'informatique...","breadcrumb":{"@id":"https:\/\/maison-chance.org\/fr\/programmes-et-activites\/formation-professionnelle#breadcrumb"},"inLanguage":"fr-FR","potentialAction":[{"@type":"ReadAction","target":["https:\/\/maison-chance.org\/fr\/programmes-et-activites\/formation-professionnelle"]}]},{"@type":"ImageObject","inLanguage":"fr-FR","@id":"https:\/\/maison-chance.org\/fr\/programmes-et-activites\/formation-professionnelle#primaryimage","url":"https:\/\/maison-chance.org\/wp-content\/uploads\/2021\/09\/dao-tao-1.jpg","contentUrl":"https:\/\/maison-chance.org\/wp-content\/uploads\/2021\/09\/dao-tao-1.jpg","width":400,"height":266},{"@type":"BreadcrumbList","@id":"https:\/\/maison-chance.org\/fr\/programmes-et-activites\/formation-professionnelle#breadcrumb","itemListElement":[{"@type":"ListItem","position":1,"name":"Programmes et Activit\u00e9s","item":"https:\/\/maison-chance.org\/fr\/programmes-et-activites"},{"@type":"ListItem","position":2,"name":"Formation professionnelle"}]},{"@type":"WebSite","@id":"https:\/\/maison-chance.org\/fr#website","url":"https:\/\/maison-chance.org\/fr","name":"https:\/\/maison-chance.org\/","description":"Un avenir pour les moins chanceaux au Vietnam !","publisher":{"@id":"https:\/\/maison-chance.org\/fr#organization"},"potentialAction":[{"@type":"SearchAction","target":{"@type":"EntryPoint","urlTemplate":"https:\/\/maison-chance.org\/fr?s={search_term_string}"},"query-input":{"@type":"PropertyValueSpecification","valueRequired":true,"valueName":"search_term_string"}}],"inLanguage":"fr-FR"},{"@type":"Organization","@id":"https:\/\/maison-chance.org\/fr#organization","name":"https:\/\/maison-chance.org\/","url":"https:\/\/maison-chance.org\/fr","logo":{"@type":"ImageObject","inLanguage":"fr-FR","@id":"https:\/\/maison-chance.org\/fr#\/schema\/logo\/image\/","url":"https:\/\/maison-chance.org\/wp-content\/uploads\/2021\/09\/Featued-Logo-MC-1.jpg","contentUrl":"https:\/\/maison-chance.org\/wp-content\/uploads\/2021\/09\/Featued-Logo-MC-1.jpg","width":500,"height":313,"caption":"https:\/\/maison-chance.org\/"},"image":{"@id":"https:\/\/maison-chance.org\/fr#\/schema\/logo\/image\/"},"sameAs":["https:\/\/www.facebook.com\/MaisonChance","https:\/\/x.com\/MaisonChanceVN","https:\/\/www.instagram.com\/maisonchance\/","https:\/\/www.youtube.com\/c\/MaisonChanceVideo"]}]}},"campaignId":"","_links":{"self":[{"href":"https:\/\/maison-chance.org\/fr\/wp-json\/wp\/v2\/pages\/2575","targetHints":{"allow":["GET"]}}],"collection":[{"href":"https:\/\/maison-chance.org\/fr\/wp-json\/wp\/v2\/pages"}],"about":[{"href":"https:\/\/maison-chance.org\/fr\/wp-json\/wp\/v2\/types\/page"}],"author":[{"embeddable":true,"href":"https:\/\/maison-chance.org\/fr\/wp-json\/wp\/v2\/users\/1"}],"replies":[{"embeddable":true,"href":"https:\/\/maison-chance.org\/fr\/wp-json\/wp\/v2\/comments?post=2575"}],"version-history":[{"count":24,"href":"https:\/\/maison-chance.org\/fr\/wp-json\/wp\/v2\/pages\/2575\/revisions"}],"predecessor-version":[{"id":42992,"href":"https:\/\/maison-chance.org\/fr\/wp-json\/wp\/v2\/pages\/2575\/revisions\/42992"}],"up":[{"embeddable":true,"href":"https:\/\/maison-chance.org\/fr\/wp-json\/wp\/v2\/pages\/3369"}],"wp:featuredmedia":[{"embeddable":true,"href":"https:\/\/maison-chance.org\/fr\/wp-json\/wp\/v2\/media\/1578"}],"wp:attachment":[{"href":"https:\/\/maison-chance.org\/fr\/wp-json\/wp\/v2\/media?parent=2575"}],"curies":[{"name":"wp","href":"https:\/\/api.w.org\/{rel}","templated":true}]}}