{"id":2661,"date":"2021-10-05T09:15:52","date_gmt":"2021-10-05T09:15:52","guid":{"rendered":"https:\/\/maison-chance.org\/?page_id=2661"},"modified":"2025-07-03T16:34:45","modified_gmt":"2025-07-03T09:34:45","slug":"maison-chance-canada","status":"publish","type":"page","link":"https:\/\/maison-chance.org\/fr\/maison-chance-international\/maison-chance-canada","title":{"rendered":"Maison Chance Canada"},"content":{"rendered":"\n\t<section class=\"section\" id=\"section_329395999\">\n\t\t<div class=\"section-bg fill\" >\n\t\t\t\t\t\t\t\t\t\n\t\t\t\n\n\t\t<\/div>\n\n\t\t\n\n\t\t<div class=\"section-content relative\">\n\t\t\t\n\n  <div class=\"banner has-hover\" id=\"banner-802308219\">\n          <div class=\"banner-inner fill\">\n        <div class=\"banner-bg fill\" >\n            <img loading=\"lazy\" decoding=\"async\" width=\"800\" height=\"531\" src=\"https:\/\/maison-chance.org\/wp-content\/uploads\/2021\/09\/Maison-Chance-Canada.jpg\" class=\"bg attachment-large size-large\" alt=\"\" \/>                                    \n                    <\/div>\n\t\t\n        <div class=\"banner-layers container\">\n            <div class=\"fill banner-link\"><\/div>            \n   <div id=\"text-box-2130423533\" class=\"text-box banner-layer x50 md-x50 lg-x50 y50 md-y50 lg-y50 res-text\">\n                                <div class=\"text-box-content text dark\">\n              \n              <div class=\"text-inner text-center\">\n                  \n\t<div id=\"text-1645649250\" class=\"text title-dau-trang\">\n\t\t\n<h3 class=\"uppercase\"><strong>LES B\u00c9N\u00c9VOLES TRAVAILLENT POUR MAISON CHANCE CANADA<\/strong><\/h3>\n\t\t\t<\/div>\n\t\n\t<div id=\"gap-1315598914\" class=\"gap-element clearfix\" style=\"display:block; height:auto;\">\n\t\t\n<style>\n#gap-1315598914 {\n  padding-top: 80px;\n}\n<\/style>\n\t<\/div>\n\t\n              <\/div>\n           <\/div>\n                            \n<style>\n#text-box-2130423533 {\n  width: 60%;\n}\n#text-box-2130423533 .text-box-content {\n  font-size: 100%;\n}\n<\/style>\n    <\/div>\n \n        <\/div>\n      <\/div>\n\n            \n<style>\n#banner-802308219 {\n  padding-top: 400px;\n}\n<\/style>\n  <\/div>\n\n\n\t<div id=\"gap-839327038\" class=\"gap-element clearfix\" style=\"display:block; height:auto;\">\n\t\t\n<style>\n#gap-839327038 {\n  padding-top: 20px;\n}\n<\/style>\n\t<\/div>\n\t\n\t<div class=\"img has-hover x md-x lg-x y md-y lg-y\" id=\"image_1988897910\">\n\t\t\t\t\t\t\t\t<div class=\"img-inner dark\" >\n\t\t\t<img loading=\"lazy\" decoding=\"async\" width=\"1020\" height=\"205\" src=\"https:\/\/maison-chance.org\/wp-content\/uploads\/2025\/07\/Contact-List-MCCANADA-2025_FR-1024x206.png\" class=\"attachment-large size-large\" alt=\"\" srcset=\"https:\/\/maison-chance.org\/wp-content\/uploads\/2025\/07\/Contact-List-MCCANADA-2025_FR-1024x206.png 1024w, https:\/\/maison-chance.org\/wp-content\/uploads\/2025\/07\/Contact-List-MCCANADA-2025_FR-300x60.png 300w, https:\/\/maison-chance.org\/wp-content\/uploads\/2025\/07\/Contact-List-MCCANADA-2025_FR-768x155.png 768w, https:\/\/maison-chance.org\/wp-content\/uploads\/2025\/07\/Contact-List-MCCANADA-2025_FR-1536x310.png 1536w, https:\/\/maison-chance.org\/wp-content\/uploads\/2025\/07\/Contact-List-MCCANADA-2025_FR.png 1592w\" sizes=\"auto, (max-width: 1020px) 100vw, 1020px\" \/>\t\t\t\t\t\t\n\t\t\t\t\t<\/div>\n\t\t\t\t\t\t\t\t\n<style>\n#image_1988897910 {\n  width: 100%;\n}\n<\/style>\n\t<\/div>\n\t\n\t<div id=\"gap-337754822\" class=\"gap-element clearfix\" style=\"display:block; height:auto;\">\n\t\t\n<style>\n#gap-337754822 {\n  padding-top: 20px;\n}\n<\/style>\n\t<\/div>\n\t\n\t<div id=\"text-3846817453\" class=\"text\">\n\t\t\n<h2 style=\"text-align: center;\"><span style=\"color: #007cba;\">NOS MISSIONS<\/span><\/h2>\n\t\t\n<style>\n#text-3846817453 {\n  text-align: center;\n}\n<\/style>\n\t<\/div>\n\t\n<p style=\"text-align: justify;\"><span style=\"font-size: 12pt; font-family: arial,helvetica,sans-serif;\">L\u2019Association Maison Chance Canada a \u00e9t\u00e9 cr\u00e9\u00e9e en 2008. Elle poss\u00e8de un permis d\u2019exercice sur tout le territoire canadien et a des repr\u00e9sentants officiels dans les villes de Montr\u00e9al, Toronto, Ottawa et Vancouver.<\/span><\/p>\n<p style=\"text-align: justify;\"><span style=\"font-size: 12pt; font-family: arial, helvetica, sans-serif; color: #007cba;\"><strong>Nos activit\u00e9s permettent de :<\/strong><\/span><\/p>\n<ul>\n<li>Faire le pont entre la communaut\u00e9 vietnamienne au Canada et l\u2019organisme Maison Chance Vietnam, en tenant ses membres inform\u00e9s des diff\u00e9rentes actions mises en place.<\/li>\n<li>Solliciter une contribution mensuelle ou annuelle de membres bienfaiteurs ou de toute autre cat\u00e9gorie qui a le souci d\u2019aider Maison Chance dans ses actions.<\/li>\n<li>Lever des fonds pour les nouveaux projets de l\u2019association.<\/li>\n<\/ul>\n<p style=\"text-align: justify;\"><span style=\"font-size: 12pt; font-family: arial,helvetica,sans-serif;\">Parall\u00e8lement aux activit\u00e9s de lev\u00e9e de fonds, Maison Chance Canada g\u00e8re \u00e9troitement les activit\u00e9s de Maison Chance Vietnam, comme stipul\u00e9 dans les r\u00e8glements et conditions de l\u2019Agence canadienne du Revenu.<\/span><\/p>\n<p style=\"text-align: justify;\"><span style=\"font-size: 12pt; font-family: arial, helvetica, sans-serif; color: #007cba;\"><strong>Code de conduite <\/strong><\/span><\/p>\n<p style=\"text-align: justify;\"><span style=\"font-size: 12pt; font-family: arial,helvetica,sans-serif;\">L\u2019Association Maison Chance Canada est :<\/span><\/p>\n<ul>\n<li>Un organisme ind\u00e9pendant et autonome<\/li>\n<li>Guid\u00e9e par une vision humanitaire et \u00e9thique<\/li>\n<li>Sans couleur ni id\u00e9ologie politique<\/li>\n<li>Sans distinction religieuse<\/li>\n<li>Respectueuse de la libert\u00e9 de choix et de la libert\u00e9 de culte<\/li>\n<li>Respectueuse de la d\u00e9mocratie, des r\u00e8gles et des lois en vigueur au Canada<\/li>\n<li>Au service des actions caritatives sans condition conform\u00e9ment aux r\u00e8glements de l\u2019association<\/li>\n<\/ul>\n<p style=\"text-align: justify;\"><span style=\"font-size: 12pt; font-family: arial,helvetica,sans-serif;\">L\u2019association a d\u00e9j\u00e0 obtenu un num\u00e9ro d\u2019enregistrement en tant qu\u2019organisme de charit\u00e9, selon les lois en vigueur au Canada, dans les trois domaines suivants :<\/span><\/p>\n<ul>\n<li>Lutte contre la pauvret\u00e9<\/li>\n<li>Services li\u00e9s aux soins m\u00e9dicaux et \u00e0 la promotion de la sant\u00e9<\/li>\n<li>Education<\/li>\n<\/ul>\n<div class=\"row\"  id=\"row-1275060240\">\n\n\t<div id=\"col-1114032210\" class=\"col medium-4 small-12 large-4\"  >\n\t\t\t\t<div class=\"col-inner\"  >\n\t\t\t\n\t\t\t\n<p><iframe src=\"https:\/\/www.google.com\/maps\/embed?pb=!1m18!1m12!1m3!1d2791.9167417976146!2d-73.59755658525421!3d45.59221843291437!2m3!1f0!2f0!3f0!3m2!1i1024!2i768!4f13.1!3m3!1m2!1s0x4cc91ef98a10e9e7%3A0x259cbb561cfbcf67!2s5830%20Rue%20de%20Canseau%2C%20Saint-L%C3%A9onard%2C%20QC%20H1P%201H9%2C%20Canada!5e0!3m2!1svi!2s!4v1629954417541!5m2!1svi!2s\" width=\"400\" height=\"150\" style=\"border:0;\" allowfullscreen=\"\" loading=\"lazy\"><\/iframe><\/p>\n\t\t<\/div>\n\t\t\t\t\t<\/div>\n\n\t\n\n\t<div id=\"col-1163978741\" class=\"col medium-4 small-12 large-4\"  >\n\t\t\t\t<div class=\"col-inner\"  >\n\t\t\t\n\t\t\t\n\t<div class=\"img has-hover x md-x lg-x y md-y lg-y\" id=\"image_1882429194\">\n\t\t\t\t\t\t\t\t<div class=\"img-inner dark\" >\n\t\t\t<img loading=\"lazy\" decoding=\"async\" width=\"466\" height=\"214\" src=\"https:\/\/maison-chance.org\/wp-content\/uploads\/2025\/07\/Contact-List-MCCANADA_nho-2025.png\" class=\"attachment-large size-large\" alt=\"\" srcset=\"https:\/\/maison-chance.org\/wp-content\/uploads\/2025\/07\/Contact-List-MCCANADA_nho-2025.png 466w, https:\/\/maison-chance.org\/wp-content\/uploads\/2025\/07\/Contact-List-MCCANADA_nho-2025-300x138.png 300w\" sizes=\"auto, (max-width: 466px) 100vw, 466px\" \/>\t\t\t\t\t\t\n\t\t\t\t\t<\/div>\n\t\t\t\t\t\t\t\t\n<style>\n#image_1882429194 {\n  width: 100%;\n}\n<\/style>\n\t<\/div>\n\t\n\t\t<\/div>\n\t\t\t\t\t<\/div>\n\n\t\n\n\t<div id=\"col-1836836309\" class=\"col medium-4 small-12 large-4\"  >\n\t\t\t\t<div class=\"col-inner\"  >\n\t\t\t\n\t\t\t\n<form action=\"https:\/\/www.paypal.com\/cgi-bin\/webscr\" method=\"post\" target=\"_top\"><input name=\"cmd\" type=\"hidden\" value=\"_s-xclick\" \/><input name=\"hosted_button_id\" type=\"hidden\" value=\"TNFFLJNK9JKF4\" \/><input alt=\"PayPal - The safer, easier way to pay online!\" name=\"submit\" src=\"https:\/\/www.paypalobjects.com\/en_US\/i\/btn\/btn_donateCC_LG.gif\" type=\"image\" \/><img loading=\"lazy\" decoding=\"async\" src=\"https:\/\/www.paypalobjects.com\/en_US\/i\/scr\/pixel.gif\" alt=\"\" width=\"1\" height=\"1\" border=\"0\" \/><\/form>\n\t\t<\/div>\n\t\t\t\t\t<\/div>\n\n\t\n<\/div>\n\t\t<\/div>\n\n\t\t\n<style>\n#section_329395999 {\n  padding-top: 30px;\n  padding-bottom: 30px;\n}\n<\/style>\n\t<\/section>\n\t\n","protected":false},"excerpt":{"rendered":"","protected":false},"author":1,"featured_media":2159,"parent":3500,"menu_order":0,"comment_status":"closed","ping_status":"closed","template":"","meta":{"give_campaign_id":0,"footnotes":""},"class_list":["post-2661","page","type-page","status-publish","has-post-thumbnail","hentry"],"yoast_head":"<!-- This site is optimized with the Yoast SEO plugin v27.2 - https:\/\/yoast.com\/product\/yoast-seo-wordpress\/ -->\n<title>Maison Chance Canada | Association Maison Chance<\/title>\n<meta name=\"description\" content=\"Maison Chance Canada a un permis et a des repr\u00e9sentants officiels dans les villes de Montr\u00e9al, Toronto, Ottawa et Vancouver...\" \/>\n<meta name=\"robots\" content=\"index, follow, max-snippet:-1, max-image-preview:large, max-video-preview:-1\" \/>\n<link rel=\"canonical\" href=\"https:\/\/maison-chance.org\/fr\/maison-chance-international\/maison-chance-canada\" \/>\n<meta property=\"og:locale\" content=\"fr_FR\" \/>\n<meta property=\"og:type\" content=\"article\" \/>\n<meta property=\"og:title\" content=\"Maison Chance Canada | Association Maison Chance\" \/>\n<meta property=\"og:description\" content=\"Maison Chance Canada a un permis et a des repr\u00e9sentants officiels dans les villes de Montr\u00e9al, Toronto, Ottawa et Vancouver...\" \/>\n<meta property=\"og:url\" content=\"https:\/\/maison-chance.org\/fr\/maison-chance-international\/maison-chance-canada\" \/>\n<meta property=\"og:site_name\" content=\"Maison Chance Association\" \/>\n<meta property=\"article:publisher\" content=\"https:\/\/www.facebook.com\/MaisonChance\" \/>\n<meta property=\"article:modified_time\" content=\"2025-07-03T09:34:45+00:00\" \/>\n<meta property=\"og:image\" content=\"https:\/\/maison-chance.org\/wp-content\/uploads\/2021\/09\/Featued-Logo-MC-1.jpg\" \/>\n\t<meta property=\"og:image:width\" content=\"500\" \/>\n\t<meta property=\"og:image:height\" content=\"313\" \/>\n\t<meta property=\"og:image:type\" content=\"image\/jpeg\" \/>\n<meta name=\"twitter:card\" content=\"summary_large_image\" \/>\n<meta name=\"twitter:title\" content=\"Maison Chance Canada | Association Maison Chance\" \/>\n<meta name=\"twitter:description\" content=\"Maison Chance Canada a un permis et a des repr\u00e9sentants officiels dans les villes de Montr\u00e9al, Toronto, Ottawa et Vancouver...\" \/>\n<meta name=\"twitter:image\" content=\"https:\/\/maison-chance.org\/wp-content\/uploads\/2021\/09\/Featued-Logo-MC-1.jpg\" \/>\n<meta name=\"twitter:site\" content=\"@MaisonChanceVN\" \/>\n<meta name=\"twitter:label1\" content=\"Dur\u00e9e de lecture estim\u00e9e\" \/>\n\t<meta name=\"twitter:data1\" content=\"2 minutes\" \/>\n<script type=\"application\/ld+json\" class=\"yoast-schema-graph\">{\"@context\":\"https:\/\/schema.org\",\"@graph\":[{\"@type\":\"WebPage\",\"@id\":\"https:\/\/maison-chance.org\/fr\/maison-chance-international\/maison-chance-canada\",\"url\":\"https:\/\/maison-chance.org\/fr\/maison-chance-international\/maison-chance-canada\",\"name\":\"Maison Chance Canada | Association Maison Chance\",\"isPartOf\":{\"@id\":\"https:\/\/maison-chance.org\/fr#website\"},\"primaryImageOfPage\":{\"@id\":\"https:\/\/maison-chance.org\/fr\/maison-chance-international\/maison-chance-canada#primaryimage\"},\"image\":{\"@id\":\"https:\/\/maison-chance.org\/fr\/maison-chance-international\/maison-chance-canada#primaryimage\"},\"thumbnailUrl\":\"https:\/\/maison-chance.org\/wp-content\/uploads\/2021\/09\/Featued-Logo-MC-1.jpg\",\"datePublished\":\"2021-10-05T09:15:52+00:00\",\"dateModified\":\"2025-07-03T09:34:45+00:00\",\"description\":\"Maison Chance Canada a un permis et a des repr\u00e9sentants officiels dans les villes de Montr\u00e9al, Toronto, Ottawa et Vancouver...\",\"breadcrumb\":{\"@id\":\"https:\/\/maison-chance.org\/fr\/maison-chance-international\/maison-chance-canada#breadcrumb\"},\"inLanguage\":\"fr-FR\",\"potentialAction\":[{\"@type\":\"ReadAction\",\"target\":[\"https:\/\/maison-chance.org\/fr\/maison-chance-international\/maison-chance-canada\"]}]},{\"@type\":\"ImageObject\",\"inLanguage\":\"fr-FR\",\"@id\":\"https:\/\/maison-chance.org\/fr\/maison-chance-international\/maison-chance-canada#primaryimage\",\"url\":\"https:\/\/maison-chance.org\/wp-content\/uploads\/2021\/09\/Featued-Logo-MC-1.jpg\",\"contentUrl\":\"https:\/\/maison-chance.org\/wp-content\/uploads\/2021\/09\/Featued-Logo-MC-1.jpg\",\"width\":500,\"height\":313},{\"@type\":\"BreadcrumbList\",\"@id\":\"https:\/\/maison-chance.org\/fr\/maison-chance-international\/maison-chance-canada#breadcrumb\",\"itemListElement\":[{\"@type\":\"ListItem\",\"position\":1,\"name\":\"Maison Chance International\",\"item\":\"https:\/\/maison-chance.org\/fr\/maison-chance-international\"},{\"@type\":\"ListItem\",\"position\":2,\"name\":\"Maison Chance Canada\"}]},{\"@type\":\"WebSite\",\"@id\":\"https:\/\/maison-chance.org\/fr#website\",\"url\":\"https:\/\/maison-chance.org\/fr\",\"name\":\"https:\/\/maison-chance.org\/\",\"description\":\"Un avenir pour les moins chanceaux au Vietnam !\",\"publisher\":{\"@id\":\"https:\/\/maison-chance.org\/fr#organization\"},\"potentialAction\":[{\"@type\":\"SearchAction\",\"target\":{\"@type\":\"EntryPoint\",\"urlTemplate\":\"https:\/\/maison-chance.org\/fr?s={search_term_string}\"},\"query-input\":{\"@type\":\"PropertyValueSpecification\",\"valueRequired\":true,\"valueName\":\"search_term_string\"}}],\"inLanguage\":\"fr-FR\"},{\"@type\":\"Organization\",\"@id\":\"https:\/\/maison-chance.org\/fr#organization\",\"name\":\"https:\/\/maison-chance.org\/\",\"url\":\"https:\/\/maison-chance.org\/fr\",\"logo\":{\"@type\":\"ImageObject\",\"inLanguage\":\"fr-FR\",\"@id\":\"https:\/\/maison-chance.org\/fr#\/schema\/logo\/image\/\",\"url\":\"https:\/\/maison-chance.org\/wp-content\/uploads\/2021\/09\/Featued-Logo-MC-1.jpg\",\"contentUrl\":\"https:\/\/maison-chance.org\/wp-content\/uploads\/2021\/09\/Featued-Logo-MC-1.jpg\",\"width\":500,\"height\":313,\"caption\":\"https:\/\/maison-chance.org\/\"},\"image\":{\"@id\":\"https:\/\/maison-chance.org\/fr#\/schema\/logo\/image\/\"},\"sameAs\":[\"https:\/\/www.facebook.com\/MaisonChance\",\"https:\/\/x.com\/MaisonChanceVN\",\"https:\/\/www.instagram.com\/maisonchance\/\",\"https:\/\/www.youtube.com\/c\/MaisonChanceVideo\"]}]}<\/script>\n<!-- \/ Yoast SEO plugin. -->","yoast_head_json":{"title":"Maison Chance Canada | Association Maison Chance","description":"Maison Chance Canada a un permis et a des repr\u00e9sentants officiels dans les villes de Montr\u00e9al, Toronto, Ottawa et Vancouver...","robots":{"index":"index","follow":"follow","max-snippet":"max-snippet:-1","max-image-preview":"max-image-preview:large","max-video-preview":"max-video-preview:-1"},"canonical":"https:\/\/maison-chance.org\/fr\/maison-chance-international\/maison-chance-canada","og_locale":"fr_FR","og_type":"article","og_title":"Maison Chance Canada | Association Maison Chance","og_description":"Maison Chance Canada a un permis et a des repr\u00e9sentants officiels dans les villes de Montr\u00e9al, Toronto, Ottawa et Vancouver...","og_url":"https:\/\/maison-chance.org\/fr\/maison-chance-international\/maison-chance-canada","og_site_name":"Maison Chance Association","article_publisher":"https:\/\/www.facebook.com\/MaisonChance","article_modified_time":"2025-07-03T09:34:45+00:00","og_image":[{"width":500,"height":313,"url":"https:\/\/maison-chance.org\/wp-content\/uploads\/2021\/09\/Featued-Logo-MC-1.jpg","type":"image\/jpeg"}],"twitter_card":"summary_large_image","twitter_title":"Maison Chance Canada | Association Maison Chance","twitter_description":"Maison Chance Canada a un permis et a des repr\u00e9sentants officiels dans les villes de Montr\u00e9al, Toronto, Ottawa et Vancouver...","twitter_image":"https:\/\/maison-chance.org\/wp-content\/uploads\/2021\/09\/Featued-Logo-MC-1.jpg","twitter_site":"@MaisonChanceVN","twitter_misc":{"Dur\u00e9e de lecture estim\u00e9e":"2 minutes"},"schema":{"@context":"https:\/\/schema.org","@graph":[{"@type":"WebPage","@id":"https:\/\/maison-chance.org\/fr\/maison-chance-international\/maison-chance-canada","url":"https:\/\/maison-chance.org\/fr\/maison-chance-international\/maison-chance-canada","name":"Maison Chance Canada | Association Maison Chance","isPartOf":{"@id":"https:\/\/maison-chance.org\/fr#website"},"primaryImageOfPage":{"@id":"https:\/\/maison-chance.org\/fr\/maison-chance-international\/maison-chance-canada#primaryimage"},"image":{"@id":"https:\/\/maison-chance.org\/fr\/maison-chance-international\/maison-chance-canada#primaryimage"},"thumbnailUrl":"https:\/\/maison-chance.org\/wp-content\/uploads\/2021\/09\/Featued-Logo-MC-1.jpg","datePublished":"2021-10-05T09:15:52+00:00","dateModified":"2025-07-03T09:34:45+00:00","description":"Maison Chance Canada a un permis et a des repr\u00e9sentants officiels dans les villes de Montr\u00e9al, Toronto, Ottawa et Vancouver...","breadcrumb":{"@id":"https:\/\/maison-chance.org\/fr\/maison-chance-international\/maison-chance-canada#breadcrumb"},"inLanguage":"fr-FR","potentialAction":[{"@type":"ReadAction","target":["https:\/\/maison-chance.org\/fr\/maison-chance-international\/maison-chance-canada"]}]},{"@type":"ImageObject","inLanguage":"fr-FR","@id":"https:\/\/maison-chance.org\/fr\/maison-chance-international\/maison-chance-canada#primaryimage","url":"https:\/\/maison-chance.org\/wp-content\/uploads\/2021\/09\/Featued-Logo-MC-1.jpg","contentUrl":"https:\/\/maison-chance.org\/wp-content\/uploads\/2021\/09\/Featued-Logo-MC-1.jpg","width":500,"height":313},{"@type":"BreadcrumbList","@id":"https:\/\/maison-chance.org\/fr\/maison-chance-international\/maison-chance-canada#breadcrumb","itemListElement":[{"@type":"ListItem","position":1,"name":"Maison Chance International","item":"https:\/\/maison-chance.org\/fr\/maison-chance-international"},{"@type":"ListItem","position":2,"name":"Maison Chance Canada"}]},{"@type":"WebSite","@id":"https:\/\/maison-chance.org\/fr#website","url":"https:\/\/maison-chance.org\/fr","name":"https:\/\/maison-chance.org\/","description":"Un avenir pour les moins chanceaux au Vietnam !","publisher":{"@id":"https:\/\/maison-chance.org\/fr#organization"},"potentialAction":[{"@type":"SearchAction","target":{"@type":"EntryPoint","urlTemplate":"https:\/\/maison-chance.org\/fr?s={search_term_string}"},"query-input":{"@type":"PropertyValueSpecification","valueRequired":true,"valueName":"search_term_string"}}],"inLanguage":"fr-FR"},{"@type":"Organization","@id":"https:\/\/maison-chance.org\/fr#organization","name":"https:\/\/maison-chance.org\/","url":"https:\/\/maison-chance.org\/fr","logo":{"@type":"ImageObject","inLanguage":"fr-FR","@id":"https:\/\/maison-chance.org\/fr#\/schema\/logo\/image\/","url":"https:\/\/maison-chance.org\/wp-content\/uploads\/2021\/09\/Featued-Logo-MC-1.jpg","contentUrl":"https:\/\/maison-chance.org\/wp-content\/uploads\/2021\/09\/Featued-Logo-MC-1.jpg","width":500,"height":313,"caption":"https:\/\/maison-chance.org\/"},"image":{"@id":"https:\/\/maison-chance.org\/fr#\/schema\/logo\/image\/"},"sameAs":["https:\/\/www.facebook.com\/MaisonChance","https:\/\/x.com\/MaisonChanceVN","https:\/\/www.instagram.com\/maisonchance\/","https:\/\/www.youtube.com\/c\/MaisonChanceVideo"]}]}},"campaignId":"","_links":{"self":[{"href":"https:\/\/maison-chance.org\/fr\/wp-json\/wp\/v2\/pages\/2661","targetHints":{"allow":["GET"]}}],"collection":[{"href":"https:\/\/maison-chance.org\/fr\/wp-json\/wp\/v2\/pages"}],"about":[{"href":"https:\/\/maison-chance.org\/fr\/wp-json\/wp\/v2\/types\/page"}],"author":[{"embeddable":true,"href":"https:\/\/maison-chance.org\/fr\/wp-json\/wp\/v2\/users\/1"}],"replies":[{"embeddable":true,"href":"https:\/\/maison-chance.org\/fr\/wp-json\/wp\/v2\/comments?post=2661"}],"version-history":[{"count":9,"href":"https:\/\/maison-chance.org\/fr\/wp-json\/wp\/v2\/pages\/2661\/revisions"}],"predecessor-version":[{"id":42608,"href":"https:\/\/maison-chance.org\/fr\/wp-json\/wp\/v2\/pages\/2661\/revisions\/42608"}],"up":[{"embeddable":true,"href":"https:\/\/maison-chance.org\/fr\/wp-json\/wp\/v2\/pages\/3500"}],"wp:featuredmedia":[{"embeddable":true,"href":"https:\/\/maison-chance.org\/fr\/wp-json\/wp\/v2\/media\/2159"}],"wp:attachment":[{"href":"https:\/\/maison-chance.org\/fr\/wp-json\/wp\/v2\/media?parent=2661"}],"curies":[{"name":"wp","href":"https:\/\/api.w.org\/{rel}","templated":true}]}}