{"id":27723,"date":"2021-09-13T07:19:49","date_gmt":"2021-09-13T07:19:49","guid":{"rendered":"https:\/\/maison-chance.org\/a-propos-de-nous\/lang-may-man\/"},"modified":"2022-03-25T09:22:45","modified_gmt":"2022-03-25T02:22:45","slug":"village-chance","status":"publish","type":"page","link":"https:\/\/maison-chance.org\/fr\/a-propos-de-nous\/village-chance","title":{"rendered":"Village Chance"},"content":{"rendered":"\t<div id=\"gap-1310500326\" class=\"gap-element clearfix\" style=\"display:block; height:auto;\">\n\t\t\n<style>\n#gap-1310500326 {\n  padding-top: 20px;\n}\n<\/style>\n\t<\/div>\n\t\n<div class=\"row row-collapse row-full-width align-middle align-center\"  id=\"row-1569203391\">\n\n\t<div id=\"col-1054493271\" class=\"col medium-12 small-12 large-7 medium-col-first\"  >\n\t\t\t\t<div class=\"col-inner\"  >\n\t\t\t\n\t\t\t\n\n  <div class=\"banner has-hover\" id=\"banner-1039039283\">\n          <div class=\"banner-inner fill\">\n        <div class=\"banner-bg fill\" >\n            <img loading=\"lazy\" decoding=\"async\" width=\"1000\" height=\"665\" src=\"https:\/\/maison-chance.org\/wp-content\/uploads\/2021\/11\/Lang-May_Man-01.jpg\" class=\"bg attachment-original size-original\" alt=\"L\u00e0ng May M\u1eafn\" \/>                                    \n                    <\/div>\n\t\t\n        <div class=\"banner-layers container\">\n            <div class=\"fill banner-link\"><\/div>            \n        <\/div>\n      <\/div>\n\n            \n<style>\n#banner-1039039283 {\n  padding-top: 300px;\n  background-color: rgb(255, 255, 255);\n}\n#banner-1039039283 .banner-bg img {\n  object-position: 15% 60%;\n}\n@media (min-width:550px) {\n  #banner-1039039283 {\n    padding-top: 500px;\n  }\n}\n@media (min-width:850px) {\n  #banner-1039039283 {\n    padding-top: 300px;\n  }\n}\n<\/style>\n  <\/div>\n\n\n\t\t<\/div>\n\t\t\t\t\t<\/div>\n\n\t\n\n\t<div id=\"col-776223799\" class=\"col medium-10 small-11 large-5\"  >\n\t\t\t\t<div class=\"col-inner\" style=\"background-color:rgb(255, 255, 255);\" >\n\t\t\t\n\t\t\t\n\t<div id=\"text-3574655244\" class=\"text\">\n\t\t\n<p style=\"text-align: justify;\"><span style=\"font-family: arial,helvetica,sans-serif;\"><span style=\"font-size: 11pt;\">Pour les personnes dont le handicap survient \u00e0 l\u2019\u00e2ge adulte, ce choc peut devenir un obstacle \u00e0 la vie sociale. Dans certaines situations, les effets du handicap peuvent donner lieu \u00e0 des impacts cumulatifs n\u00e9gatifs, finissant par pousser les personnes handicap\u00e9es \u00e0 l\u2019isolement. Tous les programmes mis en \u0153uvre par Maison Chance visent \u00e0 les aider \u00e0 sortir de ce cercle vicieux en les introduisant \u00e0 un environnement favorable, \u00e0 des formations professionnelles et surtout \u00e0 un travail qui convient \u00e0 leur sant\u00e9 et leurs capacit\u00e9s.<\/span><\/span><\/p>\n\t\t\n<style>\n#text-3574655244 {\n  text-align: center;\n}\n<\/style>\n\t<\/div>\n\t\n\t\t<\/div>\n\t\t\t\t\n<style>\n#col-776223799 > .col-inner {\n  padding: 50px 0px 50px 0px;\n}\n@media (min-width:850px) {\n  #col-776223799 > .col-inner {\n    padding: 0px 10% 0px 10%;\n  }\n}\n<\/style>\n\t<\/div>\n\n\t\n<\/div>\n<div class=\"row row-collapse row-full-width align-middle align-center\"  id=\"row-519457123\">\n\n\t<div id=\"col-1498702914\" class=\"col medium-12 small-12 large-4\"  >\n\t\t\t\t<div class=\"col-inner\"  >\n\t\t\t\n\t\t\t\n\n  <div class=\"banner has-hover\" id=\"banner-1197405461\">\n          <div class=\"banner-inner fill\">\n        <div class=\"banner-bg fill\" >\n            <img loading=\"lazy\" decoding=\"async\" width=\"1000\" height=\"665\" src=\"https:\/\/maison-chance.org\/wp-content\/uploads\/2021\/11\/Lang-May_Man-05.jpg\" class=\"bg attachment-original size-original\" alt=\"\" \/>                                    \n                    <\/div>\n\t\t\n        <div class=\"banner-layers container\">\n            <div class=\"fill banner-link\"><\/div>            \n        <\/div>\n      <\/div>\n\n            \n<style>\n#banner-1197405461 {\n  padding-top: 300;\n  background-color: rgb(255, 255, 255);\n}\n#banner-1197405461 .banner-bg img {\n  object-position: 72% 71%;\n}\n@media (min-width:550px) {\n  #banner-1197405461 {\n    padding-top: 300px;\n  }\n}\n<\/style>\n  <\/div>\n\n\n\t\t<\/div>\n\t\t\t\t\t<\/div>\n\n\t\n\n\t<div id=\"col-411782141\" class=\"col medium-10 small-11 large-4\"  >\n\t\t\t\t<div class=\"col-inner\"  >\n\t\t\t\n\t\t\t\n\t<div id=\"gap-90565519\" class=\"gap-element clearfix\" style=\"display:block; height:auto;\">\n\t\t\n<style>\n#gap-90565519 {\n  padding-top: 50px;\n}\n<\/style>\n\t<\/div>\n\t\n\t<div id=\"text-598846108\" class=\"text\">\n\t\t\n<p style=\"text-align: justify;\"><span style=\"font-family: arial,helvetica,sans-serif;\"><span style=\"font-size: 11pt;\">Gr\u00e2ce \u00e0 ce travail r\u00e9mun\u00e9r\u00e9, les personnes handicap\u00e9es peuvent redevenir autonomes et retrouver confiance en elles pour se r\u00e9int\u00e9grer \u00e0 la soci\u00e9t\u00e9. Apr\u00e8s avoir quitt\u00e9 Maison Chance, elles ont toutefois du mal \u00e0 trouver un logement qui soit accessible en fauteuil roulant. \u00c0 cela, s\u2019ajoute le montant du loyer qui d\u00e9passe souvent leur budget. Consciente de ce probl\u00e8me, Maison Chance a mis en place des logements adapt\u00e9s aux personnes en fauteuil roulant et avec un loyer raisonnable.<\/span><\/span><\/p>\n\t\t\n<style>\n#text-598846108 {\n  font-size: 1.25rem;\n  text-align: center;\n}\n<\/style>\n\t<\/div>\n\t\n\t\t<\/div>\n\t\t\t\t\n<style>\n#col-411782141 > .col-inner {\n  padding: 50px 0px 50px 0;\n}\n@media (min-width:850px) {\n  #col-411782141 > .col-inner {\n    padding: 0px 10% 0px 10%;\n  }\n}\n<\/style>\n\t<\/div>\n\n\t\n\n\t<div id=\"col-1434707673\" class=\"col medium-12 small-12 large-4\"  >\n\t\t\t\t<div class=\"col-inner\"  >\n\t\t\t\n\t\t\t\n\n  <div class=\"banner has-hover\" id=\"banner-185097374\">\n          <div class=\"banner-inner fill\">\n        <div class=\"banner-bg fill\" >\n            <img loading=\"lazy\" decoding=\"async\" width=\"1000\" height=\"666\" src=\"https:\/\/maison-chance.org\/wp-content\/uploads\/2021\/11\/Lang-May_Man-04.jpg\" class=\"bg attachment-original size-original\" alt=\"\" \/>                                    \n                    <\/div>\n\t\t\n        <div class=\"banner-layers container\">\n            <div class=\"fill banner-link\"><\/div>            \n        <\/div>\n      <\/div>\n\n            \n<style>\n#banner-185097374 {\n  padding-top: 300px;\n  background-color: rgb(255, 255, 255);\n}\n#banner-185097374 .banner-bg img {\n  object-position: 100% 89%;\n}\n@media (min-width:550px) {\n  #banner-185097374 {\n    padding-top: 300px;\n  }\n}\n<\/style>\n  <\/div>\n\n\n\t\t<\/div>\n\t\t\t\t\t<\/div>\n\n\t\n<\/div>\n<div class=\"row row-collapse row-full-width align-middle align-center\"  id=\"row-33043472\">\n\n\t<div id=\"col-631776949\" class=\"col medium-10 small-12 large-4\"  >\n\t\t\t\t<div class=\"col-inner\"  >\n\t\t\t\n\t\t\t\n<div class=\"row align-middle align-center\"  id=\"row-58926355\">\n\n\t<div id=\"col-1914494699\" class=\"col medium-12 small-11 large-12\"  >\n\t\t\t\t<div class=\"col-inner text-left\"  >\n\t\t\t\n\t\t\t\n\t<div id=\"gap-17333104\" class=\"gap-element clearfix\" style=\"display:block; height:auto;\">\n\t\t\n<style>\n#gap-17333104 {\n  padding-top: 50px;\n}\n<\/style>\n\t<\/div>\n\t\n<p style=\"text-align: justify;\"><span style=\"font-family: arial,helvetica,sans-serif;\"><span style=\"font-size: 11pt;\">Inaugur\u00e9 en 2011, le Village Chance s\u2019\u00e9tend sur une superficie de 3.513 m2 et abrite une \u00e9cole primaire, un jardin d\u2019enfants, une piscine th\u00e9rapeutique, un restaurant et une boulangerie. En particulier, il dispose d\u2019une trentaine d\u2019appartements adapt\u00e9s aux familles ayant un ou plusieurs membres en fauteuil roulant.<\/span><\/span><\/p>\n\t\t<\/div>\n\t\t\t\t\n<style>\n#col-1914494699 > .col-inner {\n  padding: 0px 0px 0px 0px;\n}\n@media (min-width:850px) {\n  #col-1914494699 > .col-inner {\n    padding: 0px 15% 0px 10%;\n  }\n}\n<\/style>\n\t<\/div>\n\n\t\n<\/div>\n\t\t<\/div>\n\t\t\t\t\t<\/div>\n\n\t\n\n\t<div id=\"col-1341521135\" class=\"col medium-12 small-12 large-8\"  >\n\t\t\t\t<div class=\"col-inner\"  >\n\t\t\t\n\t\t\t\n\n  <div class=\"banner has-hover\" id=\"banner-1917390640\">\n          <div class=\"banner-inner fill\">\n        <div class=\"banner-bg fill\" >\n            <img loading=\"lazy\" decoding=\"async\" width=\"1000\" height=\"667\" src=\"https:\/\/maison-chance.org\/wp-content\/uploads\/2021\/11\/Lang-May_Man-06.jpg\" class=\"bg attachment-original size-original\" alt=\"\" \/>                                    \n                    <\/div>\n\t\t\n        <div class=\"banner-layers container\">\n            <div class=\"fill banner-link\"><\/div>            \n        <\/div>\n      <\/div>\n\n            \n<style>\n#banner-1917390640 {\n  padding-top: 150px;\n  background-color: rgb(255, 255, 255);\n}\n#banner-1917390640 .banner-bg img {\n  object-position: 65% 80%;\n}\n@media (min-width:550px) {\n  #banner-1917390640 {\n    padding-top: 250px;\n  }\n}\n@media (min-width:850px) {\n  #banner-1917390640 {\n    padding-top: 380px;\n  }\n}\n<\/style>\n  <\/div>\n\n\n\t\t<\/div>\n\t\t\t\t\t<\/div>\n\n\t\n<\/div>\n<div class=\"row row-collapse row-full-width align-middle align-center\"  id=\"row-182764796\">\n\n\t<div id=\"col-162086448\" class=\"col medium-12 small-12 large-8\"  >\n\t\t\t\t<div class=\"col-inner\"  >\n\t\t\t\n\t\t\t\n\n  <div class=\"banner has-hover\" id=\"banner-1193146767\">\n          <div class=\"banner-inner fill\">\n        <div class=\"banner-bg fill\" >\n            <img loading=\"lazy\" decoding=\"async\" width=\"1000\" height=\"667\" src=\"https:\/\/maison-chance.org\/wp-content\/uploads\/2021\/11\/Lang-May_Man-08.jpg\" class=\"bg attachment-original size-original\" alt=\"\" \/>                                    \n                    <\/div>\n\t\t\n        <div class=\"banner-layers container\">\n            <div class=\"fill banner-link\"><\/div>            \n        <\/div>\n      <\/div>\n\n            \n<style>\n#banner-1193146767 {\n  padding-top: 300px;\n  background-color: rgb(255, 255, 255);\n}\n#banner-1193146767 .banner-bg img {\n  object-position: 58% 49%;\n}\n@media (min-width:550px) {\n  #banner-1193146767 {\n    padding-top: 500px;\n  }\n}\n@media (min-width:850px) {\n  #banner-1193146767 {\n    padding-top: 300px;\n  }\n}\n<\/style>\n  <\/div>\n\n\n\t\t<\/div>\n\t\t\t\t\t<\/div>\n\n\t\n\n\t<div id=\"col-1171750307\" class=\"col medium-11 small-12 large-4\"  >\n\t\t\t\t<div class=\"col-inner text-left\"  >\n\t\t\t\n\t\t\t\n\t<div id=\"gap-1073250288\" class=\"gap-element clearfix\" style=\"display:block; height:auto;\">\n\t\t\n<style>\n#gap-1073250288 {\n  padding-top: 70px;\n}\n@media (min-width:850px) {\n  #gap-1073250288 {\n    padding-top: 50px;\n  }\n}\n<\/style>\n\t<\/div>\n\t\n<p style=\"text-align: justify;\"><span style=\"font-family: arial,helvetica,sans-serif;\"><span style=\"font-size: 11pt;\">Actuellement, plus de quarante familles vivent au Village Chance, avec environ cent r\u00e9sidents<\/span><\/span><\/p>\n\t\t<\/div>\n\t\t\t\t\n<style>\n#col-1171750307 > .col-inner {\n  padding: 0px 50px 50px 50px;\n}\n@media (min-width:850px) {\n  #col-1171750307 > .col-inner {\n    padding: 0px 10% 0px 25%;\n  }\n}\n<\/style>\n\t<\/div>\n\n\t\n<\/div>\n","protected":false},"excerpt":{"rendered":"","protected":false},"author":1,"featured_media":5633,"parent":2693,"menu_order":0,"comment_status":"closed","ping_status":"closed","template":"","meta":{"give_campaign_id":0,"footnotes":""},"class_list":["post-27723","page","type-page","status-publish","has-post-thumbnail","hentry"],"yoast_head":"<!-- This site is optimized with the Yoast SEO plugin v27.5 - https:\/\/yoast.com\/product\/yoast-seo-wordpress\/ -->\n<title>Village Chance | Association Maison Chance<\/title>\n<meta name=\"description\" content=\"En 2011, Village Chance est ouvert ses portes avec un complexe scolaire ainsi que des appartements con\u00e7us sp\u00e9cifiquement...\" \/>\n<meta name=\"robots\" content=\"index, follow, max-snippet:-1, max-image-preview:large, max-video-preview:-1\" \/>\n<link rel=\"canonical\" href=\"https:\/\/maison-chance.org\/fr\/a-propos-de-nous\/village-chance\" \/>\n<meta property=\"og:locale\" content=\"fr_FR\" \/>\n<meta property=\"og:type\" content=\"article\" \/>\n<meta property=\"og:title\" content=\"Village Chance | Association Maison Chance\" \/>\n<meta property=\"og:description\" content=\"En 2011, Village Chance est ouvert ses portes avec un complexe scolaire ainsi que des appartements con\u00e7us sp\u00e9cifiquement...\" \/>\n<meta property=\"og:url\" content=\"https:\/\/maison-chance.org\/fr\/a-propos-de-nous\/village-chance\" \/>\n<meta property=\"og:site_name\" content=\"Maison Chance Association\" \/>\n<meta property=\"article:publisher\" content=\"https:\/\/www.facebook.com\/MaisonChance\" \/>\n<meta property=\"article:modified_time\" content=\"2022-03-25T02:22:45+00:00\" \/>\n<meta property=\"og:image\" content=\"https:\/\/maison-chance.org\/wp-content\/uploads\/2021\/11\/Lang-May_Man-01.jpg\" \/>\n\t<meta property=\"og:image:width\" content=\"1000\" \/>\n\t<meta property=\"og:image:height\" content=\"665\" \/>\n\t<meta property=\"og:image:type\" content=\"image\/jpeg\" \/>\n<meta name=\"twitter:card\" content=\"summary_large_image\" \/>\n<meta name=\"twitter:site\" content=\"@MaisonChanceVN\" \/>\n<meta name=\"twitter:label1\" content=\"Dur\u00e9e de lecture estim\u00e9e\" \/>\n\t<meta name=\"twitter:data1\" content=\"3 minutes\" \/>\n<script type=\"application\/ld+json\" class=\"yoast-schema-graph\">{\"@context\":\"https:\\\/\\\/schema.org\",\"@graph\":[{\"@type\":\"WebPage\",\"@id\":\"https:\\\/\\\/maison-chance.org\\\/fr\\\/a-propos-de-nous\\\/village-chance\",\"url\":\"https:\\\/\\\/maison-chance.org\\\/fr\\\/a-propos-de-nous\\\/village-chance\",\"name\":\"Village Chance | Association Maison Chance\",\"isPartOf\":{\"@id\":\"https:\\\/\\\/maison-chance.org\\\/fr#website\"},\"primaryImageOfPage\":{\"@id\":\"https:\\\/\\\/maison-chance.org\\\/fr\\\/a-propos-de-nous\\\/village-chance#primaryimage\"},\"image\":{\"@id\":\"https:\\\/\\\/maison-chance.org\\\/fr\\\/a-propos-de-nous\\\/village-chance#primaryimage\"},\"thumbnailUrl\":\"https:\\\/\\\/maison-chance.org\\\/wp-content\\\/uploads\\\/2021\\\/11\\\/Lang-May_Man-01.jpg\",\"datePublished\":\"2021-09-13T07:19:49+00:00\",\"dateModified\":\"2022-03-25T02:22:45+00:00\",\"description\":\"En 2011, Village Chance est ouvert ses portes avec un complexe scolaire ainsi que des appartements con\u00e7us sp\u00e9cifiquement...\",\"breadcrumb\":{\"@id\":\"https:\\\/\\\/maison-chance.org\\\/fr\\\/a-propos-de-nous\\\/village-chance#breadcrumb\"},\"inLanguage\":\"fr-FR\",\"potentialAction\":[{\"@type\":\"ReadAction\",\"target\":[\"https:\\\/\\\/maison-chance.org\\\/fr\\\/a-propos-de-nous\\\/village-chance\"]}]},{\"@type\":\"ImageObject\",\"inLanguage\":\"fr-FR\",\"@id\":\"https:\\\/\\\/maison-chance.org\\\/fr\\\/a-propos-de-nous\\\/village-chance#primaryimage\",\"url\":\"https:\\\/\\\/maison-chance.org\\\/wp-content\\\/uploads\\\/2021\\\/11\\\/Lang-May_Man-01.jpg\",\"contentUrl\":\"https:\\\/\\\/maison-chance.org\\\/wp-content\\\/uploads\\\/2021\\\/11\\\/Lang-May_Man-01.jpg\",\"width\":1000,\"height\":665,\"caption\":\"L\u00e0ng May M\u1eafn\"},{\"@type\":\"BreadcrumbList\",\"@id\":\"https:\\\/\\\/maison-chance.org\\\/fr\\\/a-propos-de-nous\\\/village-chance#breadcrumb\",\"itemListElement\":[{\"@type\":\"ListItem\",\"position\":1,\"name\":\"\u00c0 Propos De Nous\",\"item\":\"https:\\\/\\\/maison-chance.org\\\/fr\\\/a-propos-de-nous\"},{\"@type\":\"ListItem\",\"position\":2,\"name\":\"Village Chance\"}]},{\"@type\":\"WebSite\",\"@id\":\"https:\\\/\\\/maison-chance.org\\\/fr#website\",\"url\":\"https:\\\/\\\/maison-chance.org\\\/fr\",\"name\":\"https:\\\/\\\/maison-chance.org\\\/\",\"description\":\"Un avenir pour les moins chanceaux au Vietnam !\",\"publisher\":{\"@id\":\"https:\\\/\\\/maison-chance.org\\\/fr#organization\"},\"potentialAction\":[{\"@type\":\"SearchAction\",\"target\":{\"@type\":\"EntryPoint\",\"urlTemplate\":\"https:\\\/\\\/maison-chance.org\\\/fr?s={search_term_string}\"},\"query-input\":{\"@type\":\"PropertyValueSpecification\",\"valueRequired\":true,\"valueName\":\"search_term_string\"}}],\"inLanguage\":\"fr-FR\"},{\"@type\":\"Organization\",\"@id\":\"https:\\\/\\\/maison-chance.org\\\/fr#organization\",\"name\":\"https:\\\/\\\/maison-chance.org\\\/\",\"url\":\"https:\\\/\\\/maison-chance.org\\\/fr\",\"logo\":{\"@type\":\"ImageObject\",\"inLanguage\":\"fr-FR\",\"@id\":\"https:\\\/\\\/maison-chance.org\\\/fr#\\\/schema\\\/logo\\\/image\\\/\",\"url\":\"https:\\\/\\\/maison-chance.org\\\/wp-content\\\/uploads\\\/2021\\\/09\\\/Featued-Logo-MC-1.jpg\",\"contentUrl\":\"https:\\\/\\\/maison-chance.org\\\/wp-content\\\/uploads\\\/2021\\\/09\\\/Featued-Logo-MC-1.jpg\",\"width\":500,\"height\":313,\"caption\":\"https:\\\/\\\/maison-chance.org\\\/\"},\"image\":{\"@id\":\"https:\\\/\\\/maison-chance.org\\\/fr#\\\/schema\\\/logo\\\/image\\\/\"},\"sameAs\":[\"https:\\\/\\\/www.facebook.com\\\/MaisonChance\",\"https:\\\/\\\/x.com\\\/MaisonChanceVN\",\"https:\\\/\\\/www.instagram.com\\\/maisonchance\\\/\",\"https:\\\/\\\/www.youtube.com\\\/c\\\/MaisonChanceVideo\"]}]}<\/script>\n<!-- \/ Yoast SEO plugin. -->","yoast_head_json":{"title":"Village Chance | Association Maison Chance","description":"En 2011, Village Chance est ouvert ses portes avec un complexe scolaire ainsi que des appartements con\u00e7us sp\u00e9cifiquement...","robots":{"index":"index","follow":"follow","max-snippet":"max-snippet:-1","max-image-preview":"max-image-preview:large","max-video-preview":"max-video-preview:-1"},"canonical":"https:\/\/maison-chance.org\/fr\/a-propos-de-nous\/village-chance","og_locale":"fr_FR","og_type":"article","og_title":"Village Chance | Association Maison Chance","og_description":"En 2011, Village Chance est ouvert ses portes avec un complexe scolaire ainsi que des appartements con\u00e7us sp\u00e9cifiquement...","og_url":"https:\/\/maison-chance.org\/fr\/a-propos-de-nous\/village-chance","og_site_name":"Maison Chance Association","article_publisher":"https:\/\/www.facebook.com\/MaisonChance","article_modified_time":"2022-03-25T02:22:45+00:00","og_image":[{"width":1000,"height":665,"url":"https:\/\/maison-chance.org\/wp-content\/uploads\/2021\/11\/Lang-May_Man-01.jpg","type":"image\/jpeg"}],"twitter_card":"summary_large_image","twitter_site":"@MaisonChanceVN","twitter_misc":{"Dur\u00e9e de lecture estim\u00e9e":"3 minutes"},"schema":{"@context":"https:\/\/schema.org","@graph":[{"@type":"WebPage","@id":"https:\/\/maison-chance.org\/fr\/a-propos-de-nous\/village-chance","url":"https:\/\/maison-chance.org\/fr\/a-propos-de-nous\/village-chance","name":"Village Chance | Association Maison Chance","isPartOf":{"@id":"https:\/\/maison-chance.org\/fr#website"},"primaryImageOfPage":{"@id":"https:\/\/maison-chance.org\/fr\/a-propos-de-nous\/village-chance#primaryimage"},"image":{"@id":"https:\/\/maison-chance.org\/fr\/a-propos-de-nous\/village-chance#primaryimage"},"thumbnailUrl":"https:\/\/maison-chance.org\/wp-content\/uploads\/2021\/11\/Lang-May_Man-01.jpg","datePublished":"2021-09-13T07:19:49+00:00","dateModified":"2022-03-25T02:22:45+00:00","description":"En 2011, Village Chance est ouvert ses portes avec un complexe scolaire ainsi que des appartements con\u00e7us sp\u00e9cifiquement...","breadcrumb":{"@id":"https:\/\/maison-chance.org\/fr\/a-propos-de-nous\/village-chance#breadcrumb"},"inLanguage":"fr-FR","potentialAction":[{"@type":"ReadAction","target":["https:\/\/maison-chance.org\/fr\/a-propos-de-nous\/village-chance"]}]},{"@type":"ImageObject","inLanguage":"fr-FR","@id":"https:\/\/maison-chance.org\/fr\/a-propos-de-nous\/village-chance#primaryimage","url":"https:\/\/maison-chance.org\/wp-content\/uploads\/2021\/11\/Lang-May_Man-01.jpg","contentUrl":"https:\/\/maison-chance.org\/wp-content\/uploads\/2021\/11\/Lang-May_Man-01.jpg","width":1000,"height":665,"caption":"L\u00e0ng May M\u1eafn"},{"@type":"BreadcrumbList","@id":"https:\/\/maison-chance.org\/fr\/a-propos-de-nous\/village-chance#breadcrumb","itemListElement":[{"@type":"ListItem","position":1,"name":"\u00c0 Propos De Nous","item":"https:\/\/maison-chance.org\/fr\/a-propos-de-nous"},{"@type":"ListItem","position":2,"name":"Village Chance"}]},{"@type":"WebSite","@id":"https:\/\/maison-chance.org\/fr#website","url":"https:\/\/maison-chance.org\/fr","name":"https:\/\/maison-chance.org\/","description":"Un avenir pour les moins chanceaux au Vietnam !","publisher":{"@id":"https:\/\/maison-chance.org\/fr#organization"},"potentialAction":[{"@type":"SearchAction","target":{"@type":"EntryPoint","urlTemplate":"https:\/\/maison-chance.org\/fr?s={search_term_string}"},"query-input":{"@type":"PropertyValueSpecification","valueRequired":true,"valueName":"search_term_string"}}],"inLanguage":"fr-FR"},{"@type":"Organization","@id":"https:\/\/maison-chance.org\/fr#organization","name":"https:\/\/maison-chance.org\/","url":"https:\/\/maison-chance.org\/fr","logo":{"@type":"ImageObject","inLanguage":"fr-FR","@id":"https:\/\/maison-chance.org\/fr#\/schema\/logo\/image\/","url":"https:\/\/maison-chance.org\/wp-content\/uploads\/2021\/09\/Featued-Logo-MC-1.jpg","contentUrl":"https:\/\/maison-chance.org\/wp-content\/uploads\/2021\/09\/Featued-Logo-MC-1.jpg","width":500,"height":313,"caption":"https:\/\/maison-chance.org\/"},"image":{"@id":"https:\/\/maison-chance.org\/fr#\/schema\/logo\/image\/"},"sameAs":["https:\/\/www.facebook.com\/MaisonChance","https:\/\/x.com\/MaisonChanceVN","https:\/\/www.instagram.com\/maisonchance\/","https:\/\/www.youtube.com\/c\/MaisonChanceVideo"]}]}},"campaignId":"","_links":{"self":[{"href":"https:\/\/maison-chance.org\/fr\/wp-json\/wp\/v2\/pages\/27723","targetHints":{"allow":["GET"]}}],"collection":[{"href":"https:\/\/maison-chance.org\/fr\/wp-json\/wp\/v2\/pages"}],"about":[{"href":"https:\/\/maison-chance.org\/fr\/wp-json\/wp\/v2\/types\/page"}],"author":[{"embeddable":true,"href":"https:\/\/maison-chance.org\/fr\/wp-json\/wp\/v2\/users\/1"}],"replies":[{"embeddable":true,"href":"https:\/\/maison-chance.org\/fr\/wp-json\/wp\/v2\/comments?post=27723"}],"version-history":[{"count":10,"href":"https:\/\/maison-chance.org\/fr\/wp-json\/wp\/v2\/pages\/27723\/revisions"}],"predecessor-version":[{"id":38394,"href":"https:\/\/maison-chance.org\/fr\/wp-json\/wp\/v2\/pages\/27723\/revisions\/38394"}],"up":[{"embeddable":true,"href":"https:\/\/maison-chance.org\/fr\/wp-json\/wp\/v2\/pages\/2693"}],"wp:featuredmedia":[{"embeddable":true,"href":"https:\/\/maison-chance.org\/fr\/wp-json\/wp\/v2\/media\/5633"}],"wp:attachment":[{"href":"https:\/\/maison-chance.org\/fr\/wp-json\/wp\/v2\/media?parent=27723"}],"curies":[{"name":"wp","href":"https:\/\/api.w.org\/{rel}","templated":true}]}}