{"id":3500,"date":"2021-10-13T09:29:01","date_gmt":"2021-10-13T09:29:01","guid":{"rendered":"https:\/\/maison-chance.org\/?page_id=3500"},"modified":"2023-02-28T15:54:05","modified_gmt":"2023-02-28T08:54:05","slug":"maison-chance-international","status":"publish","type":"page","link":"https:\/\/maison-chance.org\/fr\/maison-chance-international","title":{"rendered":"Maison Chance International"},"content":{"rendered":"\n\t<section class=\"section\" id=\"section_1564185392\">\n\t\t<div class=\"section-bg fill\" >\n\t\t\t\t\t\t\t\t\t\n\t\t\t\n\n\t\t<\/div>\n\n\t\t\n\n\t\t<div class=\"section-content relative\">\n\t\t\t\n\t<div id=\"gap-1203311063\" class=\"gap-element clearfix\" style=\"display:block; height:auto;\">\n\t\t\n<style>\n#gap-1203311063 {\n  padding-top: 20px;\n}\n<\/style>\n\t<\/div>\n\t\n<div class=\"row\"  id=\"row-415172178\">\n\n\t<div id=\"col-1446876174\" class=\"col small-12 large-12\"  >\n\t\t\t\t<div class=\"col-inner text-left\"  >\n\t\t\t\n\t\t\t\n<h2>MAISON CHANCE INTERNATIONALE<\/h2>\n\t<div id=\"gap-669840577\" class=\"gap-element clearfix\" style=\"display:block; height:auto;\">\n\t\t\n<style>\n#gap-669840577 {\n  padding-top: 10px;\n}\n<\/style>\n\t<\/div>\n\t\n<div class=\"row row-collapse align-equal row-divided row-box-shadow-1 row-box-shadow-4-hover\"  id=\"row-2053038936\">\n\n\t<div id=\"col-560322771\" class=\"col medium-4 small-12 large-2\"  >\n\t\t\t\t<div class=\"col-inner\"  >\n\t\t\t\n\t\t\t\n<a href=\"https:\/\/maison-chance.org\/fr\/maison-chance-international\/maison-chance-etats-unis\" class=\"button primary is-link is-small expand\" >\n\t\t<span>MAISON CHANCE USA<\/span>\n\t<\/a>\n\n\t\t<\/div>\n\t\t\t\t\n<style>\n#col-560322771 > .col-inner {\n  border-radius: 4px;\n}\n<\/style>\n\t<\/div>\n\n\t\n\n\t<div id=\"col-770535387\" class=\"col medium-4 small-12 large-3\"  >\n\t\t\t\t<div class=\"col-inner\"  >\n\t\t\t\n\t\t\t\n<a href=\"https:\/\/maison-chance.org\/fr\/maison-chance-international\/maison-chance-canada\" class=\"button primary is-link is-small expand\" >\n\t\t<span>MAISON CHANCE CANADA<\/span>\n\t<\/a>\n\n\t\t<\/div>\n\t\t\t\t\n<style>\n#col-770535387 > .col-inner {\n  border-radius: 4px;\n}\n<\/style>\n\t<\/div>\n\n\t\n\n\t<div id=\"col-1572652833\" class=\"col medium-4 small-12 large-2\"  >\n\t\t\t\t<div class=\"col-inner\"  >\n\t\t\t\n\t\t\t\n<a href=\"https:\/\/maison-chance.org\/fr\/maison-chance-international\/maison-chance-france\" class=\"button primary is-link is-small expand\" >\n\t\t<span>MAISON CHANCE FRANCE<\/span>\n\t<\/a>\n\n\t\t<\/div>\n\t\t\t\t\n<style>\n#col-1572652833 > .col-inner {\n  border-radius: 4px;\n}\n<\/style>\n\t<\/div>\n\n\t\n\n\t<div id=\"col-459229711\" class=\"col medium-4 small-12 large-3\"  >\n\t\t\t\t<div class=\"col-inner\"  >\n\t\t\t\n\t\t\t\n<a href=\"https:\/\/maison-chance.org\/fr\/maison-chance-international\/maison-chance-suisse\" class=\"button primary is-link is-small expand\" >\n\t\t<span>MAISON CHANCE SUISSE<\/span>\n\t<\/a>\n\n\t\t<\/div>\n\t\t\t\t\n<style>\n#col-459229711 > .col-inner {\n  border-radius: 4px;\n}\n<\/style>\n\t<\/div>\n\n\t\n\n\t<div id=\"col-1156026367\" class=\"col medium-4 small-12 large-2\"  >\n\t\t\t\t<div class=\"col-inner\"  >\n\t\t\t\n\t\t\t\n<a href=\"https:\/\/maison-chance.org\/fr\/maison-chance-international\/maison-chance-vietnam\" class=\"button primary is-link is-small expand\" >\n\t\t<span>MAISON CHANCE VIETNAM<\/span>\n\t<\/a>\n\n\t\t<\/div>\n\t\t\t\t\n<style>\n#col-1156026367 > .col-inner {\n  border-radius: 4px;\n}\n<\/style>\n\t<\/div>\n\n\t\n\n\t<div id=\"col-371591328\" class=\"col medium-3 small-12 large-3\"  >\n\t\t\t\t<div class=\"col-inner\"  >\n\t\t\t\n\t\t\t\n<a href=\"#\" class=\"button primary is-link is-small expand\" >\n\t\t<span>MAISON CHANCE BELGIQUE<\/span>\n\t<\/a>\n\n\t\t<\/div>\n\t\t\t\t\n<style>\n#col-371591328 > .col-inner {\n  border-radius: 4px;\n}\n<\/style>\n\t<\/div>\n\n\t\n\n<style>\n#row-2053038936 > .col > .col-inner {\n  padding: 15px 0px 0px 0px;\n  background-color: rgb(255,255,255);\n}\n<\/style>\n<\/div>\n\t\t<\/div>\n\t\t\t\t\t<\/div>\n\n\t\n<\/div>\n<div class=\"row\"  id=\"row-1474199824\">\n\n\t<div id=\"col-1032998658\" class=\"col small-12 large-12\"  >\n\t\t\t\t<div class=\"col-inner\"  >\n\t\t\t\n\t\t\t\n<div class=\"row row-small\"  id=\"row-2005176714\">\n\n\t<div id=\"col-1305615348\" class=\"col small-12 large-12\"  >\n\t\t\t\t<div class=\"col-inner\"  >\n\t\t\t\n\t\t\t\n<p style=\"text-align: justify;\"><span style=\"font-family: arial,helvetica,sans-serif;\"><span style=\"font-size: 11pt;\"><br \/>\nPour r\u00e9pondre \u00e0 un besoin grandissant de Maison Chance Vietnam, de nombreuses antennes locales ont vu le jour en France, en Suisse, aux USA ainsi qu\u2019au Canada. Ce sont des organismes sans but lucratif et non gouvernementaux<\/span><\/span><\/p>\n<p style=\"text-align: justify;\"><span style=\"font-family: arial,helvetica,sans-serif;\"><span style=\"font-size: 11pt;\">Leur principale mission est de collecter des fonds afin de soutenir les diff\u00e9rentes activit\u00e9s de Maison Chance Vietnam. Les comit\u00e9s de gestion sont enti\u00e8rement assur\u00e9s par des b\u00e9n\u00e9voles, ainsi la quasi-totalit\u00e9 des fonds lev\u00e9s sont revers\u00e9s \u00e0 Maison Chance Vietnam.<br \/>\n<\/span><\/span><\/p>\n<p style=\"text-align: justify;\"><span style=\"font-family: arial,helvetica,sans-serif;\"><span style=\"font-size: 11pt;\">Ces antennes locales assument aussi le r\u00f4le d\u2019interm\u00e9diaires entre les b\u00e9n\u00e9voles agissant dans leur pays et l\u2019association au Vietnam<br \/>\n<\/span><\/span><\/p>\n<p style=\"text-align: justify;\"><span style=\"font-family: arial,helvetica,sans-serif;\"><span style=\"font-size: 11pt;\">Durant l\u2019ann\u00e9e, l\u2019organisation d\u2019\u00e9v\u00e9nements caritatifs ainsi que de vente de produits fabriqu\u00e9s dans nos ateliers permettent \u00e0 Maison Chance de rayonner internationalement.<br \/>\n<\/span><\/span><\/p>\n<p style=\"text-align: justify;\"><span style=\"font-family: arial,helvetica,sans-serif;\"><span style=\"font-size: 11pt;\">Les diff\u00e9rentes associations Maison Chance vous sont tr\u00e8s reconnaissantes pour votre aide et votre g\u00e9n\u00e9rosit\u00e9. Nous esp\u00e9rons continuer \u00e0 recevoir votre soutien dans le futur. C\u2019est \u00e0 travers votre pr\u00e9sence continue que nous sommes capables d\u2019aider et d\u2019h\u00e9berger les orphelins, les enfants des rues, les personnes d\u00e9favoris\u00e9es et handicap\u00e9es au Vietnam <\/span><\/span><\/p>\n\t\t<\/div>\n\t\t\t\t\t<\/div>\n\n\t\n<\/div>\n<div class=\"is-divider divider clearfix\" style=\"margin-top:1.5em;margin-bottom:1.5em;max-width:100%;height:1px;\"><\/div>\n\t\t<\/div>\n\t\t\t\t\t<\/div>\n\n\t\n<\/div>\n\t\t<\/div>\n\n\t\t\n<style>\n#section_1564185392 {\n  padding-top: 0px;\n  padding-bottom: 0px;\n  background-color: rgb(207, 236, 249);\n}\n<\/style>\n\t<\/section>\n\t\n","protected":false},"excerpt":{"rendered":"","protected":false},"author":1,"featured_media":2159,"parent":0,"menu_order":0,"comment_status":"closed","ping_status":"closed","template":"","meta":{"give_campaign_id":0,"footnotes":""},"class_list":["post-3500","page","type-page","status-publish","has-post-thumbnail","hentry"],"yoast_head":"<!-- This site is optimized with the Yoast SEO plugin v27.2 - https:\/\/yoast.com\/product\/yoast-seo-wordpress\/ -->\n<title>Maison Chance International | Association Maison Chance<\/title>\n<meta name=\"description\" content=\"Afin d&#039;assurer le budget de fonctionnement annuel de Maison Chance au Vietnam, la Association a mis en place des Organisations Maison Chance\" \/>\n<meta name=\"robots\" content=\"index, follow, max-snippet:-1, max-image-preview:large, max-video-preview:-1\" \/>\n<link rel=\"canonical\" href=\"https:\/\/maison-chance.org\/fr\/maison-chance-international\" \/>\n<meta property=\"og:locale\" content=\"fr_FR\" \/>\n<meta property=\"og:type\" content=\"article\" \/>\n<meta property=\"og:title\" content=\"Maison Chance Internationale | Association Maison Chance\" \/>\n<meta property=\"og:description\" content=\"Afin d&#039;assurer le budget de fonctionnement annuel de Maison Chance au Vietnam, la Association a mis en place des Organisations Maison Chance\" \/>\n<meta property=\"og:url\" content=\"https:\/\/maison-chance.org\/fr\/maison-chance-international\" \/>\n<meta property=\"og:site_name\" content=\"Maison Chance Association\" \/>\n<meta property=\"article:publisher\" content=\"https:\/\/www.facebook.com\/MaisonChance\" \/>\n<meta property=\"article:modified_time\" content=\"2023-02-28T08:54:05+00:00\" \/>\n<meta property=\"og:image\" content=\"https:\/\/maison-chance.org\/wp-content\/uploads\/2021\/09\/Featued-Logo-MC-1.jpg\" \/>\n\t<meta property=\"og:image:width\" content=\"500\" \/>\n\t<meta property=\"og:image:height\" content=\"313\" \/>\n\t<meta property=\"og:image:type\" content=\"image\/jpeg\" \/>\n<meta name=\"twitter:card\" content=\"summary_large_image\" \/>\n<meta name=\"twitter:title\" content=\"Maison Chance Internationale | Association Maison Chance\" \/>\n<meta name=\"twitter:description\" content=\"Afin d&#039;assurer le budget de fonctionnement annuel de Maison Chance au Vietnam, la Association a mis en place des Organisations Maison Chance\" \/>\n<meta name=\"twitter:image\" content=\"https:\/\/maison-chance.org\/wp-content\/uploads\/2021\/09\/Featued-Logo-MC-1.jpg\" \/>\n<meta name=\"twitter:site\" content=\"@MaisonChanceVN\" \/>\n<meta name=\"twitter:label1\" content=\"Dur\u00e9e de lecture estim\u00e9e\" \/>\n\t<meta name=\"twitter:data1\" content=\"2 minutes\" \/>\n<script type=\"application\/ld+json\" class=\"yoast-schema-graph\">{\"@context\":\"https:\/\/schema.org\",\"@graph\":[{\"@type\":\"WebPage\",\"@id\":\"https:\/\/maison-chance.org\/fr\/maison-chance-international\",\"url\":\"https:\/\/maison-chance.org\/fr\/maison-chance-international\",\"name\":\"Maison Chance International | Association Maison Chance\",\"isPartOf\":{\"@id\":\"https:\/\/maison-chance.org\/fr#website\"},\"primaryImageOfPage\":{\"@id\":\"https:\/\/maison-chance.org\/fr\/maison-chance-international#primaryimage\"},\"image\":{\"@id\":\"https:\/\/maison-chance.org\/fr\/maison-chance-international#primaryimage\"},\"thumbnailUrl\":\"https:\/\/maison-chance.org\/wp-content\/uploads\/2021\/09\/Featued-Logo-MC-1.jpg\",\"datePublished\":\"2021-10-13T09:29:01+00:00\",\"dateModified\":\"2023-02-28T08:54:05+00:00\",\"description\":\"Afin d'assurer le budget de fonctionnement annuel de Maison Chance au Vietnam, la Association a mis en place des Organisations Maison Chance\",\"inLanguage\":\"fr-FR\",\"potentialAction\":[{\"@type\":\"ReadAction\",\"target\":[\"https:\/\/maison-chance.org\/fr\/maison-chance-international\"]}]},{\"@type\":\"ImageObject\",\"inLanguage\":\"fr-FR\",\"@id\":\"https:\/\/maison-chance.org\/fr\/maison-chance-international#primaryimage\",\"url\":\"https:\/\/maison-chance.org\/wp-content\/uploads\/2021\/09\/Featued-Logo-MC-1.jpg\",\"contentUrl\":\"https:\/\/maison-chance.org\/wp-content\/uploads\/2021\/09\/Featued-Logo-MC-1.jpg\",\"width\":500,\"height\":313},{\"@type\":\"WebSite\",\"@id\":\"https:\/\/maison-chance.org\/fr#website\",\"url\":\"https:\/\/maison-chance.org\/fr\",\"name\":\"https:\/\/maison-chance.org\/\",\"description\":\"Un avenir pour les moins chanceaux au Vietnam !\",\"publisher\":{\"@id\":\"https:\/\/maison-chance.org\/fr#organization\"},\"potentialAction\":[{\"@type\":\"SearchAction\",\"target\":{\"@type\":\"EntryPoint\",\"urlTemplate\":\"https:\/\/maison-chance.org\/fr?s={search_term_string}\"},\"query-input\":{\"@type\":\"PropertyValueSpecification\",\"valueRequired\":true,\"valueName\":\"search_term_string\"}}],\"inLanguage\":\"fr-FR\"},{\"@type\":\"Organization\",\"@id\":\"https:\/\/maison-chance.org\/fr#organization\",\"name\":\"https:\/\/maison-chance.org\/\",\"url\":\"https:\/\/maison-chance.org\/fr\",\"logo\":{\"@type\":\"ImageObject\",\"inLanguage\":\"fr-FR\",\"@id\":\"https:\/\/maison-chance.org\/fr#\/schema\/logo\/image\/\",\"url\":\"https:\/\/maison-chance.org\/wp-content\/uploads\/2021\/09\/Featued-Logo-MC-1.jpg\",\"contentUrl\":\"https:\/\/maison-chance.org\/wp-content\/uploads\/2021\/09\/Featued-Logo-MC-1.jpg\",\"width\":500,\"height\":313,\"caption\":\"https:\/\/maison-chance.org\/\"},\"image\":{\"@id\":\"https:\/\/maison-chance.org\/fr#\/schema\/logo\/image\/\"},\"sameAs\":[\"https:\/\/www.facebook.com\/MaisonChance\",\"https:\/\/x.com\/MaisonChanceVN\",\"https:\/\/www.instagram.com\/maisonchance\/\",\"https:\/\/www.youtube.com\/c\/MaisonChanceVideo\"]}]}<\/script>\n<!-- \/ Yoast SEO plugin. -->","yoast_head_json":{"title":"Maison Chance International | Association Maison Chance","description":"Afin d'assurer le budget de fonctionnement annuel de Maison Chance au Vietnam, la Association a mis en place des Organisations Maison Chance","robots":{"index":"index","follow":"follow","max-snippet":"max-snippet:-1","max-image-preview":"max-image-preview:large","max-video-preview":"max-video-preview:-1"},"canonical":"https:\/\/maison-chance.org\/fr\/maison-chance-international","og_locale":"fr_FR","og_type":"article","og_title":"Maison Chance Internationale | Association Maison Chance","og_description":"Afin d'assurer le budget de fonctionnement annuel de Maison Chance au Vietnam, la Association a mis en place des Organisations Maison Chance","og_url":"https:\/\/maison-chance.org\/fr\/maison-chance-international","og_site_name":"Maison Chance Association","article_publisher":"https:\/\/www.facebook.com\/MaisonChance","article_modified_time":"2023-02-28T08:54:05+00:00","og_image":[{"width":500,"height":313,"url":"https:\/\/maison-chance.org\/wp-content\/uploads\/2021\/09\/Featued-Logo-MC-1.jpg","type":"image\/jpeg"}],"twitter_card":"summary_large_image","twitter_title":"Maison Chance Internationale | Association Maison Chance","twitter_description":"Afin d'assurer le budget de fonctionnement annuel de Maison Chance au Vietnam, la Association a mis en place des Organisations Maison Chance","twitter_image":"https:\/\/maison-chance.org\/wp-content\/uploads\/2021\/09\/Featued-Logo-MC-1.jpg","twitter_site":"@MaisonChanceVN","twitter_misc":{"Dur\u00e9e de lecture estim\u00e9e":"2 minutes"},"schema":{"@context":"https:\/\/schema.org","@graph":[{"@type":"WebPage","@id":"https:\/\/maison-chance.org\/fr\/maison-chance-international","url":"https:\/\/maison-chance.org\/fr\/maison-chance-international","name":"Maison Chance International | Association Maison Chance","isPartOf":{"@id":"https:\/\/maison-chance.org\/fr#website"},"primaryImageOfPage":{"@id":"https:\/\/maison-chance.org\/fr\/maison-chance-international#primaryimage"},"image":{"@id":"https:\/\/maison-chance.org\/fr\/maison-chance-international#primaryimage"},"thumbnailUrl":"https:\/\/maison-chance.org\/wp-content\/uploads\/2021\/09\/Featued-Logo-MC-1.jpg","datePublished":"2021-10-13T09:29:01+00:00","dateModified":"2023-02-28T08:54:05+00:00","description":"Afin d'assurer le budget de fonctionnement annuel de Maison Chance au Vietnam, la Association a mis en place des Organisations Maison Chance","inLanguage":"fr-FR","potentialAction":[{"@type":"ReadAction","target":["https:\/\/maison-chance.org\/fr\/maison-chance-international"]}]},{"@type":"ImageObject","inLanguage":"fr-FR","@id":"https:\/\/maison-chance.org\/fr\/maison-chance-international#primaryimage","url":"https:\/\/maison-chance.org\/wp-content\/uploads\/2021\/09\/Featued-Logo-MC-1.jpg","contentUrl":"https:\/\/maison-chance.org\/wp-content\/uploads\/2021\/09\/Featued-Logo-MC-1.jpg","width":500,"height":313},{"@type":"WebSite","@id":"https:\/\/maison-chance.org\/fr#website","url":"https:\/\/maison-chance.org\/fr","name":"https:\/\/maison-chance.org\/","description":"Un avenir pour les moins chanceaux au Vietnam !","publisher":{"@id":"https:\/\/maison-chance.org\/fr#organization"},"potentialAction":[{"@type":"SearchAction","target":{"@type":"EntryPoint","urlTemplate":"https:\/\/maison-chance.org\/fr?s={search_term_string}"},"query-input":{"@type":"PropertyValueSpecification","valueRequired":true,"valueName":"search_term_string"}}],"inLanguage":"fr-FR"},{"@type":"Organization","@id":"https:\/\/maison-chance.org\/fr#organization","name":"https:\/\/maison-chance.org\/","url":"https:\/\/maison-chance.org\/fr","logo":{"@type":"ImageObject","inLanguage":"fr-FR","@id":"https:\/\/maison-chance.org\/fr#\/schema\/logo\/image\/","url":"https:\/\/maison-chance.org\/wp-content\/uploads\/2021\/09\/Featued-Logo-MC-1.jpg","contentUrl":"https:\/\/maison-chance.org\/wp-content\/uploads\/2021\/09\/Featued-Logo-MC-1.jpg","width":500,"height":313,"caption":"https:\/\/maison-chance.org\/"},"image":{"@id":"https:\/\/maison-chance.org\/fr#\/schema\/logo\/image\/"},"sameAs":["https:\/\/www.facebook.com\/MaisonChance","https:\/\/x.com\/MaisonChanceVN","https:\/\/www.instagram.com\/maisonchance\/","https:\/\/www.youtube.com\/c\/MaisonChanceVideo"]}]}},"campaignId":"","_links":{"self":[{"href":"https:\/\/maison-chance.org\/fr\/wp-json\/wp\/v2\/pages\/3500","targetHints":{"allow":["GET"]}}],"collection":[{"href":"https:\/\/maison-chance.org\/fr\/wp-json\/wp\/v2\/pages"}],"about":[{"href":"https:\/\/maison-chance.org\/fr\/wp-json\/wp\/v2\/types\/page"}],"author":[{"embeddable":true,"href":"https:\/\/maison-chance.org\/fr\/wp-json\/wp\/v2\/users\/1"}],"replies":[{"embeddable":true,"href":"https:\/\/maison-chance.org\/fr\/wp-json\/wp\/v2\/comments?post=3500"}],"version-history":[{"count":14,"href":"https:\/\/maison-chance.org\/fr\/wp-json\/wp\/v2\/pages\/3500\/revisions"}],"predecessor-version":[{"id":39526,"href":"https:\/\/maison-chance.org\/fr\/wp-json\/wp\/v2\/pages\/3500\/revisions\/39526"}],"wp:featuredmedia":[{"embeddable":true,"href":"https:\/\/maison-chance.org\/fr\/wp-json\/wp\/v2\/media\/2159"}],"wp:attachment":[{"href":"https:\/\/maison-chance.org\/fr\/wp-json\/wp\/v2\/media?parent=3500"}],"curies":[{"name":"wp","href":"https:\/\/api.w.org\/{rel}","templated":true}]}}