{"id":3564,"date":"2021-10-14T03:03:30","date_gmt":"2021-10-14T03:03:30","guid":{"rendered":"https:\/\/maison-chance.org\/?page_id=3564"},"modified":"2021-10-14T03:06:31","modified_gmt":"2021-10-14T03:06:31","slug":"evenements","status":"publish","type":"page","link":"https:\/\/maison-chance.org\/fr\/programmes-et-activites\/evenements","title":{"rendered":"\u00c9v\u00e9nements"},"content":{"rendered":"\n\t<section class=\"section info-card-1\" id=\"section_1231433508\">\n\t\t<div class=\"section-bg fill\" >\n\t\t\t\t\t\t\t\t\t\n\t\t\t\n\n\t\t<\/div>\n\n\t\t\n\n\t\t<div class=\"section-content relative\">\n\t\t\t\n<div class=\"row\"  id=\"row-1651873364\">\n\n\t<div id=\"col-1853032526\" class=\"col small-12 large-12\"  >\n\t\t\t\t<div class=\"col-inner text-center\"  >\n\t\t\t\n\t\t\t\n\t<div id=\"text-843145208\" class=\"text title-dau-trang\">\n\t\t\n<h1>LES EVENEMENTS DE MAISON CHANCE<\/1><br \/>\n\t\t\n<style>\n#text-843145208 {\n  color: rgb(0, 124, 186);\n}\n#text-843145208 > * {\n  color: rgb(0, 124, 186);\n}\n<\/style>\n\t<\/div>\n\t\n\t\t<\/div>\n\t\t\t\t\n<style>\n#col-1853032526 > .col-inner {\n  padding: 20px 0px 0px 0px;\n}\n<\/style>\n\t<\/div>\n\n\t\n<\/div>\n<div class=\"row row-small align-equal\"  id=\"row-2117771716\">\n\n\t<div id=\"col-762267648\" class=\"col medium-4 small-12 large-4\"  >\n\t\t\t\t<div class=\"col-inner\"  >\n\t\t\t\n\t\t\t\n\t<div class=\"box has-hover   has-hover box-push box-text-bottom\" >\n\n\t\t<div class=\"box-image\" style=\"border-radius:4%;\">\n\t\t\t<a href=\"#\" >\t\t\t<div class=\"image-zoom image-cover\" style=\"padding-top:100%;\">\n\t\t\t\t<img loading=\"lazy\" decoding=\"async\" width=\"800\" height=\"532\" src=\"https:\/\/maison-chance.org\/wp-content\/uploads\/2021\/09\/su-kien-01.jpg\" class=\"attachment-original size-original\" alt=\"\" srcset=\"https:\/\/maison-chance.org\/wp-content\/uploads\/2021\/09\/su-kien-01.jpg 800w, https:\/\/maison-chance.org\/wp-content\/uploads\/2021\/09\/su-kien-01-300x200.jpg 300w, https:\/\/maison-chance.org\/wp-content\/uploads\/2021\/09\/su-kien-01-768x511.jpg 768w, https:\/\/maison-chance.org\/wp-content\/uploads\/2021\/09\/su-kien-01-450x299.jpg 450w\" sizes=\"auto, (max-width: 800px) 100vw, 800px\" \/>\t\t\t\t<div class=\"overlay\" style=\"background-color:rgba(0, 124, 186, 0.14)\"><\/div>\t\t\t\t\t\t\t<\/div>\n\t\t\t<\/a>\t\t<\/div>\n\n\t\t<div class=\"box-text text-center\" style=\"background-color:rgb(255, 255, 255);padding:20px 5% 20px 5%;\">\n\t\t\t<div class=\"box-text-inner\">\n\t\t\t\t\n<h4>Il n&rsquo;y a pas encore d&rsquo;\u00e9v\u00e9nements<\/h4>\n<p>Il n&rsquo;y a actuellement aucun \u00e9v\u00e9nement \u00e0 venir. <\/p>\n<a class=\"button primary is-bevel box-shadow-3 box-shadow-5-hover\" style=\"border-radius:5px;\">\n\t\t<span>VOIR PLUS<\/span>\n\t<\/a>\n\n\t\t\t<\/div>\n\t\t<\/div>\n\t<\/div>\n\t\n\t\t<\/div>\n\t\t\t\t\t<\/div>\n\n\t\n\n\t<div id=\"col-1124960588\" class=\"col medium-4 small-12 large-4\"  >\n\t\t\t\t<div class=\"col-inner\"  >\n\t\t\t\n\t\t\t\n\t<div class=\"box has-hover   has-hover box-push box-text-bottom\" >\n\n\t\t<div class=\"box-image\" style=\"border-radius:4%;\">\n\t\t\t<a href=\"#\" >\t\t\t<div class=\"image-zoom image-cover\" style=\"padding-top:100%;\">\n\t\t\t\t<img loading=\"lazy\" decoding=\"async\" width=\"800\" height=\"532\" src=\"https:\/\/maison-chance.org\/wp-content\/uploads\/2021\/09\/su-kien-01.jpg\" class=\"attachment-original size-original\" alt=\"\" srcset=\"https:\/\/maison-chance.org\/wp-content\/uploads\/2021\/09\/su-kien-01.jpg 800w, https:\/\/maison-chance.org\/wp-content\/uploads\/2021\/09\/su-kien-01-300x200.jpg 300w, https:\/\/maison-chance.org\/wp-content\/uploads\/2021\/09\/su-kien-01-768x511.jpg 768w, https:\/\/maison-chance.org\/wp-content\/uploads\/2021\/09\/su-kien-01-450x299.jpg 450w\" sizes=\"auto, (max-width: 800px) 100vw, 800px\" \/>\t\t\t\t<div class=\"overlay\" style=\"background-color:rgba(0, 124, 186, 0.14)\"><\/div>\t\t\t\t\t\t\t<\/div>\n\t\t\t<\/a>\t\t<\/div>\n\n\t\t<div class=\"box-text text-center\" style=\"background-color:rgb(255, 255, 255);padding:20px 5% 20px 5%;\">\n\t\t\t<div class=\"box-text-inner\">\n\t\t\t\t\n<h4>Il n&rsquo;y a pas encore d&rsquo;\u00e9v\u00e9nements<\/h4>\n<p>Il n&rsquo;y a actuellement aucun \u00e9v\u00e9nement \u00e0 venir. <\/p>\n<a class=\"button primary is-bevel box-shadow-3 box-shadow-5-hover\" style=\"border-radius:5px;\">\n\t\t<span>VOIR PLUS<\/span>\n\t<\/a>\n\n\t\t\t<\/div>\n\t\t<\/div>\n\t<\/div>\n\t\n\t\t<\/div>\n\t\t\t\t\t<\/div>\n\n\t\n\n\t<div id=\"col-1299762197\" class=\"col medium-4 small-12 large-4\"  >\n\t\t\t\t<div class=\"col-inner\"  >\n\t\t\t\n\t\t\t\n\t<div class=\"box has-hover   has-hover box-push box-text-bottom\" >\n\n\t\t<div class=\"box-image\" style=\"border-radius:4%;\">\n\t\t\t<a href=\"#\" >\t\t\t<div class=\"image-zoom image-cover\" style=\"padding-top:100%;\">\n\t\t\t\t<img loading=\"lazy\" decoding=\"async\" width=\"800\" height=\"532\" src=\"https:\/\/maison-chance.org\/wp-content\/uploads\/2021\/09\/su-kien-01.jpg\" class=\"attachment-original size-original\" alt=\"\" srcset=\"https:\/\/maison-chance.org\/wp-content\/uploads\/2021\/09\/su-kien-01.jpg 800w, https:\/\/maison-chance.org\/wp-content\/uploads\/2021\/09\/su-kien-01-300x200.jpg 300w, https:\/\/maison-chance.org\/wp-content\/uploads\/2021\/09\/su-kien-01-768x511.jpg 768w, https:\/\/maison-chance.org\/wp-content\/uploads\/2021\/09\/su-kien-01-450x299.jpg 450w\" sizes=\"auto, (max-width: 800px) 100vw, 800px\" \/>\t\t\t\t<div class=\"overlay\" style=\"background-color:rgba(0, 124, 186, 0.14)\"><\/div>\t\t\t\t\t\t\t<\/div>\n\t\t\t<\/a>\t\t<\/div>\n\n\t\t<div class=\"box-text text-center\" style=\"background-color:rgb(255, 255, 255);padding:20px 5% 20px 5%;\">\n\t\t\t<div class=\"box-text-inner\">\n\t\t\t\t\n<h4>Il n&rsquo;y a pas encore d&rsquo;\u00e9v\u00e9nements<\/h4>\n<p>Il n&rsquo;y a actuellement aucun \u00e9v\u00e9nement \u00e0 venir. <\/p>\n<a class=\"button primary is-bevel box-shadow-3 box-shadow-5-hover\" style=\"border-radius:5px;\">\n\t\t<span>VOIR PLUS<\/span>\n\t<\/a>\n\n\t\t\t<\/div>\n\t\t<\/div>\n\t<\/div>\n\t\n\t\t<\/div>\n\t\t\t\t\t<\/div>\n\n\t\n\n<style>\n#row-2117771716 > .col > .col-inner {\n  background-color: rgb(255,255,255);\n}\n<\/style>\n<\/div>\n\t\t<\/div>\n\n\t\t\n<style>\n#section_1231433508 {\n  padding-top: 10px;\n  padding-bottom: 10px;\n  background-color: rgb(207, 236, 249);\n}\n<\/style>\n\t<\/section>\n\t\n","protected":false},"excerpt":{"rendered":"","protected":false},"author":1,"featured_media":2372,"parent":3369,"menu_order":0,"comment_status":"closed","ping_status":"closed","template":"page-blank.php","meta":{"give_campaign_id":0,"footnotes":""},"class_list":["post-3564","page","type-page","status-publish","has-post-thumbnail","hentry"],"yoast_head":"<!-- This site is optimized with the Yoast SEO plugin v27.5 - https:\/\/yoast.com\/product\/yoast-seo-wordpress\/ -->\n<title>\u00c9v\u00e9nements | Association Maison Chance<\/title>\n<meta name=\"description\" content=\"Les \u00e9v\u00e9nements de collecte de fonds pour amasser des fonds pour les activit\u00e9s de Maison Chance au pays et \u00e0 l&#039;\u00e9tranger seront affich\u00e9s ici\" \/>\n<meta name=\"robots\" content=\"index, follow, max-snippet:-1, max-image-preview:large, max-video-preview:-1\" \/>\n<link rel=\"canonical\" href=\"https:\/\/maison-chance.org\/fr\/programmes-et-activites\/evenements\" \/>\n<meta property=\"og:locale\" content=\"fr_FR\" \/>\n<meta property=\"og:type\" content=\"article\" \/>\n<meta property=\"og:title\" content=\"\u00c9v\u00e9nements | Association Maison Chance\" \/>\n<meta property=\"og:description\" content=\"Les \u00e9v\u00e9nements de collecte de fonds pour amasser des fonds pour les activit\u00e9s de Maison Chance au pays et \u00e0 l&#039;\u00e9tranger seront affich\u00e9s ici...\" \/>\n<meta property=\"og:url\" content=\"https:\/\/maison-chance.org\/fr\/programmes-et-activites\/evenements\" \/>\n<meta property=\"og:site_name\" content=\"Maison Chance Association\" \/>\n<meta property=\"article:publisher\" content=\"https:\/\/www.facebook.com\/MaisonChance\" \/>\n<meta property=\"article:modified_time\" content=\"2021-10-14T03:06:31+00:00\" \/>\n<meta property=\"og:image\" content=\"https:\/\/maison-chance.org\/wp-content\/uploads\/2021\/09\/su-kien-01.jpg\" \/>\n\t<meta property=\"og:image:width\" content=\"800\" \/>\n\t<meta property=\"og:image:height\" content=\"532\" \/>\n\t<meta property=\"og:image:type\" content=\"image\/jpeg\" \/>\n<meta name=\"twitter:card\" content=\"summary_large_image\" \/>\n<meta name=\"twitter:title\" content=\"\u00c9v\u00e9nements | Association Maison Chance\" \/>\n<meta name=\"twitter:description\" content=\"Les \u00e9v\u00e9nements de collecte de fonds pour amasser des fonds pour les activit\u00e9s de Maison Chance au pays et \u00e0 l&#039;\u00e9tranger seront affich\u00e9s ici...\" \/>\n<meta name=\"twitter:image\" content=\"https:\/\/maison-chance.org\/wp-content\/uploads\/2021\/09\/su-kien-01.jpg\" \/>\n<meta name=\"twitter:site\" content=\"@MaisonChanceVN\" \/>\n<meta name=\"twitter:label1\" content=\"Dur\u00e9e de lecture estim\u00e9e\" \/>\n\t<meta name=\"twitter:data1\" content=\"1 minute\" \/>\n<script type=\"application\/ld+json\" class=\"yoast-schema-graph\">{\"@context\":\"https:\\\/\\\/schema.org\",\"@graph\":[{\"@type\":\"WebPage\",\"@id\":\"https:\\\/\\\/maison-chance.org\\\/fr\\\/programmes-et-activites\\\/evenements\",\"url\":\"https:\\\/\\\/maison-chance.org\\\/fr\\\/programmes-et-activites\\\/evenements\",\"name\":\"\u00c9v\u00e9nements | Association Maison Chance\",\"isPartOf\":{\"@id\":\"https:\\\/\\\/maison-chance.org\\\/fr#website\"},\"primaryImageOfPage\":{\"@id\":\"https:\\\/\\\/maison-chance.org\\\/fr\\\/programmes-et-activites\\\/evenements#primaryimage\"},\"image\":{\"@id\":\"https:\\\/\\\/maison-chance.org\\\/fr\\\/programmes-et-activites\\\/evenements#primaryimage\"},\"thumbnailUrl\":\"https:\\\/\\\/maison-chance.org\\\/wp-content\\\/uploads\\\/2021\\\/09\\\/su-kien-01.jpg\",\"datePublished\":\"2021-10-14T03:03:30+00:00\",\"dateModified\":\"2021-10-14T03:06:31+00:00\",\"description\":\"Les \u00e9v\u00e9nements de collecte de fonds pour amasser des fonds pour les activit\u00e9s de Maison Chance au pays et \u00e0 l'\u00e9tranger seront affich\u00e9s ici\",\"breadcrumb\":{\"@id\":\"https:\\\/\\\/maison-chance.org\\\/fr\\\/programmes-et-activites\\\/evenements#breadcrumb\"},\"inLanguage\":\"fr-FR\",\"potentialAction\":[{\"@type\":\"ReadAction\",\"target\":[\"https:\\\/\\\/maison-chance.org\\\/fr\\\/programmes-et-activites\\\/evenements\"]}]},{\"@type\":\"ImageObject\",\"inLanguage\":\"fr-FR\",\"@id\":\"https:\\\/\\\/maison-chance.org\\\/fr\\\/programmes-et-activites\\\/evenements#primaryimage\",\"url\":\"https:\\\/\\\/maison-chance.org\\\/wp-content\\\/uploads\\\/2021\\\/09\\\/su-kien-01.jpg\",\"contentUrl\":\"https:\\\/\\\/maison-chance.org\\\/wp-content\\\/uploads\\\/2021\\\/09\\\/su-kien-01.jpg\",\"width\":800,\"height\":532},{\"@type\":\"BreadcrumbList\",\"@id\":\"https:\\\/\\\/maison-chance.org\\\/fr\\\/programmes-et-activites\\\/evenements#breadcrumb\",\"itemListElement\":[{\"@type\":\"ListItem\",\"position\":1,\"name\":\"Programmes et Activit\u00e9s\",\"item\":\"https:\\\/\\\/maison-chance.org\\\/fr\\\/programmes-et-activites\"},{\"@type\":\"ListItem\",\"position\":2,\"name\":\"\u00c9v\u00e9nements\"}]},{\"@type\":\"WebSite\",\"@id\":\"https:\\\/\\\/maison-chance.org\\\/fr#website\",\"url\":\"https:\\\/\\\/maison-chance.org\\\/fr\",\"name\":\"https:\\\/\\\/maison-chance.org\\\/\",\"description\":\"Un avenir pour les moins chanceaux au Vietnam !\",\"publisher\":{\"@id\":\"https:\\\/\\\/maison-chance.org\\\/fr#organization\"},\"potentialAction\":[{\"@type\":\"SearchAction\",\"target\":{\"@type\":\"EntryPoint\",\"urlTemplate\":\"https:\\\/\\\/maison-chance.org\\\/fr?s={search_term_string}\"},\"query-input\":{\"@type\":\"PropertyValueSpecification\",\"valueRequired\":true,\"valueName\":\"search_term_string\"}}],\"inLanguage\":\"fr-FR\"},{\"@type\":\"Organization\",\"@id\":\"https:\\\/\\\/maison-chance.org\\\/fr#organization\",\"name\":\"https:\\\/\\\/maison-chance.org\\\/\",\"url\":\"https:\\\/\\\/maison-chance.org\\\/fr\",\"logo\":{\"@type\":\"ImageObject\",\"inLanguage\":\"fr-FR\",\"@id\":\"https:\\\/\\\/maison-chance.org\\\/fr#\\\/schema\\\/logo\\\/image\\\/\",\"url\":\"https:\\\/\\\/maison-chance.org\\\/wp-content\\\/uploads\\\/2021\\\/09\\\/Featued-Logo-MC-1.jpg\",\"contentUrl\":\"https:\\\/\\\/maison-chance.org\\\/wp-content\\\/uploads\\\/2021\\\/09\\\/Featued-Logo-MC-1.jpg\",\"width\":500,\"height\":313,\"caption\":\"https:\\\/\\\/maison-chance.org\\\/\"},\"image\":{\"@id\":\"https:\\\/\\\/maison-chance.org\\\/fr#\\\/schema\\\/logo\\\/image\\\/\"},\"sameAs\":[\"https:\\\/\\\/www.facebook.com\\\/MaisonChance\",\"https:\\\/\\\/x.com\\\/MaisonChanceVN\",\"https:\\\/\\\/www.instagram.com\\\/maisonchance\\\/\",\"https:\\\/\\\/www.youtube.com\\\/c\\\/MaisonChanceVideo\"]}]}<\/script>\n<!-- \/ Yoast SEO plugin. -->","yoast_head_json":{"title":"\u00c9v\u00e9nements | Association Maison Chance","description":"Les \u00e9v\u00e9nements de collecte de fonds pour amasser des fonds pour les activit\u00e9s de Maison Chance au pays et \u00e0 l'\u00e9tranger seront affich\u00e9s ici","robots":{"index":"index","follow":"follow","max-snippet":"max-snippet:-1","max-image-preview":"max-image-preview:large","max-video-preview":"max-video-preview:-1"},"canonical":"https:\/\/maison-chance.org\/fr\/programmes-et-activites\/evenements","og_locale":"fr_FR","og_type":"article","og_title":"\u00c9v\u00e9nements | Association Maison Chance","og_description":"Les \u00e9v\u00e9nements de collecte de fonds pour amasser des fonds pour les activit\u00e9s de Maison Chance au pays et \u00e0 l'\u00e9tranger seront affich\u00e9s ici...","og_url":"https:\/\/maison-chance.org\/fr\/programmes-et-activites\/evenements","og_site_name":"Maison Chance Association","article_publisher":"https:\/\/www.facebook.com\/MaisonChance","article_modified_time":"2021-10-14T03:06:31+00:00","og_image":[{"width":800,"height":532,"url":"https:\/\/maison-chance.org\/wp-content\/uploads\/2021\/09\/su-kien-01.jpg","type":"image\/jpeg"}],"twitter_card":"summary_large_image","twitter_title":"\u00c9v\u00e9nements | Association Maison Chance","twitter_description":"Les \u00e9v\u00e9nements de collecte de fonds pour amasser des fonds pour les activit\u00e9s de Maison Chance au pays et \u00e0 l'\u00e9tranger seront affich\u00e9s ici...","twitter_image":"https:\/\/maison-chance.org\/wp-content\/uploads\/2021\/09\/su-kien-01.jpg","twitter_site":"@MaisonChanceVN","twitter_misc":{"Dur\u00e9e de lecture estim\u00e9e":"1 minute"},"schema":{"@context":"https:\/\/schema.org","@graph":[{"@type":"WebPage","@id":"https:\/\/maison-chance.org\/fr\/programmes-et-activites\/evenements","url":"https:\/\/maison-chance.org\/fr\/programmes-et-activites\/evenements","name":"\u00c9v\u00e9nements | Association Maison Chance","isPartOf":{"@id":"https:\/\/maison-chance.org\/fr#website"},"primaryImageOfPage":{"@id":"https:\/\/maison-chance.org\/fr\/programmes-et-activites\/evenements#primaryimage"},"image":{"@id":"https:\/\/maison-chance.org\/fr\/programmes-et-activites\/evenements#primaryimage"},"thumbnailUrl":"https:\/\/maison-chance.org\/wp-content\/uploads\/2021\/09\/su-kien-01.jpg","datePublished":"2021-10-14T03:03:30+00:00","dateModified":"2021-10-14T03:06:31+00:00","description":"Les \u00e9v\u00e9nements de collecte de fonds pour amasser des fonds pour les activit\u00e9s de Maison Chance au pays et \u00e0 l'\u00e9tranger seront affich\u00e9s ici","breadcrumb":{"@id":"https:\/\/maison-chance.org\/fr\/programmes-et-activites\/evenements#breadcrumb"},"inLanguage":"fr-FR","potentialAction":[{"@type":"ReadAction","target":["https:\/\/maison-chance.org\/fr\/programmes-et-activites\/evenements"]}]},{"@type":"ImageObject","inLanguage":"fr-FR","@id":"https:\/\/maison-chance.org\/fr\/programmes-et-activites\/evenements#primaryimage","url":"https:\/\/maison-chance.org\/wp-content\/uploads\/2021\/09\/su-kien-01.jpg","contentUrl":"https:\/\/maison-chance.org\/wp-content\/uploads\/2021\/09\/su-kien-01.jpg","width":800,"height":532},{"@type":"BreadcrumbList","@id":"https:\/\/maison-chance.org\/fr\/programmes-et-activites\/evenements#breadcrumb","itemListElement":[{"@type":"ListItem","position":1,"name":"Programmes et Activit\u00e9s","item":"https:\/\/maison-chance.org\/fr\/programmes-et-activites"},{"@type":"ListItem","position":2,"name":"\u00c9v\u00e9nements"}]},{"@type":"WebSite","@id":"https:\/\/maison-chance.org\/fr#website","url":"https:\/\/maison-chance.org\/fr","name":"https:\/\/maison-chance.org\/","description":"Un avenir pour les moins chanceaux au Vietnam !","publisher":{"@id":"https:\/\/maison-chance.org\/fr#organization"},"potentialAction":[{"@type":"SearchAction","target":{"@type":"EntryPoint","urlTemplate":"https:\/\/maison-chance.org\/fr?s={search_term_string}"},"query-input":{"@type":"PropertyValueSpecification","valueRequired":true,"valueName":"search_term_string"}}],"inLanguage":"fr-FR"},{"@type":"Organization","@id":"https:\/\/maison-chance.org\/fr#organization","name":"https:\/\/maison-chance.org\/","url":"https:\/\/maison-chance.org\/fr","logo":{"@type":"ImageObject","inLanguage":"fr-FR","@id":"https:\/\/maison-chance.org\/fr#\/schema\/logo\/image\/","url":"https:\/\/maison-chance.org\/wp-content\/uploads\/2021\/09\/Featued-Logo-MC-1.jpg","contentUrl":"https:\/\/maison-chance.org\/wp-content\/uploads\/2021\/09\/Featued-Logo-MC-1.jpg","width":500,"height":313,"caption":"https:\/\/maison-chance.org\/"},"image":{"@id":"https:\/\/maison-chance.org\/fr#\/schema\/logo\/image\/"},"sameAs":["https:\/\/www.facebook.com\/MaisonChance","https:\/\/x.com\/MaisonChanceVN","https:\/\/www.instagram.com\/maisonchance\/","https:\/\/www.youtube.com\/c\/MaisonChanceVideo"]}]}},"campaignId":"","_links":{"self":[{"href":"https:\/\/maison-chance.org\/fr\/wp-json\/wp\/v2\/pages\/3564","targetHints":{"allow":["GET"]}}],"collection":[{"href":"https:\/\/maison-chance.org\/fr\/wp-json\/wp\/v2\/pages"}],"about":[{"href":"https:\/\/maison-chance.org\/fr\/wp-json\/wp\/v2\/types\/page"}],"author":[{"embeddable":true,"href":"https:\/\/maison-chance.org\/fr\/wp-json\/wp\/v2\/users\/1"}],"replies":[{"embeddable":true,"href":"https:\/\/maison-chance.org\/fr\/wp-json\/wp\/v2\/comments?post=3564"}],"version-history":[{"count":3,"href":"https:\/\/maison-chance.org\/fr\/wp-json\/wp\/v2\/pages\/3564\/revisions"}],"predecessor-version":[{"id":3567,"href":"https:\/\/maison-chance.org\/fr\/wp-json\/wp\/v2\/pages\/3564\/revisions\/3567"}],"up":[{"embeddable":true,"href":"https:\/\/maison-chance.org\/fr\/wp-json\/wp\/v2\/pages\/3369"}],"wp:featuredmedia":[{"embeddable":true,"href":"https:\/\/maison-chance.org\/fr\/wp-json\/wp\/v2\/media\/2372"}],"wp:attachment":[{"href":"https:\/\/maison-chance.org\/fr\/wp-json\/wp\/v2\/media?parent=3564"}],"curies":[{"name":"wp","href":"https:\/\/api.w.org\/{rel}","templated":true}]}}