{"id":3637,"date":"2021-10-14T09:25:09","date_gmt":"2021-10-14T09:25:09","guid":{"rendered":"https:\/\/maison-chance.org\/?page_id=3637"},"modified":"2024-01-25T10:27:38","modified_gmt":"2024-01-25T03:27:38","slug":"benevolat","status":"publish","type":"page","link":"https:\/\/maison-chance.org\/fr\/benevolat","title":{"rendered":"B\u00e9n\u00e9volat"},"content":{"rendered":"\n\t<section class=\"section\" id=\"section_1662095965\">\n\t\t<div class=\"section-bg fill\" >\n\t\t\t\t\t\t\t\t\t\n\t\t\t\n\n\t\t<\/div>\n\n\t\t\n\n\t\t<div class=\"section-content relative\">\n\t\t\t\n\t<div id=\"text-2326455917\" class=\"text title-trang-dao-tao\">\n\t\t\n<h1>INSCRIVEZ-VOUS POUR \u00caTRE B\u00c9N\u00c9VOLE \u00c0 MAISON CHANCE VIETNAM <\/h1>\n\t\t\n<style>\n#text-2326455917 {\n  text-align: center;\n  color: rgb(30, 140, 190);\n}\n#text-2326455917 > * {\n  color: rgb(30, 140, 190);\n}\n<\/style>\n\t<\/div>\n\t\n\t<div id=\"gap-536262148\" class=\"gap-element clearfix\" style=\"display:block; height:auto;\">\n\t\t\n<style>\n#gap-536262148 {\n  padding-top: 30px;\n}\n<\/style>\n\t<\/div>\n\t\n<div class=\"row\"  id=\"row-168547424\">\n<p style=\"text-align: justify;\"><span style=\"font-size: 11pt; font-family: arial, helvetica, sans-serif;\">Maison Chance recrute actuellement pour les postes de b\u00e9n\u00e9voles suivants. Nous nous engageons \u00e0 fournir des services humanitaires aux personnes dans le besoin au Vietnam. Cela comprend le partage des valeurs, de l&rsquo;\u00e9thique et de la vision de l&rsquo;organisation tout en respectant les droits des b\u00e9n\u00e9voles.<\/span><\/p>\n<p style=\"text-align: justify;\"><span style=\"font-size: 11pt; font-family: arial, helvetica, sans-serif;\">Les b\u00e9n\u00e9voles sont toujours les bienvenus \u00e0 Maison Chance et nous avons des besoins divers. Tous les c\u0153urs, les connaissances et les comp\u00e9tences sont utiles pour d\u00e9velopper des activit\u00e9s au sein de l&rsquo;organisation. Les lieux de travail incluent le Foyer de Maison Chance, le Centre Envol, le Village Chance \u00e0 HCMV et le Centre Social de Maison Chance \u00e0 la province de Dak Nong.<\/span><\/p>\n\n\t<div id=\"col-632302361\" class=\"col medium-4 small-12 large-4\"  >\n\t\t\t\t<div class=\"col-inner\"  >\n\t\t\t\n\t\t\t\n\n  <div class=\"banner has-hover\" id=\"banner-377222240\">\n          <div class=\"banner-inner fill\">\n        <div class=\"banner-bg fill\" >\n            <img loading=\"lazy\" decoding=\"async\" width=\"667\" height=\"1000\" src=\"https:\/\/maison-chance.org\/wp-content\/uploads\/2021\/10\/therapy.jpg\" class=\"bg attachment-original size-original\" alt=\"\" \/>                        <div class=\"overlay\"><\/div>            \n                    <\/div>\n\t\t\n        <div class=\"banner-layers container\">\n            <div class=\"fill banner-link\"><\/div>            \n   <div id=\"text-box-741531502\" class=\"text-box banner-layer x50 md-x50 lg-x50 y50 md-y50 lg-y50 res-text\">\n                                <div class=\"text-box-content text dark\">\n              \n              <div class=\"text-inner text-center\">\n                  \n<div class=\"container section-title-container title-dau-trang\" ><h2 class=\"section-title section-title-normal\"><b aria-hidden=\"true\"><\/b><span class=\"section-title-main\" style=\"color:rgb(255, 255, 255);\">Physioth\u00e9rapeute<\/span><b aria-hidden=\"true\"><\/b><\/h2><\/div>\n              <\/div>\n           <\/div>\n                            \n<style>\n#text-box-741531502 {\n  width: 83%;\n}\n#text-box-741531502 .text-box-content {\n  font-size: 100%;\n}\n@media (min-width:550px) {\n  #text-box-741531502 {\n    width: 73%;\n  }\n}\n<\/style>\n    <\/div>\n \n        <\/div>\n      <\/div>\n\n            \n<style>\n#banner-377222240 {\n  padding-top: 300px;\n}\n#banner-377222240 .overlay {\n  background-color: rgba(0, 0, 0, 0.442);\n}\n<\/style>\n  <\/div>\n\n\n<a href=\"https:\/\/maison-chance.org\/fr\/dossier-de-candidature-pour-un-volontariat\" class=\"button primary is-shade box-shadow-3 box-shadow-5-hover buton-dang-ky-tnv\" style=\"border-radius:5px;\">\n\t\t<span>INSCRIPTION<\/span>\n\t<\/a>\n\n\t\t<\/div>\n\t\t\t\t\t<\/div>\n\n\t\n\n\t<div id=\"col-1678600022\" class=\"col medium-4 small-12 large-4\"  >\n\t\t\t\t<div class=\"col-inner\"  >\n\t\t\t\n\t\t\t\n\n  <div class=\"banner has-hover\" id=\"banner-1891452606\">\n          <div class=\"banner-inner fill\">\n        <div class=\"banner-bg fill\" >\n            <img loading=\"lazy\" decoding=\"async\" width=\"667\" height=\"1000\" src=\"https:\/\/maison-chance.org\/wp-content\/uploads\/2021\/10\/education-1.jpg\" class=\"bg attachment-original size-original\" alt=\"\" \/>                        <div class=\"overlay\"><\/div>            \n                    <\/div>\n\t\t\n        <div class=\"banner-layers container\">\n            <div class=\"fill banner-link\"><\/div>            \n   <div id=\"text-box-618696612\" class=\"text-box banner-layer x50 md-x50 lg-x50 y50 md-y50 lg-y50 res-text\">\n                                <div class=\"text-box-content text dark\">\n              \n              <div class=\"text-inner text-center\">\n                  \n<div class=\"container section-title-container title-dau-trang\" ><h2 class=\"section-title section-title-normal\"><b aria-hidden=\"true\"><\/b><span class=\"section-title-main\" style=\"color:rgb(255, 255, 255);\">\u00c9ducation - Enseignants sp\u00e9cialis\u00e9s<\/span><b aria-hidden=\"true\"><\/b><\/h2><\/div>\n              <\/div>\n           <\/div>\n                            \n<style>\n#text-box-618696612 {\n  width: 96%;\n}\n#text-box-618696612 .text-box-content {\n  font-size: 100%;\n}\n@media (min-width:550px) {\n  #text-box-618696612 {\n    width: 100%;\n  }\n}\n<\/style>\n    <\/div>\n \n        <\/div>\n      <\/div>\n\n            \n<style>\n#banner-1891452606 {\n  padding-top: 300px;\n}\n#banner-1891452606 .overlay {\n  background-color: rgba(0, 0, 0, 0.442);\n}\n<\/style>\n  <\/div>\n\n\n<a href=\"https:\/\/maison-chance.org\/fr\/dossier-de-candidature-pour-un-volontariat\" class=\"button primary is-shade box-shadow-3 box-shadow-5-hover buton-dang-ky-tnv\" style=\"border-radius:5px;\">\n\t\t<span>INSCRIPTION<\/span>\n\t<\/a>\n\n\t\t<\/div>\n\t\t\t\t\t<\/div>\n\n\t\n\n\t<div id=\"col-1446508460\" class=\"col medium-4 small-12 large-4\"  >\n\t\t\t\t<div class=\"col-inner\"  >\n\t\t\t\n\t\t\t\n\n  <div class=\"banner has-hover\" id=\"banner-1164841125\">\n          <div class=\"banner-inner fill\">\n        <div class=\"banner-bg fill\" >\n            <img loading=\"lazy\" decoding=\"async\" width=\"667\" height=\"1000\" src=\"https:\/\/maison-chance.org\/wp-content\/uploads\/2021\/10\/communication-volutering.jpg\" class=\"bg attachment-original size-original\" alt=\"\" \/>                        <div class=\"overlay\"><\/div>            \n                    <\/div>\n\t\t\n        <div class=\"banner-layers container\">\n            <div class=\"fill banner-link\"><\/div>            \n   <div id=\"text-box-237518228\" class=\"text-box banner-layer x50 md-x50 lg-x50 y50 md-y50 lg-y50 res-text\">\n                                <div class=\"text-box-content text dark\">\n              \n              <div class=\"text-inner text-center\">\n                  \n<div class=\"container section-title-container title-dau-trang\" ><h2 class=\"section-title section-title-normal\"><b aria-hidden=\"true\"><\/b><span class=\"section-title-main\" style=\"color:rgb(255, 255, 255);\">COMMUNICATION<\/span><b aria-hidden=\"true\"><\/b><\/h2><\/div>\n              <\/div>\n           <\/div>\n                            \n<style>\n#text-box-237518228 {\n  width: 82%;\n}\n#text-box-237518228 .text-box-content {\n  font-size: 100%;\n}\n@media (min-width:550px) {\n  #text-box-237518228 {\n    width: 71%;\n  }\n}\n<\/style>\n    <\/div>\n \n        <\/div>\n      <\/div>\n\n            \n<style>\n#banner-1164841125 {\n  padding-top: 300px;\n}\n#banner-1164841125 .overlay {\n  background-color: rgba(0, 0, 0, 0.442);\n}\n<\/style>\n  <\/div>\n\n\n<a href=\"https:\/\/maison-chance.org\/fr\/dossier-de-candidature-pour-un-volontariat\" class=\"button primary is-shade box-shadow-3 box-shadow-5-hover buton-dang-ky-tnv\" style=\"border-radius:5px;\">\n\t\t<span>INSCRIPTION<\/span>\n\t<\/a>\n\n\t\t<\/div>\n\t\t\t\t\t<\/div>\n\n\t\n<\/div>\n<div class=\"row\"  id=\"row-1634081098\">\n\n\t<div id=\"col-1067175926\" class=\"col medium-4 small-12 large-4\"  >\n\t\t\t\t<div class=\"col-inner\"  >\n\t\t\t\n\t\t\t\n\n  <div class=\"banner has-hover\" id=\"banner-442554254\">\n          <div class=\"banner-inner fill\">\n        <div class=\"banner-bg fill\" >\n            <img loading=\"lazy\" decoding=\"async\" width=\"1000\" height=\"667\" src=\"https:\/\/maison-chance.org\/wp-content\/uploads\/2021\/10\/fundraising-voluntering.jpg\" class=\"bg attachment-original size-original\" alt=\"\" \/>                        <div class=\"overlay\"><\/div>            \n                    <\/div>\n\t\t\n        <div class=\"banner-layers container\">\n            <div class=\"fill banner-link\"><\/div>            \n   <div id=\"text-box-1323891247\" class=\"text-box banner-layer x50 md-x50 lg-x50 y50 md-y50 lg-y50 res-text\">\n                                <div class=\"text-box-content text dark\">\n              \n              <div class=\"text-inner text-center\">\n                  \n<div class=\"container section-title-container title-dau-trang\" ><h2 class=\"section-title section-title-normal\"><b aria-hidden=\"true\"><\/b><span class=\"section-title-main\" style=\"color:rgb(255, 255, 255);\">FUNDRAISING<\/span><b aria-hidden=\"true\"><\/b><\/h2><\/div>\n              <\/div>\n           <\/div>\n                            \n<style>\n#text-box-1323891247 {\n  width: 87%;\n}\n#text-box-1323891247 .text-box-content {\n  font-size: 100%;\n}\n@media (min-width:550px) {\n  #text-box-1323891247 {\n    width: 57%;\n  }\n}\n<\/style>\n    <\/div>\n \n        <\/div>\n      <\/div>\n\n            \n<style>\n#banner-442554254 {\n  padding-top: 300px;\n}\n#banner-442554254 .overlay {\n  background-color: rgba(0, 0, 0, 0.442);\n}\n<\/style>\n  <\/div>\n\n\n<a href=\"https:\/\/maison-chance.org\/fr\/dossier-de-candidature-pour-un-volontariat\" class=\"button primary is-shade box-shadow-3 box-shadow-5-hover buton-dang-ky-tnv\" style=\"border-radius:5px;\">\n\t\t<span>INSCRIPTION<\/span>\n\t<\/a>\n\n\t\t<\/div>\n\t\t\t\t\t<\/div>\n\n\t\n\n\t<div id=\"col-1788229836\" class=\"col medium-4 small-12 large-4\"  >\n\t\t\t\t<div class=\"col-inner\"  >\n\t\t\t\n\t\t\t\n\n  <div class=\"banner has-hover\" id=\"banner-1476676837\">\n          <div class=\"banner-inner fill\">\n        <div class=\"banner-bg fill\" >\n            <img loading=\"lazy\" decoding=\"async\" width=\"1000\" height=\"667\" src=\"https:\/\/maison-chance.org\/wp-content\/uploads\/2021\/10\/other.jpg\" class=\"bg attachment-original size-original\" alt=\"\" \/>                        <div class=\"overlay\"><\/div>            \n                    <\/div>\n\t\t\n        <div class=\"banner-layers container\">\n            <div class=\"fill banner-link\"><\/div>            \n   <div id=\"text-box-700542749\" class=\"text-box banner-layer x50 md-x50 lg-x50 y50 md-y50 lg-y50 res-text\">\n                                <div class=\"text-box-content text dark\">\n              \n              <div class=\"text-inner text-center\">\n                  \n<div class=\"container section-title-container title-dau-trang\" ><h2 class=\"section-title section-title-normal\"><b aria-hidden=\"true\"><\/b><span class=\"section-title-main\" style=\"color:rgb(255, 255, 255);\">D'autres domaines<\/span><b aria-hidden=\"true\"><\/b><\/h2><\/div>\n              <\/div>\n           <\/div>\n                            \n<style>\n#text-box-700542749 {\n  width: 85%;\n}\n#text-box-700542749 .text-box-content {\n  font-size: 100%;\n}\n@media (min-width:550px) {\n  #text-box-700542749 {\n    width: 85%;\n  }\n}\n<\/style>\n    <\/div>\n \n        <\/div>\n      <\/div>\n\n            \n<style>\n#banner-1476676837 {\n  padding-top: 300px;\n}\n#banner-1476676837 .overlay {\n  background-color: rgba(0, 0, 0, 0.442);\n}\n<\/style>\n  <\/div>\n\n\n<a href=\"https:\/\/maison-chance.org\/fr\/dossier-de-candidature-pour-un-volontariat\" class=\"button primary is-shade box-shadow-3 box-shadow-5-hover buton-dang-ky-tnv\" style=\"border-radius:5px;\">\n\t\t<span>INSCRIPTION<\/span>\n\t<\/a>\n\n\t\t<\/div>\n\t\t\t\t\t<\/div>\n\n\t\n<\/div>\n\t\t<\/div>\n\n\t\t\n<style>\n#section_1662095965 {\n  padding-top: 30px;\n  padding-bottom: 30px;\n}\n<\/style>\n\t<\/section>\n\t\n","protected":false},"excerpt":{"rendered":"","protected":false},"author":1,"featured_media":2159,"parent":0,"menu_order":0,"comment_status":"closed","ping_status":"closed","template":"","meta":{"give_campaign_id":0,"footnotes":""},"class_list":["post-3637","page","type-page","status-publish","has-post-thumbnail","hentry"],"yoast_head":"<!-- This site is optimized with the Yoast SEO plugin v27.2 - https:\/\/yoast.com\/product\/yoast-seo-wordpress\/ -->\n<title>B\u00e9n\u00e9volat | Association Maison Chance<\/title>\n<meta name=\"description\" content=\"Maison Chance est \u00e0 la recherche d&#039;un poste de b\u00e9n\u00e9vole. Nous nous engageons \u00e0 fournir des services humanitaires \u00e0 ceux qui...\" \/>\n<meta name=\"robots\" content=\"index, follow, max-snippet:-1, max-image-preview:large, max-video-preview:-1\" \/>\n<link rel=\"canonical\" href=\"https:\/\/maison-chance.org\/fr\/benevolat\" \/>\n<meta property=\"og:locale\" content=\"fr_FR\" \/>\n<meta property=\"og:type\" content=\"article\" \/>\n<meta property=\"og:title\" content=\"B\u00e9n\u00e9volat | Association Maison Chance\" \/>\n<meta property=\"og:description\" content=\"Maison Chance est \u00e0 la recherche d&#039;un poste de b\u00e9n\u00e9vole. Nous nous engageons \u00e0 fournir des services humanitaires \u00e0 ceux qui...\" \/>\n<meta property=\"og:url\" content=\"https:\/\/maison-chance.org\/fr\/benevolat\" \/>\n<meta property=\"og:site_name\" content=\"Maison Chance Association\" \/>\n<meta property=\"article:publisher\" content=\"https:\/\/www.facebook.com\/MaisonChance\" \/>\n<meta property=\"article:modified_time\" content=\"2024-01-25T03:27:38+00:00\" \/>\n<meta property=\"og:image\" content=\"https:\/\/maison-chance.org\/wp-content\/uploads\/2021\/09\/Featued-Logo-MC-1.jpg\" \/>\n\t<meta property=\"og:image:width\" content=\"500\" \/>\n\t<meta property=\"og:image:height\" content=\"313\" \/>\n\t<meta property=\"og:image:type\" content=\"image\/jpeg\" \/>\n<meta name=\"twitter:card\" content=\"summary_large_image\" \/>\n<meta name=\"twitter:title\" content=\"B\u00e9n\u00e9volat | Association Maison Chance\" \/>\n<meta name=\"twitter:description\" content=\"Maison Chance est \u00e0 la recherche d&#039;un poste de b\u00e9n\u00e9vole. Nous nous engageons \u00e0 fournir des services humanitaires \u00e0 ceux qui...\" \/>\n<meta name=\"twitter:image\" content=\"https:\/\/maison-chance.org\/wp-content\/uploads\/2021\/09\/Featued-Logo-MC-1.jpg\" \/>\n<meta name=\"twitter:site\" content=\"@MaisonChanceVN\" \/>\n<meta name=\"twitter:label1\" content=\"Dur\u00e9e de lecture estim\u00e9e\" \/>\n\t<meta name=\"twitter:data1\" content=\"2 minutes\" \/>\n<script type=\"application\/ld+json\" class=\"yoast-schema-graph\">{\"@context\":\"https:\/\/schema.org\",\"@graph\":[{\"@type\":\"WebPage\",\"@id\":\"https:\/\/maison-chance.org\/fr\/benevolat\",\"url\":\"https:\/\/maison-chance.org\/fr\/benevolat\",\"name\":\"B\u00e9n\u00e9volat | Association Maison Chance\",\"isPartOf\":{\"@id\":\"https:\/\/maison-chance.org\/fr#website\"},\"primaryImageOfPage\":{\"@id\":\"https:\/\/maison-chance.org\/fr\/benevolat#primaryimage\"},\"image\":{\"@id\":\"https:\/\/maison-chance.org\/fr\/benevolat#primaryimage\"},\"thumbnailUrl\":\"https:\/\/maison-chance.org\/wp-content\/uploads\/2021\/09\/Featued-Logo-MC-1.jpg\",\"datePublished\":\"2021-10-14T09:25:09+00:00\",\"dateModified\":\"2024-01-25T03:27:38+00:00\",\"description\":\"Maison Chance est \u00e0 la recherche d'un poste de b\u00e9n\u00e9vole. Nous nous engageons \u00e0 fournir des services humanitaires \u00e0 ceux qui...\",\"inLanguage\":\"fr-FR\",\"potentialAction\":[{\"@type\":\"ReadAction\",\"target\":[\"https:\/\/maison-chance.org\/fr\/benevolat\"]}]},{\"@type\":\"ImageObject\",\"inLanguage\":\"fr-FR\",\"@id\":\"https:\/\/maison-chance.org\/fr\/benevolat#primaryimage\",\"url\":\"https:\/\/maison-chance.org\/wp-content\/uploads\/2021\/09\/Featued-Logo-MC-1.jpg\",\"contentUrl\":\"https:\/\/maison-chance.org\/wp-content\/uploads\/2021\/09\/Featued-Logo-MC-1.jpg\",\"width\":500,\"height\":313},{\"@type\":\"WebSite\",\"@id\":\"https:\/\/maison-chance.org\/fr#website\",\"url\":\"https:\/\/maison-chance.org\/fr\",\"name\":\"https:\/\/maison-chance.org\/\",\"description\":\"Un avenir pour les moins chanceaux au Vietnam !\",\"publisher\":{\"@id\":\"https:\/\/maison-chance.org\/fr#organization\"},\"potentialAction\":[{\"@type\":\"SearchAction\",\"target\":{\"@type\":\"EntryPoint\",\"urlTemplate\":\"https:\/\/maison-chance.org\/fr?s={search_term_string}\"},\"query-input\":{\"@type\":\"PropertyValueSpecification\",\"valueRequired\":true,\"valueName\":\"search_term_string\"}}],\"inLanguage\":\"fr-FR\"},{\"@type\":\"Organization\",\"@id\":\"https:\/\/maison-chance.org\/fr#organization\",\"name\":\"https:\/\/maison-chance.org\/\",\"url\":\"https:\/\/maison-chance.org\/fr\",\"logo\":{\"@type\":\"ImageObject\",\"inLanguage\":\"fr-FR\",\"@id\":\"https:\/\/maison-chance.org\/fr#\/schema\/logo\/image\/\",\"url\":\"https:\/\/maison-chance.org\/wp-content\/uploads\/2021\/09\/Featued-Logo-MC-1.jpg\",\"contentUrl\":\"https:\/\/maison-chance.org\/wp-content\/uploads\/2021\/09\/Featued-Logo-MC-1.jpg\",\"width\":500,\"height\":313,\"caption\":\"https:\/\/maison-chance.org\/\"},\"image\":{\"@id\":\"https:\/\/maison-chance.org\/fr#\/schema\/logo\/image\/\"},\"sameAs\":[\"https:\/\/www.facebook.com\/MaisonChance\",\"https:\/\/x.com\/MaisonChanceVN\",\"https:\/\/www.instagram.com\/maisonchance\/\",\"https:\/\/www.youtube.com\/c\/MaisonChanceVideo\"]}]}<\/script>\n<!-- \/ Yoast SEO plugin. -->","yoast_head_json":{"title":"B\u00e9n\u00e9volat | Association Maison Chance","description":"Maison Chance est \u00e0 la recherche d'un poste de b\u00e9n\u00e9vole. Nous nous engageons \u00e0 fournir des services humanitaires \u00e0 ceux qui...","robots":{"index":"index","follow":"follow","max-snippet":"max-snippet:-1","max-image-preview":"max-image-preview:large","max-video-preview":"max-video-preview:-1"},"canonical":"https:\/\/maison-chance.org\/fr\/benevolat","og_locale":"fr_FR","og_type":"article","og_title":"B\u00e9n\u00e9volat | Association Maison Chance","og_description":"Maison Chance est \u00e0 la recherche d'un poste de b\u00e9n\u00e9vole. Nous nous engageons \u00e0 fournir des services humanitaires \u00e0 ceux qui...","og_url":"https:\/\/maison-chance.org\/fr\/benevolat","og_site_name":"Maison Chance Association","article_publisher":"https:\/\/www.facebook.com\/MaisonChance","article_modified_time":"2024-01-25T03:27:38+00:00","og_image":[{"width":500,"height":313,"url":"https:\/\/maison-chance.org\/wp-content\/uploads\/2021\/09\/Featued-Logo-MC-1.jpg","type":"image\/jpeg"}],"twitter_card":"summary_large_image","twitter_title":"B\u00e9n\u00e9volat | Association Maison Chance","twitter_description":"Maison Chance est \u00e0 la recherche d'un poste de b\u00e9n\u00e9vole. Nous nous engageons \u00e0 fournir des services humanitaires \u00e0 ceux qui...","twitter_image":"https:\/\/maison-chance.org\/wp-content\/uploads\/2021\/09\/Featued-Logo-MC-1.jpg","twitter_site":"@MaisonChanceVN","twitter_misc":{"Dur\u00e9e de lecture estim\u00e9e":"2 minutes"},"schema":{"@context":"https:\/\/schema.org","@graph":[{"@type":"WebPage","@id":"https:\/\/maison-chance.org\/fr\/benevolat","url":"https:\/\/maison-chance.org\/fr\/benevolat","name":"B\u00e9n\u00e9volat | Association Maison Chance","isPartOf":{"@id":"https:\/\/maison-chance.org\/fr#website"},"primaryImageOfPage":{"@id":"https:\/\/maison-chance.org\/fr\/benevolat#primaryimage"},"image":{"@id":"https:\/\/maison-chance.org\/fr\/benevolat#primaryimage"},"thumbnailUrl":"https:\/\/maison-chance.org\/wp-content\/uploads\/2021\/09\/Featued-Logo-MC-1.jpg","datePublished":"2021-10-14T09:25:09+00:00","dateModified":"2024-01-25T03:27:38+00:00","description":"Maison Chance est \u00e0 la recherche d'un poste de b\u00e9n\u00e9vole. Nous nous engageons \u00e0 fournir des services humanitaires \u00e0 ceux qui...","inLanguage":"fr-FR","potentialAction":[{"@type":"ReadAction","target":["https:\/\/maison-chance.org\/fr\/benevolat"]}]},{"@type":"ImageObject","inLanguage":"fr-FR","@id":"https:\/\/maison-chance.org\/fr\/benevolat#primaryimage","url":"https:\/\/maison-chance.org\/wp-content\/uploads\/2021\/09\/Featued-Logo-MC-1.jpg","contentUrl":"https:\/\/maison-chance.org\/wp-content\/uploads\/2021\/09\/Featued-Logo-MC-1.jpg","width":500,"height":313},{"@type":"WebSite","@id":"https:\/\/maison-chance.org\/fr#website","url":"https:\/\/maison-chance.org\/fr","name":"https:\/\/maison-chance.org\/","description":"Un avenir pour les moins chanceaux au Vietnam !","publisher":{"@id":"https:\/\/maison-chance.org\/fr#organization"},"potentialAction":[{"@type":"SearchAction","target":{"@type":"EntryPoint","urlTemplate":"https:\/\/maison-chance.org\/fr?s={search_term_string}"},"query-input":{"@type":"PropertyValueSpecification","valueRequired":true,"valueName":"search_term_string"}}],"inLanguage":"fr-FR"},{"@type":"Organization","@id":"https:\/\/maison-chance.org\/fr#organization","name":"https:\/\/maison-chance.org\/","url":"https:\/\/maison-chance.org\/fr","logo":{"@type":"ImageObject","inLanguage":"fr-FR","@id":"https:\/\/maison-chance.org\/fr#\/schema\/logo\/image\/","url":"https:\/\/maison-chance.org\/wp-content\/uploads\/2021\/09\/Featued-Logo-MC-1.jpg","contentUrl":"https:\/\/maison-chance.org\/wp-content\/uploads\/2021\/09\/Featued-Logo-MC-1.jpg","width":500,"height":313,"caption":"https:\/\/maison-chance.org\/"},"image":{"@id":"https:\/\/maison-chance.org\/fr#\/schema\/logo\/image\/"},"sameAs":["https:\/\/www.facebook.com\/MaisonChance","https:\/\/x.com\/MaisonChanceVN","https:\/\/www.instagram.com\/maisonchance\/","https:\/\/www.youtube.com\/c\/MaisonChanceVideo"]}]}},"campaignId":"","_links":{"self":[{"href":"https:\/\/maison-chance.org\/fr\/wp-json\/wp\/v2\/pages\/3637","targetHints":{"allow":["GET"]}}],"collection":[{"href":"https:\/\/maison-chance.org\/fr\/wp-json\/wp\/v2\/pages"}],"about":[{"href":"https:\/\/maison-chance.org\/fr\/wp-json\/wp\/v2\/types\/page"}],"author":[{"embeddable":true,"href":"https:\/\/maison-chance.org\/fr\/wp-json\/wp\/v2\/users\/1"}],"replies":[{"embeddable":true,"href":"https:\/\/maison-chance.org\/fr\/wp-json\/wp\/v2\/comments?post=3637"}],"version-history":[{"count":8,"href":"https:\/\/maison-chance.org\/fr\/wp-json\/wp\/v2\/pages\/3637\/revisions"}],"predecessor-version":[{"id":38402,"href":"https:\/\/maison-chance.org\/fr\/wp-json\/wp\/v2\/pages\/3637\/revisions\/38402"}],"wp:featuredmedia":[{"embeddable":true,"href":"https:\/\/maison-chance.org\/fr\/wp-json\/wp\/v2\/media\/2159"}],"wp:attachment":[{"href":"https:\/\/maison-chance.org\/fr\/wp-json\/wp\/v2\/media?parent=3637"}],"curies":[{"name":"wp","href":"https:\/\/api.w.org\/{rel}","templated":true}]}}