{"id":40886,"date":"2023-12-21T15:40:53","date_gmt":"2023-12-21T08:40:53","guid":{"rendered":"https:\/\/maison-chance.org\/meals-for-the-underprivileged-children"},"modified":"2025-08-29T08:18:16","modified_gmt":"2025-08-29T01:18:16","slug":"repas-pour-des-enfants-defavorises","status":"publish","type":"page","link":"https:\/\/maison-chance.org\/fr\/repas-pour-des-enfants-defavorises","title":{"rendered":"Repas Pour Des Enfants D\u00e9favoris\u00e9s"},"content":{"rendered":"<div class=\"slider-wrapper relative\" id=\"slider-1882184374\" >\n    <div class=\"slider slider-nav-circle slider-nav-large slider-nav-light slider-style-normal\"\n        data-flickity-options='{\n            \"cellAlign\": \"center\",\n            \"imagesLoaded\": true,\n            \"lazyLoad\": 1,\n            \"freeScroll\": false,\n            \"wrapAround\": true,\n            \"autoPlay\": 6000,\n            \"pauseAutoPlayOnHover\" : true,\n            \"prevNextButtons\": true,\n            \"contain\" : true,\n            \"adaptiveHeight\" : true,\n            \"dragThreshold\" : 10,\n            \"percentPosition\": true,\n            \"pageDots\": true,\n            \"rightToLeft\": false,\n            \"draggable\": true,\n            \"selectedAttraction\": 0.1,\n            \"parallax\" : 0,\n            \"friction\": 0.6        }'\n        >\n        \n\n  <div class=\"banner has-hover\" id=\"banner-1625204075\">\n          <div class=\"banner-inner fill\">\n        <div class=\"banner-bg fill\" >\n            <img loading=\"lazy\" decoding=\"async\" width=\"800\" height=\"602\" src=\"https:\/\/maison-chance.org\/wp-content\/uploads\/2023\/10\/4T8A7450.jpg\" class=\"bg attachment-large size-large\" alt=\"\" \/>                        <div class=\"overlay\"><\/div>            \n                    <\/div>\n\t\t\n        <div class=\"banner-layers container\">\n            <div class=\"fill banner-link\"><\/div>            \n   <div id=\"text-box-1127132742\" class=\"text-box banner-layer x50 md-x50 lg-x50 y50 md-y50 lg-y50 res-text\">\n                     <div data-animate=\"flipInY\">           <div class=\"text-box-content text dark\">\n              \n              <div class=\"text-inner text-center\">\n                  \n<h5 class=\"alt-font\"><strong><span style=\"font-family: 'courier new', courier, monospace;\">Joignez-vous la main pour aider avec les dons&#8230;<br \/>\n<\/span><\/strong><\/h5>\n<div class=\"is-divider divider clearfix\" style=\"margin-top:3px;margin-bottom:3px;\"><\/div>\n<h3>REPAS POUR DES ENFANTS D\u00c9FAVORIS\u00c9S<\/h3>\n<div class=\"is-divider divider clearfix\" ><\/div>\n              <\/div>\n           <\/div>\n       <\/div>                     \n<style>\n#text-box-1127132742 {\n  width: 100%;\n}\n#text-box-1127132742 .text-box-content {\n  font-size: 100%;\n}\n@media (min-width:550px) {\n  #text-box-1127132742 {\n    width: 70%;\n  }\n}\n<\/style>\n    <\/div>\n \n        <\/div>\n      <\/div>\n\n            \n<style>\n#banner-1625204075 {\n  padding-top: 500px;\n}\n#banner-1625204075 .overlay {\n  background-color: rgba(0, 0, 0, 0.02);\n}\n#banner-1625204075 .banner-bg img {\n  object-position: 58% 63%;\n}\n<\/style>\n  <\/div>\n\n\n\n  <div class=\"banner has-hover\" id=\"banner-1216579418\">\n          <div class=\"banner-inner fill\">\n        <div class=\"banner-bg fill\" >\n            <img loading=\"lazy\" decoding=\"async\" width=\"1020\" height=\"680\" src=\"https:\/\/maison-chance.org\/wp-content\/uploads\/2023\/12\/Bua-com-cho-em-1-1024x683.jpg\" class=\"bg attachment-large size-large\" alt=\"\" \/>                        <div class=\"overlay\"><\/div>            \n                    <\/div>\n\t\t\n        <div class=\"banner-layers container\">\n            <div class=\"fill banner-link\"><\/div>            \n   <div id=\"text-box-645328573\" class=\"text-box banner-layer x50 md-x50 lg-x50 y50 md-y50 lg-y50 res-text\">\n                     <div data-animate=\"flipInY\">           <div class=\"text-box-content text dark\">\n              \n              <div class=\"text-inner text-center\">\n                  \n<h5 class=\"alt-font\"><strong><span style=\"font-family: 'courier new', courier, monospace;\">Joignez-vous la main pour aider avec les dons&#8230;<br \/>\n<\/span><\/strong><\/h5>\n<div class=\"is-divider divider clearfix\" style=\"margin-top:3px;margin-bottom:3px;\"><\/div>\n<h3>REPAS POUR DES ENFANTS D\u00c9FAVORIS\u00c9S<\/h3>\n<div class=\"is-divider divider clearfix\" ><\/div>\n              <\/div>\n           <\/div>\n       <\/div>                     \n<style>\n#text-box-645328573 {\n  width: 100%;\n}\n#text-box-645328573 .text-box-content {\n  font-size: 100%;\n}\n@media (min-width:550px) {\n  #text-box-645328573 {\n    width: 70%;\n  }\n}\n<\/style>\n    <\/div>\n \n        <\/div>\n      <\/div>\n\n            \n<style>\n#banner-1216579418 {\n  padding-top: 550px;\n}\n#banner-1216579418 .overlay {\n  background-color: rgba(0, 0, 0, 0.02);\n}\n#banner-1216579418 .banner-bg img {\n  object-position: 58% 63%;\n}\n<\/style>\n  <\/div>\n\n\n\n  <div class=\"banner has-hover\" id=\"banner-59092153\">\n          <div class=\"banner-inner fill\">\n        <div class=\"banner-bg fill\" >\n            <img loading=\"lazy\" decoding=\"async\" width=\"1020\" height=\"680\" src=\"https:\/\/maison-chance.org\/wp-content\/uploads\/2023\/12\/Bua-com-cho-em-3-1024x683.jpg\" class=\"bg attachment-large size-large\" alt=\"\" \/>                        <div class=\"overlay\"><\/div>            \n                    <\/div>\n\t\t\n        <div class=\"banner-layers container\">\n            <div class=\"fill banner-link\"><\/div>            \n   <div id=\"text-box-721427606\" class=\"text-box banner-layer x50 md-x50 lg-x50 y50 md-y50 lg-y50 res-text\">\n                     <div data-animate=\"flipInY\">           <div class=\"text-box-content text dark\">\n              \n              <div class=\"text-inner text-center\">\n                  \n<h5 class=\"alt-font\"><strong><span style=\"font-family: 'courier new', courier, monospace;\">Joignez-vous la main pour aider avec les dons&#8230;<br \/>\n<\/span><\/strong><\/h5>\n<div class=\"is-divider divider clearfix\" style=\"margin-top:3px;margin-bottom:3px;\"><\/div>\n<h3>REPAS POUR DES ENFANTS D\u00c9FAVORIS\u00c9S<\/h3>\n<div class=\"is-divider divider clearfix\" ><\/div>\n              <\/div>\n           <\/div>\n       <\/div>                     \n<style>\n#text-box-721427606 {\n  width: 100%;\n}\n#text-box-721427606 .text-box-content {\n  font-size: 100%;\n}\n@media (min-width:550px) {\n  #text-box-721427606 {\n    width: 70%;\n  }\n}\n<\/style>\n    <\/div>\n \n        <\/div>\n      <\/div>\n\n            \n<style>\n#banner-59092153 {\n  padding-top: 550px;\n}\n#banner-59092153 .overlay {\n  background-color: rgba(0, 0, 0, 0.02);\n}\n#banner-59092153 .banner-bg img {\n  object-position: 58% 63%;\n}\n<\/style>\n  <\/div>\n\n\n\n  <div class=\"banner has-hover\" id=\"banner-1747002814\">\n          <div class=\"banner-inner fill\">\n        <div class=\"banner-bg fill\" >\n            <img loading=\"lazy\" decoding=\"async\" width=\"1020\" height=\"680\" src=\"https:\/\/maison-chance.org\/wp-content\/uploads\/2023\/12\/Bua-com-cho-em-2-1024x683.jpg\" class=\"bg attachment-large size-large\" alt=\"\" \/>                        <div class=\"overlay\"><\/div>            \n                    <\/div>\n\t\t\n        <div class=\"banner-layers container\">\n            <div class=\"fill banner-link\"><\/div>            \n   <div id=\"text-box-1815947831\" class=\"text-box banner-layer x50 md-x50 lg-x50 y50 md-y50 lg-y50 res-text\">\n                     <div data-animate=\"flipInY\">           <div class=\"text-box-content text dark\">\n              \n              <div class=\"text-inner text-center\">\n                  \n<h5 class=\"alt-font\"><strong><span style=\"font-family: 'courier new', courier, monospace;\">Joignez-vous la main pour aider avec les dons&#8230;<br \/>\n<\/span><\/strong><\/h5>\n<div class=\"is-divider divider clearfix\" style=\"margin-top:3px;margin-bottom:3px;\"><\/div>\n<h3>REPAS POUR DES ENFANTS D\u00c9FAVORIS\u00c9S<\/h3>\n<div class=\"is-divider divider clearfix\" ><\/div>\n              <\/div>\n           <\/div>\n       <\/div>                     \n<style>\n#text-box-1815947831 {\n  width: 100%;\n}\n#text-box-1815947831 .text-box-content {\n  font-size: 100%;\n}\n@media (min-width:550px) {\n  #text-box-1815947831 {\n    width: 70%;\n  }\n}\n<\/style>\n    <\/div>\n \n        <\/div>\n      <\/div>\n\n            \n<style>\n#banner-1747002814 {\n  padding-top: 550px;\n}\n#banner-1747002814 .overlay {\n  background-color: rgba(0, 0, 0, 0.02);\n}\n#banner-1747002814 .banner-bg img {\n  object-position: 58% 63%;\n}\n<\/style>\n  <\/div>\n\n\n     <\/div>\n\n     <div class=\"loading-spin dark large centered\"><\/div>\n\n\t<\/div>\n\n\n<div class=\"row\"  id=\"row-1324743072\">\n\n\t<div id=\"col-147954798\" class=\"col small-12 large-12\"  >\n\t\t\t\t<div class=\"col-inner\"  >\n\t\t\t\n\t\t\t\n<p style=\"text-align: justify;\">En plus de l\u2019\u00e9ducation, Maison Chance accorde une grande importance \u00e0 la qualit\u00e9 des repas des \u00e9l\u00e8ves pour leur permettre une bonne sant\u00e9 et surtout un d\u00e9veloppement \u00e9quilibr\u00e9. Dans cet objectif, Maison Chance met en place un nouveau volet du programme de parrainage collectif port\u00e9 sur la nourriture afin d\u2019assurer la nutrition des repas fournis aux enfants des 10 classes primaires \u00e0 Maison Chance.<\/p>\n<p style=\"text-align: justify;\">Avec une contribution mensuelle de 19 euros ou 190 en euros pour une ann\u00e9e scolaire, vous pouvez prendre un ou plusieurs parrainages en fonction de votre capacit\u00e9. Ainsi, vous allez devenir marraine ou parrain pour toute une classe et non seulement un ou quelques \u00e9l\u00e8ves. 100% de la somme du parrainage sera utilis\u00e9e pour couvrir les frais de la nourriture (du riz, des \u00e9pices, de la viande et du poisson, des fruits, du gaz) de quelques 350 enfants d\u00e9favoris\u00e9s et orphelins soutenus par Maison Chance \u00e0 H\u00f4 Chi Minh-Ville et \u00e0 la province de Lam Dong.<\/p>\n<p><iframe loading=\"lazy\" title=\"UN REPAS POUR TOUS\" width=\"1020\" height=\"574\" src=\"https:\/\/www.youtube.com\/embed\/r51DjAcUQMc?feature=oembed\" frameborder=\"0\" allow=\"accelerometer; autoplay; clipboard-write; encrypted-media; gyroscope; picture-in-picture; web-share\" referrerpolicy=\"strict-origin-when-cross-origin\" allowfullscreen><\/iframe><\/p>\n<p style=\"text-align: justify;\">Maison Chance souhaite recevoir le soutien des marraines, des parrains afin de pouvoir accompagner ces enfants d\u00e9munis pour que leur chemin vers l\u2019\u00e9ducation soit moins difficile. Votre engagement nous donne du courage et de la motivation pour continuer d\u2019\u0153uvrer en faveur des enfants qui, quel que soit leur milieu social, m\u00e9ritent tous les meilleures conditions pour s\u2019\u00e9panouir.<\/p>\n<div class=\"row\"  id=\"row-1511144334\">\n\n\t<div id=\"col-741362382\" class=\"col medium-6 small-12 large-6\"  >\n\t\t\t\t<div class=\"col-inner\"  >\n\t\t\t\n\t\t\t\n<div class=\"container section-title-container\" ><h3 class=\"section-title section-title-normal\"><b aria-hidden=\"true\"><\/b><span class=\"section-title-main\" >FAITES UN DON PAR PAYPAL (INTERNATIONAL)<\/span><b aria-hidden=\"true\"><\/b><\/h3><\/div>\n<div class=\"give-embed-form-wrapper\" id=\"give-69d8f60446657\"><iframe\n\t\t\t\tname=\"give-embed-form\"\n\t\t\t\tsrc=\"https:\/\/maison-chance.org\/fr\/give\/pour-des-enfants-defavorises?giveDonationFormInIframe=1\"\n\t\t\t\t\n\t\t\t\tdata-autoScroll=\"0\"\n\t\t\t\tonload=\"if( 'undefined' !== typeof Give ) { Give.initializeIframeResize(this) }\"\n\t\t\t\tstyle=\"border: 0;visibility: hidden;min-height: 721px;\"><\/iframe><div class=\"iframe-loader\">\n<div style=\"\n\t\theight: calc(100% - 28px);\n\t\twidth: calc(100% - 20px);\n\t\tmax-width: 552px;\n\t\tmargin: 10px auto 10px auto;\n\t\tbackground: transparent;\n\t\tborder-radius: 6px;\n\t\tdisplay: flex;\n\t\talign-items: center;\n\t\tjustify-content: center;\n\t\">\n    <div style=\"\n        pointer-events: none;\n        height: 90px;\n        width: 90px;\n        background-image: url(&quot;data:image\/svg+xml;charset=utf8,%3C?xml version='1.0' encoding='utf-8'?%3E%3C!-- Generator: Adobe Illustrator 24.1.0, SVG Export Plug-In . SVG Version: 6.00 Build 0) --%3E%3Csvg version='1.1' id='Layer_1' xmlns='http:\/\/www.w3.org\/2000\/svg' xmlns:xlink='http:\/\/www.w3.org\/1999\/xlink' x='0px' y='0px' viewBox='0 0 349 348' style='enable-background:new 0 0 349 348;' xml:space='preserve'%3E%3Cstyle type='text\/css'%3E .st0{fill:%23007cba;} %3C\/style%3E%3Cpath class='st0' d='M25.1,204.57c-13.38,0-24.47-10.6-24.97-24.08C0.04,178.09,0,175.97,0,174C0,77.78,78.28-0.5,174.5-0.5 c13.81,0,25,11.19,25,25s-11.19,25-25,25C105.85,49.5,50,105.35,50,174c0,1.37,0.03,2.85,0.1,4.65c0.51,13.8-10.27,25.39-24.07,25.9 C25.72,204.56,25.41,204.57,25.1,204.57z'\/%3E%3Cpath class='st0' d='M174.5,348.5c-13.81,0-25-11.19-25-25c0-13.81,11.19-25,25-25c68.65,0,124.5-55.85,124.5-124.5 c0-1.38-0.03-2.85-0.1-4.65c-0.51-13.8,10.26-25.4,24.06-25.91c13.83-0.53,25.4,10.26,25.91,24.06c0.09,2.39,0.13,4.51,0.13,6.49 C349,270.22,270.72,348.5,174.5,348.5z'\/%3E%3C\/svg%3E&quot;);\n        animation: spin 0.6s linear infinite;\n        \"><\/div>\n<\/div>\n<\/div><\/div>\n\t\t<\/div>\n\t\t\t\t\t<\/div>\n\n\t\n\n\t<div id=\"col-424079359\" class=\"col medium-6 small-12 large-6\"  >\n\t\t\t\t<div class=\"col-inner\"  >\n\t\t\t\n\t\t\t\n<div class=\"container section-title-container\" ><h3 class=\"section-title section-title-normal\"><b aria-hidden=\"true\"><\/b><span class=\"section-title-main\" >DON PAR VIREMENT BANCAIRE<\/span><b aria-hidden=\"true\"><\/b><\/h3><\/div>\n<p>Banque: Eximbank<br \/>\nNouvelle adresse: 116-124 Nguy\u1ec5n C\u00f4ng Tr\u1ee9, Quartier de S\u00e0i G\u00f2n, Ho Chi Minh Ville, Vietnam.<br \/>\nAncienne adresse: 116-118-120-122-124 Nguyen Cong Tru, Quartier de Nguyen Thai Binh, District 1,  Ho Chi Minh Ville, Vietnam<br \/>Nom: ASSOCIATION MAISON CHANCE<br \/>USD: 200014852000517<br \/>VND: 200014852005274<br \/>EURO: 200014852007054<br \/>SWIFT Code: EBVIVNVX<\/p>\n\t\t<\/div>\n\t\t\t\t\t<\/div>\n\n\t\n<\/div>\n\t\t<\/div>\n\t\t\t\t\t<\/div>\n\n\t\n<\/div>\n\t<div id=\"gap-994048047\" class=\"gap-element clearfix\" style=\"display:block; height:auto;\">\n\t\t\n<style>\n#gap-994048047 {\n  padding-top: 40px;\n}\n<\/style>\n\t<\/div>\n\t\n","protected":false},"excerpt":{"rendered":"","protected":false},"author":1,"featured_media":40631,"parent":0,"menu_order":0,"comment_status":"closed","ping_status":"closed","template":"page-blank.php","meta":{"give_campaign_id":0,"footnotes":""},"class_list":["post-40886","page","type-page","status-publish","has-post-thumbnail","hentry"],"yoast_head":"<!-- This site is optimized with the Yoast SEO plugin v27.2 - https:\/\/yoast.com\/product\/yoast-seo-wordpress\/ -->\n<title>Repas Pour Des Enfants D\u00e9favoris\u00e9s - Maison Chance Association<\/title>\n<meta name=\"description\" content=\"Avec une contribution mensuelle de 19 euros ou 190 en euros pour une ann\u00e9e scolaire, vous pouvez prendre un ou plusieurs parrainages...\" \/>\n<meta name=\"robots\" content=\"index, follow, max-snippet:-1, max-image-preview:large, max-video-preview:-1\" \/>\n<link rel=\"canonical\" href=\"https:\/\/maison-chance.org\/fr\/repas-pour-des-enfants-defavorises\" \/>\n<meta property=\"og:locale\" content=\"fr_FR\" \/>\n<meta property=\"og:type\" content=\"article\" \/>\n<meta property=\"og:title\" content=\"Repas Pour Des Enfants D\u00e9favoris\u00e9s - Maison Chance Association\" \/>\n<meta property=\"og:description\" content=\"Avec une contribution mensuelle de 19 euros ou 190 en euros pour une ann\u00e9e scolaire, vous pouvez prendre un ou plusieurs parrainages...\" \/>\n<meta property=\"og:url\" content=\"https:\/\/maison-chance.org\/fr\/repas-pour-des-enfants-defavorises\" \/>\n<meta property=\"og:site_name\" content=\"Maison Chance Association\" \/>\n<meta property=\"article:publisher\" content=\"https:\/\/www.facebook.com\/MaisonChance\" \/>\n<meta property=\"article:modified_time\" content=\"2025-08-29T01:18:16+00:00\" \/>\n<meta property=\"og:image\" content=\"https:\/\/maison-chance.org\/wp-content\/uploads\/2023\/10\/4T8A7450.jpg\" \/>\n\t<meta property=\"og:image:width\" content=\"800\" \/>\n\t<meta property=\"og:image:height\" content=\"602\" \/>\n\t<meta property=\"og:image:type\" content=\"image\/jpeg\" \/>\n<meta name=\"twitter:card\" content=\"summary_large_image\" \/>\n<meta name=\"twitter:site\" content=\"@MaisonChanceVN\" \/>\n<meta name=\"twitter:label1\" content=\"Dur\u00e9e de lecture estim\u00e9e\" \/>\n\t<meta name=\"twitter:data1\" content=\"3 minutes\" \/>\n<script type=\"application\/ld+json\" class=\"yoast-schema-graph\">{\"@context\":\"https:\/\/schema.org\",\"@graph\":[{\"@type\":\"WebPage\",\"@id\":\"https:\/\/maison-chance.org\/fr\/repas-pour-des-enfants-defavorises\",\"url\":\"https:\/\/maison-chance.org\/fr\/repas-pour-des-enfants-defavorises\",\"name\":\"Repas Pour Des Enfants D\u00e9favoris\u00e9s - Maison Chance Association\",\"isPartOf\":{\"@id\":\"https:\/\/maison-chance.org\/fr#website\"},\"primaryImageOfPage\":{\"@id\":\"https:\/\/maison-chance.org\/fr\/repas-pour-des-enfants-defavorises#primaryimage\"},\"image\":{\"@id\":\"https:\/\/maison-chance.org\/fr\/repas-pour-des-enfants-defavorises#primaryimage\"},\"thumbnailUrl\":\"https:\/\/maison-chance.org\/wp-content\/uploads\/2023\/10\/4T8A7450.jpg\",\"datePublished\":\"2023-12-21T08:40:53+00:00\",\"dateModified\":\"2025-08-29T01:18:16+00:00\",\"description\":\"Avec une contribution mensuelle de 19 euros ou 190 en euros pour une ann\u00e9e scolaire, vous pouvez prendre un ou plusieurs parrainages...\",\"inLanguage\":\"fr-FR\",\"potentialAction\":[{\"@type\":\"ReadAction\",\"target\":[\"https:\/\/maison-chance.org\/fr\/repas-pour-des-enfants-defavorises\"]}]},{\"@type\":\"ImageObject\",\"inLanguage\":\"fr-FR\",\"@id\":\"https:\/\/maison-chance.org\/fr\/repas-pour-des-enfants-defavorises#primaryimage\",\"url\":\"https:\/\/maison-chance.org\/wp-content\/uploads\/2023\/10\/4T8A7450.jpg\",\"contentUrl\":\"https:\/\/maison-chance.org\/wp-content\/uploads\/2023\/10\/4T8A7450.jpg\",\"width\":800,\"height\":602},{\"@type\":\"WebSite\",\"@id\":\"https:\/\/maison-chance.org\/fr#website\",\"url\":\"https:\/\/maison-chance.org\/fr\",\"name\":\"https:\/\/maison-chance.org\/\",\"description\":\"Un avenir pour les moins chanceaux au Vietnam !\",\"publisher\":{\"@id\":\"https:\/\/maison-chance.org\/fr#organization\"},\"potentialAction\":[{\"@type\":\"SearchAction\",\"target\":{\"@type\":\"EntryPoint\",\"urlTemplate\":\"https:\/\/maison-chance.org\/fr?s={search_term_string}\"},\"query-input\":{\"@type\":\"PropertyValueSpecification\",\"valueRequired\":true,\"valueName\":\"search_term_string\"}}],\"inLanguage\":\"fr-FR\"},{\"@type\":\"Organization\",\"@id\":\"https:\/\/maison-chance.org\/fr#organization\",\"name\":\"https:\/\/maison-chance.org\/\",\"url\":\"https:\/\/maison-chance.org\/fr\",\"logo\":{\"@type\":\"ImageObject\",\"inLanguage\":\"fr-FR\",\"@id\":\"https:\/\/maison-chance.org\/fr#\/schema\/logo\/image\/\",\"url\":\"https:\/\/maison-chance.org\/wp-content\/uploads\/2021\/09\/Featued-Logo-MC-1.jpg\",\"contentUrl\":\"https:\/\/maison-chance.org\/wp-content\/uploads\/2021\/09\/Featued-Logo-MC-1.jpg\",\"width\":500,\"height\":313,\"caption\":\"https:\/\/maison-chance.org\/\"},\"image\":{\"@id\":\"https:\/\/maison-chance.org\/fr#\/schema\/logo\/image\/\"},\"sameAs\":[\"https:\/\/www.facebook.com\/MaisonChance\",\"https:\/\/x.com\/MaisonChanceVN\",\"https:\/\/www.instagram.com\/maisonchance\/\",\"https:\/\/www.youtube.com\/c\/MaisonChanceVideo\"]}]}<\/script>\n<!-- \/ Yoast SEO plugin. -->","yoast_head_json":{"title":"Repas Pour Des Enfants D\u00e9favoris\u00e9s - Maison Chance Association","description":"Avec une contribution mensuelle de 19 euros ou 190 en euros pour une ann\u00e9e scolaire, vous pouvez prendre un ou plusieurs parrainages...","robots":{"index":"index","follow":"follow","max-snippet":"max-snippet:-1","max-image-preview":"max-image-preview:large","max-video-preview":"max-video-preview:-1"},"canonical":"https:\/\/maison-chance.org\/fr\/repas-pour-des-enfants-defavorises","og_locale":"fr_FR","og_type":"article","og_title":"Repas Pour Des Enfants D\u00e9favoris\u00e9s - Maison Chance Association","og_description":"Avec une contribution mensuelle de 19 euros ou 190 en euros pour une ann\u00e9e scolaire, vous pouvez prendre un ou plusieurs parrainages...","og_url":"https:\/\/maison-chance.org\/fr\/repas-pour-des-enfants-defavorises","og_site_name":"Maison Chance Association","article_publisher":"https:\/\/www.facebook.com\/MaisonChance","article_modified_time":"2025-08-29T01:18:16+00:00","og_image":[{"width":800,"height":602,"url":"https:\/\/maison-chance.org\/wp-content\/uploads\/2023\/10\/4T8A7450.jpg","type":"image\/jpeg"}],"twitter_card":"summary_large_image","twitter_site":"@MaisonChanceVN","twitter_misc":{"Dur\u00e9e de lecture estim\u00e9e":"3 minutes"},"schema":{"@context":"https:\/\/schema.org","@graph":[{"@type":"WebPage","@id":"https:\/\/maison-chance.org\/fr\/repas-pour-des-enfants-defavorises","url":"https:\/\/maison-chance.org\/fr\/repas-pour-des-enfants-defavorises","name":"Repas Pour Des Enfants D\u00e9favoris\u00e9s - Maison Chance Association","isPartOf":{"@id":"https:\/\/maison-chance.org\/fr#website"},"primaryImageOfPage":{"@id":"https:\/\/maison-chance.org\/fr\/repas-pour-des-enfants-defavorises#primaryimage"},"image":{"@id":"https:\/\/maison-chance.org\/fr\/repas-pour-des-enfants-defavorises#primaryimage"},"thumbnailUrl":"https:\/\/maison-chance.org\/wp-content\/uploads\/2023\/10\/4T8A7450.jpg","datePublished":"2023-12-21T08:40:53+00:00","dateModified":"2025-08-29T01:18:16+00:00","description":"Avec une contribution mensuelle de 19 euros ou 190 en euros pour une ann\u00e9e scolaire, vous pouvez prendre un ou plusieurs parrainages...","inLanguage":"fr-FR","potentialAction":[{"@type":"ReadAction","target":["https:\/\/maison-chance.org\/fr\/repas-pour-des-enfants-defavorises"]}]},{"@type":"ImageObject","inLanguage":"fr-FR","@id":"https:\/\/maison-chance.org\/fr\/repas-pour-des-enfants-defavorises#primaryimage","url":"https:\/\/maison-chance.org\/wp-content\/uploads\/2023\/10\/4T8A7450.jpg","contentUrl":"https:\/\/maison-chance.org\/wp-content\/uploads\/2023\/10\/4T8A7450.jpg","width":800,"height":602},{"@type":"WebSite","@id":"https:\/\/maison-chance.org\/fr#website","url":"https:\/\/maison-chance.org\/fr","name":"https:\/\/maison-chance.org\/","description":"Un avenir pour les moins chanceaux au Vietnam !","publisher":{"@id":"https:\/\/maison-chance.org\/fr#organization"},"potentialAction":[{"@type":"SearchAction","target":{"@type":"EntryPoint","urlTemplate":"https:\/\/maison-chance.org\/fr?s={search_term_string}"},"query-input":{"@type":"PropertyValueSpecification","valueRequired":true,"valueName":"search_term_string"}}],"inLanguage":"fr-FR"},{"@type":"Organization","@id":"https:\/\/maison-chance.org\/fr#organization","name":"https:\/\/maison-chance.org\/","url":"https:\/\/maison-chance.org\/fr","logo":{"@type":"ImageObject","inLanguage":"fr-FR","@id":"https:\/\/maison-chance.org\/fr#\/schema\/logo\/image\/","url":"https:\/\/maison-chance.org\/wp-content\/uploads\/2021\/09\/Featued-Logo-MC-1.jpg","contentUrl":"https:\/\/maison-chance.org\/wp-content\/uploads\/2021\/09\/Featued-Logo-MC-1.jpg","width":500,"height":313,"caption":"https:\/\/maison-chance.org\/"},"image":{"@id":"https:\/\/maison-chance.org\/fr#\/schema\/logo\/image\/"},"sameAs":["https:\/\/www.facebook.com\/MaisonChance","https:\/\/x.com\/MaisonChanceVN","https:\/\/www.instagram.com\/maisonchance\/","https:\/\/www.youtube.com\/c\/MaisonChanceVideo"]}]}},"campaignId":"","_links":{"self":[{"href":"https:\/\/maison-chance.org\/fr\/wp-json\/wp\/v2\/pages\/40886","targetHints":{"allow":["GET"]}}],"collection":[{"href":"https:\/\/maison-chance.org\/fr\/wp-json\/wp\/v2\/pages"}],"about":[{"href":"https:\/\/maison-chance.org\/fr\/wp-json\/wp\/v2\/types\/page"}],"author":[{"embeddable":true,"href":"https:\/\/maison-chance.org\/fr\/wp-json\/wp\/v2\/users\/1"}],"replies":[{"embeddable":true,"href":"https:\/\/maison-chance.org\/fr\/wp-json\/wp\/v2\/comments?post=40886"}],"version-history":[{"count":12,"href":"https:\/\/maison-chance.org\/fr\/wp-json\/wp\/v2\/pages\/40886\/revisions"}],"predecessor-version":[{"id":42732,"href":"https:\/\/maison-chance.org\/fr\/wp-json\/wp\/v2\/pages\/40886\/revisions\/42732"}],"wp:featuredmedia":[{"embeddable":true,"href":"https:\/\/maison-chance.org\/fr\/wp-json\/wp\/v2\/media\/40631"}],"wp:attachment":[{"href":"https:\/\/maison-chance.org\/fr\/wp-json\/wp\/v2\/media?parent=40886"}],"curies":[{"name":"wp","href":"https:\/\/api.w.org\/{rel}","templated":true}]}}