{"id":41298,"date":"2024-01-02T09:27:19","date_gmt":"2024-01-02T02:27:19","guid":{"rendered":"https:\/\/maison-chance.org\/do-dau-nguoi-khuyet-tat"},"modified":"2025-08-20T08:33:48","modified_gmt":"2025-08-20T01:33:48","slug":"programme-de-parrainage-de-personnes-en-situation-de-handicap","status":"publish","type":"page","link":"https:\/\/maison-chance.org\/fr\/programme-de-parrainage-de-personnes-en-situation-de-handicap","title":{"rendered":"Programme De Parrainage De Personnes En Situation De Handicap"},"content":{"rendered":"<div class=\"slider-wrapper relative\" id=\"slider-1148301768\" >\n    <div class=\"slider slider-nav-circle slider-nav-large slider-nav-light slider-style-normal\"\n        data-flickity-options='{\n            \"cellAlign\": \"center\",\n            \"imagesLoaded\": true,\n            \"lazyLoad\": 1,\n            \"freeScroll\": false,\n            \"wrapAround\": true,\n            \"autoPlay\": 6000,\n            \"pauseAutoPlayOnHover\" : true,\n            \"prevNextButtons\": true,\n            \"contain\" : true,\n            \"adaptiveHeight\" : true,\n            \"dragThreshold\" : 10,\n            \"percentPosition\": true,\n            \"pageDots\": true,\n            \"rightToLeft\": false,\n            \"draggable\": true,\n            \"selectedAttraction\": 0.1,\n            \"parallax\" : 0,\n            \"friction\": 0.6        }'\n        >\n        \n\n  <div class=\"banner has-hover\" id=\"banner-345772988\">\n          <div class=\"banner-inner fill\">\n        <div class=\"banner-bg fill\" >\n            <img loading=\"lazy\" decoding=\"async\" width=\"800\" height=\"533\" src=\"https:\/\/maison-chance.org\/wp-content\/uploads\/2024\/01\/Dong-hanh-cuong-nguoi-khuyet-tat.jpg\" class=\"bg attachment-large size-large\" alt=\"\" \/>                                    \n                    <\/div>\n\t\t\n        <div class=\"banner-layers container\">\n            <div class=\"fill banner-link\"><\/div>            \n   <div id=\"text-box-1000408143\" class=\"text-box banner-layer x50 md-x50 lg-x50 y50 md-y50 lg-y50 res-text\">\n                                <div class=\"text-box-content text dark\">\n              \n              <div class=\"text-inner text-center\">\n                  \n\t<div id=\"text-2229385179\" class=\"text\">\n\t\t\n<h3><span style=\"color: #ed1c24;\"><strong>PROGRAMME DE PARRAINAGE DE PERSONNES EN SITUATION DE HANDICAP<\/strong><\/span><\/h3>\n\t\t\n<style>\n#text-2229385179 {\n  color: rgb(250, 13, 13);\n}\n#text-2229385179 > * {\n  color: rgb(250, 13, 13);\n}\n<\/style>\n\t<\/div>\n\t\n\t<div id=\"gap-1370161893\" class=\"gap-element clearfix\" style=\"display:block; height:auto;\">\n\t\t\n<style>\n#gap-1370161893 {\n  padding-top: 350px;\n}\n<\/style>\n\t<\/div>\n\t\n              <\/div>\n           <\/div>\n                            \n<style>\n#text-box-1000408143 {\n  width: 60%;\n}\n#text-box-1000408143 .text-box-content {\n  font-size: 100%;\n}\n<\/style>\n    <\/div>\n \n        <\/div>\n      <\/div>\n\n            \n<style>\n#banner-345772988 {\n  padding-top: 500px;\n}\n<\/style>\n  <\/div>\n\n\n\n  <div class=\"banner has-hover\" id=\"banner-1589553914\">\n          <div class=\"banner-inner fill\">\n        <div class=\"banner-bg fill\" >\n            <img loading=\"lazy\" decoding=\"async\" width=\"800\" height=\"564\" src=\"https:\/\/maison-chance.org\/wp-content\/uploads\/2024\/01\/Dong-hanh-cuong-nguoi-khuyet-tat02.jpg\" class=\"bg attachment-large size-large\" alt=\"\" \/>                                    \n                    <\/div>\n\t\t\n        <div class=\"banner-layers container\">\n            <div class=\"fill banner-link\"><\/div>            \n   <div id=\"text-box-1111348950\" class=\"text-box banner-layer x50 md-x50 lg-x50 y50 md-y50 lg-y50 res-text\">\n                                <div class=\"text-box-content text dark\">\n              \n              <div class=\"text-inner text-center\">\n                  \n\t<div id=\"text-2281814025\" class=\"text\">\n\t\t\n<h3><span style=\"color: #ed1c24;\"><strong>PROGRAMME DE PARRAINAGE DE PERSONNES EN SITUATION DE HANDICAP<\/strong><\/span><\/h3>\n\t\t\n<style>\n#text-2281814025 {\n  color: rgb(250, 13, 13);\n}\n#text-2281814025 > * {\n  color: rgb(250, 13, 13);\n}\n<\/style>\n\t<\/div>\n\t\n\t<div id=\"gap-833790894\" class=\"gap-element clearfix\" style=\"display:block; height:auto;\">\n\t\t\n<style>\n#gap-833790894 {\n  padding-top: 350px;\n}\n<\/style>\n\t<\/div>\n\t\n              <\/div>\n           <\/div>\n                            \n<style>\n#text-box-1111348950 {\n  width: 60%;\n}\n#text-box-1111348950 .text-box-content {\n  font-size: 100%;\n}\n<\/style>\n    <\/div>\n \n        <\/div>\n      <\/div>\n\n            \n<style>\n#banner-1589553914 {\n  padding-top: 500px;\n}\n<\/style>\n  <\/div>\n\n\n\n  <div class=\"banner has-hover\" id=\"banner-228336238\">\n          <div class=\"banner-inner fill\">\n        <div class=\"banner-bg fill\" >\n            <img loading=\"lazy\" decoding=\"async\" width=\"800\" height=\"533\" src=\"https:\/\/maison-chance.org\/wp-content\/uploads\/2024\/01\/Dong-hanh-cuong-nguoi-khuyet-tat01.jpg\" class=\"bg attachment-large size-large\" alt=\"\" \/>                                    \n                    <\/div>\n\t\t\n        <div class=\"banner-layers container\">\n            <div class=\"fill banner-link\"><\/div>            \n   <div id=\"text-box-339828001\" class=\"text-box banner-layer x50 md-x50 lg-x50 y50 md-y50 lg-y50 res-text\">\n                                <div class=\"text-box-content text dark\">\n              \n              <div class=\"text-inner text-center\">\n                  \n\t<div id=\"text-1935857364\" class=\"text\">\n\t\t\n<h3><span style=\"color: #ed1c24;\"><strong>PROGRAMME DE PARRAINAGE DE PERSONNES EN SITUATION DE HANDICAP<\/strong><\/span><\/h3>\n\t\t\n<style>\n#text-1935857364 {\n  color: rgb(250, 13, 13);\n}\n#text-1935857364 > * {\n  color: rgb(250, 13, 13);\n}\n<\/style>\n\t<\/div>\n\t\n\t<div id=\"gap-1397449344\" class=\"gap-element clearfix\" style=\"display:block; height:auto;\">\n\t\t\n<style>\n#gap-1397449344 {\n  padding-top: 350px;\n}\n<\/style>\n\t<\/div>\n\t\n              <\/div>\n           <\/div>\n                            \n<style>\n#text-box-339828001 {\n  width: 60%;\n}\n#text-box-339828001 .text-box-content {\n  font-size: 100%;\n}\n<\/style>\n    <\/div>\n \n        <\/div>\n      <\/div>\n\n            \n<style>\n#banner-228336238 {\n  padding-top: 500px;\n}\n<\/style>\n  <\/div>\n\n\n     <\/div>\n\n     <div class=\"loading-spin dark large centered\"><\/div>\n\n\t<\/div>\n\n\n\t<div id=\"gap-1439614785\" class=\"gap-element clearfix\" style=\"display:block; height:auto;\">\n\t\t\n<style>\n#gap-1439614785 {\n  padding-top: 30px;\n}\n<\/style>\n\t<\/div>\n\t\n\n\t<section class=\"section\" id=\"section_617979091\">\n\t\t<div class=\"section-bg fill\" >\n\t\t\t\t\t\t\t\t\t\n\t\t\t\n\n\t\t<\/div>\n\n\t\t\n\n\t\t<div class=\"section-content relative\">\n\t\t\t\n<div class=\"row\"  id=\"row-452269947\">\n\n\t<div id=\"col-185483387\" class=\"col small-12 large-12\"  >\n\t\t\t\t<div class=\"col-inner\"  >\n\t\t\t\n\t\t\t\n<p style=\"text-align: justify;\">Le programme de Parrainage de Personnes en situation de Handicap vise \u00e0 mobiliser le soutien de la communaut\u00e9 pour prendre soin et aider les personnes handicap\u00e9es \u00e0 Maison Chance.<\/p>\n<p style=\"text-align: justify;\">En participant au programme, les bienfaiteurs apportent non seulement un soutien financier, mais font \u00e9galement preuve de sensibilit\u00e9 et de partage envers les personnes handicap\u00e9es moins fortun\u00e9es qui pourront regagner en autonomie et qui pourront mener une vie pleine de sens.<\/p>\n<p style=\"text-align: justify;\">Rejoignez Maison Chance et devenez parrain pour apporter des changements positifs aux personnes moins fortun\u00e9es.<\/p>\n<p style=\"text-align: justify;\"><span style=\"color: #007cba;\"><strong>M\u00c9THODE DE MISE EN \u0152UVRE<\/strong><\/span><\/p>\n<p style=\"text-align: justify;\">Pour s\u2019assurer que personne n\u2019est laiss\u00e9 pour compte, Maison Chance apporte un parrainage de groupe. Cela signifie que lorsque vous participez au projet, le montant de l\u2019aide sera revers\u00e9 au fonds g\u00e9n\u00e9ral pour soutenir les membres b\u00e9n\u00e9ficiaires, et non \u00e0 un accompagnement individuel. Le programme de Parrainage de Personnes en situation de Handicap fonctionne ainsi avec ce m\u00eame proc\u00e9d\u00e9.<\/p>\n<p style=\"text-align: justify;\">Un parrainage annuel de 3,500,000 VND(130 euros) permet aux personnes handicap\u00e9es de recevoir des repas nutritifs et des s\u00e9ances quotidiennes de kin\u00e9sith\u00e9rapie. Alternativement, vous pouvez faire un don unique au montant de votre choix \u2014chaque contribution, aussi petite ou grande soit-elle, est pr\u00e9cieuse!<\/p>\n<div class=\"container section-title-container\" ><h3 class=\"section-title section-title-center\"><b aria-hidden=\"true\"><\/b><span class=\"section-title-main\" >Cette section comprend les informations pour les virements bancaires<\/span><b aria-hidden=\"true\"><\/b><\/h3><\/div>\n<div class=\"row\"  id=\"row-2017761053\">\n\n\t<div id=\"col-824490484\" class=\"col medium-6 small-12 large-6\"  >\n\t\t\t\t<div class=\"col-inner\"  >\n\t\t\t\n\t\t\t\n<div class=\"give-embed-form-wrapper\" id=\"give-69f387d162fe3\"><iframe\n\t\t\t\tname=\"give-embed-form\"\n\t\t\t\tsrc=\"https:\/\/maison-chance.org\/fr\/give\/programme-de-parrainage-de-personnes-handicap?giveDonationFormInIframe=1\"\n\t\t\t\t\n\t\t\t\tdata-autoScroll=\"0\"\n\t\t\t\tonload=\"if( 'undefined' !== typeof Give ) { Give.initializeIframeResize(this) }\"\n\t\t\t\tstyle=\"border: 0;visibility: hidden;min-height: 721px;\"><\/iframe><div class=\"iframe-loader\">\n<div style=\"\n\t\theight: calc(100% - 28px);\n\t\twidth: calc(100% - 20px);\n\t\tmax-width: 552px;\n\t\tmargin: 10px auto 10px auto;\n\t\tbackground: transparent;\n\t\tborder-radius: 6px;\n\t\tdisplay: flex;\n\t\talign-items: center;\n\t\tjustify-content: center;\n\t\">\n    <div style=\"\n        pointer-events: none;\n        height: 90px;\n        width: 90px;\n        background-image: url(&quot;data:image\/svg+xml;charset=utf8,%3C?xml version='1.0' encoding='utf-8'?%3E%3C!-- Generator: Adobe Illustrator 24.1.0, SVG Export Plug-In . SVG Version: 6.00 Build 0) --%3E%3Csvg version='1.1' id='Layer_1' xmlns='http:\/\/www.w3.org\/2000\/svg' xmlns:xlink='http:\/\/www.w3.org\/1999\/xlink' x='0px' y='0px' viewBox='0 0 349 348' style='enable-background:new 0 0 349 348;' xml:space='preserve'%3E%3Cstyle type='text\/css'%3E .st0{fill:%23239fdb;} %3C\/style%3E%3Cpath class='st0' d='M25.1,204.57c-13.38,0-24.47-10.6-24.97-24.08C0.04,178.09,0,175.97,0,174C0,77.78,78.28-0.5,174.5-0.5 c13.81,0,25,11.19,25,25s-11.19,25-25,25C105.85,49.5,50,105.35,50,174c0,1.37,0.03,2.85,0.1,4.65c0.51,13.8-10.27,25.39-24.07,25.9 C25.72,204.56,25.41,204.57,25.1,204.57z'\/%3E%3Cpath class='st0' d='M174.5,348.5c-13.81,0-25-11.19-25-25c0-13.81,11.19-25,25-25c68.65,0,124.5-55.85,124.5-124.5 c0-1.38-0.03-2.85-0.1-4.65c-0.51-13.8,10.26-25.4,24.06-25.91c13.83-0.53,25.4,10.26,25.91,24.06c0.09,2.39,0.13,4.51,0.13,6.49 C349,270.22,270.72,348.5,174.5,348.5z'\/%3E%3C\/svg%3E&quot;);\n        animation: spin 0.6s linear infinite;\n        \"><\/div>\n<\/div>\n<\/div><\/div>\n\t\t<\/div>\n\t\t\t\t\t<\/div>\n\n\t\n\n\t<div id=\"col-1967829561\" class=\"col medium-6 small-12 large-6\"  >\n\t\t\t\t<div class=\"col-inner\"  >\n\t\t\t\n\t\t\t\n<div class=\"container section-title-container\" ><h3 class=\"section-title section-title-normal\"><b aria-hidden=\"true\"><\/b><span class=\"section-title-main\" >DON PAR VIREMENT BANCAIRE<\/span><b aria-hidden=\"true\"><\/b><\/h3><\/div>\n<p>Banque: Eximbank<br \/>\nNouvelle adresse: 116-124 Nguy\u1ec5n C\u00f4ng Tr\u1ee9, Quartier de S\u00e0i G\u00f2n, Ho Chi Minh Ville, Vietnam<br \/>\nAncienne adresse: 116-118-120-122-124 Nguyen Cong Tru, Quartier de Nguyen Thai Binh, District 1,  Ho Chi Minh Ville, Vietnam.<br \/>\nNom: ASSOCIATION MAISON CHANCE<br \/>\nUSD: 200014852000517<br \/>\nVND: 200014852005274<br \/>\nEURO: 200014852007054<br \/>\nSWIFT Code: EBVIVNVX<\/p>\n\t\t<\/div>\n\t\t\t\t\t<\/div>\n\n\t\n<\/div>\n<div class=\"container section-title-container\" ><h3 class=\"section-title section-title-center\"><b aria-hidden=\"true\"><\/b><span class=\"section-title-main\" >Histoire des Membres<\/span><b aria-hidden=\"true\"><\/b><\/h3><\/div>\n<div class=\"row\"  id=\"row-1190144965\">\n\n\t<div id=\"col-1158879019\" class=\"col medium-6 small-12 large-6\"  >\n\t\t\t\t<div class=\"col-inner\"  >\n\t\t\t\n\t\t\t\n<p style=\"text-align: justify;\">Regardons l&rsquo;histoire de G\u00e1i Nh\u1ecf, une femme devenue t\u00e9trapl\u00e9gique apr\u00e8s un accident de la route. Malgr\u00e9 les nombreuses difficult\u00e9s qu&rsquo;elle a rencontr\u00e9es, elle a fait d&rsquo;\u00e9normes efforts pour se surpasser et devenir un brillant exemple de r\u00e9silience.<\/p>\n<p><iframe loading=\"lazy\" title=\"NGH\u1eca L\u1ef0C V\u01af\u01a0N L\u00caN C\u1ee6A C\u00d4 G\u00c1I KHUY\u1ebeT T\u1eacT T\u1ee8 CHI - &quot;G\u00c1I NH\u1ece&quot;\" width=\"1020\" height=\"574\" src=\"https:\/\/www.youtube.com\/embed\/V-ctUm6q1o0?feature=oembed\" frameborder=\"0\" allow=\"accelerometer; autoplay; clipboard-write; encrypted-media; gyroscope; picture-in-picture; web-share\" referrerpolicy=\"strict-origin-when-cross-origin\" allowfullscreen><\/iframe><\/p>\n\t\t<\/div>\n\t\t\t\t\t<\/div>\n\n\t\n\n\t<div id=\"col-62182857\" class=\"col medium-6 small-12 large-6\"  >\n\t\t\t\t<div class=\"col-inner\"  >\n\t\t\t\n\t\t\t\n<p style=\"text-align: justify;\">Voici un membre, Ng\u1ecdc \u0110\u00f4, qui suit une th\u00e9rapie physique au centre Take Wing. En rejoignant Maison Chance, il s&rsquo;efforce au quotidien de surmonter ses limites physiques. Il a trouv\u00e9 de la joie \u00e0 participer aux activit\u00e9s de Maison Chance et s&rsquo;est fix\u00e9 de nouveaux objectifs pour sa vie.<\/p>\n<p><iframe loading=\"lazy\" title=\"\u0110\u00f4 T\u1eadp \u0110i...!\" width=\"1020\" height=\"574\" src=\"https:\/\/www.youtube.com\/embed\/n2plF2QjBg8?feature=oembed\" frameborder=\"0\" allow=\"accelerometer; autoplay; clipboard-write; encrypted-media; gyroscope; picture-in-picture; web-share\" referrerpolicy=\"strict-origin-when-cross-origin\" allowfullscreen><\/iframe><\/p>\n\t\t<\/div>\n\t\t\t\t\t<\/div>\n\n\t\n<\/div>\n<div class=\"row\"  id=\"row-1321536955\">\n\n\t<div id=\"col-690869904\" class=\"col small-12 large-12\"  >\n\t\t\t\t<div class=\"col-inner\"  >\n\t\t\t\n\t\t\t\n<p style=\"text-align: justify;\">Gr\u00e2ce au soutien des bienfaiteurs, nous avons t\u00e9moign\u00e9 d\u2019am\u00e9liorations miraculeuses. De nombreuses personnes en situation de handicap sont devenues plus fortes et plus confiantes, changeant ainsi leur destin.<\/p>\n<p style=\"text-align: justify;\">Nous croyons que chacun, quelle que soit sa situation, peut accomplir de grandes choses lorsque nous marchons ensemble.<\/p>\n<p>.<\/p>\n\t\t<\/div>\n\t\t\t\t\t<\/div>\n\n\t\n<\/div>\n\t\t<\/div>\n\t\t\t\t\t<\/div>\n\n\t\n<\/div>\n\t\t<\/div>\n\n\t\t\n<style>\n#section_617979091 {\n  padding-top: 30px;\n  padding-bottom: 30px;\n}\n<\/style>\n\t<\/section>\n\t\n","protected":false},"excerpt":{"rendered":"","protected":false},"author":1,"featured_media":40954,"parent":0,"menu_order":0,"comment_status":"closed","ping_status":"closed","template":"","meta":{"give_campaign_id":0,"footnotes":""},"class_list":["post-41298","page","type-page","status-publish","has-post-thumbnail","hentry"],"yoast_head":"<!-- This site is optimized with the Yoast SEO plugin v27.2 - https:\/\/yoast.com\/product\/yoast-seo-wordpress\/ -->\n<title>Programme De Parrainage De Personnes En Situation De Handicap - Maison Chance Association<\/title>\n<meta name=\"description\" content=\"Le programme de Parrainage de Personnes en situation de Handicap vise \u00e0 mobiliser le soutien de la communaut\u00e9 pour prendre soin....\" \/>\n<meta name=\"robots\" content=\"index, follow, max-snippet:-1, max-image-preview:large, max-video-preview:-1\" \/>\n<link rel=\"canonical\" href=\"https:\/\/maison-chance.org\/fr\/programme-de-parrainage-de-personnes-en-situation-de-handicap\" \/>\n<meta property=\"og:locale\" content=\"fr_FR\" \/>\n<meta property=\"og:type\" content=\"article\" \/>\n<meta property=\"og:title\" content=\"Programme De Parrainage De Personnes En Situation De Handicap - Maison Chance Association\" \/>\n<meta property=\"og:description\" content=\"Le programme de Parrainage de Personnes en situation de Handicap vise \u00e0 mobiliser le soutien de la communaut\u00e9 pour prendre soin....\" \/>\n<meta property=\"og:url\" content=\"https:\/\/maison-chance.org\/fr\/programme-de-parrainage-de-personnes-en-situation-de-handicap\" \/>\n<meta property=\"og:site_name\" content=\"Maison Chance Association\" \/>\n<meta property=\"article:publisher\" content=\"https:\/\/www.facebook.com\/MaisonChance\" \/>\n<meta property=\"article:modified_time\" content=\"2025-08-20T01:33:48+00:00\" \/>\n<meta property=\"og:image\" content=\"https:\/\/maison-chance.org\/wp-content\/uploads\/2024\/01\/Dong-hanh-cuong-nguoi-khuyet-tat.jpg\" \/>\n\t<meta property=\"og:image:width\" content=\"800\" \/>\n\t<meta property=\"og:image:height\" content=\"533\" \/>\n\t<meta property=\"og:image:type\" content=\"image\/jpeg\" \/>\n<meta name=\"twitter:card\" content=\"summary_large_image\" \/>\n<meta name=\"twitter:site\" content=\"@MaisonChanceVN\" \/>\n<meta name=\"twitter:label1\" content=\"Dur\u00e9e de lecture estim\u00e9e\" \/>\n\t<meta name=\"twitter:data1\" content=\"3 minutes\" \/>\n<script type=\"application\/ld+json\" class=\"yoast-schema-graph\">{\"@context\":\"https:\/\/schema.org\",\"@graph\":[{\"@type\":\"WebPage\",\"@id\":\"https:\/\/maison-chance.org\/fr\/programme-de-parrainage-de-personnes-en-situation-de-handicap\",\"url\":\"https:\/\/maison-chance.org\/fr\/programme-de-parrainage-de-personnes-en-situation-de-handicap\",\"name\":\"Programme De Parrainage De Personnes En Situation De Handicap - Maison Chance Association\",\"isPartOf\":{\"@id\":\"https:\/\/maison-chance.org\/fr#website\"},\"primaryImageOfPage\":{\"@id\":\"https:\/\/maison-chance.org\/fr\/programme-de-parrainage-de-personnes-en-situation-de-handicap#primaryimage\"},\"image\":{\"@id\":\"https:\/\/maison-chance.org\/fr\/programme-de-parrainage-de-personnes-en-situation-de-handicap#primaryimage\"},\"thumbnailUrl\":\"https:\/\/maison-chance.org\/wp-content\/uploads\/2024\/01\/Dong-hanh-cuong-nguoi-khuyet-tat.jpg\",\"datePublished\":\"2024-01-02T02:27:19+00:00\",\"dateModified\":\"2025-08-20T01:33:48+00:00\",\"description\":\"Le programme de Parrainage de Personnes en situation de Handicap vise \u00e0 mobiliser le soutien de la communaut\u00e9 pour prendre soin....\",\"inLanguage\":\"fr-FR\",\"potentialAction\":[{\"@type\":\"ReadAction\",\"target\":[\"https:\/\/maison-chance.org\/fr\/programme-de-parrainage-de-personnes-en-situation-de-handicap\"]}]},{\"@type\":\"ImageObject\",\"inLanguage\":\"fr-FR\",\"@id\":\"https:\/\/maison-chance.org\/fr\/programme-de-parrainage-de-personnes-en-situation-de-handicap#primaryimage\",\"url\":\"https:\/\/maison-chance.org\/wp-content\/uploads\/2024\/01\/Dong-hanh-cuong-nguoi-khuyet-tat.jpg\",\"contentUrl\":\"https:\/\/maison-chance.org\/wp-content\/uploads\/2024\/01\/Dong-hanh-cuong-nguoi-khuyet-tat.jpg\",\"width\":800,\"height\":533},{\"@type\":\"WebSite\",\"@id\":\"https:\/\/maison-chance.org\/fr#website\",\"url\":\"https:\/\/maison-chance.org\/fr\",\"name\":\"https:\/\/maison-chance.org\/\",\"description\":\"Un avenir pour les moins chanceaux au Vietnam !\",\"publisher\":{\"@id\":\"https:\/\/maison-chance.org\/fr#organization\"},\"potentialAction\":[{\"@type\":\"SearchAction\",\"target\":{\"@type\":\"EntryPoint\",\"urlTemplate\":\"https:\/\/maison-chance.org\/fr?s={search_term_string}\"},\"query-input\":{\"@type\":\"PropertyValueSpecification\",\"valueRequired\":true,\"valueName\":\"search_term_string\"}}],\"inLanguage\":\"fr-FR\"},{\"@type\":\"Organization\",\"@id\":\"https:\/\/maison-chance.org\/fr#organization\",\"name\":\"https:\/\/maison-chance.org\/\",\"url\":\"https:\/\/maison-chance.org\/fr\",\"logo\":{\"@type\":\"ImageObject\",\"inLanguage\":\"fr-FR\",\"@id\":\"https:\/\/maison-chance.org\/fr#\/schema\/logo\/image\/\",\"url\":\"https:\/\/maison-chance.org\/wp-content\/uploads\/2021\/09\/Featued-Logo-MC-1.jpg\",\"contentUrl\":\"https:\/\/maison-chance.org\/wp-content\/uploads\/2021\/09\/Featued-Logo-MC-1.jpg\",\"width\":500,\"height\":313,\"caption\":\"https:\/\/maison-chance.org\/\"},\"image\":{\"@id\":\"https:\/\/maison-chance.org\/fr#\/schema\/logo\/image\/\"},\"sameAs\":[\"https:\/\/www.facebook.com\/MaisonChance\",\"https:\/\/x.com\/MaisonChanceVN\",\"https:\/\/www.instagram.com\/maisonchance\/\",\"https:\/\/www.youtube.com\/c\/MaisonChanceVideo\"]}]}<\/script>\n<!-- \/ Yoast SEO plugin. -->","yoast_head_json":{"title":"Programme De Parrainage De Personnes En Situation De Handicap - Maison Chance Association","description":"Le programme de Parrainage de Personnes en situation de Handicap vise \u00e0 mobiliser le soutien de la communaut\u00e9 pour prendre soin....","robots":{"index":"index","follow":"follow","max-snippet":"max-snippet:-1","max-image-preview":"max-image-preview:large","max-video-preview":"max-video-preview:-1"},"canonical":"https:\/\/maison-chance.org\/fr\/programme-de-parrainage-de-personnes-en-situation-de-handicap","og_locale":"fr_FR","og_type":"article","og_title":"Programme De Parrainage De Personnes En Situation De Handicap - Maison Chance Association","og_description":"Le programme de Parrainage de Personnes en situation de Handicap vise \u00e0 mobiliser le soutien de la communaut\u00e9 pour prendre soin....","og_url":"https:\/\/maison-chance.org\/fr\/programme-de-parrainage-de-personnes-en-situation-de-handicap","og_site_name":"Maison Chance Association","article_publisher":"https:\/\/www.facebook.com\/MaisonChance","article_modified_time":"2025-08-20T01:33:48+00:00","og_image":[{"width":800,"height":533,"url":"https:\/\/maison-chance.org\/wp-content\/uploads\/2024\/01\/Dong-hanh-cuong-nguoi-khuyet-tat.jpg","type":"image\/jpeg"}],"twitter_card":"summary_large_image","twitter_site":"@MaisonChanceVN","twitter_misc":{"Dur\u00e9e de lecture estim\u00e9e":"3 minutes"},"schema":{"@context":"https:\/\/schema.org","@graph":[{"@type":"WebPage","@id":"https:\/\/maison-chance.org\/fr\/programme-de-parrainage-de-personnes-en-situation-de-handicap","url":"https:\/\/maison-chance.org\/fr\/programme-de-parrainage-de-personnes-en-situation-de-handicap","name":"Programme De Parrainage De Personnes En Situation De Handicap - Maison Chance Association","isPartOf":{"@id":"https:\/\/maison-chance.org\/fr#website"},"primaryImageOfPage":{"@id":"https:\/\/maison-chance.org\/fr\/programme-de-parrainage-de-personnes-en-situation-de-handicap#primaryimage"},"image":{"@id":"https:\/\/maison-chance.org\/fr\/programme-de-parrainage-de-personnes-en-situation-de-handicap#primaryimage"},"thumbnailUrl":"https:\/\/maison-chance.org\/wp-content\/uploads\/2024\/01\/Dong-hanh-cuong-nguoi-khuyet-tat.jpg","datePublished":"2024-01-02T02:27:19+00:00","dateModified":"2025-08-20T01:33:48+00:00","description":"Le programme de Parrainage de Personnes en situation de Handicap vise \u00e0 mobiliser le soutien de la communaut\u00e9 pour prendre soin....","inLanguage":"fr-FR","potentialAction":[{"@type":"ReadAction","target":["https:\/\/maison-chance.org\/fr\/programme-de-parrainage-de-personnes-en-situation-de-handicap"]}]},{"@type":"ImageObject","inLanguage":"fr-FR","@id":"https:\/\/maison-chance.org\/fr\/programme-de-parrainage-de-personnes-en-situation-de-handicap#primaryimage","url":"https:\/\/maison-chance.org\/wp-content\/uploads\/2024\/01\/Dong-hanh-cuong-nguoi-khuyet-tat.jpg","contentUrl":"https:\/\/maison-chance.org\/wp-content\/uploads\/2024\/01\/Dong-hanh-cuong-nguoi-khuyet-tat.jpg","width":800,"height":533},{"@type":"WebSite","@id":"https:\/\/maison-chance.org\/fr#website","url":"https:\/\/maison-chance.org\/fr","name":"https:\/\/maison-chance.org\/","description":"Un avenir pour les moins chanceaux au Vietnam !","publisher":{"@id":"https:\/\/maison-chance.org\/fr#organization"},"potentialAction":[{"@type":"SearchAction","target":{"@type":"EntryPoint","urlTemplate":"https:\/\/maison-chance.org\/fr?s={search_term_string}"},"query-input":{"@type":"PropertyValueSpecification","valueRequired":true,"valueName":"search_term_string"}}],"inLanguage":"fr-FR"},{"@type":"Organization","@id":"https:\/\/maison-chance.org\/fr#organization","name":"https:\/\/maison-chance.org\/","url":"https:\/\/maison-chance.org\/fr","logo":{"@type":"ImageObject","inLanguage":"fr-FR","@id":"https:\/\/maison-chance.org\/fr#\/schema\/logo\/image\/","url":"https:\/\/maison-chance.org\/wp-content\/uploads\/2021\/09\/Featued-Logo-MC-1.jpg","contentUrl":"https:\/\/maison-chance.org\/wp-content\/uploads\/2021\/09\/Featued-Logo-MC-1.jpg","width":500,"height":313,"caption":"https:\/\/maison-chance.org\/"},"image":{"@id":"https:\/\/maison-chance.org\/fr#\/schema\/logo\/image\/"},"sameAs":["https:\/\/www.facebook.com\/MaisonChance","https:\/\/x.com\/MaisonChanceVN","https:\/\/www.instagram.com\/maisonchance\/","https:\/\/www.youtube.com\/c\/MaisonChanceVideo"]}]}},"campaignId":"","_links":{"self":[{"href":"https:\/\/maison-chance.org\/fr\/wp-json\/wp\/v2\/pages\/41298","targetHints":{"allow":["GET"]}}],"collection":[{"href":"https:\/\/maison-chance.org\/fr\/wp-json\/wp\/v2\/pages"}],"about":[{"href":"https:\/\/maison-chance.org\/fr\/wp-json\/wp\/v2\/types\/page"}],"author":[{"embeddable":true,"href":"https:\/\/maison-chance.org\/fr\/wp-json\/wp\/v2\/users\/1"}],"replies":[{"embeddable":true,"href":"https:\/\/maison-chance.org\/fr\/wp-json\/wp\/v2\/comments?post=41298"}],"version-history":[{"count":12,"href":"https:\/\/maison-chance.org\/fr\/wp-json\/wp\/v2\/pages\/41298\/revisions"}],"predecessor-version":[{"id":42726,"href":"https:\/\/maison-chance.org\/fr\/wp-json\/wp\/v2\/pages\/41298\/revisions\/42726"}],"wp:featuredmedia":[{"embeddable":true,"href":"https:\/\/maison-chance.org\/fr\/wp-json\/wp\/v2\/media\/40954"}],"wp:attachment":[{"href":"https:\/\/maison-chance.org\/fr\/wp-json\/wp\/v2\/media?parent=41298"}],"curies":[{"name":"wp","href":"https:\/\/api.w.org\/{rel}","templated":true}]}}