{"id":5438,"date":"2021-09-05T10:56:36","date_gmt":"2021-09-05T10:56:36","guid":{"rendered":"https:\/\/maison-chance.org\/a-propos-de-nous\/mai-am-nha-may-man\/"},"modified":"2022-03-28T14:31:47","modified_gmt":"2022-03-28T07:31:47","slug":"foyer-maison-chance","status":"publish","type":"page","link":"https:\/\/maison-chance.org\/fr\/a-propos-de-nous\/foyer-maison-chance","title":{"rendered":"Foyer Maison Chance"},"content":{"rendered":"\t<div id=\"gap-1707931570\" class=\"gap-element clearfix\" style=\"display:block; height:auto;\">\n\t\t\n<style>\n#gap-1707931570 {\n  padding-top: 30px;\n}\n<\/style>\n\t<\/div>\n\t\n\n\t<section class=\"section\" id=\"section_27206323\">\n\t\t<div class=\"section-bg fill\" >\n\t\t\t\t\t\t\t\t\t<div class=\"section-bg-overlay absolute fill\"><\/div>\n\t\t\t\n\n\t\t<\/div>\n\n\t\t\n\n\t\t<div class=\"section-content relative\">\n\t\t\t\n\t<div id=\"text-1455674162\" class=\"text\">\n\t\t\n<h1>FOYER MAISON CHANCE<\/h1>\n<p style=\"text-align: justify;\"><span style=\"font-family: arial,helvetica,sans-serif;\"><span style=\"font-size: 11pt; color: #000;\">La premi\u00e8re structure de l\u2019organisation, le Foyer Maison Chance, a \u00e9t\u00e9 cr\u00e9\u00e9e pour accueillir des orphelins et des personnes handicap\u00e9es lors de leur arriv\u00e9e \u00e0 Maison Chance. Sous ce toit, ces groupes de populations vuln\u00e9rables vivent ensemble et s\u2019entraident. De quoi cr\u00e9er une famille o\u00f9 les adultes handicap\u00e9s incarnent le r\u00f4le des parents, \u00e9duquent, partagent et comblent le manque affectif des orphelins. Ces derniers, en retour, les aident dans des activit\u00e9s quotidiennes, par exemple pousser leur chaise roulante, \u00e9tendre leur linge.<\/span><\/span><\/p>\n<p style=\"text-align: justify;\"><span style=\"font-family: arial,helvetica,sans-serif;\"><span style=\"font-size: 11pt; color: #000;\">Cr\u00e9\u00e9 en 1993, le Foyer fournit un logement, des soins de sant\u00e9 aux b\u00e9n\u00e9ficiaires dont des personnes handicap\u00e9es abandonn\u00e9es et des orphelins qui re\u00e7oivent \u00e9galement des formations professionnelles au <a href=\"https:\/\/maison-chance.org\/fr\/a-propos-de-nous\/centre-envol\">Centre Envol<\/a> (\u00e0 environ 1,5 km du Foyer) ou une \u00e9ducation primaire au <a href=\"https:\/\/maison-chance.org\/fr\/a-propos-de-nous\/village-chance\">Village Chance<\/a> (\u00e0 environ 2 km du Foyer).<\/span><\/span><\/p>\n\t\t\n<style>\n#text-1455674162 {\n  text-align: center;\n  color: rgb(255, 0, 0);\n}\n#text-1455674162 > * {\n  color: rgb(255, 0, 0);\n}\n<\/style>\n\t<\/div>\n\t\n<div class=\"slider-wrapper relative\" id=\"slider-235364249\" >\n    <div class=\"slider slider-nav-circle slider-nav-large slider-nav-light slider-style-normal\"\n        data-flickity-options='{\n            \"cellAlign\": \"center\",\n            \"imagesLoaded\": true,\n            \"lazyLoad\": 1,\n            \"freeScroll\": false,\n            \"wrapAround\": true,\n            \"autoPlay\": 6000,\n            \"pauseAutoPlayOnHover\" : true,\n            \"prevNextButtons\": true,\n            \"contain\" : true,\n            \"adaptiveHeight\" : true,\n            \"dragThreshold\" : 10,\n            \"percentPosition\": true,\n            \"pageDots\": true,\n            \"rightToLeft\": false,\n            \"draggable\": true,\n            \"selectedAttraction\": 0.1,\n            \"parallax\" : 0,\n            \"friction\": 0.6        }'\n        >\n        \n\n  <div class=\"banner has-hover has-slide-effect slide-zoom-in-fast\" id=\"banner-937177109\">\n          <div class=\"banner-inner fill\">\n        <div class=\"banner-bg fill\" >\n            <img loading=\"lazy\" decoding=\"async\" width=\"1000\" height=\"650\" src=\"https:\/\/maison-chance.org\/wp-content\/uploads\/2021\/11\/mai-am-nmm-01.jpg\" class=\"bg attachment-original size-original\" alt=\"\" \/>                                    \n                    <\/div>\n\t\t\n        <div class=\"banner-layers container\">\n            <div class=\"fill banner-link\"><\/div>            \n   <div id=\"text-box-121550804\" class=\"text-box banner-layer x50 md-x50 lg-x50 y50 md-y50 lg-y50 res-text\">\n                                <div class=\"text-box-content text dark\">\n              \n              <div class=\"text-inner text-center\">\n                  \n\t<div id=\"gap-1177952127\" class=\"gap-element clearfix\" style=\"display:block; height:auto;\">\n\t\t\n<style>\n#gap-1177952127 {\n  padding-top: 250px;\n}\n<\/style>\n\t<\/div>\n\t\n<p><span style=\"font-size: 16pt;\"><strong>Les orphelins et enfants des rues au Foyer Maison Chance<\/strong><\/span><\/p>\n              <\/div>\n           <\/div>\n                            \n<style>\n#text-box-121550804 {\n  width: 91%;\n}\n#text-box-121550804 .text-box-content {\n  font-size: 100%;\n}\n<\/style>\n    <\/div>\n \n        <\/div>\n      <\/div>\n\n            \n<style>\n#banner-937177109 {\n  padding-top: 400px;\n}\n<\/style>\n  <\/div>\n\n\n\n  <div class=\"banner has-hover has-slide-effect slide-zoom-in\" id=\"banner-149876868\">\n          <div class=\"banner-inner fill\">\n        <div class=\"banner-bg fill\" >\n            <img loading=\"lazy\" decoding=\"async\" width=\"1000\" height=\"650\" src=\"https:\/\/maison-chance.org\/wp-content\/uploads\/2021\/11\/mai-am-nmm-02.jpg\" class=\"bg attachment-original size-original\" alt=\"\" \/>                                    \n                    <\/div>\n\t\t\n        <div class=\"banner-layers container\">\n            <div class=\"fill banner-link\"><\/div>            \n   <div id=\"text-box-1021964055\" class=\"text-box banner-layer x50 md-x50 lg-x50 y50 md-y50 lg-y50 res-text\">\n                                <div class=\"text-box-content text dark\">\n              \n              <div class=\"text-inner text-center\">\n                  \n\t<div id=\"gap-2068112911\" class=\"gap-element clearfix\" style=\"display:block; height:auto;\">\n\t\t\n<style>\n#gap-2068112911 {\n  padding-top: 250px;\n}\n<\/style>\n\t<\/div>\n\t\n<p><span style=\"font-size: 16pt; color: #ff0000;\"><strong>Les premiers b\u00e9n\u00e9ficiaires handicap\u00e9s de Maison Chance en 1993 <\/strong><\/span><\/p>\n              <\/div>\n           <\/div>\n                            \n<style>\n#text-box-1021964055 {\n  width: 91%;\n}\n#text-box-1021964055 .text-box-content {\n  font-size: 100%;\n}\n<\/style>\n    <\/div>\n \n        <\/div>\n      <\/div>\n\n            \n<style>\n#banner-149876868 {\n  padding-top: 400px;\n}\n<\/style>\n  <\/div>\n\n\n\n  <div class=\"banner has-hover has-slide-effect slide-zoom-in\" id=\"banner-1711616323\">\n          <div class=\"banner-inner fill\">\n        <div class=\"banner-bg fill\" >\n            <img loading=\"lazy\" decoding=\"async\" width=\"1000\" height=\"650\" src=\"https:\/\/maison-chance.org\/wp-content\/uploads\/2021\/11\/mai-am-nmm-03.jpg\" class=\"bg attachment-original size-original\" alt=\"\" \/>                                    \n                    <\/div>\n\t\t\n        <div class=\"banner-layers container\">\n            <div class=\"fill banner-link\"><\/div>            \n   <div id=\"text-box-520702541\" class=\"text-box banner-layer x50 md-x50 lg-x50 y50 md-y50 lg-y50 res-text\">\n                                <div class=\"text-box-content text dark\">\n              \n              <div class=\"text-inner text-center\">\n                  \n\t<div id=\"gap-2134078362\" class=\"gap-element clearfix\" style=\"display:block; height:auto;\">\n\t\t\n<style>\n#gap-2134078362 {\n  padding-top: 250px;\n}\n<\/style>\n\t<\/div>\n\t\n<p><span style=\"font-size: 16pt; color: #fff;\"><strong>La famille de Maison Chance en 1993<\/strong><\/span><\/p>\n              <\/div>\n           <\/div>\n                            \n<style>\n#text-box-520702541 {\n  width: 91%;\n}\n#text-box-520702541 .text-box-content {\n  font-size: 100%;\n}\n<\/style>\n    <\/div>\n \n        <\/div>\n      <\/div>\n\n            \n<style>\n#banner-1711616323 {\n  padding-top: 400px;\n}\n<\/style>\n  <\/div>\n\n\n\n  <div class=\"banner has-hover has-slide-effect slide-zoom-in-fast\" id=\"banner-2117788879\">\n          <div class=\"banner-inner fill\">\n        <div class=\"banner-bg fill\" >\n            <img loading=\"lazy\" decoding=\"async\" width=\"1000\" height=\"650\" src=\"https:\/\/maison-chance.org\/wp-content\/uploads\/2021\/11\/mai-am-nmm-04.jpg\" class=\"bg attachment-original size-original\" alt=\"\" \/>                                    \n                    <\/div>\n\t\t\n        <div class=\"banner-layers container\">\n            <div class=\"fill banner-link\"><\/div>            \n   <div id=\"text-box-1735903724\" class=\"text-box banner-layer x50 md-x50 lg-x50 y50 md-y50 lg-y50 res-text\">\n                                <div class=\"text-box-content text dark\">\n              \n              <div class=\"text-inner text-center\">\n                  \n\t<div id=\"gap-182776313\" class=\"gap-element clearfix\" style=\"display:block; height:auto;\">\n\t\t\n<style>\n#gap-182776313 {\n  padding-top: 250px;\n}\n<\/style>\n\t<\/div>\n\t\n<p><span style=\"font-size: 16pt; color: #fff;\"><strong>Les b\u00e9n\u00e9ficiaires du Foyer en 1995<\/strong><\/span><\/p>\n              <\/div>\n           <\/div>\n                            \n<style>\n#text-box-1735903724 {\n  width: 91%;\n}\n#text-box-1735903724 .text-box-content {\n  font-size: 100%;\n}\n<\/style>\n    <\/div>\n \n        <\/div>\n      <\/div>\n\n            \n<style>\n#banner-2117788879 {\n  padding-top: 400px;\n}\n<\/style>\n  <\/div>\n\n\n     <\/div>\n\n     <div class=\"loading-spin dark large centered\"><\/div>\n\n\t<\/div>\n\n\n\t<div id=\"gap-2065887726\" class=\"gap-element clearfix\" style=\"display:block; height:auto;\">\n\t\t\n<style>\n#gap-2065887726 {\n  padding-top: 10px;\n}\n<\/style>\n\t<\/div>\n\t\n<p style=\"text-align: justify;\"><span style=\"font-family: arial,helvetica,sans-serif;\"><span style=\"font-size: 11pt; color: #000;\">Du lundi au samedi, vers 6h40 du matin, un bus de Maison Chance vient au Foyer pour emmener les personnes handicap\u00e9es au Centre Envol o\u00f9 elles participent aux formations professionnelles. Apr\u00e8s le travail, ils reviennent au Foyer aussi avec ce bus.<\/span><\/span><\/p>\n<p style=\"text-align: justify;\"><span style=\"font-family: arial,helvetica,sans-serif;\"><span style=\"font-size: 11pt; color: #000;\">Apr\u00e8s avoir termin\u00e9 les formations professionnelles, les b\u00e9n\u00e9ficiaires handicap\u00e9s qui ont r\u00e9ussi \u00e0 trouver un travail peuvent quitter le Foyer pour s\u2019installer au Village Chance ou ailleurs comme bon leur semble. Il en est de m\u00eame pour les orphelins qui, apr\u00e8s avoir fini leurs \u00e9tudes sup\u00e9rieures ou formations professionnelles, peuvent s\u2019int\u00e9grer pleinement dans la soci\u00e9t\u00e9.<\/span><\/span><\/p>\n<p style=\"text-align: justify;\"><span style=\"font-family: arial,helvetica,sans-serif;\"><span style=\"font-size: 11pt; color: #000;\">Apr\u00e8s vingt-huit ans d\u2019activit\u00e9, Maison Chance a accompagn\u00e9 les personnes les plus marginalis\u00e9es \u00e0 retrouver une autonomie et une confiance en eux pour devenir un membre \u00e0 part enti\u00e8re de la soci\u00e9t\u00e9<\/span><\/span><\/p>\n<p style=\"text-align: justify;\"><span style=\"font-family: arial,helvetica,sans-serif;\"><span style=\"font-size: 11pt; color: #000;\">Pour ces b\u00e9n\u00e9ficiaires, Maison Chance occupe une place importante dans leur c\u0153ur. Il arrive que certains d\u2019entre eux, apr\u00e8s avoir acquis de pr\u00e9cieuses exp\u00e9riences professionnelles, d\u00e9cident de retourner travailler \u00e0 Maison Chance pour contribuer \u00e0 leur tour \u00e0 la principale mission de l\u2019organisation : aider les personnes les moins chanceuses.<\/span><\/span><\/p>\n<div class=\"slider-wrapper relative\" id=\"slider-525069875\" >\n    <div class=\"slider slider-nav-circle slider-nav-large slider-nav-light slider-style-normal\"\n        data-flickity-options='{\n            \"cellAlign\": \"center\",\n            \"imagesLoaded\": true,\n            \"lazyLoad\": 1,\n            \"freeScroll\": false,\n            \"wrapAround\": true,\n            \"autoPlay\": 6000,\n            \"pauseAutoPlayOnHover\" : true,\n            \"prevNextButtons\": true,\n            \"contain\" : true,\n            \"adaptiveHeight\" : true,\n            \"dragThreshold\" : 10,\n            \"percentPosition\": true,\n            \"pageDots\": true,\n            \"rightToLeft\": false,\n            \"draggable\": true,\n            \"selectedAttraction\": 0.1,\n            \"parallax\" : 0,\n            \"friction\": 0.6        }'\n        >\n        \n\n  <div class=\"banner has-hover\" id=\"banner-147791829\">\n          <div class=\"banner-inner fill\">\n        <div class=\"banner-bg fill\" >\n            <img loading=\"lazy\" decoding=\"async\" width=\"1000\" height=\"650\" src=\"https:\/\/maison-chance.org\/wp-content\/uploads\/2021\/11\/mai-am-nmm-05.jpg\" class=\"bg attachment-original size-original\" alt=\"\" \/>                                    \n                    <\/div>\n\t\t\n        <div class=\"banner-layers container\">\n            <div class=\"fill banner-link\"><\/div>            \n   <div id=\"text-box-386661819\" class=\"text-box banner-layer x50 md-x50 lg-x50 y50 md-y50 lg-y50 res-text\">\n                                <div class=\"text-box-content text dark\">\n              \n              <div class=\"text-inner text-center\">\n                  \n\t<div id=\"gap-252868428\" class=\"gap-element clearfix\" style=\"display:block; height:auto;\">\n\t\t\n<style>\n#gap-252868428 {\n  padding-top: 350px;\n}\n<\/style>\n\t<\/div>\n\t\n<p><span style=\"font-size: 16pt;\"><strong>Le Foyer Maison Chance actuel<\/strong><\/span><\/p>\n              <\/div>\n           <\/div>\n                            \n<style>\n#text-box-386661819 {\n  width: 82%;\n}\n#text-box-386661819 .text-box-content {\n  font-size: 100%;\n}\n<\/style>\n    <\/div>\n \n        <\/div>\n      <\/div>\n\n            \n<style>\n#banner-147791829 {\n  padding-top: 500px;\n}\n<\/style>\n  <\/div>\n\n\n\n  <div class=\"banner has-hover\" id=\"banner-813231861\">\n          <div class=\"banner-inner fill\">\n        <div class=\"banner-bg fill\" >\n            <img loading=\"lazy\" decoding=\"async\" width=\"1000\" height=\"650\" src=\"https:\/\/maison-chance.org\/wp-content\/uploads\/2021\/11\/mai-am-nmm-06.jpg\" class=\"bg attachment-original size-original\" alt=\"\" \/>                                    \n                    <\/div>\n\t\t\n        <div class=\"banner-layers container\">\n            <div class=\"fill banner-link\"><\/div>            \n   <div id=\"text-box-1725999683\" class=\"text-box banner-layer x50 md-x50 lg-x50 y50 md-y50 lg-y50 res-text\">\n                                <div class=\"text-box-content text dark\">\n              \n              <div class=\"text-inner text-center\">\n                  \n\t<div id=\"gap-428228770\" class=\"gap-element clearfix\" style=\"display:block; height:auto;\">\n\t\t\n<style>\n#gap-428228770 {\n  padding-top: 350px;\n}\n<\/style>\n\t<\/div>\n\t\n<p><span style=\"font-size: 16pt;\"><strong>Tim s&rsquo;occupe des enfants du Foyer Maison Chance <\/strong><\/span><\/p>\n              <\/div>\n           <\/div>\n                            \n<style>\n#text-box-1725999683 {\n  width: 82%;\n}\n#text-box-1725999683 .text-box-content {\n  font-size: 100%;\n}\n<\/style>\n    <\/div>\n \n        <\/div>\n      <\/div>\n\n            \n<style>\n#banner-813231861 {\n  padding-top: 500px;\n}\n<\/style>\n  <\/div>\n\n\n     <\/div>\n\n     <div class=\"loading-spin dark large centered\"><\/div>\n\n\t<\/div>\n\n\n\t\t<\/div>\n\n\t\t\n<style>\n#section_27206323 {\n  padding-top: 30px;\n  padding-bottom: 30px;\n}\n#section_27206323 .section-bg-overlay {\n  background-color: rgba(35, 159, 219, 0.448);\n}\n<\/style>\n\t<\/section>\n\t\n","protected":false},"excerpt":{"rendered":"","protected":false},"author":1,"featured_media":5423,"parent":2693,"menu_order":0,"comment_status":"closed","ping_status":"closed","template":"","meta":{"give_campaign_id":0,"footnotes":""},"class_list":["post-5438","page","type-page","status-publish","has-post-thumbnail","hentry"],"yoast_head":"<!-- This site is optimized with the Yoast SEO plugin v27.2 - https:\/\/yoast.com\/product\/yoast-seo-wordpress\/ -->\n<title>Foyer Maison Chance | Association Maison Chance<\/title>\n<meta name=\"description\" content=\"Le Foyer est la premi\u00e8re toit pour les orphelins et les personnes handicap\u00e9es lorsqu&#039;ils entrent dans une nouvelle vie \u00e0 Maison Chance..\" \/>\n<meta name=\"robots\" content=\"index, follow, max-snippet:-1, max-image-preview:large, max-video-preview:-1\" \/>\n<link rel=\"canonical\" href=\"https:\/\/maison-chance.org\/fr\/a-propos-de-nous\/foyer-maison-chance\" \/>\n<meta property=\"og:locale\" content=\"fr_FR\" \/>\n<meta property=\"og:type\" content=\"article\" \/>\n<meta property=\"og:title\" content=\"Foyer Maison Chance | Association Maison Chance\" \/>\n<meta property=\"og:description\" content=\"Le Foyer est la premi\u00e8re toit pour les orphelins et les personnes handicap\u00e9es lorsqu&#039;ils entrent dans une nouvelle vie \u00e0 Maison Chance..\" \/>\n<meta property=\"og:url\" content=\"https:\/\/maison-chance.org\/fr\/a-propos-de-nous\/foyer-maison-chance\" \/>\n<meta property=\"og:site_name\" content=\"Maison Chance Association\" \/>\n<meta property=\"article:publisher\" content=\"https:\/\/www.facebook.com\/MaisonChance\" \/>\n<meta property=\"article:modified_time\" content=\"2022-03-28T07:31:47+00:00\" \/>\n<meta property=\"og:image\" content=\"https:\/\/maison-chance.org\/wp-content\/uploads\/2021\/11\/mai-am-nmm-06.jpg\" \/>\n\t<meta property=\"og:image:width\" content=\"1000\" \/>\n\t<meta property=\"og:image:height\" content=\"650\" \/>\n\t<meta property=\"og:image:type\" content=\"image\/jpeg\" \/>\n<meta name=\"twitter:card\" content=\"summary_large_image\" \/>\n<meta name=\"twitter:site\" content=\"@MaisonChanceVN\" \/>\n<meta name=\"twitter:label1\" content=\"Dur\u00e9e de lecture estim\u00e9e\" \/>\n\t<meta name=\"twitter:data1\" content=\"1 minute\" \/>\n<script type=\"application\/ld+json\" class=\"yoast-schema-graph\">{\"@context\":\"https:\/\/schema.org\",\"@graph\":[{\"@type\":\"WebPage\",\"@id\":\"https:\/\/maison-chance.org\/fr\/a-propos-de-nous\/foyer-maison-chance\",\"url\":\"https:\/\/maison-chance.org\/fr\/a-propos-de-nous\/foyer-maison-chance\",\"name\":\"Foyer Maison Chance | Association Maison Chance\",\"isPartOf\":{\"@id\":\"https:\/\/maison-chance.org\/fr#website\"},\"primaryImageOfPage\":{\"@id\":\"https:\/\/maison-chance.org\/fr\/a-propos-de-nous\/foyer-maison-chance#primaryimage\"},\"image\":{\"@id\":\"https:\/\/maison-chance.org\/fr\/a-propos-de-nous\/foyer-maison-chance#primaryimage\"},\"thumbnailUrl\":\"https:\/\/maison-chance.org\/wp-content\/uploads\/2021\/11\/mai-am-nmm-06.jpg\",\"datePublished\":\"2021-09-05T10:56:36+00:00\",\"dateModified\":\"2022-03-28T07:31:47+00:00\",\"description\":\"Le Foyer est la premi\u00e8re toit pour les orphelins et les personnes handicap\u00e9es lorsqu'ils entrent dans une nouvelle vie \u00e0 Maison Chance..\",\"breadcrumb\":{\"@id\":\"https:\/\/maison-chance.org\/fr\/a-propos-de-nous\/foyer-maison-chance#breadcrumb\"},\"inLanguage\":\"fr-FR\",\"potentialAction\":[{\"@type\":\"ReadAction\",\"target\":[\"https:\/\/maison-chance.org\/fr\/a-propos-de-nous\/foyer-maison-chance\"]}]},{\"@type\":\"ImageObject\",\"inLanguage\":\"fr-FR\",\"@id\":\"https:\/\/maison-chance.org\/fr\/a-propos-de-nous\/foyer-maison-chance#primaryimage\",\"url\":\"https:\/\/maison-chance.org\/wp-content\/uploads\/2021\/11\/mai-am-nmm-06.jpg\",\"contentUrl\":\"https:\/\/maison-chance.org\/wp-content\/uploads\/2021\/11\/mai-am-nmm-06.jpg\",\"width\":1000,\"height\":650},{\"@type\":\"BreadcrumbList\",\"@id\":\"https:\/\/maison-chance.org\/fr\/a-propos-de-nous\/foyer-maison-chance#breadcrumb\",\"itemListElement\":[{\"@type\":\"ListItem\",\"position\":1,\"name\":\"\u00c0 Propos De Nous\",\"item\":\"https:\/\/maison-chance.org\/fr\/a-propos-de-nous\"},{\"@type\":\"ListItem\",\"position\":2,\"name\":\"Foyer Maison Chance\"}]},{\"@type\":\"WebSite\",\"@id\":\"https:\/\/maison-chance.org\/fr#website\",\"url\":\"https:\/\/maison-chance.org\/fr\",\"name\":\"https:\/\/maison-chance.org\/\",\"description\":\"Un avenir pour les moins chanceaux au Vietnam !\",\"publisher\":{\"@id\":\"https:\/\/maison-chance.org\/fr#organization\"},\"potentialAction\":[{\"@type\":\"SearchAction\",\"target\":{\"@type\":\"EntryPoint\",\"urlTemplate\":\"https:\/\/maison-chance.org\/fr?s={search_term_string}\"},\"query-input\":{\"@type\":\"PropertyValueSpecification\",\"valueRequired\":true,\"valueName\":\"search_term_string\"}}],\"inLanguage\":\"fr-FR\"},{\"@type\":\"Organization\",\"@id\":\"https:\/\/maison-chance.org\/fr#organization\",\"name\":\"https:\/\/maison-chance.org\/\",\"url\":\"https:\/\/maison-chance.org\/fr\",\"logo\":{\"@type\":\"ImageObject\",\"inLanguage\":\"fr-FR\",\"@id\":\"https:\/\/maison-chance.org\/fr#\/schema\/logo\/image\/\",\"url\":\"https:\/\/maison-chance.org\/wp-content\/uploads\/2021\/09\/Featued-Logo-MC-1.jpg\",\"contentUrl\":\"https:\/\/maison-chance.org\/wp-content\/uploads\/2021\/09\/Featued-Logo-MC-1.jpg\",\"width\":500,\"height\":313,\"caption\":\"https:\/\/maison-chance.org\/\"},\"image\":{\"@id\":\"https:\/\/maison-chance.org\/fr#\/schema\/logo\/image\/\"},\"sameAs\":[\"https:\/\/www.facebook.com\/MaisonChance\",\"https:\/\/x.com\/MaisonChanceVN\",\"https:\/\/www.instagram.com\/maisonchance\/\",\"https:\/\/www.youtube.com\/c\/MaisonChanceVideo\"]}]}<\/script>\n<!-- \/ Yoast SEO plugin. -->","yoast_head_json":{"title":"Foyer Maison Chance | Association Maison Chance","description":"Le Foyer est la premi\u00e8re toit pour les orphelins et les personnes handicap\u00e9es lorsqu'ils entrent dans une nouvelle vie \u00e0 Maison Chance..","robots":{"index":"index","follow":"follow","max-snippet":"max-snippet:-1","max-image-preview":"max-image-preview:large","max-video-preview":"max-video-preview:-1"},"canonical":"https:\/\/maison-chance.org\/fr\/a-propos-de-nous\/foyer-maison-chance","og_locale":"fr_FR","og_type":"article","og_title":"Foyer Maison Chance | Association Maison Chance","og_description":"Le Foyer est la premi\u00e8re toit pour les orphelins et les personnes handicap\u00e9es lorsqu'ils entrent dans une nouvelle vie \u00e0 Maison Chance..","og_url":"https:\/\/maison-chance.org\/fr\/a-propos-de-nous\/foyer-maison-chance","og_site_name":"Maison Chance Association","article_publisher":"https:\/\/www.facebook.com\/MaisonChance","article_modified_time":"2022-03-28T07:31:47+00:00","og_image":[{"width":1000,"height":650,"url":"https:\/\/maison-chance.org\/wp-content\/uploads\/2021\/11\/mai-am-nmm-06.jpg","type":"image\/jpeg"}],"twitter_card":"summary_large_image","twitter_site":"@MaisonChanceVN","twitter_misc":{"Dur\u00e9e de lecture estim\u00e9e":"1 minute"},"schema":{"@context":"https:\/\/schema.org","@graph":[{"@type":"WebPage","@id":"https:\/\/maison-chance.org\/fr\/a-propos-de-nous\/foyer-maison-chance","url":"https:\/\/maison-chance.org\/fr\/a-propos-de-nous\/foyer-maison-chance","name":"Foyer Maison Chance | Association Maison Chance","isPartOf":{"@id":"https:\/\/maison-chance.org\/fr#website"},"primaryImageOfPage":{"@id":"https:\/\/maison-chance.org\/fr\/a-propos-de-nous\/foyer-maison-chance#primaryimage"},"image":{"@id":"https:\/\/maison-chance.org\/fr\/a-propos-de-nous\/foyer-maison-chance#primaryimage"},"thumbnailUrl":"https:\/\/maison-chance.org\/wp-content\/uploads\/2021\/11\/mai-am-nmm-06.jpg","datePublished":"2021-09-05T10:56:36+00:00","dateModified":"2022-03-28T07:31:47+00:00","description":"Le Foyer est la premi\u00e8re toit pour les orphelins et les personnes handicap\u00e9es lorsqu'ils entrent dans une nouvelle vie \u00e0 Maison Chance..","breadcrumb":{"@id":"https:\/\/maison-chance.org\/fr\/a-propos-de-nous\/foyer-maison-chance#breadcrumb"},"inLanguage":"fr-FR","potentialAction":[{"@type":"ReadAction","target":["https:\/\/maison-chance.org\/fr\/a-propos-de-nous\/foyer-maison-chance"]}]},{"@type":"ImageObject","inLanguage":"fr-FR","@id":"https:\/\/maison-chance.org\/fr\/a-propos-de-nous\/foyer-maison-chance#primaryimage","url":"https:\/\/maison-chance.org\/wp-content\/uploads\/2021\/11\/mai-am-nmm-06.jpg","contentUrl":"https:\/\/maison-chance.org\/wp-content\/uploads\/2021\/11\/mai-am-nmm-06.jpg","width":1000,"height":650},{"@type":"BreadcrumbList","@id":"https:\/\/maison-chance.org\/fr\/a-propos-de-nous\/foyer-maison-chance#breadcrumb","itemListElement":[{"@type":"ListItem","position":1,"name":"\u00c0 Propos De Nous","item":"https:\/\/maison-chance.org\/fr\/a-propos-de-nous"},{"@type":"ListItem","position":2,"name":"Foyer Maison Chance"}]},{"@type":"WebSite","@id":"https:\/\/maison-chance.org\/fr#website","url":"https:\/\/maison-chance.org\/fr","name":"https:\/\/maison-chance.org\/","description":"Un avenir pour les moins chanceaux au Vietnam !","publisher":{"@id":"https:\/\/maison-chance.org\/fr#organization"},"potentialAction":[{"@type":"SearchAction","target":{"@type":"EntryPoint","urlTemplate":"https:\/\/maison-chance.org\/fr?s={search_term_string}"},"query-input":{"@type":"PropertyValueSpecification","valueRequired":true,"valueName":"search_term_string"}}],"inLanguage":"fr-FR"},{"@type":"Organization","@id":"https:\/\/maison-chance.org\/fr#organization","name":"https:\/\/maison-chance.org\/","url":"https:\/\/maison-chance.org\/fr","logo":{"@type":"ImageObject","inLanguage":"fr-FR","@id":"https:\/\/maison-chance.org\/fr#\/schema\/logo\/image\/","url":"https:\/\/maison-chance.org\/wp-content\/uploads\/2021\/09\/Featued-Logo-MC-1.jpg","contentUrl":"https:\/\/maison-chance.org\/wp-content\/uploads\/2021\/09\/Featued-Logo-MC-1.jpg","width":500,"height":313,"caption":"https:\/\/maison-chance.org\/"},"image":{"@id":"https:\/\/maison-chance.org\/fr#\/schema\/logo\/image\/"},"sameAs":["https:\/\/www.facebook.com\/MaisonChance","https:\/\/x.com\/MaisonChanceVN","https:\/\/www.instagram.com\/maisonchance\/","https:\/\/www.youtube.com\/c\/MaisonChanceVideo"]}]}},"campaignId":"","_links":{"self":[{"href":"https:\/\/maison-chance.org\/fr\/wp-json\/wp\/v2\/pages\/5438","targetHints":{"allow":["GET"]}}],"collection":[{"href":"https:\/\/maison-chance.org\/fr\/wp-json\/wp\/v2\/pages"}],"about":[{"href":"https:\/\/maison-chance.org\/fr\/wp-json\/wp\/v2\/types\/page"}],"author":[{"embeddable":true,"href":"https:\/\/maison-chance.org\/fr\/wp-json\/wp\/v2\/users\/1"}],"replies":[{"embeddable":true,"href":"https:\/\/maison-chance.org\/fr\/wp-json\/wp\/v2\/comments?post=5438"}],"version-history":[{"count":11,"href":"https:\/\/maison-chance.org\/fr\/wp-json\/wp\/v2\/pages\/5438\/revisions"}],"predecessor-version":[{"id":38446,"href":"https:\/\/maison-chance.org\/fr\/wp-json\/wp\/v2\/pages\/5438\/revisions\/38446"}],"up":[{"embeddable":true,"href":"https:\/\/maison-chance.org\/fr\/wp-json\/wp\/v2\/pages\/2693"}],"wp:featuredmedia":[{"embeddable":true,"href":"https:\/\/maison-chance.org\/fr\/wp-json\/wp\/v2\/media\/5423"}],"wp:attachment":[{"href":"https:\/\/maison-chance.org\/fr\/wp-json\/wp\/v2\/media?parent=5438"}],"curies":[{"name":"wp","href":"https:\/\/api.w.org\/{rel}","templated":true}]}}