{"id":32290,"date":"2024-03-10T00:14:04","date_gmt":"2024-03-09T17:14:04","guid":{"rendered":"https:\/\/maison-chance.org\/shop\/maison-chance-restaurant-dak-nong"},"modified":"2024-05-25T09:03:15","modified_gmt":"2024-05-25T02:03:15","slug":"maison-chance-restaurant-dak-nong","status":"publish","type":"page","link":"https:\/\/maison-chance.org\/shop\/de\/maison-chance-restaurant-dak-nong","title":{"rendered":"Maison Chance Restaurant Dak Nong"},"content":{"rendered":"<p style=\"text-align: center;\"><span style=\"color: #ed1c24; font-size: 160%;\">Maison Chance Restaurant &#8211; K\u00f6stliche K\u00fcche in den Hochl\u00e4ndern von Tay Nguyen<\/span><\/p>\n<div style=\"text-align: justify;\">\n<p>Inmitten der majest\u00e4tischen Natur von Dak Nong Tay Nguyen gelegen, ist Maison Chance nicht nur ein Restaurant, sondern auch ein Ziel f\u00fcr einzigartige kulinarische und kulturelle Erlebnisse. Seit unserer Er\u00f6ffnung im Jahr 2019 haben wir das Vertrauen und das hohe Lob sowohl von Einheimischen als auch von Besuchern gewonnen. Mit Qualit\u00e4t und Hingabe verpflichtet, streben wir kontinuierlich nach Verbesserung, um unseren Kunden die vollst\u00e4ndigsten Mahlzeiten zu bieten.\n<\/p><\/div>\n<div class=\"row\"  id=\"row-1525903957\">\n\n\t<div id=\"col-1738746356\" class=\"col medium-6 small-12 large-6\"  >\n\t\t\t\t<div class=\"col-inner\"  >\n\t\t\t\n\t\t\t\n\t<div class=\"img has-hover x md-x lg-x y md-y lg-y\" id=\"image_1907894072\">\n\t\t\t\t\t\t\t\t<div class=\"img-inner dark\" >\n\t\t\t<img decoding=\"async\" width=\"600\" height=\"450\" src=\"https:\/\/maison-chance.org\/shop\/wp-content\/uploads\/2024\/03\/quan-an-Nha-May-Man-1.png\" class=\"attachment-large size-large\" alt=\"\" srcset=\"https:\/\/maison-chance.org\/shop\/wp-content\/uploads\/2024\/03\/quan-an-Nha-May-Man-1.png 600w, https:\/\/maison-chance.org\/shop\/wp-content\/uploads\/2024\/03\/quan-an-Nha-May-Man-1-533x400.png 533w, https:\/\/maison-chance.org\/shop\/wp-content\/uploads\/2024\/03\/quan-an-Nha-May-Man-1-510x383.png 510w\" sizes=\"(max-width: 600px) 100vw, 600px\" \/>\t\t\t\t\t\t\n\t\t\t\t\t<\/div>\n\t\t\t\t\t\t\t\t\n<style>\n#image_1907894072 {\n  width: 100%;\n}\n<\/style>\n\t<\/div>\n\t\n\t\t<\/div>\n\t\t\t\t\t<\/div>\n\n\t\n\n\t<div id=\"col-222710491\" class=\"col medium-6 small-12 large-6\"  >\n\t\t\t\t<div class=\"col-inner\"  >\n\t\t\t\n\t\t\t\n\t<div id=\"gap-1454983893\" class=\"gap-element clearfix\" style=\"display:block; height:auto;\">\n\t\t\n<style>\n#gap-1454983893 {\n  padding-top: 100px;\n}\n<\/style>\n\t<\/div>\n\t\n<div style=\"text-align: justify;\">\n<p>Maison Chance ist nicht nur ein Ort, an dem G\u00e4ste kommen, um Geschmacksrichtungen zu genie\u00dfen, sondern auch ein Zuhause f\u00fcr unvergessliche Erlebnisse. Es dient als Verbindung f\u00fcr Einheimische und Reisende mit dem Maison Chance Center in Dak Nong, wo gemeinn\u00fctzige Projekte von Maison Chance entstehen, um denen in Not mit W\u00e4rme und Gemeinschaftsunterst\u00fctzung zu helfen.\n<\/p><\/div>\n\t\t<\/div>\n\t\t\t\t\t<\/div>\n\n\t\n<\/div>\n<div class=\"row\"  id=\"row-226764802\">\n\n\t<div id=\"col-1174431873\" class=\"col medium-6 small-12 large-6\"  >\n\t\t\t\t<div class=\"col-inner\"  >\n\t\t\t\n\t\t\t\n\t<div id=\"gap-1119377249\" class=\"gap-element clearfix\" style=\"display:block; height:auto;\">\n\t\t\n<style>\n#gap-1119377249 {\n  padding-top: 100px;\n}\n<\/style>\n\t<\/div>\n\t\n<div style=\"text-align: justify;\">\n<p>Maison Chance zeichnet sich durch seinen ger\u00e4umigen, luftigen Raum aus, der so gestaltet ist, dass er sich mit der Natur vermischt und benachbarte Einrichtungen \u00fcbertrifft. Es bietet eine ideale Umgebung f\u00fcr G\u00e4ste, um sich zu entspannen und k\u00f6stliche Gerichte zu genie\u00dfen.<\/p>\n<p>Die Service-Standards im Maison Chance Restaurant gehen \u00fcber Qualit\u00e4t und Geschmack hinaus. Unser professionelles Team stellt sicher, dass jeder Gast aufmerksam und herzlich bedient wird, angefangen bei erfrischenden Getr\u00e4nken bis hin zu vielf\u00e4ltigen Gerichten.\n<\/p><\/div>\n\t\t<\/div>\n\t\t\t\t\t<\/div>\n\n\t\n\n\t<div id=\"col-1559378961\" class=\"col medium-6 small-12 large-6\"  >\n\t\t\t\t<div class=\"col-inner\"  >\n\t\t\t\n\t\t\t\n\t<div class=\"img has-hover x md-x lg-x y md-y lg-y\" id=\"image_1169827444\">\n\t\t\t\t\t\t\t\t<div class=\"img-inner dark\" >\n\t\t\t<img decoding=\"async\" width=\"600\" height=\"450\" src=\"https:\/\/maison-chance.org\/shop\/wp-content\/uploads\/2024\/03\/quan-an-Nha-May-Man-3.png\" class=\"attachment-large size-large\" alt=\"\" srcset=\"https:\/\/maison-chance.org\/shop\/wp-content\/uploads\/2024\/03\/quan-an-Nha-May-Man-3.png 600w, https:\/\/maison-chance.org\/shop\/wp-content\/uploads\/2024\/03\/quan-an-Nha-May-Man-3-533x400.png 533w, https:\/\/maison-chance.org\/shop\/wp-content\/uploads\/2024\/03\/quan-an-Nha-May-Man-3-510x383.png 510w\" sizes=\"(max-width: 600px) 100vw, 600px\" \/>\t\t\t\t\t\t\n\t\t\t\t\t<\/div>\n\t\t\t\t\t\t\t\t\n<style>\n#image_1169827444 {\n  width: 100%;\n}\n<\/style>\n\t<\/div>\n\t\n\t\t<\/div>\n\t\t\t\t\t<\/div>\n\n\t\n<\/div>\n<div class=\"row\"  id=\"row-856097572\">\n\n\t<div id=\"col-1317163724\" class=\"col medium-6 small-12 large-6\"  >\n\t\t\t\t<div class=\"col-inner\"  >\n\t\t\t\n\t\t\t\n\t<div class=\"img has-hover x md-x lg-x y md-y lg-y\" id=\"image_707883471\">\n\t\t\t\t\t\t\t\t<div class=\"img-inner dark\" >\n\t\t\t<img decoding=\"async\" width=\"1020\" height=\"680\" src=\"https:\/\/maison-chance.org\/shop\/wp-content\/uploads\/2024\/03\/quan-an-Nha-May-Man-2-1200x800.jpg\" class=\"attachment-large size-large\" alt=\"\" srcset=\"https:\/\/maison-chance.org\/shop\/wp-content\/uploads\/2024\/03\/quan-an-Nha-May-Man-2-1200x800.jpg 1200w, https:\/\/maison-chance.org\/shop\/wp-content\/uploads\/2024\/03\/quan-an-Nha-May-Man-2-600x400.jpg 600w, https:\/\/maison-chance.org\/shop\/wp-content\/uploads\/2024\/03\/quan-an-Nha-May-Man-2-768x512.jpg 768w, https:\/\/maison-chance.org\/shop\/wp-content\/uploads\/2024\/03\/quan-an-Nha-May-Man-2-1536x1024.jpg 1536w, https:\/\/maison-chance.org\/shop\/wp-content\/uploads\/2024\/03\/quan-an-Nha-May-Man-2-2048x1365.jpg 2048w, https:\/\/maison-chance.org\/shop\/wp-content\/uploads\/2024\/03\/quan-an-Nha-May-Man-2-510x340.jpg 510w\" sizes=\"(max-width: 1020px) 100vw, 1020px\" \/>\t\t\t\t\t\t\n\t\t\t\t\t<\/div>\n\t\t\t\t\t\t\t\t\n<style>\n#image_707883471 {\n  width: 100%;\n}\n<\/style>\n\t<\/div>\n\t\n\t\t<\/div>\n\t\t\t\t\t<\/div>\n\n\t\n\n\t<div id=\"col-6583696\" class=\"col medium-6 small-12 large-6\"  >\n\t\t\t\t<div class=\"col-inner\"  >\n\t\t\t\n\t\t\t\n\t<div id=\"gap-1629769048\" class=\"gap-element clearfix\" style=\"display:block; height:auto;\">\n\t\t\n<style>\n#gap-1629769048 {\n  padding-top: 80px;\n}\n<\/style>\n\t<\/div>\n\t\n<div style=\"text-align: justify;\">\n<p>Neben einer reichhaltigen Speisekarte mit Spezialit\u00e4ten aus den zentralen Hochl\u00e4ndern und europ\u00e4isch-asiatischen Fusionsspeisen ist Maison Chance auch stolz auf seine vielf\u00e4ltige Auswahl an erfrischenden Getr\u00e4nken aus der Hochlandregion. Die Qualit\u00e4t und Aufmerksamkeit in jedem Service sind die Gr\u00fcnde, warum das Restaurant zu einem aufregenden Treffpunkt f\u00fcr Einheimische und internationale Touristen geworden ist, wo sie Gl\u00fcck, Begegnung und Entspannung genie\u00dfen k\u00f6nnen.\n<\/p><\/div>\n\t\t<\/div>\n\t\t\t\t\t<\/div>\n\n\t\n<\/div>\n<div style=\"text-align: justify;\">\n<p>Neben der Begr\u00fc\u00dfung t\u00e4glicher G\u00e4ste ist das Lucky House auch ein idealer Veranstaltungsort f\u00fcr die Organisation besonderer Ereignisse wie Geburtstagsfeiern, Treffen, Jahresendfeiern oder Wiedersehen. Mit dem Glauben an Qualit\u00e4t bieten wir einen warmen und unvergesslichen Raum f\u00fcr jeden Anlass.<\/p>\n<p>Das Maison Chance Restaurant ist t\u00e4glich von 6:00 bis 21:00 Uhr ge\u00f6ffnet.<\/p>\n<p>Adresse: Thon Duc Lap, Gemeinde Dak Sor, Bezirk Krong No, Provinz Dak Nong<\/p>\n<p>Bitte kontaktieren Sie uns unter <strong>02616.509.777<\/strong>, um eine Reservierung vorzunehmen und die wundervolle Atmosph\u00e4re des Maison Chance Restaurants zu entdecken.\n<\/div>\n<p style=\"text-align: center;\"><span style=\"color: #ed1c24;\"><strong>Unser Men\u00fc vorstellen:<\/strong><\/span><\/p>\n<p style=\"text-align: center;\"><div class=\"_df_thumb \" id=\"df_39318\"  _slug=\"menu\" data-title=\"menu\" wpoptions=\"true\" thumb=\"https:\/\/maison-chance.org\/shop\/wp-content\/uploads\/2024\/05\/menu_00001.jpg\" thumbtype=\"\" >Menu<\/div><script class=\"df-shortcode-script\" nowprocket type=\"application\/javascript\">window.option_df_39318 = {\"webgl\":\"false\",\"outline\":[],\"autoEnableOutline\":\"false\",\"autoEnableThumbnail\":\"false\",\"overwritePDFOutline\":\"false\",\"direction\":\"1\",\"pageSize\":\"0\",\"source\":\"https:\\\/\\\/maison-chance.org\\\/shop\\\/wp-content\\\/uploads\\\/2024\\\/03\\\/menu.pdf\",\"wpOptions\":\"true\"}; if(window.DFLIP && window.DFLIP.parseBooks){window.DFLIP.parseBooks();}<\/script>\n","protected":false},"excerpt":{"rendered":"<p>Maison Chance Restaurant &#8211; K\u00f6stliche K\u00fcche in den Hochl\u00e4ndern von Tay Nguyen Inmitten der majest\u00e4tischen Natur von Dak Nong Tay Nguyen gelegen, ist Maison Chance nicht nur ein Restaurant, sondern auch ein Ziel f\u00fcr einzigartige kulinarische und kulturelle Erlebnisse. Seit unserer Er\u00f6ffnung im Jahr 2019 haben wir das Vertrauen und das hohe Lob sowohl von [&#8230;]\n","protected":false},"author":1,"featured_media":30994,"parent":0,"menu_order":0,"comment_status":"closed","ping_status":"closed","template":"","meta":{"footnotes":""},"class_list":["post-32290","page","type-page","status-publish","has-post-thumbnail","hentry"],"yoast_head":"<!-- This site is optimized with the Yoast SEO Premium plugin v22.7 (Yoast SEO v25.3.1) - https:\/\/yoast.com\/wordpress\/plugins\/seo\/ -->\n<title>Maison Chance Restaurant Dak Nong - Nh\u00e0 May M\u1eafn - Maison Chance<\/title>\n<meta name=\"description\" content=\"Das Maison Chance Restaurant Dak Nong ist nicht nur ein Ort, an dem G\u00e4ste die Aromen genie\u00dfen k\u00f6nnen, sondern auch ein Zuhause f\u00fcr unvergessliche Erlebnisse.\" \/>\n<meta name=\"robots\" content=\"index, follow, max-snippet:-1, max-image-preview:large, max-video-preview:-1\" \/>\n<link rel=\"canonical\" href=\"https:\/\/maison-chance.org\/shop\/de\/maison-chance-restaurant-dak-nong\" \/>\n<meta property=\"og:locale\" content=\"de_DE\" \/>\n<meta property=\"og:type\" content=\"article\" \/>\n<meta property=\"og:title\" content=\"Maison Chance Restaurant Dak Nong\" \/>\n<meta property=\"og:description\" content=\"Das Maison Chance Restaurant Dak Nong ist nicht nur ein Ort, an dem G\u00e4ste die Aromen genie\u00dfen k\u00f6nnen, sondern auch ein Zuhause f\u00fcr unvergessliche Erlebnisse.\" \/>\n<meta property=\"og:url\" content=\"https:\/\/maison-chance.org\/shop\/de\/maison-chance-restaurant-dak-nong\" \/>\n<meta property=\"og:site_name\" content=\"Nh\u00e0 May M\u1eafn - Maison Chance\" \/>\n<meta property=\"article:publisher\" content=\"https:\/\/www.facebook.com\/dnxh.nhamayman\/\" \/>\n<meta property=\"article:modified_time\" content=\"2024-05-25T02:03:15+00:00\" \/>\n<meta property=\"og:image\" content=\"https:\/\/maison-chance.org\/shop\/wp-content\/uploads\/2024\/03\/quan-an-Nha-May-Man-1.png\" \/>\n\t<meta property=\"og:image:width\" content=\"600\" \/>\n\t<meta property=\"og:image:height\" content=\"450\" \/>\n\t<meta property=\"og:image:type\" content=\"image\/png\" \/>\n<meta name=\"twitter:card\" content=\"summary_large_image\" \/>\n<meta name=\"twitter:label1\" content=\"Gesch\u00e4tzte Lesezeit\" \/>\n\t<meta name=\"twitter:data1\" content=\"2\u00a0Minuten\" \/>\n<script type=\"application\/ld+json\" class=\"yoast-schema-graph\">{\"@context\":\"https:\/\/schema.org\",\"@graph\":[{\"@type\":\"WebPage\",\"@id\":\"https:\/\/maison-chance.org\/shop\/de\/maison-chance-restaurant-dak-nong\",\"url\":\"https:\/\/maison-chance.org\/shop\/de\/maison-chance-restaurant-dak-nong\",\"name\":\"Maison Chance Restaurant Dak Nong - Nh\u00e0 May M\u1eafn - Maison Chance\",\"isPartOf\":{\"@id\":\"https:\/\/maison-chance.org\/shop\/de#website\"},\"primaryImageOfPage\":{\"@id\":\"https:\/\/maison-chance.org\/shop\/de\/maison-chance-restaurant-dak-nong#primaryimage\"},\"image\":{\"@id\":\"https:\/\/maison-chance.org\/shop\/de\/maison-chance-restaurant-dak-nong#primaryimage\"},\"thumbnailUrl\":\"https:\/\/maison-chance.org\/shop\/wp-content\/uploads\/2024\/03\/quan-an-Nha-May-Man-1.png\",\"datePublished\":\"2024-03-09T17:14:04+00:00\",\"dateModified\":\"2024-05-25T02:03:15+00:00\",\"description\":\"Das Maison Chance Restaurant Dak Nong ist nicht nur ein Ort, an dem G\u00e4ste die Aromen genie\u00dfen k\u00f6nnen, sondern auch ein Zuhause f\u00fcr unvergessliche Erlebnisse.\",\"breadcrumb\":{\"@id\":\"https:\/\/maison-chance.org\/shop\/de\/maison-chance-restaurant-dak-nong#breadcrumb\"},\"inLanguage\":\"de\",\"potentialAction\":[{\"@type\":\"ReadAction\",\"target\":[\"https:\/\/maison-chance.org\/shop\/de\/maison-chance-restaurant-dak-nong\"]}]},{\"@type\":\"ImageObject\",\"inLanguage\":\"de\",\"@id\":\"https:\/\/maison-chance.org\/shop\/de\/maison-chance-restaurant-dak-nong#primaryimage\",\"url\":\"https:\/\/maison-chance.org\/shop\/wp-content\/uploads\/2024\/03\/quan-an-Nha-May-Man-1.png\",\"contentUrl\":\"https:\/\/maison-chance.org\/shop\/wp-content\/uploads\/2024\/03\/quan-an-Nha-May-Man-1.png\",\"width\":600,\"height\":450},{\"@type\":\"BreadcrumbList\",\"@id\":\"https:\/\/maison-chance.org\/shop\/de\/maison-chance-restaurant-dak-nong#breadcrumb\",\"itemListElement\":[{\"@type\":\"ListItem\",\"position\":1,\"name\":\"Trang ch\u1ee7\",\"item\":\"https:\/\/maison-chance.org\/shop\/de\"},{\"@type\":\"ListItem\",\"position\":2,\"name\":\"Maison Chance Restaurant Dak Nong\"}]},{\"@type\":\"WebSite\",\"@id\":\"https:\/\/maison-chance.org\/shop\/de#website\",\"url\":\"https:\/\/maison-chance.org\/shop\/de\",\"name\":\"Nh\u00e0 May M\u1eafn - Maison Chance\",\"description\":\"M\u1ecdi l\u1ee3i nhu\u1eadn thu v\u1ec1 t\u1eeb vi\u1ec7c b\u00e1n h\u00e0ng s\u1ebd tr\u00edch m\u1ed9t ph\u1ea7n \u0111\u1ec3 ch\u0103m lo cho \u0111\u1eddi s\u1ed1ng c\u00e1c b\u1ea1n khuy\u1ebft t\u1eadt v\u00e0 tr\u1ebb m\u1ed3 c\u00f4i \u1edf \u0111\u00e2y\",\"publisher\":{\"@id\":\"https:\/\/maison-chance.org\/shop\/de#organization\"},\"potentialAction\":[{\"@type\":\"SearchAction\",\"target\":{\"@type\":\"EntryPoint\",\"urlTemplate\":\"https:\/\/maison-chance.org\/shop\/de?s={search_term_string}\"},\"query-input\":{\"@type\":\"PropertyValueSpecification\",\"valueRequired\":true,\"valueName\":\"search_term_string\"}}],\"inLanguage\":\"de\"},{\"@type\":\"Organization\",\"@id\":\"https:\/\/maison-chance.org\/shop\/de#organization\",\"name\":\"Nh\u00e0 May M\u1eafn - Maison Chance\",\"url\":\"https:\/\/maison-chance.org\/shop\/de\",\"logo\":{\"@type\":\"ImageObject\",\"inLanguage\":\"de\",\"@id\":\"https:\/\/maison-chance.org\/shop\/de#\/schema\/logo\/image\/\",\"url\":\"https:\/\/maison-chance.org\/shop\/wp-content\/uploads\/2024\/03\/cropped-Logo_DNXH.png\",\"contentUrl\":\"https:\/\/maison-chance.org\/shop\/wp-content\/uploads\/2024\/03\/cropped-Logo_DNXH.png\",\"width\":512,\"height\":512,\"caption\":\"Nh\u00e0 May M\u1eafn - Maison Chance\"},\"image\":{\"@id\":\"https:\/\/maison-chance.org\/shop\/de#\/schema\/logo\/image\/\"},\"sameAs\":[\"https:\/\/www.facebook.com\/dnxh.nhamayman\/\"]}]}<\/script>\n<!-- \/ Yoast SEO Premium plugin. -->","yoast_head_json":{"title":"Maison Chance Restaurant Dak Nong - Nh\u00e0 May M\u1eafn - Maison Chance","description":"Das Maison Chance Restaurant Dak Nong ist nicht nur ein Ort, an dem G\u00e4ste die Aromen genie\u00dfen k\u00f6nnen, sondern auch ein Zuhause f\u00fcr unvergessliche Erlebnisse.","robots":{"index":"index","follow":"follow","max-snippet":"max-snippet:-1","max-image-preview":"max-image-preview:large","max-video-preview":"max-video-preview:-1"},"canonical":"https:\/\/maison-chance.org\/shop\/de\/maison-chance-restaurant-dak-nong","og_locale":"de_DE","og_type":"article","og_title":"Maison Chance Restaurant Dak Nong","og_description":"Das Maison Chance Restaurant Dak Nong ist nicht nur ein Ort, an dem G\u00e4ste die Aromen genie\u00dfen k\u00f6nnen, sondern auch ein Zuhause f\u00fcr unvergessliche Erlebnisse.","og_url":"https:\/\/maison-chance.org\/shop\/de\/maison-chance-restaurant-dak-nong","og_site_name":"Nh\u00e0 May M\u1eafn - Maison Chance","article_publisher":"https:\/\/www.facebook.com\/dnxh.nhamayman\/","article_modified_time":"2024-05-25T02:03:15+00:00","og_image":[{"width":600,"height":450,"url":"https:\/\/maison-chance.org\/shop\/wp-content\/uploads\/2024\/03\/quan-an-Nha-May-Man-1.png","type":"image\/png"}],"twitter_card":"summary_large_image","twitter_misc":{"Gesch\u00e4tzte Lesezeit":"2\u00a0Minuten"},"schema":{"@context":"https:\/\/schema.org","@graph":[{"@type":"WebPage","@id":"https:\/\/maison-chance.org\/shop\/de\/maison-chance-restaurant-dak-nong","url":"https:\/\/maison-chance.org\/shop\/de\/maison-chance-restaurant-dak-nong","name":"Maison Chance Restaurant Dak Nong - Nh\u00e0 May M\u1eafn - Maison Chance","isPartOf":{"@id":"https:\/\/maison-chance.org\/shop\/de#website"},"primaryImageOfPage":{"@id":"https:\/\/maison-chance.org\/shop\/de\/maison-chance-restaurant-dak-nong#primaryimage"},"image":{"@id":"https:\/\/maison-chance.org\/shop\/de\/maison-chance-restaurant-dak-nong#primaryimage"},"thumbnailUrl":"https:\/\/maison-chance.org\/shop\/wp-content\/uploads\/2024\/03\/quan-an-Nha-May-Man-1.png","datePublished":"2024-03-09T17:14:04+00:00","dateModified":"2024-05-25T02:03:15+00:00","description":"Das Maison Chance Restaurant Dak Nong ist nicht nur ein Ort, an dem G\u00e4ste die Aromen genie\u00dfen k\u00f6nnen, sondern auch ein Zuhause f\u00fcr unvergessliche Erlebnisse.","breadcrumb":{"@id":"https:\/\/maison-chance.org\/shop\/de\/maison-chance-restaurant-dak-nong#breadcrumb"},"inLanguage":"de","potentialAction":[{"@type":"ReadAction","target":["https:\/\/maison-chance.org\/shop\/de\/maison-chance-restaurant-dak-nong"]}]},{"@type":"ImageObject","inLanguage":"de","@id":"https:\/\/maison-chance.org\/shop\/de\/maison-chance-restaurant-dak-nong#primaryimage","url":"https:\/\/maison-chance.org\/shop\/wp-content\/uploads\/2024\/03\/quan-an-Nha-May-Man-1.png","contentUrl":"https:\/\/maison-chance.org\/shop\/wp-content\/uploads\/2024\/03\/quan-an-Nha-May-Man-1.png","width":600,"height":450},{"@type":"BreadcrumbList","@id":"https:\/\/maison-chance.org\/shop\/de\/maison-chance-restaurant-dak-nong#breadcrumb","itemListElement":[{"@type":"ListItem","position":1,"name":"Trang ch\u1ee7","item":"https:\/\/maison-chance.org\/shop\/de"},{"@type":"ListItem","position":2,"name":"Maison Chance Restaurant Dak Nong"}]},{"@type":"WebSite","@id":"https:\/\/maison-chance.org\/shop\/de#website","url":"https:\/\/maison-chance.org\/shop\/de","name":"Nh\u00e0 May M\u1eafn - Maison Chance","description":"M\u1ecdi l\u1ee3i nhu\u1eadn thu v\u1ec1 t\u1eeb vi\u1ec7c b\u00e1n h\u00e0ng s\u1ebd tr\u00edch m\u1ed9t ph\u1ea7n \u0111\u1ec3 ch\u0103m lo cho \u0111\u1eddi s\u1ed1ng c\u00e1c b\u1ea1n khuy\u1ebft t\u1eadt v\u00e0 tr\u1ebb m\u1ed3 c\u00f4i \u1edf \u0111\u00e2y","publisher":{"@id":"https:\/\/maison-chance.org\/shop\/de#organization"},"potentialAction":[{"@type":"SearchAction","target":{"@type":"EntryPoint","urlTemplate":"https:\/\/maison-chance.org\/shop\/de?s={search_term_string}"},"query-input":{"@type":"PropertyValueSpecification","valueRequired":true,"valueName":"search_term_string"}}],"inLanguage":"de"},{"@type":"Organization","@id":"https:\/\/maison-chance.org\/shop\/de#organization","name":"Nh\u00e0 May M\u1eafn - Maison Chance","url":"https:\/\/maison-chance.org\/shop\/de","logo":{"@type":"ImageObject","inLanguage":"de","@id":"https:\/\/maison-chance.org\/shop\/de#\/schema\/logo\/image\/","url":"https:\/\/maison-chance.org\/shop\/wp-content\/uploads\/2024\/03\/cropped-Logo_DNXH.png","contentUrl":"https:\/\/maison-chance.org\/shop\/wp-content\/uploads\/2024\/03\/cropped-Logo_DNXH.png","width":512,"height":512,"caption":"Nh\u00e0 May M\u1eafn - Maison Chance"},"image":{"@id":"https:\/\/maison-chance.org\/shop\/de#\/schema\/logo\/image\/"},"sameAs":["https:\/\/www.facebook.com\/dnxh.nhamayman\/"]}]}},"_links":{"self":[{"href":"https:\/\/maison-chance.org\/shop\/de\/wp-json\/wp\/v2\/pages\/32290","targetHints":{"allow":["GET"]}}],"collection":[{"href":"https:\/\/maison-chance.org\/shop\/de\/wp-json\/wp\/v2\/pages"}],"about":[{"href":"https:\/\/maison-chance.org\/shop\/de\/wp-json\/wp\/v2\/types\/page"}],"author":[{"embeddable":true,"href":"https:\/\/maison-chance.org\/shop\/de\/wp-json\/wp\/v2\/users\/1"}],"replies":[{"embeddable":true,"href":"https:\/\/maison-chance.org\/shop\/de\/wp-json\/wp\/v2\/comments?post=32290"}],"version-history":[{"count":0,"href":"https:\/\/maison-chance.org\/shop\/de\/wp-json\/wp\/v2\/pages\/32290\/revisions"}],"wp:featuredmedia":[{"embeddable":true,"href":"https:\/\/maison-chance.org\/shop\/de\/wp-json\/wp\/v2\/media\/30994"}],"wp:attachment":[{"href":"https:\/\/maison-chance.org\/shop\/de\/wp-json\/wp\/v2\/media?parent=32290"}],"curies":[{"name":"wp","href":"https:\/\/api.w.org\/{rel}","templated":true}]}}