{"id":34368,"date":"2024-03-21T13:50:22","date_gmt":"2024-03-21T06:50:22","guid":{"rendered":"https:\/\/maison-chance.org\/shop\/kunststeinoberflaeche"},"modified":"2025-06-19T12:06:10","modified_gmt":"2025-06-19T05:06:10","slug":"kunststeinoberflaeche","status":"publish","type":"page","link":"https:\/\/maison-chance.org\/shop\/de\/kunststeinoberflaeche","title":{"rendered":"Kunststeinoberfl\u00e4che"},"content":{"rendered":"<div class=\"row row-full-width hide-for-small\"  id=\"row-1956291588\">\n\n\t<div id=\"col-1129525301\" class=\"col hide-for-small medium-2 small-12 large-2\"  >\n\t\t\t\t<div class=\"col-inner\"  >\n\t\t\t\n\t\t\t\n<ul class=\"sidebar-wrapper ul-reset\"><aside id=\"custom_html-13\" class=\"widget_text widget widget_custom_html\"><div class=\"textwidget custom-html-widget\"><div class=\"support-container\">\r\n  <div class=\"support-header\">\r\n    <img decoding=\"async\" src=\"https:\/\/maison-chance.org\/shop\/wp-content\/uploads\/2024\/05\/headphone2.png\" alt=\"ONLINE-UNTERST\u00dcTZUNG\" class=\"support-icon\">\r\n    <span>ONLINE-UNTERST\u00dcTZUNG<\/span>\r\n  <\/div>\r\n  <div class=\"support-item\">\r\n    <a href=\"tel:0909062528\" class=\"support-link\">\r\n      <img decoding=\"async\" src=\"https:\/\/maison-chance.org\/shop\/wp-content\/uploads\/2024\/05\/hotline1.png\" alt=\"Hotline\" class=\"support-icon\">\r\n      <span>0909 06 25 28<\/span>\r\n    <\/a>\r\n  <\/div>\r\n  <div class=\"support-item\">\r\n    <a href=\"https:\/\/zalo.me\/0909062528\" class=\"support-link\">\r\n      <img decoding=\"async\" src=\"https:\/\/maison-chance.org\/shop\/wp-content\/uploads\/2024\/05\/zalo1.png\" alt=\"Zalo\" class=\"support-icon\">\r\n      <span>0909 06 25 28<\/span>\r\n    <\/a>\r\n  <\/div>\r\n  <div class=\"support-item\">\r\n    <a href=\"https:\/\/m.me\/dnxh.nhamayman\" class=\"support-link\">\r\n      <img decoding=\"async\" src=\"https:\/\/maison-chance.org\/shop\/wp-content\/uploads\/2024\/05\/facebook1.png\" alt=\"Fanpage DNXH\" class=\"support-icon\">\r\n      <span>Fanpage DNXH<\/span>\r\n    <\/a>\r\n  <\/div>\r\n<\/div>\r\n\r\n<div class=\"product-category-container\">\r\n  <div class=\"product-category-header\">\r\n    <img decoding=\"async\" src=\"https:\/\/maison-chance.org\/shop\/wp-content\/uploads\/2024\/05\/list1.png\" alt=\"PRODUKTKATALOG\" class=\"product-category-icon\">\r\n    <span>PRODUKTKATALOG<\/span>\r\n  <\/div>\r\n<\/div><\/div><\/aside><aside id=\"nav_menu-3\" class=\"widget widget_nav_menu\"><div class=\"menu-menu-danh-muc-german-container\"><ul id=\"menu-menu-danh-muc-german\" class=\"menu\"><li id=\"menu-item-35101\" class=\"menu-item menu-item-type-post_type menu-item-object-page menu-item-has-children menu-item-35101\"><a href=\"https:\/\/maison-chance.org\/shop\/de\/naeherei\">N\u00e4herei<\/a>\n<ul class=\"sub-menu\">\n\t<li id=\"menu-item-35102\" class=\"menu-item menu-item-type-post_type menu-item-object-page menu-item-35102\"><a href=\"https:\/\/maison-chance.org\/shop\/de\/stofftiere\">Stofftiere<\/a><\/li>\n\t<li id=\"menu-item-35103\" class=\"menu-item menu-item-type-post_type menu-item-object-page menu-item-35103\"><a href=\"https:\/\/maison-chance.org\/shop\/de\/puppen\">Puppen<\/a><\/li>\n\t<li id=\"menu-item-35104\" class=\"menu-item menu-item-type-post_type menu-item-object-page menu-item-35104\"><a href=\"https:\/\/maison-chance.org\/shop\/de\/schluesselanhaenger\">Schl\u00fcsselanh\u00e4nger<\/a><\/li>\n\t<li id=\"menu-item-35105\" class=\"menu-item menu-item-type-post_type menu-item-object-page menu-item-35105\"><a href=\"https:\/\/maison-chance.org\/shop\/de\/taschen\">Taschen<\/a><\/li>\n\t<li id=\"menu-item-35106\" class=\"menu-item menu-item-type-post_type menu-item-object-page menu-item-35106\"><a href=\"https:\/\/maison-chance.org\/shop\/de\/rucksack\">Rucksack<\/a><\/li>\n\t<li id=\"menu-item-35107\" class=\"menu-item menu-item-type-post_type menu-item-object-page menu-item-35107\"><a href=\"https:\/\/maison-chance.org\/shop\/de\/haus-dekorationen\">Haus Dekorationen<\/a><\/li>\n<\/ul>\n<\/li>\n<li id=\"menu-item-35108\" class=\"menu-item menu-item-type-post_type menu-item-object-page menu-item-has-children menu-item-35108\"><a href=\"https:\/\/maison-chance.org\/shop\/de\/oelmalerei-workshop\">\u00d6lmalerei Workshop<\/a>\n<ul class=\"sub-menu\">\n\t<li id=\"menu-item-35109\" class=\"menu-item menu-item-type-post_type menu-item-object-page menu-item-35109\"><a href=\"https:\/\/maison-chance.org\/shop\/de\/religioeses-gemaelde\">Religi\u00f6ses Gem\u00e4lde<\/a><\/li>\n\t<li id=\"menu-item-35110\" class=\"menu-item menu-item-type-post_type menu-item-object-page menu-item-35110\"><a href=\"https:\/\/maison-chance.org\/shop\/de\/landschaftsbilder\">Landschaftsbilder<\/a><\/li>\n\t<li id=\"menu-item-35111\" class=\"menu-item menu-item-type-post_type menu-item-object-page menu-item-35111\"><a href=\"https:\/\/maison-chance.org\/shop\/de\/portraetmalereien\">Portr\u00e4tmalereien<\/a><\/li>\n\t<li id=\"menu-item-35139\" class=\"menu-item menu-item-type-post_type menu-item-object-page menu-item-35139\"><a href=\"https:\/\/maison-chance.org\/shop\/de\/abstrakte-malereien\">Abstrakte Malereien<\/a><\/li>\n\t<li id=\"menu-item-35140\" class=\"menu-item menu-item-type-post_type menu-item-object-page menu-item-35140\"><a href=\"https:\/\/maison-chance.org\/shop\/de\/mini-gemaelde-desktop-gemaelde\">Mini-Gem\u00e4lde \u2013 Desktop-Gem\u00e4lde<\/a><\/li>\n<\/ul>\n<\/li>\n<li id=\"menu-item-35141\" class=\"menu-item menu-item-type-post_type menu-item-object-page menu-item-has-children menu-item-35141\"><a href=\"https:\/\/maison-chance.org\/shop\/de\/baeckerei\">B\u00e4ckerei<\/a>\n<ul class=\"sub-menu\">\n\t<li id=\"menu-item-35142\" class=\"menu-item menu-item-type-post_type menu-item-object-page menu-item-35142\"><a href=\"https:\/\/maison-chance.org\/shop\/de\/kuchen\">Kuchen<\/a><\/li>\n\t<li id=\"menu-item-35143\" class=\"menu-item menu-item-type-post_type menu-item-object-page menu-item-35143\"><a href=\"https:\/\/maison-chance.org\/shop\/de\/fleisch-backwaren\">Fleisch Backwaren<\/a><\/li>\n\t<li id=\"menu-item-35144\" class=\"menu-item menu-item-type-post_type menu-item-object-page menu-item-35144\"><a href=\"https:\/\/maison-chance.org\/shop\/de\/suesse-backwaren\">S\u00fcsse Backwaren<\/a><\/li>\n\t<li id=\"menu-item-35145\" class=\"menu-item menu-item-type-post_type menu-item-object-page menu-item-35145\"><a href=\"https:\/\/maison-chance.org\/shop\/de\/obst-backwaren\">Obst Backwaren<\/a><\/li>\n\t<li id=\"menu-item-35146\" class=\"menu-item menu-item-type-post_type menu-item-object-page menu-item-35146\"><a href=\"https:\/\/maison-chance.org\/shop\/de\/mondkuchen\">Mondkuchen<\/a><\/li>\n\t<li id=\"menu-item-35147\" class=\"menu-item menu-item-type-post_type menu-item-object-page menu-item-35147\"><a href=\"https:\/\/maison-chance.org\/shop\/de\/creme\">Creme<\/a><\/li>\n<\/ul>\n<\/li>\n<li id=\"menu-item-35148\" class=\"menu-item menu-item-type-post_type menu-item-object-page menu-item-has-children menu-item-35148\"><a href=\"https:\/\/maison-chance.org\/shop\/de\/steinschnitzraum\">Steinschnitzraum<\/a>\n<ul class=\"sub-menu\">\n\t<li id=\"menu-item-35149\" class=\"menu-item menu-item-type-post_type menu-item-object-page menu-item-35149\"><a href=\"https:\/\/maison-chance.org\/shop\/de\/kunststeinstatue\">Kunststeinstatue<\/a><\/li>\n\t<li id=\"menu-item-35150\" class=\"menu-item menu-item-type-post_type menu-item-object-page menu-item-35150\"><a href=\"https:\/\/maison-chance.org\/shop\/de\/religioese-halskette-anhaenger\">Religi\u00f6se halskette-anh\u00e4nger<\/a><\/li>\n\t<li id=\"menu-item-35151\" class=\"menu-item menu-item-type-post_type menu-item-object-page menu-item-35151\"><a href=\"https:\/\/maison-chance.org\/shop\/de\/kunststeinanhaenger\">Kunststeinanh\u00e4nger<\/a><\/li>\n\t<li id=\"menu-item-35152\" class=\"menu-item menu-item-type-post_type menu-item-object-page menu-item-35152\"><a href=\"https:\/\/maison-chance.org\/shop\/de\/religioeses-ikonengesicht\">Religi\u00f6ses Ikonengesicht<\/a><\/li>\n\t<li id=\"menu-item-35153\" class=\"menu-item menu-item-type-post_type menu-item-object-page menu-item-35153\"><a href=\"https:\/\/maison-chance.org\/shop\/de\/kunststeinoberflaeche\">Kunststeinoberfl\u00e4che<\/a><\/li>\n\t<li id=\"menu-item-35154\" class=\"menu-item menu-item-type-post_type menu-item-object-page menu-item-35154\"><a href=\"https:\/\/maison-chance.org\/shop\/de\/andere-produkte\">Andere Produkte<\/a><\/li>\n<\/ul>\n<\/li>\n<li id=\"menu-item-35441\" class=\"menu-item menu-item-type-post_type menu-item-object-page menu-item-has-children menu-item-35441\"><a href=\"https:\/\/maison-chance.org\/shop\/de\/landwirtschaftliche-produkte-aus-dak-nong\">Landwirtschaftliche Produkte aus Dak Nong<\/a>\n<ul class=\"sub-menu\">\n\t<li id=\"menu-item-35442\" class=\"menu-item menu-item-type-post_type menu-item-object-page menu-item-35442\"><a href=\"https:\/\/maison-chance.org\/shop\/de\/trocknung-landwirtschaftlicher-produkte\">Getrocknete landwirtschaftliche Produkte<\/a><\/li>\n\t<li id=\"menu-item-35443\" class=\"menu-item menu-item-type-post_type menu-item-object-page menu-item-35443\"><a href=\"https:\/\/maison-chance.org\/shop\/de\/frische-landwirtschaftliche-produkte\">Frische landwirtschaftliche Produkte<\/a><\/li>\n<\/ul>\n<\/li>\n<\/ul><\/div><\/aside><aside id=\"custom_html-16\" class=\"widget_text widget widget_custom_html\"><div class=\"textwidget custom-html-widget\"><div class=\"product-recently-viewed\">\r\n  <div class=\"product-recently-viewed-header\">\r\n    <img decoding=\"async\" src=\"https:\/\/maison-chance.org\/shop\/wp-content\/uploads\/2024\/05\/loupe1.png\" alt=\"ZULETZT ANGESCHAUTER ARTIKEL\" class=\"product-recently-viewed-icon\">\r\n    <span>ZULETZT ANGESCHAUTER ARTIKEL<\/span>\r\n  <\/div>\r\n<\/div><\/div><\/aside><\/ul>\n\t\t<\/div>\n\t\t\t\t\t<\/div>\n\n\t\n\n\t<div id=\"col-70607521\" class=\"col medium-10 small-12 large-10\"  >\n\t\t\t\t<div class=\"col-inner\"  >\n\t\t\t\n\t\t\t\n\t<div class=\"img has-hover x md-x lg-x y md-y lg-y\" id=\"image_1634473413\">\n\t\t\t\t\t\t\t\t<div class=\"img-inner dark\" >\n\t\t\t<img decoding=\"async\" width=\"1020\" height=\"103\" src=\"https:\/\/maison-chance.org\/shop\/wp-content\/uploads\/2024\/02\/banner-hinh-phong-may-2-1024x103.jpg\" class=\"attachment-large size-large\" alt=\"\" srcset=\"https:\/\/maison-chance.org\/shop\/wp-content\/uploads\/2024\/02\/banner-hinh-phong-may-2-1024x103.jpg 1024w, https:\/\/maison-chance.org\/shop\/wp-content\/uploads\/2024\/02\/banner-hinh-phong-may-2-510x51.jpg 510w, https:\/\/maison-chance.org\/shop\/wp-content\/uploads\/2024\/02\/banner-hinh-phong-may-2-300x30.jpg 300w, https:\/\/maison-chance.org\/shop\/wp-content\/uploads\/2024\/02\/banner-hinh-phong-may-2-768x77.jpg 768w, https:\/\/maison-chance.org\/shop\/wp-content\/uploads\/2024\/02\/banner-hinh-phong-may-2.jpg 1140w\" sizes=\"(max-width: 1020px) 100vw, 1020px\" \/>\t\t\t\t\t\t\n\t\t\t\t\t<\/div>\n\t\t\t\t\t\t\t\t\n<style>\n#image_1634473413 {\n  width: 100%;\n}\n<\/style>\n\t<\/div>\n\t\n<p>Produkt wird aktualisiert&#8230;<\/p>\n\n  \n    <div class=\"row sanpham01 large-columns-4 medium-columns-3 small-columns-2 row-small row-full-width\">\n  \t<\/div>\n\t\t<\/div>\n\t\t\t\t\t<\/div>\n\n\t\n\n<style>\n#row-1956291588 > .col > .col-inner {\n  padding: 10px 0px 0px 0px;\n}\n<\/style>\n<\/div>\n\t<div class=\"img has-hover show-for-small x md-x lg-x y md-y lg-y\" id=\"image_1309376615\">\n\t\t\t\t\t\t\t\t<div class=\"img-inner dark\" style=\"margin:0px 0px 5px 0px;\">\n\t\t\t<img decoding=\"async\" width=\"1020\" height=\"103\" src=\"https:\/\/maison-chance.org\/shop\/wp-content\/uploads\/2024\/02\/banner-hinh-phong-may-2-1024x103.jpg\" class=\"attachment-large size-large\" alt=\"\" srcset=\"https:\/\/maison-chance.org\/shop\/wp-content\/uploads\/2024\/02\/banner-hinh-phong-may-2-1024x103.jpg 1024w, https:\/\/maison-chance.org\/shop\/wp-content\/uploads\/2024\/02\/banner-hinh-phong-may-2-510x51.jpg 510w, https:\/\/maison-chance.org\/shop\/wp-content\/uploads\/2024\/02\/banner-hinh-phong-may-2-300x30.jpg 300w, https:\/\/maison-chance.org\/shop\/wp-content\/uploads\/2024\/02\/banner-hinh-phong-may-2-768x77.jpg 768w, https:\/\/maison-chance.org\/shop\/wp-content\/uploads\/2024\/02\/banner-hinh-phong-may-2.jpg 1140w\" sizes=\"(max-width: 1020px) 100vw, 1020px\" \/>\t\t\t\t\t\t\n\t\t\t\t\t<\/div>\n\t\t\t\t\t\t\t\t\n<style>\n#image_1309376615 {\n  width: 100%;\n}\n<\/style>\n\t<\/div>\n\t\n\n  \n    <div class=\"row sanpham01 show-for-small large-columns-4 medium-columns-3 small-columns-2 row-small row-full-width\">\n  \t<\/div>\n","protected":false},"excerpt":{"rendered":"","protected":false},"author":1,"featured_media":0,"parent":0,"menu_order":0,"comment_status":"closed","ping_status":"closed","template":"page-blank.php","meta":{"footnotes":""},"class_list":["post-34368","page","type-page","status-publish","hentry"],"yoast_head":"<!-- This site is optimized with the Yoast SEO Premium plugin v22.7 (Yoast SEO v25.3.1) - https:\/\/yoast.com\/wordpress\/plugins\/seo\/ -->\n<title>Die Steinskulptur wird von Menschen mit Behinderungen gefertigt - Nh\u00e0 May M\u1eafn - Maison Chance<\/title>\n<meta name=\"description\" content=\"K\u00fcnstlerisches Steingesicht von Maison Chance, sorgf\u00e4ltig und liebevoll von Menschen mit Behinderungen handgefertigt. Eine vielf\u00e4ltige Produktpalette, die f\u00fcr Kunden jeden Alters geeignet ist\" \/>\n<meta name=\"robots\" content=\"index, follow, max-snippet:-1, max-image-preview:large, max-video-preview:-1\" \/>\n<link rel=\"canonical\" href=\"https:\/\/maison-chance.org\/shop\/de\/kunststeinoberflaeche\" \/>\n<meta property=\"og:locale\" content=\"de_DE\" \/>\n<meta property=\"og:type\" content=\"article\" \/>\n<meta property=\"og:title\" content=\"Kunststeinoberfl\u00e4che\" \/>\n<meta property=\"og:description\" content=\"K\u00fcnstlerisches Steingesicht von Maison Chance, sorgf\u00e4ltig und liebevoll von Menschen mit Behinderungen handgefertigt. Eine vielf\u00e4ltige Produktpalette, die f\u00fcr Kunden jeden Alters geeignet ist\" \/>\n<meta property=\"og:url\" content=\"https:\/\/maison-chance.org\/shop\/de\/kunststeinoberflaeche\" \/>\n<meta property=\"og:site_name\" content=\"Nh\u00e0 May M\u1eafn - Maison Chance\" \/>\n<meta property=\"article:publisher\" content=\"https:\/\/www.facebook.com\/dnxh.nhamayman\/\" \/>\n<meta property=\"article:modified_time\" content=\"2025-06-19T05:06:10+00:00\" \/>\n<meta name=\"twitter:card\" content=\"summary_large_image\" \/>\n<meta name=\"twitter:label1\" content=\"Gesch\u00e4tzte Lesezeit\" \/>\n\t<meta name=\"twitter:data1\" content=\"1\u00a0Minute\" \/>\n<script type=\"application\/ld+json\" class=\"yoast-schema-graph\">{\"@context\":\"https:\/\/schema.org\",\"@graph\":[{\"@type\":\"WebPage\",\"@id\":\"https:\/\/maison-chance.org\/shop\/de\/kunststeinoberflaeche\",\"url\":\"https:\/\/maison-chance.org\/shop\/de\/kunststeinoberflaeche\",\"name\":\"Die Steinskulptur wird von Menschen mit Behinderungen gefertigt - Nh\u00e0 May M\u1eafn - Maison Chance\",\"isPartOf\":{\"@id\":\"https:\/\/maison-chance.org\/shop\/de#website\"},\"datePublished\":\"2024-03-21T06:50:22+00:00\",\"dateModified\":\"2025-06-19T05:06:10+00:00\",\"description\":\"K\u00fcnstlerisches Steingesicht von Maison Chance, sorgf\u00e4ltig und liebevoll von Menschen mit Behinderungen handgefertigt. Eine vielf\u00e4ltige Produktpalette, die f\u00fcr Kunden jeden Alters geeignet ist\",\"breadcrumb\":{\"@id\":\"https:\/\/maison-chance.org\/shop\/de\/kunststeinoberflaeche#breadcrumb\"},\"inLanguage\":\"de\",\"potentialAction\":[{\"@type\":\"ReadAction\",\"target\":[\"https:\/\/maison-chance.org\/shop\/de\/kunststeinoberflaeche\"]}]},{\"@type\":\"BreadcrumbList\",\"@id\":\"https:\/\/maison-chance.org\/shop\/de\/kunststeinoberflaeche#breadcrumb\",\"itemListElement\":[{\"@type\":\"ListItem\",\"position\":1,\"name\":\"Trang ch\u1ee7\",\"item\":\"https:\/\/maison-chance.org\/shop\/de\"},{\"@type\":\"ListItem\",\"position\":2,\"name\":\"Kunststeinoberfl\u00e4che\"}]},{\"@type\":\"WebSite\",\"@id\":\"https:\/\/maison-chance.org\/shop\/de#website\",\"url\":\"https:\/\/maison-chance.org\/shop\/de\",\"name\":\"Nh\u00e0 May M\u1eafn - Maison Chance\",\"description\":\"M\u1ecdi l\u1ee3i nhu\u1eadn thu v\u1ec1 t\u1eeb vi\u1ec7c b\u00e1n h\u00e0ng s\u1ebd tr\u00edch m\u1ed9t ph\u1ea7n \u0111\u1ec3 ch\u0103m lo cho \u0111\u1eddi s\u1ed1ng c\u00e1c b\u1ea1n khuy\u1ebft t\u1eadt v\u00e0 tr\u1ebb m\u1ed3 c\u00f4i \u1edf \u0111\u00e2y\",\"publisher\":{\"@id\":\"https:\/\/maison-chance.org\/shop\/de#organization\"},\"potentialAction\":[{\"@type\":\"SearchAction\",\"target\":{\"@type\":\"EntryPoint\",\"urlTemplate\":\"https:\/\/maison-chance.org\/shop\/de?s={search_term_string}\"},\"query-input\":{\"@type\":\"PropertyValueSpecification\",\"valueRequired\":true,\"valueName\":\"search_term_string\"}}],\"inLanguage\":\"de\"},{\"@type\":\"Organization\",\"@id\":\"https:\/\/maison-chance.org\/shop\/de#organization\",\"name\":\"Nh\u00e0 May M\u1eafn - Maison Chance\",\"url\":\"https:\/\/maison-chance.org\/shop\/de\",\"logo\":{\"@type\":\"ImageObject\",\"inLanguage\":\"de\",\"@id\":\"https:\/\/maison-chance.org\/shop\/de#\/schema\/logo\/image\/\",\"url\":\"https:\/\/maison-chance.org\/shop\/wp-content\/uploads\/2024\/03\/cropped-Logo_DNXH.png\",\"contentUrl\":\"https:\/\/maison-chance.org\/shop\/wp-content\/uploads\/2024\/03\/cropped-Logo_DNXH.png\",\"width\":512,\"height\":512,\"caption\":\"Nh\u00e0 May M\u1eafn - Maison Chance\"},\"image\":{\"@id\":\"https:\/\/maison-chance.org\/shop\/de#\/schema\/logo\/image\/\"},\"sameAs\":[\"https:\/\/www.facebook.com\/dnxh.nhamayman\/\"]}]}<\/script>\n<!-- \/ Yoast SEO Premium plugin. -->","yoast_head_json":{"title":"Die Steinskulptur wird von Menschen mit Behinderungen gefertigt - Nh\u00e0 May M\u1eafn - Maison Chance","description":"K\u00fcnstlerisches Steingesicht von Maison Chance, sorgf\u00e4ltig und liebevoll von Menschen mit Behinderungen handgefertigt. Eine vielf\u00e4ltige Produktpalette, die f\u00fcr Kunden jeden Alters geeignet ist","robots":{"index":"index","follow":"follow","max-snippet":"max-snippet:-1","max-image-preview":"max-image-preview:large","max-video-preview":"max-video-preview:-1"},"canonical":"https:\/\/maison-chance.org\/shop\/de\/kunststeinoberflaeche","og_locale":"de_DE","og_type":"article","og_title":"Kunststeinoberfl\u00e4che","og_description":"K\u00fcnstlerisches Steingesicht von Maison Chance, sorgf\u00e4ltig und liebevoll von Menschen mit Behinderungen handgefertigt. Eine vielf\u00e4ltige Produktpalette, die f\u00fcr Kunden jeden Alters geeignet ist","og_url":"https:\/\/maison-chance.org\/shop\/de\/kunststeinoberflaeche","og_site_name":"Nh\u00e0 May M\u1eafn - Maison Chance","article_publisher":"https:\/\/www.facebook.com\/dnxh.nhamayman\/","article_modified_time":"2025-06-19T05:06:10+00:00","twitter_card":"summary_large_image","twitter_misc":{"Gesch\u00e4tzte Lesezeit":"1\u00a0Minute"},"schema":{"@context":"https:\/\/schema.org","@graph":[{"@type":"WebPage","@id":"https:\/\/maison-chance.org\/shop\/de\/kunststeinoberflaeche","url":"https:\/\/maison-chance.org\/shop\/de\/kunststeinoberflaeche","name":"Die Steinskulptur wird von Menschen mit Behinderungen gefertigt - Nh\u00e0 May M\u1eafn - Maison Chance","isPartOf":{"@id":"https:\/\/maison-chance.org\/shop\/de#website"},"datePublished":"2024-03-21T06:50:22+00:00","dateModified":"2025-06-19T05:06:10+00:00","description":"K\u00fcnstlerisches Steingesicht von Maison Chance, sorgf\u00e4ltig und liebevoll von Menschen mit Behinderungen handgefertigt. Eine vielf\u00e4ltige Produktpalette, die f\u00fcr Kunden jeden Alters geeignet ist","breadcrumb":{"@id":"https:\/\/maison-chance.org\/shop\/de\/kunststeinoberflaeche#breadcrumb"},"inLanguage":"de","potentialAction":[{"@type":"ReadAction","target":["https:\/\/maison-chance.org\/shop\/de\/kunststeinoberflaeche"]}]},{"@type":"BreadcrumbList","@id":"https:\/\/maison-chance.org\/shop\/de\/kunststeinoberflaeche#breadcrumb","itemListElement":[{"@type":"ListItem","position":1,"name":"Trang ch\u1ee7","item":"https:\/\/maison-chance.org\/shop\/de"},{"@type":"ListItem","position":2,"name":"Kunststeinoberfl\u00e4che"}]},{"@type":"WebSite","@id":"https:\/\/maison-chance.org\/shop\/de#website","url":"https:\/\/maison-chance.org\/shop\/de","name":"Nh\u00e0 May M\u1eafn - Maison Chance","description":"M\u1ecdi l\u1ee3i nhu\u1eadn thu v\u1ec1 t\u1eeb vi\u1ec7c b\u00e1n h\u00e0ng s\u1ebd tr\u00edch m\u1ed9t ph\u1ea7n \u0111\u1ec3 ch\u0103m lo cho \u0111\u1eddi s\u1ed1ng c\u00e1c b\u1ea1n khuy\u1ebft t\u1eadt v\u00e0 tr\u1ebb m\u1ed3 c\u00f4i \u1edf \u0111\u00e2y","publisher":{"@id":"https:\/\/maison-chance.org\/shop\/de#organization"},"potentialAction":[{"@type":"SearchAction","target":{"@type":"EntryPoint","urlTemplate":"https:\/\/maison-chance.org\/shop\/de?s={search_term_string}"},"query-input":{"@type":"PropertyValueSpecification","valueRequired":true,"valueName":"search_term_string"}}],"inLanguage":"de"},{"@type":"Organization","@id":"https:\/\/maison-chance.org\/shop\/de#organization","name":"Nh\u00e0 May M\u1eafn - Maison Chance","url":"https:\/\/maison-chance.org\/shop\/de","logo":{"@type":"ImageObject","inLanguage":"de","@id":"https:\/\/maison-chance.org\/shop\/de#\/schema\/logo\/image\/","url":"https:\/\/maison-chance.org\/shop\/wp-content\/uploads\/2024\/03\/cropped-Logo_DNXH.png","contentUrl":"https:\/\/maison-chance.org\/shop\/wp-content\/uploads\/2024\/03\/cropped-Logo_DNXH.png","width":512,"height":512,"caption":"Nh\u00e0 May M\u1eafn - Maison Chance"},"image":{"@id":"https:\/\/maison-chance.org\/shop\/de#\/schema\/logo\/image\/"},"sameAs":["https:\/\/www.facebook.com\/dnxh.nhamayman\/"]}]}},"_links":{"self":[{"href":"https:\/\/maison-chance.org\/shop\/de\/wp-json\/wp\/v2\/pages\/34368","targetHints":{"allow":["GET"]}}],"collection":[{"href":"https:\/\/maison-chance.org\/shop\/de\/wp-json\/wp\/v2\/pages"}],"about":[{"href":"https:\/\/maison-chance.org\/shop\/de\/wp-json\/wp\/v2\/types\/page"}],"author":[{"embeddable":true,"href":"https:\/\/maison-chance.org\/shop\/de\/wp-json\/wp\/v2\/users\/1"}],"replies":[{"embeddable":true,"href":"https:\/\/maison-chance.org\/shop\/de\/wp-json\/wp\/v2\/comments?post=34368"}],"version-history":[{"count":0,"href":"https:\/\/maison-chance.org\/shop\/de\/wp-json\/wp\/v2\/pages\/34368\/revisions"}],"wp:attachment":[{"href":"https:\/\/maison-chance.org\/shop\/de\/wp-json\/wp\/v2\/media?parent=34368"}],"curies":[{"name":"wp","href":"https:\/\/api.w.org\/{rel}","templated":true}]}}