{"id":30400,"date":"2024-03-08T16:49:53","date_gmt":"2024-03-08T09:49:53","guid":{"rendered":"https:\/\/maison-chance.org\/shop\/san-pham\/fashion-rucksack-nr-3"},"modified":"2024-11-08T13:46:48","modified_gmt":"2024-11-08T06:46:48","slug":"fashion-rucksack-nr-3","status":"publish","type":"product","link":"https:\/\/maison-chance.org\/shop\/de\/produkt\/fashion-rucksack-nr-3","title":{"rendered":"Modischer rucksack"},"content":{"rendered":"<p style=\"text-align: justify;\">Der Mode-Rucksack J06BL ist nicht nur ein praktischer Gegenstand, sondern auch ein klarer Beweis f\u00fcr Verbindung und F\u00fcrsorge f\u00fcr die Behinderten-Gemeinschaft. Mit langlebigem und kreativem Jeansmaterial erf\u00fcllt jeder handgefertigte Rucksack von Maison Chance nicht nur die t\u00e4glichen Nutzungsbed\u00fcrfnisse, sondern steht auch f\u00fcr soziale Verantwortung.<\/p>\n<p style=\"text-align: justify;\">Mit einer idealen Gr\u00f6\u00dfe von 38,5 x 40 cm bietet der J06BL Rucksack Komfort und Bequemlichkeit f\u00fcr alle Aktivit\u00e4ten &#8211; von der Arbeit, dem Studium bis hin zu l\u00e4ngeren Reisen. Wo auch immer Sie sind, Sie werden sich mit dem einzigartigen Stil und der nachhaltigen Qualit\u00e4t dieses Produkts immer selbstbewusst f\u00fchlen.<\/p>\n<p>Warum Sollten Sie den Mode-Rucksack J06BL W\u00e4hlen?<\/p>\n<p style=\"text-align: justify;\">Einzigartiges Design: Mit modernem und raffiniertem Stil zeigt jede Naht des J06BL Rucksacks Geschicklichkeit und \u00e4sthetischen Geschmack, sodass Sie selbstbewusst Ihre Pers\u00f6nlichkeit ausdr\u00fccken k\u00f6nnen.<\/p>\n<p style=\"text-align: justify;\">Langlebiges Material: Mit hochwertigem Jeansstoff ist das Produkt sehr langlebig und leicht zu reinigen, was eine langfristige Nutzung ohne Sorge um Verblassen oder Besch\u00e4digung gew\u00e4hrleistet.<\/p>\n<p style=\"text-align: justify;\">Gemeinschaftliche Wirkung: Jeder Kauf von Maison Chance Produkten bedeutet, dass Sie dazu beitragen, behinderte Menschen zu unterst\u00fctzen, ihnen zu stabilen Arbeitspl\u00e4tzen zu verhelfen und ihren Selbstwert in der Gesellschaft zu best\u00e4tigen.<\/p>\n<p style=\"text-align: justify;\">Lassen Sie den J06BL Rucksack Teil Ihrer Lebensgeschichte werden &#8211; eine Geschichte, die nicht nur von Stil handelt, sondern auch vom Teilen und der liebevollen F\u00fcrsorge f\u00fcr die weniger gl\u00fccklichen Leben um uns herum. Jeder J06BL Rucksack, den Sie kaufen, ist eine Botschaft, eine Ermutigung, die Liebe in der Gemeinschaft verbreitet. Schlie\u00dfen Sie sich <a href=\"https:\/\/maison-chance.org\/shop\">Maison Chance<\/a> an, um durch diese bedeutungsvolle Wahl sch\u00f6ne Geschichten zu schreiben &#8211; Ihre kleine Handlung kann T\u00fcren der Hoffnung \u00f6ffnen und das Leben vieler bed\u00fcrftiger Menschen positiv beeinflussen.<\/p>\n","protected":false},"excerpt":{"rendered":"<p style=\"text-align: justify;\">Handgefertigte Produkte unserer weniger gl\u00fccklichen Kunsthandwerker warten auf Ihre Unterst\u00fctzung.<\/p>\n<p>Material: Denim-Stoff<\/p>\n<p>Code: J06BL<\/p>\n<p>Ma\u00dfe: 38,5 x 40 cm<\/p>\n<p>Hotline: <span style=\"font-size: 20px;\"><strong><span style=\"color: #ff0000;\">0909 06 25 28<\/span><\/strong><\/span><\/p>\n<p style=\"text-align: justify;\">Wenn Sie in Vietnam sind, kontaktieren Sie uns bitte \u00fcber die Hotline oder unsere Unternehmensfanseite Nh\u00e0 May M\u1eafn f\u00fcr Preisdetails in Vietnam.<\/p>\n","protected":false},"featured_media":40166,"template":"","meta":[],"product_brand":[],"product_cat":[232,235],"product_tag":[],"class_list":{"0":"post-30400","1":"product","2":"type-product","3":"status-publish","4":"has-post-thumbnail","6":"product_cat-naeherei","7":"product_cat-rucksack-naeherei","9":"first","10":"instock","11":"shipping-taxable","12":"purchasable","13":"product-type-simple"},"yoast_head":"<!-- This site is optimized with the Yoast SEO Premium plugin v22.7 (Yoast SEO v25.3.1) - https:\/\/yoast.com\/wordpress\/plugins\/seo\/ -->\n<title>Modischer rucksack - Nh\u00e0 May M\u1eafn - Maison Chance<\/title>\n<meta name=\"description\" content=\"Der modische Rucksack J06BL ist nicht nur ein praktisches Element, sondern auch ein klares Zeugnis f\u00fcr die Verbindung und F\u00fcrsorge f\u00fcr die Gemeinschaft behinderter Menschen\" \/>\n<meta name=\"robots\" content=\"index, follow, max-snippet:-1, max-image-preview:large, max-video-preview:-1\" \/>\n<link rel=\"canonical\" href=\"https:\/\/maison-chance.org\/shop\/de\/produkt\/fashion-rucksack-nr-3\" \/>\n<meta property=\"og:locale\" content=\"de_DE\" \/>\n<meta property=\"og:type\" content=\"article\" \/>\n<meta property=\"og:title\" content=\"Modischer rucksack\" \/>\n<meta property=\"og:description\" content=\"Der modische Rucksack J06BL ist nicht nur ein praktisches Element, sondern auch ein klares Zeugnis f\u00fcr die Verbindung und F\u00fcrsorge f\u00fcr die Gemeinschaft behinderter Menschen\" \/>\n<meta property=\"og:url\" content=\"https:\/\/maison-chance.org\/shop\/de\/produkt\/fashion-rucksack-nr-3\" \/>\n<meta property=\"og:site_name\" content=\"Nh\u00e0 May M\u1eafn - Maison Chance\" \/>\n<meta property=\"article:publisher\" content=\"https:\/\/www.facebook.com\/dnxh.nhamayman\/\" \/>\n<meta property=\"article:modified_time\" content=\"2024-11-08T06:46:48+00:00\" \/>\n<meta property=\"og:image\" content=\"https:\/\/maison-chance.org\/shop\/wp-content\/uploads\/2024\/03\/ba-lo-thoi-trang-1.jpg\" \/>\n\t<meta property=\"og:image:width\" content=\"600\" \/>\n\t<meta property=\"og:image:height\" content=\"600\" \/>\n\t<meta property=\"og:image:type\" content=\"image\/jpeg\" \/>\n<meta name=\"twitter:card\" content=\"summary_large_image\" \/>\n<meta name=\"twitter:label1\" content=\"Preis\" \/>\n\t<meta name=\"twitter:data1\" content=\"&euro;17.20\" \/>\n\t<meta name=\"twitter:label2\" content=\"Verf\u00fcgbarkeit\" \/>\n\t<meta name=\"twitter:data2\" content=\"Auf Lager\" \/>\n<script type=\"application\/ld+json\" class=\"yoast-schema-graph\">{\"@context\":\"https:\/\/schema.org\",\"@graph\":[{\"@type\":\"WebPage\",\"@id\":\"https:\/\/maison-chance.org\/shop\/de\/produkt\/fashion-rucksack-nr-3\",\"url\":\"https:\/\/maison-chance.org\/shop\/de\/produkt\/fashion-rucksack-nr-3\",\"name\":\"Modischer rucksack - Nh\u00e0 May M\u1eafn - Maison Chance\",\"isPartOf\":{\"@id\":\"https:\/\/maison-chance.org\/shop\/de#website\"},\"primaryImageOfPage\":{\"@id\":\"https:\/\/maison-chance.org\/shop\/de\/produkt\/fashion-rucksack-nr-3#primaryimage\"},\"image\":{\"@id\":\"https:\/\/maison-chance.org\/shop\/de\/produkt\/fashion-rucksack-nr-3#primaryimage\"},\"thumbnailUrl\":\"https:\/\/maison-chance.org\/shop\/wp-content\/uploads\/2024\/03\/ba-lo-thoi-trang-1.jpg\",\"datePublished\":\"2024-03-08T09:49:53+00:00\",\"dateModified\":\"2024-11-08T06:46:48+00:00\",\"description\":\"Der modische Rucksack J06BL ist nicht nur ein praktisches Element, sondern auch ein klares Zeugnis f\u00fcr die Verbindung und F\u00fcrsorge f\u00fcr die Gemeinschaft behinderter Menschen\",\"breadcrumb\":{\"@id\":\"https:\/\/maison-chance.org\/shop\/de\/produkt\/fashion-rucksack-nr-3#breadcrumb\"},\"inLanguage\":\"de\",\"potentialAction\":[{\"@type\":\"ReadAction\",\"target\":[\"https:\/\/maison-chance.org\/shop\/de\/produkt\/fashion-rucksack-nr-3\"]}]},{\"@type\":\"ImageObject\",\"inLanguage\":\"de\",\"@id\":\"https:\/\/maison-chance.org\/shop\/de\/produkt\/fashion-rucksack-nr-3#primaryimage\",\"url\":\"https:\/\/maison-chance.org\/shop\/wp-content\/uploads\/2024\/03\/ba-lo-thoi-trang-1.jpg\",\"contentUrl\":\"https:\/\/maison-chance.org\/shop\/wp-content\/uploads\/2024\/03\/ba-lo-thoi-trang-1.jpg\",\"width\":600,\"height\":600,\"caption\":\"Modischer rucksack\"},{\"@type\":\"BreadcrumbList\",\"@id\":\"https:\/\/maison-chance.org\/shop\/de\/produkt\/fashion-rucksack-nr-3#breadcrumb\",\"itemListElement\":[{\"@type\":\"ListItem\",\"position\":1,\"name\":\"Trang ch\u1ee7\",\"item\":\"https:\/\/maison-chance.org\/shop\/de\"},{\"@type\":\"ListItem\",\"position\":2,\"name\":\"Shop\",\"item\":\"https:\/\/maison-chance.org\/shop\/shop\"},{\"@type\":\"ListItem\",\"position\":3,\"name\":\"Modischer rucksack\"}]},{\"@type\":\"WebSite\",\"@id\":\"https:\/\/maison-chance.org\/shop\/de#website\",\"url\":\"https:\/\/maison-chance.org\/shop\/de\",\"name\":\"Nh\u00e0 May M\u1eafn - Maison Chance\",\"description\":\"M\u1ecdi l\u1ee3i nhu\u1eadn thu v\u1ec1 t\u1eeb vi\u1ec7c b\u00e1n h\u00e0ng s\u1ebd tr\u00edch m\u1ed9t ph\u1ea7n \u0111\u1ec3 ch\u0103m lo cho \u0111\u1eddi s\u1ed1ng c\u00e1c b\u1ea1n khuy\u1ebft t\u1eadt v\u00e0 tr\u1ebb m\u1ed3 c\u00f4i \u1edf \u0111\u00e2y\",\"publisher\":{\"@id\":\"https:\/\/maison-chance.org\/shop\/de#organization\"},\"potentialAction\":[{\"@type\":\"SearchAction\",\"target\":{\"@type\":\"EntryPoint\",\"urlTemplate\":\"https:\/\/maison-chance.org\/shop\/de?s={search_term_string}\"},\"query-input\":{\"@type\":\"PropertyValueSpecification\",\"valueRequired\":true,\"valueName\":\"search_term_string\"}}],\"inLanguage\":\"de\"},{\"@type\":\"Organization\",\"@id\":\"https:\/\/maison-chance.org\/shop\/de#organization\",\"name\":\"Nh\u00e0 May M\u1eafn - Maison Chance\",\"url\":\"https:\/\/maison-chance.org\/shop\/de\",\"logo\":{\"@type\":\"ImageObject\",\"inLanguage\":\"de\",\"@id\":\"https:\/\/maison-chance.org\/shop\/de#\/schema\/logo\/image\/\",\"url\":\"https:\/\/maison-chance.org\/shop\/wp-content\/uploads\/2024\/03\/cropped-Logo_DNXH.png\",\"contentUrl\":\"https:\/\/maison-chance.org\/shop\/wp-content\/uploads\/2024\/03\/cropped-Logo_DNXH.png\",\"width\":512,\"height\":512,\"caption\":\"Nh\u00e0 May M\u1eafn - Maison Chance\"},\"image\":{\"@id\":\"https:\/\/maison-chance.org\/shop\/de#\/schema\/logo\/image\/\"},\"sameAs\":[\"https:\/\/www.facebook.com\/dnxh.nhamayman\/\"]}]}<\/script>\n<meta property=\"product:price:amount\" content=\"17.20\" \/>\n<meta property=\"product:price:currency\" content=\"EUR\" \/>\n<meta property=\"og:availability\" content=\"instock\" \/>\n<meta property=\"product:availability\" content=\"instock\" \/>\n<meta property=\"product:condition\" content=\"new\" \/>\n<!-- \/ Yoast SEO Premium plugin. -->","yoast_head_json":{"title":"Modischer rucksack - Nh\u00e0 May M\u1eafn - Maison Chance","description":"Der modische Rucksack J06BL ist nicht nur ein praktisches Element, sondern auch ein klares Zeugnis f\u00fcr die Verbindung und F\u00fcrsorge f\u00fcr die Gemeinschaft behinderter Menschen","robots":{"index":"index","follow":"follow","max-snippet":"max-snippet:-1","max-image-preview":"max-image-preview:large","max-video-preview":"max-video-preview:-1"},"canonical":"https:\/\/maison-chance.org\/shop\/de\/produkt\/fashion-rucksack-nr-3","og_locale":"de_DE","og_type":"article","og_title":"Modischer rucksack","og_description":"Der modische Rucksack J06BL ist nicht nur ein praktisches Element, sondern auch ein klares Zeugnis f\u00fcr die Verbindung und F\u00fcrsorge f\u00fcr die Gemeinschaft behinderter Menschen","og_url":"https:\/\/maison-chance.org\/shop\/de\/produkt\/fashion-rucksack-nr-3","og_site_name":"Nh\u00e0 May M\u1eafn - Maison Chance","article_publisher":"https:\/\/www.facebook.com\/dnxh.nhamayman\/","article_modified_time":"2024-11-08T06:46:48+00:00","og_image":[{"width":600,"height":600,"url":"https:\/\/maison-chance.org\/shop\/wp-content\/uploads\/2024\/03\/ba-lo-thoi-trang-1.jpg","type":"image\/jpeg"}],"twitter_card":"summary_large_image","twitter_misc":{"Preis":"&euro;17.20","Verf\u00fcgbarkeit":"Auf Lager"},"schema":{"@context":"https:\/\/schema.org","@graph":[{"@type":"WebPage","@id":"https:\/\/maison-chance.org\/shop\/de\/produkt\/fashion-rucksack-nr-3","url":"https:\/\/maison-chance.org\/shop\/de\/produkt\/fashion-rucksack-nr-3","name":"Modischer rucksack - Nh\u00e0 May M\u1eafn - Maison Chance","isPartOf":{"@id":"https:\/\/maison-chance.org\/shop\/de#website"},"primaryImageOfPage":{"@id":"https:\/\/maison-chance.org\/shop\/de\/produkt\/fashion-rucksack-nr-3#primaryimage"},"image":{"@id":"https:\/\/maison-chance.org\/shop\/de\/produkt\/fashion-rucksack-nr-3#primaryimage"},"thumbnailUrl":"https:\/\/maison-chance.org\/shop\/wp-content\/uploads\/2024\/03\/ba-lo-thoi-trang-1.jpg","datePublished":"2024-03-08T09:49:53+00:00","dateModified":"2024-11-08T06:46:48+00:00","description":"Der modische Rucksack J06BL ist nicht nur ein praktisches Element, sondern auch ein klares Zeugnis f\u00fcr die Verbindung und F\u00fcrsorge f\u00fcr die Gemeinschaft behinderter Menschen","breadcrumb":{"@id":"https:\/\/maison-chance.org\/shop\/de\/produkt\/fashion-rucksack-nr-3#breadcrumb"},"inLanguage":"de","potentialAction":[{"@type":"ReadAction","target":["https:\/\/maison-chance.org\/shop\/de\/produkt\/fashion-rucksack-nr-3"]}]},{"@type":"ImageObject","inLanguage":"de","@id":"https:\/\/maison-chance.org\/shop\/de\/produkt\/fashion-rucksack-nr-3#primaryimage","url":"https:\/\/maison-chance.org\/shop\/wp-content\/uploads\/2024\/03\/ba-lo-thoi-trang-1.jpg","contentUrl":"https:\/\/maison-chance.org\/shop\/wp-content\/uploads\/2024\/03\/ba-lo-thoi-trang-1.jpg","width":600,"height":600,"caption":"Modischer rucksack"},{"@type":"BreadcrumbList","@id":"https:\/\/maison-chance.org\/shop\/de\/produkt\/fashion-rucksack-nr-3#breadcrumb","itemListElement":[{"@type":"ListItem","position":1,"name":"Trang ch\u1ee7","item":"https:\/\/maison-chance.org\/shop\/de"},{"@type":"ListItem","position":2,"name":"Shop","item":"https:\/\/maison-chance.org\/shop\/shop"},{"@type":"ListItem","position":3,"name":"Modischer rucksack"}]},{"@type":"WebSite","@id":"https:\/\/maison-chance.org\/shop\/de#website","url":"https:\/\/maison-chance.org\/shop\/de","name":"Nh\u00e0 May M\u1eafn - Maison Chance","description":"M\u1ecdi l\u1ee3i nhu\u1eadn thu v\u1ec1 t\u1eeb vi\u1ec7c b\u00e1n h\u00e0ng s\u1ebd tr\u00edch m\u1ed9t ph\u1ea7n \u0111\u1ec3 ch\u0103m lo cho \u0111\u1eddi s\u1ed1ng c\u00e1c b\u1ea1n khuy\u1ebft t\u1eadt v\u00e0 tr\u1ebb m\u1ed3 c\u00f4i \u1edf \u0111\u00e2y","publisher":{"@id":"https:\/\/maison-chance.org\/shop\/de#organization"},"potentialAction":[{"@type":"SearchAction","target":{"@type":"EntryPoint","urlTemplate":"https:\/\/maison-chance.org\/shop\/de?s={search_term_string}"},"query-input":{"@type":"PropertyValueSpecification","valueRequired":true,"valueName":"search_term_string"}}],"inLanguage":"de"},{"@type":"Organization","@id":"https:\/\/maison-chance.org\/shop\/de#organization","name":"Nh\u00e0 May M\u1eafn - Maison Chance","url":"https:\/\/maison-chance.org\/shop\/de","logo":{"@type":"ImageObject","inLanguage":"de","@id":"https:\/\/maison-chance.org\/shop\/de#\/schema\/logo\/image\/","url":"https:\/\/maison-chance.org\/shop\/wp-content\/uploads\/2024\/03\/cropped-Logo_DNXH.png","contentUrl":"https:\/\/maison-chance.org\/shop\/wp-content\/uploads\/2024\/03\/cropped-Logo_DNXH.png","width":512,"height":512,"caption":"Nh\u00e0 May M\u1eafn - Maison Chance"},"image":{"@id":"https:\/\/maison-chance.org\/shop\/de#\/schema\/logo\/image\/"},"sameAs":["https:\/\/www.facebook.com\/dnxh.nhamayman\/"]}]},"product_price_amount":"17.20","product_price_currency":"EUR","og_availability":"instock","product_availability":"instock","product_condition":"new"},"_links":{"self":[{"href":"https:\/\/maison-chance.org\/shop\/de\/wp-json\/wp\/v2\/product\/30400","targetHints":{"allow":["GET"]}}],"collection":[{"href":"https:\/\/maison-chance.org\/shop\/de\/wp-json\/wp\/v2\/product"}],"about":[{"href":"https:\/\/maison-chance.org\/shop\/de\/wp-json\/wp\/v2\/types\/product"}],"wp:featuredmedia":[{"embeddable":true,"href":"https:\/\/maison-chance.org\/shop\/de\/wp-json\/wp\/v2\/media\/40166"}],"wp:attachment":[{"href":"https:\/\/maison-chance.org\/shop\/de\/wp-json\/wp\/v2\/media?parent=30400"}],"wp:term":[{"taxonomy":"product_brand","embeddable":true,"href":"https:\/\/maison-chance.org\/shop\/de\/wp-json\/wp\/v2\/product_brand?post=30400"},{"taxonomy":"product_cat","embeddable":true,"href":"https:\/\/maison-chance.org\/shop\/de\/wp-json\/wp\/v2\/product_cat?post=30400"},{"taxonomy":"product_tag","embeddable":true,"href":"https:\/\/maison-chance.org\/shop\/de\/wp-json\/wp\/v2\/product_tag?post=30400"}],"curies":[{"name":"wp","href":"https:\/\/api.w.org\/{rel}","templated":true}]}}