{"id":30419,"date":"2024-10-01T07:06:21","date_gmt":"2024-10-01T00:06:21","guid":{"rendered":"https:\/\/maison-chance.org\/shop\/san-pham\/brokat-bueffel-handpuppe"},"modified":"2025-07-18T13:54:21","modified_gmt":"2025-07-18T06:54:21","slug":"brokat-bueffel-handpuppe","status":"publish","type":"product","link":"https:\/\/maison-chance.org\/shop\/de\/produkt\/brokat-bueffel-handpuppe","title":{"rendered":"B\u00fcffel"},"content":{"rendered":"<p data-start=\"55\" data-end=\"408\">Die handgefertigte Stoffpuppe in Form eines Wasserb\u00fcffels strahlt einen rustikalen, vertrauten Charme aus \u2013 ein Symbol f\u00fcr Flei\u00df, Ausdauer und die tiefe Verbundenheit mit dem vietnamesischen Alltagsleben. Sie wird vollst\u00e4ndig aus traditionellem Brokatstoff handgefertigt und verbindet kulturelles Material mit einem lebendigen, verspielten Design.<\/p>\n<p data-start=\"410\" data-end=\"653\">Jedes Detail \u2013 von den Gesichtsz\u00fcgen \u00fcber die Ohren bis zu den H\u00f6rnern \u2013 wird sorgf\u00e4ltig gen\u00e4ht, sodass ein niedlicher und ausdrucksstarker B\u00fcffel entsteht, ideal f\u00fcr Geschichtenerz\u00e4hlen, Rollenspiele oder interaktive Auff\u00fchrungen mit Kindern.<\/p>\n<p data-start=\"655\" data-end=\"923\">Das Design liegt gut in der Hand, das weiche Material ist sowohl f\u00fcr Kinder als auch f\u00fcr Erwachsene sicher. Jede Figur ist ein Unikat \u2013 mit Mustern und Farben, die sich nie wiederholen, da jede Puppe in Handarbeit gefertigt wird und keine Massenproduktion stattfindet.<\/p>\n<p data-start=\"925\" data-end=\"1080\">Mehr als nur ein Spielzeug ist dieser kleine B\u00fcffel ein kulturelles Symbol \u2013 ein Geschenk mit Herz, voller nationaler Identit\u00e4t und handwerklicher Hingabe.<\/p>\n<p data-start=\"1082\" data-end=\"1279\" data-is-last-node=\"\" data-is-only-node=\"\">\ud83d\udce9 Die Preise in Vietnam k\u00f6nnen variieren. Bitte kontaktieren Sie uns f\u00fcr weitere Informationen.<br data-start=\"1178\" data-end=\"1181\" \/><strong data-start=\"1181\" data-end=\"1193\">Hotline:<\/strong> 0909 06 25 28<br data-start=\"1207\" data-end=\"1210\" \/><strong data-start=\"1210\" data-end=\"1229\">Facebook-Seite:<\/strong> <em data-start=\"1230\" data-end=\"1279\" data-is-last-node=\"\">Maison Chance \u2013 Doanh Nghi\u1ec7p X\u00e3 H\u1ed9i Nh\u00e0 May M\u1eafn<\/em><\/p>\n","protected":false},"excerpt":{"rendered":"<p style=\"text-align: justify;\">Handgefertigte Produkte von benachteiligten behinderten Freunden bitten freundlich um die Unterst\u00fctzung unserer gesch\u00e4tzten Kunden.<\/p>\n<p>Material: Brokatstoff<\/p>\n<p>Gr\u00f6\u00dfe: 22 x 29<\/p>\n<p>Code: TC02CR<\/p>\n<p>Hotline: <span style=\"font-size: 20px;\"><strong><span style=\"color: #ff0000;\">090 906 2528<\/span><\/strong><\/span><\/p>\n<p style=\"text-align: justify;\">Wenn Sie in Vietnam sind, kontaktieren Sie uns bitte \u00fcber die Hotline oder die Maison Chance Business-Fanpage, um den Verkaufspreis in Vietnam zu erfahren.<\/p>\n","protected":false},"featured_media":30405,"template":"","meta":[],"product_brand":[],"product_cat":[232,238],"product_tag":[],"class_list":{"0":"post-30419","1":"product","2":"type-product","3":"status-publish","4":"has-post-thumbnail","6":"product_cat-naeherei","7":"product_cat-puppen","9":"first","10":"instock","11":"shipping-taxable","12":"purchasable","13":"product-type-simple"},"yoast_head":"<!-- This site is optimized with the Yoast SEO Premium plugin v22.7 (Yoast SEO v25.3.1) - https:\/\/yoast.com\/wordpress\/plugins\/seo\/ -->\n<title>B\u00fcffel - Brokatstoffpuppe - Nh\u00e0 May M\u1eafn - Maison Chance<\/title>\n<meta name=\"description\" content=\"Die Brokatstoffpuppe in Form eines B\u00fcffels bedeutet nicht nur, ein einzigartiges Spielzeug zu besitzen, sondern auch eine M\u00f6glichkeit f\u00fcr Sie, zur Unterst\u00fctzung behinderter Schneider bei Maison Chance beizutragen\" \/>\n<meta name=\"robots\" content=\"index, follow, max-snippet:-1, max-image-preview:large, max-video-preview:-1\" \/>\n<link rel=\"canonical\" href=\"https:\/\/maison-chance.org\/shop\/de\/produkt\/brokat-bueffel-handpuppe\" \/>\n<meta property=\"og:locale\" content=\"de_DE\" \/>\n<meta property=\"og:type\" content=\"article\" \/>\n<meta property=\"og:title\" content=\"B\u00fcffel\" \/>\n<meta property=\"og:description\" content=\"Die Brokatstoffpuppe in Form eines B\u00fcffels bedeutet nicht nur, ein einzigartiges Spielzeug zu besitzen, sondern auch eine M\u00f6glichkeit f\u00fcr Sie, zur Unterst\u00fctzung behinderter Schneider bei Maison Chance beizutragen\" \/>\n<meta property=\"og:url\" content=\"https:\/\/maison-chance.org\/shop\/de\/produkt\/brokat-bueffel-handpuppe\" \/>\n<meta property=\"og:site_name\" content=\"Nh\u00e0 May M\u1eafn - Maison Chance\" \/>\n<meta property=\"article:publisher\" content=\"https:\/\/www.facebook.com\/dnxh.nhamayman\/\" \/>\n<meta property=\"article:modified_time\" content=\"2025-07-18T06:54:21+00:00\" \/>\n<meta property=\"og:image\" content=\"https:\/\/maison-chance.org\/shop\/wp-content\/uploads\/2024\/03\/con-roi-trau-3.jpg\" \/>\n\t<meta property=\"og:image:width\" content=\"600\" \/>\n\t<meta property=\"og:image:height\" content=\"600\" \/>\n\t<meta property=\"og:image:type\" content=\"image\/jpeg\" \/>\n<meta name=\"twitter:card\" content=\"summary_large_image\" \/>\n<meta name=\"twitter:label1\" content=\"Preis\" \/>\n\t<meta name=\"twitter:data1\" content=\"&euro;3.68\" \/>\n\t<meta name=\"twitter:label2\" content=\"Verf\u00fcgbarkeit\" \/>\n\t<meta name=\"twitter:data2\" content=\"Auf Lager\" \/>\n<script type=\"application\/ld+json\" class=\"yoast-schema-graph\">{\"@context\":\"https:\/\/schema.org\",\"@graph\":[{\"@type\":\"WebPage\",\"@id\":\"https:\/\/maison-chance.org\/shop\/de\/produkt\/brokat-bueffel-handpuppe\",\"url\":\"https:\/\/maison-chance.org\/shop\/de\/produkt\/brokat-bueffel-handpuppe\",\"name\":\"B\u00fcffel - Brokatstoffpuppe - Nh\u00e0 May M\u1eafn - Maison Chance\",\"isPartOf\":{\"@id\":\"https:\/\/maison-chance.org\/shop\/de#website\"},\"primaryImageOfPage\":{\"@id\":\"https:\/\/maison-chance.org\/shop\/de\/produkt\/brokat-bueffel-handpuppe#primaryimage\"},\"image\":{\"@id\":\"https:\/\/maison-chance.org\/shop\/de\/produkt\/brokat-bueffel-handpuppe#primaryimage\"},\"thumbnailUrl\":\"https:\/\/maison-chance.org\/shop\/wp-content\/uploads\/2024\/03\/con-roi-trau-3.jpg\",\"datePublished\":\"2024-10-01T00:06:21+00:00\",\"dateModified\":\"2025-07-18T06:54:21+00:00\",\"description\":\"Die Brokatstoffpuppe in Form eines B\u00fcffels bedeutet nicht nur, ein einzigartiges Spielzeug zu besitzen, sondern auch eine M\u00f6glichkeit f\u00fcr Sie, zur Unterst\u00fctzung behinderter Schneider bei Maison Chance beizutragen\",\"breadcrumb\":{\"@id\":\"https:\/\/maison-chance.org\/shop\/de\/produkt\/brokat-bueffel-handpuppe#breadcrumb\"},\"inLanguage\":\"de\",\"potentialAction\":[{\"@type\":\"ReadAction\",\"target\":[\"https:\/\/maison-chance.org\/shop\/de\/produkt\/brokat-bueffel-handpuppe\"]}]},{\"@type\":\"ImageObject\",\"inLanguage\":\"de\",\"@id\":\"https:\/\/maison-chance.org\/shop\/de\/produkt\/brokat-bueffel-handpuppe#primaryimage\",\"url\":\"https:\/\/maison-chance.org\/shop\/wp-content\/uploads\/2024\/03\/con-roi-trau-3.jpg\",\"contentUrl\":\"https:\/\/maison-chance.org\/shop\/wp-content\/uploads\/2024\/03\/con-roi-trau-3.jpg\",\"width\":600,\"height\":600,\"caption\":\"Brokatstoffpuppe in Form eines B\u00fcffels\"},{\"@type\":\"BreadcrumbList\",\"@id\":\"https:\/\/maison-chance.org\/shop\/de\/produkt\/brokat-bueffel-handpuppe#breadcrumb\",\"itemListElement\":[{\"@type\":\"ListItem\",\"position\":1,\"name\":\"Trang ch\u1ee7\",\"item\":\"https:\/\/maison-chance.org\/shop\/de\"},{\"@type\":\"ListItem\",\"position\":2,\"name\":\"Shop\",\"item\":\"https:\/\/maison-chance.org\/shop\/shop\"},{\"@type\":\"ListItem\",\"position\":3,\"name\":\"B\u00fcffel\"}]},{\"@type\":\"WebSite\",\"@id\":\"https:\/\/maison-chance.org\/shop\/de#website\",\"url\":\"https:\/\/maison-chance.org\/shop\/de\",\"name\":\"Nh\u00e0 May M\u1eafn - Maison Chance\",\"description\":\"M\u1ecdi l\u1ee3i nhu\u1eadn thu v\u1ec1 t\u1eeb vi\u1ec7c b\u00e1n h\u00e0ng s\u1ebd tr\u00edch m\u1ed9t ph\u1ea7n \u0111\u1ec3 ch\u0103m lo cho \u0111\u1eddi s\u1ed1ng c\u00e1c b\u1ea1n khuy\u1ebft t\u1eadt v\u00e0 tr\u1ebb m\u1ed3 c\u00f4i \u1edf \u0111\u00e2y\",\"publisher\":{\"@id\":\"https:\/\/maison-chance.org\/shop\/de#organization\"},\"potentialAction\":[{\"@type\":\"SearchAction\",\"target\":{\"@type\":\"EntryPoint\",\"urlTemplate\":\"https:\/\/maison-chance.org\/shop\/de?s={search_term_string}\"},\"query-input\":{\"@type\":\"PropertyValueSpecification\",\"valueRequired\":true,\"valueName\":\"search_term_string\"}}],\"inLanguage\":\"de\"},{\"@type\":\"Organization\",\"@id\":\"https:\/\/maison-chance.org\/shop\/de#organization\",\"name\":\"Nh\u00e0 May M\u1eafn - Maison Chance\",\"url\":\"https:\/\/maison-chance.org\/shop\/de\",\"logo\":{\"@type\":\"ImageObject\",\"inLanguage\":\"de\",\"@id\":\"https:\/\/maison-chance.org\/shop\/de#\/schema\/logo\/image\/\",\"url\":\"https:\/\/maison-chance.org\/shop\/wp-content\/uploads\/2024\/03\/cropped-Logo_DNXH.png\",\"contentUrl\":\"https:\/\/maison-chance.org\/shop\/wp-content\/uploads\/2024\/03\/cropped-Logo_DNXH.png\",\"width\":512,\"height\":512,\"caption\":\"Nh\u00e0 May M\u1eafn - Maison Chance\"},\"image\":{\"@id\":\"https:\/\/maison-chance.org\/shop\/de#\/schema\/logo\/image\/\"},\"sameAs\":[\"https:\/\/www.facebook.com\/dnxh.nhamayman\/\"]}]}<\/script>\n<meta property=\"product:price:amount\" content=\"3.68\" \/>\n<meta property=\"product:price:currency\" content=\"EUR\" \/>\n<meta property=\"og:availability\" content=\"instock\" \/>\n<meta property=\"product:availability\" content=\"instock\" \/>\n<meta property=\"product:condition\" content=\"new\" \/>\n<!-- \/ Yoast SEO Premium plugin. -->","yoast_head_json":{"title":"B\u00fcffel - Brokatstoffpuppe - Nh\u00e0 May M\u1eafn - Maison Chance","description":"Die Brokatstoffpuppe in Form eines B\u00fcffels bedeutet nicht nur, ein einzigartiges Spielzeug zu besitzen, sondern auch eine M\u00f6glichkeit f\u00fcr Sie, zur Unterst\u00fctzung behinderter Schneider bei Maison Chance beizutragen","robots":{"index":"index","follow":"follow","max-snippet":"max-snippet:-1","max-image-preview":"max-image-preview:large","max-video-preview":"max-video-preview:-1"},"canonical":"https:\/\/maison-chance.org\/shop\/de\/produkt\/brokat-bueffel-handpuppe","og_locale":"de_DE","og_type":"article","og_title":"B\u00fcffel","og_description":"Die Brokatstoffpuppe in Form eines B\u00fcffels bedeutet nicht nur, ein einzigartiges Spielzeug zu besitzen, sondern auch eine M\u00f6glichkeit f\u00fcr Sie, zur Unterst\u00fctzung behinderter Schneider bei Maison Chance beizutragen","og_url":"https:\/\/maison-chance.org\/shop\/de\/produkt\/brokat-bueffel-handpuppe","og_site_name":"Nh\u00e0 May M\u1eafn - Maison Chance","article_publisher":"https:\/\/www.facebook.com\/dnxh.nhamayman\/","article_modified_time":"2025-07-18T06:54:21+00:00","og_image":[{"width":600,"height":600,"url":"https:\/\/maison-chance.org\/shop\/wp-content\/uploads\/2024\/03\/con-roi-trau-3.jpg","type":"image\/jpeg"}],"twitter_card":"summary_large_image","twitter_misc":{"Preis":"&euro;3.68","Verf\u00fcgbarkeit":"Auf Lager"},"schema":{"@context":"https:\/\/schema.org","@graph":[{"@type":"WebPage","@id":"https:\/\/maison-chance.org\/shop\/de\/produkt\/brokat-bueffel-handpuppe","url":"https:\/\/maison-chance.org\/shop\/de\/produkt\/brokat-bueffel-handpuppe","name":"B\u00fcffel - Brokatstoffpuppe - Nh\u00e0 May M\u1eafn - Maison Chance","isPartOf":{"@id":"https:\/\/maison-chance.org\/shop\/de#website"},"primaryImageOfPage":{"@id":"https:\/\/maison-chance.org\/shop\/de\/produkt\/brokat-bueffel-handpuppe#primaryimage"},"image":{"@id":"https:\/\/maison-chance.org\/shop\/de\/produkt\/brokat-bueffel-handpuppe#primaryimage"},"thumbnailUrl":"https:\/\/maison-chance.org\/shop\/wp-content\/uploads\/2024\/03\/con-roi-trau-3.jpg","datePublished":"2024-10-01T00:06:21+00:00","dateModified":"2025-07-18T06:54:21+00:00","description":"Die Brokatstoffpuppe in Form eines B\u00fcffels bedeutet nicht nur, ein einzigartiges Spielzeug zu besitzen, sondern auch eine M\u00f6glichkeit f\u00fcr Sie, zur Unterst\u00fctzung behinderter Schneider bei Maison Chance beizutragen","breadcrumb":{"@id":"https:\/\/maison-chance.org\/shop\/de\/produkt\/brokat-bueffel-handpuppe#breadcrumb"},"inLanguage":"de","potentialAction":[{"@type":"ReadAction","target":["https:\/\/maison-chance.org\/shop\/de\/produkt\/brokat-bueffel-handpuppe"]}]},{"@type":"ImageObject","inLanguage":"de","@id":"https:\/\/maison-chance.org\/shop\/de\/produkt\/brokat-bueffel-handpuppe#primaryimage","url":"https:\/\/maison-chance.org\/shop\/wp-content\/uploads\/2024\/03\/con-roi-trau-3.jpg","contentUrl":"https:\/\/maison-chance.org\/shop\/wp-content\/uploads\/2024\/03\/con-roi-trau-3.jpg","width":600,"height":600,"caption":"Brokatstoffpuppe in Form eines B\u00fcffels"},{"@type":"BreadcrumbList","@id":"https:\/\/maison-chance.org\/shop\/de\/produkt\/brokat-bueffel-handpuppe#breadcrumb","itemListElement":[{"@type":"ListItem","position":1,"name":"Trang ch\u1ee7","item":"https:\/\/maison-chance.org\/shop\/de"},{"@type":"ListItem","position":2,"name":"Shop","item":"https:\/\/maison-chance.org\/shop\/shop"},{"@type":"ListItem","position":3,"name":"B\u00fcffel"}]},{"@type":"WebSite","@id":"https:\/\/maison-chance.org\/shop\/de#website","url":"https:\/\/maison-chance.org\/shop\/de","name":"Nh\u00e0 May M\u1eafn - Maison Chance","description":"M\u1ecdi l\u1ee3i nhu\u1eadn thu v\u1ec1 t\u1eeb vi\u1ec7c b\u00e1n h\u00e0ng s\u1ebd tr\u00edch m\u1ed9t ph\u1ea7n \u0111\u1ec3 ch\u0103m lo cho \u0111\u1eddi s\u1ed1ng c\u00e1c b\u1ea1n khuy\u1ebft t\u1eadt v\u00e0 tr\u1ebb m\u1ed3 c\u00f4i \u1edf \u0111\u00e2y","publisher":{"@id":"https:\/\/maison-chance.org\/shop\/de#organization"},"potentialAction":[{"@type":"SearchAction","target":{"@type":"EntryPoint","urlTemplate":"https:\/\/maison-chance.org\/shop\/de?s={search_term_string}"},"query-input":{"@type":"PropertyValueSpecification","valueRequired":true,"valueName":"search_term_string"}}],"inLanguage":"de"},{"@type":"Organization","@id":"https:\/\/maison-chance.org\/shop\/de#organization","name":"Nh\u00e0 May M\u1eafn - Maison Chance","url":"https:\/\/maison-chance.org\/shop\/de","logo":{"@type":"ImageObject","inLanguage":"de","@id":"https:\/\/maison-chance.org\/shop\/de#\/schema\/logo\/image\/","url":"https:\/\/maison-chance.org\/shop\/wp-content\/uploads\/2024\/03\/cropped-Logo_DNXH.png","contentUrl":"https:\/\/maison-chance.org\/shop\/wp-content\/uploads\/2024\/03\/cropped-Logo_DNXH.png","width":512,"height":512,"caption":"Nh\u00e0 May M\u1eafn - Maison Chance"},"image":{"@id":"https:\/\/maison-chance.org\/shop\/de#\/schema\/logo\/image\/"},"sameAs":["https:\/\/www.facebook.com\/dnxh.nhamayman\/"]}]},"product_price_amount":"3.68","product_price_currency":"EUR","og_availability":"instock","product_availability":"instock","product_condition":"new"},"_links":{"self":[{"href":"https:\/\/maison-chance.org\/shop\/de\/wp-json\/wp\/v2\/product\/30419","targetHints":{"allow":["GET"]}}],"collection":[{"href":"https:\/\/maison-chance.org\/shop\/de\/wp-json\/wp\/v2\/product"}],"about":[{"href":"https:\/\/maison-chance.org\/shop\/de\/wp-json\/wp\/v2\/types\/product"}],"wp:featuredmedia":[{"embeddable":true,"href":"https:\/\/maison-chance.org\/shop\/de\/wp-json\/wp\/v2\/media\/30405"}],"wp:attachment":[{"href":"https:\/\/maison-chance.org\/shop\/de\/wp-json\/wp\/v2\/media?parent=30419"}],"wp:term":[{"taxonomy":"product_brand","embeddable":true,"href":"https:\/\/maison-chance.org\/shop\/de\/wp-json\/wp\/v2\/product_brand?post=30419"},{"taxonomy":"product_cat","embeddable":true,"href":"https:\/\/maison-chance.org\/shop\/de\/wp-json\/wp\/v2\/product_cat?post=30419"},{"taxonomy":"product_tag","embeddable":true,"href":"https:\/\/maison-chance.org\/shop\/de\/wp-json\/wp\/v2\/product_tag?post=30419"}],"curies":[{"name":"wp","href":"https:\/\/api.w.org\/{rel}","templated":true}]}}