{"id":30542,"date":"2024-03-08T22:04:05","date_gmt":"2024-03-08T15:04:05","guid":{"rendered":"https:\/\/maison-chance.org\/shop\/san-pham\/mondlicht"},"modified":"2024-03-08T22:04:05","modified_gmt":"2024-03-08T15:04:05","slug":"mondlicht","status":"publish","type":"product","link":"https:\/\/maison-chance.org\/shop\/de\/produkt\/mondlicht","title":{"rendered":"Mondlicht"},"content":{"rendered":"<p style=\"text-align: center;\"><span class=\"x1xsqp64 xiy17q3 x1o6pynw x19co3pv xdj266r xcwd3tp xat24cr x39eecv x2b8uid\" data-testid=\"emoji\"><span class=\"xexx8yu xn5pp95 x18d9i69 x2fxd7x x1yqt14a x1bhl96m\">\ud83c\udf1f<\/span><\/span><span class=\"x1xsqp64 xiy17q3 x1o6pynw x19co3pv xdj266r xcwd3tp xat24cr x39eecv x2b8uid\" data-testid=\"emoji\"><span class=\"xexx8yu xn5pp95 x18d9i69 x2fxd7x x1yqt14a x1bhl96m\">\u2728<\/span><\/span> &#8222;MONDSCHEIN&#8220; &#8211; Ein Kunstwerk aus einer unbegrenzten Seele <span class=\"x1xsqp64 xiy17q3 x1o6pynw x19co3pv xdj266r xcwd3tp xat24cr x39eecv x2b8uid\" data-testid=\"emoji\"><span class=\"xexx8yu xn5pp95 x18d9i69 x2fxd7x x1yqt14a x1bhl96m\">\u2728<\/span><\/span><span class=\"x1xsqp64 xiy17q3 x1o6pynw x19co3pv xdj266r xcwd3tp xat24cr x39eecv x2b8uid\" data-testid=\"emoji\"><span class=\"xexx8yu xn5pp95 x18d9i69 x2fxd7x x1yqt14a x1bhl96m\">\ud83c\udf1f<\/span><\/span><\/p>\n<p><img decoding=\"async\" class=\"wp-image-16487 aligncenter\" src=\"https:\/\/maison-chance.org\/shop\/wp-content\/uploads\/2024\/03\/anh-trang-60x60NCV-1tr5-1.jpg\" alt=\"Tranh s\u01a1n d\u1ea7u\" width=\"600\" height=\"600\" \/><\/p>\n<p style=\"text-align: justify;\"><span class=\"x1xsqp64 xiy17q3 x1o6pynw x19co3pv xdj266r xcwd3tp xat24cr x39eecv x2b8uid\" data-testid=\"emoji\"><span class=\"xexx8yu xn5pp95 x18d9i69 x2fxd7x x1yqt14a x1bhl96m\">\ud83c\udfa8<\/span><\/span> Das \u00d6lgem\u00e4lde &#8222;Mondschein&#8220; ist ein emotionales Meisterwerk, das die au\u00dfergew\u00f6hnliche Leidenschaft und Entschlossenheit des K\u00fcnstlers Nguyen Van Chien widerspiegelt &#8211; eines talentierten K\u00fcnstlers aus dem Gl\u00fcckshaus, der sich von seiner Behinderung nicht davon abhalten lie\u00df, seinen k\u00fcnstlerischen Weg zu gehen.<\/p>\n<p style=\"text-align: justify;\"><span class=\"x1xsqp64 xiy17q3 x1o6pynw x19co3pv xdj266r xcwd3tp xat24cr x39eecv x2b8uid\" data-testid=\"emoji\"><span class=\"xexx8yu xn5pp95 x18d9i69 x2fxd7x x1yqt14a x1bhl96m\">\ud83c\udfe1<\/span><\/span> In jedem Pinselstrich k\u00f6nnen Sie die Ruhe und Harmonie sp\u00fcren, wenn das gem\u00fctliche Schilfhaus im goldenen Mondlicht erscheint. Der stille Teich, das kleine Boot und der Mondschein, der sich im Wasser spiegelt, schaffen eine romantische Szenerie, die den Betrachter wie in eine Welt sanfter Tr\u00e4ume entf\u00fchrt.<\/p>\n<p style=\"text-align: justify;\"><span class=\"x1xsqp64 xiy17q3 x1o6pynw x19co3pv xdj266r xcwd3tp xat24cr x39eecv x2b8uid\" data-testid=\"emoji\"><span class=\"xexx8yu xn5pp95 x18d9i69 x2fxd7x x1yqt14a x1bhl96m\">\ud83d\udcd0<\/span><\/span> Mit der perfekten Gr\u00f6\u00dfe von 60 x 60 cm wird &#8222;Mondschein&#8220; ein subtiler Blickfang f\u00fcr jeden Wohn- oder Arbeitsbereich sein.<\/p>\n<p style=\"text-align: justify;\"><span class=\"x1xsqp64 xiy17q3 x1o6pynw x19co3pv xdj266r xcwd3tp xat24cr x39eecv x2b8uid\" data-testid=\"emoji\"><span class=\"xexx8yu xn5pp95 x18d9i69 x2fxd7x x1yqt14a x1bhl96m\">\ud83d\udc96<\/span><\/span> Jedes Gem\u00e4lde ist nicht nur ein Kunstprodukt, sondern auch eine Botschaft \u00fcber die Lebenslust und den Willen, sich zu erheben. Wenn Sie sich entscheiden, &#8222;Mondschein&#8220; in Ihrem Zuhause aufzuh\u00e4ngen, tragen Sie auch dazu bei, diese Botschaft zu verbreiten und die Gemeinschaft der Behinderten zu unterst\u00fctzen.<\/p>\n<p style=\"text-align: justify;\"><span class=\"x1xsqp64 xiy17q3 x1o6pynw x19co3pv xdj266r xcwd3tp xat24cr x39eecv x2b8uid\" data-testid=\"emoji\"><span class=\"xexx8yu xn5pp95 x18d9i69 x2fxd7x x1yqt14a x1bhl96m\">\u2764<\/span><\/span> Wir freuen uns sehr auf Ihre Unterst\u00fctzung <span class=\"x1xsqp64 xiy17q3 x1o6pynw x19co3pv xdj266r xcwd3tp xat24cr x39eecv x2b8uid\" data-testid=\"emoji\"><span class=\"xexx8yu xn5pp95 x18d9i69 x2fxd7x x1yqt14a x1bhl96m\">\u2764<\/span><\/span><br \/>\n&#8212;&#8212;&#8212;&#8212;&#8212;&#8212;&#8212;&#8212;&#8212;&#8212;&#8212;&#8212;&#8212;&#8212;&#8212;&#8212;&#8212;&#8212;&#8212;&#8212;&#8212;&#8212;&#8211;<br \/>\n<span class=\"x1xsqp64 xiy17q3 x1o6pynw x19co3pv xdj266r xcwd3tp xat24cr x39eecv x2b8uid\" data-testid=\"emoji\"><span class=\"xexx8yu xn5pp95 x18d9i69 x2fxd7x x1yqt14a x1bhl96m\">\u2764<\/span><\/span> Ein Teil der Erl\u00f6se aus dem Verkauf wird verwendet, um die Lebensumst\u00e4nde der behinderten Menschen und Waisenkinder hier zu verbessern. Der Rest wird zur Aufrechterhaltung der Aktivit\u00e4ten der Organisation beitragen <span class=\"x1xsqp64 xiy17q3 x1o6pynw x19co3pv xdj266r xcwd3tp xat24cr x39eecv x2b8uid\" data-testid=\"emoji\"><span class=\"xexx8yu xn5pp95 x18d9i69 x2fxd7x x1yqt14a x1bhl96m\">\u2764<\/span><\/span><\/p>\n","protected":false},"excerpt":{"rendered":"<p style=\"text-align: justify;\">Die \u00d6lgem\u00e4ldeprodukte, die vom Maison Chance zur Verf\u00fcgung gestellt werden, sind von benachteiligten behinderten K\u00fcnstlern geschaffen worden.<\/p>\n<p style=\"text-align: justify;\">Gr\u00f6\u00dfe (cm): 60&#215;60<\/p>\n<p>Kategorie: Reproduktionsmalerei<\/p>\n<p>K\u00fcnstler: Nguyen Van Chien<\/p>\n<p style=\"text-align: justify;\">Hotline: <span style=\"color: #ff0000; font-size: 18pt;\"><strong>0909 06 25 28<\/strong><\/span><\/p>\n","protected":false},"featured_media":30539,"template":"","meta":[],"product_brand":[],"product_cat":[262,253],"product_tag":[],"class_list":{"0":"post-30542","1":"product","2":"type-product","3":"status-publish","4":"has-post-thumbnail","6":"product_cat-landschaftsbilder-oelmalerei-workshop","7":"product_cat-oelmalerei-workshop","9":"first","10":"instock","11":"shipping-taxable","12":"product-type-simple"},"yoast_head":"<!-- This site is optimized with the Yoast SEO Premium plugin v22.7 (Yoast SEO v25.3.1) - https:\/\/yoast.com\/wordpress\/plugins\/seo\/ -->\n<title>Mondlicht - Nh\u00e0 May M\u1eafn - Maison Chance<\/title>\n<meta name=\"robots\" content=\"index, follow, max-snippet:-1, max-image-preview:large, max-video-preview:-1\" \/>\n<link rel=\"canonical\" href=\"https:\/\/maison-chance.org\/shop\/de\/produkt\/mondlicht\" \/>\n<meta property=\"og:locale\" content=\"de_DE\" \/>\n<meta property=\"og:type\" content=\"article\" \/>\n<meta property=\"og:title\" content=\"Mondlicht\" \/>\n<meta property=\"og:description\" content=\"Die \u00d6lgem\u00e4ldeprodukte, die vom Maison Chance zur Verf\u00fcgung gestellt werden, sind von benachteiligten behinderten K\u00fcnstlern geschaffen worden.    Gr\u00f6\u00dfe (cm): 60x60     Kategorie: Reproduktionsmalerei     K\u00fcnstler: Nguyen Van Chien    Hotline: 0909 06 25 28\" \/>\n<meta property=\"og:url\" content=\"https:\/\/maison-chance.org\/shop\/de\/produkt\/mondlicht\" \/>\n<meta property=\"og:site_name\" content=\"Nh\u00e0 May M\u1eafn - Maison Chance\" \/>\n<meta property=\"article:publisher\" content=\"https:\/\/www.facebook.com\/dnxh.nhamayman\/\" \/>\n<meta property=\"og:image\" content=\"https:\/\/maison-chance.org\/shop\/wp-content\/uploads\/2024\/03\/anh-trang-60x60NCV-1tr5.jpg\" \/>\n\t<meta property=\"og:image:width\" content=\"1000\" \/>\n\t<meta property=\"og:image:height\" content=\"1000\" \/>\n\t<meta property=\"og:image:type\" content=\"image\/jpeg\" \/>\n<meta name=\"twitter:card\" content=\"summary_large_image\" \/>\n<meta name=\"twitter:label1\" content=\"Preis\" \/>\n\t<meta name=\"twitter:data1\" content=\"\" \/>\n\t<meta name=\"twitter:label2\" content=\"Verf\u00fcgbarkeit\" \/>\n\t<meta name=\"twitter:data2\" content=\"Auf Lager\" \/>\n<script type=\"application\/ld+json\" class=\"yoast-schema-graph\">{\"@context\":\"https:\/\/schema.org\",\"@graph\":[{\"@type\":\"WebPage\",\"@id\":\"https:\/\/maison-chance.org\/shop\/de\/produkt\/mondlicht\",\"url\":\"https:\/\/maison-chance.org\/shop\/de\/produkt\/mondlicht\",\"name\":\"Mondlicht - Nh\u00e0 May M\u1eafn - Maison Chance\",\"isPartOf\":{\"@id\":\"https:\/\/maison-chance.org\/shop\/de#website\"},\"primaryImageOfPage\":{\"@id\":\"https:\/\/maison-chance.org\/shop\/de\/produkt\/mondlicht#primaryimage\"},\"image\":{\"@id\":\"https:\/\/maison-chance.org\/shop\/de\/produkt\/mondlicht#primaryimage\"},\"thumbnailUrl\":\"https:\/\/maison-chance.org\/shop\/wp-content\/uploads\/2024\/03\/anh-trang-60x60NCV-1tr5.jpg\",\"datePublished\":\"2024-03-08T15:04:05+00:00\",\"breadcrumb\":{\"@id\":\"https:\/\/maison-chance.org\/shop\/de\/produkt\/mondlicht#breadcrumb\"},\"inLanguage\":\"de\",\"potentialAction\":[{\"@type\":\"ReadAction\",\"target\":[\"https:\/\/maison-chance.org\/shop\/de\/produkt\/mondlicht\"]}]},{\"@type\":\"ImageObject\",\"inLanguage\":\"de\",\"@id\":\"https:\/\/maison-chance.org\/shop\/de\/produkt\/mondlicht#primaryimage\",\"url\":\"https:\/\/maison-chance.org\/shop\/wp-content\/uploads\/2024\/03\/anh-trang-60x60NCV-1tr5.jpg\",\"contentUrl\":\"https:\/\/maison-chance.org\/shop\/wp-content\/uploads\/2024\/03\/anh-trang-60x60NCV-1tr5.jpg\",\"width\":1000,\"height\":1000,\"caption\":\"Mondlicht\"},{\"@type\":\"BreadcrumbList\",\"@id\":\"https:\/\/maison-chance.org\/shop\/de\/produkt\/mondlicht#breadcrumb\",\"itemListElement\":[{\"@type\":\"ListItem\",\"position\":1,\"name\":\"Trang ch\u1ee7\",\"item\":\"https:\/\/maison-chance.org\/shop\/de\"},{\"@type\":\"ListItem\",\"position\":2,\"name\":\"Shop\",\"item\":\"https:\/\/maison-chance.org\/shop\/shop\"},{\"@type\":\"ListItem\",\"position\":3,\"name\":\"Mondlicht\"}]},{\"@type\":\"WebSite\",\"@id\":\"https:\/\/maison-chance.org\/shop\/de#website\",\"url\":\"https:\/\/maison-chance.org\/shop\/de\",\"name\":\"Nh\u00e0 May M\u1eafn - Maison Chance\",\"description\":\"M\u1ecdi l\u1ee3i nhu\u1eadn thu v\u1ec1 t\u1eeb vi\u1ec7c b\u00e1n h\u00e0ng s\u1ebd tr\u00edch m\u1ed9t ph\u1ea7n \u0111\u1ec3 ch\u0103m lo cho \u0111\u1eddi s\u1ed1ng c\u00e1c b\u1ea1n khuy\u1ebft t\u1eadt v\u00e0 tr\u1ebb m\u1ed3 c\u00f4i \u1edf \u0111\u00e2y\",\"publisher\":{\"@id\":\"https:\/\/maison-chance.org\/shop\/de#organization\"},\"potentialAction\":[{\"@type\":\"SearchAction\",\"target\":{\"@type\":\"EntryPoint\",\"urlTemplate\":\"https:\/\/maison-chance.org\/shop\/de?s={search_term_string}\"},\"query-input\":{\"@type\":\"PropertyValueSpecification\",\"valueRequired\":true,\"valueName\":\"search_term_string\"}}],\"inLanguage\":\"de\"},{\"@type\":\"Organization\",\"@id\":\"https:\/\/maison-chance.org\/shop\/de#organization\",\"name\":\"Nh\u00e0 May M\u1eafn - Maison Chance\",\"url\":\"https:\/\/maison-chance.org\/shop\/de\",\"logo\":{\"@type\":\"ImageObject\",\"inLanguage\":\"de\",\"@id\":\"https:\/\/maison-chance.org\/shop\/de#\/schema\/logo\/image\/\",\"url\":\"https:\/\/maison-chance.org\/shop\/wp-content\/uploads\/2024\/03\/cropped-Logo_DNXH.png\",\"contentUrl\":\"https:\/\/maison-chance.org\/shop\/wp-content\/uploads\/2024\/03\/cropped-Logo_DNXH.png\",\"width\":512,\"height\":512,\"caption\":\"Nh\u00e0 May M\u1eafn - Maison Chance\"},\"image\":{\"@id\":\"https:\/\/maison-chance.org\/shop\/de#\/schema\/logo\/image\/\"},\"sameAs\":[\"https:\/\/www.facebook.com\/dnxh.nhamayman\/\"]}]}<\/script>\n<meta property=\"product:price:amount\" content=\"0.00\" \/>\n<meta property=\"product:price:currency\" content=\"EUR\" \/>\n<meta property=\"og:availability\" content=\"instock\" \/>\n<meta property=\"product:availability\" content=\"instock\" \/>\n<meta property=\"product:condition\" content=\"new\" \/>\n<!-- \/ Yoast SEO Premium plugin. -->","yoast_head_json":{"title":"Mondlicht - Nh\u00e0 May M\u1eafn - Maison Chance","robots":{"index":"index","follow":"follow","max-snippet":"max-snippet:-1","max-image-preview":"max-image-preview:large","max-video-preview":"max-video-preview:-1"},"canonical":"https:\/\/maison-chance.org\/shop\/de\/produkt\/mondlicht","og_locale":"de_DE","og_type":"article","og_title":"Mondlicht","og_description":"Die \u00d6lgem\u00e4ldeprodukte, die vom Maison Chance zur Verf\u00fcgung gestellt werden, sind von benachteiligten behinderten K\u00fcnstlern geschaffen worden.    Gr\u00f6\u00dfe (cm): 60x60     Kategorie: Reproduktionsmalerei     K\u00fcnstler: Nguyen Van Chien    Hotline: 0909 06 25 28","og_url":"https:\/\/maison-chance.org\/shop\/de\/produkt\/mondlicht","og_site_name":"Nh\u00e0 May M\u1eafn - Maison Chance","article_publisher":"https:\/\/www.facebook.com\/dnxh.nhamayman\/","og_image":[{"width":1000,"height":1000,"url":"https:\/\/maison-chance.org\/shop\/wp-content\/uploads\/2024\/03\/anh-trang-60x60NCV-1tr5.jpg","type":"image\/jpeg"}],"twitter_card":"summary_large_image","twitter_misc":{"Preis":"","Verf\u00fcgbarkeit":"Auf Lager"},"schema":{"@context":"https:\/\/schema.org","@graph":[{"@type":"WebPage","@id":"https:\/\/maison-chance.org\/shop\/de\/produkt\/mondlicht","url":"https:\/\/maison-chance.org\/shop\/de\/produkt\/mondlicht","name":"Mondlicht - Nh\u00e0 May M\u1eafn - Maison Chance","isPartOf":{"@id":"https:\/\/maison-chance.org\/shop\/de#website"},"primaryImageOfPage":{"@id":"https:\/\/maison-chance.org\/shop\/de\/produkt\/mondlicht#primaryimage"},"image":{"@id":"https:\/\/maison-chance.org\/shop\/de\/produkt\/mondlicht#primaryimage"},"thumbnailUrl":"https:\/\/maison-chance.org\/shop\/wp-content\/uploads\/2024\/03\/anh-trang-60x60NCV-1tr5.jpg","datePublished":"2024-03-08T15:04:05+00:00","breadcrumb":{"@id":"https:\/\/maison-chance.org\/shop\/de\/produkt\/mondlicht#breadcrumb"},"inLanguage":"de","potentialAction":[{"@type":"ReadAction","target":["https:\/\/maison-chance.org\/shop\/de\/produkt\/mondlicht"]}]},{"@type":"ImageObject","inLanguage":"de","@id":"https:\/\/maison-chance.org\/shop\/de\/produkt\/mondlicht#primaryimage","url":"https:\/\/maison-chance.org\/shop\/wp-content\/uploads\/2024\/03\/anh-trang-60x60NCV-1tr5.jpg","contentUrl":"https:\/\/maison-chance.org\/shop\/wp-content\/uploads\/2024\/03\/anh-trang-60x60NCV-1tr5.jpg","width":1000,"height":1000,"caption":"Mondlicht"},{"@type":"BreadcrumbList","@id":"https:\/\/maison-chance.org\/shop\/de\/produkt\/mondlicht#breadcrumb","itemListElement":[{"@type":"ListItem","position":1,"name":"Trang ch\u1ee7","item":"https:\/\/maison-chance.org\/shop\/de"},{"@type":"ListItem","position":2,"name":"Shop","item":"https:\/\/maison-chance.org\/shop\/shop"},{"@type":"ListItem","position":3,"name":"Mondlicht"}]},{"@type":"WebSite","@id":"https:\/\/maison-chance.org\/shop\/de#website","url":"https:\/\/maison-chance.org\/shop\/de","name":"Nh\u00e0 May M\u1eafn - Maison Chance","description":"M\u1ecdi l\u1ee3i nhu\u1eadn thu v\u1ec1 t\u1eeb vi\u1ec7c b\u00e1n h\u00e0ng s\u1ebd tr\u00edch m\u1ed9t ph\u1ea7n \u0111\u1ec3 ch\u0103m lo cho \u0111\u1eddi s\u1ed1ng c\u00e1c b\u1ea1n khuy\u1ebft t\u1eadt v\u00e0 tr\u1ebb m\u1ed3 c\u00f4i \u1edf \u0111\u00e2y","publisher":{"@id":"https:\/\/maison-chance.org\/shop\/de#organization"},"potentialAction":[{"@type":"SearchAction","target":{"@type":"EntryPoint","urlTemplate":"https:\/\/maison-chance.org\/shop\/de?s={search_term_string}"},"query-input":{"@type":"PropertyValueSpecification","valueRequired":true,"valueName":"search_term_string"}}],"inLanguage":"de"},{"@type":"Organization","@id":"https:\/\/maison-chance.org\/shop\/de#organization","name":"Nh\u00e0 May M\u1eafn - Maison Chance","url":"https:\/\/maison-chance.org\/shop\/de","logo":{"@type":"ImageObject","inLanguage":"de","@id":"https:\/\/maison-chance.org\/shop\/de#\/schema\/logo\/image\/","url":"https:\/\/maison-chance.org\/shop\/wp-content\/uploads\/2024\/03\/cropped-Logo_DNXH.png","contentUrl":"https:\/\/maison-chance.org\/shop\/wp-content\/uploads\/2024\/03\/cropped-Logo_DNXH.png","width":512,"height":512,"caption":"Nh\u00e0 May M\u1eafn - Maison Chance"},"image":{"@id":"https:\/\/maison-chance.org\/shop\/de#\/schema\/logo\/image\/"},"sameAs":["https:\/\/www.facebook.com\/dnxh.nhamayman\/"]}]},"product_price_amount":"0.00","product_price_currency":"EUR","og_availability":"instock","product_availability":"instock","product_condition":"new"},"_links":{"self":[{"href":"https:\/\/maison-chance.org\/shop\/de\/wp-json\/wp\/v2\/product\/30542","targetHints":{"allow":["GET"]}}],"collection":[{"href":"https:\/\/maison-chance.org\/shop\/de\/wp-json\/wp\/v2\/product"}],"about":[{"href":"https:\/\/maison-chance.org\/shop\/de\/wp-json\/wp\/v2\/types\/product"}],"wp:featuredmedia":[{"embeddable":true,"href":"https:\/\/maison-chance.org\/shop\/de\/wp-json\/wp\/v2\/media\/30539"}],"wp:attachment":[{"href":"https:\/\/maison-chance.org\/shop\/de\/wp-json\/wp\/v2\/media?parent=30542"}],"wp:term":[{"taxonomy":"product_brand","embeddable":true,"href":"https:\/\/maison-chance.org\/shop\/de\/wp-json\/wp\/v2\/product_brand?post=30542"},{"taxonomy":"product_cat","embeddable":true,"href":"https:\/\/maison-chance.org\/shop\/de\/wp-json\/wp\/v2\/product_cat?post=30542"},{"taxonomy":"product_tag","embeddable":true,"href":"https:\/\/maison-chance.org\/shop\/de\/wp-json\/wp\/v2\/product_tag?post=30542"}],"curies":[{"name":"wp","href":"https:\/\/api.w.org\/{rel}","templated":true}]}}