{"id":30550,"date":"2024-03-08T22:08:26","date_gmt":"2024-03-08T15:08:26","guid":{"rendered":"https:\/\/maison-chance.org\/shop\/san-pham\/die-jungfrau-maria-wiegt-den-herrn"},"modified":"2024-03-08T22:08:26","modified_gmt":"2024-03-08T15:08:26","slug":"die-jungfrau-maria-wiegt-den-herrn","status":"publish","type":"product","link":"https:\/\/maison-chance.org\/shop\/de\/produkt\/die-jungfrau-maria-wiegt-den-herrn","title":{"rendered":"Die Jungfrau Maria wiegt den Herrn"},"content":{"rendered":"<p style=\"text-align: justify;\"><span class=\"x1xsqp64 xiy17q3 x1o6pynw x19co3pv xdj266r xcwd3tp xat24cr x39eecv x2b8uid\" data-testid=\"emoji\"><span class=\"xexx8yu xn5pp95 x18d9i69 x2fxd7x x1yqt14a x1bhl96m\">\ud83c\udfa8<\/span><\/span> <span class=\"xv78j7m\" spellcheck=\"false\">Maison Chance &#8211; Das Gl\u00fcckshaus<\/span> pr\u00e4sentiert stolz ein neues \u00d6lgem\u00e4lde von K\u00fcnstler B\u00f9i \u0110\u00ecnh To\u1ea3n. Es handelt sich um ein Gem\u00e4lde der Madonna, die das Jesuskind in den Armen h\u00e4lt, mit den Abmessungen 60&#215;80 cm, das die heilige Sch\u00f6nheit der Mutterliebe ausstrahlt.<\/p>\n<p><span class=\"x1xsqp64 xiy17q3 x1o6pynw x19co3pv xdj266r xcwd3tp xat24cr x39eecv x2b8uid\" data-testid=\"emoji\"><span class=\"xexx8yu xn5pp95 x18d9i69 x2fxd7x x1yqt14a x1bhl96m\">\ud83d\uddbc\ufe0f<\/span><\/span> Beim Betrachten des Gem\u00e4ldes k\u00f6nnen unsere Augen kaum den liebevollen Gesichtsausdruck von Mutter Maria loslassen. Das sanfte L\u00e4cheln scheint die Seelen der Betrachter zu beruhigen. Das g\u00f6ttliche Kind in den Armen seiner Mutter l\u00e4chelt uns unschuldig und liebenswert an. Das Mutter-Kind-Duo bildet eine heilige Einheit, die die Herzen der Betrachter erw\u00e4rmt.<\/p>\n<p><img decoding=\"async\" class=\"size-full wp-image-16332 aligncenter\" src=\"https:\/\/maison-chance.org\/shop\/wp-content\/uploads\/2023\/11\/OR-23-BDT60x80cm-duc-me-am-chua-con-2t5.png\" alt=\"Madonna mit Kind\" width=\"600\" height=\"600\" \/><\/p>\n<p><span class=\"x1xsqp64 xiy17q3 x1o6pynw x19co3pv xdj266r xcwd3tp xat24cr x39eecv x2b8uid\" data-testid=\"emoji\"><span class=\"xexx8yu xn5pp95 x18d9i69 x2fxd7x x1yqt14a x1bhl96m\">\u2728<\/span><\/span> Besonders bemerkenswert ist, dass der K\u00fcnstler B\u00f9i \u0110\u00ecnh To\u1ea3n selbst behindert ist. Derzeit lebt und arbeitet er im <span class=\"xv78j7m\" spellcheck=\"false\">Maison Chance &#8211; Das Gl\u00fcckshaus<\/span>, einem Ort f\u00fcr Menschen mit besonderen Bed\u00fcrfnissen.<\/p>\n<p><span class=\"x1xsqp64 xiy17q3 x1o6pynw x19co3pv xdj266r xcwd3tp xat24cr x39eecv x2b8uid\" data-testid=\"emoji\"><span class=\"xexx8yu xn5pp95 x18d9i69 x2fxd7x x1yqt14a x1bhl96m\">\u2764<\/span><\/span> Wir hoffen auf Ihre Unterst\u00fctzung, liebe Kunden <span class=\"x1xsqp64 xiy17q3 x1o6pynw x19co3pv xdj266r xcwd3tp xat24cr x39eecv x2b8uid\" data-testid=\"emoji\"><span class=\"xexx8yu xn5pp95 x18d9i69 x2fxd7x x1yqt14a x1bhl96m\">\u2764<\/span><\/span><\/p>\n<p>&#8212;&#8212;&#8212;&#8212;&#8212;&#8212;&#8212;&#8212;&#8212;&#8212;&#8212;&#8212;&#8212;&#8212;&#8212;&#8212;&#8212;&#8212;&#8212;&#8212;&#8212;&#8212;&#8211;<\/p>\n<p><span class=\"x1xsqp64 xiy17q3 x1o6pynw x19co3pv xdj266r xcwd3tp xat24cr x39eecv x2b8uid\" data-testid=\"emoji\"><span class=\"xexx8yu xn5pp95 x18d9i69 x2fxd7x x1yqt14a x1bhl96m\">\u2764<\/span><\/span> Alle Erl\u00f6se aus dem Verkauf kommen den Menschen mit Behinderungen und den Waisenkindern hier zugute. Der Rest wird weiterhin die Aktivit\u00e4ten der Organisation unterst\u00fctzen <span class=\"x1xsqp64 xiy17q3 x1o6pynw x19co3pv xdj266r xcwd3tp xat24cr x39eecv x2b8uid\" data-testid=\"emoji\"><span class=\"xexx8yu xn5pp95 x18d9i69 x2fxd7x x1yqt14a x1bhl96m\">\u2764<\/span><\/span><br \/>\n<span class=\"x1xsqp64 xiy17q3 x1o6pynw x19co3pv xdj266r xcwd3tp xat24cr x39eecv x2b8uid\" data-testid=\"emoji\"><span class=\"xexx8yu xn5pp95 x18d9i69 x2fxd7x x1yqt14a x1bhl96m\">\u260e<\/span><\/span> Hotline: 0909 06 2528 ( Zalo<span class=\"x1xsqp64 xiy17q3 x1o6pynw x19co3pv xdj266r xcwd3tp xat24cr x39eecv x2b8uid\" data-testid=\"emoji\"><span class=\"xexx8yu xn5pp95 x18d9i69 x2fxd7x x1yqt14a x1bhl96m\">\ud83d\udc49<\/span><\/span>).<br \/>\n<span class=\"x1xsqp64 xiy17q3 x1o6pynw x19co3pv xdj266r xcwd3tp xat24cr x39eecv x2b8uid\" data-testid=\"emoji\"><span class=\"xexx8yu xn5pp95 x18d9i69 x2fxd7x x1yqt14a x1bhl96m\">\ud83d\udcbb<\/span><\/span> Website: <a href=\"https:\/\/maison-chance.org\/shop\">https:\/\/maison-chance.org\/shop<\/a><\/p>\n","protected":false},"excerpt":{"rendered":"<p>Die von Maison Chance angebotenen \u00d6lgem\u00e4lde sind Werke von weniger gl\u00fccklichen K\u00fcnstlern mit Behinderungen.<\/p>\n<p>&nbsp;<\/p>\n<p>Gr\u00f6\u00dfe (cm): 60&#215;80<\/p>\n<p>&nbsp;<\/p>\n<p>Genre: Originale Kunstwerke<\/p>\n<p>&nbsp;<\/p>\n<p>Autor: B\u00f9i \u0110\u00ecnh To\u1ea3n<\/p>\n<p>&nbsp;<\/p>\n<p style=\"text-align: justify;\">Hotline: <span style=\"color: #ff0000; font-size: 18pt;\"><strong>0909 06 25 28<\/strong><\/span><\/p>\n<p>&nbsp;<\/p>\n","protected":false},"featured_media":30547,"template":"","meta":[],"product_brand":[],"product_cat":[253,268],"product_tag":[],"class_list":{"0":"post-30550","1":"product","2":"type-product","3":"status-publish","4":"has-post-thumbnail","6":"product_cat-oelmalerei-workshop","7":"product_cat-religioeses-gemaelde","9":"first","10":"instock","11":"shipping-taxable","12":"product-type-simple"},"yoast_head":"<!-- This site is optimized with the Yoast SEO Premium plugin v22.7 (Yoast SEO v25.3.1) - https:\/\/yoast.com\/wordpress\/plugins\/seo\/ -->\n<title>Die Jungfrau Maria wiegt den Herrn - Nh\u00e0 May M\u1eafn - Maison Chance<\/title>\n<meta name=\"robots\" content=\"index, follow, max-snippet:-1, max-image-preview:large, max-video-preview:-1\" \/>\n<link rel=\"canonical\" href=\"https:\/\/maison-chance.org\/shop\/de\/produkt\/die-jungfrau-maria-wiegt-den-herrn\" \/>\n<meta property=\"og:locale\" content=\"de_DE\" \/>\n<meta property=\"og:type\" content=\"article\" \/>\n<meta property=\"og:title\" content=\"Die Jungfrau Maria wiegt den Herrn\" \/>\n<meta property=\"og:description\" content=\"Die von Maison Chance angebotenen \u00d6lgem\u00e4lde sind Werke von weniger gl\u00fccklichen K\u00fcnstlern mit Behinderungen.  &nbsp;  Gr\u00f6\u00dfe (cm): 60x80  &nbsp;  Genre: Originale Kunstwerke  &nbsp;  Autor: B\u00f9i \u0110\u00ecnh To\u1ea3n  &nbsp; Hotline: 0909 06 25 28 &nbsp;\" \/>\n<meta property=\"og:url\" content=\"https:\/\/maison-chance.org\/shop\/de\/produkt\/die-jungfrau-maria-wiegt-den-herrn\" \/>\n<meta property=\"og:site_name\" content=\"Nh\u00e0 May M\u1eafn - Maison Chance\" \/>\n<meta property=\"article:publisher\" content=\"https:\/\/www.facebook.com\/dnxh.nhamayman\/\" \/>\n<meta property=\"og:image\" content=\"https:\/\/maison-chance.org\/shop\/wp-content\/uploads\/2024\/03\/OR-23-BDT60x80cm-duc-me-am-chua-con-2t5.png\" \/>\n\t<meta property=\"og:image:width\" content=\"600\" \/>\n\t<meta property=\"og:image:height\" content=\"600\" \/>\n\t<meta property=\"og:image:type\" content=\"image\/png\" \/>\n<meta name=\"twitter:card\" content=\"summary_large_image\" \/>\n<meta name=\"twitter:label1\" content=\"Preis\" \/>\n\t<meta name=\"twitter:data1\" content=\"\" \/>\n\t<meta name=\"twitter:label2\" content=\"Verf\u00fcgbarkeit\" \/>\n\t<meta name=\"twitter:data2\" content=\"Auf Lager\" \/>\n<script type=\"application\/ld+json\" class=\"yoast-schema-graph\">{\"@context\":\"https:\/\/schema.org\",\"@graph\":[{\"@type\":\"WebPage\",\"@id\":\"https:\/\/maison-chance.org\/shop\/de\/produkt\/die-jungfrau-maria-wiegt-den-herrn\",\"url\":\"https:\/\/maison-chance.org\/shop\/de\/produkt\/die-jungfrau-maria-wiegt-den-herrn\",\"name\":\"Die Jungfrau Maria wiegt den Herrn - Nh\u00e0 May M\u1eafn - Maison Chance\",\"isPartOf\":{\"@id\":\"https:\/\/maison-chance.org\/shop\/de#website\"},\"primaryImageOfPage\":{\"@id\":\"https:\/\/maison-chance.org\/shop\/de\/produkt\/die-jungfrau-maria-wiegt-den-herrn#primaryimage\"},\"image\":{\"@id\":\"https:\/\/maison-chance.org\/shop\/de\/produkt\/die-jungfrau-maria-wiegt-den-herrn#primaryimage\"},\"thumbnailUrl\":\"https:\/\/maison-chance.org\/shop\/wp-content\/uploads\/2024\/03\/OR-23-BDT60x80cm-duc-me-am-chua-con-2t5.png\",\"datePublished\":\"2024-03-08T15:08:26+00:00\",\"breadcrumb\":{\"@id\":\"https:\/\/maison-chance.org\/shop\/de\/produkt\/die-jungfrau-maria-wiegt-den-herrn#breadcrumb\"},\"inLanguage\":\"de\",\"potentialAction\":[{\"@type\":\"ReadAction\",\"target\":[\"https:\/\/maison-chance.org\/shop\/de\/produkt\/die-jungfrau-maria-wiegt-den-herrn\"]}]},{\"@type\":\"ImageObject\",\"inLanguage\":\"de\",\"@id\":\"https:\/\/maison-chance.org\/shop\/de\/produkt\/die-jungfrau-maria-wiegt-den-herrn#primaryimage\",\"url\":\"https:\/\/maison-chance.org\/shop\/wp-content\/uploads\/2024\/03\/OR-23-BDT60x80cm-duc-me-am-chua-con-2t5.png\",\"contentUrl\":\"https:\/\/maison-chance.org\/shop\/wp-content\/uploads\/2024\/03\/OR-23-BDT60x80cm-duc-me-am-chua-con-2t5.png\",\"width\":600,\"height\":600,\"caption\":\"Die Jungfrau Maria wiegt den Herrn\"},{\"@type\":\"BreadcrumbList\",\"@id\":\"https:\/\/maison-chance.org\/shop\/de\/produkt\/die-jungfrau-maria-wiegt-den-herrn#breadcrumb\",\"itemListElement\":[{\"@type\":\"ListItem\",\"position\":1,\"name\":\"Trang ch\u1ee7\",\"item\":\"https:\/\/maison-chance.org\/shop\/de\"},{\"@type\":\"ListItem\",\"position\":2,\"name\":\"Shop\",\"item\":\"https:\/\/maison-chance.org\/shop\/shop\"},{\"@type\":\"ListItem\",\"position\":3,\"name\":\"Die Jungfrau Maria wiegt den Herrn\"}]},{\"@type\":\"WebSite\",\"@id\":\"https:\/\/maison-chance.org\/shop\/de#website\",\"url\":\"https:\/\/maison-chance.org\/shop\/de\",\"name\":\"Nh\u00e0 May M\u1eafn - Maison Chance\",\"description\":\"M\u1ecdi l\u1ee3i nhu\u1eadn thu v\u1ec1 t\u1eeb vi\u1ec7c b\u00e1n h\u00e0ng s\u1ebd tr\u00edch m\u1ed9t ph\u1ea7n \u0111\u1ec3 ch\u0103m lo cho \u0111\u1eddi s\u1ed1ng c\u00e1c b\u1ea1n khuy\u1ebft t\u1eadt v\u00e0 tr\u1ebb m\u1ed3 c\u00f4i \u1edf \u0111\u00e2y\",\"publisher\":{\"@id\":\"https:\/\/maison-chance.org\/shop\/de#organization\"},\"potentialAction\":[{\"@type\":\"SearchAction\",\"target\":{\"@type\":\"EntryPoint\",\"urlTemplate\":\"https:\/\/maison-chance.org\/shop\/de?s={search_term_string}\"},\"query-input\":{\"@type\":\"PropertyValueSpecification\",\"valueRequired\":true,\"valueName\":\"search_term_string\"}}],\"inLanguage\":\"de\"},{\"@type\":\"Organization\",\"@id\":\"https:\/\/maison-chance.org\/shop\/de#organization\",\"name\":\"Nh\u00e0 May M\u1eafn - Maison Chance\",\"url\":\"https:\/\/maison-chance.org\/shop\/de\",\"logo\":{\"@type\":\"ImageObject\",\"inLanguage\":\"de\",\"@id\":\"https:\/\/maison-chance.org\/shop\/de#\/schema\/logo\/image\/\",\"url\":\"https:\/\/maison-chance.org\/shop\/wp-content\/uploads\/2024\/03\/cropped-Logo_DNXH.png\",\"contentUrl\":\"https:\/\/maison-chance.org\/shop\/wp-content\/uploads\/2024\/03\/cropped-Logo_DNXH.png\",\"width\":512,\"height\":512,\"caption\":\"Nh\u00e0 May M\u1eafn - Maison Chance\"},\"image\":{\"@id\":\"https:\/\/maison-chance.org\/shop\/de#\/schema\/logo\/image\/\"},\"sameAs\":[\"https:\/\/www.facebook.com\/dnxh.nhamayman\/\"]}]}<\/script>\n<meta property=\"product:price:amount\" content=\"0.00\" \/>\n<meta property=\"product:price:currency\" content=\"EUR\" \/>\n<meta property=\"og:availability\" content=\"instock\" \/>\n<meta property=\"product:availability\" content=\"instock\" \/>\n<meta property=\"product:condition\" content=\"new\" \/>\n<!-- \/ Yoast SEO Premium plugin. -->","yoast_head_json":{"title":"Die Jungfrau Maria wiegt den Herrn - Nh\u00e0 May M\u1eafn - Maison Chance","robots":{"index":"index","follow":"follow","max-snippet":"max-snippet:-1","max-image-preview":"max-image-preview:large","max-video-preview":"max-video-preview:-1"},"canonical":"https:\/\/maison-chance.org\/shop\/de\/produkt\/die-jungfrau-maria-wiegt-den-herrn","og_locale":"de_DE","og_type":"article","og_title":"Die Jungfrau Maria wiegt den Herrn","og_description":"Die von Maison Chance angebotenen \u00d6lgem\u00e4lde sind Werke von weniger gl\u00fccklichen K\u00fcnstlern mit Behinderungen.  &nbsp;  Gr\u00f6\u00dfe (cm): 60x80  &nbsp;  Genre: Originale Kunstwerke  &nbsp;  Autor: B\u00f9i \u0110\u00ecnh To\u1ea3n  &nbsp; Hotline: 0909 06 25 28 &nbsp;","og_url":"https:\/\/maison-chance.org\/shop\/de\/produkt\/die-jungfrau-maria-wiegt-den-herrn","og_site_name":"Nh\u00e0 May M\u1eafn - Maison Chance","article_publisher":"https:\/\/www.facebook.com\/dnxh.nhamayman\/","og_image":[{"width":600,"height":600,"url":"https:\/\/maison-chance.org\/shop\/wp-content\/uploads\/2024\/03\/OR-23-BDT60x80cm-duc-me-am-chua-con-2t5.png","type":"image\/png"}],"twitter_card":"summary_large_image","twitter_misc":{"Preis":"","Verf\u00fcgbarkeit":"Auf Lager"},"schema":{"@context":"https:\/\/schema.org","@graph":[{"@type":"WebPage","@id":"https:\/\/maison-chance.org\/shop\/de\/produkt\/die-jungfrau-maria-wiegt-den-herrn","url":"https:\/\/maison-chance.org\/shop\/de\/produkt\/die-jungfrau-maria-wiegt-den-herrn","name":"Die Jungfrau Maria wiegt den Herrn - Nh\u00e0 May M\u1eafn - Maison Chance","isPartOf":{"@id":"https:\/\/maison-chance.org\/shop\/de#website"},"primaryImageOfPage":{"@id":"https:\/\/maison-chance.org\/shop\/de\/produkt\/die-jungfrau-maria-wiegt-den-herrn#primaryimage"},"image":{"@id":"https:\/\/maison-chance.org\/shop\/de\/produkt\/die-jungfrau-maria-wiegt-den-herrn#primaryimage"},"thumbnailUrl":"https:\/\/maison-chance.org\/shop\/wp-content\/uploads\/2024\/03\/OR-23-BDT60x80cm-duc-me-am-chua-con-2t5.png","datePublished":"2024-03-08T15:08:26+00:00","breadcrumb":{"@id":"https:\/\/maison-chance.org\/shop\/de\/produkt\/die-jungfrau-maria-wiegt-den-herrn#breadcrumb"},"inLanguage":"de","potentialAction":[{"@type":"ReadAction","target":["https:\/\/maison-chance.org\/shop\/de\/produkt\/die-jungfrau-maria-wiegt-den-herrn"]}]},{"@type":"ImageObject","inLanguage":"de","@id":"https:\/\/maison-chance.org\/shop\/de\/produkt\/die-jungfrau-maria-wiegt-den-herrn#primaryimage","url":"https:\/\/maison-chance.org\/shop\/wp-content\/uploads\/2024\/03\/OR-23-BDT60x80cm-duc-me-am-chua-con-2t5.png","contentUrl":"https:\/\/maison-chance.org\/shop\/wp-content\/uploads\/2024\/03\/OR-23-BDT60x80cm-duc-me-am-chua-con-2t5.png","width":600,"height":600,"caption":"Die Jungfrau Maria wiegt den Herrn"},{"@type":"BreadcrumbList","@id":"https:\/\/maison-chance.org\/shop\/de\/produkt\/die-jungfrau-maria-wiegt-den-herrn#breadcrumb","itemListElement":[{"@type":"ListItem","position":1,"name":"Trang ch\u1ee7","item":"https:\/\/maison-chance.org\/shop\/de"},{"@type":"ListItem","position":2,"name":"Shop","item":"https:\/\/maison-chance.org\/shop\/shop"},{"@type":"ListItem","position":3,"name":"Die Jungfrau Maria wiegt den Herrn"}]},{"@type":"WebSite","@id":"https:\/\/maison-chance.org\/shop\/de#website","url":"https:\/\/maison-chance.org\/shop\/de","name":"Nh\u00e0 May M\u1eafn - Maison Chance","description":"M\u1ecdi l\u1ee3i nhu\u1eadn thu v\u1ec1 t\u1eeb vi\u1ec7c b\u00e1n h\u00e0ng s\u1ebd tr\u00edch m\u1ed9t ph\u1ea7n \u0111\u1ec3 ch\u0103m lo cho \u0111\u1eddi s\u1ed1ng c\u00e1c b\u1ea1n khuy\u1ebft t\u1eadt v\u00e0 tr\u1ebb m\u1ed3 c\u00f4i \u1edf \u0111\u00e2y","publisher":{"@id":"https:\/\/maison-chance.org\/shop\/de#organization"},"potentialAction":[{"@type":"SearchAction","target":{"@type":"EntryPoint","urlTemplate":"https:\/\/maison-chance.org\/shop\/de?s={search_term_string}"},"query-input":{"@type":"PropertyValueSpecification","valueRequired":true,"valueName":"search_term_string"}}],"inLanguage":"de"},{"@type":"Organization","@id":"https:\/\/maison-chance.org\/shop\/de#organization","name":"Nh\u00e0 May M\u1eafn - Maison Chance","url":"https:\/\/maison-chance.org\/shop\/de","logo":{"@type":"ImageObject","inLanguage":"de","@id":"https:\/\/maison-chance.org\/shop\/de#\/schema\/logo\/image\/","url":"https:\/\/maison-chance.org\/shop\/wp-content\/uploads\/2024\/03\/cropped-Logo_DNXH.png","contentUrl":"https:\/\/maison-chance.org\/shop\/wp-content\/uploads\/2024\/03\/cropped-Logo_DNXH.png","width":512,"height":512,"caption":"Nh\u00e0 May M\u1eafn - Maison Chance"},"image":{"@id":"https:\/\/maison-chance.org\/shop\/de#\/schema\/logo\/image\/"},"sameAs":["https:\/\/www.facebook.com\/dnxh.nhamayman\/"]}]},"product_price_amount":"0.00","product_price_currency":"EUR","og_availability":"instock","product_availability":"instock","product_condition":"new"},"_links":{"self":[{"href":"https:\/\/maison-chance.org\/shop\/de\/wp-json\/wp\/v2\/product\/30550","targetHints":{"allow":["GET"]}}],"collection":[{"href":"https:\/\/maison-chance.org\/shop\/de\/wp-json\/wp\/v2\/product"}],"about":[{"href":"https:\/\/maison-chance.org\/shop\/de\/wp-json\/wp\/v2\/types\/product"}],"wp:featuredmedia":[{"embeddable":true,"href":"https:\/\/maison-chance.org\/shop\/de\/wp-json\/wp\/v2\/media\/30547"}],"wp:attachment":[{"href":"https:\/\/maison-chance.org\/shop\/de\/wp-json\/wp\/v2\/media?parent=30550"}],"wp:term":[{"taxonomy":"product_brand","embeddable":true,"href":"https:\/\/maison-chance.org\/shop\/de\/wp-json\/wp\/v2\/product_brand?post=30550"},{"taxonomy":"product_cat","embeddable":true,"href":"https:\/\/maison-chance.org\/shop\/de\/wp-json\/wp\/v2\/product_cat?post=30550"},{"taxonomy":"product_tag","embeddable":true,"href":"https:\/\/maison-chance.org\/shop\/de\/wp-json\/wp\/v2\/product_tag?post=30550"}],"curies":[{"name":"wp","href":"https:\/\/api.w.org\/{rel}","templated":true}]}}