{"id":30558,"date":"2024-03-08T22:12:25","date_gmt":"2024-03-08T15:12:25","guid":{"rendered":"https:\/\/maison-chance.org\/shop\/san-pham\/mutter-silhouette"},"modified":"2024-03-08T22:12:25","modified_gmt":"2024-03-08T15:12:25","slug":"mutter-silhouette","status":"publish","type":"product","link":"https:\/\/maison-chance.org\/shop\/de\/produkt\/mutter-silhouette","title":{"rendered":"Mutter Silhouette"},"content":{"rendered":"<p style=\"text-align: center;\">\ud83c\udf38 ABSTRAKTE \u00d6LGEM\u00c4LDE &#8211; MUTTERFIGUR \ud83c\udf38<\/p>\n<p style=\"text-align: justify;\">\ud83d\udc96 Suchen Sie ein einzigartiges \u00d6lgem\u00e4lde, um Ihren Wohnraum zu schm\u00fccken? M\u00f6chten Sie ein Kunstwerk besitzen, das die tiefgreifende Mutterliebe verk\u00f6rpert? Lassen Sie uns Ihnen bei Maison Chance das Gem\u00e4lde &#8222;Mutterfigur&#8220; vorstellen &#8211; ein emotionales und bedeutungsvolles Kunstwerk!<\/p>\n<p style=\"text-align: justify;\">\ud83c\udfa8 Mit gelben und orangefarbenen T\u00f6nen, blauen Bl\u00e4ttern vermittelt das \u00d6lgem\u00e4lde &#8222;Mutterfigur&#8220; das Bild einer Mutter mit einem sanften und liebevollen Aussehen. Die lebendigen rosa Schmetterlinge auf dem Gem\u00e4lde verleihen der Frau einen zus\u00e4tzlichen Charme und Anziehungskraft.<\/p>\n<p><img decoding=\"async\" class=\"size-full wp-image-16350 aligncenter\" src=\"https:\/\/maison-chance.org\/shop\/wp-content\/uploads\/2023\/12\/60x80-Nguyen-Van-Chien-Hinh-bong-me.png\" alt=\"Mutterfigur\" width=\"600\" height=\"600\" \/><\/p>\n<p style=\"text-align: justify;\">\ud83d\uddbc\ufe0f Mit einer beeindruckenden Gr\u00f6\u00dfe von 60 x 80 cm bei \u00d6lgem\u00e4lden hebt es die Details und die Pr\u00e4zision in jedem Pinselstrich hervor. Platziert im Wohnzimmer, Schlafzimmer oder Arbeitszimmer wird das Gem\u00e4lde zu einem Blickfang, der alle Blicke auf sich zieht und einen gem\u00fctlichen und entspannten Lebensraum schafft.<\/p>\n<p style=\"text-align: justify;\">\ud83e\udd1d\ud83e\udd1d\ud83e\udd1d Besonders ist das Gem\u00e4lde &#8222;Mutterfigur&#8220; ein Produkt von Nguyen Van Chien, einem talentierten behinderten K\u00fcnstler. Jedes Mal, wenn Sie ein Gem\u00e4lde kaufen, unterst\u00fctzen Sie die Entwicklung und das Selbstvertrauen von Menschen mit Behinderungen. Lassen Sie uns gemeinsam eine zivilisierte und mitf\u00fchlende Gesellschaft aufbauen!<\/p>\n<p style=\"text-align: justify;\">\ud83d\udc95\ud83d\udc95\ud83d\udc95 Lassen Sie das \u00d6lgem\u00e4lde &#8222;Mutterfigur&#8220; zu einem bedeutungsvollen Geschenk f\u00fcr Freunde, geliebte Menschen oder zur Dekoration Ihres Lebensraums werden. Jedes Mal, wenn Sie auf das Gem\u00e4lde schauen, werden Sie die Liebe und F\u00fcrsorge der Mutter sp\u00fcren &#8211; die unendliche Quelle des Lebens! \ud83d\udc95\ud83d\udc95\ud83d\udc95<\/p>\n<div dir=\"auto\" style=\"text-align: justify;\"><span class=\"x3nfvp2 x1j61x8r x1fcty0u xdj266r xhhsvwb xat24cr xgzva0m xxymvpz xlup9mm x1kky2od\"><img decoding=\"async\" class=\"xz74otr\" src=\"https:\/\/static.xx.fbcdn.net\/images\/emoji.php\/v9\/ted\/2\/16\/2764.png\" alt=\"\u2764\" width=\"16\" height=\"16\" \/><\/span> Wir hoffen auf Ihre Unterst\u00fctzung, liebe Kunden! <span class=\"x3nfvp2 x1j61x8r x1fcty0u xdj266r xhhsvwb xat24cr xgzva0m xxymvpz xlup9mm x1kky2od\"><img decoding=\"async\" class=\"xz74otr\" src=\"https:\/\/static.xx.fbcdn.net\/images\/emoji.php\/v9\/ted\/2\/16\/2764.png\" alt=\"\u2764\" width=\"16\" height=\"16\" \/><\/span><\/div>\n<div dir=\"auto\" style=\"text-align: justify;\">&#8212;&#8212;&#8212;&#8212;&#8212;&#8212;&#8212;&#8212;&#8212;&#8212;&#8212;&#8212;&#8212;&#8212;&#8212;&#8212;&#8212;&#8212;&#8212;&#8212;&#8212;&#8212;&#8211;<\/div>\n<div dir=\"auto\" style=\"text-align: justify;\"><span class=\"x3nfvp2 x1j61x8r x1fcty0u xdj266r xhhsvwb xat24cr xgzva0m xxymvpz xlup9mm x1kky2od\"><img decoding=\"async\" class=\"xz74otr\" src=\"https:\/\/static.xx.fbcdn.net\/images\/emoji.php\/v9\/ted\/2\/16\/2764.png\" alt=\"\u2764\" width=\"16\" height=\"16\" \/><\/span> Alle Gewinne aus dem Verkauf werden teilweise verwendet, um das Leben von Menschen mit Behinderungen und Waisenkindern zu unterst\u00fctzen. Der verbleibende Teil wird dazu beitragen, die Aktivit\u00e4ten der Organisation aufrechtzuerhalten <span class=\"x3nfvp2 x1j61x8r x1fcty0u xdj266r xhhsvwb xat24cr xgzva0m xxymvpz xlup9mm x1kky2od\"><img decoding=\"async\" class=\"xz74otr\" src=\"https:\/\/static.xx.fbcdn.net\/images\/emoji.php\/v9\/ted\/2\/16\/2764.png\" alt=\"\u2764\" width=\"16\" height=\"16\" \/><\/span><\/div>\n<div dir=\"auto\" style=\"text-align: justify;\"><span class=\"x3nfvp2 x1j61x8r x1fcty0u xdj266r xhhsvwb xat24cr xgzva0m xxymvpz xlup9mm x1kky2od\"><img decoding=\"async\" class=\"xz74otr\" src=\"https:\/\/static.xx.fbcdn.net\/images\/emoji.php\/v9\/ta3\/2\/16\/260e.png\" alt=\"\u260e\" width=\"16\" height=\"16\" \/><\/span> Hotline: 0909 06 2528 ( Zalo<span class=\"x3nfvp2 x1j61x8r x1fcty0u xdj266r xhhsvwb xat24cr xgzva0m xxymvpz xlup9mm x1kky2od\"><img decoding=\"async\" class=\"xz74otr\" src=\"https:\/\/static.xx.fbcdn.net\/images\/emoji.php\/v9\/tf0\/2\/16\/1f449.png\" alt=\"\ud83d\udc49\" width=\"16\" height=\"16\" \/><\/span>).<\/div>\n<div dir=\"auto\" style=\"text-align: justify;\"><span class=\"x3nfvp2 x1j61x8r x1fcty0u xdj266r xhhsvwb xat24cr xgzva0m xxymvpz xlup9mm x1kky2od\"><img decoding=\"async\" class=\"xz74otr\" src=\"https:\/\/static.xx.fbcdn.net\/images\/emoji.php\/v9\/t2b\/2\/16\/1f4bb.png\" alt=\"\ud83d\udcbb\" width=\"16\" height=\"16\" \/><\/span> Website: https:\/\/maison-chance.org\/shop<\/div>\n","protected":false},"excerpt":{"rendered":"<p style=\"text-align: justify;\">Die \u00d6lgem\u00e4lde, die von Lucky House angeboten werden, werden von talentierten K\u00fcnstlern gemalt, die weniger Gl\u00fcck haben.<\/p>\n<p>&nbsp;<\/p>\n<p style=\"text-align: justify;\">Ma\u00dfe (cm): 60&#215;80<\/p>\n<p>&nbsp;<\/p>\n<p>Genre: Originale Gem\u00e4lde<\/p>\n<p>&nbsp;<\/p>\n<p>Autor: Nguyen Van Chien<\/p>\n<p>&nbsp;<\/p>\n<p style=\"text-align: justify;\">Hotline: <span style=\"color: #ff0000; font-size: 18pt;\"><strong>0937 973 919<\/strong><\/span><\/p>\n<p>&nbsp;<\/p>\n","protected":false},"featured_media":30555,"template":"","meta":[],"product_brand":[],"product_cat":[265,253],"product_tag":[],"class_list":{"0":"post-30558","1":"product","2":"type-product","3":"status-publish","4":"has-post-thumbnail","6":"product_cat-abstrakte-malereien","7":"product_cat-oelmalerei-workshop","9":"first","10":"instock","11":"shipping-taxable","12":"product-type-simple"},"yoast_head":"<!-- This site is optimized with the Yoast SEO Premium plugin v22.7 (Yoast SEO v25.3.1) - https:\/\/yoast.com\/wordpress\/plugins\/seo\/ -->\n<title>Mutter Silhouette - Nh\u00e0 May M\u1eafn - Maison Chance<\/title>\n<meta name=\"robots\" content=\"index, follow, max-snippet:-1, max-image-preview:large, max-video-preview:-1\" \/>\n<link rel=\"canonical\" href=\"https:\/\/maison-chance.org\/shop\/de\/produkt\/mutter-silhouette\" \/>\n<meta property=\"og:locale\" content=\"de_DE\" \/>\n<meta property=\"og:type\" content=\"article\" \/>\n<meta property=\"og:title\" content=\"Mutter Silhouette\" \/>\n<meta property=\"og:description\" content=\"Die \u00d6lgem\u00e4lde, die von Lucky House angeboten werden, werden von talentierten K\u00fcnstlern gemalt, die weniger Gl\u00fcck haben. &nbsp; Ma\u00dfe (cm): 60x80 &nbsp;  Genre: Originale Gem\u00e4lde  &nbsp;  Autor: Nguyen Van Chien  &nbsp; Hotline: 0937 973 919 &nbsp;\" \/>\n<meta property=\"og:url\" content=\"https:\/\/maison-chance.org\/shop\/de\/produkt\/mutter-silhouette\" \/>\n<meta property=\"og:site_name\" content=\"Nh\u00e0 May M\u1eafn - Maison Chance\" \/>\n<meta property=\"article:publisher\" content=\"https:\/\/www.facebook.com\/dnxh.nhamayman\/\" \/>\n<meta property=\"og:image\" content=\"https:\/\/maison-chance.org\/shop\/wp-content\/uploads\/2024\/03\/60x80-Nguyen-Van-Chien-Hinh-bong-me.png\" \/>\n\t<meta property=\"og:image:width\" content=\"600\" \/>\n\t<meta property=\"og:image:height\" content=\"600\" \/>\n\t<meta property=\"og:image:type\" content=\"image\/png\" \/>\n<meta name=\"twitter:card\" content=\"summary_large_image\" \/>\n<meta name=\"twitter:label1\" content=\"Preis\" \/>\n\t<meta name=\"twitter:data1\" content=\"\" \/>\n\t<meta name=\"twitter:label2\" content=\"Verf\u00fcgbarkeit\" \/>\n\t<meta name=\"twitter:data2\" content=\"Auf Lager\" \/>\n<script type=\"application\/ld+json\" class=\"yoast-schema-graph\">{\"@context\":\"https:\/\/schema.org\",\"@graph\":[{\"@type\":\"WebPage\",\"@id\":\"https:\/\/maison-chance.org\/shop\/de\/produkt\/mutter-silhouette\",\"url\":\"https:\/\/maison-chance.org\/shop\/de\/produkt\/mutter-silhouette\",\"name\":\"Mutter Silhouette - Nh\u00e0 May M\u1eafn - Maison Chance\",\"isPartOf\":{\"@id\":\"https:\/\/maison-chance.org\/shop\/de#website\"},\"primaryImageOfPage\":{\"@id\":\"https:\/\/maison-chance.org\/shop\/de\/produkt\/mutter-silhouette#primaryimage\"},\"image\":{\"@id\":\"https:\/\/maison-chance.org\/shop\/de\/produkt\/mutter-silhouette#primaryimage\"},\"thumbnailUrl\":\"https:\/\/maison-chance.org\/shop\/wp-content\/uploads\/2024\/03\/60x80-Nguyen-Van-Chien-Hinh-bong-me.png\",\"datePublished\":\"2024-03-08T15:12:25+00:00\",\"breadcrumb\":{\"@id\":\"https:\/\/maison-chance.org\/shop\/de\/produkt\/mutter-silhouette#breadcrumb\"},\"inLanguage\":\"de\",\"potentialAction\":[{\"@type\":\"ReadAction\",\"target\":[\"https:\/\/maison-chance.org\/shop\/de\/produkt\/mutter-silhouette\"]}]},{\"@type\":\"ImageObject\",\"inLanguage\":\"de\",\"@id\":\"https:\/\/maison-chance.org\/shop\/de\/produkt\/mutter-silhouette#primaryimage\",\"url\":\"https:\/\/maison-chance.org\/shop\/wp-content\/uploads\/2024\/03\/60x80-Nguyen-Van-Chien-Hinh-bong-me.png\",\"contentUrl\":\"https:\/\/maison-chance.org\/shop\/wp-content\/uploads\/2024\/03\/60x80-Nguyen-Van-Chien-Hinh-bong-me.png\",\"width\":600,\"height\":600,\"caption\":\"Mutter Silhouette\"},{\"@type\":\"BreadcrumbList\",\"@id\":\"https:\/\/maison-chance.org\/shop\/de\/produkt\/mutter-silhouette#breadcrumb\",\"itemListElement\":[{\"@type\":\"ListItem\",\"position\":1,\"name\":\"Trang ch\u1ee7\",\"item\":\"https:\/\/maison-chance.org\/shop\/de\"},{\"@type\":\"ListItem\",\"position\":2,\"name\":\"Shop\",\"item\":\"https:\/\/maison-chance.org\/shop\/shop\"},{\"@type\":\"ListItem\",\"position\":3,\"name\":\"Mutter Silhouette\"}]},{\"@type\":\"WebSite\",\"@id\":\"https:\/\/maison-chance.org\/shop\/de#website\",\"url\":\"https:\/\/maison-chance.org\/shop\/de\",\"name\":\"Nh\u00e0 May M\u1eafn - Maison Chance\",\"description\":\"M\u1ecdi l\u1ee3i nhu\u1eadn thu v\u1ec1 t\u1eeb vi\u1ec7c b\u00e1n h\u00e0ng s\u1ebd tr\u00edch m\u1ed9t ph\u1ea7n \u0111\u1ec3 ch\u0103m lo cho \u0111\u1eddi s\u1ed1ng c\u00e1c b\u1ea1n khuy\u1ebft t\u1eadt v\u00e0 tr\u1ebb m\u1ed3 c\u00f4i \u1edf \u0111\u00e2y\",\"publisher\":{\"@id\":\"https:\/\/maison-chance.org\/shop\/de#organization\"},\"potentialAction\":[{\"@type\":\"SearchAction\",\"target\":{\"@type\":\"EntryPoint\",\"urlTemplate\":\"https:\/\/maison-chance.org\/shop\/de?s={search_term_string}\"},\"query-input\":{\"@type\":\"PropertyValueSpecification\",\"valueRequired\":true,\"valueName\":\"search_term_string\"}}],\"inLanguage\":\"de\"},{\"@type\":\"Organization\",\"@id\":\"https:\/\/maison-chance.org\/shop\/de#organization\",\"name\":\"Nh\u00e0 May M\u1eafn - Maison Chance\",\"url\":\"https:\/\/maison-chance.org\/shop\/de\",\"logo\":{\"@type\":\"ImageObject\",\"inLanguage\":\"de\",\"@id\":\"https:\/\/maison-chance.org\/shop\/de#\/schema\/logo\/image\/\",\"url\":\"https:\/\/maison-chance.org\/shop\/wp-content\/uploads\/2024\/03\/cropped-Logo_DNXH.png\",\"contentUrl\":\"https:\/\/maison-chance.org\/shop\/wp-content\/uploads\/2024\/03\/cropped-Logo_DNXH.png\",\"width\":512,\"height\":512,\"caption\":\"Nh\u00e0 May M\u1eafn - Maison Chance\"},\"image\":{\"@id\":\"https:\/\/maison-chance.org\/shop\/de#\/schema\/logo\/image\/\"},\"sameAs\":[\"https:\/\/www.facebook.com\/dnxh.nhamayman\/\"]}]}<\/script>\n<meta property=\"product:price:amount\" content=\"0.00\" \/>\n<meta property=\"product:price:currency\" content=\"EUR\" \/>\n<meta property=\"og:availability\" content=\"instock\" \/>\n<meta property=\"product:availability\" content=\"instock\" \/>\n<meta property=\"product:condition\" content=\"new\" \/>\n<!-- \/ Yoast SEO Premium plugin. -->","yoast_head_json":{"title":"Mutter Silhouette - Nh\u00e0 May M\u1eafn - Maison Chance","robots":{"index":"index","follow":"follow","max-snippet":"max-snippet:-1","max-image-preview":"max-image-preview:large","max-video-preview":"max-video-preview:-1"},"canonical":"https:\/\/maison-chance.org\/shop\/de\/produkt\/mutter-silhouette","og_locale":"de_DE","og_type":"article","og_title":"Mutter Silhouette","og_description":"Die \u00d6lgem\u00e4lde, die von Lucky House angeboten werden, werden von talentierten K\u00fcnstlern gemalt, die weniger Gl\u00fcck haben. &nbsp; Ma\u00dfe (cm): 60x80 &nbsp;  Genre: Originale Gem\u00e4lde  &nbsp;  Autor: Nguyen Van Chien  &nbsp; Hotline: 0937 973 919 &nbsp;","og_url":"https:\/\/maison-chance.org\/shop\/de\/produkt\/mutter-silhouette","og_site_name":"Nh\u00e0 May M\u1eafn - Maison Chance","article_publisher":"https:\/\/www.facebook.com\/dnxh.nhamayman\/","og_image":[{"width":600,"height":600,"url":"https:\/\/maison-chance.org\/shop\/wp-content\/uploads\/2024\/03\/60x80-Nguyen-Van-Chien-Hinh-bong-me.png","type":"image\/png"}],"twitter_card":"summary_large_image","twitter_misc":{"Preis":"","Verf\u00fcgbarkeit":"Auf Lager"},"schema":{"@context":"https:\/\/schema.org","@graph":[{"@type":"WebPage","@id":"https:\/\/maison-chance.org\/shop\/de\/produkt\/mutter-silhouette","url":"https:\/\/maison-chance.org\/shop\/de\/produkt\/mutter-silhouette","name":"Mutter Silhouette - Nh\u00e0 May M\u1eafn - Maison Chance","isPartOf":{"@id":"https:\/\/maison-chance.org\/shop\/de#website"},"primaryImageOfPage":{"@id":"https:\/\/maison-chance.org\/shop\/de\/produkt\/mutter-silhouette#primaryimage"},"image":{"@id":"https:\/\/maison-chance.org\/shop\/de\/produkt\/mutter-silhouette#primaryimage"},"thumbnailUrl":"https:\/\/maison-chance.org\/shop\/wp-content\/uploads\/2024\/03\/60x80-Nguyen-Van-Chien-Hinh-bong-me.png","datePublished":"2024-03-08T15:12:25+00:00","breadcrumb":{"@id":"https:\/\/maison-chance.org\/shop\/de\/produkt\/mutter-silhouette#breadcrumb"},"inLanguage":"de","potentialAction":[{"@type":"ReadAction","target":["https:\/\/maison-chance.org\/shop\/de\/produkt\/mutter-silhouette"]}]},{"@type":"ImageObject","inLanguage":"de","@id":"https:\/\/maison-chance.org\/shop\/de\/produkt\/mutter-silhouette#primaryimage","url":"https:\/\/maison-chance.org\/shop\/wp-content\/uploads\/2024\/03\/60x80-Nguyen-Van-Chien-Hinh-bong-me.png","contentUrl":"https:\/\/maison-chance.org\/shop\/wp-content\/uploads\/2024\/03\/60x80-Nguyen-Van-Chien-Hinh-bong-me.png","width":600,"height":600,"caption":"Mutter Silhouette"},{"@type":"BreadcrumbList","@id":"https:\/\/maison-chance.org\/shop\/de\/produkt\/mutter-silhouette#breadcrumb","itemListElement":[{"@type":"ListItem","position":1,"name":"Trang ch\u1ee7","item":"https:\/\/maison-chance.org\/shop\/de"},{"@type":"ListItem","position":2,"name":"Shop","item":"https:\/\/maison-chance.org\/shop\/shop"},{"@type":"ListItem","position":3,"name":"Mutter Silhouette"}]},{"@type":"WebSite","@id":"https:\/\/maison-chance.org\/shop\/de#website","url":"https:\/\/maison-chance.org\/shop\/de","name":"Nh\u00e0 May M\u1eafn - Maison Chance","description":"M\u1ecdi l\u1ee3i nhu\u1eadn thu v\u1ec1 t\u1eeb vi\u1ec7c b\u00e1n h\u00e0ng s\u1ebd tr\u00edch m\u1ed9t ph\u1ea7n \u0111\u1ec3 ch\u0103m lo cho \u0111\u1eddi s\u1ed1ng c\u00e1c b\u1ea1n khuy\u1ebft t\u1eadt v\u00e0 tr\u1ebb m\u1ed3 c\u00f4i \u1edf \u0111\u00e2y","publisher":{"@id":"https:\/\/maison-chance.org\/shop\/de#organization"},"potentialAction":[{"@type":"SearchAction","target":{"@type":"EntryPoint","urlTemplate":"https:\/\/maison-chance.org\/shop\/de?s={search_term_string}"},"query-input":{"@type":"PropertyValueSpecification","valueRequired":true,"valueName":"search_term_string"}}],"inLanguage":"de"},{"@type":"Organization","@id":"https:\/\/maison-chance.org\/shop\/de#organization","name":"Nh\u00e0 May M\u1eafn - Maison Chance","url":"https:\/\/maison-chance.org\/shop\/de","logo":{"@type":"ImageObject","inLanguage":"de","@id":"https:\/\/maison-chance.org\/shop\/de#\/schema\/logo\/image\/","url":"https:\/\/maison-chance.org\/shop\/wp-content\/uploads\/2024\/03\/cropped-Logo_DNXH.png","contentUrl":"https:\/\/maison-chance.org\/shop\/wp-content\/uploads\/2024\/03\/cropped-Logo_DNXH.png","width":512,"height":512,"caption":"Nh\u00e0 May M\u1eafn - Maison Chance"},"image":{"@id":"https:\/\/maison-chance.org\/shop\/de#\/schema\/logo\/image\/"},"sameAs":["https:\/\/www.facebook.com\/dnxh.nhamayman\/"]}]},"product_price_amount":"0.00","product_price_currency":"EUR","og_availability":"instock","product_availability":"instock","product_condition":"new"},"_links":{"self":[{"href":"https:\/\/maison-chance.org\/shop\/de\/wp-json\/wp\/v2\/product\/30558","targetHints":{"allow":["GET"]}}],"collection":[{"href":"https:\/\/maison-chance.org\/shop\/de\/wp-json\/wp\/v2\/product"}],"about":[{"href":"https:\/\/maison-chance.org\/shop\/de\/wp-json\/wp\/v2\/types\/product"}],"wp:featuredmedia":[{"embeddable":true,"href":"https:\/\/maison-chance.org\/shop\/de\/wp-json\/wp\/v2\/media\/30555"}],"wp:attachment":[{"href":"https:\/\/maison-chance.org\/shop\/de\/wp-json\/wp\/v2\/media?parent=30558"}],"wp:term":[{"taxonomy":"product_brand","embeddable":true,"href":"https:\/\/maison-chance.org\/shop\/de\/wp-json\/wp\/v2\/product_brand?post=30558"},{"taxonomy":"product_cat","embeddable":true,"href":"https:\/\/maison-chance.org\/shop\/de\/wp-json\/wp\/v2\/product_cat?post=30558"},{"taxonomy":"product_tag","embeddable":true,"href":"https:\/\/maison-chance.org\/shop\/de\/wp-json\/wp\/v2\/product_tag?post=30558"}],"curies":[{"name":"wp","href":"https:\/\/api.w.org\/{rel}","templated":true}]}}