{"id":30663,"date":"2024-03-09T00:18:58","date_gmt":"2024-03-08T17:18:58","guid":{"rendered":"https:\/\/maison-chance.org\/shop\/san-pham\/rote-koenigin-mais-aus-dak-nong"},"modified":"2024-03-26T14:32:02","modified_gmt":"2024-03-26T07:32:02","slug":"rote-koenigin-mais-aus-dak-nong","status":"publish","type":"product","link":"https:\/\/maison-chance.org\/shop\/de\/produkt\/rote-koenigin-mais-aus-dak-nong","title":{"rendered":"Roter K\u00f6niginmais aus Dak Nong"},"content":{"rendered":"<p><span style=\"color: #ff0000; font-size: 120%;\">Hinweis: Der Rote K\u00f6niginmais aus Dak Nong von Lucky House wird nur saisonal verkauft und ist nur auf dem vietnamesischen Markt erh\u00e4ltlich!<\/span><\/p>\n<p style=\"text-align: justify;\">Was ist Roter K\u00f6niginmais aus Dak Nong? Wie isst man ihn, wo kann man Roten K\u00f6niginmais kaufen und wie viel kostet er?<\/p>\n<p style=\"text-align: justify;\">Roter K\u00f6niginmais aus Dak Nong hat eine attraktive Farbe f\u00fcr Verbraucher und einen besonders leckeren Geschmack, knuspriger und s\u00fc\u00dfer als der Mais, den wir normalerweise essen. Lassen Sie uns mehr \u00fcber Roten K\u00f6niginmais aus Dak Nong mit Lucky House erfahren: Was ist er, wie isst man ihn, wo kauft man ihn und wie ist sein Preis auf dem Markt im Allgemeinen und bei Lucky House Dak Nong im Besonderen!<\/p>\n<h2 id=\"was-ist-der-rote-k\u00f6niginmais\">Was ist Roter K\u00f6niginmais?<\/h2>\n<p style=\"text-align: justify;\">Roter K\u00f6niginmais ist eine s\u00fc\u00dfe Maissorte, gleichm\u00e4\u00dfig gro\u00df, stammt aus Thailand, wurde von lokalen Bauern nach Vietnam gebracht und wird in der s\u00fcd\u00f6stlichen Region sowie im Mekong-Delta umfangreich angebaut. Und jetzt hat Lucky House ihn nach Dak Nong gebracht, ein Land der Fruchtbarkeit und frischer Luft.<\/p>\n<p style=\"text-align: justify;\">Das Aussehen von Rotem K\u00f6niginmais \u00e4hnelt amerikanischem Mais, den wir oft auf M\u00e4rkten und in Superm\u00e4rkten sehen, aber die K\u00f6rner im Inneren sind dunkelrot und mit einigen violetten K\u00f6rnern durchsetzt. Die \u00e4u\u00dfere H\u00fclle ist normalerweise gr\u00fcn, aber je weiter man nach innen geht, desto dunkler werden die violetten Adern. Die Maisseide ist rot.<\/p>\n<p style=\"text-align: justify;\">Eine einfache M\u00f6glichkeit, echten von falschem Roten K\u00f6niginmais zu unterscheiden, besteht darin, den Mais in der Mitte zu teilen; der Rote K\u00f6niginmais hat leere K\u00f6rner und eine &#8222;Seide&#8220; in der Mitte.<\/p>\n","protected":false},"excerpt":{"rendered":"<p>Die K\u00f6nigin-Mais ist eines der beliebten und geliebten Lebensmittel unter vielen Verbrauchern derzeit. In Bezug auf das Aussehen \u00e4hnelt der K\u00f6nigin-Mais anderen g\u00e4ngigen Maisarten. In Bezug auf die Farbe hat der rote Mais jedoch, seinem Namen entsprechend, einen r\u00f6tlich-violetten Farbton. Auch die Borsten des Mais haben eine \u00e4hnliche Farbe wie der Maiskern.<\/p>\n","protected":false},"featured_media":30659,"template":"","meta":[],"product_brand":[],"product_cat":[208,202],"product_tag":[],"class_list":{"0":"post-30663","1":"product","2":"type-product","3":"status-publish","4":"has-post-thumbnail","6":"product_cat-frische-landwirtschaftliche-produkte","7":"product_cat-landwirtschaftliche-produkte-aus-dak-nong","9":"first","10":"outofstock","11":"shipping-taxable","12":"purchasable","13":"product-type-simple"},"yoast_head":"<!-- This site is optimized with the Yoast SEO Premium plugin v22.7 (Yoast SEO v25.3.1) - https:\/\/yoast.com\/wordpress\/plugins\/seo\/ -->\n<title>Roter K\u00f6niginmais aus Dak Nong - Nh\u00e0 May M\u1eafn - Maison Chance<\/title>\n<meta name=\"description\" content=\"Der Rote K\u00f6nigin Mais aus Dak Nong hat attraktive Farben f\u00fcr Verbraucher und einen besonders k\u00f6stlichen Geschmack, knuspriger und s\u00fc\u00dfer als der Mais, den wir normalerweise essen\" \/>\n<meta name=\"robots\" content=\"index, follow, max-snippet:-1, max-image-preview:large, max-video-preview:-1\" \/>\n<link rel=\"canonical\" href=\"https:\/\/maison-chance.org\/shop\/de\/produkt\/rote-koenigin-mais-aus-dak-nong\" \/>\n<meta property=\"og:locale\" content=\"de_DE\" \/>\n<meta property=\"og:type\" content=\"article\" \/>\n<meta property=\"og:title\" content=\"Roter K\u00f6niginmais aus Dak Nong\" \/>\n<meta property=\"og:description\" content=\"Der Rote K\u00f6nigin Mais aus Dak Nong hat attraktive Farben f\u00fcr Verbraucher und einen besonders k\u00f6stlichen Geschmack, knuspriger und s\u00fc\u00dfer als der Mais, den wir normalerweise essen\" \/>\n<meta property=\"og:url\" content=\"https:\/\/maison-chance.org\/shop\/de\/produkt\/rote-koenigin-mais-aus-dak-nong\" \/>\n<meta property=\"og:site_name\" content=\"Nh\u00e0 May M\u1eafn - Maison Chance\" \/>\n<meta property=\"article:publisher\" content=\"https:\/\/www.facebook.com\/dnxh.nhamayman\/\" \/>\n<meta property=\"article:modified_time\" content=\"2024-03-26T07:32:02+00:00\" \/>\n<meta property=\"og:image\" content=\"https:\/\/maison-chance.org\/shop\/wp-content\/uploads\/2024\/03\/bap-nu-hoang.jpg\" \/>\n\t<meta property=\"og:image:width\" content=\"1000\" \/>\n\t<meta property=\"og:image:height\" content=\"1000\" \/>\n\t<meta property=\"og:image:type\" content=\"image\/jpeg\" \/>\n<meta name=\"twitter:card\" content=\"summary_large_image\" \/>\n<meta name=\"twitter:label1\" content=\"Preis\" \/>\n\t<meta name=\"twitter:data1\" content=\"&euro;0.92\" \/>\n\t<meta name=\"twitter:label2\" content=\"Verf\u00fcgbarkeit\" \/>\n\t<meta name=\"twitter:data2\" content=\"ausverkauft\" \/>\n<script type=\"application\/ld+json\" class=\"yoast-schema-graph\">{\"@context\":\"https:\/\/schema.org\",\"@graph\":[{\"@type\":\"WebPage\",\"@id\":\"https:\/\/maison-chance.org\/shop\/de\/produkt\/rote-koenigin-mais-aus-dak-nong\",\"url\":\"https:\/\/maison-chance.org\/shop\/de\/produkt\/rote-koenigin-mais-aus-dak-nong\",\"name\":\"Roter K\u00f6niginmais aus Dak Nong - Nh\u00e0 May M\u1eafn - Maison Chance\",\"isPartOf\":{\"@id\":\"https:\/\/maison-chance.org\/shop\/de#website\"},\"primaryImageOfPage\":{\"@id\":\"https:\/\/maison-chance.org\/shop\/de\/produkt\/rote-koenigin-mais-aus-dak-nong#primaryimage\"},\"image\":{\"@id\":\"https:\/\/maison-chance.org\/shop\/de\/produkt\/rote-koenigin-mais-aus-dak-nong#primaryimage\"},\"thumbnailUrl\":\"https:\/\/maison-chance.org\/shop\/wp-content\/uploads\/2024\/03\/bap-nu-hoang.jpg\",\"datePublished\":\"2024-03-08T17:18:58+00:00\",\"dateModified\":\"2024-03-26T07:32:02+00:00\",\"description\":\"Der Rote K\u00f6nigin Mais aus Dak Nong hat attraktive Farben f\u00fcr Verbraucher und einen besonders k\u00f6stlichen Geschmack, knuspriger und s\u00fc\u00dfer als der Mais, den wir normalerweise essen\",\"breadcrumb\":{\"@id\":\"https:\/\/maison-chance.org\/shop\/de\/produkt\/rote-koenigin-mais-aus-dak-nong#breadcrumb\"},\"inLanguage\":\"de\",\"potentialAction\":[{\"@type\":\"ReadAction\",\"target\":[\"https:\/\/maison-chance.org\/shop\/de\/produkt\/rote-koenigin-mais-aus-dak-nong\"]}]},{\"@type\":\"ImageObject\",\"inLanguage\":\"de\",\"@id\":\"https:\/\/maison-chance.org\/shop\/de\/produkt\/rote-koenigin-mais-aus-dak-nong#primaryimage\",\"url\":\"https:\/\/maison-chance.org\/shop\/wp-content\/uploads\/2024\/03\/bap-nu-hoang.jpg\",\"contentUrl\":\"https:\/\/maison-chance.org\/shop\/wp-content\/uploads\/2024\/03\/bap-nu-hoang.jpg\",\"width\":1000,\"height\":1000,\"caption\":\"Roter K\u00f6niginmais aus Dak Nong\"},{\"@type\":\"BreadcrumbList\",\"@id\":\"https:\/\/maison-chance.org\/shop\/de\/produkt\/rote-koenigin-mais-aus-dak-nong#breadcrumb\",\"itemListElement\":[{\"@type\":\"ListItem\",\"position\":1,\"name\":\"Trang ch\u1ee7\",\"item\":\"https:\/\/maison-chance.org\/shop\/de\"},{\"@type\":\"ListItem\",\"position\":2,\"name\":\"Shop\",\"item\":\"https:\/\/maison-chance.org\/shop\/shop\"},{\"@type\":\"ListItem\",\"position\":3,\"name\":\"Roter K\u00f6niginmais aus Dak Nong\"}]},{\"@type\":\"WebSite\",\"@id\":\"https:\/\/maison-chance.org\/shop\/de#website\",\"url\":\"https:\/\/maison-chance.org\/shop\/de\",\"name\":\"Nh\u00e0 May M\u1eafn - Maison Chance\",\"description\":\"M\u1ecdi l\u1ee3i nhu\u1eadn thu v\u1ec1 t\u1eeb vi\u1ec7c b\u00e1n h\u00e0ng s\u1ebd tr\u00edch m\u1ed9t ph\u1ea7n \u0111\u1ec3 ch\u0103m lo cho \u0111\u1eddi s\u1ed1ng c\u00e1c b\u1ea1n khuy\u1ebft t\u1eadt v\u00e0 tr\u1ebb m\u1ed3 c\u00f4i \u1edf \u0111\u00e2y\",\"publisher\":{\"@id\":\"https:\/\/maison-chance.org\/shop\/de#organization\"},\"potentialAction\":[{\"@type\":\"SearchAction\",\"target\":{\"@type\":\"EntryPoint\",\"urlTemplate\":\"https:\/\/maison-chance.org\/shop\/de?s={search_term_string}\"},\"query-input\":{\"@type\":\"PropertyValueSpecification\",\"valueRequired\":true,\"valueName\":\"search_term_string\"}}],\"inLanguage\":\"de\"},{\"@type\":\"Organization\",\"@id\":\"https:\/\/maison-chance.org\/shop\/de#organization\",\"name\":\"Nh\u00e0 May M\u1eafn - Maison Chance\",\"url\":\"https:\/\/maison-chance.org\/shop\/de\",\"logo\":{\"@type\":\"ImageObject\",\"inLanguage\":\"de\",\"@id\":\"https:\/\/maison-chance.org\/shop\/de#\/schema\/logo\/image\/\",\"url\":\"https:\/\/maison-chance.org\/shop\/wp-content\/uploads\/2024\/03\/cropped-Logo_DNXH.png\",\"contentUrl\":\"https:\/\/maison-chance.org\/shop\/wp-content\/uploads\/2024\/03\/cropped-Logo_DNXH.png\",\"width\":512,\"height\":512,\"caption\":\"Nh\u00e0 May M\u1eafn - Maison Chance\"},\"image\":{\"@id\":\"https:\/\/maison-chance.org\/shop\/de#\/schema\/logo\/image\/\"},\"sameAs\":[\"https:\/\/www.facebook.com\/dnxh.nhamayman\/\"]}]}<\/script>\n<meta property=\"product:price:amount\" content=\"0.92\" \/>\n<meta property=\"product:price:currency\" content=\"EUR\" \/>\n<meta property=\"og:availability\" content=\"out of stock\" \/>\n<meta property=\"product:availability\" content=\"out of stock\" \/>\n<meta property=\"product:condition\" content=\"new\" \/>\n<!-- \/ Yoast SEO Premium plugin. -->","yoast_head_json":{"title":"Roter K\u00f6niginmais aus Dak Nong - Nh\u00e0 May M\u1eafn - Maison Chance","description":"Der Rote K\u00f6nigin Mais aus Dak Nong hat attraktive Farben f\u00fcr Verbraucher und einen besonders k\u00f6stlichen Geschmack, knuspriger und s\u00fc\u00dfer als der Mais, den wir normalerweise essen","robots":{"index":"index","follow":"follow","max-snippet":"max-snippet:-1","max-image-preview":"max-image-preview:large","max-video-preview":"max-video-preview:-1"},"canonical":"https:\/\/maison-chance.org\/shop\/de\/produkt\/rote-koenigin-mais-aus-dak-nong","og_locale":"de_DE","og_type":"article","og_title":"Roter K\u00f6niginmais aus Dak Nong","og_description":"Der Rote K\u00f6nigin Mais aus Dak Nong hat attraktive Farben f\u00fcr Verbraucher und einen besonders k\u00f6stlichen Geschmack, knuspriger und s\u00fc\u00dfer als der Mais, den wir normalerweise essen","og_url":"https:\/\/maison-chance.org\/shop\/de\/produkt\/rote-koenigin-mais-aus-dak-nong","og_site_name":"Nh\u00e0 May M\u1eafn - Maison Chance","article_publisher":"https:\/\/www.facebook.com\/dnxh.nhamayman\/","article_modified_time":"2024-03-26T07:32:02+00:00","og_image":[{"width":1000,"height":1000,"url":"https:\/\/maison-chance.org\/shop\/wp-content\/uploads\/2024\/03\/bap-nu-hoang.jpg","type":"image\/jpeg"}],"twitter_card":"summary_large_image","twitter_misc":{"Preis":"&euro;0.92","Verf\u00fcgbarkeit":"ausverkauft"},"schema":{"@context":"https:\/\/schema.org","@graph":[{"@type":"WebPage","@id":"https:\/\/maison-chance.org\/shop\/de\/produkt\/rote-koenigin-mais-aus-dak-nong","url":"https:\/\/maison-chance.org\/shop\/de\/produkt\/rote-koenigin-mais-aus-dak-nong","name":"Roter K\u00f6niginmais aus Dak Nong - Nh\u00e0 May M\u1eafn - Maison Chance","isPartOf":{"@id":"https:\/\/maison-chance.org\/shop\/de#website"},"primaryImageOfPage":{"@id":"https:\/\/maison-chance.org\/shop\/de\/produkt\/rote-koenigin-mais-aus-dak-nong#primaryimage"},"image":{"@id":"https:\/\/maison-chance.org\/shop\/de\/produkt\/rote-koenigin-mais-aus-dak-nong#primaryimage"},"thumbnailUrl":"https:\/\/maison-chance.org\/shop\/wp-content\/uploads\/2024\/03\/bap-nu-hoang.jpg","datePublished":"2024-03-08T17:18:58+00:00","dateModified":"2024-03-26T07:32:02+00:00","description":"Der Rote K\u00f6nigin Mais aus Dak Nong hat attraktive Farben f\u00fcr Verbraucher und einen besonders k\u00f6stlichen Geschmack, knuspriger und s\u00fc\u00dfer als der Mais, den wir normalerweise essen","breadcrumb":{"@id":"https:\/\/maison-chance.org\/shop\/de\/produkt\/rote-koenigin-mais-aus-dak-nong#breadcrumb"},"inLanguage":"de","potentialAction":[{"@type":"ReadAction","target":["https:\/\/maison-chance.org\/shop\/de\/produkt\/rote-koenigin-mais-aus-dak-nong"]}]},{"@type":"ImageObject","inLanguage":"de","@id":"https:\/\/maison-chance.org\/shop\/de\/produkt\/rote-koenigin-mais-aus-dak-nong#primaryimage","url":"https:\/\/maison-chance.org\/shop\/wp-content\/uploads\/2024\/03\/bap-nu-hoang.jpg","contentUrl":"https:\/\/maison-chance.org\/shop\/wp-content\/uploads\/2024\/03\/bap-nu-hoang.jpg","width":1000,"height":1000,"caption":"Roter K\u00f6niginmais aus Dak Nong"},{"@type":"BreadcrumbList","@id":"https:\/\/maison-chance.org\/shop\/de\/produkt\/rote-koenigin-mais-aus-dak-nong#breadcrumb","itemListElement":[{"@type":"ListItem","position":1,"name":"Trang ch\u1ee7","item":"https:\/\/maison-chance.org\/shop\/de"},{"@type":"ListItem","position":2,"name":"Shop","item":"https:\/\/maison-chance.org\/shop\/shop"},{"@type":"ListItem","position":3,"name":"Roter K\u00f6niginmais aus Dak Nong"}]},{"@type":"WebSite","@id":"https:\/\/maison-chance.org\/shop\/de#website","url":"https:\/\/maison-chance.org\/shop\/de","name":"Nh\u00e0 May M\u1eafn - Maison Chance","description":"M\u1ecdi l\u1ee3i nhu\u1eadn thu v\u1ec1 t\u1eeb vi\u1ec7c b\u00e1n h\u00e0ng s\u1ebd tr\u00edch m\u1ed9t ph\u1ea7n \u0111\u1ec3 ch\u0103m lo cho \u0111\u1eddi s\u1ed1ng c\u00e1c b\u1ea1n khuy\u1ebft t\u1eadt v\u00e0 tr\u1ebb m\u1ed3 c\u00f4i \u1edf \u0111\u00e2y","publisher":{"@id":"https:\/\/maison-chance.org\/shop\/de#organization"},"potentialAction":[{"@type":"SearchAction","target":{"@type":"EntryPoint","urlTemplate":"https:\/\/maison-chance.org\/shop\/de?s={search_term_string}"},"query-input":{"@type":"PropertyValueSpecification","valueRequired":true,"valueName":"search_term_string"}}],"inLanguage":"de"},{"@type":"Organization","@id":"https:\/\/maison-chance.org\/shop\/de#organization","name":"Nh\u00e0 May M\u1eafn - Maison Chance","url":"https:\/\/maison-chance.org\/shop\/de","logo":{"@type":"ImageObject","inLanguage":"de","@id":"https:\/\/maison-chance.org\/shop\/de#\/schema\/logo\/image\/","url":"https:\/\/maison-chance.org\/shop\/wp-content\/uploads\/2024\/03\/cropped-Logo_DNXH.png","contentUrl":"https:\/\/maison-chance.org\/shop\/wp-content\/uploads\/2024\/03\/cropped-Logo_DNXH.png","width":512,"height":512,"caption":"Nh\u00e0 May M\u1eafn - Maison Chance"},"image":{"@id":"https:\/\/maison-chance.org\/shop\/de#\/schema\/logo\/image\/"},"sameAs":["https:\/\/www.facebook.com\/dnxh.nhamayman\/"]}]},"product_price_amount":"0.92","product_price_currency":"EUR","og_availability":"out of stock","product_availability":"out of stock","product_condition":"new"},"_links":{"self":[{"href":"https:\/\/maison-chance.org\/shop\/de\/wp-json\/wp\/v2\/product\/30663","targetHints":{"allow":["GET"]}}],"collection":[{"href":"https:\/\/maison-chance.org\/shop\/de\/wp-json\/wp\/v2\/product"}],"about":[{"href":"https:\/\/maison-chance.org\/shop\/de\/wp-json\/wp\/v2\/types\/product"}],"wp:featuredmedia":[{"embeddable":true,"href":"https:\/\/maison-chance.org\/shop\/de\/wp-json\/wp\/v2\/media\/30659"}],"wp:attachment":[{"href":"https:\/\/maison-chance.org\/shop\/de\/wp-json\/wp\/v2\/media?parent=30663"}],"wp:term":[{"taxonomy":"product_brand","embeddable":true,"href":"https:\/\/maison-chance.org\/shop\/de\/wp-json\/wp\/v2\/product_brand?post=30663"},{"taxonomy":"product_cat","embeddable":true,"href":"https:\/\/maison-chance.org\/shop\/de\/wp-json\/wp\/v2\/product_cat?post=30663"},{"taxonomy":"product_tag","embeddable":true,"href":"https:\/\/maison-chance.org\/shop\/de\/wp-json\/wp\/v2\/product_tag?post=30663"}],"curies":[{"name":"wp","href":"https:\/\/api.w.org\/{rel}","templated":true}]}}