{"id":30675,"date":"2024-03-09T11:58:19","date_gmt":"2024-03-09T04:58:19","guid":{"rendered":"https:\/\/maison-chance.org\/shop\/san-pham\/steinuntersetzer-fuer-ein-glas"},"modified":"2025-07-14T11:50:18","modified_gmt":"2025-07-14T04:50:18","slug":"steinuntersetzer-fuer-ein-glas","status":"publish","type":"product","link":"https:\/\/maison-chance.org\/shop\/de\/produkt\/steinuntersetzer-fuer-ein-glas","title":{"rendered":"Steinuntersetzer f\u00fcr ein Glas"},"content":{"rendered":"<p style=\"text-align: justify;\"><a href=\"https:\/\/maison-chance.org\/shop\/de\">Maison Chance<\/a> -Jeder Untersetzer ist ein Schnitt aus Serpentinit \u2013 einem Naturstein mit einzigartiger Farbgebung und Maserung. In liebevoller Handarbeit von Menschen mit Behinderung in der Werkstatt von Maison Chance gefertigt, vereint dieses Produkt schlichte Sch\u00f6nheit mit tiefgreifendem humanit\u00e4rem Wert.<\/p>\n<p data-start=\"362\" data-end=\"715\">Mit seinem besonderen sechseckigen Design und der glatt polierten Oberfl\u00e4che h\u00e4lt der Steinuntersetzer Getr\u00e4nke l\u00e4nger warm oder kalt und sch\u00fctzt gleichzeitig die Tischoberfl\u00e4che vor Wasserflecken und Hitze. Jedes Set besteht aus zwei kompakten Untersetzern \u2013 ideal f\u00fcr verschiedene R\u00e4ume wie das B\u00fcro, Wohnzimmer, Caf\u00e9 oder als stilvolles Geschenk.<\/p>\n<p data-start=\"717\" data-end=\"732\">Hinweise:<\/p>\n<ul data-start=\"733\" data-end=\"1067\">\n<li data-start=\"733\" data-end=\"905\">\n<p data-start=\"735\" data-end=\"905\"><em data-start=\"735\" data-end=\"903\">Das Produkt wird ausschlie\u00dflich auf Bestellung ab einer Mindestmenge von 50 Sets hergestellt. Die Produktionszeit ist flexibel und richtet sich nach der Bestellmenge.<\/em><\/p>\n<\/li>\n<li data-start=\"906\" data-end=\"1067\">\n<p data-start=\"908\" data-end=\"1067\"><em data-start=\"908\" data-end=\"1067\">Da jeder Untersetzer von Hand aus Naturstein gefertigt wird, k\u00f6nnen Farbe und Maserung variieren \u2013 genau das macht jedes St\u00fcck zu einem einzigartigen Unikat.<\/em><\/p>\n<\/li>\n<\/ul>\n","protected":false},"excerpt":{"rendered":"<p>Material: Serpentin-Stein<br \/>\nGewicht: 125 Gramm<br \/>\nAbmessungen: 10 x 9 cm<br \/>\nCode: TU14<\/p>\n<p>Hotline: <span style=\"font-size: 20px;\"><strong><span style=\"color: #ff0000;\">090 906 2528<\/span><\/strong><\/span><\/p>\n<p>Wenn Sie in Vietnam sind, kontaktieren Sie uns bitte unter der Hotline-Nummer oder auf der Gesch\u00e4fts-Fanseite von Lucky House, um den Verkaufspreis in Vietnam zu erfragen: <a href=\"https:\/\/www.facebook.com\/nhamayman\">https:\/\/www.facebook.com\/nhamayman<\/a><\/p>\n","protected":false},"featured_media":30671,"template":"","meta":[],"product_brand":[],"product_cat":[286,271],"product_tag":[],"class_list":{"0":"post-30675","1":"product","2":"type-product","3":"status-publish","4":"has-post-thumbnail","6":"product_cat-andere-produkte","7":"product_cat-steinmetzzimmer","9":"first","10":"instock","11":"shipping-taxable","12":"purchasable","13":"product-type-simple"},"yoast_head":"<!-- This site is optimized with the Yoast SEO Premium plugin v22.7 (Yoast SEO v25.3.1) - https:\/\/yoast.com\/wordpress\/plugins\/seo\/ -->\n<title>Steinuntersetzer f\u00fcr ein Glas - Nh\u00e0 May M\u1eafn - Maison Chance<\/title>\n<meta name=\"description\" content=\"Maison Chance is pleased to introduce our stone coaster set, a unique handcrafted product with humanitarian significance, created by disabled individuals in the Maison Chance community.\" \/>\n<meta name=\"robots\" content=\"index, follow, max-snippet:-1, max-image-preview:large, max-video-preview:-1\" \/>\n<link rel=\"canonical\" href=\"https:\/\/maison-chance.org\/shop\/de\/produkt\/steinuntersetzer-fuer-ein-glas\" \/>\n<meta property=\"og:locale\" content=\"de_DE\" \/>\n<meta property=\"og:type\" content=\"article\" \/>\n<meta property=\"og:title\" content=\"Steinuntersetzer f\u00fcr ein Glas\" \/>\n<meta property=\"og:description\" content=\"Maison Chance is pleased to introduce our stone coaster set, a unique handcrafted product with humanitarian significance, created by disabled individuals in the Maison Chance community.\" \/>\n<meta property=\"og:url\" content=\"https:\/\/maison-chance.org\/shop\/de\/produkt\/steinuntersetzer-fuer-ein-glas\" \/>\n<meta property=\"og:site_name\" content=\"Nh\u00e0 May M\u1eafn - Maison Chance\" \/>\n<meta property=\"article:publisher\" content=\"https:\/\/www.facebook.com\/dnxh.nhamayman\/\" \/>\n<meta property=\"article:modified_time\" content=\"2025-07-14T04:50:18+00:00\" \/>\n<meta property=\"og:image\" content=\"https:\/\/maison-chance.org\/shop\/wp-content\/uploads\/2024\/03\/de-lot-ly-01.jpg\" \/>\n\t<meta property=\"og:image:width\" content=\"600\" \/>\n\t<meta property=\"og:image:height\" content=\"600\" \/>\n\t<meta property=\"og:image:type\" content=\"image\/jpeg\" \/>\n<meta name=\"twitter:card\" content=\"summary_large_image\" \/>\n<meta name=\"twitter:label1\" content=\"Preis\" \/>\n\t<meta name=\"twitter:data1\" content=\"&euro;16.74\" \/>\n\t<meta name=\"twitter:label2\" content=\"Verf\u00fcgbarkeit\" \/>\n\t<meta name=\"twitter:data2\" content=\"Auf Lager\" \/>\n<script type=\"application\/ld+json\" class=\"yoast-schema-graph\">{\"@context\":\"https:\/\/schema.org\",\"@graph\":[{\"@type\":\"WebPage\",\"@id\":\"https:\/\/maison-chance.org\/shop\/de\/produkt\/steinuntersetzer-fuer-ein-glas\",\"url\":\"https:\/\/maison-chance.org\/shop\/de\/produkt\/steinuntersetzer-fuer-ein-glas\",\"name\":\"Steinuntersetzer f\u00fcr ein Glas - Nh\u00e0 May M\u1eafn - Maison Chance\",\"isPartOf\":{\"@id\":\"https:\/\/maison-chance.org\/shop\/de#website\"},\"primaryImageOfPage\":{\"@id\":\"https:\/\/maison-chance.org\/shop\/de\/produkt\/steinuntersetzer-fuer-ein-glas#primaryimage\"},\"image\":{\"@id\":\"https:\/\/maison-chance.org\/shop\/de\/produkt\/steinuntersetzer-fuer-ein-glas#primaryimage\"},\"thumbnailUrl\":\"https:\/\/maison-chance.org\/shop\/wp-content\/uploads\/2024\/03\/de-lot-ly-01.jpg\",\"datePublished\":\"2024-03-09T04:58:19+00:00\",\"dateModified\":\"2025-07-14T04:50:18+00:00\",\"description\":\"Maison Chance is pleased to introduce our stone coaster set, a unique handcrafted product with humanitarian significance, created by disabled individuals in the Maison Chance community.\",\"breadcrumb\":{\"@id\":\"https:\/\/maison-chance.org\/shop\/de\/produkt\/steinuntersetzer-fuer-ein-glas#breadcrumb\"},\"inLanguage\":\"de\",\"potentialAction\":[{\"@type\":\"ReadAction\",\"target\":[\"https:\/\/maison-chance.org\/shop\/de\/produkt\/steinuntersetzer-fuer-ein-glas\"]}]},{\"@type\":\"ImageObject\",\"inLanguage\":\"de\",\"@id\":\"https:\/\/maison-chance.org\/shop\/de\/produkt\/steinuntersetzer-fuer-ein-glas#primaryimage\",\"url\":\"https:\/\/maison-chance.org\/shop\/wp-content\/uploads\/2024\/03\/de-lot-ly-01.jpg\",\"contentUrl\":\"https:\/\/maison-chance.org\/shop\/wp-content\/uploads\/2024\/03\/de-lot-ly-01.jpg\",\"width\":600,\"height\":600,\"caption\":\"Steinuntersetzer f\u00fcr ein Glas\"},{\"@type\":\"BreadcrumbList\",\"@id\":\"https:\/\/maison-chance.org\/shop\/de\/produkt\/steinuntersetzer-fuer-ein-glas#breadcrumb\",\"itemListElement\":[{\"@type\":\"ListItem\",\"position\":1,\"name\":\"Trang ch\u1ee7\",\"item\":\"https:\/\/maison-chance.org\/shop\/de\"},{\"@type\":\"ListItem\",\"position\":2,\"name\":\"Shop\",\"item\":\"https:\/\/maison-chance.org\/shop\/shop\"},{\"@type\":\"ListItem\",\"position\":3,\"name\":\"Steinuntersetzer f\u00fcr ein Glas\"}]},{\"@type\":\"WebSite\",\"@id\":\"https:\/\/maison-chance.org\/shop\/de#website\",\"url\":\"https:\/\/maison-chance.org\/shop\/de\",\"name\":\"Nh\u00e0 May M\u1eafn - Maison Chance\",\"description\":\"M\u1ecdi l\u1ee3i nhu\u1eadn thu v\u1ec1 t\u1eeb vi\u1ec7c b\u00e1n h\u00e0ng s\u1ebd tr\u00edch m\u1ed9t ph\u1ea7n \u0111\u1ec3 ch\u0103m lo cho \u0111\u1eddi s\u1ed1ng c\u00e1c b\u1ea1n khuy\u1ebft t\u1eadt v\u00e0 tr\u1ebb m\u1ed3 c\u00f4i \u1edf \u0111\u00e2y\",\"publisher\":{\"@id\":\"https:\/\/maison-chance.org\/shop\/de#organization\"},\"potentialAction\":[{\"@type\":\"SearchAction\",\"target\":{\"@type\":\"EntryPoint\",\"urlTemplate\":\"https:\/\/maison-chance.org\/shop\/de?s={search_term_string}\"},\"query-input\":{\"@type\":\"PropertyValueSpecification\",\"valueRequired\":true,\"valueName\":\"search_term_string\"}}],\"inLanguage\":\"de\"},{\"@type\":\"Organization\",\"@id\":\"https:\/\/maison-chance.org\/shop\/de#organization\",\"name\":\"Nh\u00e0 May M\u1eafn - Maison Chance\",\"url\":\"https:\/\/maison-chance.org\/shop\/de\",\"logo\":{\"@type\":\"ImageObject\",\"inLanguage\":\"de\",\"@id\":\"https:\/\/maison-chance.org\/shop\/de#\/schema\/logo\/image\/\",\"url\":\"https:\/\/maison-chance.org\/shop\/wp-content\/uploads\/2024\/03\/cropped-Logo_DNXH.png\",\"contentUrl\":\"https:\/\/maison-chance.org\/shop\/wp-content\/uploads\/2024\/03\/cropped-Logo_DNXH.png\",\"width\":512,\"height\":512,\"caption\":\"Nh\u00e0 May M\u1eafn - Maison Chance\"},\"image\":{\"@id\":\"https:\/\/maison-chance.org\/shop\/de#\/schema\/logo\/image\/\"},\"sameAs\":[\"https:\/\/www.facebook.com\/dnxh.nhamayman\/\"]}]}<\/script>\n<meta property=\"product:price:amount\" content=\"16.74\" \/>\n<meta property=\"product:price:currency\" content=\"EUR\" \/>\n<meta property=\"og:availability\" content=\"instock\" \/>\n<meta property=\"product:availability\" content=\"instock\" \/>\n<meta property=\"product:condition\" content=\"new\" \/>\n<!-- \/ Yoast SEO Premium plugin. -->","yoast_head_json":{"title":"Steinuntersetzer f\u00fcr ein Glas - Nh\u00e0 May M\u1eafn - Maison Chance","description":"Maison Chance is pleased to introduce our stone coaster set, a unique handcrafted product with humanitarian significance, created by disabled individuals in the Maison Chance community.","robots":{"index":"index","follow":"follow","max-snippet":"max-snippet:-1","max-image-preview":"max-image-preview:large","max-video-preview":"max-video-preview:-1"},"canonical":"https:\/\/maison-chance.org\/shop\/de\/produkt\/steinuntersetzer-fuer-ein-glas","og_locale":"de_DE","og_type":"article","og_title":"Steinuntersetzer f\u00fcr ein Glas","og_description":"Maison Chance is pleased to introduce our stone coaster set, a unique handcrafted product with humanitarian significance, created by disabled individuals in the Maison Chance community.","og_url":"https:\/\/maison-chance.org\/shop\/de\/produkt\/steinuntersetzer-fuer-ein-glas","og_site_name":"Nh\u00e0 May M\u1eafn - Maison Chance","article_publisher":"https:\/\/www.facebook.com\/dnxh.nhamayman\/","article_modified_time":"2025-07-14T04:50:18+00:00","og_image":[{"width":600,"height":600,"url":"https:\/\/maison-chance.org\/shop\/wp-content\/uploads\/2024\/03\/de-lot-ly-01.jpg","type":"image\/jpeg"}],"twitter_card":"summary_large_image","twitter_misc":{"Preis":"&euro;16.74","Verf\u00fcgbarkeit":"Auf Lager"},"schema":{"@context":"https:\/\/schema.org","@graph":[{"@type":"WebPage","@id":"https:\/\/maison-chance.org\/shop\/de\/produkt\/steinuntersetzer-fuer-ein-glas","url":"https:\/\/maison-chance.org\/shop\/de\/produkt\/steinuntersetzer-fuer-ein-glas","name":"Steinuntersetzer f\u00fcr ein Glas - Nh\u00e0 May M\u1eafn - Maison Chance","isPartOf":{"@id":"https:\/\/maison-chance.org\/shop\/de#website"},"primaryImageOfPage":{"@id":"https:\/\/maison-chance.org\/shop\/de\/produkt\/steinuntersetzer-fuer-ein-glas#primaryimage"},"image":{"@id":"https:\/\/maison-chance.org\/shop\/de\/produkt\/steinuntersetzer-fuer-ein-glas#primaryimage"},"thumbnailUrl":"https:\/\/maison-chance.org\/shop\/wp-content\/uploads\/2024\/03\/de-lot-ly-01.jpg","datePublished":"2024-03-09T04:58:19+00:00","dateModified":"2025-07-14T04:50:18+00:00","description":"Maison Chance is pleased to introduce our stone coaster set, a unique handcrafted product with humanitarian significance, created by disabled individuals in the Maison Chance community.","breadcrumb":{"@id":"https:\/\/maison-chance.org\/shop\/de\/produkt\/steinuntersetzer-fuer-ein-glas#breadcrumb"},"inLanguage":"de","potentialAction":[{"@type":"ReadAction","target":["https:\/\/maison-chance.org\/shop\/de\/produkt\/steinuntersetzer-fuer-ein-glas"]}]},{"@type":"ImageObject","inLanguage":"de","@id":"https:\/\/maison-chance.org\/shop\/de\/produkt\/steinuntersetzer-fuer-ein-glas#primaryimage","url":"https:\/\/maison-chance.org\/shop\/wp-content\/uploads\/2024\/03\/de-lot-ly-01.jpg","contentUrl":"https:\/\/maison-chance.org\/shop\/wp-content\/uploads\/2024\/03\/de-lot-ly-01.jpg","width":600,"height":600,"caption":"Steinuntersetzer f\u00fcr ein Glas"},{"@type":"BreadcrumbList","@id":"https:\/\/maison-chance.org\/shop\/de\/produkt\/steinuntersetzer-fuer-ein-glas#breadcrumb","itemListElement":[{"@type":"ListItem","position":1,"name":"Trang ch\u1ee7","item":"https:\/\/maison-chance.org\/shop\/de"},{"@type":"ListItem","position":2,"name":"Shop","item":"https:\/\/maison-chance.org\/shop\/shop"},{"@type":"ListItem","position":3,"name":"Steinuntersetzer f\u00fcr ein Glas"}]},{"@type":"WebSite","@id":"https:\/\/maison-chance.org\/shop\/de#website","url":"https:\/\/maison-chance.org\/shop\/de","name":"Nh\u00e0 May M\u1eafn - Maison Chance","description":"M\u1ecdi l\u1ee3i nhu\u1eadn thu v\u1ec1 t\u1eeb vi\u1ec7c b\u00e1n h\u00e0ng s\u1ebd tr\u00edch m\u1ed9t ph\u1ea7n \u0111\u1ec3 ch\u0103m lo cho \u0111\u1eddi s\u1ed1ng c\u00e1c b\u1ea1n khuy\u1ebft t\u1eadt v\u00e0 tr\u1ebb m\u1ed3 c\u00f4i \u1edf \u0111\u00e2y","publisher":{"@id":"https:\/\/maison-chance.org\/shop\/de#organization"},"potentialAction":[{"@type":"SearchAction","target":{"@type":"EntryPoint","urlTemplate":"https:\/\/maison-chance.org\/shop\/de?s={search_term_string}"},"query-input":{"@type":"PropertyValueSpecification","valueRequired":true,"valueName":"search_term_string"}}],"inLanguage":"de"},{"@type":"Organization","@id":"https:\/\/maison-chance.org\/shop\/de#organization","name":"Nh\u00e0 May M\u1eafn - Maison Chance","url":"https:\/\/maison-chance.org\/shop\/de","logo":{"@type":"ImageObject","inLanguage":"de","@id":"https:\/\/maison-chance.org\/shop\/de#\/schema\/logo\/image\/","url":"https:\/\/maison-chance.org\/shop\/wp-content\/uploads\/2024\/03\/cropped-Logo_DNXH.png","contentUrl":"https:\/\/maison-chance.org\/shop\/wp-content\/uploads\/2024\/03\/cropped-Logo_DNXH.png","width":512,"height":512,"caption":"Nh\u00e0 May M\u1eafn - Maison Chance"},"image":{"@id":"https:\/\/maison-chance.org\/shop\/de#\/schema\/logo\/image\/"},"sameAs":["https:\/\/www.facebook.com\/dnxh.nhamayman\/"]}]},"product_price_amount":"16.74","product_price_currency":"EUR","og_availability":"instock","product_availability":"instock","product_condition":"new"},"_links":{"self":[{"href":"https:\/\/maison-chance.org\/shop\/de\/wp-json\/wp\/v2\/product\/30675","targetHints":{"allow":["GET"]}}],"collection":[{"href":"https:\/\/maison-chance.org\/shop\/de\/wp-json\/wp\/v2\/product"}],"about":[{"href":"https:\/\/maison-chance.org\/shop\/de\/wp-json\/wp\/v2\/types\/product"}],"wp:featuredmedia":[{"embeddable":true,"href":"https:\/\/maison-chance.org\/shop\/de\/wp-json\/wp\/v2\/media\/30671"}],"wp:attachment":[{"href":"https:\/\/maison-chance.org\/shop\/de\/wp-json\/wp\/v2\/media?parent=30675"}],"wp:term":[{"taxonomy":"product_brand","embeddable":true,"href":"https:\/\/maison-chance.org\/shop\/de\/wp-json\/wp\/v2\/product_brand?post=30675"},{"taxonomy":"product_cat","embeddable":true,"href":"https:\/\/maison-chance.org\/shop\/de\/wp-json\/wp\/v2\/product_cat?post=30675"},{"taxonomy":"product_tag","embeddable":true,"href":"https:\/\/maison-chance.org\/shop\/de\/wp-json\/wp\/v2\/product_tag?post=30675"}],"curies":[{"name":"wp","href":"https:\/\/api.w.org\/{rel}","templated":true}]}}