{"id":31510,"date":"2024-03-27T17:44:03","date_gmt":"2024-03-27T10:44:03","guid":{"rendered":"https:\/\/maison-chance.org\/shop\/san-pham\/entkernte-cashewnuesse-auf-deutsch"},"modified":"2024-11-06T14:12:48","modified_gmt":"2024-11-06T07:12:48","slug":"entkernte-cashewnuesse-auf-deutsch","status":"publish","type":"product","link":"https:\/\/maison-chance.org\/shop\/de\/produkt\/entkernte-cashewnuesse-auf-deutsch","title":{"rendered":"Entkernte Cashewn\u00fcsse&#8220; auf Deutsch"},"content":{"rendered":"<h2 style=\"text-align: justify;\">Was sind Macadamia-N\u00fcsse oder Macadamia-N\u00fcsse?<\/h2>\n<p style=\"text-align: justify;\">Macadamia-N\u00fcsse oder Macadamia-N\u00fcsse sind die Samen des Macadamia-Baumes, einer weit verbreiteten Pflanzenart aus Australien. Es sind N\u00fcsse mit brauner harter Schale, einem etwa 3 cm gro\u00dfen Kern mit wei\u00dfem, s\u00fc\u00dfem Geschmack. Sie werden heute in verschiedene L\u00e4nder importiert und dort angebaut, einschlie\u00dflich Vietnam.<\/p>\n<p style=\"text-align: justify;\">Diese N\u00fcsse enthalten viele gute Fette, die ben\u00f6tigt werden, um das schlechte Cholesterin zu senken und den Gehalt an gutem Cholesterin zu erh\u00f6hen, was ein gesundes Herz-Kreislauf-System unterst\u00fctzt und Arterienverstopfungen vorbeugt.<\/p>\n<p style=\"text-align: justify;\">Macadamia-N\u00fcsse sind auch die einzige Nusssorte, die Palmitoleins\u00e4ure enth\u00e4lt, die dabei hilft, Fett zu verbrennen und den Appetit zu kontrollieren. Dies hilft Ihnen, weniger zu essen und unterst\u00fctzt effektives Abnehmen. Macadamia enth\u00e4lt auch viele antioxidative Verbindungen, essenzielle Mineralstoffe f\u00fcr den Stoffwechsel, die dazu beitragen, Ihr Ged\u00e4chtnis und Ihre Haut zu verbessern. Au\u00dferdem ist Macadamia auch f\u00fcr Schwangere sehr vorteilhaft.<\/p>\n<h2 style=\"text-align: justify;\">Macadamian\u00fcsse sch\u00fctzen und st\u00e4rken das Herz-Kreislauf-System<\/h2>\n<p style=\"text-align: justify;\">Die unges\u00e4ttigten Fette in Macadamian\u00fcssen sind nachgewiesenerma\u00dfen gute Fette, die die Herzgesundheit verbessern, das schlechte Cholesterin senken und das gute Cholesterin erh\u00f6hen.<\/p>\n<p style=\"text-align: justify;\">Importierte Macadamian\u00fcsse aus Australien enthalten \u00fcberhaupt kein Cholesterin. Der Proteingehalt im Kern betr\u00e4gt bis zu 9,2%, bestehend aus 20 Aminos\u00e4uren, darunter 8 Aminos\u00e4uren, die f\u00fcr den menschlichen K\u00f6rper essentiell sind.<\/p>\n<p style=\"text-align: justify;\">Diese Bestandteile helfen dabei, Arterienverstopfungen zu verhindern, die das Risiko eines Schlaganfalls erh\u00f6hen.<\/p>\n<p style=\"text-align: justify;\">Macadamian\u00fcsse enthalten auch eine Aminos\u00e4ure namens Arginin, die die Flexibilit\u00e4t der Blutgef\u00e4\u00dfe verbessert. Die antioxidativen Verbindungen in Macadamian\u00fcssen bieten auch viele Vorteile f\u00fcr Ihr Herz-Kreislauf-System.<\/p>\n<p style=\"text-align: justify;\">Tats\u00e4chlich kann der Verzehr von 10 bis 15 Macadamian\u00fcssen pro Tag das Risiko von Herz-Kreislauf-Erkrankungen um 50% reduzieren. Diese Zahl ist signifikant, da sie Ihnen helfen kann, sich vor dieser Volkskrankheit zu sch\u00fctzen.<\/p>\n<h2 style=\"text-align: justify;\">Macadamian\u00fcsse sind gut f\u00fcr Frauen und Kinder<\/h2>\n<p style=\"text-align: justify;\">Wie bereits erw\u00e4hnt, besteht der Hauptbestandteil von Macadamian\u00fcssen haupts\u00e4chlich aus unges\u00e4ttigten Fetten &#8211; haupts\u00e4chlich Omega-3, einer Art von Fetts\u00e4ure, die \u00e4u\u00dferst wichtig f\u00fcr die Gehirnentwicklung von Kleinkindern sowie f\u00fcr viele K\u00f6rperfunktionen ist.<\/p>\n<p style=\"text-align: justify;\">Macadamian\u00fcsse enthalten nicht nur viel Omega-3, sondern auch viele Vitamine, wichtige Spurenelemente wie Kupfer, Eisen, Mangan&#8230; die f\u00fcr die Entwicklung von Schwangeren und Kindern unerl\u00e4sslich sind.<\/p>\n<p style=\"text-align: justify;\">Macadamian\u00fcsse enthalten viele Proteine und Ballaststoffe, die eine reichhaltige Energiequelle mit einem doppelten Kaloriengehalt im Vergleich zu anderen N\u00fcssen bieten, was sicherstellt, dass schwangere M\u00fctter sich stets voll f\u00fchlen und ausreichend N\u00e4hrstoffe erhalten, um das Verlangen nach ungesunden Snacks zu vermeiden.<\/p>\n<p style=\"text-align: justify;\">Schwangere Frauen, die Macadamian\u00fcsse essen, reduzieren das Risiko von Verstopfung w\u00e4hrend der Schwangerschaft und sorgen dennoch f\u00fcr eine abwechslungsreiche Ern\u00e4hrung und tragen zur Energieversorgung des F\u00f6tus bei.<\/p>\n<h2 style=\"text-align: justify;\">Macadamian\u00fcsse sind gut f\u00fcr Menschen mit Diabetes<\/h2>\n<p style=\"text-align: justify;\">Macadamian\u00fcsse werden als Lebensmittel mit einem niedrigen glyk\u00e4mischen Index (GI) bewertet, was bedeutet, dass ihr Blutzuckerspiegel langsamer steigt als bei anderen Lebensmitteln. Dies ist ein positives Zeichen daf\u00fcr, dass Diabetiker Macadamian\u00fcsse bedenkenlos essen k\u00f6nnen.<\/p>\n<p style=\"text-align: justify;\">Proteine, Ballaststoffe und Fette in Macadamian\u00fcssen erzeugen ein S\u00e4ttigungsgef\u00fchl, das Diabetikern hilft, das Verlangen nach Snacks zu vermeiden, insbesondere nach S\u00fc\u00dfigkeiten, was das Risiko f\u00fcr Diabetes verschlechtern k\u00f6nnte.<\/p>\n<h2 style=\"text-align: justify;\">Macadamian\u00fcsse sind geeignet f\u00fcr Di\u00e4tende<\/h2>\n<p style=\"text-align: justify;\">Macadamian\u00fcsse liefern eine geringe Menge an Kohlenhydraten und enthalten gleichzeitig viele Palmitoleins\u00e4uren, Omega-7-Fetts\u00e4uren, die die Fettverbrennung kontrollieren und die Fettaufnahme im K\u00f6rper regulieren.<\/p>\n<p style=\"text-align: justify;\">Die hohe Menge an Proteinen und Ballaststoffen kann das Hungergef\u00fchl einschr\u00e4nken und ein S\u00e4ttigungsgef\u00fchl erzeugen, weshalb sie f\u00fcr Di\u00e4tende sehr geeignet sind.<\/p>\n<h2 style=\"text-align: justify;\">Macadamian\u00fcsse liefern reichlich Ballaststoffe<\/h2>\n<p style=\"text-align: justify;\">Ballaststoffe ist ein Begriff f\u00fcr Kohlenhydrate, die im Magen-Darm-Trakt enzymresistent sind und daher in den Verdauungstrakt gelangen, wo sie das Wachstum von Darmbakterien und vorteilhaften physiologischen Prozessen f\u00f6rdern.<\/p>\n<p style=\"text-align: justify;\">Die in Macadamian\u00fcssen enthaltenen Ballaststoffe sind haupts\u00e4chlich in den Zellw\u00e4nden des Kerns zu finden. 100g Macadamian\u00fcsse liefern 8,6g oder 23% der empfohlenen t\u00e4glichen Ballaststoffzufuhr.<\/p>\n<h2 style=\"text-align: justify;\">Macadamian\u00fcsse haben eine hautsch\u00f6nende Wirkung<\/h2>\n<p style=\"text-align: justify;\">Neben den gro\u00dfen Beitr\u00e4gen zur Gastronomie ist Macadamianuss auch ein hochwertiges Sch\u00f6nheitsprodukt mit einem reichen Gehalt an antioxidativen Stoffen.<\/p>\n<p style=\"text-align: justify;\">Macadamian\u00fcsse enthalten einen hohen Anteil an der f\u00fcr die Haut sehr guten Fetts\u00e4ure Palmitoleins\u00e4ure, die etwa 22% der Omega-7-Fetts\u00e4uren Palmitoleins\u00e4ure enth\u00e4lt.<\/p>\n<p style=\"text-align: justify;\">Je \u00e4lter man wird, desto weniger Palmitoleins\u00e4ure befindet sich im K\u00f6rper. Der Verzehr von Macadamian\u00fcssen ist eine M\u00f6glichkeit, nat\u00fcrliches Palmitolein und antioxidative Stoffe zu erg\u00e4nzen, die den Alterungsprozess verlangsamen und die Frische der Haut, Haare und N\u00e4gel erhalten.<\/p>\n<h2 style=\"text-align: justify;\">Macadamian\u00fcsse bereichern auch den Geschmack in der Gastronomie<\/h2>\n<p style=\"text-align: justify;\">Als K\u00f6nigin der Trockenfr\u00fcchte bevorzugt, werden Macadamian\u00fcsse in der Gastronomie h\u00e4ufig verwendet, um den Geschmack von Gerichten zu bereichern, insbesondere von s\u00fc\u00dfen Speisen und Salaten im Westen.<\/p>\n<p style=\"text-align: justify;\">Urspr\u00fcnglich aus Australien stammend und dann in den Westen exportiert, wurden Macadamian\u00fcsse schnell zum Favoriten auf den Tischen der Adelsfamilien und in luxuri\u00f6sen Mahlzeiten wegen ihres reichen, knackigen und anziehenden Geschmacks.<\/p>\n<p style=\"text-align: justify;\">Nicht nur als Snack attraktiv, Macadamian\u00fcsse werden auch in Gerichten wie gebratenen oder ger\u00f6steten Speisen, mit Honig glasiert oder in Suppen verwendet, um neue und attraktive Geschmacksrichtungen zu erzeugen und den Wert der Gerichte zu steigern.<\/p>\n<p style=\"text-align: justify;\">Macadamianuss\u00f6l, wie bereits erw\u00e4hnt, wird nicht nur wegen seiner pflegenden Wirkung auf die Haut verwendet, sondern auch von ber\u00fchmten K\u00f6chen auf der ganzen Welt gesch\u00e4tzt. Mit einem hohen Rauchpunkt und reich an Antioxidantien ist Macadamianuss\u00f6l eine erstklassige Wahl f\u00fcr die Gesundheit der Verbraucher.<\/p>\n<p style=\"text-align: justify;\">Neben all diesen Gr\u00fcnden ist Macadamianuss auch deshalb teuer, weil die Ertr\u00e4ge der Macadamianussb\u00e4ume sehr niedrig sind, nur etwa ein Drittel der Ertr\u00e4ge anderer Nussb\u00e4ume.<\/p>\n<p style=\"text-align: justify;\">In Vietnam, obwohl sie angebaut werden k\u00f6nnen, sind die Ertr\u00e4ge gering und die Qualit\u00e4t ist ungleichm\u00e4\u00dfig. Es dauert 5-7 Jahre, bis die B\u00e4ume die erste Ernte hervorbringen, weshalb Macadamian\u00fcsse zu einer teuren Nusssorte werden, die dennoch immer beliebter wird.<\/p>\n<p style=\"text-align: justify;\">Trotz all dieser Gr\u00fcnde, nachdem Sie einmal Macadamian\u00fcsse probiert haben, werden Sie feststellen, dass es sich um ein ausgezeichnetes Lebensmittel handelt, das jeden Cent wert ist.<\/p>\n","protected":false},"excerpt":{"rendered":"<p style=\"text-align: justify;\">&#8211; Nettogewicht: 500 Gramm<br \/>\n&#8211; Typ: Entkernte Cashewn\u00fcsse<br \/>\n&#8211; Haltbarkeit: 6 Monate<br \/>\n&#8211; Lagerung: Nach dem Verbrauch die Flasche gut verschlie\u00dfen und an einem k\u00fchlen Ort aufbewahren.<br \/>\n&#8211; Entkernte Cashewn\u00fcsse werden haupts\u00e4chlich als Lebensmittel verwendet, entweder direkt verzehrt oder in Kombination mit s\u00fc\u00dfen Geb\u00e4ckst\u00fccken oder Salaten. Cashewn\u00fcsse werden auch in der Sch\u00f6nheitspflege eingesetzt, da sie wertvolle antioxidative Substanzen enthalten und beim Abnehmen helfen.<\/p>\n<p style=\"text-align: justify;\"><strong>Hinweis<\/strong>: Dieses Produkt ist derzeit nur auf dem vietnamesischen Markt erh\u00e4ltlich. Wenn Sie sich derzeit in Vietnam befinden und einen Kauf w\u00fcnschen, kontaktieren Sie uns bitte \u00fcber unsere Fanpage: <a href=\"https:\/\/www.facebook.com\/dnxh.nhamayman\">facebook.com\/dnxh.nhamayman<\/a> oder unsere Hotline: <span style=\"font-size: 20px;\"><strong><span style=\"color: #ff0000;\">0909 06 25 28<\/span><\/strong><\/span>. Vielen herzlichen Dank!<\/p>\n","protected":false},"featured_media":31506,"template":"","meta":[],"product_brand":[],"product_cat":[205,202],"product_tag":[],"class_list":{"0":"post-31510","1":"product","2":"type-product","3":"status-publish","4":"has-post-thumbnail","6":"product_cat-getrocknete-landwirtschaftliche-produkte","7":"product_cat-landwirtschaftliche-produkte-aus-dak-nong","9":"first","10":"outofstock","11":"shipping-taxable","12":"purchasable","13":"product-type-simple"},"yoast_head":"<!-- This site is optimized with the Yoast SEO Premium plugin v22.7 (Yoast SEO v25.3.1) - https:\/\/yoast.com\/wordpress\/plugins\/seo\/ -->\n<title>Entkernte Cashewn\u00fcsse&quot; auf Deutsch - Nh\u00e0 May M\u1eafn - Maison Chance<\/title>\n<meta name=\"description\" content=\"Die Soziale Unternehmen Nha May Man bietet derzeit verschiedene landwirtschaftliche Produkte wie gesch\u00e4lte Macadamia-N\u00fcsse aus der Provinz Dak Nong, Vietnam, an und garantiert Lebensmittelsicherheit.\" \/>\n<meta name=\"robots\" content=\"index, follow, max-snippet:-1, max-image-preview:large, max-video-preview:-1\" \/>\n<link rel=\"canonical\" href=\"https:\/\/maison-chance.org\/shop\/de\/produkt\/entkernte-cashewnuesse-auf-deutsch\" \/>\n<meta property=\"og:locale\" content=\"de_DE\" \/>\n<meta property=\"og:type\" content=\"article\" \/>\n<meta property=\"og:title\" content=\"Entkernte Cashewn\u00fcsse&quot; auf Deutsch\" \/>\n<meta property=\"og:description\" content=\"Die Soziale Unternehmen Nha May Man bietet derzeit verschiedene landwirtschaftliche Produkte wie gesch\u00e4lte Macadamia-N\u00fcsse aus der Provinz Dak Nong, Vietnam, an und garantiert Lebensmittelsicherheit.\" \/>\n<meta property=\"og:url\" content=\"https:\/\/maison-chance.org\/shop\/de\/produkt\/entkernte-cashewnuesse-auf-deutsch\" \/>\n<meta property=\"og:site_name\" content=\"Nh\u00e0 May M\u1eafn - Maison Chance\" \/>\n<meta property=\"article:publisher\" content=\"https:\/\/www.facebook.com\/dnxh.nhamayman\/\" \/>\n<meta property=\"article:modified_time\" content=\"2024-11-06T07:12:48+00:00\" \/>\n<meta property=\"og:image\" content=\"https:\/\/maison-chance.org\/shop\/wp-content\/uploads\/2024\/03\/hat-mac-ca.jpg\" \/>\n\t<meta property=\"og:image:width\" content=\"1000\" \/>\n\t<meta property=\"og:image:height\" content=\"1000\" \/>\n\t<meta property=\"og:image:type\" content=\"image\/jpeg\" \/>\n<meta name=\"twitter:card\" content=\"summary_large_image\" \/>\n<meta name=\"twitter:label1\" content=\"Preis\" \/>\n\t<meta name=\"twitter:data1\" content=\"&euro;8.65\" \/>\n\t<meta name=\"twitter:label2\" content=\"Verf\u00fcgbarkeit\" \/>\n\t<meta name=\"twitter:data2\" content=\"ausverkauft\" \/>\n<script type=\"application\/ld+json\" class=\"yoast-schema-graph\">{\"@context\":\"https:\/\/schema.org\",\"@graph\":[{\"@type\":\"WebPage\",\"@id\":\"https:\/\/maison-chance.org\/shop\/de\/produkt\/entkernte-cashewnuesse-auf-deutsch\",\"url\":\"https:\/\/maison-chance.org\/shop\/de\/produkt\/entkernte-cashewnuesse-auf-deutsch\",\"name\":\"Entkernte Cashewn\u00fcsse\\\" auf Deutsch - Nh\u00e0 May M\u1eafn - Maison Chance\",\"isPartOf\":{\"@id\":\"https:\/\/maison-chance.org\/shop\/de#website\"},\"primaryImageOfPage\":{\"@id\":\"https:\/\/maison-chance.org\/shop\/de\/produkt\/entkernte-cashewnuesse-auf-deutsch#primaryimage\"},\"image\":{\"@id\":\"https:\/\/maison-chance.org\/shop\/de\/produkt\/entkernte-cashewnuesse-auf-deutsch#primaryimage\"},\"thumbnailUrl\":\"https:\/\/maison-chance.org\/shop\/wp-content\/uploads\/2024\/03\/hat-mac-ca.jpg\",\"datePublished\":\"2024-03-27T10:44:03+00:00\",\"dateModified\":\"2024-11-06T07:12:48+00:00\",\"description\":\"Die Soziale Unternehmen Nha May Man bietet derzeit verschiedene landwirtschaftliche Produkte wie gesch\u00e4lte Macadamia-N\u00fcsse aus der Provinz Dak Nong, Vietnam, an und garantiert Lebensmittelsicherheit.\",\"breadcrumb\":{\"@id\":\"https:\/\/maison-chance.org\/shop\/de\/produkt\/entkernte-cashewnuesse-auf-deutsch#breadcrumb\"},\"inLanguage\":\"de\",\"potentialAction\":[{\"@type\":\"ReadAction\",\"target\":[\"https:\/\/maison-chance.org\/shop\/de\/produkt\/entkernte-cashewnuesse-auf-deutsch\"]}]},{\"@type\":\"ImageObject\",\"inLanguage\":\"de\",\"@id\":\"https:\/\/maison-chance.org\/shop\/de\/produkt\/entkernte-cashewnuesse-auf-deutsch#primaryimage\",\"url\":\"https:\/\/maison-chance.org\/shop\/wp-content\/uploads\/2024\/03\/hat-mac-ca.jpg\",\"contentUrl\":\"https:\/\/maison-chance.org\/shop\/wp-content\/uploads\/2024\/03\/hat-mac-ca.jpg\",\"width\":1000,\"height\":1000,\"caption\":\"Entkernte Cashewn\u00fcsse\\\" auf Deutsch\"},{\"@type\":\"BreadcrumbList\",\"@id\":\"https:\/\/maison-chance.org\/shop\/de\/produkt\/entkernte-cashewnuesse-auf-deutsch#breadcrumb\",\"itemListElement\":[{\"@type\":\"ListItem\",\"position\":1,\"name\":\"Trang ch\u1ee7\",\"item\":\"https:\/\/maison-chance.org\/shop\/de\"},{\"@type\":\"ListItem\",\"position\":2,\"name\":\"Shop\",\"item\":\"https:\/\/maison-chance.org\/shop\/shop\"},{\"@type\":\"ListItem\",\"position\":3,\"name\":\"Entkernte Cashewn\u00fcsse&#8221; auf Deutsch\"}]},{\"@type\":\"WebSite\",\"@id\":\"https:\/\/maison-chance.org\/shop\/de#website\",\"url\":\"https:\/\/maison-chance.org\/shop\/de\",\"name\":\"Nh\u00e0 May M\u1eafn - Maison Chance\",\"description\":\"M\u1ecdi l\u1ee3i nhu\u1eadn thu v\u1ec1 t\u1eeb vi\u1ec7c b\u00e1n h\u00e0ng s\u1ebd tr\u00edch m\u1ed9t ph\u1ea7n \u0111\u1ec3 ch\u0103m lo cho \u0111\u1eddi s\u1ed1ng c\u00e1c b\u1ea1n khuy\u1ebft t\u1eadt v\u00e0 tr\u1ebb m\u1ed3 c\u00f4i \u1edf \u0111\u00e2y\",\"publisher\":{\"@id\":\"https:\/\/maison-chance.org\/shop\/de#organization\"},\"potentialAction\":[{\"@type\":\"SearchAction\",\"target\":{\"@type\":\"EntryPoint\",\"urlTemplate\":\"https:\/\/maison-chance.org\/shop\/de?s={search_term_string}\"},\"query-input\":{\"@type\":\"PropertyValueSpecification\",\"valueRequired\":true,\"valueName\":\"search_term_string\"}}],\"inLanguage\":\"de\"},{\"@type\":\"Organization\",\"@id\":\"https:\/\/maison-chance.org\/shop\/de#organization\",\"name\":\"Nh\u00e0 May M\u1eafn - Maison Chance\",\"url\":\"https:\/\/maison-chance.org\/shop\/de\",\"logo\":{\"@type\":\"ImageObject\",\"inLanguage\":\"de\",\"@id\":\"https:\/\/maison-chance.org\/shop\/de#\/schema\/logo\/image\/\",\"url\":\"https:\/\/maison-chance.org\/shop\/wp-content\/uploads\/2024\/03\/cropped-Logo_DNXH.png\",\"contentUrl\":\"https:\/\/maison-chance.org\/shop\/wp-content\/uploads\/2024\/03\/cropped-Logo_DNXH.png\",\"width\":512,\"height\":512,\"caption\":\"Nh\u00e0 May M\u1eafn - Maison Chance\"},\"image\":{\"@id\":\"https:\/\/maison-chance.org\/shop\/de#\/schema\/logo\/image\/\"},\"sameAs\":[\"https:\/\/www.facebook.com\/dnxh.nhamayman\/\"]}]}<\/script>\n<meta property=\"product:price:amount\" content=\"8.65\" \/>\n<meta property=\"product:price:currency\" content=\"EUR\" \/>\n<meta property=\"og:availability\" content=\"out of stock\" \/>\n<meta property=\"product:availability\" content=\"out of stock\" \/>\n<meta property=\"product:condition\" content=\"new\" \/>\n<!-- \/ Yoast SEO Premium plugin. -->","yoast_head_json":{"title":"Entkernte Cashewn\u00fcsse\" auf Deutsch - Nh\u00e0 May M\u1eafn - Maison Chance","description":"Die Soziale Unternehmen Nha May Man bietet derzeit verschiedene landwirtschaftliche Produkte wie gesch\u00e4lte Macadamia-N\u00fcsse aus der Provinz Dak Nong, Vietnam, an und garantiert Lebensmittelsicherheit.","robots":{"index":"index","follow":"follow","max-snippet":"max-snippet:-1","max-image-preview":"max-image-preview:large","max-video-preview":"max-video-preview:-1"},"canonical":"https:\/\/maison-chance.org\/shop\/de\/produkt\/entkernte-cashewnuesse-auf-deutsch","og_locale":"de_DE","og_type":"article","og_title":"Entkernte Cashewn\u00fcsse\" auf Deutsch","og_description":"Die Soziale Unternehmen Nha May Man bietet derzeit verschiedene landwirtschaftliche Produkte wie gesch\u00e4lte Macadamia-N\u00fcsse aus der Provinz Dak Nong, Vietnam, an und garantiert Lebensmittelsicherheit.","og_url":"https:\/\/maison-chance.org\/shop\/de\/produkt\/entkernte-cashewnuesse-auf-deutsch","og_site_name":"Nh\u00e0 May M\u1eafn - Maison Chance","article_publisher":"https:\/\/www.facebook.com\/dnxh.nhamayman\/","article_modified_time":"2024-11-06T07:12:48+00:00","og_image":[{"width":1000,"height":1000,"url":"https:\/\/maison-chance.org\/shop\/wp-content\/uploads\/2024\/03\/hat-mac-ca.jpg","type":"image\/jpeg"}],"twitter_card":"summary_large_image","twitter_misc":{"Preis":"&euro;8.65","Verf\u00fcgbarkeit":"ausverkauft"},"schema":{"@context":"https:\/\/schema.org","@graph":[{"@type":"WebPage","@id":"https:\/\/maison-chance.org\/shop\/de\/produkt\/entkernte-cashewnuesse-auf-deutsch","url":"https:\/\/maison-chance.org\/shop\/de\/produkt\/entkernte-cashewnuesse-auf-deutsch","name":"Entkernte Cashewn\u00fcsse\" auf Deutsch - Nh\u00e0 May M\u1eafn - Maison Chance","isPartOf":{"@id":"https:\/\/maison-chance.org\/shop\/de#website"},"primaryImageOfPage":{"@id":"https:\/\/maison-chance.org\/shop\/de\/produkt\/entkernte-cashewnuesse-auf-deutsch#primaryimage"},"image":{"@id":"https:\/\/maison-chance.org\/shop\/de\/produkt\/entkernte-cashewnuesse-auf-deutsch#primaryimage"},"thumbnailUrl":"https:\/\/maison-chance.org\/shop\/wp-content\/uploads\/2024\/03\/hat-mac-ca.jpg","datePublished":"2024-03-27T10:44:03+00:00","dateModified":"2024-11-06T07:12:48+00:00","description":"Die Soziale Unternehmen Nha May Man bietet derzeit verschiedene landwirtschaftliche Produkte wie gesch\u00e4lte Macadamia-N\u00fcsse aus der Provinz Dak Nong, Vietnam, an und garantiert Lebensmittelsicherheit.","breadcrumb":{"@id":"https:\/\/maison-chance.org\/shop\/de\/produkt\/entkernte-cashewnuesse-auf-deutsch#breadcrumb"},"inLanguage":"de","potentialAction":[{"@type":"ReadAction","target":["https:\/\/maison-chance.org\/shop\/de\/produkt\/entkernte-cashewnuesse-auf-deutsch"]}]},{"@type":"ImageObject","inLanguage":"de","@id":"https:\/\/maison-chance.org\/shop\/de\/produkt\/entkernte-cashewnuesse-auf-deutsch#primaryimage","url":"https:\/\/maison-chance.org\/shop\/wp-content\/uploads\/2024\/03\/hat-mac-ca.jpg","contentUrl":"https:\/\/maison-chance.org\/shop\/wp-content\/uploads\/2024\/03\/hat-mac-ca.jpg","width":1000,"height":1000,"caption":"Entkernte Cashewn\u00fcsse\" auf Deutsch"},{"@type":"BreadcrumbList","@id":"https:\/\/maison-chance.org\/shop\/de\/produkt\/entkernte-cashewnuesse-auf-deutsch#breadcrumb","itemListElement":[{"@type":"ListItem","position":1,"name":"Trang ch\u1ee7","item":"https:\/\/maison-chance.org\/shop\/de"},{"@type":"ListItem","position":2,"name":"Shop","item":"https:\/\/maison-chance.org\/shop\/shop"},{"@type":"ListItem","position":3,"name":"Entkernte Cashewn\u00fcsse&#8221; auf Deutsch"}]},{"@type":"WebSite","@id":"https:\/\/maison-chance.org\/shop\/de#website","url":"https:\/\/maison-chance.org\/shop\/de","name":"Nh\u00e0 May M\u1eafn - Maison Chance","description":"M\u1ecdi l\u1ee3i nhu\u1eadn thu v\u1ec1 t\u1eeb vi\u1ec7c b\u00e1n h\u00e0ng s\u1ebd tr\u00edch m\u1ed9t ph\u1ea7n \u0111\u1ec3 ch\u0103m lo cho \u0111\u1eddi s\u1ed1ng c\u00e1c b\u1ea1n khuy\u1ebft t\u1eadt v\u00e0 tr\u1ebb m\u1ed3 c\u00f4i \u1edf \u0111\u00e2y","publisher":{"@id":"https:\/\/maison-chance.org\/shop\/de#organization"},"potentialAction":[{"@type":"SearchAction","target":{"@type":"EntryPoint","urlTemplate":"https:\/\/maison-chance.org\/shop\/de?s={search_term_string}"},"query-input":{"@type":"PropertyValueSpecification","valueRequired":true,"valueName":"search_term_string"}}],"inLanguage":"de"},{"@type":"Organization","@id":"https:\/\/maison-chance.org\/shop\/de#organization","name":"Nh\u00e0 May M\u1eafn - Maison Chance","url":"https:\/\/maison-chance.org\/shop\/de","logo":{"@type":"ImageObject","inLanguage":"de","@id":"https:\/\/maison-chance.org\/shop\/de#\/schema\/logo\/image\/","url":"https:\/\/maison-chance.org\/shop\/wp-content\/uploads\/2024\/03\/cropped-Logo_DNXH.png","contentUrl":"https:\/\/maison-chance.org\/shop\/wp-content\/uploads\/2024\/03\/cropped-Logo_DNXH.png","width":512,"height":512,"caption":"Nh\u00e0 May M\u1eafn - Maison Chance"},"image":{"@id":"https:\/\/maison-chance.org\/shop\/de#\/schema\/logo\/image\/"},"sameAs":["https:\/\/www.facebook.com\/dnxh.nhamayman\/"]}]},"product_price_amount":"8.65","product_price_currency":"EUR","og_availability":"out of stock","product_availability":"out of stock","product_condition":"new"},"_links":{"self":[{"href":"https:\/\/maison-chance.org\/shop\/de\/wp-json\/wp\/v2\/product\/31510","targetHints":{"allow":["GET"]}}],"collection":[{"href":"https:\/\/maison-chance.org\/shop\/de\/wp-json\/wp\/v2\/product"}],"about":[{"href":"https:\/\/maison-chance.org\/shop\/de\/wp-json\/wp\/v2\/types\/product"}],"wp:featuredmedia":[{"embeddable":true,"href":"https:\/\/maison-chance.org\/shop\/de\/wp-json\/wp\/v2\/media\/31506"}],"wp:attachment":[{"href":"https:\/\/maison-chance.org\/shop\/de\/wp-json\/wp\/v2\/media?parent=31510"}],"wp:term":[{"taxonomy":"product_brand","embeddable":true,"href":"https:\/\/maison-chance.org\/shop\/de\/wp-json\/wp\/v2\/product_brand?post=31510"},{"taxonomy":"product_cat","embeddable":true,"href":"https:\/\/maison-chance.org\/shop\/de\/wp-json\/wp\/v2\/product_cat?post=31510"},{"taxonomy":"product_tag","embeddable":true,"href":"https:\/\/maison-chance.org\/shop\/de\/wp-json\/wp\/v2\/product_tag?post=31510"}],"curies":[{"name":"wp","href":"https:\/\/api.w.org\/{rel}","templated":true}]}}