{"id":35623,"date":"2024-03-26T17:48:48","date_gmt":"2024-03-26T10:48:48","guid":{"rendered":"https:\/\/maison-chance.org\/shop\/san-pham\/reines-kurkuma-staerkemehl"},"modified":"2024-11-06T14:18:44","modified_gmt":"2024-11-06T07:18:44","slug":"reines-kurkuma-staerkemehl","status":"publish","type":"product","link":"https:\/\/maison-chance.org\/shop\/de\/produkt\/reines-kurkuma-staerkemehl","title":{"rendered":"Reines Kurkuma-St\u00e4rkemehl"},"content":{"rendered":"<h2 id=\"die-effektivste-verwendung-von-kurkuma-st\u00e4rke\">Die effektivste Verwendung von Kurkuma-St\u00e4rke:<\/h2>\n<p><img decoding=\"async\" class=\"size-full wp-image-35611 aligncenter\" src=\"https:\/\/maison-chance.org\/shop\/wp-content\/uploads\/2024\/03\/tinh-bot-nghe-01-1.jpg\" alt=\"Reines Kurkumapulver\" width=\"300\" height=\"300\" srcset=\"https:\/\/maison-chance.org\/shop\/wp-content\/uploads\/2024\/03\/tinh-bot-nghe-01-1.jpg 300w, https:\/\/maison-chance.org\/shop\/wp-content\/uploads\/2024\/03\/tinh-bot-nghe-01-1-280x280.jpg 280w, https:\/\/maison-chance.org\/shop\/wp-content\/uploads\/2024\/03\/tinh-bot-nghe-01-1-247x247.jpg 247w, https:\/\/maison-chance.org\/shop\/wp-content\/uploads\/2024\/03\/tinh-bot-nghe-01-1-100x100.jpg 100w\" sizes=\"(max-width: 300px) 100vw, 300px\" \/><\/p>\n<p style=\"text-align: justify;\">Kurkuma-St\u00e4rke ist nicht nur ein bekanntes Gew\u00fcrz in der t\u00e4glichen K\u00fcche, sondern wurde seit langem verwendet, um Hautverletzungen zu heilen. Heutzutage wird Kurkuma-St\u00e4rke aus frischem Kurkuma extrahiert und hat erstaunliche Sch\u00f6nheitsvorteile, die schnell und sicher wirken.<\/p>\n<p style=\"text-align: justify;\">&#8211; Kurkuma-St\u00e4rke hilft effektiv bei Akne, Mitessern, Pickeln, Abszessen, unterirdischen Pickeln.<br \/>\n&#8211; Reduziert Hautflecken, Pigmentflecken, Post-Akne-Narben, insbesondere tiefe Narben.<br \/>\n&#8211; Vermindert Falten um die Augen, Kr\u00e4henf\u00fc\u00dfe.<br \/>\n&#8211; Kurkuma-St\u00e4rke hydratisiert trockene Haut und reduziert die \u00d6lproduktion.<br \/>\n&#8211; Verbessert rissige Fersen.<br \/>\n&#8211; Verbessert den Hautton, bek\u00e4mpft Hautalterung und verj\u00fcngt die Haut.<br \/>\n&#8211; Reduziert Haarbruch und verbessert die Kopfhautgesundheit.<br \/>\n&#8211; Die Kombination von Kurkuma-St\u00e4rke und Honig ergibt Kurkuma-St\u00e4rke-Kapseln zur Behandlung von Magenschmerzen, Magengeschw\u00fcren, Magengeschw\u00fcren, Reizdarmsyndrom, Appetitlosigkeit, Verdauungsst\u00f6rungen, Bl\u00e4hungen, saurem Aufsto\u00dfen&#8230;<br \/>\n&#8211; Pr\u00e4vention und unterst\u00fctzende Behandlung von Krebs, insbesondere w\u00e4hrend der Chemotherapie und Strahlentherapie, ohne Nebenwirkungen, ohne Haarausfall.<br \/>\n&#8211; F\u00fcr Frauen nach der Geburt zur schnellen Genesung von Gesundheit, Sch\u00f6nheit, rosiger und glatter Haut, insbesondere zur Vermeidung von postpartalen Problemen&#8230;<br \/>\n&#8211; Kurkuma-St\u00e4rke unterst\u00fctzt die Leberfunktion, entgiftet die Leber, senkt Leberenzyme, verhindert Leberfibrose, Leberentz\u00fcndungen&#8230;<br \/>\n&#8211; Hilft sicher und effektiv beim Abnehmen, f\u00f6rdert die Blutzirkulation und Blutreinigung.<br \/>\n&#8211; Hilft dem K\u00f6rper, parasit\u00e4re Bakterien im Darm zu bek\u00e4mpfen, besonders gut f\u00fcr die Verdauung und zur Bek\u00e4mpfung von Mundgeruch.<\/p>\n<h2 id=\"Die-Wirkung-des-Wirkstoffs-CURCUMIN-in-Kurkuma-Pulver\">Die Wirkung des Wirkstoffs CURCUMIN im Kurkumapulver:<\/h2>\n<p><img decoding=\"async\" class=\"size-full wp-image-35607 aligncenter\" src=\"https:\/\/maison-chance.org\/shop\/wp-content\/uploads\/2024\/03\/curcumin-1.jpg\" alt=\"Reines Kurkumapulver\" width=\"600\" height=\"376\" srcset=\"https:\/\/maison-chance.org\/shop\/wp-content\/uploads\/2024\/03\/curcumin-1.jpg 600w, https:\/\/maison-chance.org\/shop\/wp-content\/uploads\/2024\/03\/curcumin-1-510x320.jpg 510w\" sizes=\"(max-width: 600px) 100vw, 600px\" \/><\/p>\n<p style=\"text-align: justify;\">&#8211; Curcumin ist das st\u00e4rkste Krebsbek\u00e4mpfungsmittel, das die b\u00f6sartigen Zellen schrittweise zerst\u00f6rt, w\u00e4hrend die gesunden Zellen nicht beeintr\u00e4chtigt werden.<br \/>\n&#8211; Curcumin hat die starke F\u00e4higkeit, freie Radikale und krebsverursachende Enzyme in unserer t\u00e4glichen Nahrung und Getr\u00e4nken zu eliminieren, wodurch es sowohl zur Vorbeugung als auch zur aktiven Bek\u00e4mpfung von Krebs beitr\u00e4gt.<br \/>\n&#8211; Curcumin unterst\u00fctzt sehr effektiv Patienten mit Leberentz\u00fcndungen, Leberschw\u00e4che, Leberzirrhose, Gallenblasenschmerzen, Magengeschw\u00fcren, Colitis, Darmtr\u00e4gheit, Gelbsucht und hat die F\u00e4higkeit, Giftstoffe zu entgiften und die Leber zu sch\u00fctzen, rote Blutk\u00f6rperchen zu sch\u00fctzen, den Cholesterinspiegel und den Blutfettspiegel zu senken, Herzkrankheiten, hohe Entz\u00fcndungsreaktionen usw.<br \/>\n&#8211; Curcumin ist einer der typischen entz\u00fcndungshemmenden und antioxidativen Wirkstoffe. Es ist ein &#8222;verl\u00e4sslicher Freund&#8220; f\u00fcr Patienten mit Ged\u00e4chtnisschw\u00e4che, Verwirrung, Immunst\u00f6rungen wie Nierenentz\u00fcndung, Arthritis, Gicht, Diabetes, Gelenkrheumatismus, Augenentz\u00fcndungen, Muskelschwund, Osteoporose, Trockenheit (Augen, Vagina&#8230;), Sklerodermie, Fettleibigkeit zu verhindern.<br \/>\n&#8211; Curcumin enth\u00e4lt auch andere chinesische Kr\u00e4uterextrakte, die die Blutzirkulation f\u00f6rdern und sehr gut f\u00fcr Frauen nach der Geburt, M\u00e4dchen mit Menstruationsbeschwerden, Pigmentflecken, Hautaufhellung, Haarausfall, Sch\u00f6nheit, Vitalit\u00e4t und Lebenserwartung sind, Schmerzen lindern und den Appetit hemmen.<\/p>\n<h2 id=\"Effektivste-Verwendung-von-Kurkumapulver\">Effektivste Verwendung von Kurkumapulver:<\/h2>\n<p><img decoding=\"async\" class=\"size-medium wp-image-35619 aligncenter\" src=\"https:\/\/maison-chance.org\/shop\/wp-content\/uploads\/2024\/03\/tinh-bot-nghe-02-1-524x400.jpg\" alt=\"Reines Kurkumapulver\" width=\"524\" height=\"400\" srcset=\"https:\/\/maison-chance.org\/shop\/wp-content\/uploads\/2024\/03\/tinh-bot-nghe-02-1-524x400.jpg 524w, https:\/\/maison-chance.org\/shop\/wp-content\/uploads\/2024\/03\/tinh-bot-nghe-02-1-510x389.jpg 510w, https:\/\/maison-chance.org\/shop\/wp-content\/uploads\/2024\/03\/tinh-bot-nghe-02-1.jpg 600w\" sizes=\"(max-width: 524px) 100vw, 524px\" \/><\/p>\n<p style=\"text-align: justify;\">&#8211; L\u00f6sen Sie 2-3 Teel\u00f6ffel (5-10 g) Kurkumapulver in etwa 100 ml Wasser oder Milch auf und r\u00fchren Sie es vor dem Trinken um. Sie k\u00f6nnen bei Magengeschw\u00fcren, Colitis und Darmtr\u00e4gheit einige Tropfen Honig hinzuf\u00fcgen.<br \/>\n&#8211; Trinken Sie t\u00e4glich 2-3 Mal vor oder nach den Mahlzeiten. Nehmen Sie es kontinuierlich f\u00fcr 6 bis 12 Monate ein.<br \/>\n&#8211; Es ist sehr leicht zu trinken, da alle Ballaststoffe und unn\u00f6tigen R\u00fcckst\u00e4nde vollst\u00e4ndig entfernt wurden.<br \/>\n&#8211; Frauen k\u00f6nnen es mit unges\u00fc\u00dfter Milch, Honig mischen und jeden Tag 10 Minuten vor dem Schlafengehen auftragen, um eine strahlend wei\u00dfe Haut zu erhalten.<br \/>\n&#8211; Dar\u00fcber hinaus kann Kurkuma als gesundheitliche Erg\u00e4nzung ohne Nebenwirkungen verwendet werden. Mischen Sie 5-10 g Kurkuma in ein 200 ml Glas Milch und f\u00fcgen Sie einen Essl\u00f6ffel Zucker hinzu, um ein k\u00f6stliches und nahrhaftes Getr\u00e4nk zu erhalten. T\u00e4gliches Trinken \u00fcber einen l\u00e4ngeren Zeitraum hilft dem K\u00f6rper, h\u00e4ufig auftretende Krankheiten wie Asthma, Erk\u00e4ltung, M\u00fcdigkeit usw. zu bek\u00e4mpfen.<br \/>\n&#8211; Zur \u00e4u\u00dferlichen Anwendung: Mischen Sie eine ausreichende Menge Kurkumapulver mit einer ausreichenden Menge Wasser, damit das Kurkumapulver weder zu d\u00fcnn noch zu klumpig ist. Tragen Sie es dann 15-20 Minuten lang auf das Gesicht auf und sp\u00fclen Sie es mit Gesichtsseife ab. Nach dem Sp\u00fclen haben Sie eine sehr feine Haut, die bei l\u00e4ngerer Anwendung wei\u00df und rosa wird.<\/p>\n<p style=\"text-align: justify;\"><strong><em>Bemerkung:<\/em><\/strong><\/p>\n<p style=\"text-align: justify;\">+ Beim Auftragen auf das Gesicht nicht stark reiben, um zu vermeiden, dass die Haut nach dem Waschen gelb wird.<br \/>\n+ Lassen Sie das Gesicht nach dem Auftragen trocknen, ohne es zu massieren.<br \/>\n+ An einem k\u00fchlen, trockenen Ort aufbewahren.<\/p>\n<h2 id=\"Einige Hinweise zur Verwendung von Kurkumapulver:\">Einige Hinweise zur Verwendung von Kurkumapulver:<\/h2>\n<p style=\"text-align: justify;\">&#8211; Bei der Zubereitung von goldenem Kurkumapulver sollte es nicht mit kochendem Wasser oder zu hei\u00dfem Wasser gemischt werden. Am besten verwenden Sie warmes Wasser bei etwa 40\u00b0C.<br \/>\n&#8211; Vermeiden Sie es, goldenes Kurkumapulver auf leeren Magen zu trinken, da der Wirkstoff Curcumin im goldenen Kurkumapulver alkalisch ist. Wenn Sie das Pulver auf leeren Magen einnehmen, gelangt das Curcumin schnell in den D\u00fcnndarm, wo es alkalische Bedingungen gibt. Dadurch wird das Curcumin abgebaut und seine Wirksamkeit wird verringert.<br \/>\n&#8211; Absolut nicht f\u00fcr schwangere Frauen geeignet.<br \/>\n&#8211; Sehr gut f\u00fcr Patienten mit Magengeschw\u00fcren, Reizdarmsyndrom oder Reizdarmsyndrom mit ein paar Tropfen Honig gemischt.<br \/>\n&#8211; Das Produkt stammt aus nat\u00fcrlichen Quellen, aber bevor Sie es verwenden, sollten Sie sich von einem Arzt oder Lieferanten beraten lassen, um die bestm\u00f6gliche Wirksamkeit zu erzielen.<\/p>\n<h2 id=\"Wie man echtes Kurkumapulver von gef\u00e4lschtem unterscheidet:\">Wie man echtes Kurkumapulver von gef\u00e4lschtem unterscheidet:<\/h2>\n<p style=\"text-align: justify;\">In Bezug auf die Farbe: Reines Kurkumapulver wird aus sauberen, frischen Kurkumawurzeln hergestellt, gemahlen, mit Wasser vermischt und mehrmals gesiebt, um Ballaststoffe und R\u00fcckst\u00e4nde zu entfernen. Das resultierende Pulver und Wasser werden sedimentiert, dann getrocknet, um Kurkumapulver zu erhalten (zu diesem Zeitpunkt hat das gelbe Pulver eine feste Form wie Tapiokast\u00e4rke, die Sie oft sehen, und dann wird dieses feste Pulver zu Kurkumapulver gemahlen, das wir verwenden). Zu diesem Zeitpunkt hat echtes Kurkumapulver eine leichte gelbe Farbe, f\u00fchlt sich beim Auftragen auf die Haut sehr glatt, trocken und klumpenfrei an.<br \/>\nIn Bezug auf Geschmack und Geruch: Echtes Kurkumapulver hat weder den bitteren noch den dunklen Geschmack der frischen Kurkumawurzel, sondern einen angenehmen Duft, der beim Essen oder Trinken nicht bitter ist und einen angenehm milden Geschmack hat.<\/p>\n<p style=\"text-align: justify;\">Testmethode:<\/p>\n<p style=\"text-align: justify;\">+ Test mit kaltem Wasser: Echtes Kurkumapulver l\u00f6st sich nicht in Wasser, da es schwerer als Wasser ist. Wenn Sie es in kaltes Wasser geben, wird das Kurkumapulver am Boden abgesetzt und bildet eine Schicht wie das Eigelb eines Eies, ohne zu klumpen. Die Oberfl\u00e4che des Wassers bleibt klar, ohne Farbstoffablagerungen und ohne Kurkumapulverreste.<\/p>\n<p style=\"text-align: justify;\">+ Test mit hei\u00dfem Wasser: Echtes Kurkumapulver bildet beim Hinzuf\u00fcgen zu hei\u00dfem Wasser und Erhitzen \u00fcber 60\u00b0C eine gleichm\u00e4\u00dfige gelbe Klebeschicht. Dies ist ein normaler physikalischer Effekt f\u00fcr echtes Kurkumapulver.<\/p>\n<p style=\"text-align: justify;\">+ Test mit Seife: Kurkumapulver enth\u00e4lt einen hohen Gehalt an Curcumin, dem wichtigsten Wirkstoff, der viele Krankheiten heilen kann. Wenn es in eine alkalische Umgebung gegeben wird, kommt es zu einer chemischen Reaktion, bei der das helle gelbe Kurkumapulver eine dunkelrote Farbe annimmt. Basierend auf dieser chemischen Eigenschaft sollten Sie das Kurkumapulver in etwas Waschpulver geben und beobachten. Diese Methode ist ebenfalls einfach und genau.<\/p>\n","protected":false},"excerpt":{"rendered":"<p>&#8211; Nettogewicht: 250 g<br \/>\n&#8211; Typ: Reines Kurkumapulver<br \/>\n&#8211; Haltbarkeit: 12 Monate<br \/>\n&#8211; Lagerung: Nach Gebrauch die Verpackung gut verschlie\u00dfen und an einem k\u00fchlen, trockenen Ort aufbewahren.<br \/>\n&#8211; Kurkumapulver ist ein Produkt, das aus frischem Kurkumawurzel hergestellt wird. Die frische Kurkumawurzel wird gereinigt, gesch\u00e4lt und von Harzen befreit, dann in Scheiben geschnitten, getrocknet, fein gemahlen und gesiebt, um Ballaststoffe und Fremdstoffe zu entfernen. Anschlie\u00dfend wird das \u00e4therische \u00d6l extrahiert, um reines goldenes Kurkumapulver zu erhalten, das den Gehalt an Curcumin in Kurkuma auf einem hohen Niveau gew\u00e4hrleistet.<\/p>\n<p style=\"text-align: justify;\"><strong>Hinweis<\/strong>: Dieses Produkt ist derzeit nur auf dem vietnamesischen Markt erh\u00e4ltlich. Wenn Sie sich derzeit in Vietnam befinden und einen Kauf w\u00fcnschen, kontaktieren Sie uns bitte \u00fcber unsere Fanpage: <a href=\"https:\/\/www.facebook.com\/dnxh.nhamayman\">facebook.com\/dnxh.nhamayman<\/a> oder unsere Hotline: <span style=\"font-size: 20px;\"><strong><span style=\"color: #ff0000;\">0909 06 25 28<\/span><\/strong><\/span>. Vielen herzlichen Dank!<\/p>\n","protected":false},"featured_media":35618,"template":"","meta":[],"product_brand":[],"product_cat":[205,202],"product_tag":[],"class_list":{"0":"post-35623","1":"product","2":"type-product","3":"status-publish","4":"has-post-thumbnail","6":"product_cat-getrocknete-landwirtschaftliche-produkte","7":"product_cat-landwirtschaftliche-produkte-aus-dak-nong","9":"first","10":"instock","11":"shipping-taxable","12":"purchasable","13":"product-type-simple"},"yoast_head":"<!-- This site is optimized with the Yoast SEO Premium plugin v22.7 (Yoast SEO v25.3.1) - https:\/\/yoast.com\/wordpress\/plugins\/seo\/ -->\n<title>Reines Kurkuma-St\u00e4rkemehl - Nh\u00e0 May M\u1eafn - Maison Chance<\/title>\n<meta name=\"description\" content=\"Reines Kurkuma-St\u00e4rkemehl ist ein Produkt, das aus frischem Kurkumawurzel hergestellt wird. Nachdem die frische Kurkumawurzel gr\u00fcndlich gewaschen wurde, wird sie gesch\u00e4lt und von Harz- und S\u00e4ureablagerungen befreit. Anschlie\u00dfend wird sie in Scheiben geschnitten, getrocknet, fein gemahlen und dann gesiebt, um Ballaststoffe und Unreinheiten zu entfernen\" \/>\n<meta name=\"robots\" content=\"index, follow, max-snippet:-1, max-image-preview:large, max-video-preview:-1\" \/>\n<link rel=\"canonical\" href=\"https:\/\/maison-chance.org\/shop\/de\/produkt\/reines-kurkuma-staerkemehl\" \/>\n<meta property=\"og:locale\" content=\"de_DE\" \/>\n<meta property=\"og:type\" content=\"article\" \/>\n<meta property=\"og:title\" content=\"Reines Kurkuma-St\u00e4rkemehl\" \/>\n<meta property=\"og:description\" content=\"Reines Kurkuma-St\u00e4rkemehl ist ein Produkt, das aus frischem Kurkumawurzel hergestellt wird. Nachdem die frische Kurkumawurzel gr\u00fcndlich gewaschen wurde, wird sie gesch\u00e4lt und von Harz- und S\u00e4ureablagerungen befreit. Anschlie\u00dfend wird sie in Scheiben geschnitten, getrocknet, fein gemahlen und dann gesiebt, um Ballaststoffe und Unreinheiten zu entfernen\" \/>\n<meta property=\"og:url\" content=\"https:\/\/maison-chance.org\/shop\/de\/produkt\/reines-kurkuma-staerkemehl\" \/>\n<meta property=\"og:site_name\" content=\"Nh\u00e0 May M\u1eafn - Maison Chance\" \/>\n<meta property=\"article:publisher\" content=\"https:\/\/www.facebook.com\/dnxh.nhamayman\/\" \/>\n<meta property=\"article:modified_time\" content=\"2024-11-06T07:18:44+00:00\" \/>\n<meta property=\"og:image\" content=\"https:\/\/maison-chance.org\/shop\/wp-content\/uploads\/2024\/03\/tinh-bot-nghe-1-1.jpg\" \/>\n\t<meta property=\"og:image:width\" content=\"1000\" \/>\n\t<meta property=\"og:image:height\" content=\"1000\" \/>\n\t<meta property=\"og:image:type\" content=\"image\/jpeg\" \/>\n<meta name=\"twitter:card\" content=\"summary_large_image\" \/>\n<meta name=\"twitter:label1\" content=\"Preis\" \/>\n\t<meta name=\"twitter:data1\" content=\"&euro;6.90\" \/>\n\t<meta name=\"twitter:label2\" content=\"Verf\u00fcgbarkeit\" \/>\n\t<meta name=\"twitter:data2\" content=\"Auf Lager\" \/>\n<script type=\"application\/ld+json\" class=\"yoast-schema-graph\">{\"@context\":\"https:\/\/schema.org\",\"@graph\":[{\"@type\":\"WebPage\",\"@id\":\"https:\/\/maison-chance.org\/shop\/de\/produkt\/reines-kurkuma-staerkemehl\",\"url\":\"https:\/\/maison-chance.org\/shop\/de\/produkt\/reines-kurkuma-staerkemehl\",\"name\":\"Reines Kurkuma-St\u00e4rkemehl - Nh\u00e0 May M\u1eafn - Maison Chance\",\"isPartOf\":{\"@id\":\"https:\/\/maison-chance.org\/shop\/de#website\"},\"primaryImageOfPage\":{\"@id\":\"https:\/\/maison-chance.org\/shop\/de\/produkt\/reines-kurkuma-staerkemehl#primaryimage\"},\"image\":{\"@id\":\"https:\/\/maison-chance.org\/shop\/de\/produkt\/reines-kurkuma-staerkemehl#primaryimage\"},\"thumbnailUrl\":\"https:\/\/maison-chance.org\/shop\/wp-content\/uploads\/2024\/03\/tinh-bot-nghe-1-1.jpg\",\"datePublished\":\"2024-03-26T10:48:48+00:00\",\"dateModified\":\"2024-11-06T07:18:44+00:00\",\"description\":\"Reines Kurkuma-St\u00e4rkemehl ist ein Produkt, das aus frischem Kurkumawurzel hergestellt wird. Nachdem die frische Kurkumawurzel gr\u00fcndlich gewaschen wurde, wird sie gesch\u00e4lt und von Harz- und S\u00e4ureablagerungen befreit. Anschlie\u00dfend wird sie in Scheiben geschnitten, getrocknet, fein gemahlen und dann gesiebt, um Ballaststoffe und Unreinheiten zu entfernen\",\"breadcrumb\":{\"@id\":\"https:\/\/maison-chance.org\/shop\/de\/produkt\/reines-kurkuma-staerkemehl#breadcrumb\"},\"inLanguage\":\"de\",\"potentialAction\":[{\"@type\":\"ReadAction\",\"target\":[\"https:\/\/maison-chance.org\/shop\/de\/produkt\/reines-kurkuma-staerkemehl\"]}]},{\"@type\":\"ImageObject\",\"inLanguage\":\"de\",\"@id\":\"https:\/\/maison-chance.org\/shop\/de\/produkt\/reines-kurkuma-staerkemehl#primaryimage\",\"url\":\"https:\/\/maison-chance.org\/shop\/wp-content\/uploads\/2024\/03\/tinh-bot-nghe-1-1.jpg\",\"contentUrl\":\"https:\/\/maison-chance.org\/shop\/wp-content\/uploads\/2024\/03\/tinh-bot-nghe-1-1.jpg\",\"width\":1000,\"height\":1000,\"caption\":\"Reines Kurkuma-St\u00e4rkemehl\"},{\"@type\":\"BreadcrumbList\",\"@id\":\"https:\/\/maison-chance.org\/shop\/de\/produkt\/reines-kurkuma-staerkemehl#breadcrumb\",\"itemListElement\":[{\"@type\":\"ListItem\",\"position\":1,\"name\":\"Trang ch\u1ee7\",\"item\":\"https:\/\/maison-chance.org\/shop\/de\"},{\"@type\":\"ListItem\",\"position\":2,\"name\":\"Shop\",\"item\":\"https:\/\/maison-chance.org\/shop\/shop\"},{\"@type\":\"ListItem\",\"position\":3,\"name\":\"Reines Kurkuma-St\u00e4rkemehl\"}]},{\"@type\":\"WebSite\",\"@id\":\"https:\/\/maison-chance.org\/shop\/de#website\",\"url\":\"https:\/\/maison-chance.org\/shop\/de\",\"name\":\"Nh\u00e0 May M\u1eafn - Maison Chance\",\"description\":\"M\u1ecdi l\u1ee3i nhu\u1eadn thu v\u1ec1 t\u1eeb vi\u1ec7c b\u00e1n h\u00e0ng s\u1ebd tr\u00edch m\u1ed9t ph\u1ea7n \u0111\u1ec3 ch\u0103m lo cho \u0111\u1eddi s\u1ed1ng c\u00e1c b\u1ea1n khuy\u1ebft t\u1eadt v\u00e0 tr\u1ebb m\u1ed3 c\u00f4i \u1edf \u0111\u00e2y\",\"publisher\":{\"@id\":\"https:\/\/maison-chance.org\/shop\/de#organization\"},\"potentialAction\":[{\"@type\":\"SearchAction\",\"target\":{\"@type\":\"EntryPoint\",\"urlTemplate\":\"https:\/\/maison-chance.org\/shop\/de?s={search_term_string}\"},\"query-input\":{\"@type\":\"PropertyValueSpecification\",\"valueRequired\":true,\"valueName\":\"search_term_string\"}}],\"inLanguage\":\"de\"},{\"@type\":\"Organization\",\"@id\":\"https:\/\/maison-chance.org\/shop\/de#organization\",\"name\":\"Nh\u00e0 May M\u1eafn - Maison Chance\",\"url\":\"https:\/\/maison-chance.org\/shop\/de\",\"logo\":{\"@type\":\"ImageObject\",\"inLanguage\":\"de\",\"@id\":\"https:\/\/maison-chance.org\/shop\/de#\/schema\/logo\/image\/\",\"url\":\"https:\/\/maison-chance.org\/shop\/wp-content\/uploads\/2024\/03\/cropped-Logo_DNXH.png\",\"contentUrl\":\"https:\/\/maison-chance.org\/shop\/wp-content\/uploads\/2024\/03\/cropped-Logo_DNXH.png\",\"width\":512,\"height\":512,\"caption\":\"Nh\u00e0 May M\u1eafn - Maison Chance\"},\"image\":{\"@id\":\"https:\/\/maison-chance.org\/shop\/de#\/schema\/logo\/image\/\"},\"sameAs\":[\"https:\/\/www.facebook.com\/dnxh.nhamayman\/\"]}]}<\/script>\n<meta property=\"product:price:amount\" content=\"6.90\" \/>\n<meta property=\"product:price:currency\" content=\"EUR\" \/>\n<meta property=\"og:availability\" content=\"instock\" \/>\n<meta property=\"product:availability\" content=\"instock\" \/>\n<meta property=\"product:condition\" content=\"new\" \/>\n<!-- \/ Yoast SEO Premium plugin. -->","yoast_head_json":{"title":"Reines Kurkuma-St\u00e4rkemehl - Nh\u00e0 May M\u1eafn - Maison Chance","description":"Reines Kurkuma-St\u00e4rkemehl ist ein Produkt, das aus frischem Kurkumawurzel hergestellt wird. Nachdem die frische Kurkumawurzel gr\u00fcndlich gewaschen wurde, wird sie gesch\u00e4lt und von Harz- und S\u00e4ureablagerungen befreit. Anschlie\u00dfend wird sie in Scheiben geschnitten, getrocknet, fein gemahlen und dann gesiebt, um Ballaststoffe und Unreinheiten zu entfernen","robots":{"index":"index","follow":"follow","max-snippet":"max-snippet:-1","max-image-preview":"max-image-preview:large","max-video-preview":"max-video-preview:-1"},"canonical":"https:\/\/maison-chance.org\/shop\/de\/produkt\/reines-kurkuma-staerkemehl","og_locale":"de_DE","og_type":"article","og_title":"Reines Kurkuma-St\u00e4rkemehl","og_description":"Reines Kurkuma-St\u00e4rkemehl ist ein Produkt, das aus frischem Kurkumawurzel hergestellt wird. Nachdem die frische Kurkumawurzel gr\u00fcndlich gewaschen wurde, wird sie gesch\u00e4lt und von Harz- und S\u00e4ureablagerungen befreit. Anschlie\u00dfend wird sie in Scheiben geschnitten, getrocknet, fein gemahlen und dann gesiebt, um Ballaststoffe und Unreinheiten zu entfernen","og_url":"https:\/\/maison-chance.org\/shop\/de\/produkt\/reines-kurkuma-staerkemehl","og_site_name":"Nh\u00e0 May M\u1eafn - Maison Chance","article_publisher":"https:\/\/www.facebook.com\/dnxh.nhamayman\/","article_modified_time":"2024-11-06T07:18:44+00:00","og_image":[{"width":1000,"height":1000,"url":"https:\/\/maison-chance.org\/shop\/wp-content\/uploads\/2024\/03\/tinh-bot-nghe-1-1.jpg","type":"image\/jpeg"}],"twitter_card":"summary_large_image","twitter_misc":{"Preis":"&euro;6.90","Verf\u00fcgbarkeit":"Auf Lager"},"schema":{"@context":"https:\/\/schema.org","@graph":[{"@type":"WebPage","@id":"https:\/\/maison-chance.org\/shop\/de\/produkt\/reines-kurkuma-staerkemehl","url":"https:\/\/maison-chance.org\/shop\/de\/produkt\/reines-kurkuma-staerkemehl","name":"Reines Kurkuma-St\u00e4rkemehl - Nh\u00e0 May M\u1eafn - Maison Chance","isPartOf":{"@id":"https:\/\/maison-chance.org\/shop\/de#website"},"primaryImageOfPage":{"@id":"https:\/\/maison-chance.org\/shop\/de\/produkt\/reines-kurkuma-staerkemehl#primaryimage"},"image":{"@id":"https:\/\/maison-chance.org\/shop\/de\/produkt\/reines-kurkuma-staerkemehl#primaryimage"},"thumbnailUrl":"https:\/\/maison-chance.org\/shop\/wp-content\/uploads\/2024\/03\/tinh-bot-nghe-1-1.jpg","datePublished":"2024-03-26T10:48:48+00:00","dateModified":"2024-11-06T07:18:44+00:00","description":"Reines Kurkuma-St\u00e4rkemehl ist ein Produkt, das aus frischem Kurkumawurzel hergestellt wird. Nachdem die frische Kurkumawurzel gr\u00fcndlich gewaschen wurde, wird sie gesch\u00e4lt und von Harz- und S\u00e4ureablagerungen befreit. Anschlie\u00dfend wird sie in Scheiben geschnitten, getrocknet, fein gemahlen und dann gesiebt, um Ballaststoffe und Unreinheiten zu entfernen","breadcrumb":{"@id":"https:\/\/maison-chance.org\/shop\/de\/produkt\/reines-kurkuma-staerkemehl#breadcrumb"},"inLanguage":"de","potentialAction":[{"@type":"ReadAction","target":["https:\/\/maison-chance.org\/shop\/de\/produkt\/reines-kurkuma-staerkemehl"]}]},{"@type":"ImageObject","inLanguage":"de","@id":"https:\/\/maison-chance.org\/shop\/de\/produkt\/reines-kurkuma-staerkemehl#primaryimage","url":"https:\/\/maison-chance.org\/shop\/wp-content\/uploads\/2024\/03\/tinh-bot-nghe-1-1.jpg","contentUrl":"https:\/\/maison-chance.org\/shop\/wp-content\/uploads\/2024\/03\/tinh-bot-nghe-1-1.jpg","width":1000,"height":1000,"caption":"Reines Kurkuma-St\u00e4rkemehl"},{"@type":"BreadcrumbList","@id":"https:\/\/maison-chance.org\/shop\/de\/produkt\/reines-kurkuma-staerkemehl#breadcrumb","itemListElement":[{"@type":"ListItem","position":1,"name":"Trang ch\u1ee7","item":"https:\/\/maison-chance.org\/shop\/de"},{"@type":"ListItem","position":2,"name":"Shop","item":"https:\/\/maison-chance.org\/shop\/shop"},{"@type":"ListItem","position":3,"name":"Reines Kurkuma-St\u00e4rkemehl"}]},{"@type":"WebSite","@id":"https:\/\/maison-chance.org\/shop\/de#website","url":"https:\/\/maison-chance.org\/shop\/de","name":"Nh\u00e0 May M\u1eafn - Maison Chance","description":"M\u1ecdi l\u1ee3i nhu\u1eadn thu v\u1ec1 t\u1eeb vi\u1ec7c b\u00e1n h\u00e0ng s\u1ebd tr\u00edch m\u1ed9t ph\u1ea7n \u0111\u1ec3 ch\u0103m lo cho \u0111\u1eddi s\u1ed1ng c\u00e1c b\u1ea1n khuy\u1ebft t\u1eadt v\u00e0 tr\u1ebb m\u1ed3 c\u00f4i \u1edf \u0111\u00e2y","publisher":{"@id":"https:\/\/maison-chance.org\/shop\/de#organization"},"potentialAction":[{"@type":"SearchAction","target":{"@type":"EntryPoint","urlTemplate":"https:\/\/maison-chance.org\/shop\/de?s={search_term_string}"},"query-input":{"@type":"PropertyValueSpecification","valueRequired":true,"valueName":"search_term_string"}}],"inLanguage":"de"},{"@type":"Organization","@id":"https:\/\/maison-chance.org\/shop\/de#organization","name":"Nh\u00e0 May M\u1eafn - Maison Chance","url":"https:\/\/maison-chance.org\/shop\/de","logo":{"@type":"ImageObject","inLanguage":"de","@id":"https:\/\/maison-chance.org\/shop\/de#\/schema\/logo\/image\/","url":"https:\/\/maison-chance.org\/shop\/wp-content\/uploads\/2024\/03\/cropped-Logo_DNXH.png","contentUrl":"https:\/\/maison-chance.org\/shop\/wp-content\/uploads\/2024\/03\/cropped-Logo_DNXH.png","width":512,"height":512,"caption":"Nh\u00e0 May M\u1eafn - Maison Chance"},"image":{"@id":"https:\/\/maison-chance.org\/shop\/de#\/schema\/logo\/image\/"},"sameAs":["https:\/\/www.facebook.com\/dnxh.nhamayman\/"]}]},"product_price_amount":"6.90","product_price_currency":"EUR","og_availability":"instock","product_availability":"instock","product_condition":"new"},"_links":{"self":[{"href":"https:\/\/maison-chance.org\/shop\/de\/wp-json\/wp\/v2\/product\/35623","targetHints":{"allow":["GET"]}}],"collection":[{"href":"https:\/\/maison-chance.org\/shop\/de\/wp-json\/wp\/v2\/product"}],"about":[{"href":"https:\/\/maison-chance.org\/shop\/de\/wp-json\/wp\/v2\/types\/product"}],"wp:featuredmedia":[{"embeddable":true,"href":"https:\/\/maison-chance.org\/shop\/de\/wp-json\/wp\/v2\/media\/35618"}],"wp:attachment":[{"href":"https:\/\/maison-chance.org\/shop\/de\/wp-json\/wp\/v2\/media?parent=35623"}],"wp:term":[{"taxonomy":"product_brand","embeddable":true,"href":"https:\/\/maison-chance.org\/shop\/de\/wp-json\/wp\/v2\/product_brand?post=35623"},{"taxonomy":"product_cat","embeddable":true,"href":"https:\/\/maison-chance.org\/shop\/de\/wp-json\/wp\/v2\/product_cat?post=35623"},{"taxonomy":"product_tag","embeddable":true,"href":"https:\/\/maison-chance.org\/shop\/de\/wp-json\/wp\/v2\/product_tag?post=35623"}],"curies":[{"name":"wp","href":"https:\/\/api.w.org\/{rel}","templated":true}]}}