{"id":35683,"date":"2024-03-27T17:10:06","date_gmt":"2024-03-27T10:10:06","guid":{"rendered":"https:\/\/maison-chance.org\/shop\/san-pham\/kurkumastaerke-mit-kaffeebluetenhonig"},"modified":"2024-11-06T14:15:07","modified_gmt":"2024-11-06T07:15:07","slug":"kurkumastaerke-mit-kaffeebluetenhonig","status":"publish","type":"product","link":"https:\/\/maison-chance.org\/shop\/de\/produkt\/kurkumastaerke-mit-kaffeebluetenhonig","title":{"rendered":"Kurkumast\u00e4rke mit Kaffeebl\u00fctenhonig"},"content":{"rendered":"<p style=\"text-align: justify;\">Kurkuma-Honig-Kaffeefl\u00fcssigst\u00e4rke ist ein Produkt, das zu 100% aus nat\u00fcrlichen Zutaten hergestellt wird und die perfekte Kombination aus Kurkuma-St\u00e4rke und k\u00f6stlichem Honig ist, um Ihnen beim Abnehmen zu helfen und Ihre Haut auf nat\u00fcrliche Weise zu versch\u00f6nern. Die Verwendung von Kurkuma-Honig-Fl\u00fcssigst\u00e4rke zur Behandlung von Magenschmerzen ist eine der am weitesten verbreiteten nat\u00fcrlichen Methoden heute. Reine Kurkumast\u00e4rke vermischt mit Honig sind zwei Arten von Kr\u00e4utern, die den meisten Menschen in Vietnam nicht fremd sind. Dies ist ein unsch\u00e4tzbares Geschenk, das die Natur uns gegeben hat.<\/p>\n<h1 style=\"text-align: justify;\">Warum wird Kurkumast\u00e4rke mit Honig zur Behandlung von Magenbeschwerden kombiniert?<\/h1>\n<p><img decoding=\"async\" class=\"size-medium wp-image-35672 aligncenter\" src=\"https:\/\/maison-chance.org\/shop\/wp-content\/uploads\/2024\/03\/vien-tinh-bot-nghe-mat-ong-hoa-ca-phe-1-1-477x400.jpg\" alt=\"Kurkuma-Honig-Kaffeefl\u00fcssigst\u00e4rke\" width=\"477\" height=\"400\" srcset=\"https:\/\/maison-chance.org\/shop\/wp-content\/uploads\/2024\/03\/vien-tinh-bot-nghe-mat-ong-hoa-ca-phe-1-1-477x400.jpg 477w, https:\/\/maison-chance.org\/shop\/wp-content\/uploads\/2024\/03\/vien-tinh-bot-nghe-mat-ong-hoa-ca-phe-1-1-510x428.jpg 510w, https:\/\/maison-chance.org\/shop\/wp-content\/uploads\/2024\/03\/vien-tinh-bot-nghe-mat-ong-hoa-ca-phe-1-1.jpg 600w\" sizes=\"(max-width: 477px) 100vw, 477px\" \/><\/p>\n<p style=\"text-align: justify;\">Honig ist ein ausgezeichneter Katalysator, der die Wirksamkeit der Behandlung mit Curcumin in Kurkumast\u00e4rke erh\u00f6ht. Es kann sofort Schmerzen lindern und schnell Bakterien in Geschw\u00fcren abt\u00f6ten.<\/p>\n<p style=\"text-align: justify;\">Deshalb ist die Herstellung von Kurkuma-Honig-Fl\u00fcssigst\u00e4rke das effektivste Heilmittel gegen Magengeschw\u00fcre:<\/p>\n<ul>\n<li style=\"text-align: justify;\">T\u00f6tet mehr als 65 St\u00e4mme von H. pylori-Bakterien ab.<\/li>\n<li style=\"text-align: justify;\">Balanciert die Magens\u00e4ureumgebung aus.<\/li>\n<li style=\"text-align: justify;\">F\u00f6rdert die Verdauungsfunktion.<\/li>\n<li style=\"text-align: justify;\">Sch\u00fctzt die Magenschleimhaut.<\/li>\n<li style=\"text-align: justify;\">Heilt Geschw\u00fcre und stellt die Magenschleimhaut wieder her.<\/li>\n<\/ul>\n<p style=\"text-align: justify;\">Hinweis:<\/p>\n<p style=\"text-align: justify;\">Es wird empfohlen, rohe Kurkumast\u00e4rke zur Behandlung von Magenschmerzen zu verwenden, da der Curcumingehalt in roher Kurkumast\u00e4rke viermal h\u00f6her ist als in gelber Kurkumast\u00e4rke.<\/p>\n<p style=\"text-align: justify;\">Verwenden Sie niemals schwarze Kurkumast\u00e4rke zur Behandlung von Magengeschw\u00fcren. Schwarze Kurkumast\u00e4rke enth\u00e4lt kein Curcumin und kann sogar schwere Blutungen verursachen, die zu schwereren Geschw\u00fcren f\u00fchren k\u00f6nnen.<\/p>\n<h2 style=\"text-align: justify;\">Die Vorteile von Kurkuma-Fl\u00fcssigst\u00e4rke:<\/h2>\n<p style=\"text-align: justify;\">&#8211; Behandlung von Magengeschw\u00fcren, Magenschmerzen, Magengeschw\u00fcren, Darmverstopfung, schlechter Verdauung, Appetitlosigkeit&#8230;<\/p>\n<p style=\"text-align: justify;\">&#8211; Behandlung von Akne, Pigmentflecken, dunklen Flecken, Narben, Peeling der Haut f\u00fcr einen sch\u00f6nen, glatten und rosigen Teint<\/p>\n<p style=\"text-align: justify;\">&#8211; Effektive Pr\u00e4vention und Behandlung von Krebs, insbesondere ohne Nebenwirkungen<\/p>\n<p style=\"text-align: justify;\">&#8211; Gut f\u00fcr Frauen nach der Geburt, um schnell Gesundheit, Sch\u00f6nheit und eine rosige Haut wiederherzustellen. Insbesondere um postpartale Probleme zu vermeiden&#8230;<\/p>\n<p style=\"text-align: justify;\">&#8211; St\u00e4rkung der Leberfunktion, Entgiftung der Leber, Vorbeugung von Leberfibrose, Leberentz\u00fcndung&#8230;<\/p>\n<p style=\"text-align: justify;\">&#8211; Verbesserung von trockener und fettiger Haut, Rissbildung an den Fersen<\/p>\n<p style=\"text-align: justify;\">&#8211; Hilft beim Abnehmen, verbessert die Blutzirkulation und reinigt das Blut<\/p>\n<h2 style=\"text-align: justify;\">Kurkuma-Honig-St\u00e4rke-Kapseln helfen bei der Behandlung von Magenschmerzen<\/h2>\n<p style=\"text-align: justify;\"><strong>Wirkung von Kurkuma<\/strong><\/p>\n<p style=\"text-align: justify;\">&#8211; Kurkuma enth\u00e4lt einen wichtigen Wirkstoff namens Curcumin. Dank des Curcumins hat Kurkuma eine Wirkung auf die Steigerung der Gallensekretion und unterst\u00fctzt die Verdauung.<\/p>\n<p style=\"text-align: justify;\">&#8211; Es begrenzt auch die Magens\u00e4uresekretion und verhindert, dass Magengeschw\u00fcre immer schwerwiegender werden.<\/p>\n<p style=\"text-align: justify;\">&#8211; Aus diesem Grund wird Kurkuma als wirksames Heilmittel f\u00fcr Menschen mit Magengeschw\u00fcren und Darmerkrankungen angesehen.<\/p>\n<p style=\"text-align: justify;\">&#8211; Neben der Unterst\u00fctzung bei der Behandlung von Magengeschw\u00fcren ist Kurkuma auch bekannt f\u00fcr seine F\u00e4higkeit, das Wachstum von Magengeschwulsten zu verlangsamen.<\/p>\n<p style=\"text-align: justify;\"><strong>Wirkung von Honig<\/strong><\/p>\n<p style=\"text-align: justify;\">&#8211; Frischer Kurkuma ist bekannt f\u00fcr seine guten Auswirkungen auf die Verdauung, w\u00e4hrend Honig nicht nur ein antibakterielles Nahrungserg\u00e4nzungsmittel ist.<\/p>\n<p style=\"text-align: justify;\">&#8211; Honig enth\u00e4lt nat\u00fcrliches Glukose und die Vitamine B1, B2, B6, E usw., die sehr vorteilhaft f\u00fcr die Gesundheit des Verbrauchers sind.<\/p>\n<p style=\"text-align: justify;\">&#8211; Dank dieser N\u00e4hrstoffe begrenzt Honig die Magens\u00e4uresekretion effektiv.<\/p>\n<p style=\"text-align: justify;\">&#8211; Dadurch wird die Sch\u00e4digung der Schleimhaut begrenzt. Die Symptome von Schmerzen und Reizungen werden schnell nach nur wenigen Minuten Anwendung gelindert.<\/p>\n<p style=\"text-align: justify;\">&#8211; Aus diesem Grund werden heute Kurkuma-Honig-Kapseln als wirksames, sicheres und kosteng\u00fcnstiges Mittel zur Linderung von Magenschmerzen verwendet.<\/p>\n<h2 style=\"text-align: justify;\">Kurkuma-Honig-St\u00e4rke-Kapseln helfen Frauen, ihre Haut zu versch\u00f6nern<\/h2>\n<p style=\"text-align: justify;\"><strong>Sch\u00f6nheitswirkung von Kurkuma<\/strong><\/p>\n<p style=\"text-align: justify;\">Dieses Sch\u00f6nheitsmittel enth\u00e4lt einen \u00e4u\u00dferst wertvollen Bestandteil, n\u00e4mlich Curcumin. Man kann sagen, dass dies ein entscheidender Faktor f\u00fcr die &#8222;Wundertaten&#8220; ist, die Kurkuma-St\u00e4rke erbringt. Dieses Mittel kann helfen, dunkle Flecken, hartn\u00e4ckige Akne usw. zu verblassen. Noch wichtiger ist, dass es Anzeichen von Hautalterung zur\u00fcckdr\u00e4ngen und Ihnen eine straffe, glatte, makellose Haut zur\u00fcckgeben kann.<\/p>\n<p style=\"text-align: justify;\"><strong>Sch\u00f6nheitswirkung von Honig<\/strong><\/p>\n<p style=\"text-align: justify;\">Honig ist eine der nat\u00fcrlichen Sch\u00f6nheitszutaten, die von vielen Frauen bevorzugt werden und als das Sch\u00f6nheitselixier angesehen werden. Reiner Honig wird auch als eine ausgezeichnete Feuchtigkeitscreme betrachtet, die nicht nur die Haut pflegt, sondern auch die Lippen und die Haare.<\/p>\n<p style=\"text-align: justify;\">Einige Sch\u00f6nheitsanwendungen von Honig sind: Akne reduzieren, dunkle Flecken effektiv reduzieren, abgestorbene Hautzellen entfernen, Augenringe reduzieren, die Haut aufhellen, die Lippen und die Haare pflegen.<\/p>\n<p style=\"text-align: justify;\"><strong>Kurkuma-Honig-St\u00e4rke-Kapseln sind gut f\u00fcr Frauen nach der Geburt<\/strong><\/p>\n<p style=\"text-align: justify;\">Curcumin bek\u00e4mpft Infektionen, stoppt postpartale Blutungen und f\u00f6rdert die schnelle Heilung des Dammschnitts. Es stabilisiert den Magen, minimiert Dehnungsstreifen, Pigmentflecken und reduziert \u00fcbersch\u00fcssiges Fett an Bauch und Oberschenkeln. Es hilft Frauen, ihre schlanke Figur zur\u00fcckzugewinnen.<\/p>\n<p style=\"text-align: justify;\">Die Einnahme von Kurkuma-St\u00e4rke hilft Frauen nach der Geburt, sich schnell zu erholen und Blutgerinnsel aufzul\u00f6sen, den Geb\u00e4rmutterhals schnell zu verschlie\u00dfen und Narbenbildung zu verhindern. Es hilft nicht nur, die Gesundheit nach der Geburt schnell wiederherzustellen, sondern auch die Haut zu versch\u00f6nern und \u00fcbersch\u00fcssiges Fett nach der Geburt zu reduzieren.<\/p>\n<p style=\"text-align: justify;\">Die Einnahme von Kurkuma-Honig-St\u00e4rke-Kapseln hilft effektiv, Fett nach der Geburt abzubauen, postpartale Probleme zu verhindern, die Wundheilung zu beschleunigen und Entz\u00fcndungen im Genitalbereich zu verhindern. Es verhindert Haarausfall und verdickt das Haar. Es hilft, die Haut aufzuhellen und zu verj\u00fcngen, Akne und dunkle Flecken nach der Geburt zu behandeln und die Milchproduktion bei stillenden M\u00fcttern zu steigern.<\/p>\n<h2 style=\"text-align: justify;\">Wann sollte man Kurkuma-Honig-Kapseln einnehmen?<\/h2>\n<p style=\"text-align: justify;\">Kurkuma und Honig werden zu verschiedenen Zeiten eingenommen und zeigen jeweils unterschiedliche \u00fcberraschende Wirkungen. Um ehrlich zu sein, ist dies eine der Mischungen, die zu jeder Tageszeit verwendet werden k\u00f6nnen.<\/p>\n<p style=\"text-align: justify;\">Gem\u00e4\u00df den Anweisungen und Empfehlungen sind jedoch vor und nach den Mahlzeiten zwei goldene Zeiten, um die Vorteile von Kurkuma-Honig-Kapseln am besten zu nutzen. Diese werden wir weiter im n\u00e4chsten Teil des Artikels erl\u00e4utern.<\/p>\n<h2 style=\"text-align: justify;\">Die Vorteile von Kurkuma-Honig-Kapseln bei Einnahme vor den Mahlzeiten<\/h2>\n<p style=\"text-align: justify;\">&#8211; Die Einnahme von Kurkuma-Honig-Kapseln vor den Mahlzeiten l\u00e4sst Sie sich weniger hungrig f\u00fchlen. Dadurch k\u00f6nnen Sie w\u00e4hrend der Mahlzeit die Kalorienzufuhr reduzieren, aber dennoch gen\u00fcgend Energie erhalten.<\/p>\n<p style=\"text-align: justify;\">&#8211; Aus diesem Grund ist dies eine der sichersten nat\u00fcrlichen Methoden zum Abnehmen, die Frauen anwenden k\u00f6nnen.<\/p>\n<p style=\"text-align: justify;\">&#8211; Wenn Sie sich f\u00fcr die Einnahme von Kurkuma-Honig-Kapseln vor den Mahlzeiten entscheiden, sollten Sie dies etwa 15 Minuten vor dem Essen tun. Zu diesem Zeitpunkt enth\u00e4lt Ihr K\u00f6rper nicht zu viele N\u00e4hrstoffe, was die Wirksamkeit von Kurkuma maximiert.<\/p>\n<h2 style=\"text-align: justify;\">Die Vorteile von Kurkuma-Honig-Kapseln bei Einnahme nach den Mahlzeiten<\/h2>\n<p style=\"text-align: justify;\">&#8211; Nach den Mahlzeiten bieten Kurkuma-Honig-Kapseln erstaunliche Vorteile f\u00fcr diejenigen, die nach M\u00f6glichkeiten suchen, zuzunehmen. Die Einnahme von Kurkuma-Honig-Kapseln zu diesem Zeitpunkt verbessert die Verdauung und Aufnahme von Energie.<\/p>\n<p style=\"text-align: justify;\">&#8211; Dar\u00fcber hinaus sorgt die Einnahme von Kurkuma-Honig-Kapseln nach den Mahlzeiten f\u00fcr ein entspannteres Gef\u00fchl und verbessert das Schlafverlangen. Dies sind wichtige Faktoren, die Ihnen helfen, auf nat\u00fcrliche Weise zuzunehmen.<\/p>\n<p style=\"text-align: justify;\">&#8211; \u00c4hnlich wie bei der Einnahme von Kurkuma-Honig-Kapseln vor den Mahlzeiten ist der beste Zeitpunkt f\u00fcr die Einnahme nach den Mahlzeiten etwa 30 Minuten nach dem Essen. Zu diesem Zeitpunkt werden die N\u00e4hrstoffe in Ihrem K\u00f6rper verdaut, wodurch die Wirkung der Kurkuma-Honig-Kapseln am besten entfaltet wird.<\/p>\n","protected":false},"excerpt":{"rendered":"<p style=\"text-align: justify;\">&#8211; Reinigungsmittel: 200 g <br \/>\n&#8211; Art: Kurkuma-Honig-Kaffeekristalle <br \/>\n&#8211; Haltbarkeit: 12 Monate <br \/>\n&#8211; Lagerung: Nach Gebrauch fest verschlie\u00dfen und an einem k\u00fchlen, trockenen Ort aufbewahren. <br \/>\n&#8211; Kurkuma-Honig-Kaffeekristalle sind das Ergebnis einer gro\u00dfartigen Kombination aus reinem Kurkumapulver, Bl\u00fctenhonig und Kaffeepulver. Das Produkt hat sehr positive Auswirkungen auf die Gesundheit, Sch\u00f6nheit, Entgiftung und Leberk\u00fchlung&#8230;<\/p>\n<p style=\"text-align: justify;\"><strong>Hinweis<\/strong>: Dieses Produkt ist derzeit nur auf dem vietnamesischen Markt erh\u00e4ltlich. Wenn Sie sich derzeit in Vietnam befinden und einen Kauf w\u00fcnschen, kontaktieren Sie uns bitte \u00fcber unsere Fanpage: <a href=\"https:\/\/www.facebook.com\/dnxh.nhamayman\">facebook.com\/dnxh.nhamayman<\/a> oder unsere Hotline: <span style=\"font-size: 20px;\"><strong><span style=\"color: #ff0000;\">0909 06 25 28<\/span><\/strong><\/span>. Vielen herzlichen Dank!<\/p>\n","protected":false},"featured_media":35679,"template":"","meta":[],"product_brand":[],"product_cat":[205,202],"product_tag":[],"class_list":{"0":"post-35683","1":"product","2":"type-product","3":"status-publish","4":"has-post-thumbnail","6":"product_cat-getrocknete-landwirtschaftliche-produkte","7":"product_cat-landwirtschaftliche-produkte-aus-dak-nong","9":"first","10":"instock","11":"shipping-taxable","12":"purchasable","13":"product-type-simple"},"yoast_head":"<!-- This site is optimized with the Yoast SEO Premium plugin v22.7 (Yoast SEO v25.3.1) - https:\/\/yoast.com\/wordpress\/plugins\/seo\/ -->\n<title>Kurkumast\u00e4rke mit Kaffeebl\u00fctenhonig - Nh\u00e0 May M\u1eafn - Maison Chance<\/title>\n<meta name=\"description\" content=\"Das Kurkuma-Honig-Kaffeekristall ist das Ergebnis einer gro\u00dfartigen Kombination aus reinem Kurkuma-St\u00e4rke, Kaffeebl\u00fctenhonig und Kaffeepulver. Dieses Produkt hat ausgezeichnete gesundheitsf\u00f6rdernde Wirkungen, tr\u00e4gt zur Sch\u00f6nheit bei, entgiftet und k\u00fchlt die Leber.\" \/>\n<meta name=\"robots\" content=\"index, follow, max-snippet:-1, max-image-preview:large, max-video-preview:-1\" \/>\n<link rel=\"canonical\" href=\"https:\/\/maison-chance.org\/shop\/de\/produkt\/kurkumastaerke-mit-kaffeebluetenhonig\" \/>\n<meta property=\"og:locale\" content=\"de_DE\" \/>\n<meta property=\"og:type\" content=\"article\" \/>\n<meta property=\"og:title\" content=\"Kurkumast\u00e4rke mit Kaffeebl\u00fctenhonig\" \/>\n<meta property=\"og:description\" content=\"Das Kurkuma-Honig-Kaffeekristall ist das Ergebnis einer gro\u00dfartigen Kombination aus reinem Kurkuma-St\u00e4rke, Kaffeebl\u00fctenhonig und Kaffeepulver. Dieses Produkt hat ausgezeichnete gesundheitsf\u00f6rdernde Wirkungen, tr\u00e4gt zur Sch\u00f6nheit bei, entgiftet und k\u00fchlt die Leber.\" \/>\n<meta property=\"og:url\" content=\"https:\/\/maison-chance.org\/shop\/de\/produkt\/kurkumastaerke-mit-kaffeebluetenhonig\" \/>\n<meta property=\"og:site_name\" content=\"Nh\u00e0 May M\u1eafn - Maison Chance\" \/>\n<meta property=\"article:publisher\" content=\"https:\/\/www.facebook.com\/dnxh.nhamayman\/\" \/>\n<meta property=\"article:modified_time\" content=\"2024-11-06T07:15:07+00:00\" \/>\n<meta property=\"og:image\" content=\"https:\/\/maison-chance.org\/shop\/wp-content\/uploads\/2024\/03\/vien-tinh-bot-nghe-1.jpg\" \/>\n\t<meta property=\"og:image:width\" content=\"1000\" \/>\n\t<meta property=\"og:image:height\" content=\"1000\" \/>\n\t<meta property=\"og:image:type\" content=\"image\/jpeg\" \/>\n<meta name=\"twitter:card\" content=\"summary_large_image\" \/>\n<meta name=\"twitter:label1\" content=\"Preis\" \/>\n\t<meta name=\"twitter:data1\" content=\"&euro;6.53\" \/>\n\t<meta name=\"twitter:label2\" content=\"Verf\u00fcgbarkeit\" \/>\n\t<meta name=\"twitter:data2\" content=\"Auf Lager\" \/>\n<script type=\"application\/ld+json\" class=\"yoast-schema-graph\">{\"@context\":\"https:\/\/schema.org\",\"@graph\":[{\"@type\":\"WebPage\",\"@id\":\"https:\/\/maison-chance.org\/shop\/de\/produkt\/kurkumastaerke-mit-kaffeebluetenhonig\",\"url\":\"https:\/\/maison-chance.org\/shop\/de\/produkt\/kurkumastaerke-mit-kaffeebluetenhonig\",\"name\":\"Kurkumast\u00e4rke mit Kaffeebl\u00fctenhonig - Nh\u00e0 May M\u1eafn - Maison Chance\",\"isPartOf\":{\"@id\":\"https:\/\/maison-chance.org\/shop\/de#website\"},\"primaryImageOfPage\":{\"@id\":\"https:\/\/maison-chance.org\/shop\/de\/produkt\/kurkumastaerke-mit-kaffeebluetenhonig#primaryimage\"},\"image\":{\"@id\":\"https:\/\/maison-chance.org\/shop\/de\/produkt\/kurkumastaerke-mit-kaffeebluetenhonig#primaryimage\"},\"thumbnailUrl\":\"https:\/\/maison-chance.org\/shop\/wp-content\/uploads\/2024\/03\/vien-tinh-bot-nghe-1.jpg\",\"datePublished\":\"2024-03-27T10:10:06+00:00\",\"dateModified\":\"2024-11-06T07:15:07+00:00\",\"description\":\"Das Kurkuma-Honig-Kaffeekristall ist das Ergebnis einer gro\u00dfartigen Kombination aus reinem Kurkuma-St\u00e4rke, Kaffeebl\u00fctenhonig und Kaffeepulver. Dieses Produkt hat ausgezeichnete gesundheitsf\u00f6rdernde Wirkungen, tr\u00e4gt zur Sch\u00f6nheit bei, entgiftet und k\u00fchlt die Leber.\",\"breadcrumb\":{\"@id\":\"https:\/\/maison-chance.org\/shop\/de\/produkt\/kurkumastaerke-mit-kaffeebluetenhonig#breadcrumb\"},\"inLanguage\":\"de\",\"potentialAction\":[{\"@type\":\"ReadAction\",\"target\":[\"https:\/\/maison-chance.org\/shop\/de\/produkt\/kurkumastaerke-mit-kaffeebluetenhonig\"]}]},{\"@type\":\"ImageObject\",\"inLanguage\":\"de\",\"@id\":\"https:\/\/maison-chance.org\/shop\/de\/produkt\/kurkumastaerke-mit-kaffeebluetenhonig#primaryimage\",\"url\":\"https:\/\/maison-chance.org\/shop\/wp-content\/uploads\/2024\/03\/vien-tinh-bot-nghe-1.jpg\",\"contentUrl\":\"https:\/\/maison-chance.org\/shop\/wp-content\/uploads\/2024\/03\/vien-tinh-bot-nghe-1.jpg\",\"width\":1000,\"height\":1000,\"caption\":\"Kurkumast\u00e4rke mit Kaffeebl\u00fctenhonig\"},{\"@type\":\"BreadcrumbList\",\"@id\":\"https:\/\/maison-chance.org\/shop\/de\/produkt\/kurkumastaerke-mit-kaffeebluetenhonig#breadcrumb\",\"itemListElement\":[{\"@type\":\"ListItem\",\"position\":1,\"name\":\"Trang ch\u1ee7\",\"item\":\"https:\/\/maison-chance.org\/shop\/de\"},{\"@type\":\"ListItem\",\"position\":2,\"name\":\"Shop\",\"item\":\"https:\/\/maison-chance.org\/shop\/shop\"},{\"@type\":\"ListItem\",\"position\":3,\"name\":\"Kurkumast\u00e4rke mit Kaffeebl\u00fctenhonig\"}]},{\"@type\":\"WebSite\",\"@id\":\"https:\/\/maison-chance.org\/shop\/de#website\",\"url\":\"https:\/\/maison-chance.org\/shop\/de\",\"name\":\"Nh\u00e0 May M\u1eafn - Maison Chance\",\"description\":\"M\u1ecdi l\u1ee3i nhu\u1eadn thu v\u1ec1 t\u1eeb vi\u1ec7c b\u00e1n h\u00e0ng s\u1ebd tr\u00edch m\u1ed9t ph\u1ea7n \u0111\u1ec3 ch\u0103m lo cho \u0111\u1eddi s\u1ed1ng c\u00e1c b\u1ea1n khuy\u1ebft t\u1eadt v\u00e0 tr\u1ebb m\u1ed3 c\u00f4i \u1edf \u0111\u00e2y\",\"publisher\":{\"@id\":\"https:\/\/maison-chance.org\/shop\/de#organization\"},\"potentialAction\":[{\"@type\":\"SearchAction\",\"target\":{\"@type\":\"EntryPoint\",\"urlTemplate\":\"https:\/\/maison-chance.org\/shop\/de?s={search_term_string}\"},\"query-input\":{\"@type\":\"PropertyValueSpecification\",\"valueRequired\":true,\"valueName\":\"search_term_string\"}}],\"inLanguage\":\"de\"},{\"@type\":\"Organization\",\"@id\":\"https:\/\/maison-chance.org\/shop\/de#organization\",\"name\":\"Nh\u00e0 May M\u1eafn - Maison Chance\",\"url\":\"https:\/\/maison-chance.org\/shop\/de\",\"logo\":{\"@type\":\"ImageObject\",\"inLanguage\":\"de\",\"@id\":\"https:\/\/maison-chance.org\/shop\/de#\/schema\/logo\/image\/\",\"url\":\"https:\/\/maison-chance.org\/shop\/wp-content\/uploads\/2024\/03\/cropped-Logo_DNXH.png\",\"contentUrl\":\"https:\/\/maison-chance.org\/shop\/wp-content\/uploads\/2024\/03\/cropped-Logo_DNXH.png\",\"width\":512,\"height\":512,\"caption\":\"Nh\u00e0 May M\u1eafn - Maison Chance\"},\"image\":{\"@id\":\"https:\/\/maison-chance.org\/shop\/de#\/schema\/logo\/image\/\"},\"sameAs\":[\"https:\/\/www.facebook.com\/dnxh.nhamayman\/\"]}]}<\/script>\n<meta property=\"product:price:amount\" content=\"6.53\" \/>\n<meta property=\"product:price:currency\" content=\"EUR\" \/>\n<meta property=\"og:availability\" content=\"instock\" \/>\n<meta property=\"product:availability\" content=\"instock\" \/>\n<meta property=\"product:condition\" content=\"new\" \/>\n<!-- \/ Yoast SEO Premium plugin. -->","yoast_head_json":{"title":"Kurkumast\u00e4rke mit Kaffeebl\u00fctenhonig - Nh\u00e0 May M\u1eafn - Maison Chance","description":"Das Kurkuma-Honig-Kaffeekristall ist das Ergebnis einer gro\u00dfartigen Kombination aus reinem Kurkuma-St\u00e4rke, Kaffeebl\u00fctenhonig und Kaffeepulver. Dieses Produkt hat ausgezeichnete gesundheitsf\u00f6rdernde Wirkungen, tr\u00e4gt zur Sch\u00f6nheit bei, entgiftet und k\u00fchlt die Leber.","robots":{"index":"index","follow":"follow","max-snippet":"max-snippet:-1","max-image-preview":"max-image-preview:large","max-video-preview":"max-video-preview:-1"},"canonical":"https:\/\/maison-chance.org\/shop\/de\/produkt\/kurkumastaerke-mit-kaffeebluetenhonig","og_locale":"de_DE","og_type":"article","og_title":"Kurkumast\u00e4rke mit Kaffeebl\u00fctenhonig","og_description":"Das Kurkuma-Honig-Kaffeekristall ist das Ergebnis einer gro\u00dfartigen Kombination aus reinem Kurkuma-St\u00e4rke, Kaffeebl\u00fctenhonig und Kaffeepulver. Dieses Produkt hat ausgezeichnete gesundheitsf\u00f6rdernde Wirkungen, tr\u00e4gt zur Sch\u00f6nheit bei, entgiftet und k\u00fchlt die Leber.","og_url":"https:\/\/maison-chance.org\/shop\/de\/produkt\/kurkumastaerke-mit-kaffeebluetenhonig","og_site_name":"Nh\u00e0 May M\u1eafn - Maison Chance","article_publisher":"https:\/\/www.facebook.com\/dnxh.nhamayman\/","article_modified_time":"2024-11-06T07:15:07+00:00","og_image":[{"width":1000,"height":1000,"url":"https:\/\/maison-chance.org\/shop\/wp-content\/uploads\/2024\/03\/vien-tinh-bot-nghe-1.jpg","type":"image\/jpeg"}],"twitter_card":"summary_large_image","twitter_misc":{"Preis":"&euro;6.53","Verf\u00fcgbarkeit":"Auf Lager"},"schema":{"@context":"https:\/\/schema.org","@graph":[{"@type":"WebPage","@id":"https:\/\/maison-chance.org\/shop\/de\/produkt\/kurkumastaerke-mit-kaffeebluetenhonig","url":"https:\/\/maison-chance.org\/shop\/de\/produkt\/kurkumastaerke-mit-kaffeebluetenhonig","name":"Kurkumast\u00e4rke mit Kaffeebl\u00fctenhonig - Nh\u00e0 May M\u1eafn - Maison Chance","isPartOf":{"@id":"https:\/\/maison-chance.org\/shop\/de#website"},"primaryImageOfPage":{"@id":"https:\/\/maison-chance.org\/shop\/de\/produkt\/kurkumastaerke-mit-kaffeebluetenhonig#primaryimage"},"image":{"@id":"https:\/\/maison-chance.org\/shop\/de\/produkt\/kurkumastaerke-mit-kaffeebluetenhonig#primaryimage"},"thumbnailUrl":"https:\/\/maison-chance.org\/shop\/wp-content\/uploads\/2024\/03\/vien-tinh-bot-nghe-1.jpg","datePublished":"2024-03-27T10:10:06+00:00","dateModified":"2024-11-06T07:15:07+00:00","description":"Das Kurkuma-Honig-Kaffeekristall ist das Ergebnis einer gro\u00dfartigen Kombination aus reinem Kurkuma-St\u00e4rke, Kaffeebl\u00fctenhonig und Kaffeepulver. Dieses Produkt hat ausgezeichnete gesundheitsf\u00f6rdernde Wirkungen, tr\u00e4gt zur Sch\u00f6nheit bei, entgiftet und k\u00fchlt die Leber.","breadcrumb":{"@id":"https:\/\/maison-chance.org\/shop\/de\/produkt\/kurkumastaerke-mit-kaffeebluetenhonig#breadcrumb"},"inLanguage":"de","potentialAction":[{"@type":"ReadAction","target":["https:\/\/maison-chance.org\/shop\/de\/produkt\/kurkumastaerke-mit-kaffeebluetenhonig"]}]},{"@type":"ImageObject","inLanguage":"de","@id":"https:\/\/maison-chance.org\/shop\/de\/produkt\/kurkumastaerke-mit-kaffeebluetenhonig#primaryimage","url":"https:\/\/maison-chance.org\/shop\/wp-content\/uploads\/2024\/03\/vien-tinh-bot-nghe-1.jpg","contentUrl":"https:\/\/maison-chance.org\/shop\/wp-content\/uploads\/2024\/03\/vien-tinh-bot-nghe-1.jpg","width":1000,"height":1000,"caption":"Kurkumast\u00e4rke mit Kaffeebl\u00fctenhonig"},{"@type":"BreadcrumbList","@id":"https:\/\/maison-chance.org\/shop\/de\/produkt\/kurkumastaerke-mit-kaffeebluetenhonig#breadcrumb","itemListElement":[{"@type":"ListItem","position":1,"name":"Trang ch\u1ee7","item":"https:\/\/maison-chance.org\/shop\/de"},{"@type":"ListItem","position":2,"name":"Shop","item":"https:\/\/maison-chance.org\/shop\/shop"},{"@type":"ListItem","position":3,"name":"Kurkumast\u00e4rke mit Kaffeebl\u00fctenhonig"}]},{"@type":"WebSite","@id":"https:\/\/maison-chance.org\/shop\/de#website","url":"https:\/\/maison-chance.org\/shop\/de","name":"Nh\u00e0 May M\u1eafn - Maison Chance","description":"M\u1ecdi l\u1ee3i nhu\u1eadn thu v\u1ec1 t\u1eeb vi\u1ec7c b\u00e1n h\u00e0ng s\u1ebd tr\u00edch m\u1ed9t ph\u1ea7n \u0111\u1ec3 ch\u0103m lo cho \u0111\u1eddi s\u1ed1ng c\u00e1c b\u1ea1n khuy\u1ebft t\u1eadt v\u00e0 tr\u1ebb m\u1ed3 c\u00f4i \u1edf \u0111\u00e2y","publisher":{"@id":"https:\/\/maison-chance.org\/shop\/de#organization"},"potentialAction":[{"@type":"SearchAction","target":{"@type":"EntryPoint","urlTemplate":"https:\/\/maison-chance.org\/shop\/de?s={search_term_string}"},"query-input":{"@type":"PropertyValueSpecification","valueRequired":true,"valueName":"search_term_string"}}],"inLanguage":"de"},{"@type":"Organization","@id":"https:\/\/maison-chance.org\/shop\/de#organization","name":"Nh\u00e0 May M\u1eafn - Maison Chance","url":"https:\/\/maison-chance.org\/shop\/de","logo":{"@type":"ImageObject","inLanguage":"de","@id":"https:\/\/maison-chance.org\/shop\/de#\/schema\/logo\/image\/","url":"https:\/\/maison-chance.org\/shop\/wp-content\/uploads\/2024\/03\/cropped-Logo_DNXH.png","contentUrl":"https:\/\/maison-chance.org\/shop\/wp-content\/uploads\/2024\/03\/cropped-Logo_DNXH.png","width":512,"height":512,"caption":"Nh\u00e0 May M\u1eafn - Maison Chance"},"image":{"@id":"https:\/\/maison-chance.org\/shop\/de#\/schema\/logo\/image\/"},"sameAs":["https:\/\/www.facebook.com\/dnxh.nhamayman\/"]}]},"product_price_amount":"6.53","product_price_currency":"EUR","og_availability":"instock","product_availability":"instock","product_condition":"new"},"_links":{"self":[{"href":"https:\/\/maison-chance.org\/shop\/de\/wp-json\/wp\/v2\/product\/35683","targetHints":{"allow":["GET"]}}],"collection":[{"href":"https:\/\/maison-chance.org\/shop\/de\/wp-json\/wp\/v2\/product"}],"about":[{"href":"https:\/\/maison-chance.org\/shop\/de\/wp-json\/wp\/v2\/types\/product"}],"wp:featuredmedia":[{"embeddable":true,"href":"https:\/\/maison-chance.org\/shop\/de\/wp-json\/wp\/v2\/media\/35679"}],"wp:attachment":[{"href":"https:\/\/maison-chance.org\/shop\/de\/wp-json\/wp\/v2\/media?parent=35683"}],"wp:term":[{"taxonomy":"product_brand","embeddable":true,"href":"https:\/\/maison-chance.org\/shop\/de\/wp-json\/wp\/v2\/product_brand?post=35683"},{"taxonomy":"product_cat","embeddable":true,"href":"https:\/\/maison-chance.org\/shop\/de\/wp-json\/wp\/v2\/product_cat?post=35683"},{"taxonomy":"product_tag","embeddable":true,"href":"https:\/\/maison-chance.org\/shop\/de\/wp-json\/wp\/v2\/product_tag?post=35683"}],"curies":[{"name":"wp","href":"https:\/\/api.w.org\/{rel}","templated":true}]}}