{"id":35746,"date":"2024-03-27T21:02:43","date_gmt":"2024-03-27T14:02:43","guid":{"rendered":"https:\/\/maison-chance.org\/shop\/san-pham\/kaffeebluetenhonig"},"modified":"2024-11-06T14:26:56","modified_gmt":"2024-11-06T07:26:56","slug":"kaffeebluetenhonig","status":"publish","type":"product","link":"https:\/\/maison-chance.org\/shop\/de\/produkt\/kaffeebluetenhonig","title":{"rendered":"Kaffeebl\u00fctenhonig"},"content":{"rendered":"<h2>Einige Highlights von Kaffeebl\u00fctenhonig<\/h2>\n<p style=\"text-align: justify;\">&#8211; Kaffeebl\u00fctenhonig wird von Dezember bis M\u00e4rz geerntet, dies ist die Zeit, in der Kaffeestr\u00e4ucher in den W\u00e4ldern des zentralen Hochlandes bl\u00fchen.<\/p>\n<p style=\"text-align: justify;\">&#8211; Kaffeebl\u00fctenhonig ist eine der beliebtesten reinen Honigsorten f\u00fcr Verbraucher aufgrund seines s\u00fc\u00dfen, aber nicht \u00fcberw\u00e4ltigenden Geschmacks, seiner nat\u00fcrlichen Farbe und seines einzigartigen Aromas, das in keiner anderen Honigsorte zu finden ist.<\/p>\n<p style=\"text-align: justify;\">&#8211; Die Lagerung von Kaffeebl\u00fctenhonig \u00fcber einen l\u00e4ngeren Zeitraum, ohne dass er kristallisiert, sch\u00e4umt oder seine Farbe \u00e4ndert, ist ein herausragendes Merkmal, das die Verbraucher \u00e4u\u00dferst zufrieden stellt.<\/p>\n<p style=\"text-align: justify;\">&#8211; Der Preis f\u00fcr Kaffeebl\u00fctenhonig liegt auf einem relativ erschwinglichen Niveau, was ihn f\u00fcr die meisten Kunden geeignet macht, da er nicht so teuer und knapp wie Waldhonig ist.<\/p>\n<h2>Die Wirkung von Kaffeebl\u00fctenhonig<\/h2>\n<p style=\"text-align: justify;\">* Kaffeebl\u00fctenhonig hat viele Sch\u00f6nheitsanwendungen:<\/p>\n<p style=\"text-align: justify;\">&#8211; Tragen Sie eine Schicht reinen Honigs auf die Lippen auf, um abgestorbene Hautzellen zu entfernen, die Lippen zu pflegen und dunkle Flecken durch langfristige Verwendung von Lippenstift zu beseitigen.<\/p>\n<p style=\"text-align: justify;\">&#8211; Die entz\u00fcndungshemmenden Eigenschaften des Honigs beruhigen entz\u00fcndete, ger\u00f6tete und schmerzhafte Pickel. Sie k\u00f6nnen den Honig direkt auf die Pickel auftragen und \u00fcber Nacht einwirken lassen, dann am n\u00e4chsten Morgen mit klarem Wasser abwaschen.<\/p>\n<p style=\"text-align: justify;\">&#8211; Mischen Sie Honig mit Joghurt, unges\u00fc\u00dfter frischer Milch und verschiedenen Fr\u00fcchten wie Avocado, Erdbeeren, Orangen usw., um eine Gesichtsmaske herzustellen. Diese nat\u00fcrliche Gesichtsmaske l\u00e4sst Ihre Haut strahlend, glatt und weich erscheinen.<\/p>\n<p style=\"text-align: justify;\">* Kaffeebl\u00fctenhonig liefert viele N\u00e4hrstoffe f\u00fcr das ungeborene Kind:<\/p>\n<p style=\"text-align: justify;\">&#8211; Schwangere Frauen haben oft hormonelle Ver\u00e4nderungen, die zu dunkler und trockener Haut f\u00fchren, aber sie k\u00f6nnen keine Kosmetika verwenden. Daher ist Honig zu dieser Zeit eine nat\u00fcrliche und \u00e4u\u00dferst effektive Methode, um die Haut zu pflegen und sicherzustellen.<\/p>\n<p style=\"text-align: justify;\">&#8211; Die regelm\u00e4\u00dfige Verwendung von Kaffeebl\u00fctenhonig w\u00e4hrend der Schwangerschaft f\u00f6rdert die N\u00e4hrstoffaufnahme des ungeborenen Kindes, st\u00e4rkt das Immunsystem von Mutter und Kind und lindert Symptome wie \u00dcbelkeit, Verstopfung und An\u00e4mie.<\/p>\n<p style=\"text-align: justify;\">* Kaffeebl\u00fctenhonig ist eine sichere Methode zur Gesundheitspflege:<\/p>\n<p style=\"text-align: justify;\">&#8211; Honig enth\u00e4lt viele Enzyme, Aminos\u00e4uren, Vitamine und Mineralien, die dem K\u00f6rper helfen, sich gegen Viren zu verteidigen, das Immunsystem zu st\u00e4rken und Oxidation effektiv zu bek\u00e4mpfen. Daher k\u00f6nnen Sie Honig mit warmem Wasser mischen und t\u00e4glich morgens trinken.<\/p>\n<p style=\"text-align: justify;\">&#8211; Einweichen von frischem Kurkuma in Honig oder Mischen von Kurkumapulver und Honig zur Anwendung hilft bei der Heilung von Geschw\u00fcren im Magen-Darm-Trakt.<\/p>\n<p>=&gt; Insbesondere kombiniert sich Honig sehr gut mit Kurkumapulver, um ein Produkt herzustellen, das sehr effektiv zur Verbesserung der Gesundheit, Sch\u00f6nheit, Entgiftung und Leberschonung beitr\u00e4gt.<\/p>\n<h2>Einige Hinweise zur Verwendung von Kaffeebl\u00fctenhonig<\/h2>\n<p style=\"text-align: justify;\">&#8211; Lagern Sie reine Honigsorten, einschlie\u00dflich Kaffeebl\u00fctenhonig, in Glasbeh\u00e4ltern. Vermeiden Sie die Aufbewahrung von Honig in Kunststoff- oder Metallbeh\u00e4ltern, da die S\u00e4ure im Honig eine chemische Reaktion ausl\u00f6sen kann und gesundheitssch\u00e4dliche Substanzen entstehen k\u00f6nnen.<\/p>\n<p style=\"text-align: justify;\">&#8211; Kleinkinder unter 1 Jahr, Personen mit niedrigem Blutdruck, niedrigem Blutzucker, Diabetes sollten Honig nur unter \u00e4rztlicher Anleitung verwenden.<\/p>\n<p style=\"text-align: justify;\">&#8211; Schwangere Frauen sollten Honig nicht \u00fcberm\u00e4\u00dfig konsumieren, um das Risiko einer Geb\u00e4rmutterstimulation zu vermeiden, die zu einer Fehlgeburt oder Fr\u00fchgeburt f\u00fchren kann.<\/p>\n<p style=\"text-align: justify;\">&#8211; Beim Auftragen von Kaffeebl\u00fctenhonig auf die Haut sollten Sie zun\u00e4chst einen Patch-Test an der Haut am Handgelenk durchf\u00fchren, um sicherzustellen, dass Sie nicht allergisch auf Bl\u00fctenpollen reagieren.<\/p>\n<p style=\"text-align: justify;\">&#8211; Beim Verwenden von Honig als Gew\u00fcrz, Zutat beim Kochen oder Mixen von Getr\u00e4nken sollten Sie vermeiden, dass er hohen Temperaturen ausgesetzt wird, da Honig verbrennen und gesundheitssch\u00e4dliche Substanzen bilden kann, wenn er \u00fcberhitzt wird.<\/p>\n","protected":false},"excerpt":{"rendered":"<p style=\"text-align: justify;\">&#8211; Reinheitsgewicht: 500 ml<br \/>\n&#8211; Typ: Reiner Kaffeebl\u00fctenhonig<br \/>\n&#8211; Haltbarkeit: 12 Monate<br \/>\n&#8211; Lagerung: Nach Gebrauch Flasche gut verschlie\u00dfen, an einem k\u00fchlen, trockenen Ort lagern.<br \/>\n&#8211; Kaffeebl\u00fctenhonig ist eine nat\u00fcrliche Honigsorte und daher sehr rein, frei von Verunreinigungen. Sie enthalten zahlreiche gesunde Inhaltsstoffe wie verschiedene Vitamine, Eisen, Calcium, Magnesium, Zink&#8230; Dies gilt als eine Art Wundermittel f\u00fcr die Gesundheit und Sch\u00f6nheit des Menschen.<\/p>\n<p style=\"text-align: justify;\"><strong>Hinweis<\/strong>: Dieses Produkt ist derzeit nur auf dem vietnamesischen Markt erh\u00e4ltlich. Wenn Sie sich derzeit in Vietnam befinden und einen Kauf w\u00fcnschen, kontaktieren Sie uns bitte \u00fcber unsere Fanpage: <a href=\"https:\/\/www.facebook.com\/dnxh.nhamayman\">facebook.com\/dnxh.nhamayman<\/a> oder unsere Hotline: <span style=\"font-size: 20px;\"><strong><span style=\"color: #ff0000;\">0909 06 25 28<\/span><\/strong><\/span>. Vielen herzlichen Dank!<\/p>\n","protected":false},"featured_media":42101,"template":"","meta":[],"product_brand":[],"product_cat":[208,202],"product_tag":[],"class_list":{"0":"post-35746","1":"product","2":"type-product","3":"status-publish","4":"has-post-thumbnail","6":"product_cat-frische-landwirtschaftliche-produkte","7":"product_cat-landwirtschaftliche-produkte-aus-dak-nong","9":"first","10":"instock","11":"shipping-taxable","12":"purchasable","13":"product-type-simple"},"yoast_head":"<!-- This site is optimized with the Yoast SEO Premium plugin v22.7 (Yoast SEO v25.3.1) - https:\/\/yoast.com\/wordpress\/plugins\/seo\/ -->\n<title>Kaffeebl\u00fctenhonig - Nh\u00e0 May M\u1eafn - Maison Chance<\/title>\n<meta name=\"description\" content=\"Wildbl\u00fctenhonig ist eine der reinsten Honigsorten, die von Verbrauchern bevorzugt werden wegen seiner reichen, aber nicht \u00fcberw\u00e4ltigenden S\u00fc\u00dfe, seiner nat\u00fcrlichen Bernsteinfarbe und seinem unverwechselbaren Aroma, das von keiner anderen Honigsorte erreicht werden kann.\" \/>\n<meta name=\"robots\" content=\"index, follow, max-snippet:-1, max-image-preview:large, max-video-preview:-1\" \/>\n<link rel=\"canonical\" href=\"https:\/\/maison-chance.org\/shop\/de\/produkt\/kaffeebluetenhonig\" \/>\n<meta property=\"og:locale\" content=\"de_DE\" \/>\n<meta property=\"og:type\" content=\"article\" \/>\n<meta property=\"og:title\" content=\"Kaffeebl\u00fctenhonig\" \/>\n<meta property=\"og:description\" content=\"Wildbl\u00fctenhonig ist eine der reinsten Honigsorten, die von Verbrauchern bevorzugt werden wegen seiner reichen, aber nicht \u00fcberw\u00e4ltigenden S\u00fc\u00dfe, seiner nat\u00fcrlichen Bernsteinfarbe und seinem unverwechselbaren Aroma, das von keiner anderen Honigsorte erreicht werden kann.\" \/>\n<meta property=\"og:url\" content=\"https:\/\/maison-chance.org\/shop\/de\/produkt\/kaffeebluetenhonig\" \/>\n<meta property=\"og:site_name\" content=\"Nh\u00e0 May M\u1eafn - Maison Chance\" \/>\n<meta property=\"article:publisher\" content=\"https:\/\/www.facebook.com\/dnxh.nhamayman\/\" \/>\n<meta property=\"article:modified_time\" content=\"2024-11-06T07:26:56+00:00\" \/>\n<meta property=\"og:image\" content=\"https:\/\/maison-chance.org\/shop\/wp-content\/uploads\/2024\/03\/mat-ong-hoa-ca-phe-11-1.png\" \/>\n\t<meta property=\"og:image:width\" content=\"1000\" \/>\n\t<meta property=\"og:image:height\" content=\"1000\" \/>\n\t<meta property=\"og:image:type\" content=\"image\/png\" \/>\n<meta name=\"twitter:card\" content=\"summary_large_image\" \/>\n<meta name=\"twitter:label1\" content=\"Preis\" \/>\n\t<meta name=\"twitter:data1\" content=\"&euro;4.88\" \/>\n\t<meta name=\"twitter:label2\" content=\"Verf\u00fcgbarkeit\" \/>\n\t<meta name=\"twitter:data2\" content=\"Auf Lager\" \/>\n<script type=\"application\/ld+json\" class=\"yoast-schema-graph\">{\"@context\":\"https:\/\/schema.org\",\"@graph\":[{\"@type\":\"WebPage\",\"@id\":\"https:\/\/maison-chance.org\/shop\/de\/produkt\/kaffeebluetenhonig\",\"url\":\"https:\/\/maison-chance.org\/shop\/de\/produkt\/kaffeebluetenhonig\",\"name\":\"Kaffeebl\u00fctenhonig - Nh\u00e0 May M\u1eafn - Maison Chance\",\"isPartOf\":{\"@id\":\"https:\/\/maison-chance.org\/shop\/de#website\"},\"primaryImageOfPage\":{\"@id\":\"https:\/\/maison-chance.org\/shop\/de\/produkt\/kaffeebluetenhonig#primaryimage\"},\"image\":{\"@id\":\"https:\/\/maison-chance.org\/shop\/de\/produkt\/kaffeebluetenhonig#primaryimage\"},\"thumbnailUrl\":\"https:\/\/maison-chance.org\/shop\/wp-content\/uploads\/2026\/01\/mat-ong-web.png\",\"datePublished\":\"2024-03-27T14:02:43+00:00\",\"dateModified\":\"2024-11-06T07:26:56+00:00\",\"description\":\"Wildbl\u00fctenhonig ist eine der reinsten Honigsorten, die von Verbrauchern bevorzugt werden wegen seiner reichen, aber nicht \u00fcberw\u00e4ltigenden S\u00fc\u00dfe, seiner nat\u00fcrlichen Bernsteinfarbe und seinem unverwechselbaren Aroma, das von keiner anderen Honigsorte erreicht werden kann.\",\"breadcrumb\":{\"@id\":\"https:\/\/maison-chance.org\/shop\/de\/produkt\/kaffeebluetenhonig#breadcrumb\"},\"inLanguage\":\"de\",\"potentialAction\":[{\"@type\":\"ReadAction\",\"target\":[\"https:\/\/maison-chance.org\/shop\/de\/produkt\/kaffeebluetenhonig\"]}]},{\"@type\":\"ImageObject\",\"inLanguage\":\"de\",\"@id\":\"https:\/\/maison-chance.org\/shop\/de\/produkt\/kaffeebluetenhonig#primaryimage\",\"url\":\"https:\/\/maison-chance.org\/shop\/wp-content\/uploads\/2026\/01\/mat-ong-web.png\",\"contentUrl\":\"https:\/\/maison-chance.org\/shop\/wp-content\/uploads\/2026\/01\/mat-ong-web.png\",\"width\":1080,\"height\":1080},{\"@type\":\"BreadcrumbList\",\"@id\":\"https:\/\/maison-chance.org\/shop\/de\/produkt\/kaffeebluetenhonig#breadcrumb\",\"itemListElement\":[{\"@type\":\"ListItem\",\"position\":1,\"name\":\"Trang ch\u1ee7\",\"item\":\"https:\/\/maison-chance.org\/shop\/de\"},{\"@type\":\"ListItem\",\"position\":2,\"name\":\"Shop\",\"item\":\"https:\/\/maison-chance.org\/shop\/shop\"},{\"@type\":\"ListItem\",\"position\":3,\"name\":\"Kaffeebl\u00fctenhonig\"}]},{\"@type\":\"WebSite\",\"@id\":\"https:\/\/maison-chance.org\/shop\/de#website\",\"url\":\"https:\/\/maison-chance.org\/shop\/de\",\"name\":\"Nh\u00e0 May M\u1eafn - Maison Chance\",\"description\":\"M\u1ecdi l\u1ee3i nhu\u1eadn thu v\u1ec1 t\u1eeb vi\u1ec7c b\u00e1n h\u00e0ng s\u1ebd tr\u00edch m\u1ed9t ph\u1ea7n \u0111\u1ec3 ch\u0103m lo cho \u0111\u1eddi s\u1ed1ng c\u00e1c b\u1ea1n khuy\u1ebft t\u1eadt v\u00e0 tr\u1ebb m\u1ed3 c\u00f4i \u1edf \u0111\u00e2y\",\"publisher\":{\"@id\":\"https:\/\/maison-chance.org\/shop\/de#organization\"},\"potentialAction\":[{\"@type\":\"SearchAction\",\"target\":{\"@type\":\"EntryPoint\",\"urlTemplate\":\"https:\/\/maison-chance.org\/shop\/de?s={search_term_string}\"},\"query-input\":{\"@type\":\"PropertyValueSpecification\",\"valueRequired\":true,\"valueName\":\"search_term_string\"}}],\"inLanguage\":\"de\"},{\"@type\":\"Organization\",\"@id\":\"https:\/\/maison-chance.org\/shop\/de#organization\",\"name\":\"Nh\u00e0 May M\u1eafn - Maison Chance\",\"url\":\"https:\/\/maison-chance.org\/shop\/de\",\"logo\":{\"@type\":\"ImageObject\",\"inLanguage\":\"de\",\"@id\":\"https:\/\/maison-chance.org\/shop\/de#\/schema\/logo\/image\/\",\"url\":\"https:\/\/maison-chance.org\/shop\/wp-content\/uploads\/2024\/03\/cropped-Logo_DNXH.png\",\"contentUrl\":\"https:\/\/maison-chance.org\/shop\/wp-content\/uploads\/2024\/03\/cropped-Logo_DNXH.png\",\"width\":512,\"height\":512,\"caption\":\"Nh\u00e0 May M\u1eafn - Maison Chance\"},\"image\":{\"@id\":\"https:\/\/maison-chance.org\/shop\/de#\/schema\/logo\/image\/\"},\"sameAs\":[\"https:\/\/www.facebook.com\/dnxh.nhamayman\/\"]}]}<\/script>\n<meta property=\"product:price:amount\" content=\"4.88\" \/>\n<meta property=\"product:price:currency\" content=\"EUR\" \/>\n<meta property=\"og:availability\" content=\"instock\" \/>\n<meta property=\"product:availability\" content=\"instock\" \/>\n<meta property=\"product:condition\" content=\"new\" \/>\n<!-- \/ Yoast SEO Premium plugin. -->","yoast_head_json":{"title":"Kaffeebl\u00fctenhonig - Nh\u00e0 May M\u1eafn - Maison Chance","description":"Wildbl\u00fctenhonig ist eine der reinsten Honigsorten, die von Verbrauchern bevorzugt werden wegen seiner reichen, aber nicht \u00fcberw\u00e4ltigenden S\u00fc\u00dfe, seiner nat\u00fcrlichen Bernsteinfarbe und seinem unverwechselbaren Aroma, das von keiner anderen Honigsorte erreicht werden kann.","robots":{"index":"index","follow":"follow","max-snippet":"max-snippet:-1","max-image-preview":"max-image-preview:large","max-video-preview":"max-video-preview:-1"},"canonical":"https:\/\/maison-chance.org\/shop\/de\/produkt\/kaffeebluetenhonig","og_locale":"de_DE","og_type":"article","og_title":"Kaffeebl\u00fctenhonig","og_description":"Wildbl\u00fctenhonig ist eine der reinsten Honigsorten, die von Verbrauchern bevorzugt werden wegen seiner reichen, aber nicht \u00fcberw\u00e4ltigenden S\u00fc\u00dfe, seiner nat\u00fcrlichen Bernsteinfarbe und seinem unverwechselbaren Aroma, das von keiner anderen Honigsorte erreicht werden kann.","og_url":"https:\/\/maison-chance.org\/shop\/de\/produkt\/kaffeebluetenhonig","og_site_name":"Nh\u00e0 May M\u1eafn - Maison Chance","article_publisher":"https:\/\/www.facebook.com\/dnxh.nhamayman\/","article_modified_time":"2024-11-06T07:26:56+00:00","og_image":[{"width":1000,"height":1000,"url":"https:\/\/maison-chance.org\/shop\/wp-content\/uploads\/2024\/03\/mat-ong-hoa-ca-phe-11-1.png","type":"image\/png"}],"twitter_card":"summary_large_image","twitter_misc":{"Preis":"&euro;4.88","Verf\u00fcgbarkeit":"Auf Lager"},"schema":{"@context":"https:\/\/schema.org","@graph":[{"@type":"WebPage","@id":"https:\/\/maison-chance.org\/shop\/de\/produkt\/kaffeebluetenhonig","url":"https:\/\/maison-chance.org\/shop\/de\/produkt\/kaffeebluetenhonig","name":"Kaffeebl\u00fctenhonig - Nh\u00e0 May M\u1eafn - Maison Chance","isPartOf":{"@id":"https:\/\/maison-chance.org\/shop\/de#website"},"primaryImageOfPage":{"@id":"https:\/\/maison-chance.org\/shop\/de\/produkt\/kaffeebluetenhonig#primaryimage"},"image":{"@id":"https:\/\/maison-chance.org\/shop\/de\/produkt\/kaffeebluetenhonig#primaryimage"},"thumbnailUrl":"https:\/\/maison-chance.org\/shop\/wp-content\/uploads\/2026\/01\/mat-ong-web.png","datePublished":"2024-03-27T14:02:43+00:00","dateModified":"2024-11-06T07:26:56+00:00","description":"Wildbl\u00fctenhonig ist eine der reinsten Honigsorten, die von Verbrauchern bevorzugt werden wegen seiner reichen, aber nicht \u00fcberw\u00e4ltigenden S\u00fc\u00dfe, seiner nat\u00fcrlichen Bernsteinfarbe und seinem unverwechselbaren Aroma, das von keiner anderen Honigsorte erreicht werden kann.","breadcrumb":{"@id":"https:\/\/maison-chance.org\/shop\/de\/produkt\/kaffeebluetenhonig#breadcrumb"},"inLanguage":"de","potentialAction":[{"@type":"ReadAction","target":["https:\/\/maison-chance.org\/shop\/de\/produkt\/kaffeebluetenhonig"]}]},{"@type":"ImageObject","inLanguage":"de","@id":"https:\/\/maison-chance.org\/shop\/de\/produkt\/kaffeebluetenhonig#primaryimage","url":"https:\/\/maison-chance.org\/shop\/wp-content\/uploads\/2026\/01\/mat-ong-web.png","contentUrl":"https:\/\/maison-chance.org\/shop\/wp-content\/uploads\/2026\/01\/mat-ong-web.png","width":1080,"height":1080},{"@type":"BreadcrumbList","@id":"https:\/\/maison-chance.org\/shop\/de\/produkt\/kaffeebluetenhonig#breadcrumb","itemListElement":[{"@type":"ListItem","position":1,"name":"Trang ch\u1ee7","item":"https:\/\/maison-chance.org\/shop\/de"},{"@type":"ListItem","position":2,"name":"Shop","item":"https:\/\/maison-chance.org\/shop\/shop"},{"@type":"ListItem","position":3,"name":"Kaffeebl\u00fctenhonig"}]},{"@type":"WebSite","@id":"https:\/\/maison-chance.org\/shop\/de#website","url":"https:\/\/maison-chance.org\/shop\/de","name":"Nh\u00e0 May M\u1eafn - Maison Chance","description":"M\u1ecdi l\u1ee3i nhu\u1eadn thu v\u1ec1 t\u1eeb vi\u1ec7c b\u00e1n h\u00e0ng s\u1ebd tr\u00edch m\u1ed9t ph\u1ea7n \u0111\u1ec3 ch\u0103m lo cho \u0111\u1eddi s\u1ed1ng c\u00e1c b\u1ea1n khuy\u1ebft t\u1eadt v\u00e0 tr\u1ebb m\u1ed3 c\u00f4i \u1edf \u0111\u00e2y","publisher":{"@id":"https:\/\/maison-chance.org\/shop\/de#organization"},"potentialAction":[{"@type":"SearchAction","target":{"@type":"EntryPoint","urlTemplate":"https:\/\/maison-chance.org\/shop\/de?s={search_term_string}"},"query-input":{"@type":"PropertyValueSpecification","valueRequired":true,"valueName":"search_term_string"}}],"inLanguage":"de"},{"@type":"Organization","@id":"https:\/\/maison-chance.org\/shop\/de#organization","name":"Nh\u00e0 May M\u1eafn - Maison Chance","url":"https:\/\/maison-chance.org\/shop\/de","logo":{"@type":"ImageObject","inLanguage":"de","@id":"https:\/\/maison-chance.org\/shop\/de#\/schema\/logo\/image\/","url":"https:\/\/maison-chance.org\/shop\/wp-content\/uploads\/2024\/03\/cropped-Logo_DNXH.png","contentUrl":"https:\/\/maison-chance.org\/shop\/wp-content\/uploads\/2024\/03\/cropped-Logo_DNXH.png","width":512,"height":512,"caption":"Nh\u00e0 May M\u1eafn - Maison Chance"},"image":{"@id":"https:\/\/maison-chance.org\/shop\/de#\/schema\/logo\/image\/"},"sameAs":["https:\/\/www.facebook.com\/dnxh.nhamayman\/"]}]},"product_price_amount":"4.88","product_price_currency":"EUR","og_availability":"instock","product_availability":"instock","product_condition":"new"},"_links":{"self":[{"href":"https:\/\/maison-chance.org\/shop\/de\/wp-json\/wp\/v2\/product\/35746","targetHints":{"allow":["GET"]}}],"collection":[{"href":"https:\/\/maison-chance.org\/shop\/de\/wp-json\/wp\/v2\/product"}],"about":[{"href":"https:\/\/maison-chance.org\/shop\/de\/wp-json\/wp\/v2\/types\/product"}],"wp:featuredmedia":[{"embeddable":true,"href":"https:\/\/maison-chance.org\/shop\/de\/wp-json\/wp\/v2\/media\/42101"}],"wp:attachment":[{"href":"https:\/\/maison-chance.org\/shop\/de\/wp-json\/wp\/v2\/media?parent=35746"}],"wp:term":[{"taxonomy":"product_brand","embeddable":true,"href":"https:\/\/maison-chance.org\/shop\/de\/wp-json\/wp\/v2\/product_brand?post=35746"},{"taxonomy":"product_cat","embeddable":true,"href":"https:\/\/maison-chance.org\/shop\/de\/wp-json\/wp\/v2\/product_cat?post=35746"},{"taxonomy":"product_tag","embeddable":true,"href":"https:\/\/maison-chance.org\/shop\/de\/wp-json\/wp\/v2\/product_tag?post=35746"}],"curies":[{"name":"wp","href":"https:\/\/api.w.org\/{rel}","templated":true}]}}