{"id":35758,"date":"2024-03-27T21:12:08","date_gmt":"2024-03-27T14:12:08","guid":{"rendered":"https:\/\/maison-chance.org\/shop\/san-pham\/getrocknete-cashewnuesse-von-maison-chance-dak-nong"},"modified":"2024-11-06T14:08:49","modified_gmt":"2024-11-06T07:08:49","slug":"getrocknete-cashewnuesse-von-maison-chance-dak-nong","status":"publish","type":"product","link":"https:\/\/maison-chance.org\/shop\/de\/produkt\/getrocknete-cashewnuesse-von-maison-chance-dak-nong","title":{"rendered":"Getrocknete Cashewn\u00fcsse von Maison Chance, \u0110\u1eafk N\u00f4ng"},"content":{"rendered":"<p style=\"text-align: center;\"><strong>BIO GETROCKNETE CASHEW-N\u00dcSSE VON MAISON CHANCE DAK NONG<\/strong><\/p>\n<p style=\"text-align: justify;\">Cashewn\u00fcsse sind eine der sehr gesunden Nusssorten. Cashewn\u00fcsse enthalten viele Proteine und organisch leicht absorbierbare Mineralien wie Magnesium, Kupfer, Zink, Eisen, Kalzium, Kalium, Mangan, Natrium, Phosphor, Schwefel&#8230; sowie einfach und mehrfach unges\u00e4ttigte Fetts\u00e4uren, Ballaststoffe und Antioxidantien&#8230;<\/p>\n<p style=\"text-align: justify;\">Durch den N\u00e4hrwert sind Cashewn\u00fcsse sehr gut f\u00fcr die Herzgesundheit, da sie eine hohe Menge an \u00d6ls\u00e4ure (unges\u00e4ttigte Fetts\u00e4uren) enthalten, die Herzerkrankungen vorbeugen kann. Der Kupfergehalt in Cashewn\u00fcssen ist auch vorteilhaft f\u00fcr die Verbesserung der Haarfarbe und -gesundheit. Aufgrund des hohen Gehalts an unges\u00e4ttigten Fetts\u00e4uren kann der t\u00e4gliche Verzehr von Cashewn\u00fcssen bei der Gewichtskontrolle helfen.<\/p>\n<p style=\"text-align: justify;\">Mit dem Wunsch, eine eigene Marke zu schaffen, Unterst\u00fctzung f\u00fcr Besch\u00e4ftigung und Einkommen f\u00fcr die hier ans\u00e4ssigen Menschen mit Behinderungen, sowie Verbesserung ihrer Lebensqualit\u00e4t.<\/p>\n<p style=\"text-align: justify;\">Mit diesem Verst\u00e4ndnis hat Maison Chance nach sauberen Cashewn\u00fcssen gesucht, Produktionsprozesse, Verpackung und Lagerung gepr\u00fcft. In der Hoffnung, ein Qualit\u00e4tsprodukt, die Quintessenz der verschiedenen Nusssorten und eine nachhaltige Gesundheit zu bieten.<\/p>\n<p style=\"text-align: justify;\">Die hier ans\u00e4ssigen Menschen mit Behinderungen haben sorgf\u00e4ltig 4,5 kg Rohcashewn\u00fcsse ausgew\u00e4hlt, um 1 kg fertige Cashewn\u00fcsse herzustellen &#8211; sauber, sch\u00f6n und lecker.<\/p>\n<p style=\"text-align: justify;\"><strong><u>Maison Chance-Produkte sind absolut OHNE:<\/u><\/strong><\/p>\n<ul style=\"text-align: justify;\">\n<li><strong>KONSERVIERUNGSSTOFFE<\/strong><\/li>\n<li><strong>REINIGUNGSMITTEL<\/strong><\/li>\n<li><strong>ANDERE CHEMISCHE INHALTSSTOFFE<\/strong><\/li>\n<\/ul>\n<p style=\"text-align: justify;\">Cashewn\u00fcsse werden oft als t\u00e4glicher Snack verwendet. Au\u00dferdem werden Cashewn\u00fcsse zum Zubereiten von Gerichten wie Braten, Schmoren, Suppen, Cashewnuss-Saucen f\u00fcr Salate und Toppings f\u00fcr Desserts aus Cashewn\u00fcssen verwendet. Cashewmilch wird auch aufgrund ihres Aromas, ihrer S\u00fc\u00dfe und ihres cremigen Geschmacks sehr gesch\u00e4tzt.<\/p>\n<p style=\"text-align: justify;\">\u201c<em>Aller erzielten Gewinn aus dem Verkauf wird ein Teil verwendet, um das Leben der Menschen mit Behinderungen hier zu unterst\u00fctzen und zu verbessern. Der Rest wird zur Deckung und Abwicklung der anderen Kosten verwendet.\u201d<\/em><\/p>\n","protected":false},"excerpt":{"rendered":"<p>&#8211; Nettogewicht: 250 g<br \/>\n&#8211; Typ: Gesch\u00e4lte Cashewn\u00fcsse<br \/>\n&#8211; Haltbarkeit: 6 Monate<br \/>\n&#8211; Aufbewahrung: Nach dem \u00d6ffnen gut verschlie\u00dfen und an einem k\u00fchlen Ort bei Raumtemperatur aufbewahren.<br \/>\n&#8211; Cashewn\u00fcsse haben den Nutzen, Herz, Nervensystem und Muskeln gesund zu halten, sie unterst\u00fctzen die Bildung von roten Blutk\u00f6rperchen, und tragen zur Verbesserung der Gesundheit von Knochen und Z\u00e4hnen bei&#8230;<\/p>\n<p style=\"text-align: justify;\"><strong>Hinweis<\/strong>: Dieses Produkt ist derzeit nur auf dem vietnamesischen Markt erh\u00e4ltlich. Wenn Sie sich derzeit in Vietnam befinden und einen Kauf w\u00fcnschen, kontaktieren Sie uns bitte \u00fcber unsere Fanpage: <a href=\"https:\/\/www.facebook.com\/dnxh.nhamayman\">facebook.com\/dnxh.nhamayman<\/a> oder unsere Hotline: <span style=\"font-size: 20px;\"><strong><span style=\"color: #ff0000;\">0909 06 25 28<\/span><\/strong><\/span>. Vielen herzlichen Dank!<\/p \n\n","protected":false},"featured_media":42097,"template":"","meta":[],"product_brand":[],"product_cat":[205,202],"product_tag":[],"class_list":{"0":"post-35758","1":"product","2":"type-product","3":"status-publish","4":"has-post-thumbnail","6":"product_cat-getrocknete-landwirtschaftliche-produkte","7":"product_cat-landwirtschaftliche-produkte-aus-dak-nong","9":"first","10":"instock","11":"shipping-taxable","12":"purchasable","13":"product-type-simple"},"yoast_head":"<!-- This site is optimized with the Yoast SEO Premium plugin v22.7 (Yoast SEO v25.3.1) - https:\/\/yoast.com\/wordpress\/plugins\/seo\/ -->\n<title>Getrocknete Cashewn\u00fcsse von Maison Chance, \u0110\u1eafk N\u00f4ng - Nh\u00e0 May M\u1eafn - Maison Chance<\/title>\n<meta name=\"description\" content=\"Cashewn\u00fcsse, ger\u00f6stet von Lucky House Dak Nong, sind eine der sehr nahrhaften N\u00fcsse f\u00fcr die Gesundheit. Die behinderten Br\u00fcder und Schwestern hier haben kontinuierlich sorgf\u00e4ltig 4,5 kg rohe Cashewn\u00fcsse ausgew\u00e4hlt, um 1 kg fertige Cashewn\u00fcsse herzustellen, die sauber, sch\u00f6n und k\u00f6stlich duftend sind.\" \/>\n<meta name=\"robots\" content=\"index, follow, max-snippet:-1, max-image-preview:large, max-video-preview:-1\" \/>\n<link rel=\"canonical\" href=\"https:\/\/maison-chance.org\/shop\/de\/produkt\/getrocknete-cashewnuesse-von-maison-chance-dak-nong\" \/>\n<meta property=\"og:locale\" content=\"de_DE\" \/>\n<meta property=\"og:type\" content=\"article\" \/>\n<meta property=\"og:title\" content=\"Getrocknete Cashewn\u00fcsse von Maison Chance, \u0110\u1eafk N\u00f4ng\" \/>\n<meta property=\"og:description\" content=\"Cashewn\u00fcsse, ger\u00f6stet von Lucky House Dak Nong, sind eine der sehr nahrhaften N\u00fcsse f\u00fcr die Gesundheit. Die behinderten Br\u00fcder und Schwestern hier haben kontinuierlich sorgf\u00e4ltig 4,5 kg rohe Cashewn\u00fcsse ausgew\u00e4hlt, um 1 kg fertige Cashewn\u00fcsse herzustellen, die sauber, sch\u00f6n und k\u00f6stlich duftend sind.\" \/>\n<meta property=\"og:url\" content=\"https:\/\/maison-chance.org\/shop\/de\/produkt\/getrocknete-cashewnuesse-von-maison-chance-dak-nong\" \/>\n<meta property=\"og:site_name\" content=\"Nh\u00e0 May M\u1eafn - Maison Chance\" \/>\n<meta property=\"article:publisher\" content=\"https:\/\/www.facebook.com\/dnxh.nhamayman\/\" \/>\n<meta property=\"article:modified_time\" content=\"2024-11-06T07:08:49+00:00\" \/>\n<meta property=\"og:image\" content=\"https:\/\/maison-chance.org\/shop\/wp-content\/uploads\/2024\/03\/hat-dieu-say-1.jpg\" \/>\n\t<meta property=\"og:image:width\" content=\"1000\" \/>\n\t<meta property=\"og:image:height\" content=\"1000\" \/>\n\t<meta property=\"og:image:type\" content=\"image\/jpeg\" \/>\n<meta name=\"twitter:card\" content=\"summary_large_image\" \/>\n<meta name=\"twitter:label1\" content=\"Preis\" \/>\n\t<meta name=\"twitter:data1\" content=\"&euro;3.40\" \/>\n\t<meta name=\"twitter:label2\" content=\"Verf\u00fcgbarkeit\" \/>\n\t<meta name=\"twitter:data2\" content=\"Auf Lager\" \/>\n<script type=\"application\/ld+json\" class=\"yoast-schema-graph\">{\"@context\":\"https:\/\/schema.org\",\"@graph\":[{\"@type\":\"WebPage\",\"@id\":\"https:\/\/maison-chance.org\/shop\/de\/produkt\/getrocknete-cashewnuesse-von-maison-chance-dak-nong\",\"url\":\"https:\/\/maison-chance.org\/shop\/de\/produkt\/getrocknete-cashewnuesse-von-maison-chance-dak-nong\",\"name\":\"Getrocknete Cashewn\u00fcsse von Maison Chance, \u0110\u1eafk N\u00f4ng - Nh\u00e0 May M\u1eafn - Maison Chance\",\"isPartOf\":{\"@id\":\"https:\/\/maison-chance.org\/shop\/de#website\"},\"primaryImageOfPage\":{\"@id\":\"https:\/\/maison-chance.org\/shop\/de\/produkt\/getrocknete-cashewnuesse-von-maison-chance-dak-nong#primaryimage\"},\"image\":{\"@id\":\"https:\/\/maison-chance.org\/shop\/de\/produkt\/getrocknete-cashewnuesse-von-maison-chance-dak-nong#primaryimage\"},\"thumbnailUrl\":\"https:\/\/maison-chance.org\/shop\/wp-content\/uploads\/2026\/01\/hat-dieu-say-web.png\",\"datePublished\":\"2024-03-27T14:12:08+00:00\",\"dateModified\":\"2024-11-06T07:08:49+00:00\",\"description\":\"Cashewn\u00fcsse, ger\u00f6stet von Lucky House Dak Nong, sind eine der sehr nahrhaften N\u00fcsse f\u00fcr die Gesundheit. Die behinderten Br\u00fcder und Schwestern hier haben kontinuierlich sorgf\u00e4ltig 4,5 kg rohe Cashewn\u00fcsse ausgew\u00e4hlt, um 1 kg fertige Cashewn\u00fcsse herzustellen, die sauber, sch\u00f6n und k\u00f6stlich duftend sind.\",\"breadcrumb\":{\"@id\":\"https:\/\/maison-chance.org\/shop\/de\/produkt\/getrocknete-cashewnuesse-von-maison-chance-dak-nong#breadcrumb\"},\"inLanguage\":\"de\",\"potentialAction\":[{\"@type\":\"ReadAction\",\"target\":[\"https:\/\/maison-chance.org\/shop\/de\/produkt\/getrocknete-cashewnuesse-von-maison-chance-dak-nong\"]}]},{\"@type\":\"ImageObject\",\"inLanguage\":\"de\",\"@id\":\"https:\/\/maison-chance.org\/shop\/de\/produkt\/getrocknete-cashewnuesse-von-maison-chance-dak-nong#primaryimage\",\"url\":\"https:\/\/maison-chance.org\/shop\/wp-content\/uploads\/2026\/01\/hat-dieu-say-web.png\",\"contentUrl\":\"https:\/\/maison-chance.org\/shop\/wp-content\/uploads\/2026\/01\/hat-dieu-say-web.png\",\"width\":1080,\"height\":1080},{\"@type\":\"BreadcrumbList\",\"@id\":\"https:\/\/maison-chance.org\/shop\/de\/produkt\/getrocknete-cashewnuesse-von-maison-chance-dak-nong#breadcrumb\",\"itemListElement\":[{\"@type\":\"ListItem\",\"position\":1,\"name\":\"Trang ch\u1ee7\",\"item\":\"https:\/\/maison-chance.org\/shop\/de\"},{\"@type\":\"ListItem\",\"position\":2,\"name\":\"Shop\",\"item\":\"https:\/\/maison-chance.org\/shop\/shop\"},{\"@type\":\"ListItem\",\"position\":3,\"name\":\"Getrocknete Cashewn\u00fcsse von Maison Chance, \u0110\u1eafk N\u00f4ng\"}]},{\"@type\":\"WebSite\",\"@id\":\"https:\/\/maison-chance.org\/shop\/de#website\",\"url\":\"https:\/\/maison-chance.org\/shop\/de\",\"name\":\"Nh\u00e0 May M\u1eafn - Maison Chance\",\"description\":\"M\u1ecdi l\u1ee3i nhu\u1eadn thu v\u1ec1 t\u1eeb vi\u1ec7c b\u00e1n h\u00e0ng s\u1ebd tr\u00edch m\u1ed9t ph\u1ea7n \u0111\u1ec3 ch\u0103m lo cho \u0111\u1eddi s\u1ed1ng c\u00e1c b\u1ea1n khuy\u1ebft t\u1eadt v\u00e0 tr\u1ebb m\u1ed3 c\u00f4i \u1edf \u0111\u00e2y\",\"publisher\":{\"@id\":\"https:\/\/maison-chance.org\/shop\/de#organization\"},\"potentialAction\":[{\"@type\":\"SearchAction\",\"target\":{\"@type\":\"EntryPoint\",\"urlTemplate\":\"https:\/\/maison-chance.org\/shop\/de?s={search_term_string}\"},\"query-input\":{\"@type\":\"PropertyValueSpecification\",\"valueRequired\":true,\"valueName\":\"search_term_string\"}}],\"inLanguage\":\"de\"},{\"@type\":\"Organization\",\"@id\":\"https:\/\/maison-chance.org\/shop\/de#organization\",\"name\":\"Nh\u00e0 May M\u1eafn - Maison Chance\",\"url\":\"https:\/\/maison-chance.org\/shop\/de\",\"logo\":{\"@type\":\"ImageObject\",\"inLanguage\":\"de\",\"@id\":\"https:\/\/maison-chance.org\/shop\/de#\/schema\/logo\/image\/\",\"url\":\"https:\/\/maison-chance.org\/shop\/wp-content\/uploads\/2024\/03\/cropped-Logo_DNXH.png\",\"contentUrl\":\"https:\/\/maison-chance.org\/shop\/wp-content\/uploads\/2024\/03\/cropped-Logo_DNXH.png\",\"width\":512,\"height\":512,\"caption\":\"Nh\u00e0 May M\u1eafn - Maison Chance\"},\"image\":{\"@id\":\"https:\/\/maison-chance.org\/shop\/de#\/schema\/logo\/image\/\"},\"sameAs\":[\"https:\/\/www.facebook.com\/dnxh.nhamayman\/\"]}]}<\/script>\n<meta property=\"product:price:amount\" content=\"3.40\" \/>\n<meta property=\"product:price:currency\" content=\"EUR\" \/>\n<meta property=\"og:availability\" content=\"instock\" \/>\n<meta property=\"product:availability\" content=\"instock\" \/>\n<meta property=\"product:condition\" content=\"new\" \/>\n<!-- \/ Yoast SEO Premium plugin. -->","yoast_head_json":{"title":"Getrocknete Cashewn\u00fcsse von Maison Chance, \u0110\u1eafk N\u00f4ng - Nh\u00e0 May M\u1eafn - Maison Chance","description":"Cashewn\u00fcsse, ger\u00f6stet von Lucky House Dak Nong, sind eine der sehr nahrhaften N\u00fcsse f\u00fcr die Gesundheit. Die behinderten Br\u00fcder und Schwestern hier haben kontinuierlich sorgf\u00e4ltig 4,5 kg rohe Cashewn\u00fcsse ausgew\u00e4hlt, um 1 kg fertige Cashewn\u00fcsse herzustellen, die sauber, sch\u00f6n und k\u00f6stlich duftend sind.","robots":{"index":"index","follow":"follow","max-snippet":"max-snippet:-1","max-image-preview":"max-image-preview:large","max-video-preview":"max-video-preview:-1"},"canonical":"https:\/\/maison-chance.org\/shop\/de\/produkt\/getrocknete-cashewnuesse-von-maison-chance-dak-nong","og_locale":"de_DE","og_type":"article","og_title":"Getrocknete Cashewn\u00fcsse von Maison Chance, \u0110\u1eafk N\u00f4ng","og_description":"Cashewn\u00fcsse, ger\u00f6stet von Lucky House Dak Nong, sind eine der sehr nahrhaften N\u00fcsse f\u00fcr die Gesundheit. Die behinderten Br\u00fcder und Schwestern hier haben kontinuierlich sorgf\u00e4ltig 4,5 kg rohe Cashewn\u00fcsse ausgew\u00e4hlt, um 1 kg fertige Cashewn\u00fcsse herzustellen, die sauber, sch\u00f6n und k\u00f6stlich duftend sind.","og_url":"https:\/\/maison-chance.org\/shop\/de\/produkt\/getrocknete-cashewnuesse-von-maison-chance-dak-nong","og_site_name":"Nh\u00e0 May M\u1eafn - Maison Chance","article_publisher":"https:\/\/www.facebook.com\/dnxh.nhamayman\/","article_modified_time":"2024-11-06T07:08:49+00:00","og_image":[{"width":1000,"height":1000,"url":"https:\/\/maison-chance.org\/shop\/wp-content\/uploads\/2024\/03\/hat-dieu-say-1.jpg","type":"image\/jpeg"}],"twitter_card":"summary_large_image","twitter_misc":{"Preis":"&euro;3.40","Verf\u00fcgbarkeit":"Auf Lager"},"schema":{"@context":"https:\/\/schema.org","@graph":[{"@type":"WebPage","@id":"https:\/\/maison-chance.org\/shop\/de\/produkt\/getrocknete-cashewnuesse-von-maison-chance-dak-nong","url":"https:\/\/maison-chance.org\/shop\/de\/produkt\/getrocknete-cashewnuesse-von-maison-chance-dak-nong","name":"Getrocknete Cashewn\u00fcsse von Maison Chance, \u0110\u1eafk N\u00f4ng - Nh\u00e0 May M\u1eafn - Maison Chance","isPartOf":{"@id":"https:\/\/maison-chance.org\/shop\/de#website"},"primaryImageOfPage":{"@id":"https:\/\/maison-chance.org\/shop\/de\/produkt\/getrocknete-cashewnuesse-von-maison-chance-dak-nong#primaryimage"},"image":{"@id":"https:\/\/maison-chance.org\/shop\/de\/produkt\/getrocknete-cashewnuesse-von-maison-chance-dak-nong#primaryimage"},"thumbnailUrl":"https:\/\/maison-chance.org\/shop\/wp-content\/uploads\/2026\/01\/hat-dieu-say-web.png","datePublished":"2024-03-27T14:12:08+00:00","dateModified":"2024-11-06T07:08:49+00:00","description":"Cashewn\u00fcsse, ger\u00f6stet von Lucky House Dak Nong, sind eine der sehr nahrhaften N\u00fcsse f\u00fcr die Gesundheit. Die behinderten Br\u00fcder und Schwestern hier haben kontinuierlich sorgf\u00e4ltig 4,5 kg rohe Cashewn\u00fcsse ausgew\u00e4hlt, um 1 kg fertige Cashewn\u00fcsse herzustellen, die sauber, sch\u00f6n und k\u00f6stlich duftend sind.","breadcrumb":{"@id":"https:\/\/maison-chance.org\/shop\/de\/produkt\/getrocknete-cashewnuesse-von-maison-chance-dak-nong#breadcrumb"},"inLanguage":"de","potentialAction":[{"@type":"ReadAction","target":["https:\/\/maison-chance.org\/shop\/de\/produkt\/getrocknete-cashewnuesse-von-maison-chance-dak-nong"]}]},{"@type":"ImageObject","inLanguage":"de","@id":"https:\/\/maison-chance.org\/shop\/de\/produkt\/getrocknete-cashewnuesse-von-maison-chance-dak-nong#primaryimage","url":"https:\/\/maison-chance.org\/shop\/wp-content\/uploads\/2026\/01\/hat-dieu-say-web.png","contentUrl":"https:\/\/maison-chance.org\/shop\/wp-content\/uploads\/2026\/01\/hat-dieu-say-web.png","width":1080,"height":1080},{"@type":"BreadcrumbList","@id":"https:\/\/maison-chance.org\/shop\/de\/produkt\/getrocknete-cashewnuesse-von-maison-chance-dak-nong#breadcrumb","itemListElement":[{"@type":"ListItem","position":1,"name":"Trang ch\u1ee7","item":"https:\/\/maison-chance.org\/shop\/de"},{"@type":"ListItem","position":2,"name":"Shop","item":"https:\/\/maison-chance.org\/shop\/shop"},{"@type":"ListItem","position":3,"name":"Getrocknete Cashewn\u00fcsse von Maison Chance, \u0110\u1eafk N\u00f4ng"}]},{"@type":"WebSite","@id":"https:\/\/maison-chance.org\/shop\/de#website","url":"https:\/\/maison-chance.org\/shop\/de","name":"Nh\u00e0 May M\u1eafn - Maison Chance","description":"M\u1ecdi l\u1ee3i nhu\u1eadn thu v\u1ec1 t\u1eeb vi\u1ec7c b\u00e1n h\u00e0ng s\u1ebd tr\u00edch m\u1ed9t ph\u1ea7n \u0111\u1ec3 ch\u0103m lo cho \u0111\u1eddi s\u1ed1ng c\u00e1c b\u1ea1n khuy\u1ebft t\u1eadt v\u00e0 tr\u1ebb m\u1ed3 c\u00f4i \u1edf \u0111\u00e2y","publisher":{"@id":"https:\/\/maison-chance.org\/shop\/de#organization"},"potentialAction":[{"@type":"SearchAction","target":{"@type":"EntryPoint","urlTemplate":"https:\/\/maison-chance.org\/shop\/de?s={search_term_string}"},"query-input":{"@type":"PropertyValueSpecification","valueRequired":true,"valueName":"search_term_string"}}],"inLanguage":"de"},{"@type":"Organization","@id":"https:\/\/maison-chance.org\/shop\/de#organization","name":"Nh\u00e0 May M\u1eafn - Maison Chance","url":"https:\/\/maison-chance.org\/shop\/de","logo":{"@type":"ImageObject","inLanguage":"de","@id":"https:\/\/maison-chance.org\/shop\/de#\/schema\/logo\/image\/","url":"https:\/\/maison-chance.org\/shop\/wp-content\/uploads\/2024\/03\/cropped-Logo_DNXH.png","contentUrl":"https:\/\/maison-chance.org\/shop\/wp-content\/uploads\/2024\/03\/cropped-Logo_DNXH.png","width":512,"height":512,"caption":"Nh\u00e0 May M\u1eafn - Maison Chance"},"image":{"@id":"https:\/\/maison-chance.org\/shop\/de#\/schema\/logo\/image\/"},"sameAs":["https:\/\/www.facebook.com\/dnxh.nhamayman\/"]}]},"product_price_amount":"3.40","product_price_currency":"EUR","og_availability":"instock","product_availability":"instock","product_condition":"new"},"_links":{"self":[{"href":"https:\/\/maison-chance.org\/shop\/de\/wp-json\/wp\/v2\/product\/35758","targetHints":{"allow":["GET"]}}],"collection":[{"href":"https:\/\/maison-chance.org\/shop\/de\/wp-json\/wp\/v2\/product"}],"about":[{"href":"https:\/\/maison-chance.org\/shop\/de\/wp-json\/wp\/v2\/types\/product"}],"wp:featuredmedia":[{"embeddable":true,"href":"https:\/\/maison-chance.org\/shop\/de\/wp-json\/wp\/v2\/media\/42097"}],"wp:attachment":[{"href":"https:\/\/maison-chance.org\/shop\/de\/wp-json\/wp\/v2\/media?parent=35758"}],"wp:term":[{"taxonomy":"product_brand","embeddable":true,"href":"https:\/\/maison-chance.org\/shop\/de\/wp-json\/wp\/v2\/product_brand?post=35758"},{"taxonomy":"product_cat","embeddable":true,"href":"https:\/\/maison-chance.org\/shop\/de\/wp-json\/wp\/v2\/product_cat?post=35758"},{"taxonomy":"product_tag","embeddable":true,"href":"https:\/\/maison-chance.org\/shop\/de\/wp-json\/wp\/v2\/product_tag?post=35758"}],"curies":[{"name":"wp","href":"https:\/\/api.w.org\/{rel}","templated":true}]}}