{"id":35766,"date":"2024-03-27T21:21:02","date_gmt":"2024-03-27T14:21:02","guid":{"rendered":"https:\/\/maison-chance.org\/shop\/san-pham\/stein-essstaebchenablage"},"modified":"2024-07-24T10:45:25","modified_gmt":"2024-07-24T03:45:25","slug":"stein-essstaebchenablage","status":"publish","type":"product","link":"https:\/\/maison-chance.org\/shop\/de\/produkt\/stein-essstaebchenablage","title":{"rendered":"Stein Essst\u00e4bchenablage"},"content":{"rendered":"<p style=\"text-align: justify;\">Haben Sie schon einmal von dem Essst\u00e4bchenablage aus Serpentin-Stein geh\u00f6rt &#8211; ein Produkt, das nicht nur praktisch ist, sondern auch die Gemeinschaft behinderter Menschen unterst\u00fctzt? Heute freuen wir uns, Ihnen dieses Produkt vorstellen zu k\u00f6nnen, in der Hoffnung, Unterst\u00fctzung von allen zu erhalten, um gemeinsam eine zivilisierte, mitf\u00fchlende und inklusive Gesellschaft aufzubauen.<\/p>\n<p>&nbsp;<\/p>\n<p style=\"text-align: justify;\">1. Hauptmerkmale des Essst\u00e4bchenablage aus Serpentin-Stein:<\/p>\n<p style=\"text-align: justify;\">a. Nat\u00fcrliches Material: Serpentin-Stein ist ein Naturstein mit hervorragender Rutschfestigkeit und Hitzebest\u00e4ndigkeit, was w\u00e4hrend der Verwendung f\u00fcr ein beruhigendes Gef\u00fchl sorgt.<\/p>\n<p style=\"text-align: justify;\">b. Elegantes Design: Mit seiner klaren, quadratischen Form und der nat\u00fcrlichen Steinfarbe verleiht das Produkt Ihrem Essbereich eine elegante Note.<\/p>\n<p style=\"text-align: justify;\">c. Praktische Gr\u00f6\u00dfe: Mit den Abmessungen von 7,5 x 6,5 cm ist die Essst\u00e4bchenablage aus Serpentin-Stein f\u00fcr die meisten g\u00e4ngigen L\u00f6ffel und Gabeln geeignet.<\/p>\n<p style=\"text-align: justify;\">2. Vorteile der Verwendung der Essst\u00e4bchenablage aus Serpentin-Stein:<\/p>\n<p style=\"text-align: justify;\">a. Tischschutz: Die Ablage verhindert Kratzer und Besch\u00e4digungen der Tischoberfl\u00e4che und bewahrt den Essbereich stets in einem frischen und neuen Zustand.<\/p>\n<p style=\"text-align: justify;\">b. Rutschfest: Die rutschfeste Eigenschaft des Serpentin-Steins stabilisiert L\u00f6ffel und Gabeln w\u00e4hrend der Verwendung und verhindert unerw\u00fcnschte Unf\u00e4lle.<\/p>\n<p style=\"text-align: justify;\">c. Leicht zu reinigen: Serpentin-Stein ist wasserfest und leicht zu reinigen, was die Reinigungszeit nach der Verwendung einspart.<\/p>\n<p style=\"text-align: justify;\">Die Essst\u00e4bchenablage aus Serpentin-Stein bietet nicht nur eine herausragende N\u00fctzlichkeit, sondern hat auch eine tiefe soziale Bedeutung. Dieses Produkt wird von Menschen mit Behinderungen bei Maison Chance hergestellt, wo sie die M\u00f6glichkeit haben, ihre F\u00e4higkeiten zu entwickeln und ihren Lebensunterhalt zu verdienen. Wenn Sie dieses Produkt kaufen, erwerben Sie nicht nur ein Qualit\u00e4tsprodukt, sondern tragen auch dazu bei, das Leben von Menschen mit Behinderungen zu verbessern.<\/p>\n","protected":false},"excerpt":{"rendered":"<p>Material: Serpentin-Stein<br \/>\nGewicht: 86 Gramm<br \/>\nAbmessungen: 7,5 x 6,5 cm<br \/>\nCode: TU13<\/p>\n<p>Hotline: <span style=\"font-size: 20px;\"><strong><span style=\"color: #ff0000;\">0909 06 25 28<\/span><\/strong><\/span><\/p>\n","protected":false},"featured_media":35763,"template":"","meta":[],"product_brand":[],"product_cat":[286,271],"product_tag":[],"class_list":{"0":"post-35766","1":"product","2":"type-product","3":"status-publish","4":"has-post-thumbnail","6":"product_cat-andere-produkte","7":"product_cat-steinmetzzimmer","9":"first","10":"instock","11":"shipping-taxable","12":"purchasable","13":"product-type-simple"},"yoast_head":"<!-- This site is optimized with the Yoast SEO Premium plugin v22.7 (Yoast SEO v25.3.1) - https:\/\/yoast.com\/wordpress\/plugins\/seo\/ -->\n<title>Stein Essst\u00e4bchenablage - Nh\u00e0 May M\u1eafn - Maison Chance<\/title>\n<meta name=\"description\" content=\"Serpentin Steinst\u00e4bchenablage - ein Naturprodukt, rutschfest und hitzebest\u00e4ndig. Sch\u00fctzen Sie Ihren Esstisch, verhindern Sie Kratzer und Sch\u00e4den. Der Kauf dieses Produkts unterst\u00fctzt auch Menschen mit Behinderungen\" \/>\n<meta name=\"robots\" content=\"index, follow, max-snippet:-1, max-image-preview:large, max-video-preview:-1\" \/>\n<link rel=\"canonical\" href=\"https:\/\/maison-chance.org\/shop\/de\/produkt\/stein-essstaebchenablage\" \/>\n<meta property=\"og:locale\" content=\"de_DE\" \/>\n<meta property=\"og:type\" content=\"article\" \/>\n<meta property=\"og:title\" content=\"Stein Essst\u00e4bchenablage\" \/>\n<meta property=\"og:description\" content=\"Serpentin Steinst\u00e4bchenablage - ein Naturprodukt, rutschfest und hitzebest\u00e4ndig. Sch\u00fctzen Sie Ihren Esstisch, verhindern Sie Kratzer und Sch\u00e4den. Der Kauf dieses Produkts unterst\u00fctzt auch Menschen mit Behinderungen\" \/>\n<meta property=\"og:url\" content=\"https:\/\/maison-chance.org\/shop\/de\/produkt\/stein-essstaebchenablage\" \/>\n<meta property=\"og:site_name\" content=\"Nh\u00e0 May M\u1eafn - Maison Chance\" \/>\n<meta property=\"article:publisher\" content=\"https:\/\/www.facebook.com\/dnxh.nhamayman\/\" \/>\n<meta property=\"article:modified_time\" content=\"2024-07-24T03:45:25+00:00\" \/>\n<meta property=\"og:image\" content=\"https:\/\/maison-chance.org\/shop\/wp-content\/uploads\/2024\/03\/de-lot-muong.jpg\" \/>\n\t<meta property=\"og:image:width\" content=\"600\" \/>\n\t<meta property=\"og:image:height\" content=\"600\" \/>\n\t<meta property=\"og:image:type\" content=\"image\/jpeg\" \/>\n<meta name=\"twitter:card\" content=\"summary_large_image\" \/>\n<meta name=\"twitter:label1\" content=\"Preis\" \/>\n\t<meta name=\"twitter:data1\" content=\"&euro;27.60\" \/>\n\t<meta name=\"twitter:label2\" content=\"Verf\u00fcgbarkeit\" \/>\n\t<meta name=\"twitter:data2\" content=\"Auf Lager\" \/>\n<script type=\"application\/ld+json\" class=\"yoast-schema-graph\">{\"@context\":\"https:\/\/schema.org\",\"@graph\":[{\"@type\":\"WebPage\",\"@id\":\"https:\/\/maison-chance.org\/shop\/de\/produkt\/stein-essstaebchenablage\",\"url\":\"https:\/\/maison-chance.org\/shop\/de\/produkt\/stein-essstaebchenablage\",\"name\":\"Stein Essst\u00e4bchenablage - Nh\u00e0 May M\u1eafn - Maison Chance\",\"isPartOf\":{\"@id\":\"https:\/\/maison-chance.org\/shop\/de#website\"},\"primaryImageOfPage\":{\"@id\":\"https:\/\/maison-chance.org\/shop\/de\/produkt\/stein-essstaebchenablage#primaryimage\"},\"image\":{\"@id\":\"https:\/\/maison-chance.org\/shop\/de\/produkt\/stein-essstaebchenablage#primaryimage\"},\"thumbnailUrl\":\"https:\/\/maison-chance.org\/shop\/wp-content\/uploads\/2024\/03\/de-lot-muong.jpg\",\"datePublished\":\"2024-03-27T14:21:02+00:00\",\"dateModified\":\"2024-07-24T03:45:25+00:00\",\"description\":\"Serpentin Steinst\u00e4bchenablage - ein Naturprodukt, rutschfest und hitzebest\u00e4ndig. Sch\u00fctzen Sie Ihren Esstisch, verhindern Sie Kratzer und Sch\u00e4den. Der Kauf dieses Produkts unterst\u00fctzt auch Menschen mit Behinderungen\",\"breadcrumb\":{\"@id\":\"https:\/\/maison-chance.org\/shop\/de\/produkt\/stein-essstaebchenablage#breadcrumb\"},\"inLanguage\":\"de\",\"potentialAction\":[{\"@type\":\"ReadAction\",\"target\":[\"https:\/\/maison-chance.org\/shop\/de\/produkt\/stein-essstaebchenablage\"]}]},{\"@type\":\"ImageObject\",\"inLanguage\":\"de\",\"@id\":\"https:\/\/maison-chance.org\/shop\/de\/produkt\/stein-essstaebchenablage#primaryimage\",\"url\":\"https:\/\/maison-chance.org\/shop\/wp-content\/uploads\/2024\/03\/de-lot-muong.jpg\",\"contentUrl\":\"https:\/\/maison-chance.org\/shop\/wp-content\/uploads\/2024\/03\/de-lot-muong.jpg\",\"width\":600,\"height\":600,\"caption\":\"Stein Essst\u00e4bchenablage\"},{\"@type\":\"BreadcrumbList\",\"@id\":\"https:\/\/maison-chance.org\/shop\/de\/produkt\/stein-essstaebchenablage#breadcrumb\",\"itemListElement\":[{\"@type\":\"ListItem\",\"position\":1,\"name\":\"Trang ch\u1ee7\",\"item\":\"https:\/\/maison-chance.org\/shop\/de\"},{\"@type\":\"ListItem\",\"position\":2,\"name\":\"Shop\",\"item\":\"https:\/\/maison-chance.org\/shop\/shop\"},{\"@type\":\"ListItem\",\"position\":3,\"name\":\"Stein Essst\u00e4bchenablage\"}]},{\"@type\":\"WebSite\",\"@id\":\"https:\/\/maison-chance.org\/shop\/de#website\",\"url\":\"https:\/\/maison-chance.org\/shop\/de\",\"name\":\"Nh\u00e0 May M\u1eafn - Maison Chance\",\"description\":\"M\u1ecdi l\u1ee3i nhu\u1eadn thu v\u1ec1 t\u1eeb vi\u1ec7c b\u00e1n h\u00e0ng s\u1ebd tr\u00edch m\u1ed9t ph\u1ea7n \u0111\u1ec3 ch\u0103m lo cho \u0111\u1eddi s\u1ed1ng c\u00e1c b\u1ea1n khuy\u1ebft t\u1eadt v\u00e0 tr\u1ebb m\u1ed3 c\u00f4i \u1edf \u0111\u00e2y\",\"publisher\":{\"@id\":\"https:\/\/maison-chance.org\/shop\/de#organization\"},\"potentialAction\":[{\"@type\":\"SearchAction\",\"target\":{\"@type\":\"EntryPoint\",\"urlTemplate\":\"https:\/\/maison-chance.org\/shop\/de?s={search_term_string}\"},\"query-input\":{\"@type\":\"PropertyValueSpecification\",\"valueRequired\":true,\"valueName\":\"search_term_string\"}}],\"inLanguage\":\"de\"},{\"@type\":\"Organization\",\"@id\":\"https:\/\/maison-chance.org\/shop\/de#organization\",\"name\":\"Nh\u00e0 May M\u1eafn - Maison Chance\",\"url\":\"https:\/\/maison-chance.org\/shop\/de\",\"logo\":{\"@type\":\"ImageObject\",\"inLanguage\":\"de\",\"@id\":\"https:\/\/maison-chance.org\/shop\/de#\/schema\/logo\/image\/\",\"url\":\"https:\/\/maison-chance.org\/shop\/wp-content\/uploads\/2024\/03\/cropped-Logo_DNXH.png\",\"contentUrl\":\"https:\/\/maison-chance.org\/shop\/wp-content\/uploads\/2024\/03\/cropped-Logo_DNXH.png\",\"width\":512,\"height\":512,\"caption\":\"Nh\u00e0 May M\u1eafn - Maison Chance\"},\"image\":{\"@id\":\"https:\/\/maison-chance.org\/shop\/de#\/schema\/logo\/image\/\"},\"sameAs\":[\"https:\/\/www.facebook.com\/dnxh.nhamayman\/\"]}]}<\/script>\n<meta property=\"product:price:amount\" content=\"27.60\" \/>\n<meta property=\"product:price:currency\" content=\"EUR\" \/>\n<meta property=\"og:availability\" content=\"instock\" \/>\n<meta property=\"product:availability\" content=\"instock\" \/>\n<meta property=\"product:condition\" content=\"new\" \/>\n<!-- \/ Yoast SEO Premium plugin. -->","yoast_head_json":{"title":"Stein Essst\u00e4bchenablage - Nh\u00e0 May M\u1eafn - Maison Chance","description":"Serpentin Steinst\u00e4bchenablage - ein Naturprodukt, rutschfest und hitzebest\u00e4ndig. Sch\u00fctzen Sie Ihren Esstisch, verhindern Sie Kratzer und Sch\u00e4den. Der Kauf dieses Produkts unterst\u00fctzt auch Menschen mit Behinderungen","robots":{"index":"index","follow":"follow","max-snippet":"max-snippet:-1","max-image-preview":"max-image-preview:large","max-video-preview":"max-video-preview:-1"},"canonical":"https:\/\/maison-chance.org\/shop\/de\/produkt\/stein-essstaebchenablage","og_locale":"de_DE","og_type":"article","og_title":"Stein Essst\u00e4bchenablage","og_description":"Serpentin Steinst\u00e4bchenablage - ein Naturprodukt, rutschfest und hitzebest\u00e4ndig. Sch\u00fctzen Sie Ihren Esstisch, verhindern Sie Kratzer und Sch\u00e4den. Der Kauf dieses Produkts unterst\u00fctzt auch Menschen mit Behinderungen","og_url":"https:\/\/maison-chance.org\/shop\/de\/produkt\/stein-essstaebchenablage","og_site_name":"Nh\u00e0 May M\u1eafn - Maison Chance","article_publisher":"https:\/\/www.facebook.com\/dnxh.nhamayman\/","article_modified_time":"2024-07-24T03:45:25+00:00","og_image":[{"width":600,"height":600,"url":"https:\/\/maison-chance.org\/shop\/wp-content\/uploads\/2024\/03\/de-lot-muong.jpg","type":"image\/jpeg"}],"twitter_card":"summary_large_image","twitter_misc":{"Preis":"&euro;27.60","Verf\u00fcgbarkeit":"Auf Lager"},"schema":{"@context":"https:\/\/schema.org","@graph":[{"@type":"WebPage","@id":"https:\/\/maison-chance.org\/shop\/de\/produkt\/stein-essstaebchenablage","url":"https:\/\/maison-chance.org\/shop\/de\/produkt\/stein-essstaebchenablage","name":"Stein Essst\u00e4bchenablage - Nh\u00e0 May M\u1eafn - Maison Chance","isPartOf":{"@id":"https:\/\/maison-chance.org\/shop\/de#website"},"primaryImageOfPage":{"@id":"https:\/\/maison-chance.org\/shop\/de\/produkt\/stein-essstaebchenablage#primaryimage"},"image":{"@id":"https:\/\/maison-chance.org\/shop\/de\/produkt\/stein-essstaebchenablage#primaryimage"},"thumbnailUrl":"https:\/\/maison-chance.org\/shop\/wp-content\/uploads\/2024\/03\/de-lot-muong.jpg","datePublished":"2024-03-27T14:21:02+00:00","dateModified":"2024-07-24T03:45:25+00:00","description":"Serpentin Steinst\u00e4bchenablage - ein Naturprodukt, rutschfest und hitzebest\u00e4ndig. Sch\u00fctzen Sie Ihren Esstisch, verhindern Sie Kratzer und Sch\u00e4den. Der Kauf dieses Produkts unterst\u00fctzt auch Menschen mit Behinderungen","breadcrumb":{"@id":"https:\/\/maison-chance.org\/shop\/de\/produkt\/stein-essstaebchenablage#breadcrumb"},"inLanguage":"de","potentialAction":[{"@type":"ReadAction","target":["https:\/\/maison-chance.org\/shop\/de\/produkt\/stein-essstaebchenablage"]}]},{"@type":"ImageObject","inLanguage":"de","@id":"https:\/\/maison-chance.org\/shop\/de\/produkt\/stein-essstaebchenablage#primaryimage","url":"https:\/\/maison-chance.org\/shop\/wp-content\/uploads\/2024\/03\/de-lot-muong.jpg","contentUrl":"https:\/\/maison-chance.org\/shop\/wp-content\/uploads\/2024\/03\/de-lot-muong.jpg","width":600,"height":600,"caption":"Stein Essst\u00e4bchenablage"},{"@type":"BreadcrumbList","@id":"https:\/\/maison-chance.org\/shop\/de\/produkt\/stein-essstaebchenablage#breadcrumb","itemListElement":[{"@type":"ListItem","position":1,"name":"Trang ch\u1ee7","item":"https:\/\/maison-chance.org\/shop\/de"},{"@type":"ListItem","position":2,"name":"Shop","item":"https:\/\/maison-chance.org\/shop\/shop"},{"@type":"ListItem","position":3,"name":"Stein Essst\u00e4bchenablage"}]},{"@type":"WebSite","@id":"https:\/\/maison-chance.org\/shop\/de#website","url":"https:\/\/maison-chance.org\/shop\/de","name":"Nh\u00e0 May M\u1eafn - Maison Chance","description":"M\u1ecdi l\u1ee3i nhu\u1eadn thu v\u1ec1 t\u1eeb vi\u1ec7c b\u00e1n h\u00e0ng s\u1ebd tr\u00edch m\u1ed9t ph\u1ea7n \u0111\u1ec3 ch\u0103m lo cho \u0111\u1eddi s\u1ed1ng c\u00e1c b\u1ea1n khuy\u1ebft t\u1eadt v\u00e0 tr\u1ebb m\u1ed3 c\u00f4i \u1edf \u0111\u00e2y","publisher":{"@id":"https:\/\/maison-chance.org\/shop\/de#organization"},"potentialAction":[{"@type":"SearchAction","target":{"@type":"EntryPoint","urlTemplate":"https:\/\/maison-chance.org\/shop\/de?s={search_term_string}"},"query-input":{"@type":"PropertyValueSpecification","valueRequired":true,"valueName":"search_term_string"}}],"inLanguage":"de"},{"@type":"Organization","@id":"https:\/\/maison-chance.org\/shop\/de#organization","name":"Nh\u00e0 May M\u1eafn - Maison Chance","url":"https:\/\/maison-chance.org\/shop\/de","logo":{"@type":"ImageObject","inLanguage":"de","@id":"https:\/\/maison-chance.org\/shop\/de#\/schema\/logo\/image\/","url":"https:\/\/maison-chance.org\/shop\/wp-content\/uploads\/2024\/03\/cropped-Logo_DNXH.png","contentUrl":"https:\/\/maison-chance.org\/shop\/wp-content\/uploads\/2024\/03\/cropped-Logo_DNXH.png","width":512,"height":512,"caption":"Nh\u00e0 May M\u1eafn - Maison Chance"},"image":{"@id":"https:\/\/maison-chance.org\/shop\/de#\/schema\/logo\/image\/"},"sameAs":["https:\/\/www.facebook.com\/dnxh.nhamayman\/"]}]},"product_price_amount":"27.60","product_price_currency":"EUR","og_availability":"instock","product_availability":"instock","product_condition":"new"},"_links":{"self":[{"href":"https:\/\/maison-chance.org\/shop\/de\/wp-json\/wp\/v2\/product\/35766","targetHints":{"allow":["GET"]}}],"collection":[{"href":"https:\/\/maison-chance.org\/shop\/de\/wp-json\/wp\/v2\/product"}],"about":[{"href":"https:\/\/maison-chance.org\/shop\/de\/wp-json\/wp\/v2\/types\/product"}],"wp:featuredmedia":[{"embeddable":true,"href":"https:\/\/maison-chance.org\/shop\/de\/wp-json\/wp\/v2\/media\/35763"}],"wp:attachment":[{"href":"https:\/\/maison-chance.org\/shop\/de\/wp-json\/wp\/v2\/media?parent=35766"}],"wp:term":[{"taxonomy":"product_brand","embeddable":true,"href":"https:\/\/maison-chance.org\/shop\/de\/wp-json\/wp\/v2\/product_brand?post=35766"},{"taxonomy":"product_cat","embeddable":true,"href":"https:\/\/maison-chance.org\/shop\/de\/wp-json\/wp\/v2\/product_cat?post=35766"},{"taxonomy":"product_tag","embeddable":true,"href":"https:\/\/maison-chance.org\/shop\/de\/wp-json\/wp\/v2\/product_tag?post=35766"}],"curies":[{"name":"wp","href":"https:\/\/api.w.org\/{rel}","templated":true}]}}