{"id":39383,"date":"2024-06-04T01:32:47","date_gmt":"2024-06-03T18:32:47","guid":{"rendered":"https:\/\/maison-chance.org\/shop\/san-pham\/frieden"},"modified":"2024-06-04T07:08:40","modified_gmt":"2024-06-04T00:08:40","slug":"frieden","status":"publish","type":"product","link":"https:\/\/maison-chance.org\/shop\/de\/produkt\/frieden","title":{"rendered":"Frieden"},"content":{"rendered":"<p style=\"text-align: center;\">\ud83c\udf1f Das \u00d6lgem\u00e4lde &#8222;Frieden&#8220; &#8211; Ein Kunstwerk von Maison Chance \ud83c\udf1f<\/p>\n<p><img decoding=\"async\" class=\"aligncenter wp-image-39377 size-medium\" src=\"https:\/\/maison-chance.org\/shop\/wp-content\/uploads\/2024\/06\/OR-24-NVC-60x90Cm-Binh-Yen-609x400.jpg\" alt=\"Frieden\" width=\"609\" height=\"400\" srcset=\"https:\/\/maison-chance.org\/shop\/wp-content\/uploads\/2024\/06\/OR-24-NVC-60x90Cm-Binh-Yen-609x400.jpg 609w, https:\/\/maison-chance.org\/shop\/wp-content\/uploads\/2024\/06\/OR-24-NVC-60x90Cm-Binh-Yen-768x504.jpg 768w, https:\/\/maison-chance.org\/shop\/wp-content\/uploads\/2024\/06\/OR-24-NVC-60x90Cm-Binh-Yen-510x335.jpg 510w, https:\/\/maison-chance.org\/shop\/wp-content\/uploads\/2024\/06\/OR-24-NVC-60x90Cm-Binh-Yen.jpg 914w\" sizes=\"(max-width: 609px) 100vw, 609px\" \/><\/p>\n<p>\ud83c\udfa8 Das Gem\u00e4lde &#8222;Frieden&#8220; des behinderten K\u00fcnstlers Nguy\u1ec5n V\u0103n Chi\u1ebfn, mit den Ma\u00dfen 60&#215;90 cm, ist ein emotionales Werk, das dem Betrachter ein Gef\u00fchl von Ruhe und Harmonie vermittelt. \ud83c\udf3f\ud83c\udfe1<\/p>\n<p>\ud83c\udf05 Das Kunstwerk zeigt eine friedliche Dorfszene am Fluss, mit traditionellen strohgedeckten H\u00e4usern, die sich im ruhigen Wasser spiegeln. Sanfte Boote ruhen auf dem Wasser und schaffen eine ruhige Atmosph\u00e4re. \ud83c\udf33<\/p>\n<p>\ud83c\udf1f Das \u00d6lgem\u00e4lde &#8222;Frieden&#8220; ist nicht nur ein Kunstwerk, sondern auch eine Botschaft von Ruhe und Harmonie im Leben. Jeder, der dieses Werk betrachtet, kann die stille Sch\u00f6nheit sp\u00fcren, die der Seele hilft, sich zu entspannen und Frieden zu finden. \ud83c\udfa8\u2764\ufe0f<\/p>\n<p>\ud83d\udc49 Bringen Sie Frieden in Ihren Wohnraum, indem Sie dieses wundersch\u00f6ne Gem\u00e4lde besitzen. \ud83c\udf1f\ud83c\udfe0<br \/>\n\u2764 Wir hoffen auf Ihre Unterst\u00fctzung \u2764<\/p>\n<p>\u2764 Alle Gewinne aus dem Verkauf werden teilweise verwendet, um das Leben von behinderten Menschen und Waisen hier zu unterst\u00fctzen. Der Rest wird die Aktivit\u00e4ten der Organisation aufrechterhalten \u2764<\/p>\n","protected":false},"excerpt":{"rendered":"<p>Die von Maison Chance bereitgestellten \u00d6lgem\u00e4lde werden von behinderten und weniger gl\u00fccklichen K\u00fcnstlern geschaffen.<\/p>\n<p>Ma\u00dfe (cm): 60\u00d790<\/p>\n<p>Kategorie: Original<\/p>\n<p>K\u00fcnstler: Nguy\u1ec5n V\u0103n Chi\u1ebfn<\/p>\n<p style=\"text-align: justify;\">Hotline: <span style=\"color: #ff0000; font-size: 18pt;\"><strong>0909 06 25 28<\/strong><\/span><\/p>\n","protected":false},"featured_media":39375,"template":"","meta":[],"product_brand":[],"product_cat":[262,253],"product_tag":[],"class_list":{"0":"post-39383","1":"product","2":"type-product","3":"status-publish","4":"has-post-thumbnail","6":"product_cat-landschaftsbilder-oelmalerei-workshop","7":"product_cat-oelmalerei-workshop","9":"first","10":"instock","11":"shipping-taxable","12":"product-type-simple"},"yoast_head":"<!-- This site is optimized with the Yoast SEO Premium plugin v22.7 (Yoast SEO v25.3.1) - https:\/\/yoast.com\/wordpress\/plugins\/seo\/ -->\n<title>Frieden - Landschafts-\u00d6lgem\u00e4lde - Nh\u00e0 May M\u1eafn - Maison Chance<\/title>\n<meta name=\"description\" content=\"Das \u00d6lgem\u00e4lde &quot;Frieden&quot; ist nicht nur ein Kunstwerk, sondern auch eine Botschaft von Ruhe und Harmonie im Leben.\" \/>\n<meta name=\"robots\" content=\"index, follow, max-snippet:-1, max-image-preview:large, max-video-preview:-1\" \/>\n<link rel=\"canonical\" href=\"https:\/\/maison-chance.org\/shop\/de\/produkt\/frieden\" \/>\n<meta property=\"og:locale\" content=\"de_DE\" \/>\n<meta property=\"og:type\" content=\"article\" \/>\n<meta property=\"og:title\" content=\"Frieden\" \/>\n<meta property=\"og:description\" content=\"Das \u00d6lgem\u00e4lde &quot;Frieden&quot; ist nicht nur ein Kunstwerk, sondern auch eine Botschaft von Ruhe und Harmonie im Leben.\" \/>\n<meta property=\"og:url\" content=\"https:\/\/maison-chance.org\/shop\/de\/produkt\/frieden\" \/>\n<meta property=\"og:site_name\" content=\"Nh\u00e0 May M\u1eafn - Maison Chance\" \/>\n<meta property=\"article:publisher\" content=\"https:\/\/www.facebook.com\/dnxh.nhamayman\/\" \/>\n<meta property=\"article:modified_time\" content=\"2024-06-04T00:08:40+00:00\" \/>\n<meta property=\"og:image\" content=\"https:\/\/maison-chance.org\/shop\/wp-content\/uploads\/2024\/06\/OR-24-NVC-60x90Cm-Binh-Yen-2tr200.png\" \/>\n\t<meta property=\"og:image:width\" content=\"600\" \/>\n\t<meta property=\"og:image:height\" content=\"600\" \/>\n\t<meta property=\"og:image:type\" content=\"image\/png\" \/>\n<meta name=\"twitter:card\" content=\"summary_large_image\" \/>\n<meta name=\"twitter:label1\" content=\"Preis\" \/>\n\t<meta name=\"twitter:data1\" content=\"\" \/>\n\t<meta name=\"twitter:label2\" content=\"Verf\u00fcgbarkeit\" \/>\n\t<meta name=\"twitter:data2\" content=\"Auf Lager\" \/>\n<script type=\"application\/ld+json\" class=\"yoast-schema-graph\">{\"@context\":\"https:\/\/schema.org\",\"@graph\":[{\"@type\":\"WebPage\",\"@id\":\"https:\/\/maison-chance.org\/shop\/de\/produkt\/frieden\",\"url\":\"https:\/\/maison-chance.org\/shop\/de\/produkt\/frieden\",\"name\":\"Frieden - Landschafts-\u00d6lgem\u00e4lde - Nh\u00e0 May M\u1eafn - Maison Chance\",\"isPartOf\":{\"@id\":\"https:\/\/maison-chance.org\/shop\/de#website\"},\"primaryImageOfPage\":{\"@id\":\"https:\/\/maison-chance.org\/shop\/de\/produkt\/frieden#primaryimage\"},\"image\":{\"@id\":\"https:\/\/maison-chance.org\/shop\/de\/produkt\/frieden#primaryimage\"},\"thumbnailUrl\":\"https:\/\/maison-chance.org\/shop\/wp-content\/uploads\/2024\/06\/OR-24-NVC-60x90Cm-Binh-Yen-2tr200.png\",\"datePublished\":\"2024-06-03T18:32:47+00:00\",\"dateModified\":\"2024-06-04T00:08:40+00:00\",\"description\":\"Das \u00d6lgem\u00e4lde \\\"Frieden\\\" ist nicht nur ein Kunstwerk, sondern auch eine Botschaft von Ruhe und Harmonie im Leben.\",\"breadcrumb\":{\"@id\":\"https:\/\/maison-chance.org\/shop\/de\/produkt\/frieden#breadcrumb\"},\"inLanguage\":\"de\",\"potentialAction\":[{\"@type\":\"ReadAction\",\"target\":[\"https:\/\/maison-chance.org\/shop\/de\/produkt\/frieden\"]}]},{\"@type\":\"ImageObject\",\"inLanguage\":\"de\",\"@id\":\"https:\/\/maison-chance.org\/shop\/de\/produkt\/frieden#primaryimage\",\"url\":\"https:\/\/maison-chance.org\/shop\/wp-content\/uploads\/2024\/06\/OR-24-NVC-60x90Cm-Binh-Yen-2tr200.png\",\"contentUrl\":\"https:\/\/maison-chance.org\/shop\/wp-content\/uploads\/2024\/06\/OR-24-NVC-60x90Cm-Binh-Yen-2tr200.png\",\"width\":600,\"height\":600,\"caption\":\"Frieden\"},{\"@type\":\"BreadcrumbList\",\"@id\":\"https:\/\/maison-chance.org\/shop\/de\/produkt\/frieden#breadcrumb\",\"itemListElement\":[{\"@type\":\"ListItem\",\"position\":1,\"name\":\"Trang ch\u1ee7\",\"item\":\"https:\/\/maison-chance.org\/shop\/de\"},{\"@type\":\"ListItem\",\"position\":2,\"name\":\"Shop\",\"item\":\"https:\/\/maison-chance.org\/shop\/shop\"},{\"@type\":\"ListItem\",\"position\":3,\"name\":\"Frieden\"}]},{\"@type\":\"WebSite\",\"@id\":\"https:\/\/maison-chance.org\/shop\/de#website\",\"url\":\"https:\/\/maison-chance.org\/shop\/de\",\"name\":\"Nh\u00e0 May M\u1eafn - Maison Chance\",\"description\":\"M\u1ecdi l\u1ee3i nhu\u1eadn thu v\u1ec1 t\u1eeb vi\u1ec7c b\u00e1n h\u00e0ng s\u1ebd tr\u00edch m\u1ed9t ph\u1ea7n \u0111\u1ec3 ch\u0103m lo cho \u0111\u1eddi s\u1ed1ng c\u00e1c b\u1ea1n khuy\u1ebft t\u1eadt v\u00e0 tr\u1ebb m\u1ed3 c\u00f4i \u1edf \u0111\u00e2y\",\"publisher\":{\"@id\":\"https:\/\/maison-chance.org\/shop\/de#organization\"},\"potentialAction\":[{\"@type\":\"SearchAction\",\"target\":{\"@type\":\"EntryPoint\",\"urlTemplate\":\"https:\/\/maison-chance.org\/shop\/de?s={search_term_string}\"},\"query-input\":{\"@type\":\"PropertyValueSpecification\",\"valueRequired\":true,\"valueName\":\"search_term_string\"}}],\"inLanguage\":\"de\"},{\"@type\":\"Organization\",\"@id\":\"https:\/\/maison-chance.org\/shop\/de#organization\",\"name\":\"Nh\u00e0 May M\u1eafn - Maison Chance\",\"url\":\"https:\/\/maison-chance.org\/shop\/de\",\"logo\":{\"@type\":\"ImageObject\",\"inLanguage\":\"de\",\"@id\":\"https:\/\/maison-chance.org\/shop\/de#\/schema\/logo\/image\/\",\"url\":\"https:\/\/maison-chance.org\/shop\/wp-content\/uploads\/2024\/03\/cropped-Logo_DNXH.png\",\"contentUrl\":\"https:\/\/maison-chance.org\/shop\/wp-content\/uploads\/2024\/03\/cropped-Logo_DNXH.png\",\"width\":512,\"height\":512,\"caption\":\"Nh\u00e0 May M\u1eafn - Maison Chance\"},\"image\":{\"@id\":\"https:\/\/maison-chance.org\/shop\/de#\/schema\/logo\/image\/\"},\"sameAs\":[\"https:\/\/www.facebook.com\/dnxh.nhamayman\/\"]}]}<\/script>\n<meta property=\"product:price:amount\" content=\"0.00\" \/>\n<meta property=\"product:price:currency\" content=\"EUR\" \/>\n<meta property=\"og:availability\" content=\"instock\" \/>\n<meta property=\"product:availability\" content=\"instock\" \/>\n<meta property=\"product:condition\" content=\"new\" \/>\n<!-- \/ Yoast SEO Premium plugin. -->","yoast_head_json":{"title":"Frieden - Landschafts-\u00d6lgem\u00e4lde - Nh\u00e0 May M\u1eafn - Maison Chance","description":"Das \u00d6lgem\u00e4lde \"Frieden\" ist nicht nur ein Kunstwerk, sondern auch eine Botschaft von Ruhe und Harmonie im Leben.","robots":{"index":"index","follow":"follow","max-snippet":"max-snippet:-1","max-image-preview":"max-image-preview:large","max-video-preview":"max-video-preview:-1"},"canonical":"https:\/\/maison-chance.org\/shop\/de\/produkt\/frieden","og_locale":"de_DE","og_type":"article","og_title":"Frieden","og_description":"Das \u00d6lgem\u00e4lde \"Frieden\" ist nicht nur ein Kunstwerk, sondern auch eine Botschaft von Ruhe und Harmonie im Leben.","og_url":"https:\/\/maison-chance.org\/shop\/de\/produkt\/frieden","og_site_name":"Nh\u00e0 May M\u1eafn - Maison Chance","article_publisher":"https:\/\/www.facebook.com\/dnxh.nhamayman\/","article_modified_time":"2024-06-04T00:08:40+00:00","og_image":[{"width":600,"height":600,"url":"https:\/\/maison-chance.org\/shop\/wp-content\/uploads\/2024\/06\/OR-24-NVC-60x90Cm-Binh-Yen-2tr200.png","type":"image\/png"}],"twitter_card":"summary_large_image","twitter_misc":{"Preis":"","Verf\u00fcgbarkeit":"Auf Lager"},"schema":{"@context":"https:\/\/schema.org","@graph":[{"@type":"WebPage","@id":"https:\/\/maison-chance.org\/shop\/de\/produkt\/frieden","url":"https:\/\/maison-chance.org\/shop\/de\/produkt\/frieden","name":"Frieden - Landschafts-\u00d6lgem\u00e4lde - Nh\u00e0 May M\u1eafn - Maison Chance","isPartOf":{"@id":"https:\/\/maison-chance.org\/shop\/de#website"},"primaryImageOfPage":{"@id":"https:\/\/maison-chance.org\/shop\/de\/produkt\/frieden#primaryimage"},"image":{"@id":"https:\/\/maison-chance.org\/shop\/de\/produkt\/frieden#primaryimage"},"thumbnailUrl":"https:\/\/maison-chance.org\/shop\/wp-content\/uploads\/2024\/06\/OR-24-NVC-60x90Cm-Binh-Yen-2tr200.png","datePublished":"2024-06-03T18:32:47+00:00","dateModified":"2024-06-04T00:08:40+00:00","description":"Das \u00d6lgem\u00e4lde \"Frieden\" ist nicht nur ein Kunstwerk, sondern auch eine Botschaft von Ruhe und Harmonie im Leben.","breadcrumb":{"@id":"https:\/\/maison-chance.org\/shop\/de\/produkt\/frieden#breadcrumb"},"inLanguage":"de","potentialAction":[{"@type":"ReadAction","target":["https:\/\/maison-chance.org\/shop\/de\/produkt\/frieden"]}]},{"@type":"ImageObject","inLanguage":"de","@id":"https:\/\/maison-chance.org\/shop\/de\/produkt\/frieden#primaryimage","url":"https:\/\/maison-chance.org\/shop\/wp-content\/uploads\/2024\/06\/OR-24-NVC-60x90Cm-Binh-Yen-2tr200.png","contentUrl":"https:\/\/maison-chance.org\/shop\/wp-content\/uploads\/2024\/06\/OR-24-NVC-60x90Cm-Binh-Yen-2tr200.png","width":600,"height":600,"caption":"Frieden"},{"@type":"BreadcrumbList","@id":"https:\/\/maison-chance.org\/shop\/de\/produkt\/frieden#breadcrumb","itemListElement":[{"@type":"ListItem","position":1,"name":"Trang ch\u1ee7","item":"https:\/\/maison-chance.org\/shop\/de"},{"@type":"ListItem","position":2,"name":"Shop","item":"https:\/\/maison-chance.org\/shop\/shop"},{"@type":"ListItem","position":3,"name":"Frieden"}]},{"@type":"WebSite","@id":"https:\/\/maison-chance.org\/shop\/de#website","url":"https:\/\/maison-chance.org\/shop\/de","name":"Nh\u00e0 May M\u1eafn - Maison Chance","description":"M\u1ecdi l\u1ee3i nhu\u1eadn thu v\u1ec1 t\u1eeb vi\u1ec7c b\u00e1n h\u00e0ng s\u1ebd tr\u00edch m\u1ed9t ph\u1ea7n \u0111\u1ec3 ch\u0103m lo cho \u0111\u1eddi s\u1ed1ng c\u00e1c b\u1ea1n khuy\u1ebft t\u1eadt v\u00e0 tr\u1ebb m\u1ed3 c\u00f4i \u1edf \u0111\u00e2y","publisher":{"@id":"https:\/\/maison-chance.org\/shop\/de#organization"},"potentialAction":[{"@type":"SearchAction","target":{"@type":"EntryPoint","urlTemplate":"https:\/\/maison-chance.org\/shop\/de?s={search_term_string}"},"query-input":{"@type":"PropertyValueSpecification","valueRequired":true,"valueName":"search_term_string"}}],"inLanguage":"de"},{"@type":"Organization","@id":"https:\/\/maison-chance.org\/shop\/de#organization","name":"Nh\u00e0 May M\u1eafn - Maison Chance","url":"https:\/\/maison-chance.org\/shop\/de","logo":{"@type":"ImageObject","inLanguage":"de","@id":"https:\/\/maison-chance.org\/shop\/de#\/schema\/logo\/image\/","url":"https:\/\/maison-chance.org\/shop\/wp-content\/uploads\/2024\/03\/cropped-Logo_DNXH.png","contentUrl":"https:\/\/maison-chance.org\/shop\/wp-content\/uploads\/2024\/03\/cropped-Logo_DNXH.png","width":512,"height":512,"caption":"Nh\u00e0 May M\u1eafn - Maison Chance"},"image":{"@id":"https:\/\/maison-chance.org\/shop\/de#\/schema\/logo\/image\/"},"sameAs":["https:\/\/www.facebook.com\/dnxh.nhamayman\/"]}]},"product_price_amount":"0.00","product_price_currency":"EUR","og_availability":"instock","product_availability":"instock","product_condition":"new"},"_links":{"self":[{"href":"https:\/\/maison-chance.org\/shop\/de\/wp-json\/wp\/v2\/product\/39383","targetHints":{"allow":["GET"]}}],"collection":[{"href":"https:\/\/maison-chance.org\/shop\/de\/wp-json\/wp\/v2\/product"}],"about":[{"href":"https:\/\/maison-chance.org\/shop\/de\/wp-json\/wp\/v2\/types\/product"}],"wp:featuredmedia":[{"embeddable":true,"href":"https:\/\/maison-chance.org\/shop\/de\/wp-json\/wp\/v2\/media\/39375"}],"wp:attachment":[{"href":"https:\/\/maison-chance.org\/shop\/de\/wp-json\/wp\/v2\/media?parent=39383"}],"wp:term":[{"taxonomy":"product_brand","embeddable":true,"href":"https:\/\/maison-chance.org\/shop\/de\/wp-json\/wp\/v2\/product_brand?post=39383"},{"taxonomy":"product_cat","embeddable":true,"href":"https:\/\/maison-chance.org\/shop\/de\/wp-json\/wp\/v2\/product_cat?post=39383"},{"taxonomy":"product_tag","embeddable":true,"href":"https:\/\/maison-chance.org\/shop\/de\/wp-json\/wp\/v2\/product_tag?post=39383"}],"curies":[{"name":"wp","href":"https:\/\/api.w.org\/{rel}","templated":true}]}}