{"id":39390,"date":"2024-06-04T07:02:25","date_gmt":"2024-06-04T00:02:25","guid":{"rendered":"https:\/\/maison-chance.org\/shop\/san-pham\/abendwolken"},"modified":"2024-06-04T07:21:00","modified_gmt":"2024-06-04T00:21:00","slug":"abendwolken","status":"publish","type":"product","link":"https:\/\/maison-chance.org\/shop\/de\/produkt\/abendwolken","title":{"rendered":"Abendwolken"},"content":{"rendered":"<p style=\"text-align: center;\">\ud83c\udf04 Entdecken Sie die Verzaubernde Sch\u00f6nheit im Gem\u00e4lde &#8222;Abendwolken&#8220; \u2601\ufe0f<\/p>\n<p><img decoding=\"async\" class=\"aligncenter wp-image-39385 size-medium\" src=\"https:\/\/maison-chance.org\/shop\/wp-content\/uploads\/2024\/06\/CO-24-NVC-70x70Cm-may-chieu-400x400.jpg\" alt=\"Abendwolken\" width=\"400\" height=\"400\" srcset=\"https:\/\/maison-chance.org\/shop\/wp-content\/uploads\/2024\/06\/CO-24-NVC-70x70Cm-may-chieu-400x400.jpg 400w, https:\/\/maison-chance.org\/shop\/wp-content\/uploads\/2024\/06\/CO-24-NVC-70x70Cm-may-chieu-280x280.jpg 280w, https:\/\/maison-chance.org\/shop\/wp-content\/uploads\/2024\/06\/CO-24-NVC-70x70Cm-may-chieu-247x247.jpg 247w, https:\/\/maison-chance.org\/shop\/wp-content\/uploads\/2024\/06\/CO-24-NVC-70x70Cm-may-chieu-510x510.jpg 510w, https:\/\/maison-chance.org\/shop\/wp-content\/uploads\/2024\/06\/CO-24-NVC-70x70Cm-may-chieu-100x100.jpg 100w, https:\/\/maison-chance.org\/shop\/wp-content\/uploads\/2024\/06\/CO-24-NVC-70x70Cm-may-chieu.jpg 600w\" sizes=\"(max-width: 400px) 100vw, 400px\" \/><\/p>\n<p>\u2601\ufe0f Das Gem\u00e4lde zeigt eine Naturszene unter einem bew\u00f6lkten Himmel, mit strohgedeckten H\u00e4usern, die sich im \u00fcppigen gr\u00fcnen Laub verstecken. Jedes Detail im Gem\u00e4lde, von den D\u00e4chern und Z\u00e4unen bis hin zu jedem Blatt, wird mit exquisiter und realistischer Kunstfertigkeit dargestellt. Das Werk ist eine Mischung aus der bezaubernden Sch\u00f6nheit der Natur und der Einfachheit des Landlebens. \ud83c\udf43<\/p>\n<p>\ud83d\udc96 &#8222;Abendwolken&#8220; ist nicht nur ein Landschafts-\u00d6lgem\u00e4lde, sondern auch eine Einladung, zur Natur zur\u00fcckzukehren, Frieden und Ruhe in der Seele zu finden. Es bringt ein Gef\u00fchl der Besinnung, Reflexion und Wertsch\u00e4tzung f\u00fcr sch\u00f6ne Momente im Leben. \u2601\ufe0f\ud83d\udcab<\/p>\n<p>\ud83c\udf81 Mit den Ma\u00dfen 70x70cm wird das \u00d6lgem\u00e4lde des behinderten K\u00fcnstlers Nguy\u1ec5n V\u0103n Chi\u1ebfn ein herausragendes Merkmal in Ihrem Wohnzimmer, Schlafzimmer oder jedem anderen Raum in Ihrem Zuhause sein. \ud83c\udfe1\ud83d\udc96<\/p>\n<p>\ud83c\udfa8 Unterst\u00fctzen Sie die Arbeit eines der talentierten behinderten K\u00fcnstler, die derzeit bei <a href=\"https:\/\/maison-chance.org\/shop\">Maison Chance<\/a> leben und arbeiten, und verbreiten Sie die Botschaft von der Sch\u00f6nheit der Natur und dem inneren Frieden. Jedes Gem\u00e4lde enth\u00e4lt die Liebe und Hingabe des K\u00fcnstlers. \ud83d\udc95<br \/>\n\u2764 Wir hoffen auf Ihre Unterst\u00fctzung \u2764<\/p>\n<p>\u2764 Alle Gewinne aus dem Verkauf werden teilweise verwendet, um das Leben von behinderten Menschen und Waisen hier zu unterst\u00fctzen. Der Rest wird die Aktivit\u00e4ten der Organisation aufrechterhalten \u2764<\/p>\n","protected":false},"excerpt":{"rendered":"<p>Die von Maison Chance bereitgestellten \u00d6lgem\u00e4lde werden von behinderten und weniger gl\u00fccklichen K\u00fcnstlern geschaffen.<\/p>\n<p>Ma\u00dfe (cm): 60\u00d790<\/p>\n<p>Kategorie: Reproduktion<\/p>\n<p>K\u00fcnstler: Nguy\u1ec5n V\u0103n Chi\u1ebfn<\/p>\n<p style=\"text-align: justify;\">Hotline: <span style=\"color: #ff0000; font-size: 18pt;\"><strong>0909 06 25 28<\/strong><\/span><\/p>\n","protected":false},"featured_media":39388,"template":"","meta":[],"product_brand":[],"product_cat":[262,253],"product_tag":[],"class_list":{"0":"post-39390","1":"product","2":"type-product","3":"status-publish","4":"has-post-thumbnail","6":"product_cat-landschaftsbilder-oelmalerei-workshop","7":"product_cat-oelmalerei-workshop","9":"first","10":"instock","11":"shipping-taxable","12":"product-type-simple"},"yoast_head":"<!-- This site is optimized with the Yoast SEO Premium plugin v22.7 (Yoast SEO v25.3.1) - https:\/\/yoast.com\/wordpress\/plugins\/seo\/ -->\n<title>Abendwolken - Landschafts-\u00d6lgem\u00e4lde - Nh\u00e0 May M\u1eafn - Maison Chance<\/title>\n<meta name=\"description\" content=\"&quot;Abendwolken&quot; ist nicht nur ein Landschafts-\u00d6lgem\u00e4lde, sondern auch eine Einladung, zur Natur zur\u00fcckzukehren und Frieden und Ruhe in der Seele zu finden.\" \/>\n<meta name=\"robots\" content=\"index, follow, max-snippet:-1, max-image-preview:large, max-video-preview:-1\" \/>\n<link rel=\"canonical\" href=\"https:\/\/maison-chance.org\/shop\/de\/produkt\/abendwolken\" \/>\n<meta property=\"og:locale\" content=\"de_DE\" \/>\n<meta property=\"og:type\" content=\"article\" \/>\n<meta property=\"og:title\" content=\"Abendwolken\" \/>\n<meta property=\"og:description\" content=\"&quot;Abendwolken&quot; ist nicht nur ein Landschafts-\u00d6lgem\u00e4lde, sondern auch eine Einladung, zur Natur zur\u00fcckzukehren und Frieden und Ruhe in der Seele zu finden.\" \/>\n<meta property=\"og:url\" content=\"https:\/\/maison-chance.org\/shop\/de\/produkt\/abendwolken\" \/>\n<meta property=\"og:site_name\" content=\"Nh\u00e0 May M\u1eafn - Maison Chance\" \/>\n<meta property=\"article:publisher\" content=\"https:\/\/www.facebook.com\/dnxh.nhamayman\/\" \/>\n<meta property=\"article:modified_time\" content=\"2024-06-04T00:21:00+00:00\" \/>\n<meta property=\"og:image\" content=\"https:\/\/maison-chance.org\/shop\/wp-content\/uploads\/2024\/06\/CO-24-NVC-70x70Cm-may-chieu.jpg\" \/>\n\t<meta property=\"og:image:width\" content=\"600\" \/>\n\t<meta property=\"og:image:height\" content=\"600\" \/>\n\t<meta property=\"og:image:type\" content=\"image\/jpeg\" \/>\n<meta name=\"twitter:card\" content=\"summary_large_image\" \/>\n<meta name=\"twitter:label1\" content=\"Preis\" \/>\n\t<meta name=\"twitter:data1\" content=\"\" \/>\n\t<meta name=\"twitter:label2\" content=\"Verf\u00fcgbarkeit\" \/>\n\t<meta name=\"twitter:data2\" content=\"Auf Lager\" \/>\n<script type=\"application\/ld+json\" class=\"yoast-schema-graph\">{\"@context\":\"https:\/\/schema.org\",\"@graph\":[{\"@type\":\"WebPage\",\"@id\":\"https:\/\/maison-chance.org\/shop\/de\/produkt\/abendwolken\",\"url\":\"https:\/\/maison-chance.org\/shop\/de\/produkt\/abendwolken\",\"name\":\"Abendwolken - Landschafts-\u00d6lgem\u00e4lde - Nh\u00e0 May M\u1eafn - Maison Chance\",\"isPartOf\":{\"@id\":\"https:\/\/maison-chance.org\/shop\/de#website\"},\"primaryImageOfPage\":{\"@id\":\"https:\/\/maison-chance.org\/shop\/de\/produkt\/abendwolken#primaryimage\"},\"image\":{\"@id\":\"https:\/\/maison-chance.org\/shop\/de\/produkt\/abendwolken#primaryimage\"},\"thumbnailUrl\":\"https:\/\/maison-chance.org\/shop\/wp-content\/uploads\/2024\/06\/CO-24-NVC-70x70Cm-may-chieu.jpg\",\"datePublished\":\"2024-06-04T00:02:25+00:00\",\"dateModified\":\"2024-06-04T00:21:00+00:00\",\"description\":\"\\\"Abendwolken\\\" ist nicht nur ein Landschafts-\u00d6lgem\u00e4lde, sondern auch eine Einladung, zur Natur zur\u00fcckzukehren und Frieden und Ruhe in der Seele zu finden.\",\"breadcrumb\":{\"@id\":\"https:\/\/maison-chance.org\/shop\/de\/produkt\/abendwolken#breadcrumb\"},\"inLanguage\":\"de\",\"potentialAction\":[{\"@type\":\"ReadAction\",\"target\":[\"https:\/\/maison-chance.org\/shop\/de\/produkt\/abendwolken\"]}]},{\"@type\":\"ImageObject\",\"inLanguage\":\"de\",\"@id\":\"https:\/\/maison-chance.org\/shop\/de\/produkt\/abendwolken#primaryimage\",\"url\":\"https:\/\/maison-chance.org\/shop\/wp-content\/uploads\/2024\/06\/CO-24-NVC-70x70Cm-may-chieu.jpg\",\"contentUrl\":\"https:\/\/maison-chance.org\/shop\/wp-content\/uploads\/2024\/06\/CO-24-NVC-70x70Cm-may-chieu.jpg\",\"width\":600,\"height\":600,\"caption\":\"Abendwolken\"},{\"@type\":\"BreadcrumbList\",\"@id\":\"https:\/\/maison-chance.org\/shop\/de\/produkt\/abendwolken#breadcrumb\",\"itemListElement\":[{\"@type\":\"ListItem\",\"position\":1,\"name\":\"Trang ch\u1ee7\",\"item\":\"https:\/\/maison-chance.org\/shop\/de\"},{\"@type\":\"ListItem\",\"position\":2,\"name\":\"Shop\",\"item\":\"https:\/\/maison-chance.org\/shop\/shop\"},{\"@type\":\"ListItem\",\"position\":3,\"name\":\"Abendwolken\"}]},{\"@type\":\"WebSite\",\"@id\":\"https:\/\/maison-chance.org\/shop\/de#website\",\"url\":\"https:\/\/maison-chance.org\/shop\/de\",\"name\":\"Nh\u00e0 May M\u1eafn - Maison Chance\",\"description\":\"M\u1ecdi l\u1ee3i nhu\u1eadn thu v\u1ec1 t\u1eeb vi\u1ec7c b\u00e1n h\u00e0ng s\u1ebd tr\u00edch m\u1ed9t ph\u1ea7n \u0111\u1ec3 ch\u0103m lo cho \u0111\u1eddi s\u1ed1ng c\u00e1c b\u1ea1n khuy\u1ebft t\u1eadt v\u00e0 tr\u1ebb m\u1ed3 c\u00f4i \u1edf \u0111\u00e2y\",\"publisher\":{\"@id\":\"https:\/\/maison-chance.org\/shop\/de#organization\"},\"potentialAction\":[{\"@type\":\"SearchAction\",\"target\":{\"@type\":\"EntryPoint\",\"urlTemplate\":\"https:\/\/maison-chance.org\/shop\/de?s={search_term_string}\"},\"query-input\":{\"@type\":\"PropertyValueSpecification\",\"valueRequired\":true,\"valueName\":\"search_term_string\"}}],\"inLanguage\":\"de\"},{\"@type\":\"Organization\",\"@id\":\"https:\/\/maison-chance.org\/shop\/de#organization\",\"name\":\"Nh\u00e0 May M\u1eafn - Maison Chance\",\"url\":\"https:\/\/maison-chance.org\/shop\/de\",\"logo\":{\"@type\":\"ImageObject\",\"inLanguage\":\"de\",\"@id\":\"https:\/\/maison-chance.org\/shop\/de#\/schema\/logo\/image\/\",\"url\":\"https:\/\/maison-chance.org\/shop\/wp-content\/uploads\/2024\/03\/cropped-Logo_DNXH.png\",\"contentUrl\":\"https:\/\/maison-chance.org\/shop\/wp-content\/uploads\/2024\/03\/cropped-Logo_DNXH.png\",\"width\":512,\"height\":512,\"caption\":\"Nh\u00e0 May M\u1eafn - Maison Chance\"},\"image\":{\"@id\":\"https:\/\/maison-chance.org\/shop\/de#\/schema\/logo\/image\/\"},\"sameAs\":[\"https:\/\/www.facebook.com\/dnxh.nhamayman\/\"]}]}<\/script>\n<meta property=\"product:price:amount\" content=\"0.00\" \/>\n<meta property=\"product:price:currency\" content=\"EUR\" \/>\n<meta property=\"og:availability\" content=\"instock\" \/>\n<meta property=\"product:availability\" content=\"instock\" \/>\n<meta property=\"product:condition\" content=\"new\" \/>\n<!-- \/ Yoast SEO Premium plugin. -->","yoast_head_json":{"title":"Abendwolken - Landschafts-\u00d6lgem\u00e4lde - Nh\u00e0 May M\u1eafn - Maison Chance","description":"\"Abendwolken\" ist nicht nur ein Landschafts-\u00d6lgem\u00e4lde, sondern auch eine Einladung, zur Natur zur\u00fcckzukehren und Frieden und Ruhe in der Seele zu finden.","robots":{"index":"index","follow":"follow","max-snippet":"max-snippet:-1","max-image-preview":"max-image-preview:large","max-video-preview":"max-video-preview:-1"},"canonical":"https:\/\/maison-chance.org\/shop\/de\/produkt\/abendwolken","og_locale":"de_DE","og_type":"article","og_title":"Abendwolken","og_description":"\"Abendwolken\" ist nicht nur ein Landschafts-\u00d6lgem\u00e4lde, sondern auch eine Einladung, zur Natur zur\u00fcckzukehren und Frieden und Ruhe in der Seele zu finden.","og_url":"https:\/\/maison-chance.org\/shop\/de\/produkt\/abendwolken","og_site_name":"Nh\u00e0 May M\u1eafn - Maison Chance","article_publisher":"https:\/\/www.facebook.com\/dnxh.nhamayman\/","article_modified_time":"2024-06-04T00:21:00+00:00","og_image":[{"width":600,"height":600,"url":"https:\/\/maison-chance.org\/shop\/wp-content\/uploads\/2024\/06\/CO-24-NVC-70x70Cm-may-chieu.jpg","type":"image\/jpeg"}],"twitter_card":"summary_large_image","twitter_misc":{"Preis":"","Verf\u00fcgbarkeit":"Auf Lager"},"schema":{"@context":"https:\/\/schema.org","@graph":[{"@type":"WebPage","@id":"https:\/\/maison-chance.org\/shop\/de\/produkt\/abendwolken","url":"https:\/\/maison-chance.org\/shop\/de\/produkt\/abendwolken","name":"Abendwolken - Landschafts-\u00d6lgem\u00e4lde - Nh\u00e0 May M\u1eafn - Maison Chance","isPartOf":{"@id":"https:\/\/maison-chance.org\/shop\/de#website"},"primaryImageOfPage":{"@id":"https:\/\/maison-chance.org\/shop\/de\/produkt\/abendwolken#primaryimage"},"image":{"@id":"https:\/\/maison-chance.org\/shop\/de\/produkt\/abendwolken#primaryimage"},"thumbnailUrl":"https:\/\/maison-chance.org\/shop\/wp-content\/uploads\/2024\/06\/CO-24-NVC-70x70Cm-may-chieu.jpg","datePublished":"2024-06-04T00:02:25+00:00","dateModified":"2024-06-04T00:21:00+00:00","description":"\"Abendwolken\" ist nicht nur ein Landschafts-\u00d6lgem\u00e4lde, sondern auch eine Einladung, zur Natur zur\u00fcckzukehren und Frieden und Ruhe in der Seele zu finden.","breadcrumb":{"@id":"https:\/\/maison-chance.org\/shop\/de\/produkt\/abendwolken#breadcrumb"},"inLanguage":"de","potentialAction":[{"@type":"ReadAction","target":["https:\/\/maison-chance.org\/shop\/de\/produkt\/abendwolken"]}]},{"@type":"ImageObject","inLanguage":"de","@id":"https:\/\/maison-chance.org\/shop\/de\/produkt\/abendwolken#primaryimage","url":"https:\/\/maison-chance.org\/shop\/wp-content\/uploads\/2024\/06\/CO-24-NVC-70x70Cm-may-chieu.jpg","contentUrl":"https:\/\/maison-chance.org\/shop\/wp-content\/uploads\/2024\/06\/CO-24-NVC-70x70Cm-may-chieu.jpg","width":600,"height":600,"caption":"Abendwolken"},{"@type":"BreadcrumbList","@id":"https:\/\/maison-chance.org\/shop\/de\/produkt\/abendwolken#breadcrumb","itemListElement":[{"@type":"ListItem","position":1,"name":"Trang ch\u1ee7","item":"https:\/\/maison-chance.org\/shop\/de"},{"@type":"ListItem","position":2,"name":"Shop","item":"https:\/\/maison-chance.org\/shop\/shop"},{"@type":"ListItem","position":3,"name":"Abendwolken"}]},{"@type":"WebSite","@id":"https:\/\/maison-chance.org\/shop\/de#website","url":"https:\/\/maison-chance.org\/shop\/de","name":"Nh\u00e0 May M\u1eafn - Maison Chance","description":"M\u1ecdi l\u1ee3i nhu\u1eadn thu v\u1ec1 t\u1eeb vi\u1ec7c b\u00e1n h\u00e0ng s\u1ebd tr\u00edch m\u1ed9t ph\u1ea7n \u0111\u1ec3 ch\u0103m lo cho \u0111\u1eddi s\u1ed1ng c\u00e1c b\u1ea1n khuy\u1ebft t\u1eadt v\u00e0 tr\u1ebb m\u1ed3 c\u00f4i \u1edf \u0111\u00e2y","publisher":{"@id":"https:\/\/maison-chance.org\/shop\/de#organization"},"potentialAction":[{"@type":"SearchAction","target":{"@type":"EntryPoint","urlTemplate":"https:\/\/maison-chance.org\/shop\/de?s={search_term_string}"},"query-input":{"@type":"PropertyValueSpecification","valueRequired":true,"valueName":"search_term_string"}}],"inLanguage":"de"},{"@type":"Organization","@id":"https:\/\/maison-chance.org\/shop\/de#organization","name":"Nh\u00e0 May M\u1eafn - Maison Chance","url":"https:\/\/maison-chance.org\/shop\/de","logo":{"@type":"ImageObject","inLanguage":"de","@id":"https:\/\/maison-chance.org\/shop\/de#\/schema\/logo\/image\/","url":"https:\/\/maison-chance.org\/shop\/wp-content\/uploads\/2024\/03\/cropped-Logo_DNXH.png","contentUrl":"https:\/\/maison-chance.org\/shop\/wp-content\/uploads\/2024\/03\/cropped-Logo_DNXH.png","width":512,"height":512,"caption":"Nh\u00e0 May M\u1eafn - Maison Chance"},"image":{"@id":"https:\/\/maison-chance.org\/shop\/de#\/schema\/logo\/image\/"},"sameAs":["https:\/\/www.facebook.com\/dnxh.nhamayman\/"]}]},"product_price_amount":"0.00","product_price_currency":"EUR","og_availability":"instock","product_availability":"instock","product_condition":"new"},"_links":{"self":[{"href":"https:\/\/maison-chance.org\/shop\/de\/wp-json\/wp\/v2\/product\/39390","targetHints":{"allow":["GET"]}}],"collection":[{"href":"https:\/\/maison-chance.org\/shop\/de\/wp-json\/wp\/v2\/product"}],"about":[{"href":"https:\/\/maison-chance.org\/shop\/de\/wp-json\/wp\/v2\/types\/product"}],"wp:featuredmedia":[{"embeddable":true,"href":"https:\/\/maison-chance.org\/shop\/de\/wp-json\/wp\/v2\/media\/39388"}],"wp:attachment":[{"href":"https:\/\/maison-chance.org\/shop\/de\/wp-json\/wp\/v2\/media?parent=39390"}],"wp:term":[{"taxonomy":"product_brand","embeddable":true,"href":"https:\/\/maison-chance.org\/shop\/de\/wp-json\/wp\/v2\/product_brand?post=39390"},{"taxonomy":"product_cat","embeddable":true,"href":"https:\/\/maison-chance.org\/shop\/de\/wp-json\/wp\/v2\/product_cat?post=39390"},{"taxonomy":"product_tag","embeddable":true,"href":"https:\/\/maison-chance.org\/shop\/de\/wp-json\/wp\/v2\/product_tag?post=39390"}],"curies":[{"name":"wp","href":"https:\/\/api.w.org\/{rel}","templated":true}]}}