{"id":39410,"date":"2024-06-05T07:06:41","date_gmt":"2024-06-05T00:06:41","guid":{"rendered":"https:\/\/maison-chance.org\/shop\/san-pham\/schmelzkaese-puffs"},"modified":"2024-06-05T07:34:35","modified_gmt":"2024-06-05T00:34:35","slug":"schmelzkaese-puffs","status":"publish","type":"product","link":"https:\/\/maison-chance.org\/shop\/de\/produkt\/schmelzkaese-puffs","title":{"rendered":"Schmelzk\u00e4se-Puffs"},"content":{"rendered":"<p style=\"text-align: center;\"><strong>K\u00e4sepuffs von Maison Chance&#8217;s Lucky House<\/strong><\/p>\n<p style=\"text-align: center;\"><strong>Unwiderstehlich leckerer Geschmack<\/strong><\/p>\n<p style=\"text-align: justify;\">Die K\u00e4sepuffs von Maison Chance&#8217;s Lucky House sind die perfekte Kombination aus hochwertigen Zutaten wie Mehl, Butter, Milch, Eiern, Zucker und K\u00e4se. Das Produkt ist nicht nur durch seine knusprige Au\u00dfenseite attraktiv, sondern fesselt auch die Geschmacksnerven mit seiner reichhaltigen, duftenden K\u00e4sef\u00fcllung, begleitet von einem leicht scharfen Pfeffergeschmack. Dies ist definitiv das ideale Geb\u00e4ck f\u00fcr alle Mahlzeiten und Feiern.<\/p>\n<p><strong>Exquisiter Geschmack von den K\u00e4sepuffs von Maison Chance&#8217;s Lucky House<\/strong><\/p>\n<p style=\"text-align: justify;\">Jeder Bissen des K\u00e4sepuffs ist ein aufregendes Erlebnis. Die knusprige, goldene Kruste enth\u00fcllt beim Hineinbei\u00dfen eine reichhaltige, duftende K\u00e4sef\u00fcllung, die mit der sanften S\u00fc\u00dfe von Milch und Zucker vermischt ist. Ein Hauch von scharfem Pfeffer verst\u00e4rkt den unverwechselbaren Geschmack, dem Sie nur schwer widerstehen k\u00f6nnen.<br \/>\nEine Vielfalt an Auswahlm\u00f6glichkeiten\n<\/p>\n<p style=\"text-align: justify;\">Maison Chance bietet viele Optionen f\u00fcr Kunden mit unterschiedlichen Geb\u00e4ckgewichten:<\/p>\n<p>Gr\u00f6\u00dfe 1: 35 g\/Puff<br \/>\nGr\u00f6\u00dfe 2: 40 g\/Puff<br \/>\nGr\u00f6\u00dfe 3: 55 g\/Puff<\/p>\n<p><strong>Unterst\u00fctzen Sie die K\u00e4sepuffs von Maison Chance&#8217;s Lucky House<\/strong><\/p>\n<p style=\"text-align: justify;\">Wenn Sie die K\u00e4sepuffs von Maison Chance&#8217;s Lucky House kaufen, genie\u00dfen Sie nicht nur den exquisiten Geschmack des Geb\u00e4cks, sondern tragen auch dazu bei, die wohlt\u00e4tigen Aktivit\u00e4ten von Maison Chance zu unterst\u00fctzen. Kaufen Sie jetzt, um den Unterschied und die Bedeutung in jedem K\u00e4sepuff zu erleben.<br \/>\nBestellen Sie jetzt\n<\/p>\n<p style=\"text-align: justify;\">Besuchen Sie unsere Website oder rufen Sie unsere Hotline an, um eine Bestellung aufzugeben. Wir sind immer bereit, Ihnen die leckersten und qualitativ hochwertigsten K\u00e4sepuffs zu servieren.<\/p>\n","protected":false},"excerpt":{"rendered":"<p style=\"text-align: justify;\">Die Geb\u00e4ckprodukte werden von jungen Waisen hergestellt, die derzeit von Maison Chance betreut werden. Wir hoffen aufrichtig auf Ihre Unterst\u00fctzung!<\/p>\n<p>Hotline: <span style=\"font-size: 20px;\"><strong><span style=\"color: #ff0000;\">0909 06 25 28<\/span><\/strong><\/span><\/p>\n","protected":false},"featured_media":39417,"template":"","meta":[],"product_brand":[],"product_cat":[211,220],"product_tag":[],"class_list":{"0":"post-39410","1":"product","2":"type-product","3":"status-publish","4":"has-post-thumbnail","6":"product_cat-baeckerei","7":"product_cat-suesse-backwaren","9":"first","10":"instock","11":"shipping-taxable","12":"purchasable","13":"product-type-variable"},"yoast_head":"<!-- This site is optimized with the Yoast SEO Premium plugin v22.7 (Yoast SEO v25.3.1) - https:\/\/yoast.com\/wordpress\/plugins\/seo\/ -->\n<title>Schmelzk\u00e4se-Puffs - Nh\u00e0 May M\u1eafn - Maison Chance<\/title>\n<meta name=\"description\" content=\"G\u00f6nnen Sie sich die K\u00e4sepuffs von Maison Chance&#039;s Lucky House mit ihrem reichhaltigen, knusprigen und duftenden Geschmack. Bestellen Sie jetzt, um Maison Chance zu unterst\u00fctzen und dieses exquisite Geb\u00e4ck zu erleben\" \/>\n<meta name=\"robots\" content=\"index, follow, max-snippet:-1, max-image-preview:large, max-video-preview:-1\" \/>\n<link rel=\"canonical\" href=\"https:\/\/maison-chance.org\/shop\/de\/produkt\/schmelzkaese-puffs\" \/>\n<meta property=\"og:locale\" content=\"de_DE\" \/>\n<meta property=\"og:type\" content=\"article\" \/>\n<meta property=\"og:title\" content=\"Schmelzk\u00e4se-Puffs\" \/>\n<meta property=\"og:description\" content=\"G\u00f6nnen Sie sich die K\u00e4sepuffs von Maison Chance&#039;s Lucky House mit ihrem reichhaltigen, knusprigen und duftenden Geschmack. Bestellen Sie jetzt, um Maison Chance zu unterst\u00fctzen und dieses exquisite Geb\u00e4ck zu erleben\" \/>\n<meta property=\"og:url\" content=\"https:\/\/maison-chance.org\/shop\/de\/produkt\/schmelzkaese-puffs\" \/>\n<meta property=\"og:site_name\" content=\"Nh\u00e0 May M\u1eafn - Maison Chance\" \/>\n<meta property=\"article:publisher\" content=\"https:\/\/www.facebook.com\/dnxh.nhamayman\/\" \/>\n<meta property=\"article:modified_time\" content=\"2024-06-05T00:34:35+00:00\" \/>\n<meta property=\"og:image\" content=\"https:\/\/maison-chance.org\/shop\/wp-content\/uploads\/2024\/06\/San-pham-banh-NMM.jpg\" \/>\n\t<meta property=\"og:image:width\" content=\"600\" \/>\n\t<meta property=\"og:image:height\" content=\"600\" \/>\n\t<meta property=\"og:image:type\" content=\"image\/jpeg\" \/>\n<meta name=\"twitter:card\" content=\"summary_large_image\" \/>\n<meta name=\"twitter:label1\" content=\"Verf\u00fcgbarkeit\" \/>\n\t<meta name=\"twitter:data1\" content=\"Auf Lager\" \/>\n<script type=\"application\/ld+json\" class=\"yoast-schema-graph\">{\"@context\":\"https:\/\/schema.org\",\"@graph\":[{\"@type\":\"WebPage\",\"@id\":\"https:\/\/maison-chance.org\/shop\/de\/produkt\/schmelzkaese-puffs\",\"url\":\"https:\/\/maison-chance.org\/shop\/de\/produkt\/schmelzkaese-puffs\",\"name\":\"Schmelzk\u00e4se-Puffs - Nh\u00e0 May M\u1eafn - Maison Chance\",\"isPartOf\":{\"@id\":\"https:\/\/maison-chance.org\/shop\/de#website\"},\"primaryImageOfPage\":{\"@id\":\"https:\/\/maison-chance.org\/shop\/de\/produkt\/schmelzkaese-puffs#primaryimage\"},\"image\":{\"@id\":\"https:\/\/maison-chance.org\/shop\/de\/produkt\/schmelzkaese-puffs#primaryimage\"},\"thumbnailUrl\":\"https:\/\/maison-chance.org\/shop\/wp-content\/uploads\/2024\/06\/banh-pho-mai.jpg\",\"datePublished\":\"2024-06-05T00:06:41+00:00\",\"dateModified\":\"2024-06-05T00:34:35+00:00\",\"description\":\"G\u00f6nnen Sie sich die K\u00e4sepuffs von Maison Chance's Lucky House mit ihrem reichhaltigen, knusprigen und duftenden Geschmack. Bestellen Sie jetzt, um Maison Chance zu unterst\u00fctzen und dieses exquisite Geb\u00e4ck zu erleben\",\"breadcrumb\":{\"@id\":\"https:\/\/maison-chance.org\/shop\/de\/produkt\/schmelzkaese-puffs#breadcrumb\"},\"inLanguage\":\"de\",\"potentialAction\":[{\"@type\":\"ReadAction\",\"target\":[\"https:\/\/maison-chance.org\/shop\/de\/produkt\/schmelzkaese-puffs\"]}]},{\"@type\":\"ImageObject\",\"inLanguage\":\"de\",\"@id\":\"https:\/\/maison-chance.org\/shop\/de\/produkt\/schmelzkaese-puffs#primaryimage\",\"url\":\"https:\/\/maison-chance.org\/shop\/wp-content\/uploads\/2024\/06\/banh-pho-mai.jpg\",\"contentUrl\":\"https:\/\/maison-chance.org\/shop\/wp-content\/uploads\/2024\/06\/banh-pho-mai.jpg\",\"width\":600,\"height\":600,\"caption\":\"B\u00e1nh ph\u00f4 mai\"},{\"@type\":\"BreadcrumbList\",\"@id\":\"https:\/\/maison-chance.org\/shop\/de\/produkt\/schmelzkaese-puffs#breadcrumb\",\"itemListElement\":[{\"@type\":\"ListItem\",\"position\":1,\"name\":\"Trang ch\u1ee7\",\"item\":\"https:\/\/maison-chance.org\/shop\/de\"},{\"@type\":\"ListItem\",\"position\":2,\"name\":\"Shop\",\"item\":\"https:\/\/maison-chance.org\/shop\/shop\"},{\"@type\":\"ListItem\",\"position\":3,\"name\":\"Schmelzk\u00e4se-Puffs\"}]},{\"@type\":\"WebSite\",\"@id\":\"https:\/\/maison-chance.org\/shop\/de#website\",\"url\":\"https:\/\/maison-chance.org\/shop\/de\",\"name\":\"Nh\u00e0 May M\u1eafn - Maison Chance\",\"description\":\"M\u1ecdi l\u1ee3i nhu\u1eadn thu v\u1ec1 t\u1eeb vi\u1ec7c b\u00e1n h\u00e0ng s\u1ebd tr\u00edch m\u1ed9t ph\u1ea7n \u0111\u1ec3 ch\u0103m lo cho \u0111\u1eddi s\u1ed1ng c\u00e1c b\u1ea1n khuy\u1ebft t\u1eadt v\u00e0 tr\u1ebb m\u1ed3 c\u00f4i \u1edf \u0111\u00e2y\",\"publisher\":{\"@id\":\"https:\/\/maison-chance.org\/shop\/de#organization\"},\"potentialAction\":[{\"@type\":\"SearchAction\",\"target\":{\"@type\":\"EntryPoint\",\"urlTemplate\":\"https:\/\/maison-chance.org\/shop\/de?s={search_term_string}\"},\"query-input\":{\"@type\":\"PropertyValueSpecification\",\"valueRequired\":true,\"valueName\":\"search_term_string\"}}],\"inLanguage\":\"de\"},{\"@type\":\"Organization\",\"@id\":\"https:\/\/maison-chance.org\/shop\/de#organization\",\"name\":\"Nh\u00e0 May M\u1eafn - Maison Chance\",\"url\":\"https:\/\/maison-chance.org\/shop\/de\",\"logo\":{\"@type\":\"ImageObject\",\"inLanguage\":\"de\",\"@id\":\"https:\/\/maison-chance.org\/shop\/de#\/schema\/logo\/image\/\",\"url\":\"https:\/\/maison-chance.org\/shop\/wp-content\/uploads\/2024\/03\/cropped-Logo_DNXH.png\",\"contentUrl\":\"https:\/\/maison-chance.org\/shop\/wp-content\/uploads\/2024\/03\/cropped-Logo_DNXH.png\",\"width\":512,\"height\":512,\"caption\":\"Nh\u00e0 May M\u1eafn - Maison Chance\"},\"image\":{\"@id\":\"https:\/\/maison-chance.org\/shop\/de#\/schema\/logo\/image\/\"},\"sameAs\":[\"https:\/\/www.facebook.com\/dnxh.nhamayman\/\"]}]}<\/script>\n<meta property=\"og:availability\" content=\"instock\" \/>\n<meta property=\"product:availability\" content=\"instock\" \/>\n<meta property=\"product:condition\" content=\"new\" \/>\n<!-- \/ Yoast SEO Premium plugin. -->","yoast_head_json":{"title":"Schmelzk\u00e4se-Puffs - Nh\u00e0 May M\u1eafn - Maison Chance","description":"G\u00f6nnen Sie sich die K\u00e4sepuffs von Maison Chance's Lucky House mit ihrem reichhaltigen, knusprigen und duftenden Geschmack. Bestellen Sie jetzt, um Maison Chance zu unterst\u00fctzen und dieses exquisite Geb\u00e4ck zu erleben","robots":{"index":"index","follow":"follow","max-snippet":"max-snippet:-1","max-image-preview":"max-image-preview:large","max-video-preview":"max-video-preview:-1"},"canonical":"https:\/\/maison-chance.org\/shop\/de\/produkt\/schmelzkaese-puffs","og_locale":"de_DE","og_type":"article","og_title":"Schmelzk\u00e4se-Puffs","og_description":"G\u00f6nnen Sie sich die K\u00e4sepuffs von Maison Chance's Lucky House mit ihrem reichhaltigen, knusprigen und duftenden Geschmack. Bestellen Sie jetzt, um Maison Chance zu unterst\u00fctzen und dieses exquisite Geb\u00e4ck zu erleben","og_url":"https:\/\/maison-chance.org\/shop\/de\/produkt\/schmelzkaese-puffs","og_site_name":"Nh\u00e0 May M\u1eafn - Maison Chance","article_publisher":"https:\/\/www.facebook.com\/dnxh.nhamayman\/","article_modified_time":"2024-06-05T00:34:35+00:00","og_image":[{"width":600,"height":600,"url":"https:\/\/maison-chance.org\/shop\/wp-content\/uploads\/2024\/06\/San-pham-banh-NMM.jpg","type":"image\/jpeg"}],"twitter_card":"summary_large_image","twitter_misc":{"Verf\u00fcgbarkeit":"Auf Lager"},"schema":{"@context":"https:\/\/schema.org","@graph":[{"@type":"WebPage","@id":"https:\/\/maison-chance.org\/shop\/de\/produkt\/schmelzkaese-puffs","url":"https:\/\/maison-chance.org\/shop\/de\/produkt\/schmelzkaese-puffs","name":"Schmelzk\u00e4se-Puffs - Nh\u00e0 May M\u1eafn - Maison Chance","isPartOf":{"@id":"https:\/\/maison-chance.org\/shop\/de#website"},"primaryImageOfPage":{"@id":"https:\/\/maison-chance.org\/shop\/de\/produkt\/schmelzkaese-puffs#primaryimage"},"image":{"@id":"https:\/\/maison-chance.org\/shop\/de\/produkt\/schmelzkaese-puffs#primaryimage"},"thumbnailUrl":"https:\/\/maison-chance.org\/shop\/wp-content\/uploads\/2024\/06\/banh-pho-mai.jpg","datePublished":"2024-06-05T00:06:41+00:00","dateModified":"2024-06-05T00:34:35+00:00","description":"G\u00f6nnen Sie sich die K\u00e4sepuffs von Maison Chance's Lucky House mit ihrem reichhaltigen, knusprigen und duftenden Geschmack. Bestellen Sie jetzt, um Maison Chance zu unterst\u00fctzen und dieses exquisite Geb\u00e4ck zu erleben","breadcrumb":{"@id":"https:\/\/maison-chance.org\/shop\/de\/produkt\/schmelzkaese-puffs#breadcrumb"},"inLanguage":"de","potentialAction":[{"@type":"ReadAction","target":["https:\/\/maison-chance.org\/shop\/de\/produkt\/schmelzkaese-puffs"]}]},{"@type":"ImageObject","inLanguage":"de","@id":"https:\/\/maison-chance.org\/shop\/de\/produkt\/schmelzkaese-puffs#primaryimage","url":"https:\/\/maison-chance.org\/shop\/wp-content\/uploads\/2024\/06\/banh-pho-mai.jpg","contentUrl":"https:\/\/maison-chance.org\/shop\/wp-content\/uploads\/2024\/06\/banh-pho-mai.jpg","width":600,"height":600,"caption":"B\u00e1nh ph\u00f4 mai"},{"@type":"BreadcrumbList","@id":"https:\/\/maison-chance.org\/shop\/de\/produkt\/schmelzkaese-puffs#breadcrumb","itemListElement":[{"@type":"ListItem","position":1,"name":"Trang ch\u1ee7","item":"https:\/\/maison-chance.org\/shop\/de"},{"@type":"ListItem","position":2,"name":"Shop","item":"https:\/\/maison-chance.org\/shop\/shop"},{"@type":"ListItem","position":3,"name":"Schmelzk\u00e4se-Puffs"}]},{"@type":"WebSite","@id":"https:\/\/maison-chance.org\/shop\/de#website","url":"https:\/\/maison-chance.org\/shop\/de","name":"Nh\u00e0 May M\u1eafn - Maison Chance","description":"M\u1ecdi l\u1ee3i nhu\u1eadn thu v\u1ec1 t\u1eeb vi\u1ec7c b\u00e1n h\u00e0ng s\u1ebd tr\u00edch m\u1ed9t ph\u1ea7n \u0111\u1ec3 ch\u0103m lo cho \u0111\u1eddi s\u1ed1ng c\u00e1c b\u1ea1n khuy\u1ebft t\u1eadt v\u00e0 tr\u1ebb m\u1ed3 c\u00f4i \u1edf \u0111\u00e2y","publisher":{"@id":"https:\/\/maison-chance.org\/shop\/de#organization"},"potentialAction":[{"@type":"SearchAction","target":{"@type":"EntryPoint","urlTemplate":"https:\/\/maison-chance.org\/shop\/de?s={search_term_string}"},"query-input":{"@type":"PropertyValueSpecification","valueRequired":true,"valueName":"search_term_string"}}],"inLanguage":"de"},{"@type":"Organization","@id":"https:\/\/maison-chance.org\/shop\/de#organization","name":"Nh\u00e0 May M\u1eafn - Maison Chance","url":"https:\/\/maison-chance.org\/shop\/de","logo":{"@type":"ImageObject","inLanguage":"de","@id":"https:\/\/maison-chance.org\/shop\/de#\/schema\/logo\/image\/","url":"https:\/\/maison-chance.org\/shop\/wp-content\/uploads\/2024\/03\/cropped-Logo_DNXH.png","contentUrl":"https:\/\/maison-chance.org\/shop\/wp-content\/uploads\/2024\/03\/cropped-Logo_DNXH.png","width":512,"height":512,"caption":"Nh\u00e0 May M\u1eafn - Maison Chance"},"image":{"@id":"https:\/\/maison-chance.org\/shop\/de#\/schema\/logo\/image\/"},"sameAs":["https:\/\/www.facebook.com\/dnxh.nhamayman\/"]}]},"og_availability":"instock","product_availability":"instock","product_condition":"new"},"_links":{"self":[{"href":"https:\/\/maison-chance.org\/shop\/de\/wp-json\/wp\/v2\/product\/39410","targetHints":{"allow":["GET"]}}],"collection":[{"href":"https:\/\/maison-chance.org\/shop\/de\/wp-json\/wp\/v2\/product"}],"about":[{"href":"https:\/\/maison-chance.org\/shop\/de\/wp-json\/wp\/v2\/types\/product"}],"wp:featuredmedia":[{"embeddable":true,"href":"https:\/\/maison-chance.org\/shop\/de\/wp-json\/wp\/v2\/media\/39417"}],"wp:attachment":[{"href":"https:\/\/maison-chance.org\/shop\/de\/wp-json\/wp\/v2\/media?parent=39410"}],"wp:term":[{"taxonomy":"product_brand","embeddable":true,"href":"https:\/\/maison-chance.org\/shop\/de\/wp-json\/wp\/v2\/product_brand?post=39410"},{"taxonomy":"product_cat","embeddable":true,"href":"https:\/\/maison-chance.org\/shop\/de\/wp-json\/wp\/v2\/product_cat?post=39410"},{"taxonomy":"product_tag","embeddable":true,"href":"https:\/\/maison-chance.org\/shop\/de\/wp-json\/wp\/v2\/product_tag?post=39410"}],"curies":[{"name":"wp","href":"https:\/\/api.w.org\/{rel}","templated":true}]}}