{"id":39426,"date":"2024-06-05T08:28:14","date_gmt":"2024-06-05T01:28:14","guid":{"rendered":"https:\/\/maison-chance.org\/shop\/san-pham\/blaetterteig-wuerstchen-im-schlafrock"},"modified":"2024-06-05T08:43:57","modified_gmt":"2024-06-05T01:43:57","slug":"blaetterteig-wuerstchen-im-schlafrock","status":"publish","type":"product","link":"https:\/\/maison-chance.org\/shop\/de\/produkt\/blaetterteig-wuerstchen-im-schlafrock","title":{"rendered":"Bl\u00e4tterteig-W\u00fcrstchen im Schlafrock"},"content":{"rendered":"<p style=\"text-align: center;\">Entdecken Sie den besonderen Geschmack von W\u00fcrstchenbr\u00f6tchen im Gl\u00fcckshaus<\/p>\n<p style=\"text-align: justify;\">Lassen Sie uns Ihnen ein einzigartiges kulinarisches Erlebnis mit W\u00fcrstchenbr\u00f6tchen im Gl\u00fcckshaus vorstellen. Mit vielf\u00e4ltigen Zutaten und exquisiten Aromen begeistert dieses Geb\u00e4ck nicht nur, sondern macht auch Lust auf mehr.<\/p>\n<p style=\"text-align: justify;\">Jedes St\u00fcck W\u00fcrstchenbr\u00f6tchen im Gl\u00fcckshaus wird aus hochwertigen Zutaten wie feinem Mehl, k\u00f6stlicher Butter, cremiger frischer Milch, hellen frischen Eiern und nat\u00fcrlich leckeren Wurstscheiben hergestellt. Alle werden in perfekten Proportionen kombiniert, um einen besonderen, unvergesslichen Geschmack zu erzeugen.<\/p>\n<p style=\"text-align: justify;\">Mit einem Gewicht von 100g bis 180g pro St\u00fcck sind die W\u00fcrstchenbr\u00f6tchen im Gl\u00fcckshaus nicht nur die perfekte Wahl f\u00fcr einen schnellen Morgensnack, sondern auch eine k\u00f6stliche Erg\u00e4nzung zu Familientreffen oder Treffen mit Freunden.<\/p>\n<p style=\"text-align: justify;\">Der besondere Geschmack der W\u00fcrstchenbr\u00f6tchen wird Sie am Teller festhalten. Der s\u00fc\u00dfe Geschmack von Mehl, die Reichhaltigkeit von Butter und Milch sowie das kr\u00e4ftige Aroma der Wurst ergeben eine perfekte Kombination, die selbst die anspruchsvollsten Feinschmecker zufriedenstellen wird.<\/p>\n<p style=\"text-align: justify;\">Verpassen Sie nicht die Gelegenheit, diesen besonderen Geschmack zu erleben! Besuchen Sie noch heute den Laden des Gl\u00fcckshauses, um dieses einzigartige Geb\u00e4ckprodukt zu genie\u00dfen und zu unterst\u00fctzen. Ihre Zufriedenheit ist unsere gr\u00f6\u00dfte Motivation, Ihnen noch mehr Qualit\u00e4t und einzigartige Produkte zu bieten.<\/p>\n<p style=\"text-align: justify;\">Teilen Sie die Freuden und das besondere kulinarische Erlebnis mit Ihren Freunden und Ihrer Familie. W\u00fcrstchenbr\u00f6tchen im Gl\u00fcckshaus machen jede Zusammenkunft aufregender und unvergesslicher als je zuvor.<\/p>\n<p style=\"text-align: justify;\">Lassen Sie uns Ihnen ein gro\u00dfartiges kulinarisches Erlebnis bieten und lassen Sie den besonderen Geschmack der W\u00fcrstchenbr\u00f6tchen im Gl\u00fcckshaus Sie bereits beim ersten Bissen lieben.<\/p>\n<p style=\"text-align: justify;\">Kontaktieren Sie uns noch heute, um eine Bestellung aufzugeben, und vergessen Sie nicht, Ihre Erfahrungen mit uns zu teilen!<\/p>\n","protected":false},"excerpt":{"rendered":"<p style=\"text-align: justify;\">Die s\u00fc\u00dfen Geb\u00e4cke werden von Waisenjugendlichen hergestellt, die derzeit von Lucky House &#8211; Maison Chance betreut werden. Wir hoffen aufrichtig auf Ihre Unterst\u00fctzung!<\/p>\n<p>Hotline: <span style=\"font-size: 20px;\"><strong><span style=\"color: #ff0000;\">0909 06 25 28<\/span><\/strong><\/span><\/p>\n","protected":false},"featured_media":39422,"template":"","meta":[],"product_brand":[],"product_cat":[211,217],"product_tag":[],"class_list":{"0":"post-39426","1":"product","2":"type-product","3":"status-publish","4":"has-post-thumbnail","6":"product_cat-baeckerei","7":"product_cat-fleisch-backwaren","9":"first","10":"instock","11":"shipping-taxable","12":"purchasable","13":"product-type-variable"},"yoast_head":"<!-- This site is optimized with the Yoast SEO Premium plugin v22.7 (Yoast SEO v25.3.1) - https:\/\/yoast.com\/wordpress\/plugins\/seo\/ -->\n<title>Bl\u00e4tterteig-W\u00fcrstchen im Schlafrock - Nh\u00e0 May M\u1eafn - Maison Chance<\/title>\n<meta name=\"description\" content=\"Entdecken Sie den besonderen Geschmack der W\u00fcrstchen-Bl\u00e4tterteiggeb\u00e4cke im Lucky House von Maison Chance und bestellen Sie noch heute, um ein einzigartiges kulinarisches Vergn\u00fcgen zu erleben!\" \/>\n<meta name=\"robots\" content=\"index, follow, max-snippet:-1, max-image-preview:large, max-video-preview:-1\" \/>\n<link rel=\"canonical\" href=\"https:\/\/maison-chance.org\/shop\/de\/produkt\/blaetterteig-wuerstchen-im-schlafrock\" \/>\n<meta property=\"og:locale\" content=\"de_DE\" \/>\n<meta property=\"og:type\" content=\"article\" \/>\n<meta property=\"og:title\" content=\"Bl\u00e4tterteig-W\u00fcrstchen im Schlafrock\" \/>\n<meta property=\"og:description\" content=\"Entdecken Sie den besonderen Geschmack der W\u00fcrstchen-Bl\u00e4tterteiggeb\u00e4cke im Lucky House von Maison Chance und bestellen Sie noch heute, um ein einzigartiges kulinarisches Vergn\u00fcgen zu erleben!\" \/>\n<meta property=\"og:url\" content=\"https:\/\/maison-chance.org\/shop\/de\/produkt\/blaetterteig-wuerstchen-im-schlafrock\" \/>\n<meta property=\"og:site_name\" content=\"Nh\u00e0 May M\u1eafn - Maison Chance\" \/>\n<meta property=\"article:publisher\" content=\"https:\/\/www.facebook.com\/dnxh.nhamayman\/\" \/>\n<meta property=\"article:modified_time\" content=\"2024-06-05T01:43:57+00:00\" \/>\n<meta property=\"og:image\" content=\"https:\/\/maison-chance.org\/shop\/wp-content\/uploads\/2024\/06\/banh-xuc-xich.jpg\" \/>\n\t<meta property=\"og:image:width\" content=\"600\" \/>\n\t<meta property=\"og:image:height\" content=\"600\" \/>\n\t<meta property=\"og:image:type\" content=\"image\/jpeg\" \/>\n<meta name=\"twitter:card\" content=\"summary_large_image\" \/>\n<meta name=\"twitter:label1\" content=\"Verf\u00fcgbarkeit\" \/>\n\t<meta name=\"twitter:data1\" content=\"Auf Lager\" \/>\n<script type=\"application\/ld+json\" class=\"yoast-schema-graph\">{\"@context\":\"https:\/\/schema.org\",\"@graph\":[{\"@type\":\"WebPage\",\"@id\":\"https:\/\/maison-chance.org\/shop\/de\/produkt\/blaetterteig-wuerstchen-im-schlafrock\",\"url\":\"https:\/\/maison-chance.org\/shop\/de\/produkt\/blaetterteig-wuerstchen-im-schlafrock\",\"name\":\"Bl\u00e4tterteig-W\u00fcrstchen im Schlafrock - Nh\u00e0 May M\u1eafn - Maison Chance\",\"isPartOf\":{\"@id\":\"https:\/\/maison-chance.org\/shop\/de#website\"},\"primaryImageOfPage\":{\"@id\":\"https:\/\/maison-chance.org\/shop\/de\/produkt\/blaetterteig-wuerstchen-im-schlafrock#primaryimage\"},\"image\":{\"@id\":\"https:\/\/maison-chance.org\/shop\/de\/produkt\/blaetterteig-wuerstchen-im-schlafrock#primaryimage\"},\"thumbnailUrl\":\"https:\/\/maison-chance.org\/shop\/wp-content\/uploads\/2024\/06\/banh-xuc-xich.jpg\",\"datePublished\":\"2024-06-05T01:28:14+00:00\",\"dateModified\":\"2024-06-05T01:43:57+00:00\",\"description\":\"Entdecken Sie den besonderen Geschmack der W\u00fcrstchen-Bl\u00e4tterteiggeb\u00e4cke im Lucky House von Maison Chance und bestellen Sie noch heute, um ein einzigartiges kulinarisches Vergn\u00fcgen zu erleben!\",\"breadcrumb\":{\"@id\":\"https:\/\/maison-chance.org\/shop\/de\/produkt\/blaetterteig-wuerstchen-im-schlafrock#breadcrumb\"},\"inLanguage\":\"de\",\"potentialAction\":[{\"@type\":\"ReadAction\",\"target\":[\"https:\/\/maison-chance.org\/shop\/de\/produkt\/blaetterteig-wuerstchen-im-schlafrock\"]}]},{\"@type\":\"ImageObject\",\"inLanguage\":\"de\",\"@id\":\"https:\/\/maison-chance.org\/shop\/de\/produkt\/blaetterteig-wuerstchen-im-schlafrock#primaryimage\",\"url\":\"https:\/\/maison-chance.org\/shop\/wp-content\/uploads\/2024\/06\/banh-xuc-xich.jpg\",\"contentUrl\":\"https:\/\/maison-chance.org\/shop\/wp-content\/uploads\/2024\/06\/banh-xuc-xich.jpg\",\"width\":600,\"height\":600,\"caption\":\"Bl\u00e4tterteig-W\u00fcrstchen im Schlafrock\"},{\"@type\":\"BreadcrumbList\",\"@id\":\"https:\/\/maison-chance.org\/shop\/de\/produkt\/blaetterteig-wuerstchen-im-schlafrock#breadcrumb\",\"itemListElement\":[{\"@type\":\"ListItem\",\"position\":1,\"name\":\"Trang ch\u1ee7\",\"item\":\"https:\/\/maison-chance.org\/shop\/de\"},{\"@type\":\"ListItem\",\"position\":2,\"name\":\"Shop\",\"item\":\"https:\/\/maison-chance.org\/shop\/shop\"},{\"@type\":\"ListItem\",\"position\":3,\"name\":\"Bl\u00e4tterteig-W\u00fcrstchen im Schlafrock\"}]},{\"@type\":\"WebSite\",\"@id\":\"https:\/\/maison-chance.org\/shop\/de#website\",\"url\":\"https:\/\/maison-chance.org\/shop\/de\",\"name\":\"Nh\u00e0 May M\u1eafn - Maison Chance\",\"description\":\"M\u1ecdi l\u1ee3i nhu\u1eadn thu v\u1ec1 t\u1eeb vi\u1ec7c b\u00e1n h\u00e0ng s\u1ebd tr\u00edch m\u1ed9t ph\u1ea7n \u0111\u1ec3 ch\u0103m lo cho \u0111\u1eddi s\u1ed1ng c\u00e1c b\u1ea1n khuy\u1ebft t\u1eadt v\u00e0 tr\u1ebb m\u1ed3 c\u00f4i \u1edf \u0111\u00e2y\",\"publisher\":{\"@id\":\"https:\/\/maison-chance.org\/shop\/de#organization\"},\"potentialAction\":[{\"@type\":\"SearchAction\",\"target\":{\"@type\":\"EntryPoint\",\"urlTemplate\":\"https:\/\/maison-chance.org\/shop\/de?s={search_term_string}\"},\"query-input\":{\"@type\":\"PropertyValueSpecification\",\"valueRequired\":true,\"valueName\":\"search_term_string\"}}],\"inLanguage\":\"de\"},{\"@type\":\"Organization\",\"@id\":\"https:\/\/maison-chance.org\/shop\/de#organization\",\"name\":\"Nh\u00e0 May M\u1eafn - Maison Chance\",\"url\":\"https:\/\/maison-chance.org\/shop\/de\",\"logo\":{\"@type\":\"ImageObject\",\"inLanguage\":\"de\",\"@id\":\"https:\/\/maison-chance.org\/shop\/de#\/schema\/logo\/image\/\",\"url\":\"https:\/\/maison-chance.org\/shop\/wp-content\/uploads\/2024\/03\/cropped-Logo_DNXH.png\",\"contentUrl\":\"https:\/\/maison-chance.org\/shop\/wp-content\/uploads\/2024\/03\/cropped-Logo_DNXH.png\",\"width\":512,\"height\":512,\"caption\":\"Nh\u00e0 May M\u1eafn - Maison Chance\"},\"image\":{\"@id\":\"https:\/\/maison-chance.org\/shop\/de#\/schema\/logo\/image\/\"},\"sameAs\":[\"https:\/\/www.facebook.com\/dnxh.nhamayman\/\"]}]}<\/script>\n<meta property=\"og:availability\" content=\"instock\" \/>\n<meta property=\"product:availability\" content=\"instock\" \/>\n<meta property=\"product:condition\" content=\"new\" \/>\n<!-- \/ Yoast SEO Premium plugin. -->","yoast_head_json":{"title":"Bl\u00e4tterteig-W\u00fcrstchen im Schlafrock - Nh\u00e0 May M\u1eafn - Maison Chance","description":"Entdecken Sie den besonderen Geschmack der W\u00fcrstchen-Bl\u00e4tterteiggeb\u00e4cke im Lucky House von Maison Chance und bestellen Sie noch heute, um ein einzigartiges kulinarisches Vergn\u00fcgen zu erleben!","robots":{"index":"index","follow":"follow","max-snippet":"max-snippet:-1","max-image-preview":"max-image-preview:large","max-video-preview":"max-video-preview:-1"},"canonical":"https:\/\/maison-chance.org\/shop\/de\/produkt\/blaetterteig-wuerstchen-im-schlafrock","og_locale":"de_DE","og_type":"article","og_title":"Bl\u00e4tterteig-W\u00fcrstchen im Schlafrock","og_description":"Entdecken Sie den besonderen Geschmack der W\u00fcrstchen-Bl\u00e4tterteiggeb\u00e4cke im Lucky House von Maison Chance und bestellen Sie noch heute, um ein einzigartiges kulinarisches Vergn\u00fcgen zu erleben!","og_url":"https:\/\/maison-chance.org\/shop\/de\/produkt\/blaetterteig-wuerstchen-im-schlafrock","og_site_name":"Nh\u00e0 May M\u1eafn - Maison Chance","article_publisher":"https:\/\/www.facebook.com\/dnxh.nhamayman\/","article_modified_time":"2024-06-05T01:43:57+00:00","og_image":[{"width":600,"height":600,"url":"https:\/\/maison-chance.org\/shop\/wp-content\/uploads\/2024\/06\/banh-xuc-xich.jpg","type":"image\/jpeg"}],"twitter_card":"summary_large_image","twitter_misc":{"Verf\u00fcgbarkeit":"Auf Lager"},"schema":{"@context":"https:\/\/schema.org","@graph":[{"@type":"WebPage","@id":"https:\/\/maison-chance.org\/shop\/de\/produkt\/blaetterteig-wuerstchen-im-schlafrock","url":"https:\/\/maison-chance.org\/shop\/de\/produkt\/blaetterteig-wuerstchen-im-schlafrock","name":"Bl\u00e4tterteig-W\u00fcrstchen im Schlafrock - Nh\u00e0 May M\u1eafn - Maison Chance","isPartOf":{"@id":"https:\/\/maison-chance.org\/shop\/de#website"},"primaryImageOfPage":{"@id":"https:\/\/maison-chance.org\/shop\/de\/produkt\/blaetterteig-wuerstchen-im-schlafrock#primaryimage"},"image":{"@id":"https:\/\/maison-chance.org\/shop\/de\/produkt\/blaetterteig-wuerstchen-im-schlafrock#primaryimage"},"thumbnailUrl":"https:\/\/maison-chance.org\/shop\/wp-content\/uploads\/2024\/06\/banh-xuc-xich.jpg","datePublished":"2024-06-05T01:28:14+00:00","dateModified":"2024-06-05T01:43:57+00:00","description":"Entdecken Sie den besonderen Geschmack der W\u00fcrstchen-Bl\u00e4tterteiggeb\u00e4cke im Lucky House von Maison Chance und bestellen Sie noch heute, um ein einzigartiges kulinarisches Vergn\u00fcgen zu erleben!","breadcrumb":{"@id":"https:\/\/maison-chance.org\/shop\/de\/produkt\/blaetterteig-wuerstchen-im-schlafrock#breadcrumb"},"inLanguage":"de","potentialAction":[{"@type":"ReadAction","target":["https:\/\/maison-chance.org\/shop\/de\/produkt\/blaetterteig-wuerstchen-im-schlafrock"]}]},{"@type":"ImageObject","inLanguage":"de","@id":"https:\/\/maison-chance.org\/shop\/de\/produkt\/blaetterteig-wuerstchen-im-schlafrock#primaryimage","url":"https:\/\/maison-chance.org\/shop\/wp-content\/uploads\/2024\/06\/banh-xuc-xich.jpg","contentUrl":"https:\/\/maison-chance.org\/shop\/wp-content\/uploads\/2024\/06\/banh-xuc-xich.jpg","width":600,"height":600,"caption":"Bl\u00e4tterteig-W\u00fcrstchen im Schlafrock"},{"@type":"BreadcrumbList","@id":"https:\/\/maison-chance.org\/shop\/de\/produkt\/blaetterteig-wuerstchen-im-schlafrock#breadcrumb","itemListElement":[{"@type":"ListItem","position":1,"name":"Trang ch\u1ee7","item":"https:\/\/maison-chance.org\/shop\/de"},{"@type":"ListItem","position":2,"name":"Shop","item":"https:\/\/maison-chance.org\/shop\/shop"},{"@type":"ListItem","position":3,"name":"Bl\u00e4tterteig-W\u00fcrstchen im Schlafrock"}]},{"@type":"WebSite","@id":"https:\/\/maison-chance.org\/shop\/de#website","url":"https:\/\/maison-chance.org\/shop\/de","name":"Nh\u00e0 May M\u1eafn - Maison Chance","description":"M\u1ecdi l\u1ee3i nhu\u1eadn thu v\u1ec1 t\u1eeb vi\u1ec7c b\u00e1n h\u00e0ng s\u1ebd tr\u00edch m\u1ed9t ph\u1ea7n \u0111\u1ec3 ch\u0103m lo cho \u0111\u1eddi s\u1ed1ng c\u00e1c b\u1ea1n khuy\u1ebft t\u1eadt v\u00e0 tr\u1ebb m\u1ed3 c\u00f4i \u1edf \u0111\u00e2y","publisher":{"@id":"https:\/\/maison-chance.org\/shop\/de#organization"},"potentialAction":[{"@type":"SearchAction","target":{"@type":"EntryPoint","urlTemplate":"https:\/\/maison-chance.org\/shop\/de?s={search_term_string}"},"query-input":{"@type":"PropertyValueSpecification","valueRequired":true,"valueName":"search_term_string"}}],"inLanguage":"de"},{"@type":"Organization","@id":"https:\/\/maison-chance.org\/shop\/de#organization","name":"Nh\u00e0 May M\u1eafn - Maison Chance","url":"https:\/\/maison-chance.org\/shop\/de","logo":{"@type":"ImageObject","inLanguage":"de","@id":"https:\/\/maison-chance.org\/shop\/de#\/schema\/logo\/image\/","url":"https:\/\/maison-chance.org\/shop\/wp-content\/uploads\/2024\/03\/cropped-Logo_DNXH.png","contentUrl":"https:\/\/maison-chance.org\/shop\/wp-content\/uploads\/2024\/03\/cropped-Logo_DNXH.png","width":512,"height":512,"caption":"Nh\u00e0 May M\u1eafn - Maison Chance"},"image":{"@id":"https:\/\/maison-chance.org\/shop\/de#\/schema\/logo\/image\/"},"sameAs":["https:\/\/www.facebook.com\/dnxh.nhamayman\/"]}]},"og_availability":"instock","product_availability":"instock","product_condition":"new"},"_links":{"self":[{"href":"https:\/\/maison-chance.org\/shop\/de\/wp-json\/wp\/v2\/product\/39426","targetHints":{"allow":["GET"]}}],"collection":[{"href":"https:\/\/maison-chance.org\/shop\/de\/wp-json\/wp\/v2\/product"}],"about":[{"href":"https:\/\/maison-chance.org\/shop\/de\/wp-json\/wp\/v2\/types\/product"}],"wp:featuredmedia":[{"embeddable":true,"href":"https:\/\/maison-chance.org\/shop\/de\/wp-json\/wp\/v2\/media\/39422"}],"wp:attachment":[{"href":"https:\/\/maison-chance.org\/shop\/de\/wp-json\/wp\/v2\/media?parent=39426"}],"wp:term":[{"taxonomy":"product_brand","embeddable":true,"href":"https:\/\/maison-chance.org\/shop\/de\/wp-json\/wp\/v2\/product_brand?post=39426"},{"taxonomy":"product_cat","embeddable":true,"href":"https:\/\/maison-chance.org\/shop\/de\/wp-json\/wp\/v2\/product_cat?post=39426"},{"taxonomy":"product_tag","embeddable":true,"href":"https:\/\/maison-chance.org\/shop\/de\/wp-json\/wp\/v2\/product_tag?post=39426"}],"curies":[{"name":"wp","href":"https:\/\/api.w.org\/{rel}","templated":true}]}}