{"id":39443,"date":"2024-06-06T04:48:18","date_gmt":"2024-06-05T21:48:18","guid":{"rendered":"https:\/\/maison-chance.org\/shop\/san-pham\/pizza"},"modified":"2024-06-06T05:02:23","modified_gmt":"2024-06-05T22:02:23","slug":"pizza","status":"publish","type":"product","link":"https:\/\/maison-chance.org\/shop\/de\/produkt\/pizza","title":{"rendered":"Pizza"},"content":{"rendered":"<p style=\"text-align: center;\">Genie\u00dfen Sie den K\u00f6stlichen Geschmack von Pizza bei Maison Chance<\/p>\n<p style=\"text-align: justify;\">Wenn es um Pizza geht, kann niemand dem Reiz von k\u00f6stlichen, knusprigen Scheiben widerstehen, die mit reichen und geschmackvollen Bel\u00e4gen kombiniert sind. Bei Maison Chance sind wir stolz darauf, Ihnen Qualit\u00e4ts-Pizzen anzubieten, die nicht nur lecker sind, sondern auch mit Liebe und Sorgfalt in jedem Detail zubereitet werden.<br \/>\nDer Einzigartige Geschmack der Maison Chance Pizza<\/p>\n<p><strong>Hauptzutaten:<\/strong><\/p>\n<p style=\"text-align: justify;\">Mehl: Sorgf\u00e4ltig ausgew\u00e4hlt, sorgt unser Mehl f\u00fcr perfekte Gl\u00e4tte und Knusprigkeit der Kruste.<\/p>\n<p style=\"text-align: justify;\">Eier: Verbessern die Weichheit und Klebrigkeit des Teigs.<\/p>\n<p style=\"text-align: justify;\">Zucker und Hefe: Helfen dem Teig aufzugehen, weich und ansprechend.<\/p>\n<p style=\"text-align: justify;\">Tomaten: Frisch und reich an Vitaminen, die eine reichhaltige Sauce ergeben.<\/p>\n<p style=\"text-align: justify;\">Schinken und Wurst: Aus vertrauensw\u00fcrdigen Quellen ausgew\u00e4hlt, gew\u00e4hrleisten sie Lebensmittelsicherheit.<\/p>\n<p style=\"text-align: justify;\">Die Pizzen von Maison Chance werden in Standard\u00f6fen gebacken, was sicherstellt, dass jede Pizza eine knusprige Kruste hat, kombiniert mit glattem, cremigem K\u00e4se. Beim Genie\u00dfen werden Sie eine feine Mischung aus der S\u00fc\u00dfe der Tomaten, dem Salz des Schinkens und der Wurst und dem charakteristischen Geschmack des goldenen gebackenen Mehls erleben.<\/p>\n<p><strong>Warum Sollten Sie Sich f\u00fcr Maison Chance Pizza Entscheiden?<\/strong><\/p>\n<p style=\"text-align: justify;\">Garantierte Qualit\u00e4t: Jede Pizza wird aus frischen Zutaten hergestellt und gew\u00e4hrleistet Lebensmittelsicherheit.<br \/>\nEinzigartiger Geschmack: Mit einem einzigartigen Rezept bieten unsere Pizzen einen reichen, unvergesslichen Geschmack.<\/p>\n<p style=\"text-align: justify;\">Angemessener Preis: Wir bem\u00fchen uns stets, Qualit\u00e4tsprodukte zu erschwinglichen Preisen anzubieten.<\/p>\n<p style=\"text-align: justify;\">Unterst\u00fctzung der Gemeinschaft: Wenn Sie bei Maison Chance kaufen, genie\u00dfen Sie nicht nur k\u00f6stliche Pizza, sondern unterst\u00fctzen auch Menschen in schwierigen Lebenslagen.<\/p>\n<p><strong>Probieren Sie Noch Heute die Pizza von Maison Chance!<\/strong><\/p>\n<p style=\"text-align: justify;\">Verpassen Sie nicht die Gelegenheit, diese wunderbaren Pizzen zu genie\u00dfen. Kommen Sie zu Maison Chance und erleben Sie einen einzigartigen und anderen Geschmack. Wir versprechen Ihnen ein unvergessliches kulinarisches Erlebnis. Besonders wenn Sie bei Maison Chance einkaufen, genie\u00dfen Sie nicht nur k\u00f6stliches Essen, sondern unterst\u00fctzen auch Bed\u00fcrftige und geben ihnen eine Chance, im Leben aufzusteigen.<\/p>\n<p style=\"text-align: justify;\">Rufen Sie uns jetzt an, um eine Bestellung aufzugeben, oder besuchen Sie das Gesch\u00e4ft, um zu genie\u00dfen. Wir sind immer bereit, Ihnen die hei\u00dfesten, leckersten und attraktivsten Pizzen zu servieren.<\/p>\n","protected":false},"excerpt":{"rendered":"<p style=\"text-align: justify;\">Die Backwaren werden von Waisenkindern hergestellt, die derzeit von Maison Chance betreut werden. Wir hoffen aufrichtig auf Ihre Unterst\u00fctzung!<\/p>\n<p>Hotline: <span style=\"font-size: 20px;\"><strong><span style=\"color: #ff0000;\">0909 06 25 28<\/span><\/strong><\/span><\/p>\n","protected":false},"featured_media":39441,"template":"","meta":[],"product_brand":[],"product_cat":[211,217],"product_tag":[],"class_list":{"0":"post-39443","1":"product","2":"type-product","3":"status-publish","4":"has-post-thumbnail","6":"product_cat-baeckerei","7":"product_cat-fleisch-backwaren","9":"first","10":"instock","11":"shipping-taxable","12":"purchasable","13":"product-type-simple"},"yoast_head":"<!-- This site is optimized with the Yoast SEO Premium plugin v22.7 (Yoast SEO v25.3.1) - https:\/\/yoast.com\/wordpress\/plugins\/seo\/ -->\n<title>Pizza - Nh\u00e0 May M\u1eafn - Maison Chance<\/title>\n<meta name=\"description\" content=\"Genie\u00dfen Sie Pizza bei Maison Chance mit einzigartigen Geschmacksrichtungen, vern\u00fcnftigen Preisen und garantierter Qualit\u00e4t. Unterst\u00fctzen Sie unsere Produkte, um zur Gemeinschaft beizutragen\" \/>\n<meta name=\"robots\" content=\"index, follow, max-snippet:-1, max-image-preview:large, max-video-preview:-1\" \/>\n<link rel=\"canonical\" href=\"https:\/\/maison-chance.org\/shop\/de\/produkt\/pizza\" \/>\n<meta property=\"og:locale\" content=\"de_DE\" \/>\n<meta property=\"og:type\" content=\"article\" \/>\n<meta property=\"og:title\" content=\"Pizza\" \/>\n<meta property=\"og:description\" content=\"Genie\u00dfen Sie Pizza bei Maison Chance mit einzigartigen Geschmacksrichtungen, vern\u00fcnftigen Preisen und garantierter Qualit\u00e4t. Unterst\u00fctzen Sie unsere Produkte, um zur Gemeinschaft beizutragen\" \/>\n<meta property=\"og:url\" content=\"https:\/\/maison-chance.org\/shop\/de\/produkt\/pizza\" \/>\n<meta property=\"og:site_name\" content=\"Nh\u00e0 May M\u1eafn - Maison Chance\" \/>\n<meta property=\"article:publisher\" content=\"https:\/\/www.facebook.com\/dnxh.nhamayman\/\" \/>\n<meta property=\"article:modified_time\" content=\"2024-06-05T22:02:23+00:00\" \/>\n<meta property=\"og:image\" content=\"https:\/\/maison-chance.org\/shop\/wp-content\/uploads\/2024\/06\/Banh-pizza.jpg\" \/>\n\t<meta property=\"og:image:width\" content=\"600\" \/>\n\t<meta property=\"og:image:height\" content=\"600\" \/>\n\t<meta property=\"og:image:type\" content=\"image\/jpeg\" \/>\n<meta name=\"twitter:card\" content=\"summary_large_image\" \/>\n<meta name=\"twitter:label1\" content=\"Preis\" \/>\n\t<meta name=\"twitter:data1\" content=\"&euro;1.10\" \/>\n\t<meta name=\"twitter:label2\" content=\"Verf\u00fcgbarkeit\" \/>\n\t<meta name=\"twitter:data2\" content=\"Auf Lager\" \/>\n<script type=\"application\/ld+json\" class=\"yoast-schema-graph\">{\"@context\":\"https:\/\/schema.org\",\"@graph\":[{\"@type\":\"WebPage\",\"@id\":\"https:\/\/maison-chance.org\/shop\/de\/produkt\/pizza\",\"url\":\"https:\/\/maison-chance.org\/shop\/de\/produkt\/pizza\",\"name\":\"Pizza - Nh\u00e0 May M\u1eafn - Maison Chance\",\"isPartOf\":{\"@id\":\"https:\/\/maison-chance.org\/shop\/de#website\"},\"primaryImageOfPage\":{\"@id\":\"https:\/\/maison-chance.org\/shop\/de\/produkt\/pizza#primaryimage\"},\"image\":{\"@id\":\"https:\/\/maison-chance.org\/shop\/de\/produkt\/pizza#primaryimage\"},\"thumbnailUrl\":\"https:\/\/maison-chance.org\/shop\/wp-content\/uploads\/2024\/06\/Banh-pizza.jpg\",\"datePublished\":\"2024-06-05T21:48:18+00:00\",\"dateModified\":\"2024-06-05T22:02:23+00:00\",\"description\":\"Genie\u00dfen Sie Pizza bei Maison Chance mit einzigartigen Geschmacksrichtungen, vern\u00fcnftigen Preisen und garantierter Qualit\u00e4t. Unterst\u00fctzen Sie unsere Produkte, um zur Gemeinschaft beizutragen\",\"breadcrumb\":{\"@id\":\"https:\/\/maison-chance.org\/shop\/de\/produkt\/pizza#breadcrumb\"},\"inLanguage\":\"de\",\"potentialAction\":[{\"@type\":\"ReadAction\",\"target\":[\"https:\/\/maison-chance.org\/shop\/de\/produkt\/pizza\"]}]},{\"@type\":\"ImageObject\",\"inLanguage\":\"de\",\"@id\":\"https:\/\/maison-chance.org\/shop\/de\/produkt\/pizza#primaryimage\",\"url\":\"https:\/\/maison-chance.org\/shop\/wp-content\/uploads\/2024\/06\/Banh-pizza.jpg\",\"contentUrl\":\"https:\/\/maison-chance.org\/shop\/wp-content\/uploads\/2024\/06\/Banh-pizza.jpg\",\"width\":600,\"height\":600,\"caption\":\"Pizza\"},{\"@type\":\"BreadcrumbList\",\"@id\":\"https:\/\/maison-chance.org\/shop\/de\/produkt\/pizza#breadcrumb\",\"itemListElement\":[{\"@type\":\"ListItem\",\"position\":1,\"name\":\"Trang ch\u1ee7\",\"item\":\"https:\/\/maison-chance.org\/shop\/de\"},{\"@type\":\"ListItem\",\"position\":2,\"name\":\"Shop\",\"item\":\"https:\/\/maison-chance.org\/shop\/shop\"},{\"@type\":\"ListItem\",\"position\":3,\"name\":\"Pizza\"}]},{\"@type\":\"WebSite\",\"@id\":\"https:\/\/maison-chance.org\/shop\/de#website\",\"url\":\"https:\/\/maison-chance.org\/shop\/de\",\"name\":\"Nh\u00e0 May M\u1eafn - Maison Chance\",\"description\":\"M\u1ecdi l\u1ee3i nhu\u1eadn thu v\u1ec1 t\u1eeb vi\u1ec7c b\u00e1n h\u00e0ng s\u1ebd tr\u00edch m\u1ed9t ph\u1ea7n \u0111\u1ec3 ch\u0103m lo cho \u0111\u1eddi s\u1ed1ng c\u00e1c b\u1ea1n khuy\u1ebft t\u1eadt v\u00e0 tr\u1ebb m\u1ed3 c\u00f4i \u1edf \u0111\u00e2y\",\"publisher\":{\"@id\":\"https:\/\/maison-chance.org\/shop\/de#organization\"},\"potentialAction\":[{\"@type\":\"SearchAction\",\"target\":{\"@type\":\"EntryPoint\",\"urlTemplate\":\"https:\/\/maison-chance.org\/shop\/de?s={search_term_string}\"},\"query-input\":{\"@type\":\"PropertyValueSpecification\",\"valueRequired\":true,\"valueName\":\"search_term_string\"}}],\"inLanguage\":\"de\"},{\"@type\":\"Organization\",\"@id\":\"https:\/\/maison-chance.org\/shop\/de#organization\",\"name\":\"Nh\u00e0 May M\u1eafn - Maison Chance\",\"url\":\"https:\/\/maison-chance.org\/shop\/de\",\"logo\":{\"@type\":\"ImageObject\",\"inLanguage\":\"de\",\"@id\":\"https:\/\/maison-chance.org\/shop\/de#\/schema\/logo\/image\/\",\"url\":\"https:\/\/maison-chance.org\/shop\/wp-content\/uploads\/2024\/03\/cropped-Logo_DNXH.png\",\"contentUrl\":\"https:\/\/maison-chance.org\/shop\/wp-content\/uploads\/2024\/03\/cropped-Logo_DNXH.png\",\"width\":512,\"height\":512,\"caption\":\"Nh\u00e0 May M\u1eafn - Maison Chance\"},\"image\":{\"@id\":\"https:\/\/maison-chance.org\/shop\/de#\/schema\/logo\/image\/\"},\"sameAs\":[\"https:\/\/www.facebook.com\/dnxh.nhamayman\/\"]}]}<\/script>\n<meta property=\"product:price:amount\" content=\"1.10\" \/>\n<meta property=\"product:price:currency\" content=\"EUR\" \/>\n<meta property=\"og:availability\" content=\"instock\" \/>\n<meta property=\"product:availability\" content=\"instock\" \/>\n<meta property=\"product:condition\" content=\"new\" \/>\n<!-- \/ Yoast SEO Premium plugin. -->","yoast_head_json":{"title":"Pizza - Nh\u00e0 May M\u1eafn - Maison Chance","description":"Genie\u00dfen Sie Pizza bei Maison Chance mit einzigartigen Geschmacksrichtungen, vern\u00fcnftigen Preisen und garantierter Qualit\u00e4t. Unterst\u00fctzen Sie unsere Produkte, um zur Gemeinschaft beizutragen","robots":{"index":"index","follow":"follow","max-snippet":"max-snippet:-1","max-image-preview":"max-image-preview:large","max-video-preview":"max-video-preview:-1"},"canonical":"https:\/\/maison-chance.org\/shop\/de\/produkt\/pizza","og_locale":"de_DE","og_type":"article","og_title":"Pizza","og_description":"Genie\u00dfen Sie Pizza bei Maison Chance mit einzigartigen Geschmacksrichtungen, vern\u00fcnftigen Preisen und garantierter Qualit\u00e4t. Unterst\u00fctzen Sie unsere Produkte, um zur Gemeinschaft beizutragen","og_url":"https:\/\/maison-chance.org\/shop\/de\/produkt\/pizza","og_site_name":"Nh\u00e0 May M\u1eafn - Maison Chance","article_publisher":"https:\/\/www.facebook.com\/dnxh.nhamayman\/","article_modified_time":"2024-06-05T22:02:23+00:00","og_image":[{"width":600,"height":600,"url":"https:\/\/maison-chance.org\/shop\/wp-content\/uploads\/2024\/06\/Banh-pizza.jpg","type":"image\/jpeg"}],"twitter_card":"summary_large_image","twitter_misc":{"Preis":"&euro;1.10","Verf\u00fcgbarkeit":"Auf Lager"},"schema":{"@context":"https:\/\/schema.org","@graph":[{"@type":"WebPage","@id":"https:\/\/maison-chance.org\/shop\/de\/produkt\/pizza","url":"https:\/\/maison-chance.org\/shop\/de\/produkt\/pizza","name":"Pizza - Nh\u00e0 May M\u1eafn - Maison Chance","isPartOf":{"@id":"https:\/\/maison-chance.org\/shop\/de#website"},"primaryImageOfPage":{"@id":"https:\/\/maison-chance.org\/shop\/de\/produkt\/pizza#primaryimage"},"image":{"@id":"https:\/\/maison-chance.org\/shop\/de\/produkt\/pizza#primaryimage"},"thumbnailUrl":"https:\/\/maison-chance.org\/shop\/wp-content\/uploads\/2024\/06\/Banh-pizza.jpg","datePublished":"2024-06-05T21:48:18+00:00","dateModified":"2024-06-05T22:02:23+00:00","description":"Genie\u00dfen Sie Pizza bei Maison Chance mit einzigartigen Geschmacksrichtungen, vern\u00fcnftigen Preisen und garantierter Qualit\u00e4t. Unterst\u00fctzen Sie unsere Produkte, um zur Gemeinschaft beizutragen","breadcrumb":{"@id":"https:\/\/maison-chance.org\/shop\/de\/produkt\/pizza#breadcrumb"},"inLanguage":"de","potentialAction":[{"@type":"ReadAction","target":["https:\/\/maison-chance.org\/shop\/de\/produkt\/pizza"]}]},{"@type":"ImageObject","inLanguage":"de","@id":"https:\/\/maison-chance.org\/shop\/de\/produkt\/pizza#primaryimage","url":"https:\/\/maison-chance.org\/shop\/wp-content\/uploads\/2024\/06\/Banh-pizza.jpg","contentUrl":"https:\/\/maison-chance.org\/shop\/wp-content\/uploads\/2024\/06\/Banh-pizza.jpg","width":600,"height":600,"caption":"Pizza"},{"@type":"BreadcrumbList","@id":"https:\/\/maison-chance.org\/shop\/de\/produkt\/pizza#breadcrumb","itemListElement":[{"@type":"ListItem","position":1,"name":"Trang ch\u1ee7","item":"https:\/\/maison-chance.org\/shop\/de"},{"@type":"ListItem","position":2,"name":"Shop","item":"https:\/\/maison-chance.org\/shop\/shop"},{"@type":"ListItem","position":3,"name":"Pizza"}]},{"@type":"WebSite","@id":"https:\/\/maison-chance.org\/shop\/de#website","url":"https:\/\/maison-chance.org\/shop\/de","name":"Nh\u00e0 May M\u1eafn - Maison Chance","description":"M\u1ecdi l\u1ee3i nhu\u1eadn thu v\u1ec1 t\u1eeb vi\u1ec7c b\u00e1n h\u00e0ng s\u1ebd tr\u00edch m\u1ed9t ph\u1ea7n \u0111\u1ec3 ch\u0103m lo cho \u0111\u1eddi s\u1ed1ng c\u00e1c b\u1ea1n khuy\u1ebft t\u1eadt v\u00e0 tr\u1ebb m\u1ed3 c\u00f4i \u1edf \u0111\u00e2y","publisher":{"@id":"https:\/\/maison-chance.org\/shop\/de#organization"},"potentialAction":[{"@type":"SearchAction","target":{"@type":"EntryPoint","urlTemplate":"https:\/\/maison-chance.org\/shop\/de?s={search_term_string}"},"query-input":{"@type":"PropertyValueSpecification","valueRequired":true,"valueName":"search_term_string"}}],"inLanguage":"de"},{"@type":"Organization","@id":"https:\/\/maison-chance.org\/shop\/de#organization","name":"Nh\u00e0 May M\u1eafn - Maison Chance","url":"https:\/\/maison-chance.org\/shop\/de","logo":{"@type":"ImageObject","inLanguage":"de","@id":"https:\/\/maison-chance.org\/shop\/de#\/schema\/logo\/image\/","url":"https:\/\/maison-chance.org\/shop\/wp-content\/uploads\/2024\/03\/cropped-Logo_DNXH.png","contentUrl":"https:\/\/maison-chance.org\/shop\/wp-content\/uploads\/2024\/03\/cropped-Logo_DNXH.png","width":512,"height":512,"caption":"Nh\u00e0 May M\u1eafn - Maison Chance"},"image":{"@id":"https:\/\/maison-chance.org\/shop\/de#\/schema\/logo\/image\/"},"sameAs":["https:\/\/www.facebook.com\/dnxh.nhamayman\/"]}]},"product_price_amount":"1.10","product_price_currency":"EUR","og_availability":"instock","product_availability":"instock","product_condition":"new"},"_links":{"self":[{"href":"https:\/\/maison-chance.org\/shop\/de\/wp-json\/wp\/v2\/product\/39443","targetHints":{"allow":["GET"]}}],"collection":[{"href":"https:\/\/maison-chance.org\/shop\/de\/wp-json\/wp\/v2\/product"}],"about":[{"href":"https:\/\/maison-chance.org\/shop\/de\/wp-json\/wp\/v2\/types\/product"}],"wp:featuredmedia":[{"embeddable":true,"href":"https:\/\/maison-chance.org\/shop\/de\/wp-json\/wp\/v2\/media\/39441"}],"wp:attachment":[{"href":"https:\/\/maison-chance.org\/shop\/de\/wp-json\/wp\/v2\/media?parent=39443"}],"wp:term":[{"taxonomy":"product_brand","embeddable":true,"href":"https:\/\/maison-chance.org\/shop\/de\/wp-json\/wp\/v2\/product_brand?post=39443"},{"taxonomy":"product_cat","embeddable":true,"href":"https:\/\/maison-chance.org\/shop\/de\/wp-json\/wp\/v2\/product_cat?post=39443"},{"taxonomy":"product_tag","embeddable":true,"href":"https:\/\/maison-chance.org\/shop\/de\/wp-json\/wp\/v2\/product_tag?post=39443"}],"curies":[{"name":"wp","href":"https:\/\/api.w.org\/{rel}","templated":true}]}}