{"id":39463,"date":"2024-06-06T05:18:42","date_gmt":"2024-06-05T22:18:42","guid":{"rendered":"https:\/\/maison-chance.org\/shop\/san-pham\/pate-chaud"},"modified":"2024-06-06T05:18:42","modified_gmt":"2024-06-05T22:18:42","slug":"pate-chaud","status":"publish","type":"product","link":"https:\/\/maison-chance.org\/shop\/de\/produkt\/pate-chaud","title":{"rendered":"Pate Chaud"},"content":{"rendered":"<p style=\"text-align: center;\">Pate Chaud Geb\u00e4ck &#8211; Traditioneller Geschmack von Maison Chance<\/p>\n<p style=\"text-align: justify;\">Pate Chaud Geb\u00e4ck, eine traditionelle s\u00fc\u00dfe Spezialit\u00e4t aus Europa, ist zu einem Lieblingsgericht vieler kulinarischer Enthusiasten auf der ganzen Welt geworden. Mit der perfekten Kombination aus Mehl, Butter, Milch, Eiern, Zucker und herzhafter Fleischf\u00fcllung bietet das Pate Chaud Geb\u00e4ck von Maison Chance ein einzigartiges und geschmackvolles kulinarisches Erlebnis.<\/p>\n<p><strong>Besonderer Geschmack des Pate Chaud Geb\u00e4cks<\/strong><\/p>\n<p style=\"text-align: justify;\">Das Pate Chaud Geb\u00e4ck von Maison Chance wird aus den frischesten und hochwertigsten Zutaten hergestellt. Der Teig besteht aus hochwertigem Mehl, kombiniert mit duftender Butter und frischer Milch, was eine knusprige, goldene Kruste ergibt. Wenn Sie hineinbei\u00dfen, sp\u00fcren Sie die knusprige, glatte Textur des Teigs, die sich mit der leichten S\u00fc\u00dfe des Zuckers und der F\u00fclle der Eier verbindet.<\/p>\n<p style=\"text-align: justify;\">Die F\u00fcllung ist eine perfekte Kombination aus Fleisch, Zwiebeln, Pfeffer und Pastete. Das Fleisch wird sorgf\u00e4ltig ausgew\u00e4hlt, frisch und perfekt gew\u00fcrzt. Zwiebeln werden hinzugef\u00fcgt, um den Geschmack zu verbessern, zusammen mit einer Prise w\u00fcrzigen Pfeffers, die alle zusammen eine reiche und verlockende Geschmacksrichtung ergeben. Die Pastete &#8211; eine unverzichtbare Zutat, macht die F\u00fcllung noch reicher, duftender und l\u00e4sst jeden, der sie probiert, schw\u00e4rmen.<\/p>\n<p><strong>Die richtige Gewichtswahl<\/strong><\/p>\n<p style=\"text-align: justify;\">Das Pate Chaud Geb\u00e4ck von Maison Chance ist in drei verschiedenen Gewichtsoptionen erh\u00e4ltlich, um den Bed\u00fcrfnissen jedes Kunden gerecht zu werden:<\/p>\n<p style=\"text-align: justify;\">35g\/St\u00fcck: Geeignet f\u00fcr leichte Fr\u00fchst\u00fccke oder Snacks.<\/p>\n<p style=\"text-align: justify;\">50g\/St\u00fcck: Die perfekte Wahl f\u00fcr Hauptmahlzeiten, genug, um Ihren Hunger zu stillen, ohne sich zu schwer zu f\u00fchlen.<\/p>\n<p style=\"text-align: justify;\">75g\/St\u00fcck: F\u00fcr diejenigen, die den vollen Geschmack des Pate Chaud Geb\u00e4cks genie\u00dfen m\u00f6chten oder f\u00fcr den Einsatz bei kleinen Partys.<\/p>\n<p><strong>Gr\u00fcnde, das Pate Chaud Geb\u00e4ck von Maison Chance zu kaufen<\/strong><\/p>\n<p style=\"text-align: justify;\">Wenn Sie das Pate Chaud Geb\u00e4ck von Maison Chance kaufen, genie\u00dfen Sie nicht nur eine k\u00f6stliche Leckerei, sondern leisten auch einen Beitrag zur Unterst\u00fctzung benachteiligter Personen in der Gesellschaft. Maison Chance ist eine Wohlt\u00e4tigkeitsorganisation, die sich f\u00fcr Menschen mit Behinderungen und Waisenkindern einsetzt. Jedes Geb\u00e4ck, das Sie kaufen, ist ein wertvoller Beitrag, der ihnen mehr Bildungs- und Arbeitsm\u00f6glichkeiten bietet und ihnen hilft, selbstbewusst in die Gemeinschaft zu integrieren.<\/p>\n<p><strong>Jetzt bestellen!<\/strong><\/p>\n<p style=\"text-align: justify;\">Probieren Sie noch heute das Pate Chaud Geb\u00e4ck von Maison Chance, um den einzigartigen Geschmack und die humanit\u00e4re Bedeutung des Produkts zu erleben. Sie k\u00f6nnen ganz einfach \u00fcber unsere Website bestellen oder uns direkt telefonisch kontaktieren. Wir garantieren eine schnelle Lieferung und die beste Qualit\u00e4t bis zu Ihrer Haust\u00fcr.<\/p>\n","protected":false},"excerpt":{"rendered":"<p style=\"text-align: justify;\">Die Backwaren werden von Waisenkindern hergestellt, die derzeit von Maison Chance betreut werden. Wir hoffen aufrichtig auf Ihre Unterst\u00fctzung!<\/p>\n<p>Hotline: <span style=\"font-size: 20px;\"><strong><span style=\"color: #ff0000;\">0909 06 25 28<\/span><\/strong><\/span><\/p>\n","protected":false},"featured_media":39453,"template":"","meta":[],"product_brand":[],"product_cat":[211,217],"product_tag":[],"class_list":{"0":"post-39463","1":"product","2":"type-product","3":"status-publish","4":"has-post-thumbnail","6":"product_cat-baeckerei","7":"product_cat-fleisch-backwaren","9":"first","10":"instock","11":"shipping-taxable","12":"purchasable","13":"product-type-variable"},"yoast_head":"<!-- This site is optimized with the Yoast SEO Premium plugin v22.7 (Yoast SEO v25.3.1) - https:\/\/yoast.com\/wordpress\/plugins\/seo\/ -->\n<title>Pate Chaud - Nh\u00e0 May M\u1eafn - Maison Chance<\/title>\n<meta name=\"description\" content=\"Genie\u00dfen Sie k\u00f6stliche Pate Chaud-Geb\u00e4ck bei Maison Chance. Bestellen Sie jetzt, um den einzigartigen Geschmack zu erleben und zur Unterst\u00fctzung der Gemeinschaft beizutragen\" \/>\n<meta name=\"robots\" content=\"index, follow, max-snippet:-1, max-image-preview:large, max-video-preview:-1\" \/>\n<link rel=\"canonical\" href=\"https:\/\/maison-chance.org\/shop\/de\/produkt\/pate-chaud\" \/>\n<meta property=\"og:locale\" content=\"de_DE\" \/>\n<meta property=\"og:type\" content=\"article\" \/>\n<meta property=\"og:title\" content=\"Pate Chaud\" \/>\n<meta property=\"og:description\" content=\"Genie\u00dfen Sie k\u00f6stliche Pate Chaud-Geb\u00e4ck bei Maison Chance. Bestellen Sie jetzt, um den einzigartigen Geschmack zu erleben und zur Unterst\u00fctzung der Gemeinschaft beizutragen\" \/>\n<meta property=\"og:url\" content=\"https:\/\/maison-chance.org\/shop\/de\/produkt\/pate-chaud\" \/>\n<meta property=\"og:site_name\" content=\"Nh\u00e0 May M\u1eafn - Maison Chance\" \/>\n<meta property=\"article:publisher\" content=\"https:\/\/www.facebook.com\/dnxh.nhamayman\/\" \/>\n<meta property=\"og:image\" content=\"https:\/\/maison-chance.org\/shop\/wp-content\/uploads\/2024\/06\/Banh-Pate-Chaud.jpg\" \/>\n\t<meta property=\"og:image:width\" content=\"600\" \/>\n\t<meta property=\"og:image:height\" content=\"600\" \/>\n\t<meta property=\"og:image:type\" content=\"image\/jpeg\" \/>\n<meta name=\"twitter:card\" content=\"summary_large_image\" \/>\n<meta name=\"twitter:label1\" content=\"Verf\u00fcgbarkeit\" \/>\n\t<meta name=\"twitter:data1\" content=\"Auf Lager\" \/>\n<script type=\"application\/ld+json\" class=\"yoast-schema-graph\">{\"@context\":\"https:\/\/schema.org\",\"@graph\":[{\"@type\":\"WebPage\",\"@id\":\"https:\/\/maison-chance.org\/shop\/de\/produkt\/pate-chaud\",\"url\":\"https:\/\/maison-chance.org\/shop\/de\/produkt\/pate-chaud\",\"name\":\"Pate Chaud - Nh\u00e0 May M\u1eafn - Maison Chance\",\"isPartOf\":{\"@id\":\"https:\/\/maison-chance.org\/shop\/de#website\"},\"primaryImageOfPage\":{\"@id\":\"https:\/\/maison-chance.org\/shop\/de\/produkt\/pate-chaud#primaryimage\"},\"image\":{\"@id\":\"https:\/\/maison-chance.org\/shop\/de\/produkt\/pate-chaud#primaryimage\"},\"thumbnailUrl\":\"https:\/\/maison-chance.org\/shop\/wp-content\/uploads\/2024\/06\/Banh-Pate-Chaud.jpg\",\"datePublished\":\"2024-06-05T22:18:42+00:00\",\"description\":\"Genie\u00dfen Sie k\u00f6stliche Pate Chaud-Geb\u00e4ck bei Maison Chance. Bestellen Sie jetzt, um den einzigartigen Geschmack zu erleben und zur Unterst\u00fctzung der Gemeinschaft beizutragen\",\"breadcrumb\":{\"@id\":\"https:\/\/maison-chance.org\/shop\/de\/produkt\/pate-chaud#breadcrumb\"},\"inLanguage\":\"de\",\"potentialAction\":[{\"@type\":\"ReadAction\",\"target\":[\"https:\/\/maison-chance.org\/shop\/de\/produkt\/pate-chaud\"]}]},{\"@type\":\"ImageObject\",\"inLanguage\":\"de\",\"@id\":\"https:\/\/maison-chance.org\/shop\/de\/produkt\/pate-chaud#primaryimage\",\"url\":\"https:\/\/maison-chance.org\/shop\/wp-content\/uploads\/2024\/06\/Banh-Pate-Chaud.jpg\",\"contentUrl\":\"https:\/\/maison-chance.org\/shop\/wp-content\/uploads\/2024\/06\/Banh-Pate-Chaud.jpg\",\"width\":600,\"height\":600,\"caption\":\"Pate Chaud\"},{\"@type\":\"BreadcrumbList\",\"@id\":\"https:\/\/maison-chance.org\/shop\/de\/produkt\/pate-chaud#breadcrumb\",\"itemListElement\":[{\"@type\":\"ListItem\",\"position\":1,\"name\":\"Trang ch\u1ee7\",\"item\":\"https:\/\/maison-chance.org\/shop\/de\"},{\"@type\":\"ListItem\",\"position\":2,\"name\":\"Shop\",\"item\":\"https:\/\/maison-chance.org\/shop\/shop\"},{\"@type\":\"ListItem\",\"position\":3,\"name\":\"Pate Chaud\"}]},{\"@type\":\"WebSite\",\"@id\":\"https:\/\/maison-chance.org\/shop\/de#website\",\"url\":\"https:\/\/maison-chance.org\/shop\/de\",\"name\":\"Nh\u00e0 May M\u1eafn - Maison Chance\",\"description\":\"M\u1ecdi l\u1ee3i nhu\u1eadn thu v\u1ec1 t\u1eeb vi\u1ec7c b\u00e1n h\u00e0ng s\u1ebd tr\u00edch m\u1ed9t ph\u1ea7n \u0111\u1ec3 ch\u0103m lo cho \u0111\u1eddi s\u1ed1ng c\u00e1c b\u1ea1n khuy\u1ebft t\u1eadt v\u00e0 tr\u1ebb m\u1ed3 c\u00f4i \u1edf \u0111\u00e2y\",\"publisher\":{\"@id\":\"https:\/\/maison-chance.org\/shop\/de#organization\"},\"potentialAction\":[{\"@type\":\"SearchAction\",\"target\":{\"@type\":\"EntryPoint\",\"urlTemplate\":\"https:\/\/maison-chance.org\/shop\/de?s={search_term_string}\"},\"query-input\":{\"@type\":\"PropertyValueSpecification\",\"valueRequired\":true,\"valueName\":\"search_term_string\"}}],\"inLanguage\":\"de\"},{\"@type\":\"Organization\",\"@id\":\"https:\/\/maison-chance.org\/shop\/de#organization\",\"name\":\"Nh\u00e0 May M\u1eafn - Maison Chance\",\"url\":\"https:\/\/maison-chance.org\/shop\/de\",\"logo\":{\"@type\":\"ImageObject\",\"inLanguage\":\"de\",\"@id\":\"https:\/\/maison-chance.org\/shop\/de#\/schema\/logo\/image\/\",\"url\":\"https:\/\/maison-chance.org\/shop\/wp-content\/uploads\/2024\/03\/cropped-Logo_DNXH.png\",\"contentUrl\":\"https:\/\/maison-chance.org\/shop\/wp-content\/uploads\/2024\/03\/cropped-Logo_DNXH.png\",\"width\":512,\"height\":512,\"caption\":\"Nh\u00e0 May M\u1eafn - Maison Chance\"},\"image\":{\"@id\":\"https:\/\/maison-chance.org\/shop\/de#\/schema\/logo\/image\/\"},\"sameAs\":[\"https:\/\/www.facebook.com\/dnxh.nhamayman\/\"]}]}<\/script>\n<meta property=\"og:availability\" content=\"instock\" \/>\n<meta property=\"product:availability\" content=\"instock\" \/>\n<meta property=\"product:condition\" content=\"new\" \/>\n<!-- \/ Yoast SEO Premium plugin. -->","yoast_head_json":{"title":"Pate Chaud - Nh\u00e0 May M\u1eafn - Maison Chance","description":"Genie\u00dfen Sie k\u00f6stliche Pate Chaud-Geb\u00e4ck bei Maison Chance. Bestellen Sie jetzt, um den einzigartigen Geschmack zu erleben und zur Unterst\u00fctzung der Gemeinschaft beizutragen","robots":{"index":"index","follow":"follow","max-snippet":"max-snippet:-1","max-image-preview":"max-image-preview:large","max-video-preview":"max-video-preview:-1"},"canonical":"https:\/\/maison-chance.org\/shop\/de\/produkt\/pate-chaud","og_locale":"de_DE","og_type":"article","og_title":"Pate Chaud","og_description":"Genie\u00dfen Sie k\u00f6stliche Pate Chaud-Geb\u00e4ck bei Maison Chance. Bestellen Sie jetzt, um den einzigartigen Geschmack zu erleben und zur Unterst\u00fctzung der Gemeinschaft beizutragen","og_url":"https:\/\/maison-chance.org\/shop\/de\/produkt\/pate-chaud","og_site_name":"Nh\u00e0 May M\u1eafn - Maison Chance","article_publisher":"https:\/\/www.facebook.com\/dnxh.nhamayman\/","og_image":[{"width":600,"height":600,"url":"https:\/\/maison-chance.org\/shop\/wp-content\/uploads\/2024\/06\/Banh-Pate-Chaud.jpg","type":"image\/jpeg"}],"twitter_card":"summary_large_image","twitter_misc":{"Verf\u00fcgbarkeit":"Auf Lager"},"schema":{"@context":"https:\/\/schema.org","@graph":[{"@type":"WebPage","@id":"https:\/\/maison-chance.org\/shop\/de\/produkt\/pate-chaud","url":"https:\/\/maison-chance.org\/shop\/de\/produkt\/pate-chaud","name":"Pate Chaud - Nh\u00e0 May M\u1eafn - Maison Chance","isPartOf":{"@id":"https:\/\/maison-chance.org\/shop\/de#website"},"primaryImageOfPage":{"@id":"https:\/\/maison-chance.org\/shop\/de\/produkt\/pate-chaud#primaryimage"},"image":{"@id":"https:\/\/maison-chance.org\/shop\/de\/produkt\/pate-chaud#primaryimage"},"thumbnailUrl":"https:\/\/maison-chance.org\/shop\/wp-content\/uploads\/2024\/06\/Banh-Pate-Chaud.jpg","datePublished":"2024-06-05T22:18:42+00:00","description":"Genie\u00dfen Sie k\u00f6stliche Pate Chaud-Geb\u00e4ck bei Maison Chance. Bestellen Sie jetzt, um den einzigartigen Geschmack zu erleben und zur Unterst\u00fctzung der Gemeinschaft beizutragen","breadcrumb":{"@id":"https:\/\/maison-chance.org\/shop\/de\/produkt\/pate-chaud#breadcrumb"},"inLanguage":"de","potentialAction":[{"@type":"ReadAction","target":["https:\/\/maison-chance.org\/shop\/de\/produkt\/pate-chaud"]}]},{"@type":"ImageObject","inLanguage":"de","@id":"https:\/\/maison-chance.org\/shop\/de\/produkt\/pate-chaud#primaryimage","url":"https:\/\/maison-chance.org\/shop\/wp-content\/uploads\/2024\/06\/Banh-Pate-Chaud.jpg","contentUrl":"https:\/\/maison-chance.org\/shop\/wp-content\/uploads\/2024\/06\/Banh-Pate-Chaud.jpg","width":600,"height":600,"caption":"Pate Chaud"},{"@type":"BreadcrumbList","@id":"https:\/\/maison-chance.org\/shop\/de\/produkt\/pate-chaud#breadcrumb","itemListElement":[{"@type":"ListItem","position":1,"name":"Trang ch\u1ee7","item":"https:\/\/maison-chance.org\/shop\/de"},{"@type":"ListItem","position":2,"name":"Shop","item":"https:\/\/maison-chance.org\/shop\/shop"},{"@type":"ListItem","position":3,"name":"Pate Chaud"}]},{"@type":"WebSite","@id":"https:\/\/maison-chance.org\/shop\/de#website","url":"https:\/\/maison-chance.org\/shop\/de","name":"Nh\u00e0 May M\u1eafn - Maison Chance","description":"M\u1ecdi l\u1ee3i nhu\u1eadn thu v\u1ec1 t\u1eeb vi\u1ec7c b\u00e1n h\u00e0ng s\u1ebd tr\u00edch m\u1ed9t ph\u1ea7n \u0111\u1ec3 ch\u0103m lo cho \u0111\u1eddi s\u1ed1ng c\u00e1c b\u1ea1n khuy\u1ebft t\u1eadt v\u00e0 tr\u1ebb m\u1ed3 c\u00f4i \u1edf \u0111\u00e2y","publisher":{"@id":"https:\/\/maison-chance.org\/shop\/de#organization"},"potentialAction":[{"@type":"SearchAction","target":{"@type":"EntryPoint","urlTemplate":"https:\/\/maison-chance.org\/shop\/de?s={search_term_string}"},"query-input":{"@type":"PropertyValueSpecification","valueRequired":true,"valueName":"search_term_string"}}],"inLanguage":"de"},{"@type":"Organization","@id":"https:\/\/maison-chance.org\/shop\/de#organization","name":"Nh\u00e0 May M\u1eafn - Maison Chance","url":"https:\/\/maison-chance.org\/shop\/de","logo":{"@type":"ImageObject","inLanguage":"de","@id":"https:\/\/maison-chance.org\/shop\/de#\/schema\/logo\/image\/","url":"https:\/\/maison-chance.org\/shop\/wp-content\/uploads\/2024\/03\/cropped-Logo_DNXH.png","contentUrl":"https:\/\/maison-chance.org\/shop\/wp-content\/uploads\/2024\/03\/cropped-Logo_DNXH.png","width":512,"height":512,"caption":"Nh\u00e0 May M\u1eafn - Maison Chance"},"image":{"@id":"https:\/\/maison-chance.org\/shop\/de#\/schema\/logo\/image\/"},"sameAs":["https:\/\/www.facebook.com\/dnxh.nhamayman\/"]}]},"og_availability":"instock","product_availability":"instock","product_condition":"new"},"_links":{"self":[{"href":"https:\/\/maison-chance.org\/shop\/de\/wp-json\/wp\/v2\/product\/39463","targetHints":{"allow":["GET"]}}],"collection":[{"href":"https:\/\/maison-chance.org\/shop\/de\/wp-json\/wp\/v2\/product"}],"about":[{"href":"https:\/\/maison-chance.org\/shop\/de\/wp-json\/wp\/v2\/types\/product"}],"wp:featuredmedia":[{"embeddable":true,"href":"https:\/\/maison-chance.org\/shop\/de\/wp-json\/wp\/v2\/media\/39453"}],"wp:attachment":[{"href":"https:\/\/maison-chance.org\/shop\/de\/wp-json\/wp\/v2\/media?parent=39463"}],"wp:term":[{"taxonomy":"product_brand","embeddable":true,"href":"https:\/\/maison-chance.org\/shop\/de\/wp-json\/wp\/v2\/product_brand?post=39463"},{"taxonomy":"product_cat","embeddable":true,"href":"https:\/\/maison-chance.org\/shop\/de\/wp-json\/wp\/v2\/product_cat?post=39463"},{"taxonomy":"product_tag","embeddable":true,"href":"https:\/\/maison-chance.org\/shop\/de\/wp-json\/wp\/v2\/product_tag?post=39463"}],"curies":[{"name":"wp","href":"https:\/\/api.w.org\/{rel}","templated":true}]}}