{"id":39503,"date":"2024-06-06T06:21:49","date_gmt":"2024-06-05T23:21:49","guid":{"rendered":"https:\/\/maison-chance.org\/shop\/san-pham\/mexikanisches-broetchen"},"modified":"2024-06-06T06:21:49","modified_gmt":"2024-06-05T23:21:49","slug":"mexikanisches-broetchen","status":"publish","type":"product","link":"https:\/\/maison-chance.org\/shop\/de\/produkt\/mexikanisches-broetchen","title":{"rendered":"Mexikanisches Br\u00f6tchen"},"content":{"rendered":"<p style=\"text-align: center;\">Die Perfekte Fusion von Geschmack: Mexiko Kuchen von Maison Chance<\/p>\n<p style=\"text-align: justify;\">Wenn Sie auf der Suche nach einem verlockenden s\u00fc\u00dfen Leckerbissen sind, um ihn mit einer Tasse Kaffee am Morgen oder Nachmittag zu genie\u00dfen, ist der Mexiko Kuchen die perfekte Wahl. Mit seinen einzigartigen Zutaten und seinem unverwechselbaren Geschmack verf\u00fchrt der Mexiko Kuchen nicht nur den Gaumen, sondern bringt auch W\u00e4rme und Gl\u00fcck.<\/p>\n<p><strong>Ausgezeichnete Zutaten, Einzigartiger Geschmack<\/strong><\/p>\n<p style=\"text-align: justify;\">Der Mexiko Kuchen wird aus der delikaten Kombination hochwertiger Zutaten wie feinem Mehl, cremiger Butter, duftender frischer Milch, frischen Eiern und feinem Zucker hergestellt. Das Highlight des Kuchens ist sein s\u00fc\u00dfer Schokoladen\u00fcberzug, der einen reichen und verf\u00fchrerischen Geschmack erzeugt.<\/p>\n<p><strong>Unverwechselbarer Geschmack, Perfekte Wahl<\/strong><\/p>\n<p style=\"text-align: justify;\">Der Mexiko Kuchen fesselt Sie nicht nur mit seiner \u00e4u\u00dferen Sch\u00f6nheit, sondern macht Sie auch unf\u00e4hig, jedem Bissen mit seinem unverwechselbaren Geschmack zu widerstehen. Die Mischung aus der S\u00fc\u00dfe der Schokolade und der F\u00fclle der Butter macht den Mexiko Kuchen zu einem kulinarischen Meisterwerk.<\/p>\n<p><strong>Unterst\u00fctzen Sie die Produkte von Maison Chance<\/strong><\/p>\n<p style=\"text-align: justify;\">Mit dem Engagement, die feinsten Qualit\u00e4tsprodukte und Geschmacksrichtungen zu liefern, steht Maison Chance stolz als vertrauensw\u00fcrdiges Ziel f\u00fcr kulinarische Enthusiasten. Unterst\u00fctzen Sie uns und erleben Sie noch heute den besonderen Geschmack des Mexiko Kuchens!<\/p>\n","protected":false},"excerpt":{"rendered":"<p style=\"text-align: justify;\">Die Backwaren werden von Waisenkindern hergestellt, die derzeit von Maison Chance betreut werden. Wir hoffen aufrichtig auf Ihre Unterst\u00fctzung!<\/p>\n<p>Hotline: <span style=\"font-size: 20px;\"><strong><span style=\"color: #ff0000;\">0909 06 25 28<\/span><\/strong><\/span><\/p>\n","protected":false},"featured_media":39501,"template":"","meta":[],"product_brand":[],"product_cat":[211,220],"product_tag":[],"class_list":{"0":"post-39503","1":"product","2":"type-product","3":"status-publish","4":"has-post-thumbnail","6":"product_cat-baeckerei","7":"product_cat-suesse-backwaren","9":"first","10":"instock","11":"shipping-taxable","12":"purchasable","13":"product-type-simple"},"yoast_head":"<!-- This site is optimized with the Yoast SEO Premium plugin v22.7 (Yoast SEO v25.3.1) - https:\/\/yoast.com\/wordpress\/plugins\/seo\/ -->\n<title>Mexikanisches Br\u00f6tchen - Nh\u00e0 May M\u1eafn - Maison Chance<\/title>\n<meta name=\"description\" content=\"Der Mexikokuchen begeistert Sie nicht nur mit seiner \u00e4u\u00dferen Sch\u00f6nheit, sondern verf\u00fchrt Sie auch unwiderstehlich mit jedem Bissen seines charakteristischen Geschmacks\" \/>\n<meta name=\"robots\" content=\"index, follow, max-snippet:-1, max-image-preview:large, max-video-preview:-1\" \/>\n<link rel=\"canonical\" href=\"https:\/\/maison-chance.org\/shop\/de\/produkt\/mexikanisches-broetchen\" \/>\n<meta property=\"og:locale\" content=\"de_DE\" \/>\n<meta property=\"og:type\" content=\"article\" \/>\n<meta property=\"og:title\" content=\"Mexikanisches Br\u00f6tchen\" \/>\n<meta property=\"og:description\" content=\"Der Mexikokuchen begeistert Sie nicht nur mit seiner \u00e4u\u00dferen Sch\u00f6nheit, sondern verf\u00fchrt Sie auch unwiderstehlich mit jedem Bissen seines charakteristischen Geschmacks\" \/>\n<meta property=\"og:url\" content=\"https:\/\/maison-chance.org\/shop\/de\/produkt\/mexikanisches-broetchen\" \/>\n<meta property=\"og:site_name\" content=\"Nh\u00e0 May M\u1eafn - Maison Chance\" \/>\n<meta property=\"article:publisher\" content=\"https:\/\/www.facebook.com\/dnxh.nhamayman\/\" \/>\n<meta property=\"og:image\" content=\"https:\/\/maison-chance.org\/shop\/wp-content\/uploads\/2024\/06\/Banh-Mexico.jpg\" \/>\n\t<meta property=\"og:image:width\" content=\"600\" \/>\n\t<meta property=\"og:image:height\" content=\"600\" \/>\n\t<meta property=\"og:image:type\" content=\"image\/jpeg\" \/>\n<meta name=\"twitter:card\" content=\"summary_large_image\" \/>\n<meta name=\"twitter:label1\" content=\"Preis\" \/>\n\t<meta name=\"twitter:data1\" content=\"&euro;0.64\" \/>\n\t<meta name=\"twitter:label2\" content=\"Verf\u00fcgbarkeit\" \/>\n\t<meta name=\"twitter:data2\" content=\"Auf Lager\" \/>\n<script type=\"application\/ld+json\" class=\"yoast-schema-graph\">{\"@context\":\"https:\/\/schema.org\",\"@graph\":[{\"@type\":\"WebPage\",\"@id\":\"https:\/\/maison-chance.org\/shop\/de\/produkt\/mexikanisches-broetchen\",\"url\":\"https:\/\/maison-chance.org\/shop\/de\/produkt\/mexikanisches-broetchen\",\"name\":\"Mexikanisches Br\u00f6tchen - Nh\u00e0 May M\u1eafn - Maison Chance\",\"isPartOf\":{\"@id\":\"https:\/\/maison-chance.org\/shop\/de#website\"},\"primaryImageOfPage\":{\"@id\":\"https:\/\/maison-chance.org\/shop\/de\/produkt\/mexikanisches-broetchen#primaryimage\"},\"image\":{\"@id\":\"https:\/\/maison-chance.org\/shop\/de\/produkt\/mexikanisches-broetchen#primaryimage\"},\"thumbnailUrl\":\"https:\/\/maison-chance.org\/shop\/wp-content\/uploads\/2024\/06\/Banh-Mexico.jpg\",\"datePublished\":\"2024-06-05T23:21:49+00:00\",\"description\":\"Der Mexikokuchen begeistert Sie nicht nur mit seiner \u00e4u\u00dferen Sch\u00f6nheit, sondern verf\u00fchrt Sie auch unwiderstehlich mit jedem Bissen seines charakteristischen Geschmacks\",\"breadcrumb\":{\"@id\":\"https:\/\/maison-chance.org\/shop\/de\/produkt\/mexikanisches-broetchen#breadcrumb\"},\"inLanguage\":\"de\",\"potentialAction\":[{\"@type\":\"ReadAction\",\"target\":[\"https:\/\/maison-chance.org\/shop\/de\/produkt\/mexikanisches-broetchen\"]}]},{\"@type\":\"ImageObject\",\"inLanguage\":\"de\",\"@id\":\"https:\/\/maison-chance.org\/shop\/de\/produkt\/mexikanisches-broetchen#primaryimage\",\"url\":\"https:\/\/maison-chance.org\/shop\/wp-content\/uploads\/2024\/06\/Banh-Mexico.jpg\",\"contentUrl\":\"https:\/\/maison-chance.org\/shop\/wp-content\/uploads\/2024\/06\/Banh-Mexico.jpg\",\"width\":600,\"height\":600,\"caption\":\"Mexikanisches Br\u00f6tchen\"},{\"@type\":\"BreadcrumbList\",\"@id\":\"https:\/\/maison-chance.org\/shop\/de\/produkt\/mexikanisches-broetchen#breadcrumb\",\"itemListElement\":[{\"@type\":\"ListItem\",\"position\":1,\"name\":\"Trang ch\u1ee7\",\"item\":\"https:\/\/maison-chance.org\/shop\/de\"},{\"@type\":\"ListItem\",\"position\":2,\"name\":\"Shop\",\"item\":\"https:\/\/maison-chance.org\/shop\/shop\"},{\"@type\":\"ListItem\",\"position\":3,\"name\":\"Mexikanisches Br\u00f6tchen\"}]},{\"@type\":\"WebSite\",\"@id\":\"https:\/\/maison-chance.org\/shop\/de#website\",\"url\":\"https:\/\/maison-chance.org\/shop\/de\",\"name\":\"Nh\u00e0 May M\u1eafn - Maison Chance\",\"description\":\"M\u1ecdi l\u1ee3i nhu\u1eadn thu v\u1ec1 t\u1eeb vi\u1ec7c b\u00e1n h\u00e0ng s\u1ebd tr\u00edch m\u1ed9t ph\u1ea7n \u0111\u1ec3 ch\u0103m lo cho \u0111\u1eddi s\u1ed1ng c\u00e1c b\u1ea1n khuy\u1ebft t\u1eadt v\u00e0 tr\u1ebb m\u1ed3 c\u00f4i \u1edf \u0111\u00e2y\",\"publisher\":{\"@id\":\"https:\/\/maison-chance.org\/shop\/de#organization\"},\"potentialAction\":[{\"@type\":\"SearchAction\",\"target\":{\"@type\":\"EntryPoint\",\"urlTemplate\":\"https:\/\/maison-chance.org\/shop\/de?s={search_term_string}\"},\"query-input\":{\"@type\":\"PropertyValueSpecification\",\"valueRequired\":true,\"valueName\":\"search_term_string\"}}],\"inLanguage\":\"de\"},{\"@type\":\"Organization\",\"@id\":\"https:\/\/maison-chance.org\/shop\/de#organization\",\"name\":\"Nh\u00e0 May M\u1eafn - Maison Chance\",\"url\":\"https:\/\/maison-chance.org\/shop\/de\",\"logo\":{\"@type\":\"ImageObject\",\"inLanguage\":\"de\",\"@id\":\"https:\/\/maison-chance.org\/shop\/de#\/schema\/logo\/image\/\",\"url\":\"https:\/\/maison-chance.org\/shop\/wp-content\/uploads\/2024\/03\/cropped-Logo_DNXH.png\",\"contentUrl\":\"https:\/\/maison-chance.org\/shop\/wp-content\/uploads\/2024\/03\/cropped-Logo_DNXH.png\",\"width\":512,\"height\":512,\"caption\":\"Nh\u00e0 May M\u1eafn - Maison Chance\"},\"image\":{\"@id\":\"https:\/\/maison-chance.org\/shop\/de#\/schema\/logo\/image\/\"},\"sameAs\":[\"https:\/\/www.facebook.com\/dnxh.nhamayman\/\"]}]}<\/script>\n<meta property=\"product:price:amount\" content=\"0.64\" \/>\n<meta property=\"product:price:currency\" content=\"EUR\" \/>\n<meta property=\"og:availability\" content=\"instock\" \/>\n<meta property=\"product:availability\" content=\"instock\" \/>\n<meta property=\"product:condition\" content=\"new\" \/>\n<!-- \/ Yoast SEO Premium plugin. -->","yoast_head_json":{"title":"Mexikanisches Br\u00f6tchen - Nh\u00e0 May M\u1eafn - Maison Chance","description":"Der Mexikokuchen begeistert Sie nicht nur mit seiner \u00e4u\u00dferen Sch\u00f6nheit, sondern verf\u00fchrt Sie auch unwiderstehlich mit jedem Bissen seines charakteristischen Geschmacks","robots":{"index":"index","follow":"follow","max-snippet":"max-snippet:-1","max-image-preview":"max-image-preview:large","max-video-preview":"max-video-preview:-1"},"canonical":"https:\/\/maison-chance.org\/shop\/de\/produkt\/mexikanisches-broetchen","og_locale":"de_DE","og_type":"article","og_title":"Mexikanisches Br\u00f6tchen","og_description":"Der Mexikokuchen begeistert Sie nicht nur mit seiner \u00e4u\u00dferen Sch\u00f6nheit, sondern verf\u00fchrt Sie auch unwiderstehlich mit jedem Bissen seines charakteristischen Geschmacks","og_url":"https:\/\/maison-chance.org\/shop\/de\/produkt\/mexikanisches-broetchen","og_site_name":"Nh\u00e0 May M\u1eafn - Maison Chance","article_publisher":"https:\/\/www.facebook.com\/dnxh.nhamayman\/","og_image":[{"width":600,"height":600,"url":"https:\/\/maison-chance.org\/shop\/wp-content\/uploads\/2024\/06\/Banh-Mexico.jpg","type":"image\/jpeg"}],"twitter_card":"summary_large_image","twitter_misc":{"Preis":"&euro;0.64","Verf\u00fcgbarkeit":"Auf Lager"},"schema":{"@context":"https:\/\/schema.org","@graph":[{"@type":"WebPage","@id":"https:\/\/maison-chance.org\/shop\/de\/produkt\/mexikanisches-broetchen","url":"https:\/\/maison-chance.org\/shop\/de\/produkt\/mexikanisches-broetchen","name":"Mexikanisches Br\u00f6tchen - Nh\u00e0 May M\u1eafn - Maison Chance","isPartOf":{"@id":"https:\/\/maison-chance.org\/shop\/de#website"},"primaryImageOfPage":{"@id":"https:\/\/maison-chance.org\/shop\/de\/produkt\/mexikanisches-broetchen#primaryimage"},"image":{"@id":"https:\/\/maison-chance.org\/shop\/de\/produkt\/mexikanisches-broetchen#primaryimage"},"thumbnailUrl":"https:\/\/maison-chance.org\/shop\/wp-content\/uploads\/2024\/06\/Banh-Mexico.jpg","datePublished":"2024-06-05T23:21:49+00:00","description":"Der Mexikokuchen begeistert Sie nicht nur mit seiner \u00e4u\u00dferen Sch\u00f6nheit, sondern verf\u00fchrt Sie auch unwiderstehlich mit jedem Bissen seines charakteristischen Geschmacks","breadcrumb":{"@id":"https:\/\/maison-chance.org\/shop\/de\/produkt\/mexikanisches-broetchen#breadcrumb"},"inLanguage":"de","potentialAction":[{"@type":"ReadAction","target":["https:\/\/maison-chance.org\/shop\/de\/produkt\/mexikanisches-broetchen"]}]},{"@type":"ImageObject","inLanguage":"de","@id":"https:\/\/maison-chance.org\/shop\/de\/produkt\/mexikanisches-broetchen#primaryimage","url":"https:\/\/maison-chance.org\/shop\/wp-content\/uploads\/2024\/06\/Banh-Mexico.jpg","contentUrl":"https:\/\/maison-chance.org\/shop\/wp-content\/uploads\/2024\/06\/Banh-Mexico.jpg","width":600,"height":600,"caption":"Mexikanisches Br\u00f6tchen"},{"@type":"BreadcrumbList","@id":"https:\/\/maison-chance.org\/shop\/de\/produkt\/mexikanisches-broetchen#breadcrumb","itemListElement":[{"@type":"ListItem","position":1,"name":"Trang ch\u1ee7","item":"https:\/\/maison-chance.org\/shop\/de"},{"@type":"ListItem","position":2,"name":"Shop","item":"https:\/\/maison-chance.org\/shop\/shop"},{"@type":"ListItem","position":3,"name":"Mexikanisches Br\u00f6tchen"}]},{"@type":"WebSite","@id":"https:\/\/maison-chance.org\/shop\/de#website","url":"https:\/\/maison-chance.org\/shop\/de","name":"Nh\u00e0 May M\u1eafn - Maison Chance","description":"M\u1ecdi l\u1ee3i nhu\u1eadn thu v\u1ec1 t\u1eeb vi\u1ec7c b\u00e1n h\u00e0ng s\u1ebd tr\u00edch m\u1ed9t ph\u1ea7n \u0111\u1ec3 ch\u0103m lo cho \u0111\u1eddi s\u1ed1ng c\u00e1c b\u1ea1n khuy\u1ebft t\u1eadt v\u00e0 tr\u1ebb m\u1ed3 c\u00f4i \u1edf \u0111\u00e2y","publisher":{"@id":"https:\/\/maison-chance.org\/shop\/de#organization"},"potentialAction":[{"@type":"SearchAction","target":{"@type":"EntryPoint","urlTemplate":"https:\/\/maison-chance.org\/shop\/de?s={search_term_string}"},"query-input":{"@type":"PropertyValueSpecification","valueRequired":true,"valueName":"search_term_string"}}],"inLanguage":"de"},{"@type":"Organization","@id":"https:\/\/maison-chance.org\/shop\/de#organization","name":"Nh\u00e0 May M\u1eafn - Maison Chance","url":"https:\/\/maison-chance.org\/shop\/de","logo":{"@type":"ImageObject","inLanguage":"de","@id":"https:\/\/maison-chance.org\/shop\/de#\/schema\/logo\/image\/","url":"https:\/\/maison-chance.org\/shop\/wp-content\/uploads\/2024\/03\/cropped-Logo_DNXH.png","contentUrl":"https:\/\/maison-chance.org\/shop\/wp-content\/uploads\/2024\/03\/cropped-Logo_DNXH.png","width":512,"height":512,"caption":"Nh\u00e0 May M\u1eafn - Maison Chance"},"image":{"@id":"https:\/\/maison-chance.org\/shop\/de#\/schema\/logo\/image\/"},"sameAs":["https:\/\/www.facebook.com\/dnxh.nhamayman\/"]}]},"product_price_amount":"0.64","product_price_currency":"EUR","og_availability":"instock","product_availability":"instock","product_condition":"new"},"_links":{"self":[{"href":"https:\/\/maison-chance.org\/shop\/de\/wp-json\/wp\/v2\/product\/39503","targetHints":{"allow":["GET"]}}],"collection":[{"href":"https:\/\/maison-chance.org\/shop\/de\/wp-json\/wp\/v2\/product"}],"about":[{"href":"https:\/\/maison-chance.org\/shop\/de\/wp-json\/wp\/v2\/types\/product"}],"wp:featuredmedia":[{"embeddable":true,"href":"https:\/\/maison-chance.org\/shop\/de\/wp-json\/wp\/v2\/media\/39501"}],"wp:attachment":[{"href":"https:\/\/maison-chance.org\/shop\/de\/wp-json\/wp\/v2\/media?parent=39503"}],"wp:term":[{"taxonomy":"product_brand","embeddable":true,"href":"https:\/\/maison-chance.org\/shop\/de\/wp-json\/wp\/v2\/product_brand?post=39503"},{"taxonomy":"product_cat","embeddable":true,"href":"https:\/\/maison-chance.org\/shop\/de\/wp-json\/wp\/v2\/product_cat?post=39503"},{"taxonomy":"product_tag","embeddable":true,"href":"https:\/\/maison-chance.org\/shop\/de\/wp-json\/wp\/v2\/product_tag?post=39503"}],"curies":[{"name":"wp","href":"https:\/\/api.w.org\/{rel}","templated":true}]}}