{"id":39513,"date":"2024-06-06T06:39:11","date_gmt":"2024-06-05T23:39:11","guid":{"rendered":"https:\/\/maison-chance.org\/shop\/san-pham\/schokoladenstueckchen-puddinggebaeck"},"modified":"2024-06-06T06:39:11","modified_gmt":"2024-06-05T23:39:11","slug":"schokoladenstueckchen-puddinggebaeck","status":"publish","type":"product","link":"https:\/\/maison-chance.org\/shop\/de\/produkt\/schokoladenstueckchen-puddinggebaeck","title":{"rendered":"Schokoladenst\u00fcckchen-Puddinggeb\u00e4ck"},"content":{"rendered":"<p style=\"text-align: justify;\">Wenn es um den s\u00fc\u00dfen und fesselnden Geschmack von Schokoladenkuchen geht, kann man nicht vergessen <a href=\"https:\/\/maison-chance.org\/shop\/phong-banh\">den Schokoladenchip-Kuchen von Maison Chance<\/a>. Mit hochwertigen Zutaten und exquisiter Kombination verzaubert der Schokoladenchip-Kuchen von Maison Chance nicht nur auf den ersten Blick, sondern hinterl\u00e4sst auch bei jedem Bissen einen verzauberten Eindruck.<\/p>\n<p><strong>Ausgezeichneter Geschmack<\/strong><\/p>\n<p style=\"text-align: justify;\">Jedes St\u00fcck <a href=\"https:\/\/maison-chance.org\/shop\/san-pham\/banh-so-co-la-chip\">Schokoladenchip-Kuchen<\/a> ist die perfekte Kombination aus feinem Mehl, cremiger Milch und herb-s\u00fc\u00dfer Schokolade. Wenn Sie in jedes St\u00fcck bei\u00dfen, werden Sie die schmelzende Schokolade in Kombination mit dem Knuspern der Schokoladenst\u00fcckchen sp\u00fcren und so ein wirklich kulinarisches Erlebnis haben.<\/p>\n<p><strong>Nat\u00fcrliche Zutaten<\/strong><\/p>\n<p style=\"text-align: justify;\">Der Schokoladenchip-Kuchen von Maison Chance besteht aus den frischesten und nat\u00fcrlichsten Zutaten. Von feinem wei\u00dfem Mehl \u00fcber duftende Butter, k\u00f6stliche frische Milch bis hin zu hochwertigen Schokoladenst\u00fccken wird jede Zutat sorgf\u00e4ltig ausgew\u00e4hlt, um Ihnen das qualitativ hochwertigste Produkt zu bieten.<\/p>\n<p><strong>Aufruf zum Vertrauen &#8211; Unterst\u00fctzen Sie vietnamesische Produkte<\/strong><\/p>\n<p style=\"text-align: justify;\">Maison Chance ist nicht nur eine renommierte Marke f\u00fcr s\u00fc\u00dfe Kuchen, sondern auch ein Symbol f\u00fcr Kreativit\u00e4t und Innovation. Wenn Sie unsere <a href=\"https:\/\/maison-chance.org\/shop\/banh-ngot\">s\u00fc\u00dfen Kuchen<\/a> &#8211; unseren Schokoladenchip-Kuchen kaufen, s\u00fc\u00dfen Sie nicht nur Ihren Gaumen, sondern unterst\u00fctzen auch vietnamesische Produkte und verbreiten Liebe und Unterst\u00fctzung in der Gemeinschaft.<\/p>\n","protected":false},"excerpt":{"rendered":"<p style=\"text-align: justify;\">Die Backwaren werden von Waisenkindern hergestellt, die derzeit von Maison Chance betreut werden. Wir hoffen aufrichtig auf Ihre Unterst\u00fctzung!<\/p>\n<p>Hotline: <span style=\"font-size: 20px;\"><strong><span style=\"color: #ff0000;\">0909 06 25 28<\/span><\/strong><\/span><\/p>\n","protected":false},"featured_media":39511,"template":"","meta":[],"product_brand":[],"product_cat":[211,220],"product_tag":[],"class_list":{"0":"post-39513","1":"product","2":"type-product","3":"status-publish","4":"has-post-thumbnail","6":"product_cat-baeckerei","7":"product_cat-suesse-backwaren","9":"first","10":"instock","11":"shipping-taxable","12":"purchasable","13":"product-type-simple"},"yoast_head":"<!-- This site is optimized with the Yoast SEO Premium plugin v22.7 (Yoast SEO v25.3.1) - https:\/\/yoast.com\/wordpress\/plugins\/seo\/ -->\n<title>Schokoladenst\u00fcckchen-Puddinggeb\u00e4ck - Nh\u00e0 May M\u1eafn - Maison Chance<\/title>\n<meta name=\"description\" content=\"Lassen Sie die Schokoladen-Chip-Geb\u00e4cke von Maison Chance in Ihren kulinarischen Zusammenk\u00fcnften strahlen oder sie als bedeutungsvolles Geschenk f\u00fcr Ihre Lieben und Freunde dienen\" \/>\n<meta name=\"robots\" content=\"index, follow, max-snippet:-1, max-image-preview:large, max-video-preview:-1\" \/>\n<link rel=\"canonical\" href=\"https:\/\/maison-chance.org\/shop\/de\/produkt\/schokoladenstueckchen-puddinggebaeck\" \/>\n<meta property=\"og:locale\" content=\"de_DE\" \/>\n<meta property=\"og:type\" content=\"article\" \/>\n<meta property=\"og:title\" content=\"Schokoladenst\u00fcckchen-Puddinggeb\u00e4ck\" \/>\n<meta property=\"og:description\" content=\"Lassen Sie die Schokoladen-Chip-Geb\u00e4cke von Maison Chance in Ihren kulinarischen Zusammenk\u00fcnften strahlen oder sie als bedeutungsvolles Geschenk f\u00fcr Ihre Lieben und Freunde dienen\" \/>\n<meta property=\"og:url\" content=\"https:\/\/maison-chance.org\/shop\/de\/produkt\/schokoladenstueckchen-puddinggebaeck\" \/>\n<meta property=\"og:site_name\" content=\"Nh\u00e0 May M\u1eafn - Maison Chance\" \/>\n<meta property=\"article:publisher\" content=\"https:\/\/www.facebook.com\/dnxh.nhamayman\/\" \/>\n<meta property=\"og:image\" content=\"https:\/\/maison-chance.org\/shop\/wp-content\/uploads\/2024\/06\/Banh-So-co-la-Chip.jpg\" \/>\n\t<meta property=\"og:image:width\" content=\"600\" \/>\n\t<meta property=\"og:image:height\" content=\"600\" \/>\n\t<meta property=\"og:image:type\" content=\"image\/jpeg\" \/>\n<meta name=\"twitter:card\" content=\"summary_large_image\" \/>\n<meta name=\"twitter:label1\" content=\"Preis\" \/>\n\t<meta name=\"twitter:data1\" content=\"&euro;0.64\" \/>\n\t<meta name=\"twitter:label2\" content=\"Verf\u00fcgbarkeit\" \/>\n\t<meta name=\"twitter:data2\" content=\"Auf Lager\" \/>\n<script type=\"application\/ld+json\" class=\"yoast-schema-graph\">{\"@context\":\"https:\/\/schema.org\",\"@graph\":[{\"@type\":\"WebPage\",\"@id\":\"https:\/\/maison-chance.org\/shop\/de\/produkt\/schokoladenstueckchen-puddinggebaeck\",\"url\":\"https:\/\/maison-chance.org\/shop\/de\/produkt\/schokoladenstueckchen-puddinggebaeck\",\"name\":\"Schokoladenst\u00fcckchen-Puddinggeb\u00e4ck - Nh\u00e0 May M\u1eafn - Maison Chance\",\"isPartOf\":{\"@id\":\"https:\/\/maison-chance.org\/shop\/de#website\"},\"primaryImageOfPage\":{\"@id\":\"https:\/\/maison-chance.org\/shop\/de\/produkt\/schokoladenstueckchen-puddinggebaeck#primaryimage\"},\"image\":{\"@id\":\"https:\/\/maison-chance.org\/shop\/de\/produkt\/schokoladenstueckchen-puddinggebaeck#primaryimage\"},\"thumbnailUrl\":\"https:\/\/maison-chance.org\/shop\/wp-content\/uploads\/2024\/06\/Banh-So-co-la-Chip.jpg\",\"datePublished\":\"2024-06-05T23:39:11+00:00\",\"description\":\"Lassen Sie die Schokoladen-Chip-Geb\u00e4cke von Maison Chance in Ihren kulinarischen Zusammenk\u00fcnften strahlen oder sie als bedeutungsvolles Geschenk f\u00fcr Ihre Lieben und Freunde dienen\",\"breadcrumb\":{\"@id\":\"https:\/\/maison-chance.org\/shop\/de\/produkt\/schokoladenstueckchen-puddinggebaeck#breadcrumb\"},\"inLanguage\":\"de\",\"potentialAction\":[{\"@type\":\"ReadAction\",\"target\":[\"https:\/\/maison-chance.org\/shop\/de\/produkt\/schokoladenstueckchen-puddinggebaeck\"]}]},{\"@type\":\"ImageObject\",\"inLanguage\":\"de\",\"@id\":\"https:\/\/maison-chance.org\/shop\/de\/produkt\/schokoladenstueckchen-puddinggebaeck#primaryimage\",\"url\":\"https:\/\/maison-chance.org\/shop\/wp-content\/uploads\/2024\/06\/Banh-So-co-la-Chip.jpg\",\"contentUrl\":\"https:\/\/maison-chance.org\/shop\/wp-content\/uploads\/2024\/06\/Banh-So-co-la-Chip.jpg\",\"width\":600,\"height\":600,\"caption\":\"Schokoladenst\u00fcckchen-Puddinggeb\u00e4ck\"},{\"@type\":\"BreadcrumbList\",\"@id\":\"https:\/\/maison-chance.org\/shop\/de\/produkt\/schokoladenstueckchen-puddinggebaeck#breadcrumb\",\"itemListElement\":[{\"@type\":\"ListItem\",\"position\":1,\"name\":\"Trang ch\u1ee7\",\"item\":\"https:\/\/maison-chance.org\/shop\/de\"},{\"@type\":\"ListItem\",\"position\":2,\"name\":\"Shop\",\"item\":\"https:\/\/maison-chance.org\/shop\/shop\"},{\"@type\":\"ListItem\",\"position\":3,\"name\":\"Schokoladenst\u00fcckchen-Puddinggeb\u00e4ck\"}]},{\"@type\":\"WebSite\",\"@id\":\"https:\/\/maison-chance.org\/shop\/de#website\",\"url\":\"https:\/\/maison-chance.org\/shop\/de\",\"name\":\"Nh\u00e0 May M\u1eafn - Maison Chance\",\"description\":\"M\u1ecdi l\u1ee3i nhu\u1eadn thu v\u1ec1 t\u1eeb vi\u1ec7c b\u00e1n h\u00e0ng s\u1ebd tr\u00edch m\u1ed9t ph\u1ea7n \u0111\u1ec3 ch\u0103m lo cho \u0111\u1eddi s\u1ed1ng c\u00e1c b\u1ea1n khuy\u1ebft t\u1eadt v\u00e0 tr\u1ebb m\u1ed3 c\u00f4i \u1edf \u0111\u00e2y\",\"publisher\":{\"@id\":\"https:\/\/maison-chance.org\/shop\/de#organization\"},\"potentialAction\":[{\"@type\":\"SearchAction\",\"target\":{\"@type\":\"EntryPoint\",\"urlTemplate\":\"https:\/\/maison-chance.org\/shop\/de?s={search_term_string}\"},\"query-input\":{\"@type\":\"PropertyValueSpecification\",\"valueRequired\":true,\"valueName\":\"search_term_string\"}}],\"inLanguage\":\"de\"},{\"@type\":\"Organization\",\"@id\":\"https:\/\/maison-chance.org\/shop\/de#organization\",\"name\":\"Nh\u00e0 May M\u1eafn - Maison Chance\",\"url\":\"https:\/\/maison-chance.org\/shop\/de\",\"logo\":{\"@type\":\"ImageObject\",\"inLanguage\":\"de\",\"@id\":\"https:\/\/maison-chance.org\/shop\/de#\/schema\/logo\/image\/\",\"url\":\"https:\/\/maison-chance.org\/shop\/wp-content\/uploads\/2024\/03\/cropped-Logo_DNXH.png\",\"contentUrl\":\"https:\/\/maison-chance.org\/shop\/wp-content\/uploads\/2024\/03\/cropped-Logo_DNXH.png\",\"width\":512,\"height\":512,\"caption\":\"Nh\u00e0 May M\u1eafn - Maison Chance\"},\"image\":{\"@id\":\"https:\/\/maison-chance.org\/shop\/de#\/schema\/logo\/image\/\"},\"sameAs\":[\"https:\/\/www.facebook.com\/dnxh.nhamayman\/\"]}]}<\/script>\n<meta property=\"product:price:amount\" content=\"0.64\" \/>\n<meta property=\"product:price:currency\" content=\"EUR\" \/>\n<meta property=\"og:availability\" content=\"instock\" \/>\n<meta property=\"product:availability\" content=\"instock\" \/>\n<meta property=\"product:condition\" content=\"new\" \/>\n<!-- \/ Yoast SEO Premium plugin. -->","yoast_head_json":{"title":"Schokoladenst\u00fcckchen-Puddinggeb\u00e4ck - Nh\u00e0 May M\u1eafn - Maison Chance","description":"Lassen Sie die Schokoladen-Chip-Geb\u00e4cke von Maison Chance in Ihren kulinarischen Zusammenk\u00fcnften strahlen oder sie als bedeutungsvolles Geschenk f\u00fcr Ihre Lieben und Freunde dienen","robots":{"index":"index","follow":"follow","max-snippet":"max-snippet:-1","max-image-preview":"max-image-preview:large","max-video-preview":"max-video-preview:-1"},"canonical":"https:\/\/maison-chance.org\/shop\/de\/produkt\/schokoladenstueckchen-puddinggebaeck","og_locale":"de_DE","og_type":"article","og_title":"Schokoladenst\u00fcckchen-Puddinggeb\u00e4ck","og_description":"Lassen Sie die Schokoladen-Chip-Geb\u00e4cke von Maison Chance in Ihren kulinarischen Zusammenk\u00fcnften strahlen oder sie als bedeutungsvolles Geschenk f\u00fcr Ihre Lieben und Freunde dienen","og_url":"https:\/\/maison-chance.org\/shop\/de\/produkt\/schokoladenstueckchen-puddinggebaeck","og_site_name":"Nh\u00e0 May M\u1eafn - Maison Chance","article_publisher":"https:\/\/www.facebook.com\/dnxh.nhamayman\/","og_image":[{"width":600,"height":600,"url":"https:\/\/maison-chance.org\/shop\/wp-content\/uploads\/2024\/06\/Banh-So-co-la-Chip.jpg","type":"image\/jpeg"}],"twitter_card":"summary_large_image","twitter_misc":{"Preis":"&euro;0.64","Verf\u00fcgbarkeit":"Auf Lager"},"schema":{"@context":"https:\/\/schema.org","@graph":[{"@type":"WebPage","@id":"https:\/\/maison-chance.org\/shop\/de\/produkt\/schokoladenstueckchen-puddinggebaeck","url":"https:\/\/maison-chance.org\/shop\/de\/produkt\/schokoladenstueckchen-puddinggebaeck","name":"Schokoladenst\u00fcckchen-Puddinggeb\u00e4ck - Nh\u00e0 May M\u1eafn - Maison Chance","isPartOf":{"@id":"https:\/\/maison-chance.org\/shop\/de#website"},"primaryImageOfPage":{"@id":"https:\/\/maison-chance.org\/shop\/de\/produkt\/schokoladenstueckchen-puddinggebaeck#primaryimage"},"image":{"@id":"https:\/\/maison-chance.org\/shop\/de\/produkt\/schokoladenstueckchen-puddinggebaeck#primaryimage"},"thumbnailUrl":"https:\/\/maison-chance.org\/shop\/wp-content\/uploads\/2024\/06\/Banh-So-co-la-Chip.jpg","datePublished":"2024-06-05T23:39:11+00:00","description":"Lassen Sie die Schokoladen-Chip-Geb\u00e4cke von Maison Chance in Ihren kulinarischen Zusammenk\u00fcnften strahlen oder sie als bedeutungsvolles Geschenk f\u00fcr Ihre Lieben und Freunde dienen","breadcrumb":{"@id":"https:\/\/maison-chance.org\/shop\/de\/produkt\/schokoladenstueckchen-puddinggebaeck#breadcrumb"},"inLanguage":"de","potentialAction":[{"@type":"ReadAction","target":["https:\/\/maison-chance.org\/shop\/de\/produkt\/schokoladenstueckchen-puddinggebaeck"]}]},{"@type":"ImageObject","inLanguage":"de","@id":"https:\/\/maison-chance.org\/shop\/de\/produkt\/schokoladenstueckchen-puddinggebaeck#primaryimage","url":"https:\/\/maison-chance.org\/shop\/wp-content\/uploads\/2024\/06\/Banh-So-co-la-Chip.jpg","contentUrl":"https:\/\/maison-chance.org\/shop\/wp-content\/uploads\/2024\/06\/Banh-So-co-la-Chip.jpg","width":600,"height":600,"caption":"Schokoladenst\u00fcckchen-Puddinggeb\u00e4ck"},{"@type":"BreadcrumbList","@id":"https:\/\/maison-chance.org\/shop\/de\/produkt\/schokoladenstueckchen-puddinggebaeck#breadcrumb","itemListElement":[{"@type":"ListItem","position":1,"name":"Trang ch\u1ee7","item":"https:\/\/maison-chance.org\/shop\/de"},{"@type":"ListItem","position":2,"name":"Shop","item":"https:\/\/maison-chance.org\/shop\/shop"},{"@type":"ListItem","position":3,"name":"Schokoladenst\u00fcckchen-Puddinggeb\u00e4ck"}]},{"@type":"WebSite","@id":"https:\/\/maison-chance.org\/shop\/de#website","url":"https:\/\/maison-chance.org\/shop\/de","name":"Nh\u00e0 May M\u1eafn - Maison Chance","description":"M\u1ecdi l\u1ee3i nhu\u1eadn thu v\u1ec1 t\u1eeb vi\u1ec7c b\u00e1n h\u00e0ng s\u1ebd tr\u00edch m\u1ed9t ph\u1ea7n \u0111\u1ec3 ch\u0103m lo cho \u0111\u1eddi s\u1ed1ng c\u00e1c b\u1ea1n khuy\u1ebft t\u1eadt v\u00e0 tr\u1ebb m\u1ed3 c\u00f4i \u1edf \u0111\u00e2y","publisher":{"@id":"https:\/\/maison-chance.org\/shop\/de#organization"},"potentialAction":[{"@type":"SearchAction","target":{"@type":"EntryPoint","urlTemplate":"https:\/\/maison-chance.org\/shop\/de?s={search_term_string}"},"query-input":{"@type":"PropertyValueSpecification","valueRequired":true,"valueName":"search_term_string"}}],"inLanguage":"de"},{"@type":"Organization","@id":"https:\/\/maison-chance.org\/shop\/de#organization","name":"Nh\u00e0 May M\u1eafn - Maison Chance","url":"https:\/\/maison-chance.org\/shop\/de","logo":{"@type":"ImageObject","inLanguage":"de","@id":"https:\/\/maison-chance.org\/shop\/de#\/schema\/logo\/image\/","url":"https:\/\/maison-chance.org\/shop\/wp-content\/uploads\/2024\/03\/cropped-Logo_DNXH.png","contentUrl":"https:\/\/maison-chance.org\/shop\/wp-content\/uploads\/2024\/03\/cropped-Logo_DNXH.png","width":512,"height":512,"caption":"Nh\u00e0 May M\u1eafn - Maison Chance"},"image":{"@id":"https:\/\/maison-chance.org\/shop\/de#\/schema\/logo\/image\/"},"sameAs":["https:\/\/www.facebook.com\/dnxh.nhamayman\/"]}]},"product_price_amount":"0.64","product_price_currency":"EUR","og_availability":"instock","product_availability":"instock","product_condition":"new"},"_links":{"self":[{"href":"https:\/\/maison-chance.org\/shop\/de\/wp-json\/wp\/v2\/product\/39513","targetHints":{"allow":["GET"]}}],"collection":[{"href":"https:\/\/maison-chance.org\/shop\/de\/wp-json\/wp\/v2\/product"}],"about":[{"href":"https:\/\/maison-chance.org\/shop\/de\/wp-json\/wp\/v2\/types\/product"}],"wp:featuredmedia":[{"embeddable":true,"href":"https:\/\/maison-chance.org\/shop\/de\/wp-json\/wp\/v2\/media\/39511"}],"wp:attachment":[{"href":"https:\/\/maison-chance.org\/shop\/de\/wp-json\/wp\/v2\/media?parent=39513"}],"wp:term":[{"taxonomy":"product_brand","embeddable":true,"href":"https:\/\/maison-chance.org\/shop\/de\/wp-json\/wp\/v2\/product_brand?post=39513"},{"taxonomy":"product_cat","embeddable":true,"href":"https:\/\/maison-chance.org\/shop\/de\/wp-json\/wp\/v2\/product_cat?post=39513"},{"taxonomy":"product_tag","embeddable":true,"href":"https:\/\/maison-chance.org\/shop\/de\/wp-json\/wp\/v2\/product_tag?post=39513"}],"curies":[{"name":"wp","href":"https:\/\/api.w.org\/{rel}","templated":true}]}}