{"id":39825,"date":"2024-06-14T07:45:28","date_gmt":"2024-06-14T00:45:28","guid":{"rendered":"https:\/\/maison-chance.org\/shop\/san-pham\/modetasche-fbtcje07"},"modified":"2024-11-13T14:35:51","modified_gmt":"2024-11-13T07:35:51","slug":"modetasche-fbtcje07","status":"publish","type":"product","link":"https:\/\/maison-chance.org\/shop\/de\/produkt\/modetasche-fbtcje07","title":{"rendered":"Modetasche FBTCJE07"},"content":{"rendered":"<p style=\"text-align: justify;\">Wir sind stolz darauf, Ihnen die Modetasche FBTCJE07 vorzustellen \u2013 ein einzigartiges Produkt mit tiefem humanit\u00e4rem Wert. Die FBTCJE07-Tasche ist eine perfekte Kombination aus strapazierf\u00e4higem Jeansstoff und feinen Brokatmustern, die eine einzigartige und attraktive modische Sch\u00f6nheit bietet. Mit Abmessungen von 37 x 40 cm ist diese Tasche ger\u00e4umig genug, damit Sie Ihr ganzes &#8222;Universum&#8220; f\u00fcr einen dynamischen Tag mit sich tragen k\u00f6nnen.<\/p>\n<p style=\"text-align: justify;\">Besonders erw\u00e4hnenswert ist, dass die FBTCJE07-Modetasche von Menschen mit Behinderungen bei Maison Chance handgefertigt wird. Jede Tasche ist ein Produkt aus M\u00fche, Liebe und Leidenschaft dieser besonderen Handwerker.<\/p>\n<p style=\"text-align: justify;\">Die Modetasche FBTCJE07 ist ein idealer Begleiter f\u00fcr Frauen in allen t\u00e4glichen Aktivit\u00e4ten. Sie k\u00f6nnen diese Tasche f\u00fcr die Arbeit, Freizeit oder zum Einkaufen verwenden. Die harmonische Kombination aus Jeans und Brokat ist sowohl langlebig als auch leicht mit verschiedenen Outfits zu kombinieren, von dynamischen, pers\u00f6nlichkeitsstarken Stilen bis hin zu sanften, femininen Looks. Lassen Sie die FBTCJE07-Tasche ein einzigartiger Mode-Akzent f\u00fcr Ihr Outfit sein.<\/p>\n<p style=\"text-align: justify;\">Jede FBTCJE07-Modetasche ist nicht nur ein einzigartiges Modeprodukt, sondern auch ein bedeutungsvolles Geschenk, das Menschen mit Behinderungen bei <a href=\"https:\/\/maison-chance.org\/shop\">Maison Chance<\/a> Freude und Hoffnung bringt. Beim Kauf dieses Produkts besitzen Sie nicht nur eine sch\u00f6ne und langlebige Tasche, sondern leisten auch einen praktischen Beitrag zur Unterst\u00fctzung, Schaffung von Arbeitspl\u00e4tzen und Hilfe f\u00fcr Menschen in schwierigen Umst\u00e4nden.<\/p>\n<p style=\"text-align: justify;\">Schlie\u00dfen Sie sich uns an, Liebe und Teilen zu verbreiten, indem Sie das Modetaschenprodukt FBTCJE07 unterst\u00fctzen. Ihre Unterst\u00fctzung bringt nicht nur Ihnen selbst Freude, sondern tr\u00e4gt auch dazu bei, positive Ver\u00e4nderungen im Leben von Menschen mit Behinderungen zu bewirken. Kaufen Sie heute, um gemeinsam eine mitf\u00fchlendere und w\u00e4rmere Gemeinschaft aufzubauen.<\/p>\n","protected":false},"excerpt":{"rendered":"<p style=\"text-align: justify;\">Das Produkt wird von ungl\u00fccklichen behinderten Menschen handgefertigt, und wir hoffen aufrichtig, die Unterst\u00fctzung unserer gesch\u00e4tzten Kunden zu erhalten.<\/p>\n<p>Material: Jeansstoff + bestickter Stoff<\/p>\n<p>Code: TC12TX<\/p>\n<p>Ma\u00dfe: 37 x 40 cm<\/p>\n<p>Hotline: <span style=\"font-size: 20px;\"><strong><span style=\"color: #ff0000;\">0909 06 25 28<\/span><\/strong><\/span><\/p>\n<p style=\"text-align: justify;\">Wenn Sie in Vietnam sind, kontaktieren Sie uns bitte \u00fcber die Hotline oder die Fanpage unseres Unternehmens Nha May Man, um den Verkaufspreis in Vietnam zu erfahren.<\/p>\n","protected":false},"featured_media":39820,"template":"","meta":[],"product_brand":[],"product_cat":[247,232],"product_tag":[],"class_list":{"0":"post-39825","1":"product","2":"type-product","3":"status-publish","4":"has-post-thumbnail","6":"product_cat-handtasche-naeherei","7":"product_cat-naeherei","9":"first","10":"instock","11":"shipping-taxable","12":"purchasable","13":"product-type-simple"},"yoast_head":"<!-- This site is optimized with the Yoast SEO Premium plugin v22.7 (Yoast SEO v25.3.1) - https:\/\/yoast.com\/wordpress\/plugins\/seo\/ -->\n<title>Modetasche FBTCJE07 - Bestickte Tasche - Nh\u00e0 May M\u1eafn - Maison Chance<\/title>\n<meta name=\"description\" content=\"Die FBTCJE07 Modetasche ist nicht nur ein einzigartiges Modeprodukt, sondern auch ein bedeutungsvolles Geschenk, das Freude und Hoffnung bringt.\" \/>\n<meta name=\"robots\" content=\"index, follow, max-snippet:-1, max-image-preview:large, max-video-preview:-1\" \/>\n<link rel=\"canonical\" href=\"https:\/\/maison-chance.org\/shop\/de\/produkt\/modetasche-fbtcje07\" \/>\n<meta property=\"og:locale\" content=\"de_DE\" \/>\n<meta property=\"og:type\" content=\"article\" \/>\n<meta property=\"og:title\" content=\"Modetasche FBTCJE07\" \/>\n<meta property=\"og:description\" content=\"Die FBTCJE07 Modetasche ist nicht nur ein einzigartiges Modeprodukt, sondern auch ein bedeutungsvolles Geschenk, das Freude und Hoffnung bringt.\" \/>\n<meta property=\"og:url\" content=\"https:\/\/maison-chance.org\/shop\/de\/produkt\/modetasche-fbtcje07\" \/>\n<meta property=\"og:site_name\" content=\"Nh\u00e0 May M\u1eafn - Maison Chance\" \/>\n<meta property=\"article:publisher\" content=\"https:\/\/www.facebook.com\/dnxh.nhamayman\/\" \/>\n<meta property=\"article:modified_time\" content=\"2024-11-13T07:35:51+00:00\" \/>\n<meta property=\"og:image\" content=\"https:\/\/maison-chance.org\/shop\/wp-content\/uploads\/2024\/06\/tui-thoi-trang-fbje07.jpg\" \/>\n\t<meta property=\"og:image:width\" content=\"600\" \/>\n\t<meta property=\"og:image:height\" content=\"600\" \/>\n\t<meta property=\"og:image:type\" content=\"image\/jpeg\" \/>\n<meta name=\"twitter:card\" content=\"summary_large_image\" \/>\n<meta name=\"twitter:label1\" content=\"Preis\" \/>\n\t<meta name=\"twitter:data1\" content=\"&euro;10.86\" \/>\n\t<meta name=\"twitter:label2\" content=\"Verf\u00fcgbarkeit\" \/>\n\t<meta name=\"twitter:data2\" content=\"Auf Lager\" \/>\n<script type=\"application\/ld+json\" class=\"yoast-schema-graph\">{\"@context\":\"https:\/\/schema.org\",\"@graph\":[{\"@type\":\"WebPage\",\"@id\":\"https:\/\/maison-chance.org\/shop\/de\/produkt\/modetasche-fbtcje07\",\"url\":\"https:\/\/maison-chance.org\/shop\/de\/produkt\/modetasche-fbtcje07\",\"name\":\"Modetasche FBTCJE07 - Bestickte Tasche - Nh\u00e0 May M\u1eafn - Maison Chance\",\"isPartOf\":{\"@id\":\"https:\/\/maison-chance.org\/shop\/de#website\"},\"primaryImageOfPage\":{\"@id\":\"https:\/\/maison-chance.org\/shop\/de\/produkt\/modetasche-fbtcje07#primaryimage\"},\"image\":{\"@id\":\"https:\/\/maison-chance.org\/shop\/de\/produkt\/modetasche-fbtcje07#primaryimage\"},\"thumbnailUrl\":\"https:\/\/maison-chance.org\/shop\/wp-content\/uploads\/2024\/06\/tui-thoi-trang-fbje07.jpg\",\"datePublished\":\"2024-06-14T00:45:28+00:00\",\"dateModified\":\"2024-11-13T07:35:51+00:00\",\"description\":\"Die FBTCJE07 Modetasche ist nicht nur ein einzigartiges Modeprodukt, sondern auch ein bedeutungsvolles Geschenk, das Freude und Hoffnung bringt.\",\"breadcrumb\":{\"@id\":\"https:\/\/maison-chance.org\/shop\/de\/produkt\/modetasche-fbtcje07#breadcrumb\"},\"inLanguage\":\"de\",\"potentialAction\":[{\"@type\":\"ReadAction\",\"target\":[\"https:\/\/maison-chance.org\/shop\/de\/produkt\/modetasche-fbtcje07\"]}]},{\"@type\":\"ImageObject\",\"inLanguage\":\"de\",\"@id\":\"https:\/\/maison-chance.org\/shop\/de\/produkt\/modetasche-fbtcje07#primaryimage\",\"url\":\"https:\/\/maison-chance.org\/shop\/wp-content\/uploads\/2024\/06\/tui-thoi-trang-fbje07.jpg\",\"contentUrl\":\"https:\/\/maison-chance.org\/shop\/wp-content\/uploads\/2024\/06\/tui-thoi-trang-fbje07.jpg\",\"width\":600,\"height\":600,\"caption\":\"Modetasche FBTCJE07\"},{\"@type\":\"BreadcrumbList\",\"@id\":\"https:\/\/maison-chance.org\/shop\/de\/produkt\/modetasche-fbtcje07#breadcrumb\",\"itemListElement\":[{\"@type\":\"ListItem\",\"position\":1,\"name\":\"Trang ch\u1ee7\",\"item\":\"https:\/\/maison-chance.org\/shop\/de\"},{\"@type\":\"ListItem\",\"position\":2,\"name\":\"Shop\",\"item\":\"https:\/\/maison-chance.org\/shop\/shop\"},{\"@type\":\"ListItem\",\"position\":3,\"name\":\"Modetasche FBTCJE07\"}]},{\"@type\":\"WebSite\",\"@id\":\"https:\/\/maison-chance.org\/shop\/de#website\",\"url\":\"https:\/\/maison-chance.org\/shop\/de\",\"name\":\"Nh\u00e0 May M\u1eafn - Maison Chance\",\"description\":\"M\u1ecdi l\u1ee3i nhu\u1eadn thu v\u1ec1 t\u1eeb vi\u1ec7c b\u00e1n h\u00e0ng s\u1ebd tr\u00edch m\u1ed9t ph\u1ea7n \u0111\u1ec3 ch\u0103m lo cho \u0111\u1eddi s\u1ed1ng c\u00e1c b\u1ea1n khuy\u1ebft t\u1eadt v\u00e0 tr\u1ebb m\u1ed3 c\u00f4i \u1edf \u0111\u00e2y\",\"publisher\":{\"@id\":\"https:\/\/maison-chance.org\/shop\/de#organization\"},\"potentialAction\":[{\"@type\":\"SearchAction\",\"target\":{\"@type\":\"EntryPoint\",\"urlTemplate\":\"https:\/\/maison-chance.org\/shop\/de?s={search_term_string}\"},\"query-input\":{\"@type\":\"PropertyValueSpecification\",\"valueRequired\":true,\"valueName\":\"search_term_string\"}}],\"inLanguage\":\"de\"},{\"@type\":\"Organization\",\"@id\":\"https:\/\/maison-chance.org\/shop\/de#organization\",\"name\":\"Nh\u00e0 May M\u1eafn - Maison Chance\",\"url\":\"https:\/\/maison-chance.org\/shop\/de\",\"logo\":{\"@type\":\"ImageObject\",\"inLanguage\":\"de\",\"@id\":\"https:\/\/maison-chance.org\/shop\/de#\/schema\/logo\/image\/\",\"url\":\"https:\/\/maison-chance.org\/shop\/wp-content\/uploads\/2024\/03\/cropped-Logo_DNXH.png\",\"contentUrl\":\"https:\/\/maison-chance.org\/shop\/wp-content\/uploads\/2024\/03\/cropped-Logo_DNXH.png\",\"width\":512,\"height\":512,\"caption\":\"Nh\u00e0 May M\u1eafn - Maison Chance\"},\"image\":{\"@id\":\"https:\/\/maison-chance.org\/shop\/de#\/schema\/logo\/image\/\"},\"sameAs\":[\"https:\/\/www.facebook.com\/dnxh.nhamayman\/\"]}]}<\/script>\n<meta property=\"product:price:amount\" content=\"10.86\" \/>\n<meta property=\"product:price:currency\" content=\"EUR\" \/>\n<meta property=\"og:availability\" content=\"instock\" \/>\n<meta property=\"product:availability\" content=\"instock\" \/>\n<meta property=\"product:condition\" content=\"new\" \/>\n<!-- \/ Yoast SEO Premium plugin. -->","yoast_head_json":{"title":"Modetasche FBTCJE07 - Bestickte Tasche - Nh\u00e0 May M\u1eafn - Maison Chance","description":"Die FBTCJE07 Modetasche ist nicht nur ein einzigartiges Modeprodukt, sondern auch ein bedeutungsvolles Geschenk, das Freude und Hoffnung bringt.","robots":{"index":"index","follow":"follow","max-snippet":"max-snippet:-1","max-image-preview":"max-image-preview:large","max-video-preview":"max-video-preview:-1"},"canonical":"https:\/\/maison-chance.org\/shop\/de\/produkt\/modetasche-fbtcje07","og_locale":"de_DE","og_type":"article","og_title":"Modetasche FBTCJE07","og_description":"Die FBTCJE07 Modetasche ist nicht nur ein einzigartiges Modeprodukt, sondern auch ein bedeutungsvolles Geschenk, das Freude und Hoffnung bringt.","og_url":"https:\/\/maison-chance.org\/shop\/de\/produkt\/modetasche-fbtcje07","og_site_name":"Nh\u00e0 May M\u1eafn - Maison Chance","article_publisher":"https:\/\/www.facebook.com\/dnxh.nhamayman\/","article_modified_time":"2024-11-13T07:35:51+00:00","og_image":[{"width":600,"height":600,"url":"https:\/\/maison-chance.org\/shop\/wp-content\/uploads\/2024\/06\/tui-thoi-trang-fbje07.jpg","type":"image\/jpeg"}],"twitter_card":"summary_large_image","twitter_misc":{"Preis":"&euro;10.86","Verf\u00fcgbarkeit":"Auf Lager"},"schema":{"@context":"https:\/\/schema.org","@graph":[{"@type":"WebPage","@id":"https:\/\/maison-chance.org\/shop\/de\/produkt\/modetasche-fbtcje07","url":"https:\/\/maison-chance.org\/shop\/de\/produkt\/modetasche-fbtcje07","name":"Modetasche FBTCJE07 - Bestickte Tasche - Nh\u00e0 May M\u1eafn - Maison Chance","isPartOf":{"@id":"https:\/\/maison-chance.org\/shop\/de#website"},"primaryImageOfPage":{"@id":"https:\/\/maison-chance.org\/shop\/de\/produkt\/modetasche-fbtcje07#primaryimage"},"image":{"@id":"https:\/\/maison-chance.org\/shop\/de\/produkt\/modetasche-fbtcje07#primaryimage"},"thumbnailUrl":"https:\/\/maison-chance.org\/shop\/wp-content\/uploads\/2024\/06\/tui-thoi-trang-fbje07.jpg","datePublished":"2024-06-14T00:45:28+00:00","dateModified":"2024-11-13T07:35:51+00:00","description":"Die FBTCJE07 Modetasche ist nicht nur ein einzigartiges Modeprodukt, sondern auch ein bedeutungsvolles Geschenk, das Freude und Hoffnung bringt.","breadcrumb":{"@id":"https:\/\/maison-chance.org\/shop\/de\/produkt\/modetasche-fbtcje07#breadcrumb"},"inLanguage":"de","potentialAction":[{"@type":"ReadAction","target":["https:\/\/maison-chance.org\/shop\/de\/produkt\/modetasche-fbtcje07"]}]},{"@type":"ImageObject","inLanguage":"de","@id":"https:\/\/maison-chance.org\/shop\/de\/produkt\/modetasche-fbtcje07#primaryimage","url":"https:\/\/maison-chance.org\/shop\/wp-content\/uploads\/2024\/06\/tui-thoi-trang-fbje07.jpg","contentUrl":"https:\/\/maison-chance.org\/shop\/wp-content\/uploads\/2024\/06\/tui-thoi-trang-fbje07.jpg","width":600,"height":600,"caption":"Modetasche FBTCJE07"},{"@type":"BreadcrumbList","@id":"https:\/\/maison-chance.org\/shop\/de\/produkt\/modetasche-fbtcje07#breadcrumb","itemListElement":[{"@type":"ListItem","position":1,"name":"Trang ch\u1ee7","item":"https:\/\/maison-chance.org\/shop\/de"},{"@type":"ListItem","position":2,"name":"Shop","item":"https:\/\/maison-chance.org\/shop\/shop"},{"@type":"ListItem","position":3,"name":"Modetasche FBTCJE07"}]},{"@type":"WebSite","@id":"https:\/\/maison-chance.org\/shop\/de#website","url":"https:\/\/maison-chance.org\/shop\/de","name":"Nh\u00e0 May M\u1eafn - Maison Chance","description":"M\u1ecdi l\u1ee3i nhu\u1eadn thu v\u1ec1 t\u1eeb vi\u1ec7c b\u00e1n h\u00e0ng s\u1ebd tr\u00edch m\u1ed9t ph\u1ea7n \u0111\u1ec3 ch\u0103m lo cho \u0111\u1eddi s\u1ed1ng c\u00e1c b\u1ea1n khuy\u1ebft t\u1eadt v\u00e0 tr\u1ebb m\u1ed3 c\u00f4i \u1edf \u0111\u00e2y","publisher":{"@id":"https:\/\/maison-chance.org\/shop\/de#organization"},"potentialAction":[{"@type":"SearchAction","target":{"@type":"EntryPoint","urlTemplate":"https:\/\/maison-chance.org\/shop\/de?s={search_term_string}"},"query-input":{"@type":"PropertyValueSpecification","valueRequired":true,"valueName":"search_term_string"}}],"inLanguage":"de"},{"@type":"Organization","@id":"https:\/\/maison-chance.org\/shop\/de#organization","name":"Nh\u00e0 May M\u1eafn - Maison Chance","url":"https:\/\/maison-chance.org\/shop\/de","logo":{"@type":"ImageObject","inLanguage":"de","@id":"https:\/\/maison-chance.org\/shop\/de#\/schema\/logo\/image\/","url":"https:\/\/maison-chance.org\/shop\/wp-content\/uploads\/2024\/03\/cropped-Logo_DNXH.png","contentUrl":"https:\/\/maison-chance.org\/shop\/wp-content\/uploads\/2024\/03\/cropped-Logo_DNXH.png","width":512,"height":512,"caption":"Nh\u00e0 May M\u1eafn - Maison Chance"},"image":{"@id":"https:\/\/maison-chance.org\/shop\/de#\/schema\/logo\/image\/"},"sameAs":["https:\/\/www.facebook.com\/dnxh.nhamayman\/"]}]},"product_price_amount":"10.86","product_price_currency":"EUR","og_availability":"instock","product_availability":"instock","product_condition":"new"},"_links":{"self":[{"href":"https:\/\/maison-chance.org\/shop\/de\/wp-json\/wp\/v2\/product\/39825","targetHints":{"allow":["GET"]}}],"collection":[{"href":"https:\/\/maison-chance.org\/shop\/de\/wp-json\/wp\/v2\/product"}],"about":[{"href":"https:\/\/maison-chance.org\/shop\/de\/wp-json\/wp\/v2\/types\/product"}],"wp:featuredmedia":[{"embeddable":true,"href":"https:\/\/maison-chance.org\/shop\/de\/wp-json\/wp\/v2\/media\/39820"}],"wp:attachment":[{"href":"https:\/\/maison-chance.org\/shop\/de\/wp-json\/wp\/v2\/media?parent=39825"}],"wp:term":[{"taxonomy":"product_brand","embeddable":true,"href":"https:\/\/maison-chance.org\/shop\/de\/wp-json\/wp\/v2\/product_brand?post=39825"},{"taxonomy":"product_cat","embeddable":true,"href":"https:\/\/maison-chance.org\/shop\/de\/wp-json\/wp\/v2\/product_cat?post=39825"},{"taxonomy":"product_tag","embeddable":true,"href":"https:\/\/maison-chance.org\/shop\/de\/wp-json\/wp\/v2\/product_tag?post=39825"}],"curies":[{"name":"wp","href":"https:\/\/api.w.org\/{rel}","templated":true}]}}