{"id":39837,"date":"2024-06-14T08:07:13","date_gmt":"2024-06-14T01:07:13","guid":{"rendered":"https:\/\/maison-chance.org\/shop\/san-pham\/modetasche-fbkktc06"},"modified":"2024-11-13T14:28:26","modified_gmt":"2024-11-13T07:28:26","slug":"modetasche-fbkktc06","status":"publish","type":"product","link":"https:\/\/maison-chance.org\/shop\/de\/produkt\/modetasche-fbkktc06","title":{"rendered":"Modetasche FBKKTC06"},"content":{"rendered":"<p style=\"text-align: justify;\">Die Modetasche FBKKTC06 ist eine raffinierte Kombination aus Khakistoff und traditionellem Brokat, die ein Produkt schafft, das sowohl \u00e4sthetisch ansprechend als auch langlebig und praktisch ist. Mit Abmessungen von 43,5 x 38 cm ist die Tasche gro\u00df genug, um Ihre t\u00e4glichen Gegenst\u00e4nde zu transportieren und dabei ein ordentliches und elegantes Erscheinungsbild zu bewahren. Besonders erw\u00e4hnenswert ist, dass jede Tasche ein exquisites handgefertigtes Produkt ist, gen\u00e4ht von Menschen mit Behinderungen bei Maison Chance \u2013 jeder Stich ist ein Zeugnis f\u00fcr die Kraft des Willens und unbegrenzter Kreativit\u00e4t.<\/p>\n<p style=\"text-align: justify;\">Die FBKKTC06-Tasche ist nicht nur ein Mode-Accessoire, sondern auch ein idealer Begleiter in allen Lebenslagen. Sie k\u00f6nnen sie f\u00fcr die Arbeit, das Studium oder einfach zum Stadtbummel nutzen. Das modische Design und die langlebigen Materialien erm\u00f6glichen es Ihnen, sie leicht mit verschiedenen Outfits zu kombinieren, von dynamischen Jeans bis zu eleganten Kleidern. Besonders kann die Tasche auch ein wunderbares Geschenk sein, das Ihre F\u00fcrsorge und Empathie f\u00fcr den Empf\u00e4nger zum Ausdruck bringt.<\/p>\n<p style=\"text-align: justify;\">Jede FBKKTC06-Tasche ist nicht nur ein Modeprodukt, sondern tr\u00e4gt eine bedeutungsvolle Botschaft \u00fcber Unterst\u00fctzung und Teilen. Wenn Sie sich f\u00fcr den Kauf dieses Produkts entscheiden, erhalten Sie nicht nur einen Qualit\u00e4tsartikel, sondern tragen auch dazu bei, Arbeitspl\u00e4tze und Hoffnung f\u00fcr Menschen mit Behinderungen bei <a href=\"https:\/\/maison-chance.org\/shop\">Maison Chance<\/a> zu schaffen. Schlie\u00dfen Sie sich uns an, um Liebe zu verbreiten und Menschen in schwierigen Umst\u00e4nden durch diese kleine, aber bedeutungsvolle Aktion zu helfen. Lassen Sie uns Liebe multiplizieren und einen Unterschied machen, indem Sie sich heute f\u00fcr den Kauf der Handtasche FBKKTC06 entscheiden!<\/p>\n","protected":false},"excerpt":{"rendered":"<p style=\"text-align: justify;\">Das Produkt wird von weniger gl\u00fccklichen behinderten Menschen handgefertigt und wir hoffen aufrichtig auf Ihre Unterst\u00fctzung.<\/p>\n<p>Material:<\/p>\n<p>Khaki-Stoff + handgewebter Stoff<\/p>\n<p>Code: K11TX<\/p>\n<p>Abmessungen: 43,5 x 38 cm<\/p>\n<p>Hotline: <span style=\"font-size: 20px;\"><strong><span style=\"color: #ff0000;\">0909 06 25 28<\/span><\/strong><\/span><\/p>\n<p style=\"text-align: justify;\">Wenn Sie in Vietnam sind, kontaktieren Sie uns bitte \u00fcber die Hotline oder die Fanpage unseres Unternehmens Lucky Tailor, um den Preis in Vietnam zu erfahren.<\/p>\n","protected":false},"featured_media":39834,"template":"","meta":[],"product_brand":[],"product_cat":[247,232],"product_tag":[],"class_list":{"0":"post-39837","1":"product","2":"type-product","3":"status-publish","4":"has-post-thumbnail","6":"product_cat-handtasche-naeherei","7":"product_cat-naeherei","9":"first","10":"instock","11":"shipping-taxable","12":"purchasable","13":"product-type-simple"},"yoast_head":"<!-- This site is optimized with the Yoast SEO Premium plugin v22.7 (Yoast SEO v25.3.1) - https:\/\/yoast.com\/wordpress\/plugins\/seo\/ -->\n<title>**Modetasche FBKKTC06 - Handgewebte Tasche - Nh\u00e0 May M\u1eafn - Maison Chance<\/title>\n<meta name=\"description\" content=\"Die Modetasche FBKKTC06 ist eine perfekte Kombination aus Canvas und handgewebtem Stoff und schafft ein Produkt, das sowohl hoch\u00e4sthetisch als auch langlebig und praktisch ist\" \/>\n<meta name=\"robots\" content=\"index, follow, max-snippet:-1, max-image-preview:large, max-video-preview:-1\" \/>\n<link rel=\"canonical\" href=\"https:\/\/maison-chance.org\/shop\/de\/produkt\/modetasche-fbkktc06\" \/>\n<meta property=\"og:locale\" content=\"de_DE\" \/>\n<meta property=\"og:type\" content=\"article\" \/>\n<meta property=\"og:title\" content=\"Modetasche FBKKTC06\" \/>\n<meta property=\"og:description\" content=\"Die Modetasche FBKKTC06 ist eine perfekte Kombination aus Canvas und handgewebtem Stoff und schafft ein Produkt, das sowohl hoch\u00e4sthetisch als auch langlebig und praktisch ist\" \/>\n<meta property=\"og:url\" content=\"https:\/\/maison-chance.org\/shop\/de\/produkt\/modetasche-fbkktc06\" \/>\n<meta property=\"og:site_name\" content=\"Nh\u00e0 May M\u1eafn - Maison Chance\" \/>\n<meta property=\"article:publisher\" content=\"https:\/\/www.facebook.com\/dnxh.nhamayman\/\" \/>\n<meta property=\"article:modified_time\" content=\"2024-11-13T07:28:26+00:00\" \/>\n<meta property=\"og:image\" content=\"https:\/\/maison-chance.org\/shop\/wp-content\/uploads\/2024\/06\/tui-thoi-trang-fbkktc06.jpg\" \/>\n\t<meta property=\"og:image:width\" content=\"600\" \/>\n\t<meta property=\"og:image:height\" content=\"600\" \/>\n\t<meta property=\"og:image:type\" content=\"image\/jpeg\" \/>\n<meta name=\"twitter:card\" content=\"summary_large_image\" \/>\n<meta name=\"twitter:label1\" content=\"Preis\" \/>\n\t<meta name=\"twitter:data1\" content=\"&euro;16.47\" \/>\n\t<meta name=\"twitter:label2\" content=\"Verf\u00fcgbarkeit\" \/>\n\t<meta name=\"twitter:data2\" content=\"Auf Lager\" \/>\n<script type=\"application\/ld+json\" class=\"yoast-schema-graph\">{\"@context\":\"https:\/\/schema.org\",\"@graph\":[{\"@type\":\"WebPage\",\"@id\":\"https:\/\/maison-chance.org\/shop\/de\/produkt\/modetasche-fbkktc06\",\"url\":\"https:\/\/maison-chance.org\/shop\/de\/produkt\/modetasche-fbkktc06\",\"name\":\"**Modetasche FBKKTC06 - Handgewebte Tasche - Nh\u00e0 May M\u1eafn - Maison Chance\",\"isPartOf\":{\"@id\":\"https:\/\/maison-chance.org\/shop\/de#website\"},\"primaryImageOfPage\":{\"@id\":\"https:\/\/maison-chance.org\/shop\/de\/produkt\/modetasche-fbkktc06#primaryimage\"},\"image\":{\"@id\":\"https:\/\/maison-chance.org\/shop\/de\/produkt\/modetasche-fbkktc06#primaryimage\"},\"thumbnailUrl\":\"https:\/\/maison-chance.org\/shop\/wp-content\/uploads\/2024\/06\/tui-thoi-trang-fbkktc06.jpg\",\"datePublished\":\"2024-06-14T01:07:13+00:00\",\"dateModified\":\"2024-11-13T07:28:26+00:00\",\"description\":\"Die Modetasche FBKKTC06 ist eine perfekte Kombination aus Canvas und handgewebtem Stoff und schafft ein Produkt, das sowohl hoch\u00e4sthetisch als auch langlebig und praktisch ist\",\"breadcrumb\":{\"@id\":\"https:\/\/maison-chance.org\/shop\/de\/produkt\/modetasche-fbkktc06#breadcrumb\"},\"inLanguage\":\"de\",\"potentialAction\":[{\"@type\":\"ReadAction\",\"target\":[\"https:\/\/maison-chance.org\/shop\/de\/produkt\/modetasche-fbkktc06\"]}]},{\"@type\":\"ImageObject\",\"inLanguage\":\"de\",\"@id\":\"https:\/\/maison-chance.org\/shop\/de\/produkt\/modetasche-fbkktc06#primaryimage\",\"url\":\"https:\/\/maison-chance.org\/shop\/wp-content\/uploads\/2024\/06\/tui-thoi-trang-fbkktc06.jpg\",\"contentUrl\":\"https:\/\/maison-chance.org\/shop\/wp-content\/uploads\/2024\/06\/tui-thoi-trang-fbkktc06.jpg\",\"width\":600,\"height\":600,\"caption\":\"Modetasche FBKKTC06\"},{\"@type\":\"BreadcrumbList\",\"@id\":\"https:\/\/maison-chance.org\/shop\/de\/produkt\/modetasche-fbkktc06#breadcrumb\",\"itemListElement\":[{\"@type\":\"ListItem\",\"position\":1,\"name\":\"Trang ch\u1ee7\",\"item\":\"https:\/\/maison-chance.org\/shop\/de\"},{\"@type\":\"ListItem\",\"position\":2,\"name\":\"Shop\",\"item\":\"https:\/\/maison-chance.org\/shop\/shop\"},{\"@type\":\"ListItem\",\"position\":3,\"name\":\"Modetasche FBKKTC06\"}]},{\"@type\":\"WebSite\",\"@id\":\"https:\/\/maison-chance.org\/shop\/de#website\",\"url\":\"https:\/\/maison-chance.org\/shop\/de\",\"name\":\"Nh\u00e0 May M\u1eafn - Maison Chance\",\"description\":\"M\u1ecdi l\u1ee3i nhu\u1eadn thu v\u1ec1 t\u1eeb vi\u1ec7c b\u00e1n h\u00e0ng s\u1ebd tr\u00edch m\u1ed9t ph\u1ea7n \u0111\u1ec3 ch\u0103m lo cho \u0111\u1eddi s\u1ed1ng c\u00e1c b\u1ea1n khuy\u1ebft t\u1eadt v\u00e0 tr\u1ebb m\u1ed3 c\u00f4i \u1edf \u0111\u00e2y\",\"publisher\":{\"@id\":\"https:\/\/maison-chance.org\/shop\/de#organization\"},\"potentialAction\":[{\"@type\":\"SearchAction\",\"target\":{\"@type\":\"EntryPoint\",\"urlTemplate\":\"https:\/\/maison-chance.org\/shop\/de?s={search_term_string}\"},\"query-input\":{\"@type\":\"PropertyValueSpecification\",\"valueRequired\":true,\"valueName\":\"search_term_string\"}}],\"inLanguage\":\"de\"},{\"@type\":\"Organization\",\"@id\":\"https:\/\/maison-chance.org\/shop\/de#organization\",\"name\":\"Nh\u00e0 May M\u1eafn - Maison Chance\",\"url\":\"https:\/\/maison-chance.org\/shop\/de\",\"logo\":{\"@type\":\"ImageObject\",\"inLanguage\":\"de\",\"@id\":\"https:\/\/maison-chance.org\/shop\/de#\/schema\/logo\/image\/\",\"url\":\"https:\/\/maison-chance.org\/shop\/wp-content\/uploads\/2024\/03\/cropped-Logo_DNXH.png\",\"contentUrl\":\"https:\/\/maison-chance.org\/shop\/wp-content\/uploads\/2024\/03\/cropped-Logo_DNXH.png\",\"width\":512,\"height\":512,\"caption\":\"Nh\u00e0 May M\u1eafn - Maison Chance\"},\"image\":{\"@id\":\"https:\/\/maison-chance.org\/shop\/de#\/schema\/logo\/image\/\"},\"sameAs\":[\"https:\/\/www.facebook.com\/dnxh.nhamayman\/\"]}]}<\/script>\n<meta property=\"product:price:amount\" content=\"16.47\" \/>\n<meta property=\"product:price:currency\" content=\"EUR\" \/>\n<meta property=\"og:availability\" content=\"instock\" \/>\n<meta property=\"product:availability\" content=\"instock\" \/>\n<meta property=\"product:condition\" content=\"new\" \/>\n<!-- \/ Yoast SEO Premium plugin. -->","yoast_head_json":{"title":"**Modetasche FBKKTC06 - Handgewebte Tasche - Nh\u00e0 May M\u1eafn - Maison Chance","description":"Die Modetasche FBKKTC06 ist eine perfekte Kombination aus Canvas und handgewebtem Stoff und schafft ein Produkt, das sowohl hoch\u00e4sthetisch als auch langlebig und praktisch ist","robots":{"index":"index","follow":"follow","max-snippet":"max-snippet:-1","max-image-preview":"max-image-preview:large","max-video-preview":"max-video-preview:-1"},"canonical":"https:\/\/maison-chance.org\/shop\/de\/produkt\/modetasche-fbkktc06","og_locale":"de_DE","og_type":"article","og_title":"Modetasche FBKKTC06","og_description":"Die Modetasche FBKKTC06 ist eine perfekte Kombination aus Canvas und handgewebtem Stoff und schafft ein Produkt, das sowohl hoch\u00e4sthetisch als auch langlebig und praktisch ist","og_url":"https:\/\/maison-chance.org\/shop\/de\/produkt\/modetasche-fbkktc06","og_site_name":"Nh\u00e0 May M\u1eafn - Maison Chance","article_publisher":"https:\/\/www.facebook.com\/dnxh.nhamayman\/","article_modified_time":"2024-11-13T07:28:26+00:00","og_image":[{"width":600,"height":600,"url":"https:\/\/maison-chance.org\/shop\/wp-content\/uploads\/2024\/06\/tui-thoi-trang-fbkktc06.jpg","type":"image\/jpeg"}],"twitter_card":"summary_large_image","twitter_misc":{"Preis":"&euro;16.47","Verf\u00fcgbarkeit":"Auf Lager"},"schema":{"@context":"https:\/\/schema.org","@graph":[{"@type":"WebPage","@id":"https:\/\/maison-chance.org\/shop\/de\/produkt\/modetasche-fbkktc06","url":"https:\/\/maison-chance.org\/shop\/de\/produkt\/modetasche-fbkktc06","name":"**Modetasche FBKKTC06 - Handgewebte Tasche - Nh\u00e0 May M\u1eafn - Maison Chance","isPartOf":{"@id":"https:\/\/maison-chance.org\/shop\/de#website"},"primaryImageOfPage":{"@id":"https:\/\/maison-chance.org\/shop\/de\/produkt\/modetasche-fbkktc06#primaryimage"},"image":{"@id":"https:\/\/maison-chance.org\/shop\/de\/produkt\/modetasche-fbkktc06#primaryimage"},"thumbnailUrl":"https:\/\/maison-chance.org\/shop\/wp-content\/uploads\/2024\/06\/tui-thoi-trang-fbkktc06.jpg","datePublished":"2024-06-14T01:07:13+00:00","dateModified":"2024-11-13T07:28:26+00:00","description":"Die Modetasche FBKKTC06 ist eine perfekte Kombination aus Canvas und handgewebtem Stoff und schafft ein Produkt, das sowohl hoch\u00e4sthetisch als auch langlebig und praktisch ist","breadcrumb":{"@id":"https:\/\/maison-chance.org\/shop\/de\/produkt\/modetasche-fbkktc06#breadcrumb"},"inLanguage":"de","potentialAction":[{"@type":"ReadAction","target":["https:\/\/maison-chance.org\/shop\/de\/produkt\/modetasche-fbkktc06"]}]},{"@type":"ImageObject","inLanguage":"de","@id":"https:\/\/maison-chance.org\/shop\/de\/produkt\/modetasche-fbkktc06#primaryimage","url":"https:\/\/maison-chance.org\/shop\/wp-content\/uploads\/2024\/06\/tui-thoi-trang-fbkktc06.jpg","contentUrl":"https:\/\/maison-chance.org\/shop\/wp-content\/uploads\/2024\/06\/tui-thoi-trang-fbkktc06.jpg","width":600,"height":600,"caption":"Modetasche FBKKTC06"},{"@type":"BreadcrumbList","@id":"https:\/\/maison-chance.org\/shop\/de\/produkt\/modetasche-fbkktc06#breadcrumb","itemListElement":[{"@type":"ListItem","position":1,"name":"Trang ch\u1ee7","item":"https:\/\/maison-chance.org\/shop\/de"},{"@type":"ListItem","position":2,"name":"Shop","item":"https:\/\/maison-chance.org\/shop\/shop"},{"@type":"ListItem","position":3,"name":"Modetasche FBKKTC06"}]},{"@type":"WebSite","@id":"https:\/\/maison-chance.org\/shop\/de#website","url":"https:\/\/maison-chance.org\/shop\/de","name":"Nh\u00e0 May M\u1eafn - Maison Chance","description":"M\u1ecdi l\u1ee3i nhu\u1eadn thu v\u1ec1 t\u1eeb vi\u1ec7c b\u00e1n h\u00e0ng s\u1ebd tr\u00edch m\u1ed9t ph\u1ea7n \u0111\u1ec3 ch\u0103m lo cho \u0111\u1eddi s\u1ed1ng c\u00e1c b\u1ea1n khuy\u1ebft t\u1eadt v\u00e0 tr\u1ebb m\u1ed3 c\u00f4i \u1edf \u0111\u00e2y","publisher":{"@id":"https:\/\/maison-chance.org\/shop\/de#organization"},"potentialAction":[{"@type":"SearchAction","target":{"@type":"EntryPoint","urlTemplate":"https:\/\/maison-chance.org\/shop\/de?s={search_term_string}"},"query-input":{"@type":"PropertyValueSpecification","valueRequired":true,"valueName":"search_term_string"}}],"inLanguage":"de"},{"@type":"Organization","@id":"https:\/\/maison-chance.org\/shop\/de#organization","name":"Nh\u00e0 May M\u1eafn - Maison Chance","url":"https:\/\/maison-chance.org\/shop\/de","logo":{"@type":"ImageObject","inLanguage":"de","@id":"https:\/\/maison-chance.org\/shop\/de#\/schema\/logo\/image\/","url":"https:\/\/maison-chance.org\/shop\/wp-content\/uploads\/2024\/03\/cropped-Logo_DNXH.png","contentUrl":"https:\/\/maison-chance.org\/shop\/wp-content\/uploads\/2024\/03\/cropped-Logo_DNXH.png","width":512,"height":512,"caption":"Nh\u00e0 May M\u1eafn - Maison Chance"},"image":{"@id":"https:\/\/maison-chance.org\/shop\/de#\/schema\/logo\/image\/"},"sameAs":["https:\/\/www.facebook.com\/dnxh.nhamayman\/"]}]},"product_price_amount":"16.47","product_price_currency":"EUR","og_availability":"instock","product_availability":"instock","product_condition":"new"},"_links":{"self":[{"href":"https:\/\/maison-chance.org\/shop\/de\/wp-json\/wp\/v2\/product\/39837","targetHints":{"allow":["GET"]}}],"collection":[{"href":"https:\/\/maison-chance.org\/shop\/de\/wp-json\/wp\/v2\/product"}],"about":[{"href":"https:\/\/maison-chance.org\/shop\/de\/wp-json\/wp\/v2\/types\/product"}],"wp:featuredmedia":[{"embeddable":true,"href":"https:\/\/maison-chance.org\/shop\/de\/wp-json\/wp\/v2\/media\/39834"}],"wp:attachment":[{"href":"https:\/\/maison-chance.org\/shop\/de\/wp-json\/wp\/v2\/media?parent=39837"}],"wp:term":[{"taxonomy":"product_brand","embeddable":true,"href":"https:\/\/maison-chance.org\/shop\/de\/wp-json\/wp\/v2\/product_brand?post=39837"},{"taxonomy":"product_cat","embeddable":true,"href":"https:\/\/maison-chance.org\/shop\/de\/wp-json\/wp\/v2\/product_cat?post=39837"},{"taxonomy":"product_tag","embeddable":true,"href":"https:\/\/maison-chance.org\/shop\/de\/wp-json\/wp\/v2\/product_tag?post=39837"}],"curies":[{"name":"wp","href":"https:\/\/api.w.org\/{rel}","templated":true}]}}