{"id":39846,"date":"2024-06-14T08:40:02","date_gmt":"2024-06-14T01:40:02","guid":{"rendered":"https:\/\/maison-chance.org\/shop\/san-pham\/modetasche-fbkktc09"},"modified":"2024-11-13T14:24:41","modified_gmt":"2024-11-13T07:24:41","slug":"modetasche-fbkktc09","status":"publish","type":"product","link":"https:\/\/maison-chance.org\/shop\/de\/produkt\/modetasche-fbkktc09","title":{"rendered":"Modetasche FBKKTC09"},"content":{"rendered":"<p style=\"text-align: justify;\">Wussten Sie, dass jede Modetasche FBKKTC09 nicht nur ein sch\u00f6nes Accessoire ist, sondern auch eine Geschichte von Liebe und Begeisterung? Gefertigt aus hochwertigem Khakistoff kombiniert mit Brokatstoff, tr\u00e4gt jede Tasche einen starken handwerklichen Eindruck, jeder Stich enth\u00e4lt Sorgfalt und Hingabe und verleiht dem Produkt Raffinesse und Lebendigkeit.<\/p>\n<p style=\"text-align: justify;\">Mit einer idealen Gr\u00f6\u00dfe von 22 x 28 cm erf\u00fcllt die Tasche nicht nur modische Bed\u00fcrfnisse, sondern bringt auch Komfort und Flexibilit\u00e4t in den Alltag. Sie k\u00f6nnen sie problemlos zur Arbeit tragen, spazieren gehen oder Wochenendausfl\u00fcge mit einem selbstbewussten und eleganten Aussehen genie\u00dfen.<\/p>\n<p style=\"text-align: justify;\">Als Teil der Behinderten-Unterst\u00fctzungsgemeinschaft pflegen Sie bei jedem Kauf einer Tasche von <a href=\"https:\/\/maison-chance.org\/shop\">Maison Chance<\/a> nicht nur den \u00e4sthetischen Wert, sondern tragen auch dazu bei, eine humanit\u00e4re Botschaft zu verbreiten: Engagement, Mitgef\u00fchl und Widerstandsf\u00e4higkeit. Dies ist eine Gelegenheit f\u00fcr Sie, nicht nur ein wunderbares Produkt zu besitzen, sondern auch Menschen mit au\u00dfergew\u00f6hnlicher Willenskraft zu ehren und zu unterst\u00fctzen. Bitte unterst\u00fctzen und teilen Sie diese Geschichte mit Freunden und Familie, um mehr Freude und Bedeutung zu verbreiten.<\/p>\n<p style=\"text-align: justify;\">Besuchen Sie jetzt die Website von Maison Chance, um eine Modetasche FBKKTC09 zu entdecken und zu besitzen, damit jeder Ihrer Schritte nicht nur ein Mode-Statement ist, sondern auch eine gro\u00dfe Motivationsquelle, die Menschen mit widerstandsf\u00e4higem Geist ermutigt, Schwierigkeiten zu \u00fcberwinden.<\/p>\n","protected":false},"excerpt":{"rendered":"<p style=\"text-align: justify;\">Die von unseren weniger gl\u00fccklichen behinderten Mitarbeitern handgefertigten Produkte hoffen aufrichtig auf Ihre Unterst\u00fctzung.<\/p>\n<p>Material: Khaki-Stoff + ethnische Leinwand<\/p>\n<p>Code: K10TX<\/p>\n<p>Ma\u00dfe: 22 x 28 cm<\/p>\n<p>Hotline: <span style=\"font-size: 20px;\"><strong><span style=\"color: #ff0000;\">0909 06 25 28<\/span><\/strong><\/span><\/p>\n<p style=\"text-align: justify;\">Wenn Sie in Vietnam sind, kontaktieren Sie uns bitte \u00fcber die Hotline-Nummer oder unsere Gesch\u00e4fts-Facebook-Seite bei Lucky House, um die Preise in Vietnam zu erfragen.<\/p>\n","protected":false},"featured_media":39843,"template":"","meta":[],"product_brand":[],"product_cat":[247,232],"product_tag":[],"class_list":{"0":"post-39846","1":"product","2":"type-product","3":"status-publish","4":"has-post-thumbnail","6":"product_cat-handtasche-naeherei","7":"product_cat-naeherei","9":"first","10":"instock","11":"shipping-taxable","12":"purchasable","13":"product-type-simple"},"yoast_head":"<!-- This site is optimized with the Yoast SEO Premium plugin v22.7 (Yoast SEO v25.3.1) - https:\/\/yoast.com\/wordpress\/plugins\/seo\/ -->\n<title>Modetasche FBKKTC09 - Ethnische Leinwandhandtasche - Nh\u00e0 May M\u1eafn - Maison Chance<\/title>\n<meta name=\"description\" content=\"Die Modetasche FBKKTC09 ist nicht nur ein sch\u00f6nes Accessoire, sondern auch eine Geschichte von Liebe und W\u00e4rme. Hergestellt aus Khaki-Stoff + ethnischer Leinwand.\" \/>\n<meta name=\"robots\" content=\"index, follow, max-snippet:-1, max-image-preview:large, max-video-preview:-1\" \/>\n<link rel=\"canonical\" href=\"https:\/\/maison-chance.org\/shop\/de\/produkt\/modetasche-fbkktc09\" \/>\n<meta property=\"og:locale\" content=\"de_DE\" \/>\n<meta property=\"og:type\" content=\"article\" \/>\n<meta property=\"og:title\" content=\"Modetasche FBKKTC09\" \/>\n<meta property=\"og:description\" content=\"Die Modetasche FBKKTC09 ist nicht nur ein sch\u00f6nes Accessoire, sondern auch eine Geschichte von Liebe und W\u00e4rme. Hergestellt aus Khaki-Stoff + ethnischer Leinwand.\" \/>\n<meta property=\"og:url\" content=\"https:\/\/maison-chance.org\/shop\/de\/produkt\/modetasche-fbkktc09\" \/>\n<meta property=\"og:site_name\" content=\"Nh\u00e0 May M\u1eafn - Maison Chance\" \/>\n<meta property=\"article:publisher\" content=\"https:\/\/www.facebook.com\/dnxh.nhamayman\/\" \/>\n<meta property=\"article:modified_time\" content=\"2024-11-13T07:24:41+00:00\" \/>\n<meta property=\"og:image\" content=\"https:\/\/maison-chance.org\/shop\/wp-content\/uploads\/2024\/06\/tui-thoi-trang-fbkktc09.jpg\" \/>\n\t<meta property=\"og:image:width\" content=\"600\" \/>\n\t<meta property=\"og:image:height\" content=\"600\" \/>\n\t<meta property=\"og:image:type\" content=\"image\/jpeg\" \/>\n<meta name=\"twitter:card\" content=\"summary_large_image\" \/>\n<meta name=\"twitter:label1\" content=\"Preis\" \/>\n\t<meta name=\"twitter:data1\" content=\"&euro;4.42\" \/>\n\t<meta name=\"twitter:label2\" content=\"Verf\u00fcgbarkeit\" \/>\n\t<meta name=\"twitter:data2\" content=\"Auf Lager\" \/>\n<script type=\"application\/ld+json\" class=\"yoast-schema-graph\">{\"@context\":\"https:\/\/schema.org\",\"@graph\":[{\"@type\":\"WebPage\",\"@id\":\"https:\/\/maison-chance.org\/shop\/de\/produkt\/modetasche-fbkktc09\",\"url\":\"https:\/\/maison-chance.org\/shop\/de\/produkt\/modetasche-fbkktc09\",\"name\":\"Modetasche FBKKTC09 - Ethnische Leinwandhandtasche - Nh\u00e0 May M\u1eafn - Maison Chance\",\"isPartOf\":{\"@id\":\"https:\/\/maison-chance.org\/shop\/de#website\"},\"primaryImageOfPage\":{\"@id\":\"https:\/\/maison-chance.org\/shop\/de\/produkt\/modetasche-fbkktc09#primaryimage\"},\"image\":{\"@id\":\"https:\/\/maison-chance.org\/shop\/de\/produkt\/modetasche-fbkktc09#primaryimage\"},\"thumbnailUrl\":\"https:\/\/maison-chance.org\/shop\/wp-content\/uploads\/2024\/06\/tui-thoi-trang-fbkktc09.jpg\",\"datePublished\":\"2024-06-14T01:40:02+00:00\",\"dateModified\":\"2024-11-13T07:24:41+00:00\",\"description\":\"Die Modetasche FBKKTC09 ist nicht nur ein sch\u00f6nes Accessoire, sondern auch eine Geschichte von Liebe und W\u00e4rme. Hergestellt aus Khaki-Stoff + ethnischer Leinwand.\",\"breadcrumb\":{\"@id\":\"https:\/\/maison-chance.org\/shop\/de\/produkt\/modetasche-fbkktc09#breadcrumb\"},\"inLanguage\":\"de\",\"potentialAction\":[{\"@type\":\"ReadAction\",\"target\":[\"https:\/\/maison-chance.org\/shop\/de\/produkt\/modetasche-fbkktc09\"]}]},{\"@type\":\"ImageObject\",\"inLanguage\":\"de\",\"@id\":\"https:\/\/maison-chance.org\/shop\/de\/produkt\/modetasche-fbkktc09#primaryimage\",\"url\":\"https:\/\/maison-chance.org\/shop\/wp-content\/uploads\/2024\/06\/tui-thoi-trang-fbkktc09.jpg\",\"contentUrl\":\"https:\/\/maison-chance.org\/shop\/wp-content\/uploads\/2024\/06\/tui-thoi-trang-fbkktc09.jpg\",\"width\":600,\"height\":600,\"caption\":\"Modetasche FBKKTC09\"},{\"@type\":\"BreadcrumbList\",\"@id\":\"https:\/\/maison-chance.org\/shop\/de\/produkt\/modetasche-fbkktc09#breadcrumb\",\"itemListElement\":[{\"@type\":\"ListItem\",\"position\":1,\"name\":\"Trang ch\u1ee7\",\"item\":\"https:\/\/maison-chance.org\/shop\/de\"},{\"@type\":\"ListItem\",\"position\":2,\"name\":\"Shop\",\"item\":\"https:\/\/maison-chance.org\/shop\/shop\"},{\"@type\":\"ListItem\",\"position\":3,\"name\":\"Modetasche FBKKTC09\"}]},{\"@type\":\"WebSite\",\"@id\":\"https:\/\/maison-chance.org\/shop\/de#website\",\"url\":\"https:\/\/maison-chance.org\/shop\/de\",\"name\":\"Nh\u00e0 May M\u1eafn - Maison Chance\",\"description\":\"M\u1ecdi l\u1ee3i nhu\u1eadn thu v\u1ec1 t\u1eeb vi\u1ec7c b\u00e1n h\u00e0ng s\u1ebd tr\u00edch m\u1ed9t ph\u1ea7n \u0111\u1ec3 ch\u0103m lo cho \u0111\u1eddi s\u1ed1ng c\u00e1c b\u1ea1n khuy\u1ebft t\u1eadt v\u00e0 tr\u1ebb m\u1ed3 c\u00f4i \u1edf \u0111\u00e2y\",\"publisher\":{\"@id\":\"https:\/\/maison-chance.org\/shop\/de#organization\"},\"potentialAction\":[{\"@type\":\"SearchAction\",\"target\":{\"@type\":\"EntryPoint\",\"urlTemplate\":\"https:\/\/maison-chance.org\/shop\/de?s={search_term_string}\"},\"query-input\":{\"@type\":\"PropertyValueSpecification\",\"valueRequired\":true,\"valueName\":\"search_term_string\"}}],\"inLanguage\":\"de\"},{\"@type\":\"Organization\",\"@id\":\"https:\/\/maison-chance.org\/shop\/de#organization\",\"name\":\"Nh\u00e0 May M\u1eafn - Maison Chance\",\"url\":\"https:\/\/maison-chance.org\/shop\/de\",\"logo\":{\"@type\":\"ImageObject\",\"inLanguage\":\"de\",\"@id\":\"https:\/\/maison-chance.org\/shop\/de#\/schema\/logo\/image\/\",\"url\":\"https:\/\/maison-chance.org\/shop\/wp-content\/uploads\/2024\/03\/cropped-Logo_DNXH.png\",\"contentUrl\":\"https:\/\/maison-chance.org\/shop\/wp-content\/uploads\/2024\/03\/cropped-Logo_DNXH.png\",\"width\":512,\"height\":512,\"caption\":\"Nh\u00e0 May M\u1eafn - Maison Chance\"},\"image\":{\"@id\":\"https:\/\/maison-chance.org\/shop\/de#\/schema\/logo\/image\/\"},\"sameAs\":[\"https:\/\/www.facebook.com\/dnxh.nhamayman\/\"]}]}<\/script>\n<meta property=\"product:price:amount\" content=\"4.42\" \/>\n<meta property=\"product:price:currency\" content=\"EUR\" \/>\n<meta property=\"og:availability\" content=\"instock\" \/>\n<meta property=\"product:availability\" content=\"instock\" \/>\n<meta property=\"product:condition\" content=\"new\" \/>\n<!-- \/ Yoast SEO Premium plugin. -->","yoast_head_json":{"title":"Modetasche FBKKTC09 - Ethnische Leinwandhandtasche - Nh\u00e0 May M\u1eafn - Maison Chance","description":"Die Modetasche FBKKTC09 ist nicht nur ein sch\u00f6nes Accessoire, sondern auch eine Geschichte von Liebe und W\u00e4rme. Hergestellt aus Khaki-Stoff + ethnischer Leinwand.","robots":{"index":"index","follow":"follow","max-snippet":"max-snippet:-1","max-image-preview":"max-image-preview:large","max-video-preview":"max-video-preview:-1"},"canonical":"https:\/\/maison-chance.org\/shop\/de\/produkt\/modetasche-fbkktc09","og_locale":"de_DE","og_type":"article","og_title":"Modetasche FBKKTC09","og_description":"Die Modetasche FBKKTC09 ist nicht nur ein sch\u00f6nes Accessoire, sondern auch eine Geschichte von Liebe und W\u00e4rme. Hergestellt aus Khaki-Stoff + ethnischer Leinwand.","og_url":"https:\/\/maison-chance.org\/shop\/de\/produkt\/modetasche-fbkktc09","og_site_name":"Nh\u00e0 May M\u1eafn - Maison Chance","article_publisher":"https:\/\/www.facebook.com\/dnxh.nhamayman\/","article_modified_time":"2024-11-13T07:24:41+00:00","og_image":[{"width":600,"height":600,"url":"https:\/\/maison-chance.org\/shop\/wp-content\/uploads\/2024\/06\/tui-thoi-trang-fbkktc09.jpg","type":"image\/jpeg"}],"twitter_card":"summary_large_image","twitter_misc":{"Preis":"&euro;4.42","Verf\u00fcgbarkeit":"Auf Lager"},"schema":{"@context":"https:\/\/schema.org","@graph":[{"@type":"WebPage","@id":"https:\/\/maison-chance.org\/shop\/de\/produkt\/modetasche-fbkktc09","url":"https:\/\/maison-chance.org\/shop\/de\/produkt\/modetasche-fbkktc09","name":"Modetasche FBKKTC09 - Ethnische Leinwandhandtasche - Nh\u00e0 May M\u1eafn - Maison Chance","isPartOf":{"@id":"https:\/\/maison-chance.org\/shop\/de#website"},"primaryImageOfPage":{"@id":"https:\/\/maison-chance.org\/shop\/de\/produkt\/modetasche-fbkktc09#primaryimage"},"image":{"@id":"https:\/\/maison-chance.org\/shop\/de\/produkt\/modetasche-fbkktc09#primaryimage"},"thumbnailUrl":"https:\/\/maison-chance.org\/shop\/wp-content\/uploads\/2024\/06\/tui-thoi-trang-fbkktc09.jpg","datePublished":"2024-06-14T01:40:02+00:00","dateModified":"2024-11-13T07:24:41+00:00","description":"Die Modetasche FBKKTC09 ist nicht nur ein sch\u00f6nes Accessoire, sondern auch eine Geschichte von Liebe und W\u00e4rme. Hergestellt aus Khaki-Stoff + ethnischer Leinwand.","breadcrumb":{"@id":"https:\/\/maison-chance.org\/shop\/de\/produkt\/modetasche-fbkktc09#breadcrumb"},"inLanguage":"de","potentialAction":[{"@type":"ReadAction","target":["https:\/\/maison-chance.org\/shop\/de\/produkt\/modetasche-fbkktc09"]}]},{"@type":"ImageObject","inLanguage":"de","@id":"https:\/\/maison-chance.org\/shop\/de\/produkt\/modetasche-fbkktc09#primaryimage","url":"https:\/\/maison-chance.org\/shop\/wp-content\/uploads\/2024\/06\/tui-thoi-trang-fbkktc09.jpg","contentUrl":"https:\/\/maison-chance.org\/shop\/wp-content\/uploads\/2024\/06\/tui-thoi-trang-fbkktc09.jpg","width":600,"height":600,"caption":"Modetasche FBKKTC09"},{"@type":"BreadcrumbList","@id":"https:\/\/maison-chance.org\/shop\/de\/produkt\/modetasche-fbkktc09#breadcrumb","itemListElement":[{"@type":"ListItem","position":1,"name":"Trang ch\u1ee7","item":"https:\/\/maison-chance.org\/shop\/de"},{"@type":"ListItem","position":2,"name":"Shop","item":"https:\/\/maison-chance.org\/shop\/shop"},{"@type":"ListItem","position":3,"name":"Modetasche FBKKTC09"}]},{"@type":"WebSite","@id":"https:\/\/maison-chance.org\/shop\/de#website","url":"https:\/\/maison-chance.org\/shop\/de","name":"Nh\u00e0 May M\u1eafn - Maison Chance","description":"M\u1ecdi l\u1ee3i nhu\u1eadn thu v\u1ec1 t\u1eeb vi\u1ec7c b\u00e1n h\u00e0ng s\u1ebd tr\u00edch m\u1ed9t ph\u1ea7n \u0111\u1ec3 ch\u0103m lo cho \u0111\u1eddi s\u1ed1ng c\u00e1c b\u1ea1n khuy\u1ebft t\u1eadt v\u00e0 tr\u1ebb m\u1ed3 c\u00f4i \u1edf \u0111\u00e2y","publisher":{"@id":"https:\/\/maison-chance.org\/shop\/de#organization"},"potentialAction":[{"@type":"SearchAction","target":{"@type":"EntryPoint","urlTemplate":"https:\/\/maison-chance.org\/shop\/de?s={search_term_string}"},"query-input":{"@type":"PropertyValueSpecification","valueRequired":true,"valueName":"search_term_string"}}],"inLanguage":"de"},{"@type":"Organization","@id":"https:\/\/maison-chance.org\/shop\/de#organization","name":"Nh\u00e0 May M\u1eafn - Maison Chance","url":"https:\/\/maison-chance.org\/shop\/de","logo":{"@type":"ImageObject","inLanguage":"de","@id":"https:\/\/maison-chance.org\/shop\/de#\/schema\/logo\/image\/","url":"https:\/\/maison-chance.org\/shop\/wp-content\/uploads\/2024\/03\/cropped-Logo_DNXH.png","contentUrl":"https:\/\/maison-chance.org\/shop\/wp-content\/uploads\/2024\/03\/cropped-Logo_DNXH.png","width":512,"height":512,"caption":"Nh\u00e0 May M\u1eafn - Maison Chance"},"image":{"@id":"https:\/\/maison-chance.org\/shop\/de#\/schema\/logo\/image\/"},"sameAs":["https:\/\/www.facebook.com\/dnxh.nhamayman\/"]}]},"product_price_amount":"4.42","product_price_currency":"EUR","og_availability":"instock","product_availability":"instock","product_condition":"new"},"_links":{"self":[{"href":"https:\/\/maison-chance.org\/shop\/de\/wp-json\/wp\/v2\/product\/39846","targetHints":{"allow":["GET"]}}],"collection":[{"href":"https:\/\/maison-chance.org\/shop\/de\/wp-json\/wp\/v2\/product"}],"about":[{"href":"https:\/\/maison-chance.org\/shop\/de\/wp-json\/wp\/v2\/types\/product"}],"wp:featuredmedia":[{"embeddable":true,"href":"https:\/\/maison-chance.org\/shop\/de\/wp-json\/wp\/v2\/media\/39843"}],"wp:attachment":[{"href":"https:\/\/maison-chance.org\/shop\/de\/wp-json\/wp\/v2\/media?parent=39846"}],"wp:term":[{"taxonomy":"product_brand","embeddable":true,"href":"https:\/\/maison-chance.org\/shop\/de\/wp-json\/wp\/v2\/product_brand?post=39846"},{"taxonomy":"product_cat","embeddable":true,"href":"https:\/\/maison-chance.org\/shop\/de\/wp-json\/wp\/v2\/product_cat?post=39846"},{"taxonomy":"product_tag","embeddable":true,"href":"https:\/\/maison-chance.org\/shop\/de\/wp-json\/wp\/v2\/product_tag?post=39846"}],"curies":[{"name":"wp","href":"https:\/\/api.w.org\/{rel}","templated":true}]}}