{"id":39856,"date":"2024-06-18T05:44:03","date_gmt":"2024-06-17T22:44:03","guid":{"rendered":"https:\/\/maison-chance.org\/shop\/san-pham\/modetasche-fbje03"},"modified":"2024-11-20T15:36:41","modified_gmt":"2024-11-20T08:36:41","slug":"modetasche-fbje03","status":"publish","type":"product","link":"https:\/\/maison-chance.org\/shop\/de\/produkt\/modetasche-fbje03","title":{"rendered":"Modetasche FBJE03"},"content":{"rendered":"<p style=\"text-align: justify;\">Wir freuen uns, Ihnen die Modetasche FBJE03 von Maison Chance vorzustellen, die die perfekte Wahl f\u00fcr Sie sein wird. Entworfen mit einer perfekten Kombination aus hochwertigem Jeansmaterial und sorgf\u00e4ltiger Verarbeitung, erf\u00fcllt das Produkt nicht nur Nutzungsbed\u00fcrfnisse, sondern tr\u00e4gt auch zur Unterst\u00fctzung der gesellschaftlichen Integration von Menschen mit Behinderungen bei.<\/p>\n<p style=\"text-align: justify;\">Die FBJE03-Tasche hat eine schlanke rechteckige Form mit idealen Abmessungen von 43,5 x 38 cm, die ein ordentliches Aussehen schafft und gleichzeitig ger\u00e4umigen Stauraum gew\u00e4hrleistet. Die FBJE03-Tasche verf\u00fcgt \u00fcber ein ger\u00e4umiges Hauptfach sowie praktische Seitentaschen und erf\u00fcllt Aufbewahrungsbed\u00fcrfnisse, ohne den ihr innewohnenden jugendlichen und dynamischen Stil zu verlieren.<\/p>\n<p style=\"text-align: justify;\">Sie k\u00f6nnen die FBJE03-Tasche zur Arbeit, zu Ausfl\u00fcgen oder sogar auf Reisen mitnehmen. Mit ihrer vielseitigen Aufbewahrungskapazit\u00e4t und ihrem raffinierten Design wird dies ein unverzichtbares Accessoire in Ihrer Sammlung sein. Heben Sie Ihren pers\u00f6nlichen Stil hervor und tragen Sie gleichzeitig dazu bei, humanit\u00e4re Werte durch dieses Produkt zu verbreiten.<\/p>\n<p style=\"text-align: justify;\">Jede FBJE03-Tasche ist nicht einfach nur ein Modeartikel, sondern ein Wunder aus den geschickten H\u00e4nden der Handwerker von Maison Chance. Wenn Sie dieses Produkt kaufen, sind Sie nicht nur ein Kunde, sondern ein mitf\u00fchlender Begleiter, da jeder Beitrag, den Sie leisten, zur Unterst\u00fctzung von Menschen mit Behinderungen verwendet wird und Bedingungen f\u00fcr ihre Integration und Selbstentwicklung schafft.<\/p>\n<p style=\"text-align: justify;\">Schlie\u00dfen Sie sich Maison Chance an, um Liebe zu verbreiten und Ihren Stil mit der FBJE03-Tasche auszudr\u00fccken. Bestellen Sie jetzt, um jedes Accessoire, das Sie tragen, in einen Botschafter wahrer Sch\u00f6nheit und humanit\u00e4rer Werte zu verwandeln!<\/p>\n","protected":false},"excerpt":{"rendered":"<p style=\"text-align: justify;\">Das von unseren weniger gl\u00fccklichen behinderten Kunsthandwerkern handgefertigte Produkt hofft aufrichtig auf Ihre Unterst\u00fctzung.<\/p>\n<p>Material: Jeansstoff<\/p>\n<p>Code: J09TX<\/p>\n<p>Abmessungen: 43,5 x 38 cm<\/p>\n<p>Hotline: <span style=\"font-size: 20px;\"><strong><span style=\"color: #ff0000;\">0909 06 25 28<\/span><\/strong><\/span><\/p>\n<p style=\"text-align: justify;\">Wenn Sie in Vietnam sind, kontaktieren Sie uns bitte \u00fcber die Hotline oder unsere Unternehmensfanpage bei Lucky House, um die Preise in Vietnam zu erfahren.<\/p>\n","protected":false},"featured_media":39854,"template":"","meta":[],"product_brand":[],"product_cat":[247,232],"product_tag":[],"class_list":{"0":"post-39856","1":"product","2":"type-product","3":"status-publish","4":"has-post-thumbnail","6":"product_cat-handtasche-naeherei","7":"product_cat-naeherei","9":"first","10":"instock","11":"shipping-taxable","12":"purchasable","13":"product-type-simple"},"yoast_head":"<!-- This site is optimized with the Yoast SEO Premium plugin v22.7 (Yoast SEO v25.3.1) - https:\/\/yoast.com\/wordpress\/plugins\/seo\/ -->\n<title>Modetasche FBJE03 - Ethnische Handtasche - Nh\u00e0 May M\u1eafn - Maison Chance<\/title>\n<meta name=\"description\" content=\"Die modische Tasche FBJE03 hat eine schlanke rechteckige Form, ideale Abmessungen von 43,5 x 38 cm, aus strapazierf\u00e4higem und sch\u00f6nem Denim gefertigt\" \/>\n<meta name=\"robots\" content=\"index, follow, max-snippet:-1, max-image-preview:large, max-video-preview:-1\" \/>\n<link rel=\"canonical\" href=\"https:\/\/maison-chance.org\/shop\/de\/produkt\/modetasche-fbje03\" \/>\n<meta property=\"og:locale\" content=\"de_DE\" \/>\n<meta property=\"og:type\" content=\"article\" \/>\n<meta property=\"og:title\" content=\"Modetasche FBJE03\" \/>\n<meta property=\"og:description\" content=\"Die modische Tasche FBJE03 hat eine schlanke rechteckige Form, ideale Abmessungen von 43,5 x 38 cm, aus strapazierf\u00e4higem und sch\u00f6nem Denim gefertigt\" \/>\n<meta property=\"og:url\" content=\"https:\/\/maison-chance.org\/shop\/de\/produkt\/modetasche-fbje03\" \/>\n<meta property=\"og:site_name\" content=\"Nh\u00e0 May M\u1eafn - Maison Chance\" \/>\n<meta property=\"article:publisher\" content=\"https:\/\/www.facebook.com\/dnxh.nhamayman\/\" \/>\n<meta property=\"article:modified_time\" content=\"2024-11-20T08:36:41+00:00\" \/>\n<meta property=\"og:image\" content=\"https:\/\/maison-chance.org\/shop\/wp-content\/uploads\/2024\/06\/tui-thoi-trang-fbje03.png\" \/>\n\t<meta property=\"og:image:width\" content=\"600\" \/>\n\t<meta property=\"og:image:height\" content=\"600\" \/>\n\t<meta property=\"og:image:type\" content=\"image\/png\" \/>\n<meta name=\"twitter:card\" content=\"summary_large_image\" \/>\n<meta name=\"twitter:label1\" content=\"Preis\" \/>\n\t<meta name=\"twitter:data1\" content=\"&euro;12.88\" \/>\n\t<meta name=\"twitter:label2\" content=\"Verf\u00fcgbarkeit\" \/>\n\t<meta name=\"twitter:data2\" content=\"Auf Lager\" \/>\n<script type=\"application\/ld+json\" class=\"yoast-schema-graph\">{\"@context\":\"https:\/\/schema.org\",\"@graph\":[{\"@type\":\"WebPage\",\"@id\":\"https:\/\/maison-chance.org\/shop\/de\/produkt\/modetasche-fbje03\",\"url\":\"https:\/\/maison-chance.org\/shop\/de\/produkt\/modetasche-fbje03\",\"name\":\"Modetasche FBJE03 - Ethnische Handtasche - Nh\u00e0 May M\u1eafn - Maison Chance\",\"isPartOf\":{\"@id\":\"https:\/\/maison-chance.org\/shop\/de#website\"},\"primaryImageOfPage\":{\"@id\":\"https:\/\/maison-chance.org\/shop\/de\/produkt\/modetasche-fbje03#primaryimage\"},\"image\":{\"@id\":\"https:\/\/maison-chance.org\/shop\/de\/produkt\/modetasche-fbje03#primaryimage\"},\"thumbnailUrl\":\"https:\/\/maison-chance.org\/shop\/wp-content\/uploads\/2024\/06\/tui-thoi-trang-fbje03.png\",\"datePublished\":\"2024-06-17T22:44:03+00:00\",\"dateModified\":\"2024-11-20T08:36:41+00:00\",\"description\":\"Die modische Tasche FBJE03 hat eine schlanke rechteckige Form, ideale Abmessungen von 43,5 x 38 cm, aus strapazierf\u00e4higem und sch\u00f6nem Denim gefertigt\",\"breadcrumb\":{\"@id\":\"https:\/\/maison-chance.org\/shop\/de\/produkt\/modetasche-fbje03#breadcrumb\"},\"inLanguage\":\"de\",\"potentialAction\":[{\"@type\":\"ReadAction\",\"target\":[\"https:\/\/maison-chance.org\/shop\/de\/produkt\/modetasche-fbje03\"]}]},{\"@type\":\"ImageObject\",\"inLanguage\":\"de\",\"@id\":\"https:\/\/maison-chance.org\/shop\/de\/produkt\/modetasche-fbje03#primaryimage\",\"url\":\"https:\/\/maison-chance.org\/shop\/wp-content\/uploads\/2024\/06\/tui-thoi-trang-fbje03.png\",\"contentUrl\":\"https:\/\/maison-chance.org\/shop\/wp-content\/uploads\/2024\/06\/tui-thoi-trang-fbje03.png\",\"width\":600,\"height\":600,\"caption\":\"Modetasche FBJE03\"},{\"@type\":\"BreadcrumbList\",\"@id\":\"https:\/\/maison-chance.org\/shop\/de\/produkt\/modetasche-fbje03#breadcrumb\",\"itemListElement\":[{\"@type\":\"ListItem\",\"position\":1,\"name\":\"Trang ch\u1ee7\",\"item\":\"https:\/\/maison-chance.org\/shop\/de\"},{\"@type\":\"ListItem\",\"position\":2,\"name\":\"Shop\",\"item\":\"https:\/\/maison-chance.org\/shop\/shop\"},{\"@type\":\"ListItem\",\"position\":3,\"name\":\"Modetasche FBJE03\"}]},{\"@type\":\"WebSite\",\"@id\":\"https:\/\/maison-chance.org\/shop\/de#website\",\"url\":\"https:\/\/maison-chance.org\/shop\/de\",\"name\":\"Nh\u00e0 May M\u1eafn - Maison Chance\",\"description\":\"M\u1ecdi l\u1ee3i nhu\u1eadn thu v\u1ec1 t\u1eeb vi\u1ec7c b\u00e1n h\u00e0ng s\u1ebd tr\u00edch m\u1ed9t ph\u1ea7n \u0111\u1ec3 ch\u0103m lo cho \u0111\u1eddi s\u1ed1ng c\u00e1c b\u1ea1n khuy\u1ebft t\u1eadt v\u00e0 tr\u1ebb m\u1ed3 c\u00f4i \u1edf \u0111\u00e2y\",\"publisher\":{\"@id\":\"https:\/\/maison-chance.org\/shop\/de#organization\"},\"potentialAction\":[{\"@type\":\"SearchAction\",\"target\":{\"@type\":\"EntryPoint\",\"urlTemplate\":\"https:\/\/maison-chance.org\/shop\/de?s={search_term_string}\"},\"query-input\":{\"@type\":\"PropertyValueSpecification\",\"valueRequired\":true,\"valueName\":\"search_term_string\"}}],\"inLanguage\":\"de\"},{\"@type\":\"Organization\",\"@id\":\"https:\/\/maison-chance.org\/shop\/de#organization\",\"name\":\"Nh\u00e0 May M\u1eafn - Maison Chance\",\"url\":\"https:\/\/maison-chance.org\/shop\/de\",\"logo\":{\"@type\":\"ImageObject\",\"inLanguage\":\"de\",\"@id\":\"https:\/\/maison-chance.org\/shop\/de#\/schema\/logo\/image\/\",\"url\":\"https:\/\/maison-chance.org\/shop\/wp-content\/uploads\/2024\/03\/cropped-Logo_DNXH.png\",\"contentUrl\":\"https:\/\/maison-chance.org\/shop\/wp-content\/uploads\/2024\/03\/cropped-Logo_DNXH.png\",\"width\":512,\"height\":512,\"caption\":\"Nh\u00e0 May M\u1eafn - Maison Chance\"},\"image\":{\"@id\":\"https:\/\/maison-chance.org\/shop\/de#\/schema\/logo\/image\/\"},\"sameAs\":[\"https:\/\/www.facebook.com\/dnxh.nhamayman\/\"]}]}<\/script>\n<meta property=\"product:price:amount\" content=\"12.88\" \/>\n<meta property=\"product:price:currency\" content=\"EUR\" \/>\n<meta property=\"og:availability\" content=\"instock\" \/>\n<meta property=\"product:availability\" content=\"instock\" \/>\n<meta property=\"product:condition\" content=\"new\" \/>\n<!-- \/ Yoast SEO Premium plugin. -->","yoast_head_json":{"title":"Modetasche FBJE03 - Ethnische Handtasche - Nh\u00e0 May M\u1eafn - Maison Chance","description":"Die modische Tasche FBJE03 hat eine schlanke rechteckige Form, ideale Abmessungen von 43,5 x 38 cm, aus strapazierf\u00e4higem und sch\u00f6nem Denim gefertigt","robots":{"index":"index","follow":"follow","max-snippet":"max-snippet:-1","max-image-preview":"max-image-preview:large","max-video-preview":"max-video-preview:-1"},"canonical":"https:\/\/maison-chance.org\/shop\/de\/produkt\/modetasche-fbje03","og_locale":"de_DE","og_type":"article","og_title":"Modetasche FBJE03","og_description":"Die modische Tasche FBJE03 hat eine schlanke rechteckige Form, ideale Abmessungen von 43,5 x 38 cm, aus strapazierf\u00e4higem und sch\u00f6nem Denim gefertigt","og_url":"https:\/\/maison-chance.org\/shop\/de\/produkt\/modetasche-fbje03","og_site_name":"Nh\u00e0 May M\u1eafn - Maison Chance","article_publisher":"https:\/\/www.facebook.com\/dnxh.nhamayman\/","article_modified_time":"2024-11-20T08:36:41+00:00","og_image":[{"width":600,"height":600,"url":"https:\/\/maison-chance.org\/shop\/wp-content\/uploads\/2024\/06\/tui-thoi-trang-fbje03.png","type":"image\/png"}],"twitter_card":"summary_large_image","twitter_misc":{"Preis":"&euro;12.88","Verf\u00fcgbarkeit":"Auf Lager"},"schema":{"@context":"https:\/\/schema.org","@graph":[{"@type":"WebPage","@id":"https:\/\/maison-chance.org\/shop\/de\/produkt\/modetasche-fbje03","url":"https:\/\/maison-chance.org\/shop\/de\/produkt\/modetasche-fbje03","name":"Modetasche FBJE03 - Ethnische Handtasche - Nh\u00e0 May M\u1eafn - Maison Chance","isPartOf":{"@id":"https:\/\/maison-chance.org\/shop\/de#website"},"primaryImageOfPage":{"@id":"https:\/\/maison-chance.org\/shop\/de\/produkt\/modetasche-fbje03#primaryimage"},"image":{"@id":"https:\/\/maison-chance.org\/shop\/de\/produkt\/modetasche-fbje03#primaryimage"},"thumbnailUrl":"https:\/\/maison-chance.org\/shop\/wp-content\/uploads\/2024\/06\/tui-thoi-trang-fbje03.png","datePublished":"2024-06-17T22:44:03+00:00","dateModified":"2024-11-20T08:36:41+00:00","description":"Die modische Tasche FBJE03 hat eine schlanke rechteckige Form, ideale Abmessungen von 43,5 x 38 cm, aus strapazierf\u00e4higem und sch\u00f6nem Denim gefertigt","breadcrumb":{"@id":"https:\/\/maison-chance.org\/shop\/de\/produkt\/modetasche-fbje03#breadcrumb"},"inLanguage":"de","potentialAction":[{"@type":"ReadAction","target":["https:\/\/maison-chance.org\/shop\/de\/produkt\/modetasche-fbje03"]}]},{"@type":"ImageObject","inLanguage":"de","@id":"https:\/\/maison-chance.org\/shop\/de\/produkt\/modetasche-fbje03#primaryimage","url":"https:\/\/maison-chance.org\/shop\/wp-content\/uploads\/2024\/06\/tui-thoi-trang-fbje03.png","contentUrl":"https:\/\/maison-chance.org\/shop\/wp-content\/uploads\/2024\/06\/tui-thoi-trang-fbje03.png","width":600,"height":600,"caption":"Modetasche FBJE03"},{"@type":"BreadcrumbList","@id":"https:\/\/maison-chance.org\/shop\/de\/produkt\/modetasche-fbje03#breadcrumb","itemListElement":[{"@type":"ListItem","position":1,"name":"Trang ch\u1ee7","item":"https:\/\/maison-chance.org\/shop\/de"},{"@type":"ListItem","position":2,"name":"Shop","item":"https:\/\/maison-chance.org\/shop\/shop"},{"@type":"ListItem","position":3,"name":"Modetasche FBJE03"}]},{"@type":"WebSite","@id":"https:\/\/maison-chance.org\/shop\/de#website","url":"https:\/\/maison-chance.org\/shop\/de","name":"Nh\u00e0 May M\u1eafn - Maison Chance","description":"M\u1ecdi l\u1ee3i nhu\u1eadn thu v\u1ec1 t\u1eeb vi\u1ec7c b\u00e1n h\u00e0ng s\u1ebd tr\u00edch m\u1ed9t ph\u1ea7n \u0111\u1ec3 ch\u0103m lo cho \u0111\u1eddi s\u1ed1ng c\u00e1c b\u1ea1n khuy\u1ebft t\u1eadt v\u00e0 tr\u1ebb m\u1ed3 c\u00f4i \u1edf \u0111\u00e2y","publisher":{"@id":"https:\/\/maison-chance.org\/shop\/de#organization"},"potentialAction":[{"@type":"SearchAction","target":{"@type":"EntryPoint","urlTemplate":"https:\/\/maison-chance.org\/shop\/de?s={search_term_string}"},"query-input":{"@type":"PropertyValueSpecification","valueRequired":true,"valueName":"search_term_string"}}],"inLanguage":"de"},{"@type":"Organization","@id":"https:\/\/maison-chance.org\/shop\/de#organization","name":"Nh\u00e0 May M\u1eafn - Maison Chance","url":"https:\/\/maison-chance.org\/shop\/de","logo":{"@type":"ImageObject","inLanguage":"de","@id":"https:\/\/maison-chance.org\/shop\/de#\/schema\/logo\/image\/","url":"https:\/\/maison-chance.org\/shop\/wp-content\/uploads\/2024\/03\/cropped-Logo_DNXH.png","contentUrl":"https:\/\/maison-chance.org\/shop\/wp-content\/uploads\/2024\/03\/cropped-Logo_DNXH.png","width":512,"height":512,"caption":"Nh\u00e0 May M\u1eafn - Maison Chance"},"image":{"@id":"https:\/\/maison-chance.org\/shop\/de#\/schema\/logo\/image\/"},"sameAs":["https:\/\/www.facebook.com\/dnxh.nhamayman\/"]}]},"product_price_amount":"12.88","product_price_currency":"EUR","og_availability":"instock","product_availability":"instock","product_condition":"new"},"_links":{"self":[{"href":"https:\/\/maison-chance.org\/shop\/de\/wp-json\/wp\/v2\/product\/39856","targetHints":{"allow":["GET"]}}],"collection":[{"href":"https:\/\/maison-chance.org\/shop\/de\/wp-json\/wp\/v2\/product"}],"about":[{"href":"https:\/\/maison-chance.org\/shop\/de\/wp-json\/wp\/v2\/types\/product"}],"wp:featuredmedia":[{"embeddable":true,"href":"https:\/\/maison-chance.org\/shop\/de\/wp-json\/wp\/v2\/media\/39854"}],"wp:attachment":[{"href":"https:\/\/maison-chance.org\/shop\/de\/wp-json\/wp\/v2\/media?parent=39856"}],"wp:term":[{"taxonomy":"product_brand","embeddable":true,"href":"https:\/\/maison-chance.org\/shop\/de\/wp-json\/wp\/v2\/product_brand?post=39856"},{"taxonomy":"product_cat","embeddable":true,"href":"https:\/\/maison-chance.org\/shop\/de\/wp-json\/wp\/v2\/product_cat?post=39856"},{"taxonomy":"product_tag","embeddable":true,"href":"https:\/\/maison-chance.org\/shop\/de\/wp-json\/wp\/v2\/product_tag?post=39856"}],"curies":[{"name":"wp","href":"https:\/\/api.w.org\/{rel}","templated":true}]}}