{"id":39869,"date":"2024-06-18T06:32:09","date_gmt":"2024-06-17T23:32:09","guid":{"rendered":"https:\/\/maison-chance.org\/shop\/san-pham\/modetasche-fbjetc04"},"modified":"2024-11-20T15:31:17","modified_gmt":"2024-11-20T08:31:17","slug":"modetasche-fbjetc04","status":"publish","type":"product","link":"https:\/\/maison-chance.org\/shop\/de\/produkt\/modetasche-fbjetc04","title":{"rendered":"Modetasche FBJETC04"},"content":{"rendered":"<p style=\"text-align: justify;\">Die Modetasche FBJETC04 ist eine perfekte Kombination aus modernem Stil und hoher Funktionalit\u00e4t. Mit ihrem eleganten rechteckigen Design ist die Tasche aus hochwertigem Jeansstoff gefertigt, der nicht nur Langlebigkeit gew\u00e4hrleistet, sondern dem Benutzer auch einen jugendlichen und unverwechselbaren Charakter verleiht. Das Highlight des Produkts ist der dekorative ethnische Patch, ein charakteristisches Merkmal der Marke Maison Chance, der einzigartige und distinguierte Klasse verleiht.<\/p>\n<p style=\"text-align: justify;\">Mit ger\u00e4umigen Abmessungen und einem mit weichem Stoff ausgekleideten Hauptfach erf\u00fcllt die FBJETC04 Handtasche nicht nur die t\u00e4glichen Aufbewahrungsbed\u00fcrfnisse, sondern ist auch eine ideale Wahl f\u00fcr Outdoor-Ausfl\u00fcge oder einfach Wochenendsspazierg\u00e4nge. Lassen Sie FBJETC04 zu Ihrem zuverl\u00e4ssigen Begleiter werden, der sowohl Ihre Habseligkeiten sch\u00fctzt als auch Ihren pers\u00f6nlichen Stil unterstreicht.<\/p>\n<p style=\"text-align: justify;\">Wenn Sie sich f\u00fcr den Kauf der FBJETC04 Handtasche entscheiden, besitzen Sie nicht nur ein hochwertiges Produkt, sondern tragen auch zur Entwicklung der Behinderten-Community bei Maison Chance bei. Jede Tasche ist das Ergebnis sorgf\u00e4ltiger Handwerkskunst qualifizierter Handwerker und bringt Ihnen nicht nur absolute Zufriedenheit, sondern auch die Freude, an einer bedeutungsvollen Reise teilzunehmen. Schlie\u00dfen Sie sich uns an, um Liebe zu verbreiten und mit denen zu teilen, die Unterst\u00fctzung brauchen!<\/p>\n","protected":false},"excerpt":{"rendered":"<p style=\"text-align: justify;\">Dieses handgefertigte Produkt, hergestellt von unseren weniger beg\u00fcnstigten behinderten Handwerkern, hofft auf Ihre Unterst\u00fctzung.<\/p>\n<p>Materialien: Denim-Stoff + Naturfarbstoff<\/p>\n<p>Code: TC08TX<\/p>\n<p>Abmessungen: 36 x 37,4 cm<\/p>\n<p>Hotline: <span style=\"font-size: 20px;\"><strong><span style=\"color: #ff0000;\">0909 06 25 28<\/span><\/strong><\/span><\/p>\n<p style=\"text-align: justify;\">Wenn Sie in Vietnam sind, kontaktieren Sie uns bitte \u00fcber die Hotline-Nummer oder unsere Gesch\u00e4ftsseite Nh\u00e0 May M\u1eafn, um die Preise in Vietnam zu erfragen.<\/p>\n","protected":false},"featured_media":39867,"template":"","meta":[],"product_brand":[],"product_cat":[247,232],"product_tag":[],"class_list":{"0":"post-39869","1":"product","2":"type-product","3":"status-publish","4":"has-post-thumbnail","6":"product_cat-handtasche-naeherei","7":"product_cat-naeherei","9":"first","10":"instock","11":"shipping-taxable","12":"purchasable","13":"product-type-simple"},"yoast_head":"<!-- This site is optimized with the Yoast SEO Premium plugin v22.7 (Yoast SEO v25.3.1) - https:\/\/yoast.com\/wordpress\/plugins\/seo\/ -->\n<title>Modetasche FBJETC04 - Ethnische Handtasche - Nh\u00e0 May M\u1eafn - Maison Chance<\/title>\n<meta name=\"description\" content=\"Die FBJETC04 Mode-Tasche ist ein Symbol f\u00fcr die perfekte Verbindung von Stil und Praktikabilit\u00e4t mit ihrer schlanken rechteckigen Form\" \/>\n<meta name=\"robots\" content=\"index, follow, max-snippet:-1, max-image-preview:large, max-video-preview:-1\" \/>\n<link rel=\"canonical\" href=\"https:\/\/maison-chance.org\/shop\/de\/produkt\/modetasche-fbjetc04\" \/>\n<meta property=\"og:locale\" content=\"de_DE\" \/>\n<meta property=\"og:type\" content=\"article\" \/>\n<meta property=\"og:title\" content=\"Modetasche FBJETC04\" \/>\n<meta property=\"og:description\" content=\"Die FBJETC04 Mode-Tasche ist ein Symbol f\u00fcr die perfekte Verbindung von Stil und Praktikabilit\u00e4t mit ihrer schlanken rechteckigen Form\" \/>\n<meta property=\"og:url\" content=\"https:\/\/maison-chance.org\/shop\/de\/produkt\/modetasche-fbjetc04\" \/>\n<meta property=\"og:site_name\" content=\"Nh\u00e0 May M\u1eafn - Maison Chance\" \/>\n<meta property=\"article:publisher\" content=\"https:\/\/www.facebook.com\/dnxh.nhamayman\/\" \/>\n<meta property=\"article:modified_time\" content=\"2024-11-20T08:31:17+00:00\" \/>\n<meta property=\"og:image\" content=\"https:\/\/maison-chance.org\/shop\/wp-content\/uploads\/2024\/06\/tui-thoi-trang-FBJETC04.png\" \/>\n\t<meta property=\"og:image:width\" content=\"600\" \/>\n\t<meta property=\"og:image:height\" content=\"600\" \/>\n\t<meta property=\"og:image:type\" content=\"image\/png\" \/>\n<meta name=\"twitter:card\" content=\"summary_large_image\" \/>\n<meta name=\"twitter:label1\" content=\"Preis\" \/>\n\t<meta name=\"twitter:data1\" content=\"&euro;11.50\" \/>\n\t<meta name=\"twitter:label2\" content=\"Verf\u00fcgbarkeit\" \/>\n\t<meta name=\"twitter:data2\" content=\"Auf Lager\" \/>\n<script type=\"application\/ld+json\" class=\"yoast-schema-graph\">{\"@context\":\"https:\/\/schema.org\",\"@graph\":[{\"@type\":\"WebPage\",\"@id\":\"https:\/\/maison-chance.org\/shop\/de\/produkt\/modetasche-fbjetc04\",\"url\":\"https:\/\/maison-chance.org\/shop\/de\/produkt\/modetasche-fbjetc04\",\"name\":\"Modetasche FBJETC04 - Ethnische Handtasche - Nh\u00e0 May M\u1eafn - Maison Chance\",\"isPartOf\":{\"@id\":\"https:\/\/maison-chance.org\/shop\/de#website\"},\"primaryImageOfPage\":{\"@id\":\"https:\/\/maison-chance.org\/shop\/de\/produkt\/modetasche-fbjetc04#primaryimage\"},\"image\":{\"@id\":\"https:\/\/maison-chance.org\/shop\/de\/produkt\/modetasche-fbjetc04#primaryimage\"},\"thumbnailUrl\":\"https:\/\/maison-chance.org\/shop\/wp-content\/uploads\/2024\/06\/tui-thoi-trang-FBJETC04.png\",\"datePublished\":\"2024-06-17T23:32:09+00:00\",\"dateModified\":\"2024-11-20T08:31:17+00:00\",\"description\":\"Die FBJETC04 Mode-Tasche ist ein Symbol f\u00fcr die perfekte Verbindung von Stil und Praktikabilit\u00e4t mit ihrer schlanken rechteckigen Form\",\"breadcrumb\":{\"@id\":\"https:\/\/maison-chance.org\/shop\/de\/produkt\/modetasche-fbjetc04#breadcrumb\"},\"inLanguage\":\"de\",\"potentialAction\":[{\"@type\":\"ReadAction\",\"target\":[\"https:\/\/maison-chance.org\/shop\/de\/produkt\/modetasche-fbjetc04\"]}]},{\"@type\":\"ImageObject\",\"inLanguage\":\"de\",\"@id\":\"https:\/\/maison-chance.org\/shop\/de\/produkt\/modetasche-fbjetc04#primaryimage\",\"url\":\"https:\/\/maison-chance.org\/shop\/wp-content\/uploads\/2024\/06\/tui-thoi-trang-FBJETC04.png\",\"contentUrl\":\"https:\/\/maison-chance.org\/shop\/wp-content\/uploads\/2024\/06\/tui-thoi-trang-FBJETC04.png\",\"width\":600,\"height\":600,\"caption\":\"Modetasche FBJETC04\"},{\"@type\":\"BreadcrumbList\",\"@id\":\"https:\/\/maison-chance.org\/shop\/de\/produkt\/modetasche-fbjetc04#breadcrumb\",\"itemListElement\":[{\"@type\":\"ListItem\",\"position\":1,\"name\":\"Trang ch\u1ee7\",\"item\":\"https:\/\/maison-chance.org\/shop\/de\"},{\"@type\":\"ListItem\",\"position\":2,\"name\":\"Shop\",\"item\":\"https:\/\/maison-chance.org\/shop\/shop\"},{\"@type\":\"ListItem\",\"position\":3,\"name\":\"Modetasche FBJETC04\"}]},{\"@type\":\"WebSite\",\"@id\":\"https:\/\/maison-chance.org\/shop\/de#website\",\"url\":\"https:\/\/maison-chance.org\/shop\/de\",\"name\":\"Nh\u00e0 May M\u1eafn - Maison Chance\",\"description\":\"M\u1ecdi l\u1ee3i nhu\u1eadn thu v\u1ec1 t\u1eeb vi\u1ec7c b\u00e1n h\u00e0ng s\u1ebd tr\u00edch m\u1ed9t ph\u1ea7n \u0111\u1ec3 ch\u0103m lo cho \u0111\u1eddi s\u1ed1ng c\u00e1c b\u1ea1n khuy\u1ebft t\u1eadt v\u00e0 tr\u1ebb m\u1ed3 c\u00f4i \u1edf \u0111\u00e2y\",\"publisher\":{\"@id\":\"https:\/\/maison-chance.org\/shop\/de#organization\"},\"potentialAction\":[{\"@type\":\"SearchAction\",\"target\":{\"@type\":\"EntryPoint\",\"urlTemplate\":\"https:\/\/maison-chance.org\/shop\/de?s={search_term_string}\"},\"query-input\":{\"@type\":\"PropertyValueSpecification\",\"valueRequired\":true,\"valueName\":\"search_term_string\"}}],\"inLanguage\":\"de\"},{\"@type\":\"Organization\",\"@id\":\"https:\/\/maison-chance.org\/shop\/de#organization\",\"name\":\"Nh\u00e0 May M\u1eafn - Maison Chance\",\"url\":\"https:\/\/maison-chance.org\/shop\/de\",\"logo\":{\"@type\":\"ImageObject\",\"inLanguage\":\"de\",\"@id\":\"https:\/\/maison-chance.org\/shop\/de#\/schema\/logo\/image\/\",\"url\":\"https:\/\/maison-chance.org\/shop\/wp-content\/uploads\/2024\/03\/cropped-Logo_DNXH.png\",\"contentUrl\":\"https:\/\/maison-chance.org\/shop\/wp-content\/uploads\/2024\/03\/cropped-Logo_DNXH.png\",\"width\":512,\"height\":512,\"caption\":\"Nh\u00e0 May M\u1eafn - Maison Chance\"},\"image\":{\"@id\":\"https:\/\/maison-chance.org\/shop\/de#\/schema\/logo\/image\/\"},\"sameAs\":[\"https:\/\/www.facebook.com\/dnxh.nhamayman\/\"]}]}<\/script>\n<meta property=\"product:price:amount\" content=\"11.50\" \/>\n<meta property=\"product:price:currency\" content=\"EUR\" \/>\n<meta property=\"og:availability\" content=\"instock\" \/>\n<meta property=\"product:availability\" content=\"instock\" \/>\n<meta property=\"product:condition\" content=\"new\" \/>\n<!-- \/ Yoast SEO Premium plugin. -->","yoast_head_json":{"title":"Modetasche FBJETC04 - Ethnische Handtasche - Nh\u00e0 May M\u1eafn - Maison Chance","description":"Die FBJETC04 Mode-Tasche ist ein Symbol f\u00fcr die perfekte Verbindung von Stil und Praktikabilit\u00e4t mit ihrer schlanken rechteckigen Form","robots":{"index":"index","follow":"follow","max-snippet":"max-snippet:-1","max-image-preview":"max-image-preview:large","max-video-preview":"max-video-preview:-1"},"canonical":"https:\/\/maison-chance.org\/shop\/de\/produkt\/modetasche-fbjetc04","og_locale":"de_DE","og_type":"article","og_title":"Modetasche FBJETC04","og_description":"Die FBJETC04 Mode-Tasche ist ein Symbol f\u00fcr die perfekte Verbindung von Stil und Praktikabilit\u00e4t mit ihrer schlanken rechteckigen Form","og_url":"https:\/\/maison-chance.org\/shop\/de\/produkt\/modetasche-fbjetc04","og_site_name":"Nh\u00e0 May M\u1eafn - Maison Chance","article_publisher":"https:\/\/www.facebook.com\/dnxh.nhamayman\/","article_modified_time":"2024-11-20T08:31:17+00:00","og_image":[{"width":600,"height":600,"url":"https:\/\/maison-chance.org\/shop\/wp-content\/uploads\/2024\/06\/tui-thoi-trang-FBJETC04.png","type":"image\/png"}],"twitter_card":"summary_large_image","twitter_misc":{"Preis":"&euro;11.50","Verf\u00fcgbarkeit":"Auf Lager"},"schema":{"@context":"https:\/\/schema.org","@graph":[{"@type":"WebPage","@id":"https:\/\/maison-chance.org\/shop\/de\/produkt\/modetasche-fbjetc04","url":"https:\/\/maison-chance.org\/shop\/de\/produkt\/modetasche-fbjetc04","name":"Modetasche FBJETC04 - Ethnische Handtasche - Nh\u00e0 May M\u1eafn - Maison Chance","isPartOf":{"@id":"https:\/\/maison-chance.org\/shop\/de#website"},"primaryImageOfPage":{"@id":"https:\/\/maison-chance.org\/shop\/de\/produkt\/modetasche-fbjetc04#primaryimage"},"image":{"@id":"https:\/\/maison-chance.org\/shop\/de\/produkt\/modetasche-fbjetc04#primaryimage"},"thumbnailUrl":"https:\/\/maison-chance.org\/shop\/wp-content\/uploads\/2024\/06\/tui-thoi-trang-FBJETC04.png","datePublished":"2024-06-17T23:32:09+00:00","dateModified":"2024-11-20T08:31:17+00:00","description":"Die FBJETC04 Mode-Tasche ist ein Symbol f\u00fcr die perfekte Verbindung von Stil und Praktikabilit\u00e4t mit ihrer schlanken rechteckigen Form","breadcrumb":{"@id":"https:\/\/maison-chance.org\/shop\/de\/produkt\/modetasche-fbjetc04#breadcrumb"},"inLanguage":"de","potentialAction":[{"@type":"ReadAction","target":["https:\/\/maison-chance.org\/shop\/de\/produkt\/modetasche-fbjetc04"]}]},{"@type":"ImageObject","inLanguage":"de","@id":"https:\/\/maison-chance.org\/shop\/de\/produkt\/modetasche-fbjetc04#primaryimage","url":"https:\/\/maison-chance.org\/shop\/wp-content\/uploads\/2024\/06\/tui-thoi-trang-FBJETC04.png","contentUrl":"https:\/\/maison-chance.org\/shop\/wp-content\/uploads\/2024\/06\/tui-thoi-trang-FBJETC04.png","width":600,"height":600,"caption":"Modetasche FBJETC04"},{"@type":"BreadcrumbList","@id":"https:\/\/maison-chance.org\/shop\/de\/produkt\/modetasche-fbjetc04#breadcrumb","itemListElement":[{"@type":"ListItem","position":1,"name":"Trang ch\u1ee7","item":"https:\/\/maison-chance.org\/shop\/de"},{"@type":"ListItem","position":2,"name":"Shop","item":"https:\/\/maison-chance.org\/shop\/shop"},{"@type":"ListItem","position":3,"name":"Modetasche FBJETC04"}]},{"@type":"WebSite","@id":"https:\/\/maison-chance.org\/shop\/de#website","url":"https:\/\/maison-chance.org\/shop\/de","name":"Nh\u00e0 May M\u1eafn - Maison Chance","description":"M\u1ecdi l\u1ee3i nhu\u1eadn thu v\u1ec1 t\u1eeb vi\u1ec7c b\u00e1n h\u00e0ng s\u1ebd tr\u00edch m\u1ed9t ph\u1ea7n \u0111\u1ec3 ch\u0103m lo cho \u0111\u1eddi s\u1ed1ng c\u00e1c b\u1ea1n khuy\u1ebft t\u1eadt v\u00e0 tr\u1ebb m\u1ed3 c\u00f4i \u1edf \u0111\u00e2y","publisher":{"@id":"https:\/\/maison-chance.org\/shop\/de#organization"},"potentialAction":[{"@type":"SearchAction","target":{"@type":"EntryPoint","urlTemplate":"https:\/\/maison-chance.org\/shop\/de?s={search_term_string}"},"query-input":{"@type":"PropertyValueSpecification","valueRequired":true,"valueName":"search_term_string"}}],"inLanguage":"de"},{"@type":"Organization","@id":"https:\/\/maison-chance.org\/shop\/de#organization","name":"Nh\u00e0 May M\u1eafn - Maison Chance","url":"https:\/\/maison-chance.org\/shop\/de","logo":{"@type":"ImageObject","inLanguage":"de","@id":"https:\/\/maison-chance.org\/shop\/de#\/schema\/logo\/image\/","url":"https:\/\/maison-chance.org\/shop\/wp-content\/uploads\/2024\/03\/cropped-Logo_DNXH.png","contentUrl":"https:\/\/maison-chance.org\/shop\/wp-content\/uploads\/2024\/03\/cropped-Logo_DNXH.png","width":512,"height":512,"caption":"Nh\u00e0 May M\u1eafn - Maison Chance"},"image":{"@id":"https:\/\/maison-chance.org\/shop\/de#\/schema\/logo\/image\/"},"sameAs":["https:\/\/www.facebook.com\/dnxh.nhamayman\/"]}]},"product_price_amount":"11.50","product_price_currency":"EUR","og_availability":"instock","product_availability":"instock","product_condition":"new"},"_links":{"self":[{"href":"https:\/\/maison-chance.org\/shop\/de\/wp-json\/wp\/v2\/product\/39869","targetHints":{"allow":["GET"]}}],"collection":[{"href":"https:\/\/maison-chance.org\/shop\/de\/wp-json\/wp\/v2\/product"}],"about":[{"href":"https:\/\/maison-chance.org\/shop\/de\/wp-json\/wp\/v2\/types\/product"}],"wp:featuredmedia":[{"embeddable":true,"href":"https:\/\/maison-chance.org\/shop\/de\/wp-json\/wp\/v2\/media\/39867"}],"wp:attachment":[{"href":"https:\/\/maison-chance.org\/shop\/de\/wp-json\/wp\/v2\/media?parent=39869"}],"wp:term":[{"taxonomy":"product_brand","embeddable":true,"href":"https:\/\/maison-chance.org\/shop\/de\/wp-json\/wp\/v2\/product_brand?post=39869"},{"taxonomy":"product_cat","embeddable":true,"href":"https:\/\/maison-chance.org\/shop\/de\/wp-json\/wp\/v2\/product_cat?post=39869"},{"taxonomy":"product_tag","embeddable":true,"href":"https:\/\/maison-chance.org\/shop\/de\/wp-json\/wp\/v2\/product_tag?post=39869"}],"curies":[{"name":"wp","href":"https:\/\/api.w.org\/{rel}","templated":true}]}}